{"id":18789,"date":"2022-10-04T07:25:48","date_gmt":"2022-10-04T07:25:48","guid":{"rendered":"https:\/\/www.azur-scenic.com\/produit\/toile-de-spi-fun\/"},"modified":"2023-08-02T12:55:06","modified_gmt":"2023-08-02T12:55:06","slug":"fun-ripstop-sail-cloth","status":"publish","type":"product","link":"https:\/\/www.azur-scenic.com\/en\/product\/fun-ripstop-sail-cloth\/","title":{"rendered":"Fun Ripstop Sail Cloth"},"content":{"rendered":"<table>\n<thead>\n<tr>\n<th style=\"width: 170px;\">Technical data<\/th>\n<th>Value<\/th>\n<th>Notes<\/th>\n<\/tr>\n<\/thead>\n<tbody>\n<tr>\n<td style=\"vertical-align: top;\">Width<\/td>\n<td style=\"vertical-align: top;\">160 cm<\/td>\n<td style=\"vertical-align: top;\">\u00a0<\/td>\n<\/tr>\n<tr>\n<td style=\"vertical-align: top;\">Weight<\/td>\n<td style=\"vertical-align: top;\">80 g\/m\u00b2<\/td>\n<td style=\"vertical-align: top;\">\u00a0<\/td>\n<\/tr>\n<tr>\n<td style=\"vertical-align: top;\">Thickness<\/td>\n<td style=\"vertical-align: top;\">0.08 mm<\/td>\n<td style=\"vertical-align: top;\">\u00a0<\/td>\n<\/tr>\n<tr>\n<td style=\"vertical-align: top;\">Flame-retardant rating<\/td>\n<td style=\"vertical-align: top;\"><img decoding=\"async\" style=\"height: 20px; width: 20px;\" src=\"https:\/\/www.azur-scenic.com\/wp-content\/uploads\/csm_icon-flag-france_3304e5e3f9.png\" \/> M1<\/td>\n<td style=\"vertical-align: top;\">\u00a0<\/td>\n<\/tr>\n<tr>\n<td style=\"vertical-align: top;\">Composition<\/td>\n<td style=\"vertical-align: top;\">100% FR Polyester<\/td>\n<td style=\"vertical-align: top;\">\u00a0<\/td>\n<\/tr>\n<tr>\n<td style=\"vertical-align: top;\">Roll length<\/td>\n<td style=\"vertical-align: top;\">100 m<br \/>\nRolled full-width<\/td>\n<td style=\"vertical-align: top;\">Cut-to-length possible<\/td>\n<\/tr>\n<tr>\n<td style=\"vertical-align: top;\">Split resistance<\/td>\n<td style=\"vertical-align: top;\">Warp: 66 daN\/5 cm<br \/>\nWeft: 58 daN\/5 cm<\/td>\n<td style=\"vertical-align: top;\">\u00a0<\/td>\n<\/tr>\n<tr>\n<td style=\"vertical-align: top;\">Breaking strain<\/td>\n<td style=\"vertical-align: top;\">Warp: 31%<br \/>\nWeft: 38%<\/td>\n<td style=\"vertical-align: top;\">\u00a0<\/td>\n<\/tr>\n<tr>\n<td style=\"vertical-align: top;\">Tear resistance<\/td>\n<td style=\"vertical-align: top;\">Warp: 1.12 daN\/5 cm<br \/>\nWeft: 1.05 daN\/5 cm<\/td>\n<td style=\"vertical-align: top;\">\u00a0<\/td>\n<\/tr>\n<tr>\n<td style=\"vertical-align: top;\">Air permeability<\/td>\n<td style=\"vertical-align: top;\">15 l\/m\u00b2\/sec<\/td>\n<td style=\"vertical-align: top;\">(&lt;100 Pa)<\/td>\n<\/tr>\n<tr>\n<td style=\"vertical-align: top;\">Calendering<\/td>\n<td style=\"vertical-align: top;\" colspan=\"2\" rowspan=\"1\">Calendering temperature: 185\u00b0C<br \/>\nCalendering time: 1 min<\/td>\n<\/tr>\n<\/tbody>\n<\/table>\n<p>\u00a0<\/p><\/p>\n","protected":false},"excerpt":{"rendered":"<p>A real essential, this translucent ripstop <span style=\"color: #f88523;\"><strong>sail cloth<\/strong><\/span> is available in an impressive range of<strong><span style=\"color: #f88523;\">bright colours<\/span><\/strong>. With <span style=\"color: #f88523;\"><strong>M1 flame-retardant<\/strong><\/span> rating, this fabric with a \u201ctracing paper\u201d effect features a<span style=\"color: #f88523;\"><strong>square weave<\/strong><\/span> in matching colour. One of its 2 faces is specially treated for <span style=\"color: #f88523;\"><strong>printing<\/strong><\/span>, offering a brighter finish than the other more matte face. Without printing it can be used identically on both sides.<br \/>\nTraditionally used for creating inflatable structures, this versatile material is also ideal for making <span style=\"color: #f88523;\"><strong>stage sets<\/strong><\/span>, decorative <strong><span style=\"color: #f88523;\">curtains<\/span><\/strong>, and for <span style=\"color: #f88523;\"><strong>dressing stands<\/strong><\/span> and other <span style=\"color: #f88523;\"><strong>structures<\/strong><\/span>&#8230;<br \/>\nIts translucent appearance makes an excellent light <span style=\"color: #f88523;\"><strong>diffuser<\/strong><\/span>, and it also makes a great way of <span style=\"color: #f88523;\"><strong>creating innovative projection <\/strong><\/span> and <span style=\"color: #f88523;\"><strong>rear-projection<\/strong><\/span> screens.<br \/>\n100% FR Polyester, this sail cloth is <span style=\"color: #f88523;\"><strong>washable<\/strong><\/span> and can therefore be used both <span style=\"color: #f88523;\"><strong>indoors<\/strong><\/span> and <span style=\"color: #f88523;\"><strong>outdoors<\/strong><\/span>.<\/p>\n<p><em>Our collection also features the Fun XL Ripstop Sail cloth in 310 cm and 505 cm widths and available in white.<\/em><\/p>\n<p>\u00a0<\/p>\n<table class=\"table\" style=\"background: #f7f7f7;\">\n<tbody>\n<tr>\n<td><strong>Width<\/strong>: 160 cm<\/td>\n<td><strong>Weight<\/strong>: 80 g\/m\u00b2<\/td>\n<\/tr>\n<tr>\n<td><strong>Flame-retardant rating<\/strong>: <img decoding=\"async\" style=\"height: 20px; width: 20px;\" src=\"https:\/\/www.azur-scenic.com\/wp-content\/uploads\/csm_icon-flag-france_3304e5e3f9.png\" \/> M1<\/td>\n<td style=\"vertical-align: top;\"><strong>Composition<\/strong>: 100% FR Polyester<\/td>\n<\/tr>\n<\/tbody>\n<\/table>\n","protected":false},"featured_media":15261,"template":"","meta":{"_acf_changed":false},"product_brand":[],"product_cat":[898,893,1334,1331],"product_tag":[],"class_list":{"0":"post-18789","1":"product","2":"type-product","3":"status-publish","4":"has-post-thumbnail","6":"product_cat-all-products","7":"product_cat-stage-and-events-material","8":"product_cat-voiles-lightweight-fabrics","9":"product_cat-extra-light-canvas","10":"pa_couleurs-002-en","11":"pa_couleurs-003-en","12":"pa_couleurs-150-en","13":"pa_couleurs-250-en","14":"pa_couleurs-340-en","15":"pa_couleurs-460-en","16":"pa_couleurs-625-en","17":"pa_couleurs-730-en","18":"pa_couleurs-765-en","19":"pa_groupes-de-couleurs-white","20":"pa_groupes-de-couleurs-blue","21":"pa_groupes-de-couleurs-greys","22":"pa_groupes-de-couleurs-yellow","23":"pa_groupes-de-couleurs-black","24":"pa_groupes-de-couleurs-orange","25":"pa_groupes-de-couleurs-red","26":"pa_groupes-de-couleurs-green","27":"pa_textiles-suitable-for-outdoors-use","28":"pa_textiles-flame-retardant-rated","29":"pa_textiles-printable","30":"pa_textiles-washable","31":"pa_textiles-front-projection","32":"pa_textiles-rear-projection","34":"first","35":"instock","36":"shipping-taxable","37":"purchasable","38":"product-type-variable"},"acf":[],"yoast_head":"<!-- This site is optimized with the Yoast SEO plugin v27.3 - https:\/\/yoast.com\/product\/yoast-seo-wordpress\/ -->\n<title>Fun Ripstop Sail Cloth - Azur Scenic<\/title>\n<meta name=\"robots\" content=\"index, follow, max-snippet:-1, max-image-preview:large, max-video-preview:-1\" \/>\n<link rel=\"canonical\" href=\"https:\/\/www.azur-scenic.com\/en\/product\/fun-ripstop-sail-cloth\/\" \/>\n<meta property=\"og:locale\" content=\"en_US\" \/>\n<meta property=\"og:type\" content=\"article\" \/>\n<meta property=\"og:title\" content=\"Fun Ripstop Sail Cloth - Azur Scenic\" \/>\n<meta property=\"og:description\" content=\"A real essential, this translucent ripstop sail cloth is available in an impressive range ofbright colours. With M1 flame-retardant rating, this fabric with a \u201ctracing paper\u201d effect features asquare weave in matching colour. One of its 2 faces is specially treated for printing, offering a brighter finish than the other more matte face. Without printing it can be used identically on both sides. Traditionally used for creating inflatable structures, this versatile material is also ideal for making stage sets, decorative curtains, and for dressing stands and other structures... Its translucent appearance makes an excellent light diffuser, and it also makes a great way of creating innovative projection and rear-projection screens. 100% FR Polyester, this sail cloth is washable and can therefore be used both indoors and outdoors. Our collection also features the Fun XL Ripstop Sail cloth in 310 cm and 505 cm widths and available in white. \u00a0  Width: 160 cm Weight: 80 g\/m\u00b2  Flame-retardant rating: M1 Composition: 100% FR Polyester\" \/>\n<meta property=\"og:url\" content=\"https:\/\/www.azur-scenic.com\/en\/product\/fun-ripstop-sail-cloth\/\" \/>\n<meta property=\"og:site_name\" content=\"Azur Scenic\" \/>\n<meta property=\"article:modified_time\" content=\"2023-08-02T12:55:06+00:00\" \/>\n<meta property=\"og:image\" content=\"https:\/\/www.azur-scenic.com\/wp-content\/uploads\/TOILE-DE-SPI-FUN-BLANC-scaled.jpg\" \/>\n\t<meta property=\"og:image:width\" content=\"2560\" \/>\n\t<meta property=\"og:image:height\" content=\"2560\" \/>\n\t<meta property=\"og:image:type\" content=\"image\/jpeg\" \/>\n<meta name=\"twitter:card\" content=\"summary_large_image\" \/>\n<script type=\"application\/ld+json\" class=\"yoast-schema-graph\">{\"@context\":\"https:\\\/\\\/schema.org\",\"@graph\":[{\"@type\":\"WebPage\",\"@id\":\"https:\\\/\\\/www.azur-scenic.com\\\/en\\\/product\\\/fun-ripstop-sail-cloth\\\/\",\"url\":\"https:\\\/\\\/www.azur-scenic.com\\\/en\\\/product\\\/fun-ripstop-sail-cloth\\\/\",\"name\":\"Fun Ripstop Sail Cloth - Azur Scenic\",\"isPartOf\":{\"@id\":\"https:\\\/\\\/www.azur-scenic.com\\\/en\\\/#website\"},\"primaryImageOfPage\":{\"@id\":\"https:\\\/\\\/www.azur-scenic.com\\\/en\\\/product\\\/fun-ripstop-sail-cloth\\\/#primaryimage\"},\"image\":{\"@id\":\"https:\\\/\\\/www.azur-scenic.com\\\/en\\\/product\\\/fun-ripstop-sail-cloth\\\/#primaryimage\"},\"thumbnailUrl\":\"https:\\\/\\\/www.azur-scenic.com\\\/wp-content\\\/uploads\\\/TOILE-DE-SPI-FUN-BLANC-scaled.jpg\",\"datePublished\":\"2022-10-04T07:25:48+00:00\",\"dateModified\":\"2023-08-02T12:55:06+00:00\",\"breadcrumb\":{\"@id\":\"https:\\\/\\\/www.azur-scenic.com\\\/en\\\/product\\\/fun-ripstop-sail-cloth\\\/#breadcrumb\"},\"inLanguage\":\"en-US\",\"potentialAction\":[{\"@type\":\"ReadAction\",\"target\":[\"https:\\\/\\\/www.azur-scenic.com\\\/en\\\/product\\\/fun-ripstop-sail-cloth\\\/\"]}]},{\"@type\":\"ImageObject\",\"inLanguage\":\"en-US\",\"@id\":\"https:\\\/\\\/www.azur-scenic.com\\\/en\\\/product\\\/fun-ripstop-sail-cloth\\\/#primaryimage\",\"url\":\"https:\\\/\\\/www.azur-scenic.com\\\/wp-content\\\/uploads\\\/TOILE-DE-SPI-FUN-BLANC-scaled.jpg\",\"contentUrl\":\"https:\\\/\\\/www.azur-scenic.com\\\/wp-content\\\/uploads\\\/TOILE-DE-SPI-FUN-BLANC-scaled.jpg\",\"width\":2560,\"height\":2560,\"caption\":\"TOILE DE SPI FUN BLANC\"},{\"@type\":\"BreadcrumbList\",\"@id\":\"https:\\\/\\\/www.azur-scenic.com\\\/en\\\/product\\\/fun-ripstop-sail-cloth\\\/#breadcrumb\",\"itemListElement\":[{\"@type\":\"ListItem\",\"position\":1,\"name\":\"Accueil\",\"item\":\"https:\\\/\\\/www.azur-scenic.com\\\/en\\\/\"},{\"@type\":\"ListItem\",\"position\":2,\"name\":\"Produits\",\"item\":\"https:\\\/\\\/www.azur-scenic.com\\\/en\\\/?page_id=21438\"},{\"@type\":\"ListItem\",\"position\":3,\"name\":\"Fun Ripstop Sail Cloth\"}]},{\"@type\":\"WebSite\",\"@id\":\"https:\\\/\\\/www.azur-scenic.com\\\/en\\\/#website\",\"url\":\"https:\\\/\\\/www.azur-scenic.com\\\/en\\\/\",\"name\":\"Azur Scenic\",\"description\":\"Sp\u00e9cialiste de l\u2019\u00e9quipement sc\u00e9nique et de la d\u00e9coration int\u00e9rieure et \u00e9v\u00e9nementielle !\",\"publisher\":{\"@id\":\"https:\\\/\\\/www.azur-scenic.com\\\/en\\\/#organization\"},\"potentialAction\":[{\"@type\":\"SearchAction\",\"target\":{\"@type\":\"EntryPoint\",\"urlTemplate\":\"https:\\\/\\\/www.azur-scenic.com\\\/en\\\/?s={search_term_string}\"},\"query-input\":{\"@type\":\"PropertyValueSpecification\",\"valueRequired\":true,\"valueName\":\"search_term_string\"}}],\"inLanguage\":\"en-US\"},{\"@type\":\"Organization\",\"@id\":\"https:\\\/\\\/www.azur-scenic.com\\\/en\\\/#organization\",\"name\":\"AZUR SCENIC\",\"url\":\"https:\\\/\\\/www.azur-scenic.com\\\/en\\\/\",\"logo\":{\"@type\":\"ImageObject\",\"inLanguage\":\"en-US\",\"@id\":\"https:\\\/\\\/www.azur-scenic.com\\\/en\\\/#\\\/schema\\\/logo\\\/image\\\/\",\"url\":\"https:\\\/\\\/www.azur-scenic.com\\\/wp-content\\\/uploads\\\/2022\\\/09\\\/LOGO-AZUR-SCENIC-Fusion-web-236x64-1.jpg\",\"contentUrl\":\"https:\\\/\\\/www.azur-scenic.com\\\/wp-content\\\/uploads\\\/2022\\\/09\\\/LOGO-AZUR-SCENIC-Fusion-web-236x64-1.jpg\",\"width\":236,\"height\":64,\"caption\":\"AZUR SCENIC\"},\"image\":{\"@id\":\"https:\\\/\\\/www.azur-scenic.com\\\/en\\\/#\\\/schema\\\/logo\\\/image\\\/\"},\"sameAs\":[\"https:\\\/\\\/www.youtube.com\\\/channel\\\/UCPWM2mGPVUt4nYhNlm71WOA\",\"https:\\\/\\\/www.linkedin.com\\\/company\\\/33237605\\\/admin\\\/feed\\\/posts\\\/\"]}]}<\/script>\n<!-- \/ Yoast SEO plugin. -->","yoast_head_json":{"title":"Fun Ripstop Sail Cloth - Azur Scenic","robots":{"index":"index","follow":"follow","max-snippet":"max-snippet:-1","max-image-preview":"max-image-preview:large","max-video-preview":"max-video-preview:-1"},"canonical":"https:\/\/www.azur-scenic.com\/en\/product\/fun-ripstop-sail-cloth\/","og_locale":"en_US","og_type":"article","og_title":"Fun Ripstop Sail Cloth - Azur Scenic","og_description":"A real essential, this translucent ripstop sail cloth is available in an impressive range ofbright colours. With M1 flame-retardant rating, this fabric with a \u201ctracing paper\u201d effect features asquare weave in matching colour. One of its 2 faces is specially treated for printing, offering a brighter finish than the other more matte face. Without printing it can be used identically on both sides. Traditionally used for creating inflatable structures, this versatile material is also ideal for making stage sets, decorative curtains, and for dressing stands and other structures... Its translucent appearance makes an excellent light diffuser, and it also makes a great way of creating innovative projection and rear-projection screens. 100% FR Polyester, this sail cloth is washable and can therefore be used both indoors and outdoors. Our collection also features the Fun XL Ripstop Sail cloth in 310 cm and 505 cm widths and available in white. \u00a0  Width: 160 cm Weight: 80 g\/m\u00b2  Flame-retardant rating: M1 Composition: 100% FR Polyester","og_url":"https:\/\/www.azur-scenic.com\/en\/product\/fun-ripstop-sail-cloth\/","og_site_name":"Azur Scenic","article_modified_time":"2023-08-02T12:55:06+00:00","og_image":[{"width":2560,"height":2560,"url":"https:\/\/www.azur-scenic.com\/wp-content\/uploads\/TOILE-DE-SPI-FUN-BLANC-scaled.jpg","type":"image\/jpeg"}],"twitter_card":"summary_large_image","schema":{"@context":"https:\/\/schema.org","@graph":[{"@type":"WebPage","@id":"https:\/\/www.azur-scenic.com\/en\/product\/fun-ripstop-sail-cloth\/","url":"https:\/\/www.azur-scenic.com\/en\/product\/fun-ripstop-sail-cloth\/","name":"Fun Ripstop Sail Cloth - Azur Scenic","isPartOf":{"@id":"https:\/\/www.azur-scenic.com\/en\/#website"},"primaryImageOfPage":{"@id":"https:\/\/www.azur-scenic.com\/en\/product\/fun-ripstop-sail-cloth\/#primaryimage"},"image":{"@id":"https:\/\/www.azur-scenic.com\/en\/product\/fun-ripstop-sail-cloth\/#primaryimage"},"thumbnailUrl":"https:\/\/www.azur-scenic.com\/wp-content\/uploads\/TOILE-DE-SPI-FUN-BLANC-scaled.jpg","datePublished":"2022-10-04T07:25:48+00:00","dateModified":"2023-08-02T12:55:06+00:00","breadcrumb":{"@id":"https:\/\/www.azur-scenic.com\/en\/product\/fun-ripstop-sail-cloth\/#breadcrumb"},"inLanguage":"en-US","potentialAction":[{"@type":"ReadAction","target":["https:\/\/www.azur-scenic.com\/en\/product\/fun-ripstop-sail-cloth\/"]}]},{"@type":"ImageObject","inLanguage":"en-US","@id":"https:\/\/www.azur-scenic.com\/en\/product\/fun-ripstop-sail-cloth\/#primaryimage","url":"https:\/\/www.azur-scenic.com\/wp-content\/uploads\/TOILE-DE-SPI-FUN-BLANC-scaled.jpg","contentUrl":"https:\/\/www.azur-scenic.com\/wp-content\/uploads\/TOILE-DE-SPI-FUN-BLANC-scaled.jpg","width":2560,"height":2560,"caption":"TOILE DE SPI FUN BLANC"},{"@type":"BreadcrumbList","@id":"https:\/\/www.azur-scenic.com\/en\/product\/fun-ripstop-sail-cloth\/#breadcrumb","itemListElement":[{"@type":"ListItem","position":1,"name":"Accueil","item":"https:\/\/www.azur-scenic.com\/en\/"},{"@type":"ListItem","position":2,"name":"Produits","item":"https:\/\/www.azur-scenic.com\/en\/?page_id=21438"},{"@type":"ListItem","position":3,"name":"Fun Ripstop Sail Cloth"}]},{"@type":"WebSite","@id":"https:\/\/www.azur-scenic.com\/en\/#website","url":"https:\/\/www.azur-scenic.com\/en\/","name":"Azur Scenic","description":"Sp\u00e9cialiste de l\u2019\u00e9quipement sc\u00e9nique et de la d\u00e9coration int\u00e9rieure et \u00e9v\u00e9nementielle !","publisher":{"@id":"https:\/\/www.azur-scenic.com\/en\/#organization"},"potentialAction":[{"@type":"SearchAction","target":{"@type":"EntryPoint","urlTemplate":"https:\/\/www.azur-scenic.com\/en\/?s={search_term_string}"},"query-input":{"@type":"PropertyValueSpecification","valueRequired":true,"valueName":"search_term_string"}}],"inLanguage":"en-US"},{"@type":"Organization","@id":"https:\/\/www.azur-scenic.com\/en\/#organization","name":"AZUR SCENIC","url":"https:\/\/www.azur-scenic.com\/en\/","logo":{"@type":"ImageObject","inLanguage":"en-US","@id":"https:\/\/www.azur-scenic.com\/en\/#\/schema\/logo\/image\/","url":"https:\/\/www.azur-scenic.com\/wp-content\/uploads\/2022\/09\/LOGO-AZUR-SCENIC-Fusion-web-236x64-1.jpg","contentUrl":"https:\/\/www.azur-scenic.com\/wp-content\/uploads\/2022\/09\/LOGO-AZUR-SCENIC-Fusion-web-236x64-1.jpg","width":236,"height":64,"caption":"AZUR SCENIC"},"image":{"@id":"https:\/\/www.azur-scenic.com\/en\/#\/schema\/logo\/image\/"},"sameAs":["https:\/\/www.youtube.com\/channel\/UCPWM2mGPVUt4nYhNlm71WOA","https:\/\/www.linkedin.com\/company\/33237605\/admin\/feed\/posts\/"]}]}},"_links":{"self":[{"href":"https:\/\/www.azur-scenic.com\/en\/wp-json\/wp\/v2\/product\/18789","targetHints":{"allow":["GET"]}}],"collection":[{"href":"https:\/\/www.azur-scenic.com\/en\/wp-json\/wp\/v2\/product"}],"about":[{"href":"https:\/\/www.azur-scenic.com\/en\/wp-json\/wp\/v2\/types\/product"}],"wp:featuredmedia":[{"embeddable":true,"href":"https:\/\/www.azur-scenic.com\/en\/wp-json\/wp\/v2\/media\/15261"}],"wp:attachment":[{"href":"https:\/\/www.azur-scenic.com\/en\/wp-json\/wp\/v2\/media?parent=18789"}],"wp:term":[{"taxonomy":"product_brand","embeddable":true,"href":"https:\/\/www.azur-scenic.com\/en\/wp-json\/wp\/v2\/product_brand?post=18789"},{"taxonomy":"product_cat","embeddable":true,"href":"https:\/\/www.azur-scenic.com\/en\/wp-json\/wp\/v2\/product_cat?post=18789"},{"taxonomy":"product_tag","embeddable":true,"href":"https:\/\/www.azur-scenic.com\/en\/wp-json\/wp\/v2\/product_tag?post=18789"}],"curies":[{"name":"wp","href":"https:\/\/api.w.org\/{rel}","templated":true}]}}