{"id":18811,"date":"2022-10-04T07:25:45","date_gmt":"2022-10-04T07:25:45","guid":{"rendered":"https:\/\/www.azur-scenic.com\/produit\/scratch-paper\/"},"modified":"2023-08-02T12:55:09","modified_gmt":"2023-08-02T12:55:09","slug":"scratch-paper","status":"publish","type":"product","link":"https:\/\/www.azur-scenic.com\/en\/product\/scratch-paper\/","title":{"rendered":"Scratch Paper"},"content":{"rendered":"<table>\n<thead>\n<tr>\n<th style=\"width: 170px;\">Technical data<\/th>\n<th style=\"width: 123px;\">Value<\/th>\n<th style=\"width: 236px;\">Notes<\/th>\n<\/tr>\n<\/thead>\n<tbody>\n<tr>\n<td style=\"vertical-align: top;\">Width<\/td>\n<td style=\"vertical-align: top; width: 123px;\">310 cm<\/td>\n<td style=\"vertical-align: top; width: 236px;\">\u00a0<\/td>\n<\/tr>\n<tr>\n<td style=\"vertical-align: top;\">Weight<\/td>\n<td style=\"vertical-align: top; width: 123px;\">170 g\/m\u00b2<\/td>\n<td style=\"vertical-align: top; width: 236px;\">\u00a0<\/td>\n<\/tr>\n<tr>\n<td style=\"vertical-align: top;\">Thickness<\/td>\n<td style=\"vertical-align: top; width: 123px;\">0.55\u00a0mm<\/td>\n<td style=\"vertical-align: top; width: 236px;\">\u00a0<\/td>\n<\/tr>\n<tr>\n<td style=\"vertical-align: top;\">Flame-retardant rating<\/td>\n<td style=\"vertical-align: top; width: 123px;\"><img decoding=\"async\" style=\"height: 20px; width: 20px;\" src=\"https:\/\/www.azur-scenic.com\/wp-content\/uploads\/icon-flag-allemagne.png\" \/> B1<\/td>\n<td style=\"vertical-align: top; width: 236px;\">\u00a0<\/td>\n<\/tr>\n<tr>\n<td style=\"vertical-align: top;\">Composition<\/td>\n<td style=\"vertical-align: top; width: 123px;\">100% Polyester + acrylic treatment<\/td>\n<td style=\"vertical-align: top; width: 236px;\">\u00a0<\/td>\n<\/tr>\n<tr>\n<td style=\"vertical-align: top;\">Roll length<\/td>\n<td style=\"vertical-align: top; width: 123px;\">50 m<br \/>\nRolled full-width<\/td>\n<td style=\"vertical-align: top; width: 236px;\">Cut-to-length possible<\/td>\n<\/tr>\n<tr>\n<td style=\"vertical-align: top;\">Tensile strength<\/td>\n<td style=\"vertical-align: top; width: 123px;\">Warp: 11 daN<br \/>\nWeft: 21 daN<\/td>\n<td style=\"vertical-align: top; width: 236px;\">Standard: ISO 13934-1<\/td>\n<\/tr>\n<tr>\n<td style=\"vertical-align: top;\">Tear resistance<br \/>\nongoing<\/td>\n<td style=\"vertical-align: top; width: 123px;\">Warp: 21 N<br \/>\nWeft: 16 N<\/td>\n<td style=\"vertical-align: top; width: 236px;\">Standard: ISO 13937-2<\/td>\n<\/tr>\n<tr>\n<td style=\"vertical-align: top;\">Tearing of eyelets<\/td>\n<td style=\"vertical-align: top; width: 123px;\">Warp: 62 N<br \/>\nWeft: 85 N<\/td>\n<td style=\"vertical-align: top; width: 236px;\">\u00a0<\/td>\n<\/tr>\n<\/tbody>\n<\/table>\n<p>\u00a0<\/p><\/p>\n","protected":false},"excerpt":{"rendered":"<p>A<span style=\"color: #f88523;\"><strong>super-resistant double-faced material with paper effect finish<\/strong><\/span> and flame-retardant rating <span style=\"color: #f88523;\"><strong>B1<\/strong><\/span>, offering surprising properties!<br \/>\nThe first side has a <span style=\"color: #f88523;\"><strong>quilted<\/strong><\/span> effect with an appearance similar to <span style=\"color: #f88523;\"><strong>crepe paper<\/strong><\/span>. Use it as a fabric by leaving this side showing for <span style=\"color: #f88523;\"><strong>decorative<\/strong><\/span> use. But this side also has the ability to <span style=\"color: #f88523;\"><strong>stick<\/strong><\/span> naturally to <span style=\"color: #f88523;\"><strong>Velcro\u00ae strips<\/strong><\/span> allowing you to install it easily on a number of surfaces.<br \/>\nThe second treated side is <span style=\"color: #f88523;\"><strong>printable<\/strong><\/span> (UV, Solvents, environmentally-friendly solvents) and can also be used a surface for <span style=\"color: #f88523;\"><strong>paint<\/strong><\/span>.<br \/>\nOur versatile Scratch Paper is perfect for <span style=\"color: #f88523;\"><strong>dressing stands<\/strong><\/span>, making <span style=\"color: #f88523;\"><strong>painted <\/strong><\/span> and <span style=\"color: #f88523;\"><strong>printed panels<\/strong><\/span>, making <strong><span style=\"color: #f88523;\">Japanese screens<\/span><\/strong>&#8230; and even for an original screen for <span style=\"color: #f88523;\"><strong>projection<\/strong><\/span>.<br \/>\nThis 100% polyester fabric is suitable for both interior and <strong><span style=\"color: #f88523;\">exterior<\/span><\/strong> use.<\/p>\n<table class=\"table\" style=\"background: #f7f7f7;\">\n<tbody>\n<tr>\n<td><strong>Width<\/strong>: 310 cm<\/td>\n<td><strong>Weight<\/strong>: 170 g\/m\u00b2<\/td>\n<\/tr>\n<tr>\n<td><strong>Flame-retardant rating<\/strong>: <img decoding=\"async\" style=\"height: 20px; width: 20px;\" src=\"https:\/\/www.azur-scenic.com\/wp-content\/uploads\/icon-flag-allemagne.png\" \/> B1<\/td>\n<td style=\"vertical-align: top;\"><strong>Composition<\/strong>: 100% Polyester + acrylic treatment<\/td>\n<\/tr>\n<\/tbody>\n<\/table>\n","protected":false},"featured_media":13945,"template":"","meta":{"_acf_changed":false},"product_brand":[],"product_cat":[898,893,1332,1333,981,982],"product_tag":[],"class_list":{"0":"post-18811","1":"product","2":"type-product","3":"status-publish","4":"has-post-thumbnail","6":"product_cat-all-products","7":"product_cat-stage-and-events-material","8":"product_cat-paintable-canvases-keyed-tv-cloths","9":"product_cat-paintable-canvases","10":"product_cat-decorative-fabrics","11":"product_cat-canvas-brushed-finishes","12":"pa_couleurs-002-en","13":"pa_groupes-de-couleurs-white","14":"pa_textiles-suitable-for-outdoors-use","15":"pa_textiles-flame-retardant-rated","16":"pa_textiles-printable","17":"pa_textiles-front-projection","19":"first","20":"instock","21":"shipping-taxable","22":"purchasable","23":"product-type-simple"},"acf":[],"yoast_head":"<!-- This site is optimized with the Yoast SEO plugin v27.3 - https:\/\/yoast.com\/product\/yoast-seo-wordpress\/ -->\n<title>Scratch Paper - Azur Scenic<\/title>\n<meta name=\"robots\" content=\"index, follow, max-snippet:-1, max-image-preview:large, max-video-preview:-1\" \/>\n<link rel=\"canonical\" href=\"https:\/\/www.azur-scenic.com\/en\/product\/scratch-paper\/\" \/>\n<meta property=\"og:locale\" content=\"en_US\" \/>\n<meta property=\"og:type\" content=\"article\" \/>\n<meta property=\"og:title\" content=\"Scratch Paper - Azur Scenic\" \/>\n<meta property=\"og:description\" content=\"Asuper-resistant double-faced material with paper effect finish and flame-retardant rating B1, offering surprising properties! The first side has a quilted effect with an appearance similar to crepe paper. Use it as a fabric by leaving this side showing for decorative use. But this side also has the ability to stick naturally to Velcro\u00ae strips allowing you to install it easily on a number of surfaces. The second treated side is printable (UV, Solvents, environmentally-friendly solvents) and can also be used a surface for paint. Our versatile Scratch Paper is perfect for dressing stands, making painted and printed panels, making Japanese screens... and even for an original screen for projection. This 100% polyester fabric is suitable for both interior and exterior use.  Width: 310 cm Weight: 170 g\/m\u00b2  Flame-retardant rating: B1 Composition: 100% Polyester + acrylic treatment\" \/>\n<meta property=\"og:url\" content=\"https:\/\/www.azur-scenic.com\/en\/product\/scratch-paper\/\" \/>\n<meta property=\"og:site_name\" content=\"Azur Scenic\" \/>\n<meta property=\"article:modified_time\" content=\"2023-08-02T12:55:09+00:00\" \/>\n<meta property=\"og:image\" content=\"https:\/\/www.azur-scenic.com\/wp-content\/uploads\/SCRATCH-PAPER-scaled.jpg\" \/>\n\t<meta property=\"og:image:width\" content=\"2560\" \/>\n\t<meta property=\"og:image:height\" content=\"2560\" \/>\n\t<meta property=\"og:image:type\" content=\"image\/jpeg\" \/>\n<meta name=\"twitter:card\" content=\"summary_large_image\" \/>\n<script type=\"application\/ld+json\" class=\"yoast-schema-graph\">{\"@context\":\"https:\\\/\\\/schema.org\",\"@graph\":[{\"@type\":\"WebPage\",\"@id\":\"https:\\\/\\\/www.azur-scenic.com\\\/en\\\/product\\\/scratch-paper\\\/\",\"url\":\"https:\\\/\\\/www.azur-scenic.com\\\/en\\\/product\\\/scratch-paper\\\/\",\"name\":\"Scratch Paper - Azur Scenic\",\"isPartOf\":{\"@id\":\"https:\\\/\\\/www.azur-scenic.com\\\/en\\\/#website\"},\"primaryImageOfPage\":{\"@id\":\"https:\\\/\\\/www.azur-scenic.com\\\/en\\\/product\\\/scratch-paper\\\/#primaryimage\"},\"image\":{\"@id\":\"https:\\\/\\\/www.azur-scenic.com\\\/en\\\/product\\\/scratch-paper\\\/#primaryimage\"},\"thumbnailUrl\":\"https:\\\/\\\/www.azur-scenic.com\\\/wp-content\\\/uploads\\\/SCRATCH-PAPER-scaled.jpg\",\"datePublished\":\"2022-10-04T07:25:45+00:00\",\"dateModified\":\"2023-08-02T12:55:09+00:00\",\"breadcrumb\":{\"@id\":\"https:\\\/\\\/www.azur-scenic.com\\\/en\\\/product\\\/scratch-paper\\\/#breadcrumb\"},\"inLanguage\":\"en-US\",\"potentialAction\":[{\"@type\":\"ReadAction\",\"target\":[\"https:\\\/\\\/www.azur-scenic.com\\\/en\\\/product\\\/scratch-paper\\\/\"]}]},{\"@type\":\"ImageObject\",\"inLanguage\":\"en-US\",\"@id\":\"https:\\\/\\\/www.azur-scenic.com\\\/en\\\/product\\\/scratch-paper\\\/#primaryimage\",\"url\":\"https:\\\/\\\/www.azur-scenic.com\\\/wp-content\\\/uploads\\\/SCRATCH-PAPER-scaled.jpg\",\"contentUrl\":\"https:\\\/\\\/www.azur-scenic.com\\\/wp-content\\\/uploads\\\/SCRATCH-PAPER-scaled.jpg\",\"width\":2560,\"height\":2560,\"caption\":\"SCRATCH PAPER\"},{\"@type\":\"BreadcrumbList\",\"@id\":\"https:\\\/\\\/www.azur-scenic.com\\\/en\\\/product\\\/scratch-paper\\\/#breadcrumb\",\"itemListElement\":[{\"@type\":\"ListItem\",\"position\":1,\"name\":\"Accueil\",\"item\":\"https:\\\/\\\/www.azur-scenic.com\\\/en\\\/\"},{\"@type\":\"ListItem\",\"position\":2,\"name\":\"Produits\",\"item\":\"https:\\\/\\\/www.azur-scenic.com\\\/en\\\/?page_id=21438\"},{\"@type\":\"ListItem\",\"position\":3,\"name\":\"Scratch Paper\"}]},{\"@type\":\"WebSite\",\"@id\":\"https:\\\/\\\/www.azur-scenic.com\\\/en\\\/#website\",\"url\":\"https:\\\/\\\/www.azur-scenic.com\\\/en\\\/\",\"name\":\"Azur Scenic\",\"description\":\"Sp\u00e9cialiste de l\u2019\u00e9quipement sc\u00e9nique et de la d\u00e9coration int\u00e9rieure et \u00e9v\u00e9nementielle !\",\"publisher\":{\"@id\":\"https:\\\/\\\/www.azur-scenic.com\\\/en\\\/#organization\"},\"potentialAction\":[{\"@type\":\"SearchAction\",\"target\":{\"@type\":\"EntryPoint\",\"urlTemplate\":\"https:\\\/\\\/www.azur-scenic.com\\\/en\\\/?s={search_term_string}\"},\"query-input\":{\"@type\":\"PropertyValueSpecification\",\"valueRequired\":true,\"valueName\":\"search_term_string\"}}],\"inLanguage\":\"en-US\"},{\"@type\":\"Organization\",\"@id\":\"https:\\\/\\\/www.azur-scenic.com\\\/en\\\/#organization\",\"name\":\"AZUR SCENIC\",\"url\":\"https:\\\/\\\/www.azur-scenic.com\\\/en\\\/\",\"logo\":{\"@type\":\"ImageObject\",\"inLanguage\":\"en-US\",\"@id\":\"https:\\\/\\\/www.azur-scenic.com\\\/en\\\/#\\\/schema\\\/logo\\\/image\\\/\",\"url\":\"https:\\\/\\\/www.azur-scenic.com\\\/wp-content\\\/uploads\\\/2022\\\/09\\\/LOGO-AZUR-SCENIC-Fusion-web-236x64-1.jpg\",\"contentUrl\":\"https:\\\/\\\/www.azur-scenic.com\\\/wp-content\\\/uploads\\\/2022\\\/09\\\/LOGO-AZUR-SCENIC-Fusion-web-236x64-1.jpg\",\"width\":236,\"height\":64,\"caption\":\"AZUR SCENIC\"},\"image\":{\"@id\":\"https:\\\/\\\/www.azur-scenic.com\\\/en\\\/#\\\/schema\\\/logo\\\/image\\\/\"},\"sameAs\":[\"https:\\\/\\\/www.youtube.com\\\/channel\\\/UCPWM2mGPVUt4nYhNlm71WOA\",\"https:\\\/\\\/www.linkedin.com\\\/company\\\/33237605\\\/admin\\\/feed\\\/posts\\\/\"]}]}<\/script>\n<!-- \/ Yoast SEO plugin. -->","yoast_head_json":{"title":"Scratch Paper - Azur Scenic","robots":{"index":"index","follow":"follow","max-snippet":"max-snippet:-1","max-image-preview":"max-image-preview:large","max-video-preview":"max-video-preview:-1"},"canonical":"https:\/\/www.azur-scenic.com\/en\/product\/scratch-paper\/","og_locale":"en_US","og_type":"article","og_title":"Scratch Paper - Azur Scenic","og_description":"Asuper-resistant double-faced material with paper effect finish and flame-retardant rating B1, offering surprising properties! The first side has a quilted effect with an appearance similar to crepe paper. Use it as a fabric by leaving this side showing for decorative use. But this side also has the ability to stick naturally to Velcro\u00ae strips allowing you to install it easily on a number of surfaces. The second treated side is printable (UV, Solvents, environmentally-friendly solvents) and can also be used a surface for paint. Our versatile Scratch Paper is perfect for dressing stands, making painted and printed panels, making Japanese screens... and even for an original screen for projection. This 100% polyester fabric is suitable for both interior and exterior use.  Width: 310 cm Weight: 170 g\/m\u00b2  Flame-retardant rating: B1 Composition: 100% Polyester + acrylic treatment","og_url":"https:\/\/www.azur-scenic.com\/en\/product\/scratch-paper\/","og_site_name":"Azur Scenic","article_modified_time":"2023-08-02T12:55:09+00:00","og_image":[{"width":2560,"height":2560,"url":"https:\/\/www.azur-scenic.com\/wp-content\/uploads\/SCRATCH-PAPER-scaled.jpg","type":"image\/jpeg"}],"twitter_card":"summary_large_image","schema":{"@context":"https:\/\/schema.org","@graph":[{"@type":"WebPage","@id":"https:\/\/www.azur-scenic.com\/en\/product\/scratch-paper\/","url":"https:\/\/www.azur-scenic.com\/en\/product\/scratch-paper\/","name":"Scratch Paper - Azur Scenic","isPartOf":{"@id":"https:\/\/www.azur-scenic.com\/en\/#website"},"primaryImageOfPage":{"@id":"https:\/\/www.azur-scenic.com\/en\/product\/scratch-paper\/#primaryimage"},"image":{"@id":"https:\/\/www.azur-scenic.com\/en\/product\/scratch-paper\/#primaryimage"},"thumbnailUrl":"https:\/\/www.azur-scenic.com\/wp-content\/uploads\/SCRATCH-PAPER-scaled.jpg","datePublished":"2022-10-04T07:25:45+00:00","dateModified":"2023-08-02T12:55:09+00:00","breadcrumb":{"@id":"https:\/\/www.azur-scenic.com\/en\/product\/scratch-paper\/#breadcrumb"},"inLanguage":"en-US","potentialAction":[{"@type":"ReadAction","target":["https:\/\/www.azur-scenic.com\/en\/product\/scratch-paper\/"]}]},{"@type":"ImageObject","inLanguage":"en-US","@id":"https:\/\/www.azur-scenic.com\/en\/product\/scratch-paper\/#primaryimage","url":"https:\/\/www.azur-scenic.com\/wp-content\/uploads\/SCRATCH-PAPER-scaled.jpg","contentUrl":"https:\/\/www.azur-scenic.com\/wp-content\/uploads\/SCRATCH-PAPER-scaled.jpg","width":2560,"height":2560,"caption":"SCRATCH PAPER"},{"@type":"BreadcrumbList","@id":"https:\/\/www.azur-scenic.com\/en\/product\/scratch-paper\/#breadcrumb","itemListElement":[{"@type":"ListItem","position":1,"name":"Accueil","item":"https:\/\/www.azur-scenic.com\/en\/"},{"@type":"ListItem","position":2,"name":"Produits","item":"https:\/\/www.azur-scenic.com\/en\/?page_id=21438"},{"@type":"ListItem","position":3,"name":"Scratch Paper"}]},{"@type":"WebSite","@id":"https:\/\/www.azur-scenic.com\/en\/#website","url":"https:\/\/www.azur-scenic.com\/en\/","name":"Azur Scenic","description":"Sp\u00e9cialiste de l\u2019\u00e9quipement sc\u00e9nique et de la d\u00e9coration int\u00e9rieure et \u00e9v\u00e9nementielle !","publisher":{"@id":"https:\/\/www.azur-scenic.com\/en\/#organization"},"potentialAction":[{"@type":"SearchAction","target":{"@type":"EntryPoint","urlTemplate":"https:\/\/www.azur-scenic.com\/en\/?s={search_term_string}"},"query-input":{"@type":"PropertyValueSpecification","valueRequired":true,"valueName":"search_term_string"}}],"inLanguage":"en-US"},{"@type":"Organization","@id":"https:\/\/www.azur-scenic.com\/en\/#organization","name":"AZUR SCENIC","url":"https:\/\/www.azur-scenic.com\/en\/","logo":{"@type":"ImageObject","inLanguage":"en-US","@id":"https:\/\/www.azur-scenic.com\/en\/#\/schema\/logo\/image\/","url":"https:\/\/www.azur-scenic.com\/wp-content\/uploads\/2022\/09\/LOGO-AZUR-SCENIC-Fusion-web-236x64-1.jpg","contentUrl":"https:\/\/www.azur-scenic.com\/wp-content\/uploads\/2022\/09\/LOGO-AZUR-SCENIC-Fusion-web-236x64-1.jpg","width":236,"height":64,"caption":"AZUR SCENIC"},"image":{"@id":"https:\/\/www.azur-scenic.com\/en\/#\/schema\/logo\/image\/"},"sameAs":["https:\/\/www.youtube.com\/channel\/UCPWM2mGPVUt4nYhNlm71WOA","https:\/\/www.linkedin.com\/company\/33237605\/admin\/feed\/posts\/"]}]}},"_links":{"self":[{"href":"https:\/\/www.azur-scenic.com\/en\/wp-json\/wp\/v2\/product\/18811","targetHints":{"allow":["GET"]}}],"collection":[{"href":"https:\/\/www.azur-scenic.com\/en\/wp-json\/wp\/v2\/product"}],"about":[{"href":"https:\/\/www.azur-scenic.com\/en\/wp-json\/wp\/v2\/types\/product"}],"wp:featuredmedia":[{"embeddable":true,"href":"https:\/\/www.azur-scenic.com\/en\/wp-json\/wp\/v2\/media\/13945"}],"wp:attachment":[{"href":"https:\/\/www.azur-scenic.com\/en\/wp-json\/wp\/v2\/media?parent=18811"}],"wp:term":[{"taxonomy":"product_brand","embeddable":true,"href":"https:\/\/www.azur-scenic.com\/en\/wp-json\/wp\/v2\/product_brand?post=18811"},{"taxonomy":"product_cat","embeddable":true,"href":"https:\/\/www.azur-scenic.com\/en\/wp-json\/wp\/v2\/product_cat?post=18811"},{"taxonomy":"product_tag","embeddable":true,"href":"https:\/\/www.azur-scenic.com\/en\/wp-json\/wp\/v2\/product_tag?post=18811"}],"curies":[{"name":"wp","href":"https:\/\/api.w.org\/{rel}","templated":true}]}}