{"id":18826,"date":"2022-10-04T07:25:43","date_gmt":"2022-10-04T07:25:43","guid":{"rendered":"https:\/\/www.azur-scenic.com\/produit\/toile-de-jute-embourrure\/"},"modified":"2023-08-02T12:55:11","modified_gmt":"2023-08-02T12:55:11","slug":"embourrure-jute-fabric","status":"publish","type":"product","link":"https:\/\/www.azur-scenic.com\/en\/product\/embourrure-jute-fabric\/","title":{"rendered":"Embourrure jute fabric"},"content":{"rendered":"<table>\n<thead>\n<tr>\n<th style=\"width: 170px;\">Technical data<\/th>\n<th>Value<\/th>\n<th>Notes<\/th>\n<\/tr>\n<\/thead>\n<tbody>\n<tr>\n<td style=\"vertical-align: top;\">Width<\/td>\n<td style=\"vertical-align: top;\">185 cm<\/td>\n<td style=\"vertical-align: top;\">\u00a0<\/td>\n<\/tr>\n<tr>\n<td style=\"vertical-align: top;\">Weight<\/td>\n<td style=\"vertical-align: top;\">230 g\/m\u00b2<\/td>\n<td style=\"vertical-align: top;\">\u00a0<\/td>\n<\/tr>\n<tr>\n<td style=\"vertical-align: top;\">Thickness<\/td>\n<td style=\"vertical-align: top;\">0.8 mm<\/td>\n<td style=\"vertical-align: top;\">\u00a0<\/td>\n<\/tr>\n<tr>\n<td style=\"vertical-align: top;\">Flame-retardant rating<\/td>\n<td style=\"vertical-align: top;\"><img decoding=\"async\" style=\"height: 20px; width: 20px;\" src=\"https:\/\/www.azur-scenic.com\/wp-content\/uploads\/csm_icon-flag-france_3304e5e3f9.png\" \/> M1<\/td>\n<td style=\"vertical-align: top;\">\u00a0<\/td>\n<\/tr>\n<tr>\n<td style=\"vertical-align: top;\">Composition<\/td>\n<td style=\"vertical-align: top;\">100% Jute<\/td>\n<td style=\"vertical-align: top;\">Natural fibre, environmentally-friendly and biodegradable<\/td>\n<\/tr>\n<tr>\n<td style=\"vertical-align: top;\">Roll length<\/td>\n<td style=\"vertical-align: top;\">50 m<br \/>\nCentre-folded, bales<\/td>\n<td style=\"vertical-align: top;\">Cut-to-length possible<\/td>\n<\/tr>\n<\/tbody>\n<\/table>\n<p>\u00a0<\/p><\/p>\n","protected":false},"excerpt":{"rendered":"<p>A <strong><span style=\"color: #f88523;\">loose-weave<\/span><\/strong> material (open weave approximately 2\u00a0mm) with a classic jute appearance that evokes hessian sacking.<br \/>\nMade of 100% <span style=\"color: #f88523;\"><strong>jute<\/strong><\/span> fibres, this screen material is <span style=\"color: #f88523;\"><strong>natural<\/strong><\/span>, ecologically friendly, and biodegradable. <span style=\"color: #f88523;\"><strong>Certified flame-retardant<\/strong><\/span> (without M1 rating report), it complies with safety standards for public spaces.<br \/>\nThis hard-wearing material is perfect for a variety of uses including sets, curtains, and it can even be painted.<\/p>\n<table class=\"table\" style=\"background: #f7f7f7;\">\n<tbody>\n<tr>\n<td><strong>Width<\/strong>: 185 cm<\/td>\n<td><strong>Weight<\/strong>: 230 g\/m\u00b2<\/td>\n<\/tr>\n<tr>\n<td><strong>Flame-retardant rating<\/strong>: <img decoding=\"async\" style=\"height: 20px; width: 20px;\" src=\"https:\/\/www.azur-scenic.com\/wp-content\/uploads\/csm_icon-flag-france_3304e5e3f9.png\" \/> M1<\/td>\n<td style=\"vertical-align: top;\"><strong>Composition<\/strong>: 100% Jute<\/td>\n<\/tr>\n<\/tbody>\n<\/table>\n","protected":false},"featured_media":14185,"template":"","meta":{"_acf_changed":false},"product_brand":[],"product_cat":[898,893,1332,1333],"product_tag":[],"class_list":{"0":"post-18826","1":"product","2":"type-product","3":"status-publish","4":"has-post-thumbnail","6":"product_cat-all-products","7":"product_cat-stage-and-events-material","8":"product_cat-paintable-canvases-keyed-tv-cloths","9":"product_cat-paintable-canvases","10":"pa_couleurs-510-en","11":"pa_groupes-de-couleurs-brown-beige","12":"pa_textiles-flame-retardant-rated","13":"pa_textiles-environmentally-friendly","15":"first","16":"instock","17":"shipping-taxable","18":"purchasable","19":"product-type-simple"},"acf":[],"yoast_head":"<!-- This site is optimized with the Yoast SEO plugin v27.1.1 - https:\/\/yoast.com\/product\/yoast-seo-wordpress\/ -->\n<title>Embourrure jute fabric - Azur Scenic<\/title>\n<meta name=\"robots\" content=\"index, follow, max-snippet:-1, max-image-preview:large, max-video-preview:-1\" \/>\n<link rel=\"canonical\" href=\"https:\/\/www.azur-scenic.com\/en\/product\/embourrure-jute-fabric\/\" \/>\n<meta property=\"og:locale\" content=\"en_US\" \/>\n<meta property=\"og:type\" content=\"article\" \/>\n<meta property=\"og:title\" content=\"Embourrure jute fabric - Azur Scenic\" \/>\n<meta property=\"og:description\" content=\"A loose-weave material (open weave approximately 2\u00a0mm) with a classic jute appearance that evokes hessian sacking. Made of 100% jute fibres, this screen material is natural, ecologically friendly, and biodegradable. Certified flame-retardant (without M1 rating report), it complies with safety standards for public spaces. This hard-wearing material is perfect for a variety of uses including sets, curtains, and it can even be painted.  Width: 185 cm Weight: 230 g\/m\u00b2  Flame-retardant rating: M1 Composition: 100% Jute\" \/>\n<meta property=\"og:url\" content=\"https:\/\/www.azur-scenic.com\/en\/product\/embourrure-jute-fabric\/\" \/>\n<meta property=\"og:site_name\" content=\"Azur Scenic\" \/>\n<meta property=\"article:modified_time\" content=\"2023-08-02T12:55:11+00:00\" \/>\n<meta property=\"og:image\" content=\"https:\/\/www.azur-scenic.com\/wp-content\/uploads\/Toile-de-Jute-Embourrure-scaled.jpg\" \/>\n\t<meta property=\"og:image:width\" content=\"2560\" \/>\n\t<meta property=\"og:image:height\" content=\"2560\" \/>\n\t<meta property=\"og:image:type\" content=\"image\/jpeg\" \/>\n<meta name=\"twitter:card\" content=\"summary_large_image\" \/>\n<script type=\"application\/ld+json\" class=\"yoast-schema-graph\">{\"@context\":\"https:\/\/schema.org\",\"@graph\":[{\"@type\":\"WebPage\",\"@id\":\"https:\/\/www.azur-scenic.com\/en\/product\/embourrure-jute-fabric\/\",\"url\":\"https:\/\/www.azur-scenic.com\/en\/product\/embourrure-jute-fabric\/\",\"name\":\"Embourrure jute fabric - Azur Scenic\",\"isPartOf\":{\"@id\":\"https:\/\/www.azur-scenic.com\/en\/#website\"},\"primaryImageOfPage\":{\"@id\":\"https:\/\/www.azur-scenic.com\/en\/product\/embourrure-jute-fabric\/#primaryimage\"},\"image\":{\"@id\":\"https:\/\/www.azur-scenic.com\/en\/product\/embourrure-jute-fabric\/#primaryimage\"},\"thumbnailUrl\":\"https:\/\/www.azur-scenic.com\/wp-content\/uploads\/Toile-de-Jute-Embourrure-scaled.jpg\",\"datePublished\":\"2022-10-04T07:25:43+00:00\",\"dateModified\":\"2023-08-02T12:55:11+00:00\",\"breadcrumb\":{\"@id\":\"https:\/\/www.azur-scenic.com\/en\/product\/embourrure-jute-fabric\/#breadcrumb\"},\"inLanguage\":\"en-US\",\"potentialAction\":[{\"@type\":\"ReadAction\",\"target\":[\"https:\/\/www.azur-scenic.com\/en\/product\/embourrure-jute-fabric\/\"]}]},{\"@type\":\"ImageObject\",\"inLanguage\":\"en-US\",\"@id\":\"https:\/\/www.azur-scenic.com\/en\/product\/embourrure-jute-fabric\/#primaryimage\",\"url\":\"https:\/\/www.azur-scenic.com\/wp-content\/uploads\/Toile-de-Jute-Embourrure-scaled.jpg\",\"contentUrl\":\"https:\/\/www.azur-scenic.com\/wp-content\/uploads\/Toile-de-Jute-Embourrure-scaled.jpg\",\"width\":2560,\"height\":2560,\"caption\":\"Toile de Jute Embourrure\"},{\"@type\":\"BreadcrumbList\",\"@id\":\"https:\/\/www.azur-scenic.com\/en\/product\/embourrure-jute-fabric\/#breadcrumb\",\"itemListElement\":[{\"@type\":\"ListItem\",\"position\":1,\"name\":\"Accueil\",\"item\":\"https:\/\/www.azur-scenic.com\/en\/\"},{\"@type\":\"ListItem\",\"position\":2,\"name\":\"Produits\",\"item\":\"https:\/\/www.azur-scenic.com\/en\/?page_id=21438\"},{\"@type\":\"ListItem\",\"position\":3,\"name\":\"Embourrure jute fabric\"}]},{\"@type\":\"WebSite\",\"@id\":\"https:\/\/www.azur-scenic.com\/en\/#website\",\"url\":\"https:\/\/www.azur-scenic.com\/en\/\",\"name\":\"Azur Scenic\",\"description\":\"Sp\u00e9cialiste de l\u2019\u00e9quipement sc\u00e9nique et de la d\u00e9coration int\u00e9rieure et \u00e9v\u00e9nementielle !\",\"publisher\":{\"@id\":\"https:\/\/www.azur-scenic.com\/en\/#organization\"},\"potentialAction\":[{\"@type\":\"SearchAction\",\"target\":{\"@type\":\"EntryPoint\",\"urlTemplate\":\"https:\/\/www.azur-scenic.com\/en\/?s={search_term_string}\"},\"query-input\":{\"@type\":\"PropertyValueSpecification\",\"valueRequired\":true,\"valueName\":\"search_term_string\"}}],\"inLanguage\":\"en-US\"},{\"@type\":\"Organization\",\"@id\":\"https:\/\/www.azur-scenic.com\/en\/#organization\",\"name\":\"AZUR SCENIC\",\"url\":\"https:\/\/www.azur-scenic.com\/en\/\",\"logo\":{\"@type\":\"ImageObject\",\"inLanguage\":\"en-US\",\"@id\":\"https:\/\/www.azur-scenic.com\/en\/#\/schema\/logo\/image\/\",\"url\":\"https:\/\/www.azur-scenic.com\/wp-content\/uploads\/2022\/09\/LOGO-AZUR-SCENIC-Fusion-web-236x64-1.jpg\",\"contentUrl\":\"https:\/\/www.azur-scenic.com\/wp-content\/uploads\/2022\/09\/LOGO-AZUR-SCENIC-Fusion-web-236x64-1.jpg\",\"width\":236,\"height\":64,\"caption\":\"AZUR SCENIC\"},\"image\":{\"@id\":\"https:\/\/www.azur-scenic.com\/en\/#\/schema\/logo\/image\/\"},\"sameAs\":[\"https:\/\/www.youtube.com\/channel\/UCPWM2mGPVUt4nYhNlm71WOA\",\"https:\/\/www.linkedin.com\/company\/33237605\/admin\/feed\/posts\/\"]}]}<\/script>\n<!-- \/ Yoast SEO plugin. -->","yoast_head_json":{"title":"Embourrure jute fabric - Azur Scenic","robots":{"index":"index","follow":"follow","max-snippet":"max-snippet:-1","max-image-preview":"max-image-preview:large","max-video-preview":"max-video-preview:-1"},"canonical":"https:\/\/www.azur-scenic.com\/en\/product\/embourrure-jute-fabric\/","og_locale":"en_US","og_type":"article","og_title":"Embourrure jute fabric - Azur Scenic","og_description":"A loose-weave material (open weave approximately 2\u00a0mm) with a classic jute appearance that evokes hessian sacking. Made of 100% jute fibres, this screen material is natural, ecologically friendly, and biodegradable. Certified flame-retardant (without M1 rating report), it complies with safety standards for public spaces. This hard-wearing material is perfect for a variety of uses including sets, curtains, and it can even be painted.  Width: 185 cm Weight: 230 g\/m\u00b2  Flame-retardant rating: M1 Composition: 100% Jute","og_url":"https:\/\/www.azur-scenic.com\/en\/product\/embourrure-jute-fabric\/","og_site_name":"Azur Scenic","article_modified_time":"2023-08-02T12:55:11+00:00","og_image":[{"width":2560,"height":2560,"url":"https:\/\/www.azur-scenic.com\/wp-content\/uploads\/Toile-de-Jute-Embourrure-scaled.jpg","type":"image\/jpeg"}],"twitter_card":"summary_large_image","schema":{"@context":"https:\/\/schema.org","@graph":[{"@type":"WebPage","@id":"https:\/\/www.azur-scenic.com\/en\/product\/embourrure-jute-fabric\/","url":"https:\/\/www.azur-scenic.com\/en\/product\/embourrure-jute-fabric\/","name":"Embourrure jute fabric - Azur Scenic","isPartOf":{"@id":"https:\/\/www.azur-scenic.com\/en\/#website"},"primaryImageOfPage":{"@id":"https:\/\/www.azur-scenic.com\/en\/product\/embourrure-jute-fabric\/#primaryimage"},"image":{"@id":"https:\/\/www.azur-scenic.com\/en\/product\/embourrure-jute-fabric\/#primaryimage"},"thumbnailUrl":"https:\/\/www.azur-scenic.com\/wp-content\/uploads\/Toile-de-Jute-Embourrure-scaled.jpg","datePublished":"2022-10-04T07:25:43+00:00","dateModified":"2023-08-02T12:55:11+00:00","breadcrumb":{"@id":"https:\/\/www.azur-scenic.com\/en\/product\/embourrure-jute-fabric\/#breadcrumb"},"inLanguage":"en-US","potentialAction":[{"@type":"ReadAction","target":["https:\/\/www.azur-scenic.com\/en\/product\/embourrure-jute-fabric\/"]}]},{"@type":"ImageObject","inLanguage":"en-US","@id":"https:\/\/www.azur-scenic.com\/en\/product\/embourrure-jute-fabric\/#primaryimage","url":"https:\/\/www.azur-scenic.com\/wp-content\/uploads\/Toile-de-Jute-Embourrure-scaled.jpg","contentUrl":"https:\/\/www.azur-scenic.com\/wp-content\/uploads\/Toile-de-Jute-Embourrure-scaled.jpg","width":2560,"height":2560,"caption":"Toile de Jute Embourrure"},{"@type":"BreadcrumbList","@id":"https:\/\/www.azur-scenic.com\/en\/product\/embourrure-jute-fabric\/#breadcrumb","itemListElement":[{"@type":"ListItem","position":1,"name":"Accueil","item":"https:\/\/www.azur-scenic.com\/en\/"},{"@type":"ListItem","position":2,"name":"Produits","item":"https:\/\/www.azur-scenic.com\/en\/?page_id=21438"},{"@type":"ListItem","position":3,"name":"Embourrure jute fabric"}]},{"@type":"WebSite","@id":"https:\/\/www.azur-scenic.com\/en\/#website","url":"https:\/\/www.azur-scenic.com\/en\/","name":"Azur Scenic","description":"Sp\u00e9cialiste de l\u2019\u00e9quipement sc\u00e9nique et de la d\u00e9coration int\u00e9rieure et \u00e9v\u00e9nementielle !","publisher":{"@id":"https:\/\/www.azur-scenic.com\/en\/#organization"},"potentialAction":[{"@type":"SearchAction","target":{"@type":"EntryPoint","urlTemplate":"https:\/\/www.azur-scenic.com\/en\/?s={search_term_string}"},"query-input":{"@type":"PropertyValueSpecification","valueRequired":true,"valueName":"search_term_string"}}],"inLanguage":"en-US"},{"@type":"Organization","@id":"https:\/\/www.azur-scenic.com\/en\/#organization","name":"AZUR SCENIC","url":"https:\/\/www.azur-scenic.com\/en\/","logo":{"@type":"ImageObject","inLanguage":"en-US","@id":"https:\/\/www.azur-scenic.com\/en\/#\/schema\/logo\/image\/","url":"https:\/\/www.azur-scenic.com\/wp-content\/uploads\/2022\/09\/LOGO-AZUR-SCENIC-Fusion-web-236x64-1.jpg","contentUrl":"https:\/\/www.azur-scenic.com\/wp-content\/uploads\/2022\/09\/LOGO-AZUR-SCENIC-Fusion-web-236x64-1.jpg","width":236,"height":64,"caption":"AZUR SCENIC"},"image":{"@id":"https:\/\/www.azur-scenic.com\/en\/#\/schema\/logo\/image\/"},"sameAs":["https:\/\/www.youtube.com\/channel\/UCPWM2mGPVUt4nYhNlm71WOA","https:\/\/www.linkedin.com\/company\/33237605\/admin\/feed\/posts\/"]}]}},"_links":{"self":[{"href":"https:\/\/www.azur-scenic.com\/en\/wp-json\/wp\/v2\/product\/18826","targetHints":{"allow":["GET"]}}],"collection":[{"href":"https:\/\/www.azur-scenic.com\/en\/wp-json\/wp\/v2\/product"}],"about":[{"href":"https:\/\/www.azur-scenic.com\/en\/wp-json\/wp\/v2\/types\/product"}],"wp:featuredmedia":[{"embeddable":true,"href":"https:\/\/www.azur-scenic.com\/en\/wp-json\/wp\/v2\/media\/14185"}],"wp:attachment":[{"href":"https:\/\/www.azur-scenic.com\/en\/wp-json\/wp\/v2\/media?parent=18826"}],"wp:term":[{"taxonomy":"product_brand","embeddable":true,"href":"https:\/\/www.azur-scenic.com\/en\/wp-json\/wp\/v2\/product_brand?post=18826"},{"taxonomy":"product_cat","embeddable":true,"href":"https:\/\/www.azur-scenic.com\/en\/wp-json\/wp\/v2\/product_cat?post=18826"},{"taxonomy":"product_tag","embeddable":true,"href":"https:\/\/www.azur-scenic.com\/en\/wp-json\/wp\/v2\/product_tag?post=18826"}],"curies":[{"name":"wp","href":"https:\/\/api.w.org\/{rel}","templated":true}]}}