{"id":18852,"date":"2022-10-04T07:25:41","date_gmt":"2022-10-04T07:25:41","guid":{"rendered":"https:\/\/www.azur-scenic.com\/produit\/toile-catalane\/"},"modified":"2023-08-02T12:55:16","modified_gmt":"2023-08-02T12:55:16","slug":"catalane-canvas","status":"publish","type":"product","link":"https:\/\/www.azur-scenic.com\/en\/product\/catalane-canvas\/","title":{"rendered":"Catalane Canvas"},"content":{"rendered":"<table>\n<thead>\n<tr>\n<th style=\"width: 170px;\">Technical data<\/th>\n<th>Value<\/th>\n<th>Notes<\/th>\n<\/tr>\n<\/thead>\n<tbody>\n<tr>\n<td style=\"vertical-align: top;\">Width<\/td>\n<td style=\"vertical-align: top;\">300 cm<\/td>\n<td style=\"vertical-align: top;\">\u00a0<\/td>\n<\/tr>\n<tr>\n<td style=\"vertical-align: top;\">Weight<\/td>\n<td style=\"vertical-align: top;\">400 g\/m\u00b2<\/td>\n<td style=\"vertical-align: top;\">\u00a0<\/td>\n<\/tr>\n<tr>\n<td style=\"vertical-align: top;\">Thickness<\/td>\n<td style=\"vertical-align: top;\">0.8 mm<\/td>\n<td style=\"vertical-align: top;\">\u00a0<\/td>\n<\/tr>\n<tr>\n<td style=\"vertical-align: top;\">Flame-retardant rating<\/td>\n<td style=\"vertical-align: top;\"><img decoding=\"async\" style=\"height: 20px; width: 20px;\" src=\"https:\/\/www.azur-scenic.com\/wp-content\/uploads\/csm_icon-flag-france_3304e5e3f9.png\" \/> M2<br \/>\n<img decoding=\"async\" style=\"height: 20px; width: 20px;\" src=\"https:\/\/www.azur-scenic.com\/wp-content\/uploads\/icon-flag-allemagne.png\" \/> B1<\/td>\n<td style=\"vertical-align: top;\">Standard: NPF 92-503<br \/>\nStandard: DIN 4102<\/td>\n<\/tr>\n<tr>\n<td style=\"vertical-align: top;\">Composition<\/td>\n<td style=\"vertical-align: top;\">100% Cotton<\/td>\n<td style=\"vertical-align: top;\">\u00a0<\/td>\n<\/tr>\n<tr>\n<td style=\"vertical-align: top;\">Roll length<\/td>\n<td style=\"vertical-align: top;\">50 m (bales)<\/td>\n<td style=\"vertical-align: top;\">Cut-to-length possible<\/td>\n<\/tr>\n<\/tbody>\n<\/table>\n<p>\u00a0<\/p><\/p>\n","protected":false},"excerpt":{"rendered":"<p>The \u201cpanama\u201d weave of this <span style=\"color: #f88523;\"><strong>heavy-weight paintable screen<\/strong><\/span> gives make it strong and <span style=\"color: #f88523;\"><strong>hard-wearing<\/strong><\/span>. It can also be used as a stage <span style=\"color: #f88523;\"><strong>back-drop<\/strong><\/span> as well as <span style=\"color: #f88523;\"><strong>matting<\/strong><\/span> or <strong><span style=\"color: #f88523;\">stage flooring<\/span><\/strong>.<br \/>\nThe unique braided weave offers a clean, sleek finish that is perfect off-the-peg without painting.<br \/>\nIn flame-retardant cotton, this fabric is rated <span style=\"color: #f88523;\"><strong>M1<\/strong><\/span> flame-proof and recommended for indoor use.<\/p>\n<table class=\"table\" style=\"background: #f7f7f7;\">\n<tbody>\n<tr>\n<td><strong>Width<\/strong>: 300 cm<\/td>\n<td><strong>Weight<\/strong>: 400 g\/m\u00b2<\/td>\n<\/tr>\n<tr>\n<td><strong>Flame-retardant rating<\/strong>: <img decoding=\"async\" style=\"height: 20px; width: 20px;\" src=\"https:\/\/www.azur-scenic.com\/wp-content\/uploads\/csm_icon-flag-france_3304e5e3f9.png\" \/> M2 <img decoding=\"async\" style=\"height: 20px; width: 20px;\" src=\"https:\/\/www.azur-scenic.com\/wp-content\/uploads\/icon-flag-allemagne.png\" \/> B1<\/td>\n<td style=\"vertical-align: top;\"><strong>Composition<\/strong>: 100% Cotton<\/td>\n<\/tr>\n<\/tbody>\n<\/table>\n","protected":false},"featured_media":14173,"template":"","meta":{"_acf_changed":false},"product_brand":[],"product_cat":[898,893,1332,1333,1104,1628],"product_tag":[],"class_list":{"0":"post-18852","1":"product","2":"type-product","3":"status-publish","4":"has-post-thumbnail","6":"product_cat-all-products","7":"product_cat-stage-and-events-material","8":"product_cat-paintable-canvases-keyed-tv-cloths","9":"product_cat-paintable-canvases","10":"product_cat-floor-coverings-dance-flooring","11":"product_cat-floor-canvas","12":"pa_couleurs-001-en","13":"pa_couleurs-002-en","14":"pa_couleurs-003-en","15":"pa_groupes-de-couleurs-white","16":"pa_groupes-de-couleurs-off-white","17":"pa_groupes-de-couleurs-black","18":"pa_textiles-flame-retardant-rated","20":"first","21":"instock","22":"shipping-taxable","23":"purchasable","24":"product-type-variable"},"acf":[],"yoast_head":"<!-- This site is optimized with the Yoast SEO plugin v27.3 - https:\/\/yoast.com\/product\/yoast-seo-wordpress\/ -->\n<title>Catalane Canvas - Azur Scenic<\/title>\n<meta name=\"robots\" content=\"index, follow, max-snippet:-1, max-image-preview:large, max-video-preview:-1\" \/>\n<link rel=\"canonical\" href=\"https:\/\/www.azur-scenic.com\/en\/product\/catalane-canvas\/\" \/>\n<meta property=\"og:locale\" content=\"en_US\" \/>\n<meta property=\"og:type\" content=\"article\" \/>\n<meta property=\"og:title\" content=\"Catalane Canvas - Azur Scenic\" \/>\n<meta property=\"og:description\" content=\"The \u201cpanama\u201d weave of this heavy-weight paintable screen gives make it strong and hard-wearing. It can also be used as a stage back-drop as well as matting or stage flooring. The unique braided weave offers a clean, sleek finish that is perfect off-the-peg without painting. In flame-retardant cotton, this fabric is rated M1 flame-proof and recommended for indoor use.  Width: 300 cm Weight: 400 g\/m\u00b2  Flame-retardant rating: M2 B1 Composition: 100% Cotton\" \/>\n<meta property=\"og:url\" content=\"https:\/\/www.azur-scenic.com\/en\/product\/catalane-canvas\/\" \/>\n<meta property=\"og:site_name\" content=\"Azur Scenic\" \/>\n<meta property=\"article:modified_time\" content=\"2023-08-02T12:55:16+00:00\" \/>\n<meta property=\"og:image\" content=\"https:\/\/www.azur-scenic.com\/wp-content\/uploads\/Toile-Catalane-Ecru-scaled.jpg\" \/>\n\t<meta property=\"og:image:width\" content=\"2560\" \/>\n\t<meta property=\"og:image:height\" content=\"2560\" \/>\n\t<meta property=\"og:image:type\" content=\"image\/jpeg\" \/>\n<meta name=\"twitter:card\" content=\"summary_large_image\" \/>\n<script type=\"application\/ld+json\" class=\"yoast-schema-graph\">{\"@context\":\"https:\\\/\\\/schema.org\",\"@graph\":[{\"@type\":\"WebPage\",\"@id\":\"https:\\\/\\\/www.azur-scenic.com\\\/en\\\/product\\\/catalane-canvas\\\/\",\"url\":\"https:\\\/\\\/www.azur-scenic.com\\\/en\\\/product\\\/catalane-canvas\\\/\",\"name\":\"Catalane Canvas - Azur Scenic\",\"isPartOf\":{\"@id\":\"https:\\\/\\\/www.azur-scenic.com\\\/en\\\/#website\"},\"primaryImageOfPage\":{\"@id\":\"https:\\\/\\\/www.azur-scenic.com\\\/en\\\/product\\\/catalane-canvas\\\/#primaryimage\"},\"image\":{\"@id\":\"https:\\\/\\\/www.azur-scenic.com\\\/en\\\/product\\\/catalane-canvas\\\/#primaryimage\"},\"thumbnailUrl\":\"https:\\\/\\\/www.azur-scenic.com\\\/wp-content\\\/uploads\\\/Toile-Catalane-Ecru-scaled.jpg\",\"datePublished\":\"2022-10-04T07:25:41+00:00\",\"dateModified\":\"2023-08-02T12:55:16+00:00\",\"breadcrumb\":{\"@id\":\"https:\\\/\\\/www.azur-scenic.com\\\/en\\\/product\\\/catalane-canvas\\\/#breadcrumb\"},\"inLanguage\":\"en-US\",\"potentialAction\":[{\"@type\":\"ReadAction\",\"target\":[\"https:\\\/\\\/www.azur-scenic.com\\\/en\\\/product\\\/catalane-canvas\\\/\"]}]},{\"@type\":\"ImageObject\",\"inLanguage\":\"en-US\",\"@id\":\"https:\\\/\\\/www.azur-scenic.com\\\/en\\\/product\\\/catalane-canvas\\\/#primaryimage\",\"url\":\"https:\\\/\\\/www.azur-scenic.com\\\/wp-content\\\/uploads\\\/Toile-Catalane-Ecru-scaled.jpg\",\"contentUrl\":\"https:\\\/\\\/www.azur-scenic.com\\\/wp-content\\\/uploads\\\/Toile-Catalane-Ecru-scaled.jpg\",\"width\":2560,\"height\":2560,\"caption\":\"Toile Catalane Ecru\"},{\"@type\":\"BreadcrumbList\",\"@id\":\"https:\\\/\\\/www.azur-scenic.com\\\/en\\\/product\\\/catalane-canvas\\\/#breadcrumb\",\"itemListElement\":[{\"@type\":\"ListItem\",\"position\":1,\"name\":\"Accueil\",\"item\":\"https:\\\/\\\/www.azur-scenic.com\\\/en\\\/\"},{\"@type\":\"ListItem\",\"position\":2,\"name\":\"Produits\",\"item\":\"https:\\\/\\\/www.azur-scenic.com\\\/en\\\/?page_id=21438\"},{\"@type\":\"ListItem\",\"position\":3,\"name\":\"Catalane Canvas\"}]},{\"@type\":\"WebSite\",\"@id\":\"https:\\\/\\\/www.azur-scenic.com\\\/en\\\/#website\",\"url\":\"https:\\\/\\\/www.azur-scenic.com\\\/en\\\/\",\"name\":\"Azur Scenic\",\"description\":\"Sp\u00e9cialiste de l\u2019\u00e9quipement sc\u00e9nique et de la d\u00e9coration int\u00e9rieure et \u00e9v\u00e9nementielle !\",\"publisher\":{\"@id\":\"https:\\\/\\\/www.azur-scenic.com\\\/en\\\/#organization\"},\"potentialAction\":[{\"@type\":\"SearchAction\",\"target\":{\"@type\":\"EntryPoint\",\"urlTemplate\":\"https:\\\/\\\/www.azur-scenic.com\\\/en\\\/?s={search_term_string}\"},\"query-input\":{\"@type\":\"PropertyValueSpecification\",\"valueRequired\":true,\"valueName\":\"search_term_string\"}}],\"inLanguage\":\"en-US\"},{\"@type\":\"Organization\",\"@id\":\"https:\\\/\\\/www.azur-scenic.com\\\/en\\\/#organization\",\"name\":\"AZUR SCENIC\",\"url\":\"https:\\\/\\\/www.azur-scenic.com\\\/en\\\/\",\"logo\":{\"@type\":\"ImageObject\",\"inLanguage\":\"en-US\",\"@id\":\"https:\\\/\\\/www.azur-scenic.com\\\/en\\\/#\\\/schema\\\/logo\\\/image\\\/\",\"url\":\"https:\\\/\\\/www.azur-scenic.com\\\/wp-content\\\/uploads\\\/2022\\\/09\\\/LOGO-AZUR-SCENIC-Fusion-web-236x64-1.jpg\",\"contentUrl\":\"https:\\\/\\\/www.azur-scenic.com\\\/wp-content\\\/uploads\\\/2022\\\/09\\\/LOGO-AZUR-SCENIC-Fusion-web-236x64-1.jpg\",\"width\":236,\"height\":64,\"caption\":\"AZUR SCENIC\"},\"image\":{\"@id\":\"https:\\\/\\\/www.azur-scenic.com\\\/en\\\/#\\\/schema\\\/logo\\\/image\\\/\"},\"sameAs\":[\"https:\\\/\\\/www.youtube.com\\\/channel\\\/UCPWM2mGPVUt4nYhNlm71WOA\",\"https:\\\/\\\/www.linkedin.com\\\/company\\\/33237605\\\/admin\\\/feed\\\/posts\\\/\"]}]}<\/script>\n<!-- \/ Yoast SEO plugin. -->","yoast_head_json":{"title":"Catalane Canvas - Azur Scenic","robots":{"index":"index","follow":"follow","max-snippet":"max-snippet:-1","max-image-preview":"max-image-preview:large","max-video-preview":"max-video-preview:-1"},"canonical":"https:\/\/www.azur-scenic.com\/en\/product\/catalane-canvas\/","og_locale":"en_US","og_type":"article","og_title":"Catalane Canvas - Azur Scenic","og_description":"The \u201cpanama\u201d weave of this heavy-weight paintable screen gives make it strong and hard-wearing. It can also be used as a stage back-drop as well as matting or stage flooring. The unique braided weave offers a clean, sleek finish that is perfect off-the-peg without painting. In flame-retardant cotton, this fabric is rated M1 flame-proof and recommended for indoor use.  Width: 300 cm Weight: 400 g\/m\u00b2  Flame-retardant rating: M2 B1 Composition: 100% Cotton","og_url":"https:\/\/www.azur-scenic.com\/en\/product\/catalane-canvas\/","og_site_name":"Azur Scenic","article_modified_time":"2023-08-02T12:55:16+00:00","og_image":[{"width":2560,"height":2560,"url":"https:\/\/www.azur-scenic.com\/wp-content\/uploads\/Toile-Catalane-Ecru-scaled.jpg","type":"image\/jpeg"}],"twitter_card":"summary_large_image","schema":{"@context":"https:\/\/schema.org","@graph":[{"@type":"WebPage","@id":"https:\/\/www.azur-scenic.com\/en\/product\/catalane-canvas\/","url":"https:\/\/www.azur-scenic.com\/en\/product\/catalane-canvas\/","name":"Catalane Canvas - Azur Scenic","isPartOf":{"@id":"https:\/\/www.azur-scenic.com\/en\/#website"},"primaryImageOfPage":{"@id":"https:\/\/www.azur-scenic.com\/en\/product\/catalane-canvas\/#primaryimage"},"image":{"@id":"https:\/\/www.azur-scenic.com\/en\/product\/catalane-canvas\/#primaryimage"},"thumbnailUrl":"https:\/\/www.azur-scenic.com\/wp-content\/uploads\/Toile-Catalane-Ecru-scaled.jpg","datePublished":"2022-10-04T07:25:41+00:00","dateModified":"2023-08-02T12:55:16+00:00","breadcrumb":{"@id":"https:\/\/www.azur-scenic.com\/en\/product\/catalane-canvas\/#breadcrumb"},"inLanguage":"en-US","potentialAction":[{"@type":"ReadAction","target":["https:\/\/www.azur-scenic.com\/en\/product\/catalane-canvas\/"]}]},{"@type":"ImageObject","inLanguage":"en-US","@id":"https:\/\/www.azur-scenic.com\/en\/product\/catalane-canvas\/#primaryimage","url":"https:\/\/www.azur-scenic.com\/wp-content\/uploads\/Toile-Catalane-Ecru-scaled.jpg","contentUrl":"https:\/\/www.azur-scenic.com\/wp-content\/uploads\/Toile-Catalane-Ecru-scaled.jpg","width":2560,"height":2560,"caption":"Toile Catalane Ecru"},{"@type":"BreadcrumbList","@id":"https:\/\/www.azur-scenic.com\/en\/product\/catalane-canvas\/#breadcrumb","itemListElement":[{"@type":"ListItem","position":1,"name":"Accueil","item":"https:\/\/www.azur-scenic.com\/en\/"},{"@type":"ListItem","position":2,"name":"Produits","item":"https:\/\/www.azur-scenic.com\/en\/?page_id=21438"},{"@type":"ListItem","position":3,"name":"Catalane Canvas"}]},{"@type":"WebSite","@id":"https:\/\/www.azur-scenic.com\/en\/#website","url":"https:\/\/www.azur-scenic.com\/en\/","name":"Azur Scenic","description":"Sp\u00e9cialiste de l\u2019\u00e9quipement sc\u00e9nique et de la d\u00e9coration int\u00e9rieure et \u00e9v\u00e9nementielle !","publisher":{"@id":"https:\/\/www.azur-scenic.com\/en\/#organization"},"potentialAction":[{"@type":"SearchAction","target":{"@type":"EntryPoint","urlTemplate":"https:\/\/www.azur-scenic.com\/en\/?s={search_term_string}"},"query-input":{"@type":"PropertyValueSpecification","valueRequired":true,"valueName":"search_term_string"}}],"inLanguage":"en-US"},{"@type":"Organization","@id":"https:\/\/www.azur-scenic.com\/en\/#organization","name":"AZUR SCENIC","url":"https:\/\/www.azur-scenic.com\/en\/","logo":{"@type":"ImageObject","inLanguage":"en-US","@id":"https:\/\/www.azur-scenic.com\/en\/#\/schema\/logo\/image\/","url":"https:\/\/www.azur-scenic.com\/wp-content\/uploads\/2022\/09\/LOGO-AZUR-SCENIC-Fusion-web-236x64-1.jpg","contentUrl":"https:\/\/www.azur-scenic.com\/wp-content\/uploads\/2022\/09\/LOGO-AZUR-SCENIC-Fusion-web-236x64-1.jpg","width":236,"height":64,"caption":"AZUR SCENIC"},"image":{"@id":"https:\/\/www.azur-scenic.com\/en\/#\/schema\/logo\/image\/"},"sameAs":["https:\/\/www.youtube.com\/channel\/UCPWM2mGPVUt4nYhNlm71WOA","https:\/\/www.linkedin.com\/company\/33237605\/admin\/feed\/posts\/"]}]}},"_links":{"self":[{"href":"https:\/\/www.azur-scenic.com\/en\/wp-json\/wp\/v2\/product\/18852","targetHints":{"allow":["GET"]}}],"collection":[{"href":"https:\/\/www.azur-scenic.com\/en\/wp-json\/wp\/v2\/product"}],"about":[{"href":"https:\/\/www.azur-scenic.com\/en\/wp-json\/wp\/v2\/types\/product"}],"wp:featuredmedia":[{"embeddable":true,"href":"https:\/\/www.azur-scenic.com\/en\/wp-json\/wp\/v2\/media\/14173"}],"wp:attachment":[{"href":"https:\/\/www.azur-scenic.com\/en\/wp-json\/wp\/v2\/media?parent=18852"}],"wp:term":[{"taxonomy":"product_brand","embeddable":true,"href":"https:\/\/www.azur-scenic.com\/en\/wp-json\/wp\/v2\/product_brand?post=18852"},{"taxonomy":"product_cat","embeddable":true,"href":"https:\/\/www.azur-scenic.com\/en\/wp-json\/wp\/v2\/product_cat?post=18852"},{"taxonomy":"product_tag","embeddable":true,"href":"https:\/\/www.azur-scenic.com\/en\/wp-json\/wp\/v2\/product_tag?post=18852"}],"curies":[{"name":"wp","href":"https:\/\/api.w.org\/{rel}","templated":true}]}}