{"id":18879,"date":"2022-10-04T07:25:41","date_gmt":"2022-10-04T07:25:41","guid":{"rendered":"https:\/\/www.azur-scenic.com\/produit\/lame-froisse\/"},"modified":"2023-08-02T12:55:10","modified_gmt":"2023-08-02T12:55:10","slug":"crinkle-lame","status":"publish","type":"product","link":"https:\/\/www.azur-scenic.com\/en\/product\/crinkle-lame\/","title":{"rendered":"Crinkle lam\u00e9"},"content":{"rendered":"<table>\n<thead>\n<tr>\n<th style=\"width: 170px;\">Technical data<\/th>\n<th style=\"width: 77px;\">Value<\/th>\n<th style=\"width: 282px;\">Notes<\/th>\n<\/tr>\n<\/thead>\n<tbody>\n<tr>\n<td style=\"vertical-align: top;\">Width<\/td>\n<td style=\"vertical-align: top; width: 77px;\">260 cm<\/td>\n<td style=\"vertical-align: top; width: 282px;\">\u00a0<\/td>\n<\/tr>\n<tr>\n<td style=\"vertical-align: top;\">Weight<\/td>\n<td style=\"vertical-align: top; width: 77px;\">60 g\/m\u00b2<\/td>\n<td style=\"vertical-align: top; width: 282px;\">\u00a0<\/td>\n<\/tr>\n<tr>\n<td style=\"vertical-align: top;\">Thickness<\/td>\n<td style=\"vertical-align: top; width: 77px;\">0.15 mm<\/td>\n<td style=\"vertical-align: top; width: 282px;\">Fabric thickness indicated without crinkling<\/td>\n<\/tr>\n<tr>\n<td style=\"vertical-align: top;\">Flame-retardant rating<\/td>\n<td style=\"vertical-align: top; width: 77px;\"><img decoding=\"async\" style=\"height: 20px; width: 20px;\" src=\"https:\/\/www.azur-scenic.com\/wp-content\/uploads\/csm_icon-flag-france_3304e5e3f9.png\" \/> M1<\/td>\n<td style=\"vertical-align: top; width: 282px;\">EVENTS PRODUCT:<br \/>\nLifetime of rating limited to 12 months from first use in a regulated establishment.<\/td>\n<\/tr>\n<tr>\n<td style=\"vertical-align: top;\">Composition<\/td>\n<td style=\"vertical-align: top;\" colspan=\"2\" rowspan=\"1\">100% Polyester<\/td>\n<\/tr>\n<tr>\n<td style=\"vertical-align: top;\">Roll length<\/td>\n<td style=\"vertical-align: top; width: 77px;\">55 m<\/td>\n<td style=\"vertical-align: top; width: 282px;\">Rolled full-width<br \/>\nCut-to-length possible<\/td>\n<\/tr>\n<\/tbody>\n<\/table>\n<p>\u00a0<\/p><\/p>\n","protected":false},"excerpt":{"rendered":"<p>As always with <strong><span style=\"color: #f88523;\">M1 flame-retardant<\/span><\/strong> rating, our 2 essential <span style=\"color: #f88523;\"><strong>metallic voile materials<\/strong><\/span> available in gold and silver colour (<i>Saturne <\/i>and <i>Galaxie<\/i>) are available in both original and <strong><span style=\"color: #f88523;\">crinkle finish<\/span><\/strong>.<br \/>\nThis crinkle finish is produced by machine using a special process to ensure this effect is long-lasting.<br \/>\nWe offer 2 versions of this fabric according to the desired effect:<br \/>\n<strong><span style=\"color: #f88523;\">\u2022 Lam\u00e9 50% crinkle<\/span><\/strong>: the mix of 50% lurex and 50% translucent fibres give a sparkle effect combined with an <strong><span style=\"color: #f88523;\">intense transparent quality<\/span><\/strong>.<br \/>\n<span style=\"color: #f88523;\"><strong>\u2022 Lam\u00e9 100% crinkle<\/strong><\/span>: the 100% lurex fibres give an intense metallic effect with a <strong><span style=\"color: #f88523;\">moderate transparency<\/span><\/strong>.<br \/>\nThis remarkable material is ideal for <span style=\"color: #f88523;\"><strong>decorations<\/strong><\/span> at events and parties, making <span style=\"color: #f88523;\"><strong>stage sets<\/strong><\/span>, <span style=\"color: #f88523;\"><strong>curtains<\/strong><\/span> and wall hangings&#8230;<br \/>\n<span style=\"color: #f88523;\"><strong>Play with lighting effects<\/strong><\/span> to give a different tone to each fold and make your <span style=\"color: #f88523;\"><strong>backdrops<\/strong><\/span> a <span style=\"color: #f88523;\"><strong>uniquely versatile screen<\/strong><\/span>!<br \/>\nIt is recommended to protect this flame-retardant FR Polyester from the elements.<\/p>\n<table class=\"table\" style=\"background: #f7f7f7;\">\n<tbody>\n<tr>\n<td><strong>Width<\/strong>: 260 cm<\/td>\n<td><strong>Weight<\/strong>: 60 g\/m\u00b2<\/td>\n<\/tr>\n<tr>\n<td><strong>Flame-retardant rating<\/strong>: <img decoding=\"async\" style=\"height: 20px; width: 20px;\" src=\"https:\/\/www.azur-scenic.com\/wp-content\/uploads\/csm_icon-flag-france_3304e5e3f9.png\" \/> M1<\/td>\n<td style=\"vertical-align: top;\"><strong>Composition<\/strong>: 100% Polyester<\/td>\n<\/tr>\n<\/tbody>\n<\/table>\n","protected":false},"featured_media":15081,"template":"","meta":{"_acf_changed":false},"product_brand":[],"product_cat":[898,893,1334,1352,1353],"product_tag":[],"class_list":{"0":"post-18879","1":"product","2":"type-product","3":"status-publish","4":"has-post-thumbnail","6":"product_cat-all-products","7":"product_cat-stage-and-events-material","8":"product_cat-voiles-lightweight-fabrics","9":"product_cat-voiles","10":"product_cat-metallic-fabrics","11":"pa_couleurs-090-100-en","12":"pa_couleurs-090-50-en","13":"pa_couleurs-092-100-en","14":"pa_couleurs-092-50-en","15":"pa_groupes-de-couleurs-greys","16":"pa_groupes-de-couleurs-yellow","17":"pa_textiles-gloss-lacquered-and-metallic","18":"pa_textiles-flame-retardant-rated","19":"pa_textiles-transparent-and-translucent","21":"first","22":"instock","23":"shipping-taxable","24":"purchasable","25":"product-type-variable"},"acf":[],"yoast_head":"<!-- This site is optimized with the Yoast SEO plugin v27.3 - https:\/\/yoast.com\/product\/yoast-seo-wordpress\/ -->\n<title>Crinkle lam\u00e9 - Azur Scenic<\/title>\n<meta name=\"robots\" content=\"index, follow, max-snippet:-1, max-image-preview:large, max-video-preview:-1\" \/>\n<link rel=\"canonical\" href=\"https:\/\/www.azur-scenic.com\/en\/product\/crinkle-lame\/\" \/>\n<meta property=\"og:locale\" content=\"en_US\" \/>\n<meta property=\"og:type\" content=\"article\" \/>\n<meta property=\"og:title\" content=\"Crinkle lam\u00e9 - Azur Scenic\" \/>\n<meta property=\"og:description\" content=\"As always with M1 flame-retardant rating, our 2 essential metallic voile materials available in gold and silver colour (Saturne and Galaxie) are available in both original and crinkle finish. This crinkle finish is produced by machine using a special process to ensure this effect is long-lasting. We offer 2 versions of this fabric according to the desired effect: \u2022 Lam\u00e9 50% crinkle: the mix of 50% lurex and 50% translucent fibres give a sparkle effect combined with an intense transparent quality. \u2022 Lam\u00e9 100% crinkle: the 100% lurex fibres give an intense metallic effect with a moderate transparency. This remarkable material is ideal for decorations at events and parties, making stage sets, curtains and wall hangings... Play with lighting effects to give a different tone to each fold and make your backdrops a uniquely versatile screen! It is recommended to protect this flame-retardant FR Polyester from the elements.  Width: 260 cm Weight: 60 g\/m\u00b2  Flame-retardant rating: M1 Composition: 100% Polyester\" \/>\n<meta property=\"og:url\" content=\"https:\/\/www.azur-scenic.com\/en\/product\/crinkle-lame\/\" \/>\n<meta property=\"og:site_name\" content=\"Azur Scenic\" \/>\n<meta property=\"article:modified_time\" content=\"2023-08-02T12:55:10+00:00\" \/>\n<meta property=\"og:image\" content=\"https:\/\/www.azur-scenic.com\/wp-content\/uploads\/LAME-FROISSE-ARGENT-scaled.jpg\" \/>\n\t<meta property=\"og:image:width\" content=\"2560\" \/>\n\t<meta property=\"og:image:height\" content=\"2560\" \/>\n\t<meta property=\"og:image:type\" content=\"image\/jpeg\" \/>\n<meta name=\"twitter:card\" content=\"summary_large_image\" \/>\n<script type=\"application\/ld+json\" class=\"yoast-schema-graph\">{\"@context\":\"https:\\\/\\\/schema.org\",\"@graph\":[{\"@type\":\"WebPage\",\"@id\":\"https:\\\/\\\/www.azur-scenic.com\\\/en\\\/product\\\/crinkle-lame\\\/\",\"url\":\"https:\\\/\\\/www.azur-scenic.com\\\/en\\\/product\\\/crinkle-lame\\\/\",\"name\":\"Crinkle lam\u00e9 - Azur Scenic\",\"isPartOf\":{\"@id\":\"https:\\\/\\\/www.azur-scenic.com\\\/en\\\/#website\"},\"primaryImageOfPage\":{\"@id\":\"https:\\\/\\\/www.azur-scenic.com\\\/en\\\/product\\\/crinkle-lame\\\/#primaryimage\"},\"image\":{\"@id\":\"https:\\\/\\\/www.azur-scenic.com\\\/en\\\/product\\\/crinkle-lame\\\/#primaryimage\"},\"thumbnailUrl\":\"https:\\\/\\\/www.azur-scenic.com\\\/wp-content\\\/uploads\\\/LAME-FROISSE-ARGENT-scaled.jpg\",\"datePublished\":\"2022-10-04T07:25:41+00:00\",\"dateModified\":\"2023-08-02T12:55:10+00:00\",\"breadcrumb\":{\"@id\":\"https:\\\/\\\/www.azur-scenic.com\\\/en\\\/product\\\/crinkle-lame\\\/#breadcrumb\"},\"inLanguage\":\"en-US\",\"potentialAction\":[{\"@type\":\"ReadAction\",\"target\":[\"https:\\\/\\\/www.azur-scenic.com\\\/en\\\/product\\\/crinkle-lame\\\/\"]}]},{\"@type\":\"ImageObject\",\"inLanguage\":\"en-US\",\"@id\":\"https:\\\/\\\/www.azur-scenic.com\\\/en\\\/product\\\/crinkle-lame\\\/#primaryimage\",\"url\":\"https:\\\/\\\/www.azur-scenic.com\\\/wp-content\\\/uploads\\\/LAME-FROISSE-ARGENT-scaled.jpg\",\"contentUrl\":\"https:\\\/\\\/www.azur-scenic.com\\\/wp-content\\\/uploads\\\/LAME-FROISSE-ARGENT-scaled.jpg\",\"width\":2560,\"height\":2560,\"caption\":\"LAME FROISSE ARGENT\"},{\"@type\":\"BreadcrumbList\",\"@id\":\"https:\\\/\\\/www.azur-scenic.com\\\/en\\\/product\\\/crinkle-lame\\\/#breadcrumb\",\"itemListElement\":[{\"@type\":\"ListItem\",\"position\":1,\"name\":\"Accueil\",\"item\":\"https:\\\/\\\/www.azur-scenic.com\\\/en\\\/\"},{\"@type\":\"ListItem\",\"position\":2,\"name\":\"Produits\",\"item\":\"https:\\\/\\\/www.azur-scenic.com\\\/en\\\/?page_id=21438\"},{\"@type\":\"ListItem\",\"position\":3,\"name\":\"Crinkle lam\u00e9\"}]},{\"@type\":\"WebSite\",\"@id\":\"https:\\\/\\\/www.azur-scenic.com\\\/en\\\/#website\",\"url\":\"https:\\\/\\\/www.azur-scenic.com\\\/en\\\/\",\"name\":\"Azur Scenic\",\"description\":\"Sp\u00e9cialiste de l\u2019\u00e9quipement sc\u00e9nique et de la d\u00e9coration int\u00e9rieure et \u00e9v\u00e9nementielle !\",\"publisher\":{\"@id\":\"https:\\\/\\\/www.azur-scenic.com\\\/en\\\/#organization\"},\"potentialAction\":[{\"@type\":\"SearchAction\",\"target\":{\"@type\":\"EntryPoint\",\"urlTemplate\":\"https:\\\/\\\/www.azur-scenic.com\\\/en\\\/?s={search_term_string}\"},\"query-input\":{\"@type\":\"PropertyValueSpecification\",\"valueRequired\":true,\"valueName\":\"search_term_string\"}}],\"inLanguage\":\"en-US\"},{\"@type\":\"Organization\",\"@id\":\"https:\\\/\\\/www.azur-scenic.com\\\/en\\\/#organization\",\"name\":\"AZUR SCENIC\",\"url\":\"https:\\\/\\\/www.azur-scenic.com\\\/en\\\/\",\"logo\":{\"@type\":\"ImageObject\",\"inLanguage\":\"en-US\",\"@id\":\"https:\\\/\\\/www.azur-scenic.com\\\/en\\\/#\\\/schema\\\/logo\\\/image\\\/\",\"url\":\"https:\\\/\\\/www.azur-scenic.com\\\/wp-content\\\/uploads\\\/2022\\\/09\\\/LOGO-AZUR-SCENIC-Fusion-web-236x64-1.jpg\",\"contentUrl\":\"https:\\\/\\\/www.azur-scenic.com\\\/wp-content\\\/uploads\\\/2022\\\/09\\\/LOGO-AZUR-SCENIC-Fusion-web-236x64-1.jpg\",\"width\":236,\"height\":64,\"caption\":\"AZUR SCENIC\"},\"image\":{\"@id\":\"https:\\\/\\\/www.azur-scenic.com\\\/en\\\/#\\\/schema\\\/logo\\\/image\\\/\"},\"sameAs\":[\"https:\\\/\\\/www.youtube.com\\\/channel\\\/UCPWM2mGPVUt4nYhNlm71WOA\",\"https:\\\/\\\/www.linkedin.com\\\/company\\\/33237605\\\/admin\\\/feed\\\/posts\\\/\"]}]}<\/script>\n<!-- \/ Yoast SEO plugin. -->","yoast_head_json":{"title":"Crinkle lam\u00e9 - Azur Scenic","robots":{"index":"index","follow":"follow","max-snippet":"max-snippet:-1","max-image-preview":"max-image-preview:large","max-video-preview":"max-video-preview:-1"},"canonical":"https:\/\/www.azur-scenic.com\/en\/product\/crinkle-lame\/","og_locale":"en_US","og_type":"article","og_title":"Crinkle lam\u00e9 - Azur Scenic","og_description":"As always with M1 flame-retardant rating, our 2 essential metallic voile materials available in gold and silver colour (Saturne and Galaxie) are available in both original and crinkle finish. This crinkle finish is produced by machine using a special process to ensure this effect is long-lasting. We offer 2 versions of this fabric according to the desired effect: \u2022 Lam\u00e9 50% crinkle: the mix of 50% lurex and 50% translucent fibres give a sparkle effect combined with an intense transparent quality. \u2022 Lam\u00e9 100% crinkle: the 100% lurex fibres give an intense metallic effect with a moderate transparency. This remarkable material is ideal for decorations at events and parties, making stage sets, curtains and wall hangings... Play with lighting effects to give a different tone to each fold and make your backdrops a uniquely versatile screen! It is recommended to protect this flame-retardant FR Polyester from the elements.  Width: 260 cm Weight: 60 g\/m\u00b2  Flame-retardant rating: M1 Composition: 100% Polyester","og_url":"https:\/\/www.azur-scenic.com\/en\/product\/crinkle-lame\/","og_site_name":"Azur Scenic","article_modified_time":"2023-08-02T12:55:10+00:00","og_image":[{"width":2560,"height":2560,"url":"https:\/\/www.azur-scenic.com\/wp-content\/uploads\/LAME-FROISSE-ARGENT-scaled.jpg","type":"image\/jpeg"}],"twitter_card":"summary_large_image","schema":{"@context":"https:\/\/schema.org","@graph":[{"@type":"WebPage","@id":"https:\/\/www.azur-scenic.com\/en\/product\/crinkle-lame\/","url":"https:\/\/www.azur-scenic.com\/en\/product\/crinkle-lame\/","name":"Crinkle lam\u00e9 - Azur Scenic","isPartOf":{"@id":"https:\/\/www.azur-scenic.com\/en\/#website"},"primaryImageOfPage":{"@id":"https:\/\/www.azur-scenic.com\/en\/product\/crinkle-lame\/#primaryimage"},"image":{"@id":"https:\/\/www.azur-scenic.com\/en\/product\/crinkle-lame\/#primaryimage"},"thumbnailUrl":"https:\/\/www.azur-scenic.com\/wp-content\/uploads\/LAME-FROISSE-ARGENT-scaled.jpg","datePublished":"2022-10-04T07:25:41+00:00","dateModified":"2023-08-02T12:55:10+00:00","breadcrumb":{"@id":"https:\/\/www.azur-scenic.com\/en\/product\/crinkle-lame\/#breadcrumb"},"inLanguage":"en-US","potentialAction":[{"@type":"ReadAction","target":["https:\/\/www.azur-scenic.com\/en\/product\/crinkle-lame\/"]}]},{"@type":"ImageObject","inLanguage":"en-US","@id":"https:\/\/www.azur-scenic.com\/en\/product\/crinkle-lame\/#primaryimage","url":"https:\/\/www.azur-scenic.com\/wp-content\/uploads\/LAME-FROISSE-ARGENT-scaled.jpg","contentUrl":"https:\/\/www.azur-scenic.com\/wp-content\/uploads\/LAME-FROISSE-ARGENT-scaled.jpg","width":2560,"height":2560,"caption":"LAME FROISSE ARGENT"},{"@type":"BreadcrumbList","@id":"https:\/\/www.azur-scenic.com\/en\/product\/crinkle-lame\/#breadcrumb","itemListElement":[{"@type":"ListItem","position":1,"name":"Accueil","item":"https:\/\/www.azur-scenic.com\/en\/"},{"@type":"ListItem","position":2,"name":"Produits","item":"https:\/\/www.azur-scenic.com\/en\/?page_id=21438"},{"@type":"ListItem","position":3,"name":"Crinkle lam\u00e9"}]},{"@type":"WebSite","@id":"https:\/\/www.azur-scenic.com\/en\/#website","url":"https:\/\/www.azur-scenic.com\/en\/","name":"Azur Scenic","description":"Sp\u00e9cialiste de l\u2019\u00e9quipement sc\u00e9nique et de la d\u00e9coration int\u00e9rieure et \u00e9v\u00e9nementielle !","publisher":{"@id":"https:\/\/www.azur-scenic.com\/en\/#organization"},"potentialAction":[{"@type":"SearchAction","target":{"@type":"EntryPoint","urlTemplate":"https:\/\/www.azur-scenic.com\/en\/?s={search_term_string}"},"query-input":{"@type":"PropertyValueSpecification","valueRequired":true,"valueName":"search_term_string"}}],"inLanguage":"en-US"},{"@type":"Organization","@id":"https:\/\/www.azur-scenic.com\/en\/#organization","name":"AZUR SCENIC","url":"https:\/\/www.azur-scenic.com\/en\/","logo":{"@type":"ImageObject","inLanguage":"en-US","@id":"https:\/\/www.azur-scenic.com\/en\/#\/schema\/logo\/image\/","url":"https:\/\/www.azur-scenic.com\/wp-content\/uploads\/2022\/09\/LOGO-AZUR-SCENIC-Fusion-web-236x64-1.jpg","contentUrl":"https:\/\/www.azur-scenic.com\/wp-content\/uploads\/2022\/09\/LOGO-AZUR-SCENIC-Fusion-web-236x64-1.jpg","width":236,"height":64,"caption":"AZUR SCENIC"},"image":{"@id":"https:\/\/www.azur-scenic.com\/en\/#\/schema\/logo\/image\/"},"sameAs":["https:\/\/www.youtube.com\/channel\/UCPWM2mGPVUt4nYhNlm71WOA","https:\/\/www.linkedin.com\/company\/33237605\/admin\/feed\/posts\/"]}]}},"_links":{"self":[{"href":"https:\/\/www.azur-scenic.com\/en\/wp-json\/wp\/v2\/product\/18879","targetHints":{"allow":["GET"]}}],"collection":[{"href":"https:\/\/www.azur-scenic.com\/en\/wp-json\/wp\/v2\/product"}],"about":[{"href":"https:\/\/www.azur-scenic.com\/en\/wp-json\/wp\/v2\/types\/product"}],"wp:featuredmedia":[{"embeddable":true,"href":"https:\/\/www.azur-scenic.com\/en\/wp-json\/wp\/v2\/media\/15081"}],"wp:attachment":[{"href":"https:\/\/www.azur-scenic.com\/en\/wp-json\/wp\/v2\/media?parent=18879"}],"wp:term":[{"taxonomy":"product_brand","embeddable":true,"href":"https:\/\/www.azur-scenic.com\/en\/wp-json\/wp\/v2\/product_brand?post=18879"},{"taxonomy":"product_cat","embeddable":true,"href":"https:\/\/www.azur-scenic.com\/en\/wp-json\/wp\/v2\/product_cat?post=18879"},{"taxonomy":"product_tag","embeddable":true,"href":"https:\/\/www.azur-scenic.com\/en\/wp-json\/wp\/v2\/product_tag?post=18879"}],"curies":[{"name":"wp","href":"https:\/\/api.w.org\/{rel}","templated":true}]}}