{"id":18893,"date":"2022-10-04T07:25:41","date_gmt":"2022-10-04T07:25:41","guid":{"rendered":"https:\/\/www.azur-scenic.com\/produit\/calicot-cs\/"},"modified":"2023-08-02T12:57:35","modified_gmt":"2023-08-02T12:57:35","slug":"calicot-cs","status":"publish","type":"product","link":"https:\/\/www.azur-scenic.com\/en\/product\/calicot-cs\/","title":{"rendered":"Calicot CS"},"content":{"rendered":"<table style=\"width: 593.817px;\">\n<thead>\n<tr>\n<th style=\"width: 170px;\">Technical data<\/th>\n<th style=\"width: 161px;\">Value<\/th>\n<th style=\"width: 239.817px;\">Notes<\/th>\n<\/tr>\n<\/thead>\n<tbody>\n<tr>\n<td style=\"vertical-align: top; width: 170px;\">Width<\/td>\n<td style=\"vertical-align: top; width: 161px;\">150 cm (ref. 4903)<br \/>\n310 cm (ref. 4905)<br \/>\n505 cm (ref. 4906)<\/td>\n<td style=\"vertical-align: top; width: 239.817px;\">All colours<br \/>\nWhite only<br \/>\nWhite only<\/td>\n<\/tr>\n<tr>\n<td style=\"vertical-align: top; width: 170px;\">Weight<\/td>\n<td style=\"vertical-align: top; width: 161px;\">110 g\/m\u00b2<\/td>\n<td style=\"vertical-align: top; width: 239.817px;\">\u00a0<\/td>\n<\/tr>\n<tr>\n<td style=\"vertical-align: top; width: 170px;\">Thickness<\/td>\n<td style=\"vertical-align: top; width: 161px;\">0.29 mm<\/td>\n<td style=\"vertical-align: top; width: 239.817px;\">\u00a0<\/td>\n<\/tr>\n<tr>\n<td style=\"vertical-align: top; width: 170px;\">Flame-retardant rating<\/td>\n<td style=\"vertical-align: top; width: 161px;\"><img decoding=\"async\" style=\"height: 20px; width: 20px;\" src=\"https:\/\/www.azur-scenic.com\/wp-content\/uploads\/csm_icon-flag-france_3304e5e3f9.png\" \/> M1<br \/>\n<img decoding=\"async\" style=\"height: 20px; width: 20px;\" src=\"https:\/\/www.azur-scenic.com\/wp-content\/uploads\/icon-flag-allemagne.png\" \/> B1<br \/>\n<img decoding=\"async\" style=\"height: 20px; width: 20px;\" src=\"https:\/\/www.azur-scenic.com\/wp-content\/uploads\/icon-flag-europe.png\" \/> B-s1,d0<\/td>\n<td style=\"vertical-align: top; width: 239.817px;\">\u00a0<\/td>\n<\/tr>\n<tr>\n<td style=\"vertical-align: top; width: 170px;\">Composition<\/td>\n<td style=\"vertical-align: top; width: 400.817px;\" colspan=\"2\">100% FR Polyester (white)<br \/>\n100% Trevira CS (colours)<\/td>\n<\/tr>\n<tr>\n<td style=\"vertical-align: top; width: 170px;\">Roll length<\/td>\n<td style=\"vertical-align: top; width: 161px;\">100 m (rolled)<\/td>\n<td style=\"vertical-align: top; width: 239.817px;\">Cut-to-length possible<\/td>\n<\/tr>\n<\/tbody>\n<\/table>\n<p>\u00a0<\/p><\/p>\n","protected":false},"excerpt":{"rendered":"<p>A traditional <span style=\"color: #f88523;\"><strong>polyester mesh or flag mesh<\/strong><\/span>, this <span style=\"color: #f88523;\"><strong>light <\/strong><\/span> shiny fabric is available in <span style=\"color: #f88523;\"><strong>6 colours<\/strong><\/span> and <span style=\"color: #f88523;\"><strong>3 widths<\/strong><\/span>.<br \/>\nRated <span style=\"color: #f88523;\"><strong>M1 flame-retardant<\/strong><\/span>, this versatile voile fabric is ideal for making flags, <span style=\"color: #f88523;\"><strong>banners<\/strong><\/span>, and pennons, as well as <strong><span style=\"color: #f88523;\">dressing stands<\/span><\/strong> and <span style=\"color: #f88523;\"><strong>structures<\/strong><\/span> but also for making <strong><span style=\"color: #f88523;\">stage designs<\/span><\/strong>, <span style=\"color: #f88523;\"><strong>curtains<\/strong><\/span> and more&#8230;<\/p>\n<p>100% FR Polyester or <strong><span style=\"color: #f88523;\">Trevira CS<\/span><\/strong>, this fabric is <span style=\"color: #f88523;\"><strong>washable<\/strong><\/span> and air permeable.<br \/>\nIt can therefore be used both <span style=\"color: #f88523;\"><strong>indoors<\/strong><\/span> and <span style=\"color: #f88523;\"><strong>outdoors<\/strong><\/span>.<\/p>\n<p>Certified with the <span style=\"color: #f88523;\"><strong>Oeko Tex<\/strong><\/span> label, this fabric is <span style=\"color: #f88523;\"><strong>environmentally friendly<\/strong><\/span>.<\/p>\n<table class=\"table\" style=\"background: #f7f7f7;\">\n<tbody>\n<tr>\n<td><strong>Width<\/strong>: 150 cm, 310 cm, 505 cm<\/td>\n<td><strong>Weight<\/strong>: 110 g\/m\u00b2<\/td>\n<\/tr>\n<tr>\n<td><strong>Flame-retardant rating<\/strong>: <img decoding=\"async\" style=\"height: 20px; width: 20px;\" src=\"https:\/\/www.azur-scenic.com\/wp-content\/uploads\/csm_icon-flag-france_3304e5e3f9.png\" \/> M1 <img decoding=\"async\" style=\"height: 20px; width: 20px;\" src=\"https:\/\/www.azur-scenic.com\/wp-content\/uploads\/icon-flag-allemagne.png\" \/> B1<br \/>\n<img decoding=\"async\" style=\"height: 20px; width: 20px;\" src=\"https:\/\/www.azur-scenic.com\/wp-content\/uploads\/icon-flag-europe.png\" \/> B-s1,d0<\/td>\n<td style=\"vertical-align: top;\"><strong>Composition<\/strong>:<br \/>\n100% FR Polyester (white)<br \/>\n100% Trevira CS (colours)<\/td>\n<\/tr>\n<\/tbody>\n<\/table>\n","protected":false},"featured_media":7122,"template":"","meta":{"_acf_changed":false},"product_brand":[],"product_cat":[898,893,1334,1352,1331],"product_tag":[],"class_list":{"0":"post-18893","1":"product","2":"type-product","3":"status-publish","4":"has-post-thumbnail","6":"product_cat-all-products","7":"product_cat-stage-and-events-material","8":"product_cat-voiles-lightweight-fabrics","9":"product_cat-voiles","10":"product_cat-extra-light-canvas","11":"pa_couleurs-002-en","12":"pa_couleurs-003-en","13":"pa_couleurs-250-en","14":"pa_couleurs-460-en","15":"pa_couleurs-690-en","16":"pa_couleurs-765-en","17":"pa_groupes-de-couleurs-white","18":"pa_groupes-de-couleurs-blue","19":"pa_groupes-de-couleurs-yellow","20":"pa_groupes-de-couleurs-black","21":"pa_groupes-de-couleurs-red","22":"pa_groupes-de-couleurs-green","23":"pa_textiles-suitable-for-outdoors-use","24":"pa_textiles-flame-retardant-rated","25":"pa_textiles-printable","26":"pa_textiles-washable","27":"pa_textiles-oeko-tex","28":"pa_textiles-trevira-cs","29":"pa_textiles-very-large-width","30":"pa_textiles-environmentally-friendly","32":"first","33":"instock","34":"shipping-taxable","35":"purchasable","36":"product-type-variable"},"acf":[],"yoast_head":"<!-- This site is optimized with the Yoast SEO plugin v27.5 - https:\/\/yoast.com\/product\/yoast-seo-wordpress\/ -->\n<title>Calicot CS - Azur Scenic<\/title>\n<meta name=\"robots\" content=\"index, follow, max-snippet:-1, max-image-preview:large, max-video-preview:-1\" \/>\n<link rel=\"canonical\" href=\"https:\/\/www.azur-scenic.com\/en\/product\/calicot-cs\/\" \/>\n<meta property=\"og:locale\" content=\"en_US\" \/>\n<meta property=\"og:type\" content=\"article\" \/>\n<meta property=\"og:title\" content=\"Calicot CS - Azur Scenic\" \/>\n<meta property=\"og:description\" content=\"A traditional polyester mesh or flag mesh, this light shiny fabric is available in 6 colours and 3 widths. Rated M1 flame-retardant, this versatile voile fabric is ideal for making flags, banners, and pennons, as well as dressing stands and structures but also for making stage designs, curtains and more... 100% FR Polyester or Trevira CS, this fabric is washable and air permeable. It can therefore be used both indoors and outdoors. Certified with the Oeko Tex label, this fabric is environmentally friendly.  Width: 150 cm, 310 cm, 505 cm Weight: 110 g\/m\u00b2  Flame-retardant rating: M1 B1 B-s1,d0 Composition: 100% FR Polyester (white) 100% Trevira CS (colours)\" \/>\n<meta property=\"og:url\" content=\"https:\/\/www.azur-scenic.com\/en\/product\/calicot-cs\/\" \/>\n<meta property=\"og:site_name\" content=\"Azur Scenic\" \/>\n<meta property=\"article:modified_time\" content=\"2023-08-02T12:57:35+00:00\" \/>\n<meta property=\"og:image\" content=\"https:\/\/www.azur-scenic.com\/wp-content\/uploads\/4e0b6754bf8fa5a1f82b75ab4496c3a0.png\" \/>\n\t<meta property=\"og:image:width\" content=\"430\" \/>\n\t<meta property=\"og:image:height\" content=\"430\" \/>\n\t<meta property=\"og:image:type\" content=\"image\/png\" \/>\n<meta name=\"twitter:card\" content=\"summary_large_image\" \/>\n<script type=\"application\/ld+json\" class=\"yoast-schema-graph\">{\"@context\":\"https:\\\/\\\/schema.org\",\"@graph\":[{\"@type\":\"WebPage\",\"@id\":\"https:\\\/\\\/www.azur-scenic.com\\\/en\\\/product\\\/calicot-cs\\\/\",\"url\":\"https:\\\/\\\/www.azur-scenic.com\\\/en\\\/product\\\/calicot-cs\\\/\",\"name\":\"Calicot CS - Azur Scenic\",\"isPartOf\":{\"@id\":\"https:\\\/\\\/www.azur-scenic.com\\\/en\\\/#website\"},\"primaryImageOfPage\":{\"@id\":\"https:\\\/\\\/www.azur-scenic.com\\\/en\\\/product\\\/calicot-cs\\\/#primaryimage\"},\"image\":{\"@id\":\"https:\\\/\\\/www.azur-scenic.com\\\/en\\\/product\\\/calicot-cs\\\/#primaryimage\"},\"thumbnailUrl\":\"https:\\\/\\\/www.azur-scenic.com\\\/wp-content\\\/uploads\\\/4e0b6754bf8fa5a1f82b75ab4496c3a0.png\",\"datePublished\":\"2022-10-04T07:25:41+00:00\",\"dateModified\":\"2023-08-02T12:57:35+00:00\",\"breadcrumb\":{\"@id\":\"https:\\\/\\\/www.azur-scenic.com\\\/en\\\/product\\\/calicot-cs\\\/#breadcrumb\"},\"inLanguage\":\"en-US\",\"potentialAction\":[{\"@type\":\"ReadAction\",\"target\":[\"https:\\\/\\\/www.azur-scenic.com\\\/en\\\/product\\\/calicot-cs\\\/\"]}]},{\"@type\":\"ImageObject\",\"inLanguage\":\"en-US\",\"@id\":\"https:\\\/\\\/www.azur-scenic.com\\\/en\\\/product\\\/calicot-cs\\\/#primaryimage\",\"url\":\"https:\\\/\\\/www.azur-scenic.com\\\/wp-content\\\/uploads\\\/4e0b6754bf8fa5a1f82b75ab4496c3a0.png\",\"contentUrl\":\"https:\\\/\\\/www.azur-scenic.com\\\/wp-content\\\/uploads\\\/4e0b6754bf8fa5a1f82b75ab4496c3a0.png\",\"width\":430,\"height\":430},{\"@type\":\"BreadcrumbList\",\"@id\":\"https:\\\/\\\/www.azur-scenic.com\\\/en\\\/product\\\/calicot-cs\\\/#breadcrumb\",\"itemListElement\":[{\"@type\":\"ListItem\",\"position\":1,\"name\":\"Accueil\",\"item\":\"https:\\\/\\\/www.azur-scenic.com\\\/en\\\/\"},{\"@type\":\"ListItem\",\"position\":2,\"name\":\"Produits\",\"item\":\"https:\\\/\\\/www.azur-scenic.com\\\/en\\\/?page_id=21438\"},{\"@type\":\"ListItem\",\"position\":3,\"name\":\"Calicot CS\"}]},{\"@type\":\"WebSite\",\"@id\":\"https:\\\/\\\/www.azur-scenic.com\\\/en\\\/#website\",\"url\":\"https:\\\/\\\/www.azur-scenic.com\\\/en\\\/\",\"name\":\"Azur Scenic\",\"description\":\"Sp\u00e9cialiste de l\u2019\u00e9quipement sc\u00e9nique et de la d\u00e9coration int\u00e9rieure et \u00e9v\u00e9nementielle !\",\"publisher\":{\"@id\":\"https:\\\/\\\/www.azur-scenic.com\\\/en\\\/#organization\"},\"potentialAction\":[{\"@type\":\"SearchAction\",\"target\":{\"@type\":\"EntryPoint\",\"urlTemplate\":\"https:\\\/\\\/www.azur-scenic.com\\\/en\\\/?s={search_term_string}\"},\"query-input\":{\"@type\":\"PropertyValueSpecification\",\"valueRequired\":true,\"valueName\":\"search_term_string\"}}],\"inLanguage\":\"en-US\"},{\"@type\":\"Organization\",\"@id\":\"https:\\\/\\\/www.azur-scenic.com\\\/en\\\/#organization\",\"name\":\"AZUR SCENIC\",\"url\":\"https:\\\/\\\/www.azur-scenic.com\\\/en\\\/\",\"logo\":{\"@type\":\"ImageObject\",\"inLanguage\":\"en-US\",\"@id\":\"https:\\\/\\\/www.azur-scenic.com\\\/en\\\/#\\\/schema\\\/logo\\\/image\\\/\",\"url\":\"https:\\\/\\\/www.azur-scenic.com\\\/wp-content\\\/uploads\\\/2022\\\/09\\\/LOGO-AZUR-SCENIC-Fusion-web-236x64-1.jpg\",\"contentUrl\":\"https:\\\/\\\/www.azur-scenic.com\\\/wp-content\\\/uploads\\\/2022\\\/09\\\/LOGO-AZUR-SCENIC-Fusion-web-236x64-1.jpg\",\"width\":236,\"height\":64,\"caption\":\"AZUR SCENIC\"},\"image\":{\"@id\":\"https:\\\/\\\/www.azur-scenic.com\\\/en\\\/#\\\/schema\\\/logo\\\/image\\\/\"},\"sameAs\":[\"https:\\\/\\\/www.youtube.com\\\/channel\\\/UCPWM2mGPVUt4nYhNlm71WOA\",\"https:\\\/\\\/www.linkedin.com\\\/company\\\/33237605\\\/admin\\\/feed\\\/posts\\\/\"]}]}<\/script>\n<!-- \/ Yoast SEO plugin. -->","yoast_head_json":{"title":"Calicot CS - Azur Scenic","robots":{"index":"index","follow":"follow","max-snippet":"max-snippet:-1","max-image-preview":"max-image-preview:large","max-video-preview":"max-video-preview:-1"},"canonical":"https:\/\/www.azur-scenic.com\/en\/product\/calicot-cs\/","og_locale":"en_US","og_type":"article","og_title":"Calicot CS - Azur Scenic","og_description":"A traditional polyester mesh or flag mesh, this light shiny fabric is available in 6 colours and 3 widths. Rated M1 flame-retardant, this versatile voile fabric is ideal for making flags, banners, and pennons, as well as dressing stands and structures but also for making stage designs, curtains and more... 100% FR Polyester or Trevira CS, this fabric is washable and air permeable. It can therefore be used both indoors and outdoors. Certified with the Oeko Tex label, this fabric is environmentally friendly.  Width: 150 cm, 310 cm, 505 cm Weight: 110 g\/m\u00b2  Flame-retardant rating: M1 B1 B-s1,d0 Composition: 100% FR Polyester (white) 100% Trevira CS (colours)","og_url":"https:\/\/www.azur-scenic.com\/en\/product\/calicot-cs\/","og_site_name":"Azur Scenic","article_modified_time":"2023-08-02T12:57:35+00:00","og_image":[{"width":430,"height":430,"url":"https:\/\/www.azur-scenic.com\/wp-content\/uploads\/4e0b6754bf8fa5a1f82b75ab4496c3a0.png","type":"image\/png"}],"twitter_card":"summary_large_image","schema":{"@context":"https:\/\/schema.org","@graph":[{"@type":"WebPage","@id":"https:\/\/www.azur-scenic.com\/en\/product\/calicot-cs\/","url":"https:\/\/www.azur-scenic.com\/en\/product\/calicot-cs\/","name":"Calicot CS - Azur Scenic","isPartOf":{"@id":"https:\/\/www.azur-scenic.com\/en\/#website"},"primaryImageOfPage":{"@id":"https:\/\/www.azur-scenic.com\/en\/product\/calicot-cs\/#primaryimage"},"image":{"@id":"https:\/\/www.azur-scenic.com\/en\/product\/calicot-cs\/#primaryimage"},"thumbnailUrl":"https:\/\/www.azur-scenic.com\/wp-content\/uploads\/4e0b6754bf8fa5a1f82b75ab4496c3a0.png","datePublished":"2022-10-04T07:25:41+00:00","dateModified":"2023-08-02T12:57:35+00:00","breadcrumb":{"@id":"https:\/\/www.azur-scenic.com\/en\/product\/calicot-cs\/#breadcrumb"},"inLanguage":"en-US","potentialAction":[{"@type":"ReadAction","target":["https:\/\/www.azur-scenic.com\/en\/product\/calicot-cs\/"]}]},{"@type":"ImageObject","inLanguage":"en-US","@id":"https:\/\/www.azur-scenic.com\/en\/product\/calicot-cs\/#primaryimage","url":"https:\/\/www.azur-scenic.com\/wp-content\/uploads\/4e0b6754bf8fa5a1f82b75ab4496c3a0.png","contentUrl":"https:\/\/www.azur-scenic.com\/wp-content\/uploads\/4e0b6754bf8fa5a1f82b75ab4496c3a0.png","width":430,"height":430},{"@type":"BreadcrumbList","@id":"https:\/\/www.azur-scenic.com\/en\/product\/calicot-cs\/#breadcrumb","itemListElement":[{"@type":"ListItem","position":1,"name":"Accueil","item":"https:\/\/www.azur-scenic.com\/en\/"},{"@type":"ListItem","position":2,"name":"Produits","item":"https:\/\/www.azur-scenic.com\/en\/?page_id=21438"},{"@type":"ListItem","position":3,"name":"Calicot CS"}]},{"@type":"WebSite","@id":"https:\/\/www.azur-scenic.com\/en\/#website","url":"https:\/\/www.azur-scenic.com\/en\/","name":"Azur Scenic","description":"Sp\u00e9cialiste de l\u2019\u00e9quipement sc\u00e9nique et de la d\u00e9coration int\u00e9rieure et \u00e9v\u00e9nementielle !","publisher":{"@id":"https:\/\/www.azur-scenic.com\/en\/#organization"},"potentialAction":[{"@type":"SearchAction","target":{"@type":"EntryPoint","urlTemplate":"https:\/\/www.azur-scenic.com\/en\/?s={search_term_string}"},"query-input":{"@type":"PropertyValueSpecification","valueRequired":true,"valueName":"search_term_string"}}],"inLanguage":"en-US"},{"@type":"Organization","@id":"https:\/\/www.azur-scenic.com\/en\/#organization","name":"AZUR SCENIC","url":"https:\/\/www.azur-scenic.com\/en\/","logo":{"@type":"ImageObject","inLanguage":"en-US","@id":"https:\/\/www.azur-scenic.com\/en\/#\/schema\/logo\/image\/","url":"https:\/\/www.azur-scenic.com\/wp-content\/uploads\/2022\/09\/LOGO-AZUR-SCENIC-Fusion-web-236x64-1.jpg","contentUrl":"https:\/\/www.azur-scenic.com\/wp-content\/uploads\/2022\/09\/LOGO-AZUR-SCENIC-Fusion-web-236x64-1.jpg","width":236,"height":64,"caption":"AZUR SCENIC"},"image":{"@id":"https:\/\/www.azur-scenic.com\/en\/#\/schema\/logo\/image\/"},"sameAs":["https:\/\/www.youtube.com\/channel\/UCPWM2mGPVUt4nYhNlm71WOA","https:\/\/www.linkedin.com\/company\/33237605\/admin\/feed\/posts\/"]}]}},"_links":{"self":[{"href":"https:\/\/www.azur-scenic.com\/en\/wp-json\/wp\/v2\/product\/18893","targetHints":{"allow":["GET"]}}],"collection":[{"href":"https:\/\/www.azur-scenic.com\/en\/wp-json\/wp\/v2\/product"}],"about":[{"href":"https:\/\/www.azur-scenic.com\/en\/wp-json\/wp\/v2\/types\/product"}],"wp:featuredmedia":[{"embeddable":true,"href":"https:\/\/www.azur-scenic.com\/en\/wp-json\/wp\/v2\/media\/7122"}],"wp:attachment":[{"href":"https:\/\/www.azur-scenic.com\/en\/wp-json\/wp\/v2\/media?parent=18893"}],"wp:term":[{"taxonomy":"product_brand","embeddable":true,"href":"https:\/\/www.azur-scenic.com\/en\/wp-json\/wp\/v2\/product_brand?post=18893"},{"taxonomy":"product_cat","embeddable":true,"href":"https:\/\/www.azur-scenic.com\/en\/wp-json\/wp\/v2\/product_cat?post=18893"},{"taxonomy":"product_tag","embeddable":true,"href":"https:\/\/www.azur-scenic.com\/en\/wp-json\/wp\/v2\/product_tag?post=18893"}],"curies":[{"name":"wp","href":"https:\/\/api.w.org\/{rel}","templated":true}]}}