{"id":18915,"date":"2022-10-04T07:25:40","date_gmt":"2022-10-04T07:25:40","guid":{"rendered":"https:\/\/www.azur-scenic.com\/produit\/toile-nocturne\/"},"modified":"2023-08-02T12:55:20","modified_gmt":"2023-08-02T12:55:20","slug":"nocturne-cloth","status":"publish","type":"product","link":"https:\/\/www.azur-scenic.com\/en\/product\/nocturne-cloth\/","title":{"rendered":"Nocturne cloth"},"content":{"rendered":"<table>\n<thead>\n<tr>\n<th style=\"width: 183px;\">Technical data<\/th>\n<th style=\"width: 113px;\">Value<\/th>\n<th style=\"width: 232px;\">Notes<\/th>\n<\/tr>\n<\/thead>\n<tbody>\n<tr>\n<td style=\"vertical-align: top; width: 183px;\">Width<\/td>\n<td style=\"vertical-align: top; width: 113px;\">200 cm<\/td>\n<td style=\"vertical-align: top; width: 232px;\">\u00a0<\/td>\n<\/tr>\n<tr>\n<td style=\"vertical-align: top; width: 183px;\">Weight<\/td>\n<td style=\"vertical-align: top; width: 113px;\">270 g\/m\u00b2<\/td>\n<td style=\"vertical-align: top; width: 232px;\">\u00a0<\/td>\n<\/tr>\n<tr>\n<td style=\"vertical-align: top; width: 183px;\">Thickness<\/td>\n<td style=\"vertical-align: top; width: 113px;\">0.41\u00a0mm<\/td>\n<td style=\"vertical-align: top; width: 232px;\">\u00a0<\/td>\n<\/tr>\n<tr>\n<td style=\"vertical-align: top; width: 183px;\">Flame-retardant rating<\/td>\n<td style=\"vertical-align: top; width: 113px;\"><img decoding=\"async\" style=\"height: 20px; width: 20px;\" src=\"https:\/\/www.azur-scenic.com\/wp-content\/uploads\/csm_icon-flag-france_3304e5e3f9.png\" \/> M1<\/td>\n<td style=\"vertical-align: top; width: 232px;\">Standard: NF P 92-503-507<\/td>\n<\/tr>\n<tr>\n<td style=\"vertical-align: top; width: 183px;\">Composition<\/td>\n<td style=\"vertical-align: top; width: 350px;\" colspan=\"2\">100% Polyester + acrylic coating on the underside<\/td>\n<\/tr>\n<tr>\n<td style=\"vertical-align: top; width: 183px;\">Roll length<\/td>\n<td style=\"vertical-align: top; width: 113px;\">Approx. 50 m<br \/>\nRolled full-width<\/td>\n<td style=\"vertical-align: top; width: 232px;\">Lengths not calibrated, variable lengths<br \/>\nCut-to-length possible<\/td>\n<\/tr>\n<tr>\n<td style=\"vertical-align: top; width: 183px;\">Split resistance<\/td>\n<td style=\"vertical-align: top; width: 113px;\">Warp: 42 daN<br \/>\nWeft: 64 daN<\/td>\n<td style=\"vertical-align: top; width: 232px;\">Standard: ISO 13934-1<\/td>\n<\/tr>\n<tr>\n<td style=\"vertical-align: top; width: 183px;\">Breaking strain<\/td>\n<td style=\"vertical-align: top; width: 113px;\">Warp: 38\u00a0mm<br \/>\nWeft: 27\u00a0mm<\/td>\n<td style=\"vertical-align: top; width: 232px;\">Standard: ISO 13934-1<\/td>\n<\/tr>\n<tr>\n<td style=\"vertical-align: top; width: 183px;\">Dimensional stability<\/td>\n<td style=\"vertical-align: top; width: 113px;\">Warp: 0%<br \/>\nWeft: 0%<\/td>\n<td style=\"vertical-align: top; width: 232px;\">\u00a0<\/td>\n<\/tr>\n<tr>\n<td style=\"vertical-align: top; width: 183px;\">Light fastness \/ UV resistance<\/td>\n<td style=\"vertical-align: top; width: 113px;\">5 Class \/ 8<\/td>\n<td style=\"vertical-align: top; width: 232px;\">Standard: ISO 105 B02<\/td>\n<\/tr>\n<tr>\n<td style=\"vertical-align: top; width: 183px;\">LIGHT<br \/>\nLight reflection<br \/>\nLight absorption<br \/>\nLight transmission<\/td>\n<td style=\"vertical-align: top; width: 113px;\">5%<br \/>\n95%<br \/>\n0%<\/td>\n<td style=\"vertical-align: top; width: 232px;\">Standard: DIN EN 410 2011<\/td>\n<\/tr>\n<tr>\n<td style=\"vertical-align: top; width: 183px;\">SUNLIGHT<br \/>\nSunlight reflection<br \/>\nSunlight absorption<br \/>\nSunlight \/ UV transmission<\/td>\n<td style=\"vertical-align: top; width: 113px;\">5%<br \/>\n95%<br \/>\n0%<\/td>\n<td style=\"vertical-align: top; width: 232px;\">Standard: DIN EN 410 2011<\/td>\n<\/tr>\n<tr>\n<td style=\"vertical-align: top; width: 183px;\">Acoustic<\/td>\n<td style=\"vertical-align: top; width: 113px;\">0.27<\/td>\n<td style=\"vertical-align: top; width: 232px;\">Standard: NRC &#8211; EN ISO 354<\/td>\n<\/tr>\n<\/tbody>\n<\/table>\n<p><span style=\"font-size: 13px;\"><em>Average noise reduction coefficient (NRC) in alpha Sabin<\/em><\/span><br \/>\n<span style=\"font-size: 13px;\"><em>The NRC obtained gives a material\u2019s ability to allow the passage of sound waves. An NRC of near 0 is given to materials that allow the passage of sound waves or which cause little disruption to noise. These are therefore recommended, for example, for covering an acoustic panel. Conversely, a rating of close to 1 means an absorbent material or which strongly disrupts through the reflection of sound waves. It is therefore highly recommended, for example, for improving the acoustic performance of a space according to the required specifications.<\/em><\/span><\/p>\n<p>\u00a0<\/p><\/p>\n","protected":false},"excerpt":{"rendered":"<p>A <strong><span style=\"color: #f88523;\">100% black-out<\/span><\/strong> material with <span style=\"color: #f88523;\"><strong>M1 flame-retardant rating<\/strong><\/span>, and black treatment on the rear. The black colour on the 2 sides &#8211; a rare feature in ranges of flocked shade material &#8211; lets you use it <span style=\"color: #f88523;\"><strong>discretely<\/strong><\/span> in <span style=\"color: #f88523;\"><strong> particularly dark environments<\/strong><\/span>.<\/p>\n<p><span style=\"color: #f88523;\"><strong>Washable<\/strong><\/span> and <span style=\"color: #f88523;\"><strong>light-fast<\/strong><\/span>, it is great for use both <span style=\"color: #f88523;\"><strong>indoors<\/strong><\/span> and <span style=\"color: #f88523;\"><strong>outdoors<\/strong><\/span>.<\/p>\n<p>Perfect for making <strong><span style=\"color: #f88523;\">black-out curtains<\/span><\/strong>, the combination of flexibility and strength make this fabric perfect for <strong><span style=\"color: #f88523;\">dressing flats and panels<\/span><\/strong>.<\/p>\n<table class=\"table\" style=\"background: #f7f7f7;\">\n<tbody>\n<tr>\n<td><strong>Width<\/strong>: 200 cm<\/td>\n<td><strong>Weight<\/strong>: 270 g\/m\u00b2<\/td>\n<\/tr>\n<tr>\n<td><strong>Flame-retardant rating<\/strong>: <img decoding=\"async\" style=\"height: 20px; width: 20px;\" src=\"https:\/\/www.azur-scenic.com\/wp-content\/uploads\/csm_icon-flag-france_3304e5e3f9.png\" \/> M1<\/td>\n<td style=\"vertical-align: top;\"><strong>Composition<\/strong>: 100% Polyester<br \/>\n+ acrylic coating on the underside<\/td>\n<\/tr>\n<\/tbody>\n<\/table>\n","protected":false},"featured_media":7035,"template":"","meta":{"_acf_changed":false},"product_brand":[],"product_cat":[898,893,896],"product_tag":[],"class_list":{"0":"post-18915","1":"product","2":"type-product","3":"status-publish","4":"has-post-thumbnail","6":"product_cat-all-products","7":"product_cat-stage-and-events-material","8":"product_cat-black-out","9":"pa_couleurs-003-en","10":"pa_groupes-de-couleurs-black","11":"pa_textiles-suitable-for-outdoors-use","12":"pa_textiles-flame-retardant-rated","13":"pa_textiles-washable","14":"pa_textiles-black-out-and-or-screen-material","15":"pa_textiles-uv-resistant","17":"first","18":"instock","19":"shipping-taxable","20":"purchasable","21":"product-type-simple"},"acf":[],"yoast_head":"<!-- This site is optimized with the Yoast SEO plugin v27.3 - https:\/\/yoast.com\/product\/yoast-seo-wordpress\/ -->\n<title>Nocturne cloth - Azur Scenic<\/title>\n<meta name=\"robots\" content=\"index, follow, max-snippet:-1, max-image-preview:large, max-video-preview:-1\" \/>\n<link rel=\"canonical\" href=\"https:\/\/www.azur-scenic.com\/en\/product\/nocturne-cloth\/\" \/>\n<meta property=\"og:locale\" content=\"en_US\" \/>\n<meta property=\"og:type\" content=\"article\" \/>\n<meta property=\"og:title\" content=\"Nocturne cloth - Azur Scenic\" \/>\n<meta property=\"og:description\" content=\"A 100% black-out material with M1 flame-retardant rating, and black treatment on the rear. The black colour on the 2 sides - a rare feature in ranges of flocked shade material - lets you use it discretely in particularly dark environments. Washable and light-fast, it is great for use both indoors and outdoors. Perfect for making black-out curtains, the combination of flexibility and strength make this fabric perfect for dressing flats and panels.  Width: 200 cm Weight: 270 g\/m\u00b2  Flame-retardant rating: M1 Composition: 100% Polyester + acrylic coating on the underside\" \/>\n<meta property=\"og:url\" content=\"https:\/\/www.azur-scenic.com\/en\/product\/nocturne-cloth\/\" \/>\n<meta property=\"og:site_name\" content=\"Azur Scenic\" \/>\n<meta property=\"article:modified_time\" content=\"2023-08-02T12:55:20+00:00\" \/>\n<meta property=\"og:image\" content=\"https:\/\/www.azur-scenic.com\/wp-content\/uploads\/1253694874996b9d90185fc52f1e5912.png\" \/>\n\t<meta property=\"og:image:width\" content=\"430\" \/>\n\t<meta property=\"og:image:height\" content=\"430\" \/>\n\t<meta property=\"og:image:type\" content=\"image\/png\" \/>\n<meta name=\"twitter:card\" content=\"summary_large_image\" \/>\n<meta name=\"twitter:label1\" content=\"Est. reading time\" \/>\n\t<meta name=\"twitter:data1\" content=\"1 minute\" \/>\n<script type=\"application\/ld+json\" class=\"yoast-schema-graph\">{\"@context\":\"https:\\\/\\\/schema.org\",\"@graph\":[{\"@type\":\"WebPage\",\"@id\":\"https:\\\/\\\/www.azur-scenic.com\\\/en\\\/product\\\/nocturne-cloth\\\/\",\"url\":\"https:\\\/\\\/www.azur-scenic.com\\\/en\\\/product\\\/nocturne-cloth\\\/\",\"name\":\"Nocturne cloth - Azur Scenic\",\"isPartOf\":{\"@id\":\"https:\\\/\\\/www.azur-scenic.com\\\/en\\\/#website\"},\"primaryImageOfPage\":{\"@id\":\"https:\\\/\\\/www.azur-scenic.com\\\/en\\\/product\\\/nocturne-cloth\\\/#primaryimage\"},\"image\":{\"@id\":\"https:\\\/\\\/www.azur-scenic.com\\\/en\\\/product\\\/nocturne-cloth\\\/#primaryimage\"},\"thumbnailUrl\":\"https:\\\/\\\/www.azur-scenic.com\\\/wp-content\\\/uploads\\\/1253694874996b9d90185fc52f1e5912.png\",\"datePublished\":\"2022-10-04T07:25:40+00:00\",\"dateModified\":\"2023-08-02T12:55:20+00:00\",\"breadcrumb\":{\"@id\":\"https:\\\/\\\/www.azur-scenic.com\\\/en\\\/product\\\/nocturne-cloth\\\/#breadcrumb\"},\"inLanguage\":\"en-US\",\"potentialAction\":[{\"@type\":\"ReadAction\",\"target\":[\"https:\\\/\\\/www.azur-scenic.com\\\/en\\\/product\\\/nocturne-cloth\\\/\"]}]},{\"@type\":\"ImageObject\",\"inLanguage\":\"en-US\",\"@id\":\"https:\\\/\\\/www.azur-scenic.com\\\/en\\\/product\\\/nocturne-cloth\\\/#primaryimage\",\"url\":\"https:\\\/\\\/www.azur-scenic.com\\\/wp-content\\\/uploads\\\/1253694874996b9d90185fc52f1e5912.png\",\"contentUrl\":\"https:\\\/\\\/www.azur-scenic.com\\\/wp-content\\\/uploads\\\/1253694874996b9d90185fc52f1e5912.png\",\"width\":430,\"height\":430},{\"@type\":\"BreadcrumbList\",\"@id\":\"https:\\\/\\\/www.azur-scenic.com\\\/en\\\/product\\\/nocturne-cloth\\\/#breadcrumb\",\"itemListElement\":[{\"@type\":\"ListItem\",\"position\":1,\"name\":\"Accueil\",\"item\":\"https:\\\/\\\/www.azur-scenic.com\\\/en\\\/\"},{\"@type\":\"ListItem\",\"position\":2,\"name\":\"Produits\",\"item\":\"https:\\\/\\\/www.azur-scenic.com\\\/en\\\/?page_id=21438\"},{\"@type\":\"ListItem\",\"position\":3,\"name\":\"Nocturne cloth\"}]},{\"@type\":\"WebSite\",\"@id\":\"https:\\\/\\\/www.azur-scenic.com\\\/en\\\/#website\",\"url\":\"https:\\\/\\\/www.azur-scenic.com\\\/en\\\/\",\"name\":\"Azur Scenic\",\"description\":\"Sp\u00e9cialiste de l\u2019\u00e9quipement sc\u00e9nique et de la d\u00e9coration int\u00e9rieure et \u00e9v\u00e9nementielle !\",\"publisher\":{\"@id\":\"https:\\\/\\\/www.azur-scenic.com\\\/en\\\/#organization\"},\"potentialAction\":[{\"@type\":\"SearchAction\",\"target\":{\"@type\":\"EntryPoint\",\"urlTemplate\":\"https:\\\/\\\/www.azur-scenic.com\\\/en\\\/?s={search_term_string}\"},\"query-input\":{\"@type\":\"PropertyValueSpecification\",\"valueRequired\":true,\"valueName\":\"search_term_string\"}}],\"inLanguage\":\"en-US\"},{\"@type\":\"Organization\",\"@id\":\"https:\\\/\\\/www.azur-scenic.com\\\/en\\\/#organization\",\"name\":\"AZUR SCENIC\",\"url\":\"https:\\\/\\\/www.azur-scenic.com\\\/en\\\/\",\"logo\":{\"@type\":\"ImageObject\",\"inLanguage\":\"en-US\",\"@id\":\"https:\\\/\\\/www.azur-scenic.com\\\/en\\\/#\\\/schema\\\/logo\\\/image\\\/\",\"url\":\"https:\\\/\\\/www.azur-scenic.com\\\/wp-content\\\/uploads\\\/2022\\\/09\\\/LOGO-AZUR-SCENIC-Fusion-web-236x64-1.jpg\",\"contentUrl\":\"https:\\\/\\\/www.azur-scenic.com\\\/wp-content\\\/uploads\\\/2022\\\/09\\\/LOGO-AZUR-SCENIC-Fusion-web-236x64-1.jpg\",\"width\":236,\"height\":64,\"caption\":\"AZUR SCENIC\"},\"image\":{\"@id\":\"https:\\\/\\\/www.azur-scenic.com\\\/en\\\/#\\\/schema\\\/logo\\\/image\\\/\"},\"sameAs\":[\"https:\\\/\\\/www.youtube.com\\\/channel\\\/UCPWM2mGPVUt4nYhNlm71WOA\",\"https:\\\/\\\/www.linkedin.com\\\/company\\\/33237605\\\/admin\\\/feed\\\/posts\\\/\"]}]}<\/script>\n<!-- \/ Yoast SEO plugin. -->","yoast_head_json":{"title":"Nocturne cloth - Azur Scenic","robots":{"index":"index","follow":"follow","max-snippet":"max-snippet:-1","max-image-preview":"max-image-preview:large","max-video-preview":"max-video-preview:-1"},"canonical":"https:\/\/www.azur-scenic.com\/en\/product\/nocturne-cloth\/","og_locale":"en_US","og_type":"article","og_title":"Nocturne cloth - Azur Scenic","og_description":"A 100% black-out material with M1 flame-retardant rating, and black treatment on the rear. The black colour on the 2 sides - a rare feature in ranges of flocked shade material - lets you use it discretely in particularly dark environments. Washable and light-fast, it is great for use both indoors and outdoors. Perfect for making black-out curtains, the combination of flexibility and strength make this fabric perfect for dressing flats and panels.  Width: 200 cm Weight: 270 g\/m\u00b2  Flame-retardant rating: M1 Composition: 100% Polyester + acrylic coating on the underside","og_url":"https:\/\/www.azur-scenic.com\/en\/product\/nocturne-cloth\/","og_site_name":"Azur Scenic","article_modified_time":"2023-08-02T12:55:20+00:00","og_image":[{"width":430,"height":430,"url":"https:\/\/www.azur-scenic.com\/wp-content\/uploads\/1253694874996b9d90185fc52f1e5912.png","type":"image\/png"}],"twitter_card":"summary_large_image","twitter_misc":{"Est. reading time":"1 minute"},"schema":{"@context":"https:\/\/schema.org","@graph":[{"@type":"WebPage","@id":"https:\/\/www.azur-scenic.com\/en\/product\/nocturne-cloth\/","url":"https:\/\/www.azur-scenic.com\/en\/product\/nocturne-cloth\/","name":"Nocturne cloth - Azur Scenic","isPartOf":{"@id":"https:\/\/www.azur-scenic.com\/en\/#website"},"primaryImageOfPage":{"@id":"https:\/\/www.azur-scenic.com\/en\/product\/nocturne-cloth\/#primaryimage"},"image":{"@id":"https:\/\/www.azur-scenic.com\/en\/product\/nocturne-cloth\/#primaryimage"},"thumbnailUrl":"https:\/\/www.azur-scenic.com\/wp-content\/uploads\/1253694874996b9d90185fc52f1e5912.png","datePublished":"2022-10-04T07:25:40+00:00","dateModified":"2023-08-02T12:55:20+00:00","breadcrumb":{"@id":"https:\/\/www.azur-scenic.com\/en\/product\/nocturne-cloth\/#breadcrumb"},"inLanguage":"en-US","potentialAction":[{"@type":"ReadAction","target":["https:\/\/www.azur-scenic.com\/en\/product\/nocturne-cloth\/"]}]},{"@type":"ImageObject","inLanguage":"en-US","@id":"https:\/\/www.azur-scenic.com\/en\/product\/nocturne-cloth\/#primaryimage","url":"https:\/\/www.azur-scenic.com\/wp-content\/uploads\/1253694874996b9d90185fc52f1e5912.png","contentUrl":"https:\/\/www.azur-scenic.com\/wp-content\/uploads\/1253694874996b9d90185fc52f1e5912.png","width":430,"height":430},{"@type":"BreadcrumbList","@id":"https:\/\/www.azur-scenic.com\/en\/product\/nocturne-cloth\/#breadcrumb","itemListElement":[{"@type":"ListItem","position":1,"name":"Accueil","item":"https:\/\/www.azur-scenic.com\/en\/"},{"@type":"ListItem","position":2,"name":"Produits","item":"https:\/\/www.azur-scenic.com\/en\/?page_id=21438"},{"@type":"ListItem","position":3,"name":"Nocturne cloth"}]},{"@type":"WebSite","@id":"https:\/\/www.azur-scenic.com\/en\/#website","url":"https:\/\/www.azur-scenic.com\/en\/","name":"Azur Scenic","description":"Sp\u00e9cialiste de l\u2019\u00e9quipement sc\u00e9nique et de la d\u00e9coration int\u00e9rieure et \u00e9v\u00e9nementielle !","publisher":{"@id":"https:\/\/www.azur-scenic.com\/en\/#organization"},"potentialAction":[{"@type":"SearchAction","target":{"@type":"EntryPoint","urlTemplate":"https:\/\/www.azur-scenic.com\/en\/?s={search_term_string}"},"query-input":{"@type":"PropertyValueSpecification","valueRequired":true,"valueName":"search_term_string"}}],"inLanguage":"en-US"},{"@type":"Organization","@id":"https:\/\/www.azur-scenic.com\/en\/#organization","name":"AZUR SCENIC","url":"https:\/\/www.azur-scenic.com\/en\/","logo":{"@type":"ImageObject","inLanguage":"en-US","@id":"https:\/\/www.azur-scenic.com\/en\/#\/schema\/logo\/image\/","url":"https:\/\/www.azur-scenic.com\/wp-content\/uploads\/2022\/09\/LOGO-AZUR-SCENIC-Fusion-web-236x64-1.jpg","contentUrl":"https:\/\/www.azur-scenic.com\/wp-content\/uploads\/2022\/09\/LOGO-AZUR-SCENIC-Fusion-web-236x64-1.jpg","width":236,"height":64,"caption":"AZUR SCENIC"},"image":{"@id":"https:\/\/www.azur-scenic.com\/en\/#\/schema\/logo\/image\/"},"sameAs":["https:\/\/www.youtube.com\/channel\/UCPWM2mGPVUt4nYhNlm71WOA","https:\/\/www.linkedin.com\/company\/33237605\/admin\/feed\/posts\/"]}]}},"_links":{"self":[{"href":"https:\/\/www.azur-scenic.com\/en\/wp-json\/wp\/v2\/product\/18915","targetHints":{"allow":["GET"]}}],"collection":[{"href":"https:\/\/www.azur-scenic.com\/en\/wp-json\/wp\/v2\/product"}],"about":[{"href":"https:\/\/www.azur-scenic.com\/en\/wp-json\/wp\/v2\/types\/product"}],"wp:featuredmedia":[{"embeddable":true,"href":"https:\/\/www.azur-scenic.com\/en\/wp-json\/wp\/v2\/media\/7035"}],"wp:attachment":[{"href":"https:\/\/www.azur-scenic.com\/en\/wp-json\/wp\/v2\/media?parent=18915"}],"wp:term":[{"taxonomy":"product_brand","embeddable":true,"href":"https:\/\/www.azur-scenic.com\/en\/wp-json\/wp\/v2\/product_brand?post=18915"},{"taxonomy":"product_cat","embeddable":true,"href":"https:\/\/www.azur-scenic.com\/en\/wp-json\/wp\/v2\/product_cat?post=18915"},{"taxonomy":"product_tag","embeddable":true,"href":"https:\/\/www.azur-scenic.com\/en\/wp-json\/wp\/v2\/product_tag?post=18915"}],"curies":[{"name":"wp","href":"https:\/\/api.w.org\/{rel}","templated":true}]}}