{"id":19007,"date":"2022-10-04T07:25:14","date_gmt":"2022-10-04T07:25:14","guid":{"rendered":"https:\/\/www.azur-scenic.com\/produit\/satin-occultant\/"},"modified":"2023-08-02T12:55:46","modified_gmt":"2023-08-02T12:55:46","slug":"satin-black-out","status":"publish","type":"product","link":"https:\/\/www.azur-scenic.com\/en\/product\/satin-black-out\/","title":{"rendered":"Satin black-out"},"content":{"rendered":"<table>\n<thead>\n<tr>\n<th style=\"width: 170px;\">Technical data<\/th>\n<th>Value<\/th>\n<th>Notes<\/th>\n<\/tr>\n<\/thead>\n<tbody>\n<tr>\n<td style=\"vertical-align: top;\">Width<\/td>\n<td style=\"vertical-align: top;\">\u00b1 290 &#8211; 295 cm<\/td>\n<td style=\"vertical-align: top;\">\u00a0<\/td>\n<\/tr>\n<tr>\n<td style=\"vertical-align: top;\">Weight<\/td>\n<td style=\"vertical-align: top;\">250 g\/m\u00b2<\/td>\n<td style=\"vertical-align: top;\">\u00a0<\/td>\n<\/tr>\n<tr>\n<td style=\"vertical-align: top;\">Thickness<\/td>\n<td style=\"vertical-align: top;\">0.4 mm<\/td>\n<td style=\"vertical-align: top;\">\u00a0<\/td>\n<\/tr>\n<tr>\n<td style=\"vertical-align: top;\">Flame-retardant rating<\/td>\n<td style=\"vertical-align: top;\"><img decoding=\"async\" style=\"height: 20px; width: 20px;\" src=\"https:\/\/www.azur-scenic.com\/wp-content\/uploads\/csm_icon-flag-france_3304e5e3f9.png\" \/> M1<br \/>\n<img decoding=\"async\" style=\"height: 20px; width: 20px;\" src=\"https:\/\/www.azur-scenic.com\/wp-content\/uploads\/icon-flag-espagne.png\" \/> C1<\/td>\n<td style=\"vertical-align: top;\">\u00a0<\/td>\n<\/tr>\n<tr>\n<td style=\"vertical-align: top;\">Composition<\/td>\n<td style=\"vertical-align: top;\" colspan=\"2\" rowspan=\"1\">100% FR Polyester<\/td>\n<\/tr>\n<tr>\n<td style=\"vertical-align: top;\">Roll length<\/td>\n<td style=\"vertical-align: top;\">35 m<\/td>\n<td style=\"vertical-align: top;\">Cut-to-length available according to colour stock<\/td>\n<\/tr>\n<tr>\n<td style=\"vertical-align: top;\">Tensile strength<\/td>\n<td style=\"vertical-align: top;\">Warp: 2300<br \/>\nWeft: 1900<\/td>\n<td style=\"vertical-align: top;\">Standard: ISO 13934-1<\/td>\n<\/tr>\n<tr>\n<td style=\"vertical-align: top;\">Abrasion resistance<\/td>\n<td style=\"vertical-align: top;\">> 20,000 cycles<\/td>\n<td style=\"vertical-align: top;\">Standard: ISO 12947 1-2<br \/>\nMartindale<\/td>\n<\/tr>\n<tr>\n<td style=\"vertical-align: top;\">Pilling <span style=\"font-size: 13px;\">(resistance to bobbling)<\/span><\/td>\n<td style=\"vertical-align: top;\">Class A<\/td>\n<td style=\"vertical-align: top;\">Standard: ISO 12945-2<\/td>\n<\/tr>\n<tr>\n<td style=\"vertical-align: top;\">Light fastness<\/td>\n<td style=\"vertical-align: top;\">3-5<\/td>\n<td style=\"vertical-align: top;\">Standard: ISO 105-B02-2001<\/td>\n<\/tr>\n<tr>\n<td style=\"vertical-align: top;\">Acoustic properties<\/td>\n<td style=\"vertical-align: top;\">0.45 \u03b1w<br \/>\nD <span style=\"font-size: 13px;\">(absorbent)<\/span><\/td>\n<td style=\"vertical-align: top;\">Standard: ISO 354: 2004<\/td>\n<\/tr>\n<tr>\n<td style=\"vertical-align: top;\">\u00a0<\/td>\n<td style=\"vertical-align: top;\">\u00a0<\/td>\n<td style=\"vertical-align: top;\">\u00a0<\/td>\n<\/tr>\n<\/tbody>\n<\/table>\n<p>\u00a0<\/p><\/p>\n","protected":false},"excerpt":{"rendered":"<p>A satin-effect <strong><span style=\"color: #f88523;\">shade<\/span><\/strong> material with <strong><span style=\"color: #f88523;\">acoustic properties<\/span><\/strong>, rated <span style=\"color: #f88523;\"><strong>M1<\/strong><\/span> flame-retardant and available in a wide range of <strong><span style=\"color: #f88523;\">stylish colours<\/span><\/strong>.<br \/>\n<span style=\"color: #f88523;\"><strong>Washable<\/strong><\/span> satin in FR polyester, with good <span style=\"color: #f88523;\"><strong>UV resistance<\/strong><\/span>, perfect for <span style=\"color: #f88523;\"><strong>interior and exterior use<\/strong><\/span>.<\/p>\n<table class=\"table\" style=\"background: #f7f7f7;\">\n<tbody>\n<tr>\n<td><strong>Width<\/strong>: \u00b1 290 &#8211; 295 cm<\/td>\n<td><strong>Weight<\/strong>: 250 g\/m\u00b2<\/td>\n<\/tr>\n<tr>\n<td><strong>Flame-retardant rating<\/strong>: <img decoding=\"async\" style=\"height: 20px; width: 20px;\" src=\"https:\/\/www.azur-scenic.com\/wp-content\/uploads\/csm_icon-flag-france_3304e5e3f9.png\" \/> M1 <img decoding=\"async\" style=\"height: 20px; width: 20px;\" src=\"https:\/\/www.azur-scenic.com\/wp-content\/uploads\/icon-flag-espagne.png\" \/> C1<\/td>\n<td style=\"vertical-align: top;\"><strong>Composition<\/strong>: 100% FR Polyester<\/td>\n<\/tr>\n<\/tbody>\n<\/table>\n","protected":false},"featured_media":15073,"template":"","meta":{"_acf_changed":false},"product_brand":[],"product_cat":[898,893,896,981,1624,1649,979,980],"product_tag":[],"class_list":{"0":"post-19007","1":"product","2":"type-product","3":"status-publish","4":"has-post-thumbnail","6":"product_cat-all-products","7":"product_cat-stage-and-events-material","8":"product_cat-black-out","9":"product_cat-decorative-fabrics","10":"product_cat-satin-gloss-fabrics","11":"product_cat-acoustic-decorative-fabrics","12":"product_cat-acoustic-solutions","13":"product_cat-acoustic-absorption","14":"pa_couleurs-001-en","15":"pa_couleurs-003-en","16":"pa_couleurs-020-en","17":"pa_couleurs-110-en","18":"pa_couleurs-120-en","19":"pa_couleurs-170-en","20":"pa_couleurs-200-en","21":"pa_couleurs-280-en","22":"pa_couleurs-320-en","23":"pa_couleurs-340-en","24":"pa_couleurs-360-en","25":"pa_couleurs-410-en","26":"pa_couleurs-422-en","27":"pa_couleurs-450-en","28":"pa_couleurs-510-en","29":"pa_couleurs-520-en","30":"pa_couleurs-530-en","31":"pa_couleurs-540-en","32":"pa_couleurs-570-en","33":"pa_couleurs-610-en","34":"pa_couleurs-620-en","35":"pa_couleurs-652-en","36":"pa_couleurs-670-en","37":"pa_couleurs-720-en","38":"pa_couleurs-760-en","39":"pa_couleurs-782-en","40":"pa_couleurs-810-en","41":"pa_couleurs-860-en","42":"pa_couleurs-910-en","43":"pa_couleurs-960-en","44":"pa_groupes-de-couleurs-white","45":"pa_groupes-de-couleurs-blue","46":"pa_groupes-de-couleurs-off-white","47":"pa_groupes-de-couleurs-greys","48":"pa_groupes-de-couleurs-yellow","49":"pa_groupes-de-couleurs-brown-beige","50":"pa_groupes-de-couleurs-black","51":"pa_groupes-de-couleurs-orange","52":"pa_groupes-de-couleurs-pink","53":"pa_groupes-de-couleurs-red","54":"pa_groupes-de-couleurs-green","55":"pa_groupes-de-couleurs-purple","56":"pa_textiles-acoustic-absorbant","57":"pa_textiles-suitable-for-outdoors-use","58":"pa_textiles-flame-retardant-rated","59":"pa_textiles-washable","60":"pa_textiles-black-out-and-or-screen-material","61":"pa_textiles-uv-resistant","63":"first","64":"instock","65":"shipping-taxable","66":"purchasable","67":"product-type-variable"},"acf":[],"yoast_head":"<!-- This site is optimized with the Yoast SEO plugin v27.1.1 - https:\/\/yoast.com\/product\/yoast-seo-wordpress\/ -->\n<title>Satin black-out - Azur Scenic<\/title>\n<meta name=\"robots\" content=\"index, follow, max-snippet:-1, max-image-preview:large, max-video-preview:-1\" \/>\n<link rel=\"canonical\" href=\"https:\/\/www.azur-scenic.com\/en\/product\/satin-black-out\/\" \/>\n<meta property=\"og:locale\" content=\"en_US\" \/>\n<meta property=\"og:type\" content=\"article\" \/>\n<meta property=\"og:title\" content=\"Satin black-out - Azur Scenic\" \/>\n<meta property=\"og:description\" content=\"A satin-effect shade material with acoustic properties, rated M1 flame-retardant and available in a wide range of stylish colours. Washable satin in FR polyester, with good UV resistance, perfect for interior and exterior use.  Width: \u00b1 290 - 295 cm Weight: 250 g\/m\u00b2  Flame-retardant rating: M1 C1 Composition: 100% FR Polyester\" \/>\n<meta property=\"og:url\" content=\"https:\/\/www.azur-scenic.com\/en\/product\/satin-black-out\/\" \/>\n<meta property=\"og:site_name\" content=\"Azur Scenic\" \/>\n<meta property=\"article:modified_time\" content=\"2023-08-02T12:55:46+00:00\" \/>\n<meta property=\"og:image\" content=\"https:\/\/www.azur-scenic.com\/wp-content\/uploads\/SATIN-OCCULTANT-VANILLE.jpg\" \/>\n\t<meta property=\"og:image:width\" content=\"1755\" \/>\n\t<meta property=\"og:image:height\" content=\"1755\" \/>\n\t<meta property=\"og:image:type\" content=\"image\/jpeg\" \/>\n<meta name=\"twitter:card\" content=\"summary_large_image\" \/>\n<script type=\"application\/ld+json\" class=\"yoast-schema-graph\">{\"@context\":\"https:\/\/schema.org\",\"@graph\":[{\"@type\":\"WebPage\",\"@id\":\"https:\/\/www.azur-scenic.com\/en\/product\/satin-black-out\/\",\"url\":\"https:\/\/www.azur-scenic.com\/en\/product\/satin-black-out\/\",\"name\":\"Satin black-out - Azur Scenic\",\"isPartOf\":{\"@id\":\"https:\/\/www.azur-scenic.com\/en\/#website\"},\"primaryImageOfPage\":{\"@id\":\"https:\/\/www.azur-scenic.com\/en\/product\/satin-black-out\/#primaryimage\"},\"image\":{\"@id\":\"https:\/\/www.azur-scenic.com\/en\/product\/satin-black-out\/#primaryimage\"},\"thumbnailUrl\":\"https:\/\/www.azur-scenic.com\/wp-content\/uploads\/SATIN-OCCULTANT-VANILLE.jpg\",\"datePublished\":\"2022-10-04T07:25:14+00:00\",\"dateModified\":\"2023-08-02T12:55:46+00:00\",\"breadcrumb\":{\"@id\":\"https:\/\/www.azur-scenic.com\/en\/product\/satin-black-out\/#breadcrumb\"},\"inLanguage\":\"en-US\",\"potentialAction\":[{\"@type\":\"ReadAction\",\"target\":[\"https:\/\/www.azur-scenic.com\/en\/product\/satin-black-out\/\"]}]},{\"@type\":\"ImageObject\",\"inLanguage\":\"en-US\",\"@id\":\"https:\/\/www.azur-scenic.com\/en\/product\/satin-black-out\/#primaryimage\",\"url\":\"https:\/\/www.azur-scenic.com\/wp-content\/uploads\/SATIN-OCCULTANT-VANILLE.jpg\",\"contentUrl\":\"https:\/\/www.azur-scenic.com\/wp-content\/uploads\/SATIN-OCCULTANT-VANILLE.jpg\",\"width\":1755,\"height\":1755,\"caption\":\"SATIN OCCULTANT VANILLE\"},{\"@type\":\"BreadcrumbList\",\"@id\":\"https:\/\/www.azur-scenic.com\/en\/product\/satin-black-out\/#breadcrumb\",\"itemListElement\":[{\"@type\":\"ListItem\",\"position\":1,\"name\":\"Accueil\",\"item\":\"https:\/\/www.azur-scenic.com\/en\/\"},{\"@type\":\"ListItem\",\"position\":2,\"name\":\"Produits\",\"item\":\"https:\/\/www.azur-scenic.com\/en\/?page_id=21438\"},{\"@type\":\"ListItem\",\"position\":3,\"name\":\"Satin black-out\"}]},{\"@type\":\"WebSite\",\"@id\":\"https:\/\/www.azur-scenic.com\/en\/#website\",\"url\":\"https:\/\/www.azur-scenic.com\/en\/\",\"name\":\"Azur Scenic\",\"description\":\"Sp\u00e9cialiste de l\u2019\u00e9quipement sc\u00e9nique et de la d\u00e9coration int\u00e9rieure et \u00e9v\u00e9nementielle !\",\"publisher\":{\"@id\":\"https:\/\/www.azur-scenic.com\/en\/#organization\"},\"potentialAction\":[{\"@type\":\"SearchAction\",\"target\":{\"@type\":\"EntryPoint\",\"urlTemplate\":\"https:\/\/www.azur-scenic.com\/en\/?s={search_term_string}\"},\"query-input\":{\"@type\":\"PropertyValueSpecification\",\"valueRequired\":true,\"valueName\":\"search_term_string\"}}],\"inLanguage\":\"en-US\"},{\"@type\":\"Organization\",\"@id\":\"https:\/\/www.azur-scenic.com\/en\/#organization\",\"name\":\"AZUR SCENIC\",\"url\":\"https:\/\/www.azur-scenic.com\/en\/\",\"logo\":{\"@type\":\"ImageObject\",\"inLanguage\":\"en-US\",\"@id\":\"https:\/\/www.azur-scenic.com\/en\/#\/schema\/logo\/image\/\",\"url\":\"https:\/\/www.azur-scenic.com\/wp-content\/uploads\/2022\/09\/LOGO-AZUR-SCENIC-Fusion-web-236x64-1.jpg\",\"contentUrl\":\"https:\/\/www.azur-scenic.com\/wp-content\/uploads\/2022\/09\/LOGO-AZUR-SCENIC-Fusion-web-236x64-1.jpg\",\"width\":236,\"height\":64,\"caption\":\"AZUR SCENIC\"},\"image\":{\"@id\":\"https:\/\/www.azur-scenic.com\/en\/#\/schema\/logo\/image\/\"},\"sameAs\":[\"https:\/\/www.youtube.com\/channel\/UCPWM2mGPVUt4nYhNlm71WOA\",\"https:\/\/www.linkedin.com\/company\/33237605\/admin\/feed\/posts\/\"]}]}<\/script>\n<!-- \/ Yoast SEO plugin. -->","yoast_head_json":{"title":"Satin black-out - Azur Scenic","robots":{"index":"index","follow":"follow","max-snippet":"max-snippet:-1","max-image-preview":"max-image-preview:large","max-video-preview":"max-video-preview:-1"},"canonical":"https:\/\/www.azur-scenic.com\/en\/product\/satin-black-out\/","og_locale":"en_US","og_type":"article","og_title":"Satin black-out - Azur Scenic","og_description":"A satin-effect shade material with acoustic properties, rated M1 flame-retardant and available in a wide range of stylish colours. Washable satin in FR polyester, with good UV resistance, perfect for interior and exterior use.  Width: \u00b1 290 - 295 cm Weight: 250 g\/m\u00b2  Flame-retardant rating: M1 C1 Composition: 100% FR Polyester","og_url":"https:\/\/www.azur-scenic.com\/en\/product\/satin-black-out\/","og_site_name":"Azur Scenic","article_modified_time":"2023-08-02T12:55:46+00:00","og_image":[{"width":1755,"height":1755,"url":"https:\/\/www.azur-scenic.com\/wp-content\/uploads\/SATIN-OCCULTANT-VANILLE.jpg","type":"image\/jpeg"}],"twitter_card":"summary_large_image","schema":{"@context":"https:\/\/schema.org","@graph":[{"@type":"WebPage","@id":"https:\/\/www.azur-scenic.com\/en\/product\/satin-black-out\/","url":"https:\/\/www.azur-scenic.com\/en\/product\/satin-black-out\/","name":"Satin black-out - Azur Scenic","isPartOf":{"@id":"https:\/\/www.azur-scenic.com\/en\/#website"},"primaryImageOfPage":{"@id":"https:\/\/www.azur-scenic.com\/en\/product\/satin-black-out\/#primaryimage"},"image":{"@id":"https:\/\/www.azur-scenic.com\/en\/product\/satin-black-out\/#primaryimage"},"thumbnailUrl":"https:\/\/www.azur-scenic.com\/wp-content\/uploads\/SATIN-OCCULTANT-VANILLE.jpg","datePublished":"2022-10-04T07:25:14+00:00","dateModified":"2023-08-02T12:55:46+00:00","breadcrumb":{"@id":"https:\/\/www.azur-scenic.com\/en\/product\/satin-black-out\/#breadcrumb"},"inLanguage":"en-US","potentialAction":[{"@type":"ReadAction","target":["https:\/\/www.azur-scenic.com\/en\/product\/satin-black-out\/"]}]},{"@type":"ImageObject","inLanguage":"en-US","@id":"https:\/\/www.azur-scenic.com\/en\/product\/satin-black-out\/#primaryimage","url":"https:\/\/www.azur-scenic.com\/wp-content\/uploads\/SATIN-OCCULTANT-VANILLE.jpg","contentUrl":"https:\/\/www.azur-scenic.com\/wp-content\/uploads\/SATIN-OCCULTANT-VANILLE.jpg","width":1755,"height":1755,"caption":"SATIN OCCULTANT VANILLE"},{"@type":"BreadcrumbList","@id":"https:\/\/www.azur-scenic.com\/en\/product\/satin-black-out\/#breadcrumb","itemListElement":[{"@type":"ListItem","position":1,"name":"Accueil","item":"https:\/\/www.azur-scenic.com\/en\/"},{"@type":"ListItem","position":2,"name":"Produits","item":"https:\/\/www.azur-scenic.com\/en\/?page_id=21438"},{"@type":"ListItem","position":3,"name":"Satin black-out"}]},{"@type":"WebSite","@id":"https:\/\/www.azur-scenic.com\/en\/#website","url":"https:\/\/www.azur-scenic.com\/en\/","name":"Azur Scenic","description":"Sp\u00e9cialiste de l\u2019\u00e9quipement sc\u00e9nique et de la d\u00e9coration int\u00e9rieure et \u00e9v\u00e9nementielle !","publisher":{"@id":"https:\/\/www.azur-scenic.com\/en\/#organization"},"potentialAction":[{"@type":"SearchAction","target":{"@type":"EntryPoint","urlTemplate":"https:\/\/www.azur-scenic.com\/en\/?s={search_term_string}"},"query-input":{"@type":"PropertyValueSpecification","valueRequired":true,"valueName":"search_term_string"}}],"inLanguage":"en-US"},{"@type":"Organization","@id":"https:\/\/www.azur-scenic.com\/en\/#organization","name":"AZUR SCENIC","url":"https:\/\/www.azur-scenic.com\/en\/","logo":{"@type":"ImageObject","inLanguage":"en-US","@id":"https:\/\/www.azur-scenic.com\/en\/#\/schema\/logo\/image\/","url":"https:\/\/www.azur-scenic.com\/wp-content\/uploads\/2022\/09\/LOGO-AZUR-SCENIC-Fusion-web-236x64-1.jpg","contentUrl":"https:\/\/www.azur-scenic.com\/wp-content\/uploads\/2022\/09\/LOGO-AZUR-SCENIC-Fusion-web-236x64-1.jpg","width":236,"height":64,"caption":"AZUR SCENIC"},"image":{"@id":"https:\/\/www.azur-scenic.com\/en\/#\/schema\/logo\/image\/"},"sameAs":["https:\/\/www.youtube.com\/channel\/UCPWM2mGPVUt4nYhNlm71WOA","https:\/\/www.linkedin.com\/company\/33237605\/admin\/feed\/posts\/"]}]}},"_links":{"self":[{"href":"https:\/\/www.azur-scenic.com\/en\/wp-json\/wp\/v2\/product\/19007","targetHints":{"allow":["GET"]}}],"collection":[{"href":"https:\/\/www.azur-scenic.com\/en\/wp-json\/wp\/v2\/product"}],"about":[{"href":"https:\/\/www.azur-scenic.com\/en\/wp-json\/wp\/v2\/types\/product"}],"wp:featuredmedia":[{"embeddable":true,"href":"https:\/\/www.azur-scenic.com\/en\/wp-json\/wp\/v2\/media\/15073"}],"wp:attachment":[{"href":"https:\/\/www.azur-scenic.com\/en\/wp-json\/wp\/v2\/media?parent=19007"}],"wp:term":[{"taxonomy":"product_brand","embeddable":true,"href":"https:\/\/www.azur-scenic.com\/en\/wp-json\/wp\/v2\/product_brand?post=19007"},{"taxonomy":"product_cat","embeddable":true,"href":"https:\/\/www.azur-scenic.com\/en\/wp-json\/wp\/v2\/product_cat?post=19007"},{"taxonomy":"product_tag","embeddable":true,"href":"https:\/\/www.azur-scenic.com\/en\/wp-json\/wp\/v2\/product_tag?post=19007"}],"curies":[{"name":"wp","href":"https:\/\/api.w.org\/{rel}","templated":true}]}}