{"id":19100,"date":"2022-10-04T07:25:14","date_gmt":"2022-10-04T07:25:14","guid":{"rendered":"https:\/\/www.azur-scenic.com\/produit\/satin-olympia\/"},"modified":"2023-08-02T12:55:54","modified_gmt":"2023-08-02T12:55:54","slug":"olympia-satin","status":"publish","type":"product","link":"https:\/\/www.azur-scenic.com\/en\/product\/olympia-satin\/","title":{"rendered":"Olympia Satin"},"content":{"rendered":"<table>\n<thead>\n<tr>\n<th style=\"width: 200px;\">Technical data<\/th>\n<th style=\"width: 145px;\">Value<\/th>\n<th style=\"width: 184px;\">Notes<\/th>\n<\/tr>\n<\/thead>\n<tbody>\n<tr>\n<td style=\"vertical-align: top; width: 200px;\">Width<\/td>\n<td style=\"vertical-align: top; width: 145px;\">150 cm<br \/>\n300 cm<\/td>\n<td style=\"vertical-align: top; width: 184px;\">Available in 2 widths (all colours)<\/td>\n<\/tr>\n<tr>\n<td style=\"vertical-align: top; width: 200px;\">Weight<\/td>\n<td style=\"vertical-align: top; width: 145px;\">350 g\/m\u00b2<\/td>\n<td style=\"vertical-align: top; width: 184px;\">\u00a0<\/td>\n<\/tr>\n<tr>\n<td style=\"vertical-align: top; width: 200px;\">Thickness<\/td>\n<td style=\"vertical-align: top; width: 145px;\">0.6 mm<\/td>\n<td style=\"vertical-align: top; width: 184px;\">\u00a0<\/td>\n<\/tr>\n<tr>\n<td style=\"vertical-align: top; width: 200px;\">Flame-retardant rating<\/td>\n<td style=\"vertical-align: top; width: 145px;\"><img decoding=\"async\" style=\"height: 20px; width: 20px;\" src=\"https:\/\/www.azur-scenic.com\/wp-content\/uploads\/csm_icon-flag-france_3304e5e3f9.png\" \/> M1<br \/>\n<img decoding=\"async\" style=\"height: 20px; width: 20px;\" src=\"https:\/\/www.azur-scenic.com\/wp-content\/uploads\/icon-flag-europe.png\" \/> Class 1<br \/>\n<img decoding=\"async\" style=\"height: 20px; width: 20px;\" src=\"https:\/\/www.azur-scenic.com\/wp-content\/uploads\/icon-flag-allemagne.png\" \/> B1<br \/>\n<img decoding=\"async\" style=\"height: 20px; width: 20px;\" src=\"https:\/\/www.azur-scenic.com\/wp-content\/uploads\/icon-flag-uk.png\" \/> Type B<br \/>\n<img decoding=\"async\" style=\"height: 20px; width: 20px;\" src=\"https:\/\/www.azur-scenic.com\/wp-content\/uploads\/icon-flag-italie.png\" \/> C1<\/td>\n<td style=\"vertical-align: top; width: 184px;\">\u00a0<\/td>\n<\/tr>\n<tr>\n<td style=\"vertical-align: top; width: 200px;\">Composition<\/td>\n<td style=\"vertical-align: top; width: 145px;\">100% FR Polyester<\/td>\n<td style=\"vertical-align: top; width: 184px;\">\u00a0<\/td>\n<\/tr>\n<tr>\n<td style=\"vertical-align: top; width: 200px;\">Roll length<\/td>\n<td style=\"vertical-align: top; width: 145px;\">Approx. 30 m<br \/>\nRolled full-width<\/td>\n<td style=\"vertical-align: top; width: 184px;\">Lengths not calibrated, variable lengths<br \/>\nCut-to-length possible<\/td>\n<\/tr>\n<tr>\n<td style=\"vertical-align: top; width: 200px;\">Light fastness<\/td>\n<td style=\"vertical-align: top; width: 145px;\">5-6<\/td>\n<td style=\"vertical-align: top; width: 184px;\">Standard: ISO 105-B02<\/td>\n<\/tr>\n<tr>\n<td style=\"vertical-align: top; width: 200px;\">Colour fastness (40\u00b0C)<\/td>\n<td style=\"vertical-align: top; width: 145px;\">4-5<\/td>\n<td style=\"vertical-align: top; width: 184px;\">Standard: ISO 105-C10<\/td>\n<\/tr>\n<tr>\n<td style=\"vertical-align: top; width: 200px;\">Variation in dimensions<br \/>\n(Wash at 30\u00b0C \/ Dry-clean)<\/td>\n<td style=\"vertical-align: top; width: 145px;\">Warp: Approx. \u00b1 1%<br \/>\nWeft: Approx. \u00b1 1%<\/td>\n<td style=\"vertical-align: top; width: 184px;\">Standards: ISO 6330 \/ 5077 \/ 3175-1<\/td>\n<\/tr>\n<tr>\n<td style=\"vertical-align: top; width: 200px;\">Colour loss from rubbing<\/td>\n<td style=\"vertical-align: top; width: 145px;\">Wet \/ Dry: 4-5<\/td>\n<td style=\"vertical-align: top; width: 184px;\">Standard: ISO 105-X12<\/td>\n<\/tr>\n<tr>\n<td style=\"vertical-align: top; width: 200px;\">Acoustic properties<br \/>\nWSAC<br \/>\nSAC<br \/>\nNRC<br \/>\nSAA<\/td>\n<td style=\"vertical-align: top; width: 145px;\">0.80 \u03b1w<br \/>\nB <span style=\"font-size: 13px;\">(extreme absorption)<\/span><br \/>\n0.85<br \/>\n0.87<\/td>\n<td style=\"vertical-align: top; width: 184px;\">Standards:\u00a0ISO 354 &#8211;\u00a0ISO 11654 &#8211;\u00a0ASTM C423<\/td>\n<\/tr>\n<\/tbody>\n<\/table>\n<p>\u00a0<\/p><\/p>\n","protected":false},"excerpt":{"rendered":"<p>With excellent <span style=\"color: #f88523;\"><strong>acoustic absorption<\/strong><\/span> properties, this heavy satin also makes a great <span style=\"color: #f88523;\"><strong>shade material<\/strong><\/span>.<br \/>\nWith its <span style=\"color: #f88523;\"><strong>matte-effect<\/strong><\/span> and <span style=\"color: #f88523;\"><strong>fine finish<\/strong><\/span>, this <span style=\"color: #f88523;\"><strong>M1 flame-retardant<\/strong><\/span> rated material is available in a range of <span style=\"color: #f88523;\"><strong>26 colours<\/strong><\/span>.<br \/>\nFR Polyester fabric that\u2019s also <strong><span style=\"color: #f88523;\">washable<\/span><\/strong> and<strong><span style=\"color: #f88523;\">UV-resistant<\/span><\/strong>, this material is great for both <span style=\"color: #f88523;\"><strong>indoor and outdoor use<\/strong><\/span>.<br \/>\nThis satin is also<strong><span style=\"color: #f88523;\">Oeko-Tex<\/span><\/strong> certified, so it\u2019s environmentally friendly and perfectly suited to contemporary <span style=\"color: #f88523;\"><strong>interior design<\/strong><\/span> projects such as hotels, performance venues, and more&#8230;<\/p>\n<table class=\"table\" style=\"background: #f7f7f7;\">\n<tbody>\n<tr>\n<td><strong>Width<\/strong>: 150 cm &amp; 300 cm<\/td>\n<td><strong>Weight<\/strong>: 350 g\/m\u00b2<\/td>\n<\/tr>\n<tr>\n<td><strong>Flame-retardant rating<\/strong>: <img decoding=\"async\" style=\"height: 20px; width: 20px;\" src=\"https:\/\/www.azur-scenic.com\/wp-content\/uploads\/csm_icon-flag-france_3304e5e3f9.png\" \/> M1 <img decoding=\"async\" style=\"height: 20px; width: 20px;\" src=\"https:\/\/www.azur-scenic.com\/wp-content\/uploads\/icon-flag-europe.png\" \/> Class 1<br \/>\n<img decoding=\"async\" style=\"height: 20px; width: 20px;\" src=\"https:\/\/www.azur-scenic.com\/wp-content\/uploads\/icon-flag-allemagne.png\" \/> B1 <img decoding=\"async\" style=\"height: 20px; width: 20px;\" src=\"https:\/\/www.azur-scenic.com\/wp-content\/uploads\/icon-flag-uk.png\" \/> Type B <img decoding=\"async\" style=\"height: 20px; width: 20px;\" src=\"https:\/\/www.azur-scenic.com\/wp-content\/uploads\/icon-flag-italie.png\" \/> C1<\/td>\n<td style=\"vertical-align: top;\"><strong>Composition<\/strong>: 100% FR Polyester<\/td>\n<\/tr>\n<\/tbody>\n<\/table>\n","protected":false},"featured_media":14877,"template":"","meta":{"_acf_changed":false},"product_brand":[],"product_cat":[898,893,896,981,1649,979,980,1027],"product_tag":[],"class_list":{"0":"post-19100","1":"product","2":"type-product","3":"status-publish","4":"has-post-thumbnail","6":"product_cat-all-products","7":"product_cat-stage-and-events-material","8":"product_cat-black-out","9":"product_cat-decorative-fabrics","10":"product_cat-acoustic-decorative-fabrics","11":"product_cat-acoustic-solutions","12":"product_cat-acoustic-absorption","13":"product_cat-decoration","14":"pa_couleurs-001-en","15":"pa_couleurs-002-en","16":"pa_couleurs-003-en","17":"pa_couleurs-030-en","18":"pa_couleurs-110-en","19":"pa_couleurs-120-en","20":"pa_couleurs-170-en","21":"pa_couleurs-180-en","22":"pa_couleurs-200-en","23":"pa_couleurs-288-en","24":"pa_couleurs-350-en","25":"pa_couleurs-360-en","26":"pa_couleurs-440-en","27":"pa_couleurs-500-en","28":"pa_couleurs-501-en","29":"pa_couleurs-540-en","30":"pa_couleurs-560-en","31":"pa_couleurs-619-en","32":"pa_couleurs-630-en","33":"pa_couleurs-690-en","34":"pa_couleurs-730-en","35":"pa_couleurs-760-en","36":"pa_couleurs-780-en","37":"pa_couleurs-782-en","38":"pa_couleurs-790-en","39":"pa_couleurs-870-en","40":"pa_groupes-de-couleurs-white","41":"pa_groupes-de-couleurs-blue","42":"pa_groupes-de-couleurs-off-white","43":"pa_groupes-de-couleurs-greys","44":"pa_groupes-de-couleurs-yellow","45":"pa_groupes-de-couleurs-brown-beige","46":"pa_groupes-de-couleurs-black","47":"pa_groupes-de-couleurs-orange","48":"pa_groupes-de-couleurs-red","49":"pa_groupes-de-couleurs-green","50":"pa_groupes-de-couleurs-purple","51":"pa_textiles-acoustic-absorbant","52":"pa_textiles-suitable-for-outdoors-use","53":"pa_textiles-flame-retardant-rated","54":"pa_textiles-washable","55":"pa_textiles-black-out-and-or-screen-material","56":"pa_textiles-oeko-tex","57":"pa_textiles-uv-resistant","58":"pa_textiles-environmentally-friendly","60":"first","61":"instock","62":"shipping-taxable","63":"purchasable","64":"product-type-variable"},"acf":[],"yoast_head":"<!-- This site is optimized with the Yoast SEO plugin v27.3 - https:\/\/yoast.com\/product\/yoast-seo-wordpress\/ -->\n<title>Olympia Satin - Azur Scenic<\/title>\n<meta name=\"robots\" content=\"index, follow, max-snippet:-1, max-image-preview:large, max-video-preview:-1\" \/>\n<link rel=\"canonical\" href=\"https:\/\/www.azur-scenic.com\/en\/product\/olympia-satin\/\" \/>\n<meta property=\"og:locale\" content=\"en_US\" \/>\n<meta property=\"og:type\" content=\"article\" \/>\n<meta property=\"og:title\" content=\"Olympia Satin - Azur Scenic\" \/>\n<meta property=\"og:description\" content=\"With excellent acoustic absorption properties, this heavy satin also makes a great shade material. With its matte-effect and fine finish, this M1 flame-retardant rated material is available in a range of 26 colours. FR Polyester fabric that\u2019s also washable andUV-resistant, this material is great for both indoor and outdoor use. This satin is alsoOeko-Tex certified, so it\u2019s environmentally friendly and perfectly suited to contemporary interior design projects such as hotels, performance venues, and more...  Width: 150 cm &amp; 300 cm Weight: 350 g\/m\u00b2  Flame-retardant rating: M1 Class 1 B1 Type B C1 Composition: 100% FR Polyester\" \/>\n<meta property=\"og:url\" content=\"https:\/\/www.azur-scenic.com\/en\/product\/olympia-satin\/\" \/>\n<meta property=\"og:site_name\" content=\"Azur Scenic\" \/>\n<meta property=\"article:modified_time\" content=\"2023-08-02T12:55:54+00:00\" \/>\n<meta property=\"og:image\" content=\"https:\/\/www.azur-scenic.com\/wp-content\/uploads\/SATIN-OLYMPIA-NOIR.jpg\" \/>\n\t<meta property=\"og:image:width\" content=\"2010\" \/>\n\t<meta property=\"og:image:height\" content=\"2010\" \/>\n\t<meta property=\"og:image:type\" content=\"image\/jpeg\" \/>\n<meta name=\"twitter:card\" content=\"summary_large_image\" \/>\n<script type=\"application\/ld+json\" class=\"yoast-schema-graph\">{\"@context\":\"https:\\\/\\\/schema.org\",\"@graph\":[{\"@type\":\"WebPage\",\"@id\":\"https:\\\/\\\/www.azur-scenic.com\\\/en\\\/product\\\/olympia-satin\\\/\",\"url\":\"https:\\\/\\\/www.azur-scenic.com\\\/en\\\/product\\\/olympia-satin\\\/\",\"name\":\"Olympia Satin - Azur Scenic\",\"isPartOf\":{\"@id\":\"https:\\\/\\\/www.azur-scenic.com\\\/en\\\/#website\"},\"primaryImageOfPage\":{\"@id\":\"https:\\\/\\\/www.azur-scenic.com\\\/en\\\/product\\\/olympia-satin\\\/#primaryimage\"},\"image\":{\"@id\":\"https:\\\/\\\/www.azur-scenic.com\\\/en\\\/product\\\/olympia-satin\\\/#primaryimage\"},\"thumbnailUrl\":\"https:\\\/\\\/www.azur-scenic.com\\\/wp-content\\\/uploads\\\/SATIN-OLYMPIA-NOIR.jpg\",\"datePublished\":\"2022-10-04T07:25:14+00:00\",\"dateModified\":\"2023-08-02T12:55:54+00:00\",\"breadcrumb\":{\"@id\":\"https:\\\/\\\/www.azur-scenic.com\\\/en\\\/product\\\/olympia-satin\\\/#breadcrumb\"},\"inLanguage\":\"en-US\",\"potentialAction\":[{\"@type\":\"ReadAction\",\"target\":[\"https:\\\/\\\/www.azur-scenic.com\\\/en\\\/product\\\/olympia-satin\\\/\"]}]},{\"@type\":\"ImageObject\",\"inLanguage\":\"en-US\",\"@id\":\"https:\\\/\\\/www.azur-scenic.com\\\/en\\\/product\\\/olympia-satin\\\/#primaryimage\",\"url\":\"https:\\\/\\\/www.azur-scenic.com\\\/wp-content\\\/uploads\\\/SATIN-OLYMPIA-NOIR.jpg\",\"contentUrl\":\"https:\\\/\\\/www.azur-scenic.com\\\/wp-content\\\/uploads\\\/SATIN-OLYMPIA-NOIR.jpg\",\"width\":2010,\"height\":2010,\"caption\":\"SATIN OLYMPIA NOIR\"},{\"@type\":\"BreadcrumbList\",\"@id\":\"https:\\\/\\\/www.azur-scenic.com\\\/en\\\/product\\\/olympia-satin\\\/#breadcrumb\",\"itemListElement\":[{\"@type\":\"ListItem\",\"position\":1,\"name\":\"Accueil\",\"item\":\"https:\\\/\\\/www.azur-scenic.com\\\/en\\\/\"},{\"@type\":\"ListItem\",\"position\":2,\"name\":\"Produits\",\"item\":\"https:\\\/\\\/www.azur-scenic.com\\\/en\\\/?page_id=21438\"},{\"@type\":\"ListItem\",\"position\":3,\"name\":\"Olympia Satin\"}]},{\"@type\":\"WebSite\",\"@id\":\"https:\\\/\\\/www.azur-scenic.com\\\/en\\\/#website\",\"url\":\"https:\\\/\\\/www.azur-scenic.com\\\/en\\\/\",\"name\":\"Azur Scenic\",\"description\":\"Sp\u00e9cialiste de l\u2019\u00e9quipement sc\u00e9nique et de la d\u00e9coration int\u00e9rieure et \u00e9v\u00e9nementielle !\",\"publisher\":{\"@id\":\"https:\\\/\\\/www.azur-scenic.com\\\/en\\\/#organization\"},\"potentialAction\":[{\"@type\":\"SearchAction\",\"target\":{\"@type\":\"EntryPoint\",\"urlTemplate\":\"https:\\\/\\\/www.azur-scenic.com\\\/en\\\/?s={search_term_string}\"},\"query-input\":{\"@type\":\"PropertyValueSpecification\",\"valueRequired\":true,\"valueName\":\"search_term_string\"}}],\"inLanguage\":\"en-US\"},{\"@type\":\"Organization\",\"@id\":\"https:\\\/\\\/www.azur-scenic.com\\\/en\\\/#organization\",\"name\":\"AZUR SCENIC\",\"url\":\"https:\\\/\\\/www.azur-scenic.com\\\/en\\\/\",\"logo\":{\"@type\":\"ImageObject\",\"inLanguage\":\"en-US\",\"@id\":\"https:\\\/\\\/www.azur-scenic.com\\\/en\\\/#\\\/schema\\\/logo\\\/image\\\/\",\"url\":\"https:\\\/\\\/www.azur-scenic.com\\\/wp-content\\\/uploads\\\/2022\\\/09\\\/LOGO-AZUR-SCENIC-Fusion-web-236x64-1.jpg\",\"contentUrl\":\"https:\\\/\\\/www.azur-scenic.com\\\/wp-content\\\/uploads\\\/2022\\\/09\\\/LOGO-AZUR-SCENIC-Fusion-web-236x64-1.jpg\",\"width\":236,\"height\":64,\"caption\":\"AZUR SCENIC\"},\"image\":{\"@id\":\"https:\\\/\\\/www.azur-scenic.com\\\/en\\\/#\\\/schema\\\/logo\\\/image\\\/\"},\"sameAs\":[\"https:\\\/\\\/www.youtube.com\\\/channel\\\/UCPWM2mGPVUt4nYhNlm71WOA\",\"https:\\\/\\\/www.linkedin.com\\\/company\\\/33237605\\\/admin\\\/feed\\\/posts\\\/\"]}]}<\/script>\n<!-- \/ Yoast SEO plugin. -->","yoast_head_json":{"title":"Olympia Satin - Azur Scenic","robots":{"index":"index","follow":"follow","max-snippet":"max-snippet:-1","max-image-preview":"max-image-preview:large","max-video-preview":"max-video-preview:-1"},"canonical":"https:\/\/www.azur-scenic.com\/en\/product\/olympia-satin\/","og_locale":"en_US","og_type":"article","og_title":"Olympia Satin - Azur Scenic","og_description":"With excellent acoustic absorption properties, this heavy satin also makes a great shade material. With its matte-effect and fine finish, this M1 flame-retardant rated material is available in a range of 26 colours. FR Polyester fabric that\u2019s also washable andUV-resistant, this material is great for both indoor and outdoor use. This satin is alsoOeko-Tex certified, so it\u2019s environmentally friendly and perfectly suited to contemporary interior design projects such as hotels, performance venues, and more...  Width: 150 cm &amp; 300 cm Weight: 350 g\/m\u00b2  Flame-retardant rating: M1 Class 1 B1 Type B C1 Composition: 100% FR Polyester","og_url":"https:\/\/www.azur-scenic.com\/en\/product\/olympia-satin\/","og_site_name":"Azur Scenic","article_modified_time":"2023-08-02T12:55:54+00:00","og_image":[{"width":2010,"height":2010,"url":"https:\/\/www.azur-scenic.com\/wp-content\/uploads\/SATIN-OLYMPIA-NOIR.jpg","type":"image\/jpeg"}],"twitter_card":"summary_large_image","schema":{"@context":"https:\/\/schema.org","@graph":[{"@type":"WebPage","@id":"https:\/\/www.azur-scenic.com\/en\/product\/olympia-satin\/","url":"https:\/\/www.azur-scenic.com\/en\/product\/olympia-satin\/","name":"Olympia Satin - Azur Scenic","isPartOf":{"@id":"https:\/\/www.azur-scenic.com\/en\/#website"},"primaryImageOfPage":{"@id":"https:\/\/www.azur-scenic.com\/en\/product\/olympia-satin\/#primaryimage"},"image":{"@id":"https:\/\/www.azur-scenic.com\/en\/product\/olympia-satin\/#primaryimage"},"thumbnailUrl":"https:\/\/www.azur-scenic.com\/wp-content\/uploads\/SATIN-OLYMPIA-NOIR.jpg","datePublished":"2022-10-04T07:25:14+00:00","dateModified":"2023-08-02T12:55:54+00:00","breadcrumb":{"@id":"https:\/\/www.azur-scenic.com\/en\/product\/olympia-satin\/#breadcrumb"},"inLanguage":"en-US","potentialAction":[{"@type":"ReadAction","target":["https:\/\/www.azur-scenic.com\/en\/product\/olympia-satin\/"]}]},{"@type":"ImageObject","inLanguage":"en-US","@id":"https:\/\/www.azur-scenic.com\/en\/product\/olympia-satin\/#primaryimage","url":"https:\/\/www.azur-scenic.com\/wp-content\/uploads\/SATIN-OLYMPIA-NOIR.jpg","contentUrl":"https:\/\/www.azur-scenic.com\/wp-content\/uploads\/SATIN-OLYMPIA-NOIR.jpg","width":2010,"height":2010,"caption":"SATIN OLYMPIA NOIR"},{"@type":"BreadcrumbList","@id":"https:\/\/www.azur-scenic.com\/en\/product\/olympia-satin\/#breadcrumb","itemListElement":[{"@type":"ListItem","position":1,"name":"Accueil","item":"https:\/\/www.azur-scenic.com\/en\/"},{"@type":"ListItem","position":2,"name":"Produits","item":"https:\/\/www.azur-scenic.com\/en\/?page_id=21438"},{"@type":"ListItem","position":3,"name":"Olympia Satin"}]},{"@type":"WebSite","@id":"https:\/\/www.azur-scenic.com\/en\/#website","url":"https:\/\/www.azur-scenic.com\/en\/","name":"Azur Scenic","description":"Sp\u00e9cialiste de l\u2019\u00e9quipement sc\u00e9nique et de la d\u00e9coration int\u00e9rieure et \u00e9v\u00e9nementielle !","publisher":{"@id":"https:\/\/www.azur-scenic.com\/en\/#organization"},"potentialAction":[{"@type":"SearchAction","target":{"@type":"EntryPoint","urlTemplate":"https:\/\/www.azur-scenic.com\/en\/?s={search_term_string}"},"query-input":{"@type":"PropertyValueSpecification","valueRequired":true,"valueName":"search_term_string"}}],"inLanguage":"en-US"},{"@type":"Organization","@id":"https:\/\/www.azur-scenic.com\/en\/#organization","name":"AZUR SCENIC","url":"https:\/\/www.azur-scenic.com\/en\/","logo":{"@type":"ImageObject","inLanguage":"en-US","@id":"https:\/\/www.azur-scenic.com\/en\/#\/schema\/logo\/image\/","url":"https:\/\/www.azur-scenic.com\/wp-content\/uploads\/2022\/09\/LOGO-AZUR-SCENIC-Fusion-web-236x64-1.jpg","contentUrl":"https:\/\/www.azur-scenic.com\/wp-content\/uploads\/2022\/09\/LOGO-AZUR-SCENIC-Fusion-web-236x64-1.jpg","width":236,"height":64,"caption":"AZUR SCENIC"},"image":{"@id":"https:\/\/www.azur-scenic.com\/en\/#\/schema\/logo\/image\/"},"sameAs":["https:\/\/www.youtube.com\/channel\/UCPWM2mGPVUt4nYhNlm71WOA","https:\/\/www.linkedin.com\/company\/33237605\/admin\/feed\/posts\/"]}]}},"_links":{"self":[{"href":"https:\/\/www.azur-scenic.com\/en\/wp-json\/wp\/v2\/product\/19100","targetHints":{"allow":["GET"]}}],"collection":[{"href":"https:\/\/www.azur-scenic.com\/en\/wp-json\/wp\/v2\/product"}],"about":[{"href":"https:\/\/www.azur-scenic.com\/en\/wp-json\/wp\/v2\/types\/product"}],"wp:featuredmedia":[{"embeddable":true,"href":"https:\/\/www.azur-scenic.com\/en\/wp-json\/wp\/v2\/media\/14877"}],"wp:attachment":[{"href":"https:\/\/www.azur-scenic.com\/en\/wp-json\/wp\/v2\/media?parent=19100"}],"wp:term":[{"taxonomy":"product_brand","embeddable":true,"href":"https:\/\/www.azur-scenic.com\/en\/wp-json\/wp\/v2\/product_brand?post=19100"},{"taxonomy":"product_cat","embeddable":true,"href":"https:\/\/www.azur-scenic.com\/en\/wp-json\/wp\/v2\/product_cat?post=19100"},{"taxonomy":"product_tag","embeddable":true,"href":"https:\/\/www.azur-scenic.com\/en\/wp-json\/wp\/v2\/product_tag?post=19100"}],"curies":[{"name":"wp","href":"https:\/\/api.w.org\/{rel}","templated":true}]}}