{"id":19274,"date":"2022-10-04T07:25:00","date_gmt":"2022-10-04T07:25:00","guid":{"rendered":"https:\/\/www.azur-scenic.com\/produit\/stretch-xxl\/"},"modified":"2023-08-02T12:56:05","modified_gmt":"2023-08-02T12:56:05","slug":"stretch-xxl","status":"publish","type":"product","link":"https:\/\/www.azur-scenic.com\/en\/product\/stretch-xxl\/","title":{"rendered":"Stretch XXL"},"content":{"rendered":"<table>\n<thead>\n<tr>\n<th style=\"width: 170px;\">Technical data<\/th>\n<th style=\"width: 116px;\">Value<\/th>\n<th style=\"width: 243px;\">Notes<\/th>\n<\/tr>\n<\/thead>\n<tbody>\n<tr>\n<td style=\"vertical-align: top;\">Width<\/td>\n<td style=\"vertical-align: top; width: 116px;\">\u00b1 430 &#8211; 450 cm<\/td>\n<td style=\"vertical-align: top; width: 243px;\">Warning:<br \/>\nDue to its elasticity, the width of this material may vary from one length to another by \u00b1 20 cm.<\/td>\n<\/tr>\n<tr>\n<td style=\"vertical-align: top;\">Weight<\/td>\n<td style=\"vertical-align: top; width: 116px;\">165 g\/m\u00b2<\/td>\n<td style=\"vertical-align: top; width: 243px;\">Standard: DIN EN 12127<\/td>\n<\/tr>\n<tr>\n<td style=\"vertical-align: top;\">Thickness<\/td>\n<td style=\"vertical-align: top; width: 116px;\">0.5 mm<\/td>\n<td style=\"vertical-align: top; width: 243px;\">\u00a0<\/td>\n<\/tr>\n<tr>\n<td style=\"vertical-align: top;\">Flame-retardant rating<\/td>\n<td style=\"vertical-align: top; width: 116px;\"><img decoding=\"async\" style=\"height: 20px; width: 20px;\" src=\"https:\/\/www.azur-scenic.com\/wp-content\/uploads\/icon-flag-europe.png\" \/> B-s1,d0<\/td>\n<td style=\"vertical-align: top; width: 243px;\">Standard: EN 13501-1<\/td>\n<\/tr>\n<tr>\n<td style=\"vertical-align: top;\">Composition<\/td>\n<td style=\"vertical-align: top; width: 116px;\">100% Polyester<\/td>\n<td style=\"vertical-align: top; width: 243px;\">\u00a0<\/td>\n<\/tr>\n<tr>\n<td style=\"vertical-align: top;\">Roll length<\/td>\n<td style=\"vertical-align: top; width: 116px;\">50 m,<br \/>\nCentre-folded, bales<\/td>\n<td style=\"vertical-align: top; width: 243px;\">Cut-to-length possible<\/td>\n<\/tr>\n<tr>\n<td style=\"vertical-align: top;\">Elasticity<\/td>\n<td style=\"vertical-align: top; width: 116px;\">Warp: 90%<br \/>\nWeft: 91%<\/td>\n<td style=\"vertical-align: top; width: 243px;\">Stated elasticity is for information purposes only<br \/>\nand may vary according to the size, format and type of mounting,<\/td>\n<\/tr>\n<tr>\n<td style=\"vertical-align: top;\">Maximum elasticity<\/td>\n<td style=\"vertical-align: top; width: 116px;\">Warp: 40%<br \/>\nWeft: 35%<\/td>\n<td style=\"vertical-align: top; width: 243px;\">Standard: DIN 53835-13<\/td>\n<\/tr>\n<tr>\n<td style=\"vertical-align: top;\">Split resistance<\/td>\n<td style=\"vertical-align: top; width: 116px;\">\u2265 280 kPa<\/td>\n<td style=\"vertical-align: top; width: 243px;\">Standard: DIN EN ISO 13938-2<\/td>\n<\/tr>\n<tr>\n<td style=\"vertical-align: top;\">Variation in dimensions<br \/>\n(Wash at 40\u00b0C)<\/td>\n<td style=\"vertical-align: top; width: 116px;\">+1% \/ -7%<\/td>\n<td style=\"vertical-align: top; width: 243px;\">Standard: DIN 53892<\/td>\n<\/tr>\n<tr>\n<td style=\"vertical-align: top;\">Light fastness<\/td>\n<td style=\"vertical-align: top; width: 116px;\">White: 4-5<br \/>\nBlack: 5<\/td>\n<td style=\"vertical-align: top; width: 243px;\">Standard: DIN ISO 105 B02<\/td>\n<\/tr>\n<\/tbody>\n<\/table>\n<p>\u00a0<\/p><\/p>\n","protected":false},"excerpt":{"rendered":"<p>A <strong><span style=\"color: #f88523;\">stretch<\/span><\/strong> material with <span style=\"color: #f88523;\"><strong> B-s1,d0 flame-retardant rating<\/strong><\/span>, ideal for all your <span style=\"color: #f88523;\"><strong>events decoration<\/strong><\/span> projects.<br \/>\nAvailable in <span style=\"color: #f88523;\"><strong>large widths<\/strong><\/span>, this stretch fabric lets you work on even the largest projects by limiting panel seams.<\/p>\n<p>This <span style=\"color: #f88523;\"><strong>washable<\/strong><\/span> polyester item is great for both indoor and <span style=\"color: #f88523;\"><strong>outdoor use<\/strong><\/span>.<\/p>\n<p>Thin and highly versatile, this stretch material can be used for <span style=\"color: #f88523;\"><strong>tents<\/strong><\/span> and <span style=\"color: #f88523;\"><strong>big tops<\/strong><\/span>, <span style=\"color: #f88523;\"><strong>decorating stands<\/strong><\/span>, <span style=\"color: #f88523;\"><strong>dressing stage flats, structures<\/strong><\/span> and <span style=\"color: #f88523;\"><strong>stage sets<\/strong><\/span>, and can also be used as a <span style=\"color: #f88523;\"><strong>creative screen for front projection <\/strong><\/span> and <span style=\"color: #f88523;\"><strong>rear projection<\/strong><\/span>.<\/p>\n<table class=\"table\" style=\"background: #f7f7f7;\">\n<tbody>\n<tr>\n<td><strong>Width<\/strong>: \u00b1 430 &#8211; 450 cm<\/td>\n<td><strong>Weight<\/strong>: 165 g\/m\u00b2<\/td>\n<\/tr>\n<tr>\n<td><strong>Flame-retardant rating<\/strong>: <img decoding=\"async\" style=\"height: 20px; width: 20px;\" src=\"https:\/\/www.azur-scenic.com\/wp-content\/uploads\/icon-flag-europe.png\" \/> B-s1,d0<\/td>\n<td style=\"vertical-align: top;\"><strong>Composition<\/strong>: 100% Polyester<\/td>\n<\/tr>\n<\/tbody>\n<\/table>\n","protected":false},"featured_media":6972,"template":"","meta":{"_acf_changed":false},"product_brand":[],"product_cat":[898,893,1354,1106],"product_tag":[],"class_list":{"0":"post-19274","1":"product","2":"type-product","3":"status-publish","4":"has-post-thumbnail","6":"product_cat-all-products","7":"product_cat-stage-and-events-material","8":"product_cat-stretch","9":"product_cat-events","10":"pa_couleurs-002-en","11":"pa_couleurs-003-en","12":"pa_groupes-de-couleurs-white","13":"pa_groupes-de-couleurs-black","14":"pa_textiles-suitable-for-outdoors-use","15":"pa_textiles-flame-retardant-rated","16":"pa_textiles-stretch","17":"pa_textiles-washable","18":"pa_textiles-front-projection","19":"pa_textiles-rear-projection","20":"pa_textiles-very-large-width","22":"first","23":"instock","24":"shipping-taxable","25":"purchasable","26":"product-type-variable"},"acf":[],"yoast_head":"<!-- This site is optimized with the Yoast SEO plugin v27.3 - https:\/\/yoast.com\/product\/yoast-seo-wordpress\/ -->\n<title>Stretch XXL - Azur Scenic<\/title>\n<meta name=\"robots\" content=\"index, follow, max-snippet:-1, max-image-preview:large, max-video-preview:-1\" \/>\n<link rel=\"canonical\" href=\"https:\/\/www.azur-scenic.com\/en\/product\/stretch-xxl\/\" \/>\n<meta property=\"og:locale\" content=\"en_US\" \/>\n<meta property=\"og:type\" content=\"article\" \/>\n<meta property=\"og:title\" content=\"Stretch XXL - Azur Scenic\" \/>\n<meta property=\"og:description\" content=\"A stretch material with B-s1,d0 flame-retardant rating, ideal for all your events decoration projects. Available in large widths, this stretch fabric lets you work on even the largest projects by limiting panel seams. This washable polyester item is great for both indoor and outdoor use. Thin and highly versatile, this stretch material can be used for tents and big tops, decorating stands, dressing stage flats, structures and stage sets, and can also be used as a creative screen for front projection and rear projection.  Width: \u00b1 430 - 450 cm Weight: 165 g\/m\u00b2  Flame-retardant rating: B-s1,d0 Composition: 100% Polyester\" \/>\n<meta property=\"og:url\" content=\"https:\/\/www.azur-scenic.com\/en\/product\/stretch-xxl\/\" \/>\n<meta property=\"og:site_name\" content=\"Azur Scenic\" \/>\n<meta property=\"article:modified_time\" content=\"2023-08-02T12:56:05+00:00\" \/>\n<meta property=\"og:image\" content=\"https:\/\/www.azur-scenic.com\/wp-content\/uploads\/8e6c97902bdb6b4b6963dcd49639d479.png\" \/>\n\t<meta property=\"og:image:width\" content=\"430\" \/>\n\t<meta property=\"og:image:height\" content=\"430\" \/>\n\t<meta property=\"og:image:type\" content=\"image\/png\" \/>\n<meta name=\"twitter:card\" content=\"summary_large_image\" \/>\n<meta name=\"twitter:label1\" content=\"Est. reading time\" \/>\n\t<meta name=\"twitter:data1\" content=\"1 minute\" \/>\n<script type=\"application\/ld+json\" class=\"yoast-schema-graph\">{\"@context\":\"https:\\\/\\\/schema.org\",\"@graph\":[{\"@type\":\"WebPage\",\"@id\":\"https:\\\/\\\/www.azur-scenic.com\\\/en\\\/product\\\/stretch-xxl\\\/\",\"url\":\"https:\\\/\\\/www.azur-scenic.com\\\/en\\\/product\\\/stretch-xxl\\\/\",\"name\":\"Stretch XXL - Azur Scenic\",\"isPartOf\":{\"@id\":\"https:\\\/\\\/www.azur-scenic.com\\\/en\\\/#website\"},\"primaryImageOfPage\":{\"@id\":\"https:\\\/\\\/www.azur-scenic.com\\\/en\\\/product\\\/stretch-xxl\\\/#primaryimage\"},\"image\":{\"@id\":\"https:\\\/\\\/www.azur-scenic.com\\\/en\\\/product\\\/stretch-xxl\\\/#primaryimage\"},\"thumbnailUrl\":\"https:\\\/\\\/www.azur-scenic.com\\\/wp-content\\\/uploads\\\/8e6c97902bdb6b4b6963dcd49639d479.png\",\"datePublished\":\"2022-10-04T07:25:00+00:00\",\"dateModified\":\"2023-08-02T12:56:05+00:00\",\"breadcrumb\":{\"@id\":\"https:\\\/\\\/www.azur-scenic.com\\\/en\\\/product\\\/stretch-xxl\\\/#breadcrumb\"},\"inLanguage\":\"en-US\",\"potentialAction\":[{\"@type\":\"ReadAction\",\"target\":[\"https:\\\/\\\/www.azur-scenic.com\\\/en\\\/product\\\/stretch-xxl\\\/\"]}]},{\"@type\":\"ImageObject\",\"inLanguage\":\"en-US\",\"@id\":\"https:\\\/\\\/www.azur-scenic.com\\\/en\\\/product\\\/stretch-xxl\\\/#primaryimage\",\"url\":\"https:\\\/\\\/www.azur-scenic.com\\\/wp-content\\\/uploads\\\/8e6c97902bdb6b4b6963dcd49639d479.png\",\"contentUrl\":\"https:\\\/\\\/www.azur-scenic.com\\\/wp-content\\\/uploads\\\/8e6c97902bdb6b4b6963dcd49639d479.png\",\"width\":430,\"height\":430},{\"@type\":\"BreadcrumbList\",\"@id\":\"https:\\\/\\\/www.azur-scenic.com\\\/en\\\/product\\\/stretch-xxl\\\/#breadcrumb\",\"itemListElement\":[{\"@type\":\"ListItem\",\"position\":1,\"name\":\"Accueil\",\"item\":\"https:\\\/\\\/www.azur-scenic.com\\\/en\\\/\"},{\"@type\":\"ListItem\",\"position\":2,\"name\":\"Produits\",\"item\":\"https:\\\/\\\/www.azur-scenic.com\\\/en\\\/?page_id=21438\"},{\"@type\":\"ListItem\",\"position\":3,\"name\":\"Stretch XXL\"}]},{\"@type\":\"WebSite\",\"@id\":\"https:\\\/\\\/www.azur-scenic.com\\\/en\\\/#website\",\"url\":\"https:\\\/\\\/www.azur-scenic.com\\\/en\\\/\",\"name\":\"Azur Scenic\",\"description\":\"Sp\u00e9cialiste de l\u2019\u00e9quipement sc\u00e9nique et de la d\u00e9coration int\u00e9rieure et \u00e9v\u00e9nementielle !\",\"publisher\":{\"@id\":\"https:\\\/\\\/www.azur-scenic.com\\\/en\\\/#organization\"},\"potentialAction\":[{\"@type\":\"SearchAction\",\"target\":{\"@type\":\"EntryPoint\",\"urlTemplate\":\"https:\\\/\\\/www.azur-scenic.com\\\/en\\\/?s={search_term_string}\"},\"query-input\":{\"@type\":\"PropertyValueSpecification\",\"valueRequired\":true,\"valueName\":\"search_term_string\"}}],\"inLanguage\":\"en-US\"},{\"@type\":\"Organization\",\"@id\":\"https:\\\/\\\/www.azur-scenic.com\\\/en\\\/#organization\",\"name\":\"AZUR SCENIC\",\"url\":\"https:\\\/\\\/www.azur-scenic.com\\\/en\\\/\",\"logo\":{\"@type\":\"ImageObject\",\"inLanguage\":\"en-US\",\"@id\":\"https:\\\/\\\/www.azur-scenic.com\\\/en\\\/#\\\/schema\\\/logo\\\/image\\\/\",\"url\":\"https:\\\/\\\/www.azur-scenic.com\\\/wp-content\\\/uploads\\\/2022\\\/09\\\/LOGO-AZUR-SCENIC-Fusion-web-236x64-1.jpg\",\"contentUrl\":\"https:\\\/\\\/www.azur-scenic.com\\\/wp-content\\\/uploads\\\/2022\\\/09\\\/LOGO-AZUR-SCENIC-Fusion-web-236x64-1.jpg\",\"width\":236,\"height\":64,\"caption\":\"AZUR SCENIC\"},\"image\":{\"@id\":\"https:\\\/\\\/www.azur-scenic.com\\\/en\\\/#\\\/schema\\\/logo\\\/image\\\/\"},\"sameAs\":[\"https:\\\/\\\/www.youtube.com\\\/channel\\\/UCPWM2mGPVUt4nYhNlm71WOA\",\"https:\\\/\\\/www.linkedin.com\\\/company\\\/33237605\\\/admin\\\/feed\\\/posts\\\/\"]}]}<\/script>\n<!-- \/ Yoast SEO plugin. -->","yoast_head_json":{"title":"Stretch XXL - Azur Scenic","robots":{"index":"index","follow":"follow","max-snippet":"max-snippet:-1","max-image-preview":"max-image-preview:large","max-video-preview":"max-video-preview:-1"},"canonical":"https:\/\/www.azur-scenic.com\/en\/product\/stretch-xxl\/","og_locale":"en_US","og_type":"article","og_title":"Stretch XXL - Azur Scenic","og_description":"A stretch material with B-s1,d0 flame-retardant rating, ideal for all your events decoration projects. Available in large widths, this stretch fabric lets you work on even the largest projects by limiting panel seams. This washable polyester item is great for both indoor and outdoor use. Thin and highly versatile, this stretch material can be used for tents and big tops, decorating stands, dressing stage flats, structures and stage sets, and can also be used as a creative screen for front projection and rear projection.  Width: \u00b1 430 - 450 cm Weight: 165 g\/m\u00b2  Flame-retardant rating: B-s1,d0 Composition: 100% Polyester","og_url":"https:\/\/www.azur-scenic.com\/en\/product\/stretch-xxl\/","og_site_name":"Azur Scenic","article_modified_time":"2023-08-02T12:56:05+00:00","og_image":[{"width":430,"height":430,"url":"https:\/\/www.azur-scenic.com\/wp-content\/uploads\/8e6c97902bdb6b4b6963dcd49639d479.png","type":"image\/png"}],"twitter_card":"summary_large_image","twitter_misc":{"Est. reading time":"1 minute"},"schema":{"@context":"https:\/\/schema.org","@graph":[{"@type":"WebPage","@id":"https:\/\/www.azur-scenic.com\/en\/product\/stretch-xxl\/","url":"https:\/\/www.azur-scenic.com\/en\/product\/stretch-xxl\/","name":"Stretch XXL - Azur Scenic","isPartOf":{"@id":"https:\/\/www.azur-scenic.com\/en\/#website"},"primaryImageOfPage":{"@id":"https:\/\/www.azur-scenic.com\/en\/product\/stretch-xxl\/#primaryimage"},"image":{"@id":"https:\/\/www.azur-scenic.com\/en\/product\/stretch-xxl\/#primaryimage"},"thumbnailUrl":"https:\/\/www.azur-scenic.com\/wp-content\/uploads\/8e6c97902bdb6b4b6963dcd49639d479.png","datePublished":"2022-10-04T07:25:00+00:00","dateModified":"2023-08-02T12:56:05+00:00","breadcrumb":{"@id":"https:\/\/www.azur-scenic.com\/en\/product\/stretch-xxl\/#breadcrumb"},"inLanguage":"en-US","potentialAction":[{"@type":"ReadAction","target":["https:\/\/www.azur-scenic.com\/en\/product\/stretch-xxl\/"]}]},{"@type":"ImageObject","inLanguage":"en-US","@id":"https:\/\/www.azur-scenic.com\/en\/product\/stretch-xxl\/#primaryimage","url":"https:\/\/www.azur-scenic.com\/wp-content\/uploads\/8e6c97902bdb6b4b6963dcd49639d479.png","contentUrl":"https:\/\/www.azur-scenic.com\/wp-content\/uploads\/8e6c97902bdb6b4b6963dcd49639d479.png","width":430,"height":430},{"@type":"BreadcrumbList","@id":"https:\/\/www.azur-scenic.com\/en\/product\/stretch-xxl\/#breadcrumb","itemListElement":[{"@type":"ListItem","position":1,"name":"Accueil","item":"https:\/\/www.azur-scenic.com\/en\/"},{"@type":"ListItem","position":2,"name":"Produits","item":"https:\/\/www.azur-scenic.com\/en\/?page_id=21438"},{"@type":"ListItem","position":3,"name":"Stretch XXL"}]},{"@type":"WebSite","@id":"https:\/\/www.azur-scenic.com\/en\/#website","url":"https:\/\/www.azur-scenic.com\/en\/","name":"Azur Scenic","description":"Sp\u00e9cialiste de l\u2019\u00e9quipement sc\u00e9nique et de la d\u00e9coration int\u00e9rieure et \u00e9v\u00e9nementielle !","publisher":{"@id":"https:\/\/www.azur-scenic.com\/en\/#organization"},"potentialAction":[{"@type":"SearchAction","target":{"@type":"EntryPoint","urlTemplate":"https:\/\/www.azur-scenic.com\/en\/?s={search_term_string}"},"query-input":{"@type":"PropertyValueSpecification","valueRequired":true,"valueName":"search_term_string"}}],"inLanguage":"en-US"},{"@type":"Organization","@id":"https:\/\/www.azur-scenic.com\/en\/#organization","name":"AZUR SCENIC","url":"https:\/\/www.azur-scenic.com\/en\/","logo":{"@type":"ImageObject","inLanguage":"en-US","@id":"https:\/\/www.azur-scenic.com\/en\/#\/schema\/logo\/image\/","url":"https:\/\/www.azur-scenic.com\/wp-content\/uploads\/2022\/09\/LOGO-AZUR-SCENIC-Fusion-web-236x64-1.jpg","contentUrl":"https:\/\/www.azur-scenic.com\/wp-content\/uploads\/2022\/09\/LOGO-AZUR-SCENIC-Fusion-web-236x64-1.jpg","width":236,"height":64,"caption":"AZUR SCENIC"},"image":{"@id":"https:\/\/www.azur-scenic.com\/en\/#\/schema\/logo\/image\/"},"sameAs":["https:\/\/www.youtube.com\/channel\/UCPWM2mGPVUt4nYhNlm71WOA","https:\/\/www.linkedin.com\/company\/33237605\/admin\/feed\/posts\/"]}]}},"_links":{"self":[{"href":"https:\/\/www.azur-scenic.com\/en\/wp-json\/wp\/v2\/product\/19274","targetHints":{"allow":["GET"]}}],"collection":[{"href":"https:\/\/www.azur-scenic.com\/en\/wp-json\/wp\/v2\/product"}],"about":[{"href":"https:\/\/www.azur-scenic.com\/en\/wp-json\/wp\/v2\/types\/product"}],"wp:featuredmedia":[{"embeddable":true,"href":"https:\/\/www.azur-scenic.com\/en\/wp-json\/wp\/v2\/media\/6972"}],"wp:attachment":[{"href":"https:\/\/www.azur-scenic.com\/en\/wp-json\/wp\/v2\/media?parent=19274"}],"wp:term":[{"taxonomy":"product_brand","embeddable":true,"href":"https:\/\/www.azur-scenic.com\/en\/wp-json\/wp\/v2\/product_brand?post=19274"},{"taxonomy":"product_cat","embeddable":true,"href":"https:\/\/www.azur-scenic.com\/en\/wp-json\/wp\/v2\/product_cat?post=19274"},{"taxonomy":"product_tag","embeddable":true,"href":"https:\/\/www.azur-scenic.com\/en\/wp-json\/wp\/v2\/product_tag?post=19274"}],"curies":[{"name":"wp","href":"https:\/\/api.w.org\/{rel}","templated":true}]}}