{"id":19283,"date":"2022-10-04T07:25:00","date_gmt":"2022-10-04T07:25:00","guid":{"rendered":"https:\/\/www.azur-scenic.com\/produit\/stretch-ibiza\/"},"modified":"2023-08-02T12:56:10","modified_gmt":"2023-08-02T12:56:10","slug":"stretch-ibiza","status":"publish","type":"product","link":"https:\/\/www.azur-scenic.com\/en\/product\/stretch-ibiza\/","title":{"rendered":"Stretch Ibiza"},"content":{"rendered":"<table>\n<thead>\n<tr>\n<th style=\"width: 170px;\">Technical data<\/th>\n<th style=\"width: 133px;\">Value<\/th>\n<th style=\"width: 226px;\">Notes<\/th>\n<\/tr>\n<\/thead>\n<tbody>\n<tr>\n<td style=\"vertical-align: top;\">Width<\/td>\n<td style=\"vertical-align: top; width: 133px;\">150 cm<\/td>\n<td style=\"vertical-align: top; width: 226px;\">\u00a0<\/td>\n<\/tr>\n<tr>\n<td style=\"vertical-align: top;\">Weight<\/td>\n<td style=\"vertical-align: top; width: 133px;\">230 g\/m\u00b2<\/td>\n<td style=\"vertical-align: top; width: 226px;\">\u00a0<\/td>\n<\/tr>\n<tr>\n<td style=\"vertical-align: top;\">Thickness<\/td>\n<td style=\"vertical-align: top; width: 133px;\">0.5 mm<\/td>\n<td style=\"vertical-align: top; width: 226px;\">\u00a0<\/td>\n<\/tr>\n<tr>\n<td style=\"vertical-align: top;\">Flame-retardant rating<\/td>\n<td style=\"vertical-align: top; width: 133px;\"><img decoding=\"async\" style=\"height: 20px; width: 20px;\" src=\"https:\/\/www.azur-scenic.com\/wp-content\/uploads\/csm_icon-flag-france_3304e5e3f9.png\" \/> M1<\/td>\n<td style=\"vertical-align: top; width: 226px;\">Standard: NF P 92-503-507<\/td>\n<\/tr>\n<tr>\n<td style=\"vertical-align: top;\">Composition<\/td>\n<td style=\"vertical-align: top;\" colspan=\"2\" rowspan=\"1\">80% Polyamide, 20% Elasthane<\/td>\n<\/tr>\n<tr>\n<td style=\"vertical-align: top;\">Roll length<\/td>\n<td style=\"vertical-align: top; width: 133px;\">50 m<br \/>\nRolled full-width<\/td>\n<td style=\"vertical-align: top; width: 226px;\">Cut-to-length possible<\/td>\n<\/tr>\n<tr>\n<td style=\"vertical-align: top;\">Elasticity<\/td>\n<td style=\"vertical-align: top; width: 133px;\">15 to 40%<\/td>\n<td style=\"vertical-align: top; width: 226px;\">Stated elasticity is for information purposes only and may vary according to size, format and<br \/>\ntype of mounting<\/td>\n<\/tr>\n<\/tbody>\n<\/table>\n<p>\u00a0<\/p><\/p>\n","protected":false},"excerpt":{"rendered":"<p>A Lycra\u00ae <strong><span style=\"color: #f88523;\">stretch<\/span><\/strong> material with <strong><span style=\"color: #f88523;\">M1 flame-retardant rating<\/span><\/strong>, ideal for all your <span style=\"color: #f88523;\"><strong>events decoration<\/strong><\/span>, whether it\u2019s <span style=\"color: #f88523;\"><strong>indoors<\/strong><\/span> or <span style=\"color: #f88523;\"><strong>outdoors<\/strong><\/span>.<br \/>\nAvailable in <span style=\"color: #f88523;\"><strong>16 attractive colours<\/strong><\/span>, this stretch material is also available in totally original versions such as nets and even with a water-resistant treatment.<br \/>\nThis super-versatile Lycra\u00ae material can be used for <span style=\"color: #f88523;\"><strong>tents<\/strong><\/span> and <span style=\"color: #f88523;\"><strong>big tops<\/strong><\/span>, <span style=\"color: #f88523;\"><strong>decorating stands<\/strong><\/span>, <span style=\"color: #f88523;\"><strong>dressing stage flats, structures<\/strong><\/span> and <span style=\"color: #f88523;\"><strong>stage sets<\/strong><\/span>, and can also be used as a<span style=\"color: #f88523;\"><strong> creative screen projection<\/strong><\/span>.<\/p>\n<table class=\"table\" style=\"background: #f7f7f7;\">\n<tbody>\n<tr>\n<td><strong>Width<\/strong>: 150 cm<\/td>\n<td><strong>Weight<\/strong>: 230 g\/m\u00b2<\/td>\n<\/tr>\n<tr>\n<td><strong>Flame-retardant rating<\/strong>: <img decoding=\"async\" style=\"height: 20px; width: 20px;\" src=\"https:\/\/www.azur-scenic.com\/wp-content\/uploads\/csm_icon-flag-france_3304e5e3f9.png\" \/> M1<\/td>\n<td style=\"vertical-align: top;\"><strong>Composition<\/strong>: 80% Polyamide,<br \/>\n20% Elasthane<\/td>\n<\/tr>\n<\/tbody>\n<\/table>\n","protected":false},"featured_media":6963,"template":"","meta":{"_acf_changed":false},"product_brand":[],"product_cat":[898,893,1354],"product_tag":[],"class_list":{"0":"post-19283","1":"product","2":"type-product","3":"status-publish","4":"has-post-thumbnail","6":"product_cat-all-products","7":"product_cat-stage-and-events-material","8":"product_cat-stretch","9":"pa_couleurs-001-en","10":"pa_couleurs-002-en","11":"pa_couleurs-092-en","12":"pa_couleurs-100-en","13":"pa_couleurs-250-en","14":"pa_couleurs-325-en","15":"pa_couleurs-340-en","16":"pa_couleurs-460-en","17":"pa_couleurs-623-en","18":"pa_couleurs-650-en","19":"pa_couleurs-708-en","20":"pa_couleurs-765-en","21":"pa_couleurs-790-en","22":"pa_couleurs-800-en","23":"pa_couleurs-950-en","24":"pa_groupes-de-couleurs-white","25":"pa_groupes-de-couleurs-blue","26":"pa_groupes-de-couleurs-off-white","27":"pa_groupes-de-couleurs-greys","28":"pa_groupes-de-couleurs-yellow","29":"pa_groupes-de-couleurs-orange","30":"pa_groupes-de-couleurs-pink","31":"pa_groupes-de-couleurs-red","32":"pa_groupes-de-couleurs-green","33":"pa_groupes-de-couleurs-purple","34":"pa_textiles-suitable-for-outdoors-use","35":"pa_textiles-flame-retardant-rated","36":"pa_textiles-stretch","37":"pa_textiles-front-projection","39":"first","40":"instock","41":"shipping-taxable","42":"purchasable","43":"product-type-variable"},"acf":[],"yoast_head":"<!-- This site is optimized with the Yoast SEO plugin v27.3 - https:\/\/yoast.com\/product\/yoast-seo-wordpress\/ -->\n<title>Stretch Ibiza - Azur Scenic<\/title>\n<meta name=\"robots\" content=\"index, follow, max-snippet:-1, max-image-preview:large, max-video-preview:-1\" \/>\n<link rel=\"canonical\" href=\"https:\/\/www.azur-scenic.com\/en\/product\/stretch-ibiza\/\" \/>\n<meta property=\"og:locale\" content=\"en_US\" \/>\n<meta property=\"og:type\" content=\"article\" \/>\n<meta property=\"og:title\" content=\"Stretch Ibiza - Azur Scenic\" \/>\n<meta property=\"og:description\" content=\"A Lycra\u00ae stretch material with M1 flame-retardant rating, ideal for all your events decoration, whether it\u2019s indoors or outdoors. Available in 16 attractive colours, this stretch material is also available in totally original versions such as nets and even with a water-resistant treatment. This super-versatile Lycra\u00ae material can be used for tents and big tops, decorating stands, dressing stage flats, structures and stage sets, and can also be used as a creative screen projection.  Width: 150 cm Weight: 230 g\/m\u00b2  Flame-retardant rating: M1 Composition: 80% Polyamide, 20% Elasthane\" \/>\n<meta property=\"og:url\" content=\"https:\/\/www.azur-scenic.com\/en\/product\/stretch-ibiza\/\" \/>\n<meta property=\"og:site_name\" content=\"Azur Scenic\" \/>\n<meta property=\"article:modified_time\" content=\"2023-08-02T12:56:10+00:00\" \/>\n<meta property=\"og:image\" content=\"https:\/\/www.azur-scenic.com\/wp-content\/uploads\/315ce2d1cbea39b2d7d14d7f5c2fa90b.png\" \/>\n\t<meta property=\"og:image:width\" content=\"430\" \/>\n\t<meta property=\"og:image:height\" content=\"430\" \/>\n\t<meta property=\"og:image:type\" content=\"image\/png\" \/>\n<meta name=\"twitter:card\" content=\"summary_large_image\" \/>\n<script type=\"application\/ld+json\" class=\"yoast-schema-graph\">{\"@context\":\"https:\\\/\\\/schema.org\",\"@graph\":[{\"@type\":\"WebPage\",\"@id\":\"https:\\\/\\\/www.azur-scenic.com\\\/en\\\/product\\\/stretch-ibiza\\\/\",\"url\":\"https:\\\/\\\/www.azur-scenic.com\\\/en\\\/product\\\/stretch-ibiza\\\/\",\"name\":\"Stretch Ibiza - Azur Scenic\",\"isPartOf\":{\"@id\":\"https:\\\/\\\/www.azur-scenic.com\\\/en\\\/#website\"},\"primaryImageOfPage\":{\"@id\":\"https:\\\/\\\/www.azur-scenic.com\\\/en\\\/product\\\/stretch-ibiza\\\/#primaryimage\"},\"image\":{\"@id\":\"https:\\\/\\\/www.azur-scenic.com\\\/en\\\/product\\\/stretch-ibiza\\\/#primaryimage\"},\"thumbnailUrl\":\"https:\\\/\\\/www.azur-scenic.com\\\/wp-content\\\/uploads\\\/315ce2d1cbea39b2d7d14d7f5c2fa90b.png\",\"datePublished\":\"2022-10-04T07:25:00+00:00\",\"dateModified\":\"2023-08-02T12:56:10+00:00\",\"breadcrumb\":{\"@id\":\"https:\\\/\\\/www.azur-scenic.com\\\/en\\\/product\\\/stretch-ibiza\\\/#breadcrumb\"},\"inLanguage\":\"en-US\",\"potentialAction\":[{\"@type\":\"ReadAction\",\"target\":[\"https:\\\/\\\/www.azur-scenic.com\\\/en\\\/product\\\/stretch-ibiza\\\/\"]}]},{\"@type\":\"ImageObject\",\"inLanguage\":\"en-US\",\"@id\":\"https:\\\/\\\/www.azur-scenic.com\\\/en\\\/product\\\/stretch-ibiza\\\/#primaryimage\",\"url\":\"https:\\\/\\\/www.azur-scenic.com\\\/wp-content\\\/uploads\\\/315ce2d1cbea39b2d7d14d7f5c2fa90b.png\",\"contentUrl\":\"https:\\\/\\\/www.azur-scenic.com\\\/wp-content\\\/uploads\\\/315ce2d1cbea39b2d7d14d7f5c2fa90b.png\",\"width\":430,\"height\":430},{\"@type\":\"BreadcrumbList\",\"@id\":\"https:\\\/\\\/www.azur-scenic.com\\\/en\\\/product\\\/stretch-ibiza\\\/#breadcrumb\",\"itemListElement\":[{\"@type\":\"ListItem\",\"position\":1,\"name\":\"Accueil\",\"item\":\"https:\\\/\\\/www.azur-scenic.com\\\/en\\\/\"},{\"@type\":\"ListItem\",\"position\":2,\"name\":\"Produits\",\"item\":\"https:\\\/\\\/www.azur-scenic.com\\\/en\\\/?page_id=21438\"},{\"@type\":\"ListItem\",\"position\":3,\"name\":\"Stretch Ibiza\"}]},{\"@type\":\"WebSite\",\"@id\":\"https:\\\/\\\/www.azur-scenic.com\\\/en\\\/#website\",\"url\":\"https:\\\/\\\/www.azur-scenic.com\\\/en\\\/\",\"name\":\"Azur Scenic\",\"description\":\"Sp\u00e9cialiste de l\u2019\u00e9quipement sc\u00e9nique et de la d\u00e9coration int\u00e9rieure et \u00e9v\u00e9nementielle !\",\"publisher\":{\"@id\":\"https:\\\/\\\/www.azur-scenic.com\\\/en\\\/#organization\"},\"potentialAction\":[{\"@type\":\"SearchAction\",\"target\":{\"@type\":\"EntryPoint\",\"urlTemplate\":\"https:\\\/\\\/www.azur-scenic.com\\\/en\\\/?s={search_term_string}\"},\"query-input\":{\"@type\":\"PropertyValueSpecification\",\"valueRequired\":true,\"valueName\":\"search_term_string\"}}],\"inLanguage\":\"en-US\"},{\"@type\":\"Organization\",\"@id\":\"https:\\\/\\\/www.azur-scenic.com\\\/en\\\/#organization\",\"name\":\"AZUR SCENIC\",\"url\":\"https:\\\/\\\/www.azur-scenic.com\\\/en\\\/\",\"logo\":{\"@type\":\"ImageObject\",\"inLanguage\":\"en-US\",\"@id\":\"https:\\\/\\\/www.azur-scenic.com\\\/en\\\/#\\\/schema\\\/logo\\\/image\\\/\",\"url\":\"https:\\\/\\\/www.azur-scenic.com\\\/wp-content\\\/uploads\\\/2022\\\/09\\\/LOGO-AZUR-SCENIC-Fusion-web-236x64-1.jpg\",\"contentUrl\":\"https:\\\/\\\/www.azur-scenic.com\\\/wp-content\\\/uploads\\\/2022\\\/09\\\/LOGO-AZUR-SCENIC-Fusion-web-236x64-1.jpg\",\"width\":236,\"height\":64,\"caption\":\"AZUR SCENIC\"},\"image\":{\"@id\":\"https:\\\/\\\/www.azur-scenic.com\\\/en\\\/#\\\/schema\\\/logo\\\/image\\\/\"},\"sameAs\":[\"https:\\\/\\\/www.youtube.com\\\/channel\\\/UCPWM2mGPVUt4nYhNlm71WOA\",\"https:\\\/\\\/www.linkedin.com\\\/company\\\/33237605\\\/admin\\\/feed\\\/posts\\\/\"]}]}<\/script>\n<!-- \/ Yoast SEO plugin. -->","yoast_head_json":{"title":"Stretch Ibiza - Azur Scenic","robots":{"index":"index","follow":"follow","max-snippet":"max-snippet:-1","max-image-preview":"max-image-preview:large","max-video-preview":"max-video-preview:-1"},"canonical":"https:\/\/www.azur-scenic.com\/en\/product\/stretch-ibiza\/","og_locale":"en_US","og_type":"article","og_title":"Stretch Ibiza - Azur Scenic","og_description":"A Lycra\u00ae stretch material with M1 flame-retardant rating, ideal for all your events decoration, whether it\u2019s indoors or outdoors. Available in 16 attractive colours, this stretch material is also available in totally original versions such as nets and even with a water-resistant treatment. This super-versatile Lycra\u00ae material can be used for tents and big tops, decorating stands, dressing stage flats, structures and stage sets, and can also be used as a creative screen projection.  Width: 150 cm Weight: 230 g\/m\u00b2  Flame-retardant rating: M1 Composition: 80% Polyamide, 20% Elasthane","og_url":"https:\/\/www.azur-scenic.com\/en\/product\/stretch-ibiza\/","og_site_name":"Azur Scenic","article_modified_time":"2023-08-02T12:56:10+00:00","og_image":[{"width":430,"height":430,"url":"https:\/\/www.azur-scenic.com\/wp-content\/uploads\/315ce2d1cbea39b2d7d14d7f5c2fa90b.png","type":"image\/png"}],"twitter_card":"summary_large_image","schema":{"@context":"https:\/\/schema.org","@graph":[{"@type":"WebPage","@id":"https:\/\/www.azur-scenic.com\/en\/product\/stretch-ibiza\/","url":"https:\/\/www.azur-scenic.com\/en\/product\/stretch-ibiza\/","name":"Stretch Ibiza - Azur Scenic","isPartOf":{"@id":"https:\/\/www.azur-scenic.com\/en\/#website"},"primaryImageOfPage":{"@id":"https:\/\/www.azur-scenic.com\/en\/product\/stretch-ibiza\/#primaryimage"},"image":{"@id":"https:\/\/www.azur-scenic.com\/en\/product\/stretch-ibiza\/#primaryimage"},"thumbnailUrl":"https:\/\/www.azur-scenic.com\/wp-content\/uploads\/315ce2d1cbea39b2d7d14d7f5c2fa90b.png","datePublished":"2022-10-04T07:25:00+00:00","dateModified":"2023-08-02T12:56:10+00:00","breadcrumb":{"@id":"https:\/\/www.azur-scenic.com\/en\/product\/stretch-ibiza\/#breadcrumb"},"inLanguage":"en-US","potentialAction":[{"@type":"ReadAction","target":["https:\/\/www.azur-scenic.com\/en\/product\/stretch-ibiza\/"]}]},{"@type":"ImageObject","inLanguage":"en-US","@id":"https:\/\/www.azur-scenic.com\/en\/product\/stretch-ibiza\/#primaryimage","url":"https:\/\/www.azur-scenic.com\/wp-content\/uploads\/315ce2d1cbea39b2d7d14d7f5c2fa90b.png","contentUrl":"https:\/\/www.azur-scenic.com\/wp-content\/uploads\/315ce2d1cbea39b2d7d14d7f5c2fa90b.png","width":430,"height":430},{"@type":"BreadcrumbList","@id":"https:\/\/www.azur-scenic.com\/en\/product\/stretch-ibiza\/#breadcrumb","itemListElement":[{"@type":"ListItem","position":1,"name":"Accueil","item":"https:\/\/www.azur-scenic.com\/en\/"},{"@type":"ListItem","position":2,"name":"Produits","item":"https:\/\/www.azur-scenic.com\/en\/?page_id=21438"},{"@type":"ListItem","position":3,"name":"Stretch Ibiza"}]},{"@type":"WebSite","@id":"https:\/\/www.azur-scenic.com\/en\/#website","url":"https:\/\/www.azur-scenic.com\/en\/","name":"Azur Scenic","description":"Sp\u00e9cialiste de l\u2019\u00e9quipement sc\u00e9nique et de la d\u00e9coration int\u00e9rieure et \u00e9v\u00e9nementielle !","publisher":{"@id":"https:\/\/www.azur-scenic.com\/en\/#organization"},"potentialAction":[{"@type":"SearchAction","target":{"@type":"EntryPoint","urlTemplate":"https:\/\/www.azur-scenic.com\/en\/?s={search_term_string}"},"query-input":{"@type":"PropertyValueSpecification","valueRequired":true,"valueName":"search_term_string"}}],"inLanguage":"en-US"},{"@type":"Organization","@id":"https:\/\/www.azur-scenic.com\/en\/#organization","name":"AZUR SCENIC","url":"https:\/\/www.azur-scenic.com\/en\/","logo":{"@type":"ImageObject","inLanguage":"en-US","@id":"https:\/\/www.azur-scenic.com\/en\/#\/schema\/logo\/image\/","url":"https:\/\/www.azur-scenic.com\/wp-content\/uploads\/2022\/09\/LOGO-AZUR-SCENIC-Fusion-web-236x64-1.jpg","contentUrl":"https:\/\/www.azur-scenic.com\/wp-content\/uploads\/2022\/09\/LOGO-AZUR-SCENIC-Fusion-web-236x64-1.jpg","width":236,"height":64,"caption":"AZUR SCENIC"},"image":{"@id":"https:\/\/www.azur-scenic.com\/en\/#\/schema\/logo\/image\/"},"sameAs":["https:\/\/www.youtube.com\/channel\/UCPWM2mGPVUt4nYhNlm71WOA","https:\/\/www.linkedin.com\/company\/33237605\/admin\/feed\/posts\/"]}]}},"_links":{"self":[{"href":"https:\/\/www.azur-scenic.com\/en\/wp-json\/wp\/v2\/product\/19283","targetHints":{"allow":["GET"]}}],"collection":[{"href":"https:\/\/www.azur-scenic.com\/en\/wp-json\/wp\/v2\/product"}],"about":[{"href":"https:\/\/www.azur-scenic.com\/en\/wp-json\/wp\/v2\/types\/product"}],"wp:featuredmedia":[{"embeddable":true,"href":"https:\/\/www.azur-scenic.com\/en\/wp-json\/wp\/v2\/media\/6963"}],"wp:attachment":[{"href":"https:\/\/www.azur-scenic.com\/en\/wp-json\/wp\/v2\/media?parent=19283"}],"wp:term":[{"taxonomy":"product_brand","embeddable":true,"href":"https:\/\/www.azur-scenic.com\/en\/wp-json\/wp\/v2\/product_brand?post=19283"},{"taxonomy":"product_cat","embeddable":true,"href":"https:\/\/www.azur-scenic.com\/en\/wp-json\/wp\/v2\/product_cat?post=19283"},{"taxonomy":"product_tag","embeddable":true,"href":"https:\/\/www.azur-scenic.com\/en\/wp-json\/wp\/v2\/product_tag?post=19283"}],"curies":[{"name":"wp","href":"https:\/\/api.w.org\/{rel}","templated":true}]}}