{"id":19344,"date":"2022-10-04T07:24:54","date_gmt":"2022-10-04T07:24:54","guid":{"rendered":"https:\/\/www.azur-scenic.com\/produit\/opaque\/"},"modified":"2023-08-02T12:56:12","modified_gmt":"2023-08-02T12:56:12","slug":"opaque","status":"publish","type":"product","link":"https:\/\/www.azur-scenic.com\/en\/product\/opaque\/","title":{"rendered":"Opaque"},"content":{"rendered":"<table>\n<thead>\n<tr>\n<th style=\"width: 170px;\">Technical data<\/th>\n<th style=\"width: 119px;\">Value<\/th>\n<th style=\"width: 239px;\">Notes<\/th>\n<\/tr>\n<\/thead>\n<tbody>\n<tr>\n<td style=\"vertical-align: top;\">Width<\/td>\n<td style=\"vertical-align: top; width: 119px;\">300 cm<\/td>\n<td style=\"vertical-align: top; width: 239px;\">\u00a0<\/td>\n<\/tr>\n<tr>\n<td style=\"vertical-align: top;\">Weight<\/td>\n<td style=\"vertical-align: top; width: 119px;\">340 g\/m\u00b2<\/td>\n<td style=\"vertical-align: top; width: 239px;\">\u00a0<\/td>\n<\/tr>\n<tr>\n<td style=\"vertical-align: top;\">Thickness<\/td>\n<td style=\"vertical-align: top; width: 119px;\">1.2 mm<\/td>\n<td style=\"vertical-align: top; width: 239px;\">\u00a0<\/td>\n<\/tr>\n<tr>\n<td style=\"vertical-align: top;\">Flame-retardant rating<\/td>\n<td style=\"vertical-align: top; width: 119px;\"><img decoding=\"async\" style=\"height: 20px; width: 20px;\" src=\"https:\/\/www.azur-scenic.com\/wp-content\/uploads\/icon-flag-france.png?1542281963\" \/> M1<\/td>\n<td style=\"vertical-align: top; width: 239px;\">Standard: NPF 92-503<\/td>\n<\/tr>\n<tr>\n<td style=\"vertical-align: top;\">Composition<\/td>\n<td style=\"vertical-align: top; width: 119px;\">100% Cotton<\/td>\n<td style=\"vertical-align: top; width: 239px;\">\u00a0<\/td>\n<\/tr>\n<tr>\n<td style=\"vertical-align: top;\">Lengths<br \/>\nBlack:<br \/>\nColours:<\/td>\n<td style=\"vertical-align: top; width: 119px;\">500 m (palette)<br \/>\n60 m (bales)<\/td>\n<td style=\"vertical-align: top; width: 239px;\">Available to buy cut-to-length for standard colours<br \/>\n(see specifications)<\/td>\n<\/tr>\n<tr>\n<td style=\"vertical-align: top;\">Acoustic properties<br \/>\nWSAC<br \/>\nSAC<br \/>\nNRC<br \/>\nSAA<\/td>\n<td style=\"vertical-align: top; width: 119px;\">0.85 \u03b1w<br \/>\nB <span style=\"font-size: 10px;\">(extreme absorption)<\/span><br \/>\n0.80<br \/>\n0.81<\/td>\n<td style=\"vertical-align: top; width: 239px;\">Standards:<br \/>\nISO 354 &#8211;\u00a0ISO 11654\u00a0&#8211;\u00a0ASTM C423<\/td>\n<\/tr>\n<\/tbody>\n<\/table>\n<p>\u00a0<\/p><\/p>\n","protected":false},"excerpt":{"rendered":"<p>A superb material with a thick, fleecy feel and M1 flame-retardant rating, ideal for making <span style=\"color: #f88523;\"><strong>stage legs and borders<\/strong><\/span>, <span style=\"color: #f88523;\"><strong>backdrops and backcloths<\/strong><\/span>, events curtains, black boxes, etc.<br \/>\nThe range includes <strong><span style=\"color: #f88523;\">deep matte black<\/span><\/strong>, all the classic <strong><span style=\"color: #f88523;\">stage set colours<\/span><\/strong>, and <span style=\"color: #f88523;\"><strong>Chroma key<\/strong><\/span> green perfect for making green backdrops for <strong><span style=\"color: #f88523;\">keyed video<\/span><\/strong>.<br \/>\nOpaque offers <strong><span style=\"color: #f88523;\">excellent value for money<\/span><\/strong>, allowing you to make <span style=\"color: #f88523;\"><strong>hard-wearing<\/strong><\/span> curtains with good <span style=\"color: #f88523;\"><strong>opacity<\/strong><\/span> while ensuring affordability. It also has <span style=\"color: #f88523;\"><strong>acoustic absorption<\/strong><\/span> qualities.<br \/>\nThis flame-retardant cotton material is recommended for interior use.<\/p>\n<p>\u00a0<\/p>\n<table class=\"table\" style=\"background: #f7f7f7;\">\n<tbody>\n<tr>\n<td><strong><strong>Width<\/strong>: <\/strong>300 cm<\/td>\n<td><strong><strong>Weight<\/strong>: <\/strong>340 g\/m\u00b2<\/td>\n<\/tr>\n<tr>\n<td><strong><strong>Flame-retardant rating<\/strong>: <img decoding=\"async\" style=\"height: 20px; width: 20px;\" src=\"https:\/\/www.azur-scenic.com\/wp-content\/uploads\/icon-flag-france.png?1542281963\" \/> <\/strong>M1<\/td>\n<td style=\"vertical-align: top;\"><strong><strong>Composition<\/strong>: <\/strong>100% Cotton<\/td>\n<\/tr>\n<\/tbody>\n<\/table>\n","protected":false},"featured_media":14917,"template":"","meta":{"_acf_changed":false},"product_brand":[],"product_cat":[898,893,1332,1679,896,981,982,979,980,897],"product_tag":[],"class_list":{"0":"post-19344","1":"product","2":"type-product","3":"status-publish","4":"has-post-thumbnail","6":"product_cat-all-products","7":"product_cat-stage-and-events-material","8":"product_cat-paintable-canvases-keyed-tv-cloths","9":"product_cat-keyed-tv-and-video-canvas","10":"product_cat-black-out","11":"product_cat-decorative-fabrics","12":"product_cat-canvas-brushed-finishes","13":"product_cat-acoustic-solutions","14":"product_cat-acoustic-absorption","15":"product_cat-theatre","16":"pa_couleurs-001-en","17":"pa_couleurs-002-en","18":"pa_couleurs-003-en","19":"pa_couleurs-100-en","20":"pa_couleurs-110-en","21":"pa_couleurs-180-en","22":"pa_couleurs-250-en","23":"pa_couleurs-290-en","24":"pa_couleurs-699-en","25":"pa_couleurs-765-en","26":"pa_couleurs-790-en","27":"pa_groupes-de-couleurs-white","28":"pa_groupes-de-couleurs-blue","29":"pa_groupes-de-couleurs-off-white","30":"pa_groupes-de-couleurs-greys","31":"pa_groupes-de-couleurs-black","32":"pa_groupes-de-couleurs-red","33":"pa_groupes-de-couleurs-green","34":"pa_textiles-acoustic-absorbant","35":"pa_textiles-chroma-key","36":"pa_textiles-flame-retardant-rated","37":"pa_textiles-black-out-and-or-screen-material","38":"pa_textiles-great-value","40":"first","41":"instock","42":"shipping-taxable","43":"purchasable","44":"product-type-variable"},"acf":[],"yoast_head":"<!-- This site is optimized with the Yoast SEO plugin v27.3 - https:\/\/yoast.com\/product\/yoast-seo-wordpress\/ -->\n<title>Opaque - Azur Scenic<\/title>\n<meta name=\"robots\" content=\"index, follow, max-snippet:-1, max-image-preview:large, max-video-preview:-1\" \/>\n<link rel=\"canonical\" href=\"https:\/\/www.azur-scenic.com\/en\/product\/opaque\/\" \/>\n<meta property=\"og:locale\" content=\"en_US\" \/>\n<meta property=\"og:type\" content=\"article\" \/>\n<meta property=\"og:title\" content=\"Opaque - Azur Scenic\" \/>\n<meta property=\"og:description\" content=\"A superb material with a thick, fleecy feel and M1 flame-retardant rating, ideal for making stage legs and borders, backdrops and backcloths, events curtains, black boxes, etc. The range includes deep matte black, all the classic stage set colours, and Chroma key green perfect for making green backdrops for keyed video. Opaque offers excellent value for money, allowing you to make hard-wearing curtains with good opacity while ensuring affordability. It also has acoustic absorption qualities. This flame-retardant cotton material is recommended for interior use. \u00a0  Width: 300 cm Weight: 340 g\/m\u00b2  Flame-retardant rating: M1 Composition: 100% Cotton\" \/>\n<meta property=\"og:url\" content=\"https:\/\/www.azur-scenic.com\/en\/product\/opaque\/\" \/>\n<meta property=\"og:site_name\" content=\"Azur Scenic\" \/>\n<meta property=\"article:modified_time\" content=\"2023-08-02T12:56:12+00:00\" \/>\n<meta property=\"og:image\" content=\"https:\/\/www.azur-scenic.com\/wp-content\/uploads\/OPAQUE-NOIR-1.jpg\" \/>\n\t<meta property=\"og:image:width\" content=\"2077\" \/>\n\t<meta property=\"og:image:height\" content=\"2077\" \/>\n\t<meta property=\"og:image:type\" content=\"image\/jpeg\" \/>\n<meta name=\"twitter:card\" content=\"summary_large_image\" \/>\n<script type=\"application\/ld+json\" class=\"yoast-schema-graph\">{\"@context\":\"https:\\\/\\\/schema.org\",\"@graph\":[{\"@type\":\"WebPage\",\"@id\":\"https:\\\/\\\/www.azur-scenic.com\\\/en\\\/product\\\/opaque\\\/\",\"url\":\"https:\\\/\\\/www.azur-scenic.com\\\/en\\\/product\\\/opaque\\\/\",\"name\":\"Opaque - Azur Scenic\",\"isPartOf\":{\"@id\":\"https:\\\/\\\/www.azur-scenic.com\\\/en\\\/#website\"},\"primaryImageOfPage\":{\"@id\":\"https:\\\/\\\/www.azur-scenic.com\\\/en\\\/product\\\/opaque\\\/#primaryimage\"},\"image\":{\"@id\":\"https:\\\/\\\/www.azur-scenic.com\\\/en\\\/product\\\/opaque\\\/#primaryimage\"},\"thumbnailUrl\":\"https:\\\/\\\/www.azur-scenic.com\\\/wp-content\\\/uploads\\\/OPAQUE-NOIR-1.jpg\",\"datePublished\":\"2022-10-04T07:24:54+00:00\",\"dateModified\":\"2023-08-02T12:56:12+00:00\",\"breadcrumb\":{\"@id\":\"https:\\\/\\\/www.azur-scenic.com\\\/en\\\/product\\\/opaque\\\/#breadcrumb\"},\"inLanguage\":\"en-US\",\"potentialAction\":[{\"@type\":\"ReadAction\",\"target\":[\"https:\\\/\\\/www.azur-scenic.com\\\/en\\\/product\\\/opaque\\\/\"]}]},{\"@type\":\"ImageObject\",\"inLanguage\":\"en-US\",\"@id\":\"https:\\\/\\\/www.azur-scenic.com\\\/en\\\/product\\\/opaque\\\/#primaryimage\",\"url\":\"https:\\\/\\\/www.azur-scenic.com\\\/wp-content\\\/uploads\\\/OPAQUE-NOIR-1.jpg\",\"contentUrl\":\"https:\\\/\\\/www.azur-scenic.com\\\/wp-content\\\/uploads\\\/OPAQUE-NOIR-1.jpg\",\"width\":2077,\"height\":2077,\"caption\":\"OPAQUE NOIR\"},{\"@type\":\"BreadcrumbList\",\"@id\":\"https:\\\/\\\/www.azur-scenic.com\\\/en\\\/product\\\/opaque\\\/#breadcrumb\",\"itemListElement\":[{\"@type\":\"ListItem\",\"position\":1,\"name\":\"Accueil\",\"item\":\"https:\\\/\\\/www.azur-scenic.com\\\/en\\\/\"},{\"@type\":\"ListItem\",\"position\":2,\"name\":\"Produits\",\"item\":\"https:\\\/\\\/www.azur-scenic.com\\\/en\\\/?page_id=21438\"},{\"@type\":\"ListItem\",\"position\":3,\"name\":\"Opaque\"}]},{\"@type\":\"WebSite\",\"@id\":\"https:\\\/\\\/www.azur-scenic.com\\\/en\\\/#website\",\"url\":\"https:\\\/\\\/www.azur-scenic.com\\\/en\\\/\",\"name\":\"Azur Scenic\",\"description\":\"Sp\u00e9cialiste de l\u2019\u00e9quipement sc\u00e9nique et de la d\u00e9coration int\u00e9rieure et \u00e9v\u00e9nementielle !\",\"publisher\":{\"@id\":\"https:\\\/\\\/www.azur-scenic.com\\\/en\\\/#organization\"},\"potentialAction\":[{\"@type\":\"SearchAction\",\"target\":{\"@type\":\"EntryPoint\",\"urlTemplate\":\"https:\\\/\\\/www.azur-scenic.com\\\/en\\\/?s={search_term_string}\"},\"query-input\":{\"@type\":\"PropertyValueSpecification\",\"valueRequired\":true,\"valueName\":\"search_term_string\"}}],\"inLanguage\":\"en-US\"},{\"@type\":\"Organization\",\"@id\":\"https:\\\/\\\/www.azur-scenic.com\\\/en\\\/#organization\",\"name\":\"AZUR SCENIC\",\"url\":\"https:\\\/\\\/www.azur-scenic.com\\\/en\\\/\",\"logo\":{\"@type\":\"ImageObject\",\"inLanguage\":\"en-US\",\"@id\":\"https:\\\/\\\/www.azur-scenic.com\\\/en\\\/#\\\/schema\\\/logo\\\/image\\\/\",\"url\":\"https:\\\/\\\/www.azur-scenic.com\\\/wp-content\\\/uploads\\\/2022\\\/09\\\/LOGO-AZUR-SCENIC-Fusion-web-236x64-1.jpg\",\"contentUrl\":\"https:\\\/\\\/www.azur-scenic.com\\\/wp-content\\\/uploads\\\/2022\\\/09\\\/LOGO-AZUR-SCENIC-Fusion-web-236x64-1.jpg\",\"width\":236,\"height\":64,\"caption\":\"AZUR SCENIC\"},\"image\":{\"@id\":\"https:\\\/\\\/www.azur-scenic.com\\\/en\\\/#\\\/schema\\\/logo\\\/image\\\/\"},\"sameAs\":[\"https:\\\/\\\/www.youtube.com\\\/channel\\\/UCPWM2mGPVUt4nYhNlm71WOA\",\"https:\\\/\\\/www.linkedin.com\\\/company\\\/33237605\\\/admin\\\/feed\\\/posts\\\/\"]}]}<\/script>\n<!-- \/ Yoast SEO plugin. -->","yoast_head_json":{"title":"Opaque - Azur Scenic","robots":{"index":"index","follow":"follow","max-snippet":"max-snippet:-1","max-image-preview":"max-image-preview:large","max-video-preview":"max-video-preview:-1"},"canonical":"https:\/\/www.azur-scenic.com\/en\/product\/opaque\/","og_locale":"en_US","og_type":"article","og_title":"Opaque - Azur Scenic","og_description":"A superb material with a thick, fleecy feel and M1 flame-retardant rating, ideal for making stage legs and borders, backdrops and backcloths, events curtains, black boxes, etc. The range includes deep matte black, all the classic stage set colours, and Chroma key green perfect for making green backdrops for keyed video. Opaque offers excellent value for money, allowing you to make hard-wearing curtains with good opacity while ensuring affordability. It also has acoustic absorption qualities. This flame-retardant cotton material is recommended for interior use. \u00a0  Width: 300 cm Weight: 340 g\/m\u00b2  Flame-retardant rating: M1 Composition: 100% Cotton","og_url":"https:\/\/www.azur-scenic.com\/en\/product\/opaque\/","og_site_name":"Azur Scenic","article_modified_time":"2023-08-02T12:56:12+00:00","og_image":[{"width":2077,"height":2077,"url":"https:\/\/www.azur-scenic.com\/wp-content\/uploads\/OPAQUE-NOIR-1.jpg","type":"image\/jpeg"}],"twitter_card":"summary_large_image","schema":{"@context":"https:\/\/schema.org","@graph":[{"@type":"WebPage","@id":"https:\/\/www.azur-scenic.com\/en\/product\/opaque\/","url":"https:\/\/www.azur-scenic.com\/en\/product\/opaque\/","name":"Opaque - Azur Scenic","isPartOf":{"@id":"https:\/\/www.azur-scenic.com\/en\/#website"},"primaryImageOfPage":{"@id":"https:\/\/www.azur-scenic.com\/en\/product\/opaque\/#primaryimage"},"image":{"@id":"https:\/\/www.azur-scenic.com\/en\/product\/opaque\/#primaryimage"},"thumbnailUrl":"https:\/\/www.azur-scenic.com\/wp-content\/uploads\/OPAQUE-NOIR-1.jpg","datePublished":"2022-10-04T07:24:54+00:00","dateModified":"2023-08-02T12:56:12+00:00","breadcrumb":{"@id":"https:\/\/www.azur-scenic.com\/en\/product\/opaque\/#breadcrumb"},"inLanguage":"en-US","potentialAction":[{"@type":"ReadAction","target":["https:\/\/www.azur-scenic.com\/en\/product\/opaque\/"]}]},{"@type":"ImageObject","inLanguage":"en-US","@id":"https:\/\/www.azur-scenic.com\/en\/product\/opaque\/#primaryimage","url":"https:\/\/www.azur-scenic.com\/wp-content\/uploads\/OPAQUE-NOIR-1.jpg","contentUrl":"https:\/\/www.azur-scenic.com\/wp-content\/uploads\/OPAQUE-NOIR-1.jpg","width":2077,"height":2077,"caption":"OPAQUE NOIR"},{"@type":"BreadcrumbList","@id":"https:\/\/www.azur-scenic.com\/en\/product\/opaque\/#breadcrumb","itemListElement":[{"@type":"ListItem","position":1,"name":"Accueil","item":"https:\/\/www.azur-scenic.com\/en\/"},{"@type":"ListItem","position":2,"name":"Produits","item":"https:\/\/www.azur-scenic.com\/en\/?page_id=21438"},{"@type":"ListItem","position":3,"name":"Opaque"}]},{"@type":"WebSite","@id":"https:\/\/www.azur-scenic.com\/en\/#website","url":"https:\/\/www.azur-scenic.com\/en\/","name":"Azur Scenic","description":"Sp\u00e9cialiste de l\u2019\u00e9quipement sc\u00e9nique et de la d\u00e9coration int\u00e9rieure et \u00e9v\u00e9nementielle !","publisher":{"@id":"https:\/\/www.azur-scenic.com\/en\/#organization"},"potentialAction":[{"@type":"SearchAction","target":{"@type":"EntryPoint","urlTemplate":"https:\/\/www.azur-scenic.com\/en\/?s={search_term_string}"},"query-input":{"@type":"PropertyValueSpecification","valueRequired":true,"valueName":"search_term_string"}}],"inLanguage":"en-US"},{"@type":"Organization","@id":"https:\/\/www.azur-scenic.com\/en\/#organization","name":"AZUR SCENIC","url":"https:\/\/www.azur-scenic.com\/en\/","logo":{"@type":"ImageObject","inLanguage":"en-US","@id":"https:\/\/www.azur-scenic.com\/en\/#\/schema\/logo\/image\/","url":"https:\/\/www.azur-scenic.com\/wp-content\/uploads\/2022\/09\/LOGO-AZUR-SCENIC-Fusion-web-236x64-1.jpg","contentUrl":"https:\/\/www.azur-scenic.com\/wp-content\/uploads\/2022\/09\/LOGO-AZUR-SCENIC-Fusion-web-236x64-1.jpg","width":236,"height":64,"caption":"AZUR SCENIC"},"image":{"@id":"https:\/\/www.azur-scenic.com\/en\/#\/schema\/logo\/image\/"},"sameAs":["https:\/\/www.youtube.com\/channel\/UCPWM2mGPVUt4nYhNlm71WOA","https:\/\/www.linkedin.com\/company\/33237605\/admin\/feed\/posts\/"]}]}},"_links":{"self":[{"href":"https:\/\/www.azur-scenic.com\/en\/wp-json\/wp\/v2\/product\/19344","targetHints":{"allow":["GET"]}}],"collection":[{"href":"https:\/\/www.azur-scenic.com\/en\/wp-json\/wp\/v2\/product"}],"about":[{"href":"https:\/\/www.azur-scenic.com\/en\/wp-json\/wp\/v2\/types\/product"}],"wp:featuredmedia":[{"embeddable":true,"href":"https:\/\/www.azur-scenic.com\/en\/wp-json\/wp\/v2\/media\/14917"}],"wp:attachment":[{"href":"https:\/\/www.azur-scenic.com\/en\/wp-json\/wp\/v2\/media?parent=19344"}],"wp:term":[{"taxonomy":"product_brand","embeddable":true,"href":"https:\/\/www.azur-scenic.com\/en\/wp-json\/wp\/v2\/product_brand?post=19344"},{"taxonomy":"product_cat","embeddable":true,"href":"https:\/\/www.azur-scenic.com\/en\/wp-json\/wp\/v2\/product_cat?post=19344"},{"taxonomy":"product_tag","embeddable":true,"href":"https:\/\/www.azur-scenic.com\/en\/wp-json\/wp\/v2\/product_tag?post=19344"}],"curies":[{"name":"wp","href":"https:\/\/api.w.org\/{rel}","templated":true}]}}