{"id":19429,"date":"2022-10-04T07:24:44","date_gmt":"2022-10-04T07:24:44","guid":{"rendered":"https:\/\/www.azur-scenic.com\/produit\/toile-chausey\/"},"modified":"2023-08-02T12:56:37","modified_gmt":"2023-08-02T12:56:37","slug":"chausey-canvas","status":"publish","type":"product","link":"https:\/\/www.azur-scenic.com\/en\/product\/chausey-canvas\/","title":{"rendered":"Chausey Canvas"},"content":{"rendered":"<table style=\"width: 693px;\">\n<thead>\n<tr>\n<th style=\"width: 142px;\">Technical data<\/th>\n<th style=\"width: 146px;\">Value<\/th>\n<th style=\"width: 95px;\">\u00a0<\/th>\n<th style=\"width: 282px;\">Notes<\/th>\n<\/tr>\n<\/thead>\n<tbody>\n<tr>\n<td style=\"vertical-align: top; width: 142px;\">Width<\/td>\n<td style=\"vertical-align: top; width: 146px;\">280 cm<\/td>\n<td style=\"vertical-align: top; width: 95px;\">\u00a0<\/td>\n<td style=\"vertical-align: top; width: 282px;\">\u00a0<\/td>\n<\/tr>\n<tr>\n<td style=\"vertical-align: top; width: 142px;\">Weight<\/td>\n<td style=\"vertical-align: top; width: 146px;\">270 g\/m\u00b2<\/td>\n<td style=\"vertical-align: top; width: 95px;\">\u00a0<\/td>\n<td style=\"vertical-align: top; width: 282px;\">\u00a0<\/td>\n<\/tr>\n<tr>\n<td style=\"vertical-align: top; width: 142px;\">Thickness<\/td>\n<td style=\"vertical-align: top; width: 146px;\">0.5 mm<\/td>\n<td style=\"vertical-align: top; width: 95px;\">\u00a0<\/td>\n<td style=\"vertical-align: top; width: 282px;\">\u00a0<\/td>\n<\/tr>\n<tr>\n<td style=\"vertical-align: top; width: 142px;\">Flame-retardant rating<\/td>\n<td style=\"vertical-align: top; width: 146px;\"><img decoding=\"async\" style=\"height: 20px; width: 20px;\" src=\"https:\/\/www.azur-scenic.com\/wp-content\/uploads\/csm_icon-flag-france_3304e5e3f9.png\" \/> M1<br \/>\n<img decoding=\"async\" style=\"height: 20px; width: 20px;\" src=\"https:\/\/www.azur-scenic.com\/wp-content\/uploads\/icon-flag-allemagne.png\" \/>B1<br \/>\n<img decoding=\"async\" style=\"height: 20px; width: 20px;\" src=\"https:\/\/www.azur-scenic.com\/wp-content\/uploads\/icon-flag-italie.png\" \/>UNO<\/td>\n<td style=\"vertical-align: top; width: 95px;\">\u00a0<\/td>\n<td style=\"vertical-align: top; width: 282px;\">Standard: NF P 92 503-504-505<br \/>\nStandard: DIN 4102<br \/>\nStandard: UNI 8456 \/ UNI 9174<\/td>\n<\/tr>\n<tr>\n<td style=\"vertical-align: top; width: 142px;\">Composition<\/td>\n<td style=\"vertical-align: top; width: 534px;\" colspan=\"3\" rowspan=\"1\">100% FR Polyester<\/td>\n<\/tr>\n<tr>\n<td style=\"vertical-align: top; width: 142px;\">Roll length<\/td>\n<td style=\"vertical-align: top; width: 247px;\" colspan=\"2\" rowspan=\"1\">50 m<br \/>\n(delivered in 2 x 25 m)<\/td>\n<td style=\"vertical-align: top; width: 282px;\">Cut-to-length possible<\/td>\n<\/tr>\n<tr>\n<td style=\"vertical-align: top; width: 142px;\">Light fastness \/ UV resistance<br \/>\nUnits class \/8<\/td>\n<td style=\"vertical-align: top; width: 247px;\" colspan=\"2\" rowspan=\"1\">Light colours: 6<br \/>\nMid-tone colours: 5-6<br \/>\nDark colours: 3-4<\/td>\n<td style=\"vertical-align: top; width: 282px;\">Standard: ISO 105 B02<\/td>\n<\/tr>\n<tr>\n<td style=\"vertical-align: top; width: 142px;\">Thermal and visual performance<\/td>\n<td style=\"vertical-align: top; width: 146px;\">Light<br \/>\ngt: 36%<br \/>\nfc: 61%<\/td>\n<td style=\"vertical-align: top; width: 95px;\">Mid-tones<br \/>\ngt: 41%<br \/>\nfc: 69%<\/td>\n<td style=\"vertical-align: top; width: 282px;\">Standard: DIN EN 410 2011<\/td>\n<\/tr>\n<tr>\n<td style=\"vertical-align: top; width: 142px;\">Acoustic<\/td>\n<td style=\"vertical-align: top; width: 146px;\">0.41<\/td>\n<td style=\"vertical-align: top; width: 95px;\">\u00a0<\/td>\n<td style=\"vertical-align: top; width: 282px;\">Standard: NRC &#8211; EN ISO 354<\/td>\n<\/tr>\n<\/tbody>\n<\/table>\n<p style=\"text-align: justify;\"><span style=\"font-size: 13px;\"><em>Average noise reduction coefficient (NRC) in alpha Sabin<\/em><\/span><br \/>\n<span style=\"font-size: 13px;\"><em>The NRC obtained gives a material\u2019s ability to allow the passage of sound waves. An NRC of near 0 is given to materials that allow the passage of sound waves or which cause little disruption to noise. These are therefore recommended, for example, for covering an acoustic panel. Conversely, a rating of close to 1 means an absorbent material or which strongly disrupts through the reflection of sound waves. It is therefore highly recommended, for example, for improving the acoustic performance of a space according to the required specifications.<\/em><\/span><\/p>\n<p>\u00a0<\/p><\/p>\n","protected":false},"excerpt":{"rendered":"<p>An elegant <strong><span style=\"color: #f88523;\">sun shade<\/span><\/strong> material with <strong><span style=\"color: #f88523;\">acoustic<\/span><\/strong> properties rated <span style=\"color: #f88523;\"><strong>M1<\/strong><\/span> flame-retardant and available in an incredible range of <strong><span style=\"color: #f88523;\">24 colours<\/span><\/strong>.<br \/>\n<span style=\"color: #f88523;\"><strong>Washable<\/strong><\/span> FR Polyester material that\u2019s ideal for both <span style=\"color: #f88523;\"><strong>interior<\/strong><\/span> and <span style=\"color: #f88523;\"><strong>exterior use<\/strong><\/span>.<br \/>\nIt can be used for making <strong><span style=\"color: #f88523;\">curtains<\/span><\/strong>, as well as <strong><span style=\"color: #f88523;\">wall hangings<\/span><\/strong>, roman blinds, and even Japanese screens.<br \/>\nCertified with the <span style=\"color: #f88523;\"><strong>Oeko Tex<\/strong><\/span> label, this fabric is <strong><span style=\"color: #f88523;\">environmentally friendly<\/span><\/strong>.<\/p>\n<table class=\"table\" style=\"background: #f7f7f7; width: 632px;\">\n<tbody>\n<tr>\n<td style=\"width: 301px;\"><strong>Width<\/strong>: 280 cm<\/td>\n<td style=\"width: 313px;\"><strong>Weight<\/strong>: 270 g\/m\u00b2<\/td>\n<\/tr>\n<tr>\n<td style=\"width: 301px;\"><strong>Flame-retardant rating<\/strong>:\u00a0\u00a0<img decoding=\"async\" style=\"height: 20px; width: 20px;\" src=\"https:\/\/www.azur-scenic.com\/wp-content\/uploads\/csm_icon-flag-france_3304e5e3f9.png\" \/> M1\u00a0\u00a0<img decoding=\"async\" style=\"height: 20px; width: 20px;\" src=\"https:\/\/www.azur-scenic.com\/wp-content\/uploads\/icon-flag-allemagne.png\" \/>B1\u00a0<img decoding=\"async\" style=\"height: 20px; width: 20px;\" src=\"https:\/\/www.azur-scenic.com\/wp-content\/uploads\/icon-flag-italie.png\" \/>UNO<\/td>\n<td style=\"vertical-align: top; width: 313px;\"><strong>Composition<\/strong>: 100% FR Polyester<\/td>\n<\/tr>\n<\/tbody>\n<\/table>\n","protected":false},"featured_media":16442,"template":"","meta":{"_acf_changed":false},"product_brand":[],"product_cat":[898,893,981,982,979,980],"product_tag":[],"class_list":{"0":"post-19429","1":"product","2":"type-product","3":"status-publish","4":"has-post-thumbnail","6":"product_cat-all-products","7":"product_cat-stage-and-events-material","8":"product_cat-decorative-fabrics","9":"product_cat-canvas-brushed-finishes","10":"product_cat-acoustic-solutions","11":"product_cat-acoustic-absorption","12":"pa_couleurs-003-en","13":"pa_couleurs-030-en","14":"pa_couleurs-110-en","15":"pa_couleurs-120-en","16":"pa_couleurs-135-en","17":"pa_couleurs-170-en","18":"pa_couleurs-330-en","19":"pa_couleurs-350-en","20":"pa_couleurs-422-en","21":"pa_couleurs-450-en","22":"pa_couleurs-500-en","23":"pa_couleurs-501-en","24":"pa_couleurs-513-en","25":"pa_couleurs-570-en","26":"pa_couleurs-640-en","27":"pa_couleurs-670-en","28":"pa_couleurs-730-en","29":"pa_couleurs-760-en","30":"pa_couleurs-782-en","31":"pa_couleurs-784-en","32":"pa_couleurs-790-en","33":"pa_couleurs-825-en","34":"pa_couleurs-904-en","35":"pa_couleurs-905-en","36":"pa_groupes-de-couleurs-white","37":"pa_groupes-de-couleurs-blue","38":"pa_groupes-de-couleurs-off-white","39":"pa_groupes-de-couleurs-greys","40":"pa_groupes-de-couleurs-yellow","41":"pa_groupes-de-couleurs-brown-beige","42":"pa_groupes-de-couleurs-black","43":"pa_groupes-de-couleurs-orange","44":"pa_groupes-de-couleurs-pink","45":"pa_groupes-de-couleurs-green","46":"pa_groupes-de-couleurs-purple","47":"pa_textiles-acoustic-absorbant","48":"pa_textiles-suitable-for-outdoors-use","49":"pa_textiles-flame-retardant-rated","50":"pa_textiles-washable","51":"pa_textiles-oeko-tex","52":"pa_textiles-uv-resistant","53":"pa_textiles-environmentally-friendly","55":"first","56":"instock","57":"shipping-taxable","58":"purchasable","59":"product-type-variable"},"acf":[],"yoast_head":"<!-- This site is optimized with the Yoast SEO plugin v27.3 - https:\/\/yoast.com\/product\/yoast-seo-wordpress\/ -->\n<title>Chausey Canvas - Azur Scenic<\/title>\n<meta name=\"robots\" content=\"index, follow, max-snippet:-1, max-image-preview:large, max-video-preview:-1\" \/>\n<link rel=\"canonical\" href=\"https:\/\/www.azur-scenic.com\/en\/product\/chausey-canvas\/\" \/>\n<meta property=\"og:locale\" content=\"en_US\" \/>\n<meta property=\"og:type\" content=\"article\" \/>\n<meta property=\"og:title\" content=\"Chausey Canvas - Azur Scenic\" \/>\n<meta property=\"og:description\" content=\"An elegant sun shade material with acoustic properties rated M1 flame-retardant and available in an incredible range of 24 colours. Washable FR Polyester material that\u2019s ideal for both interior and exterior use. It can be used for making curtains, as well as wall hangings, roman blinds, and even Japanese screens. Certified with the Oeko Tex label, this fabric is environmentally friendly.  Width: 280 cm Weight: 270 g\/m\u00b2  Flame-retardant rating:\u00a0\u00a0 M1\u00a0\u00a0B1\u00a0UNO Composition: 100% FR Polyester\" \/>\n<meta property=\"og:url\" content=\"https:\/\/www.azur-scenic.com\/en\/product\/chausey-canvas\/\" \/>\n<meta property=\"og:site_name\" content=\"Azur Scenic\" \/>\n<meta property=\"article:modified_time\" content=\"2023-08-02T12:56:37+00:00\" \/>\n<meta property=\"og:image\" content=\"https:\/\/www.azur-scenic.com\/wp-content\/uploads\/TOILE-CHAUSEY-PERLE-scaled.jpg\" \/>\n\t<meta property=\"og:image:width\" content=\"2560\" \/>\n\t<meta property=\"og:image:height\" content=\"2560\" \/>\n\t<meta property=\"og:image:type\" content=\"image\/jpeg\" \/>\n<meta name=\"twitter:card\" content=\"summary_large_image\" \/>\n<meta name=\"twitter:label1\" content=\"Est. reading time\" \/>\n\t<meta name=\"twitter:data1\" content=\"1 minute\" \/>\n<script type=\"application\/ld+json\" class=\"yoast-schema-graph\">{\"@context\":\"https:\\\/\\\/schema.org\",\"@graph\":[{\"@type\":\"WebPage\",\"@id\":\"https:\\\/\\\/www.azur-scenic.com\\\/en\\\/product\\\/chausey-canvas\\\/\",\"url\":\"https:\\\/\\\/www.azur-scenic.com\\\/en\\\/product\\\/chausey-canvas\\\/\",\"name\":\"Chausey Canvas - Azur Scenic\",\"isPartOf\":{\"@id\":\"https:\\\/\\\/www.azur-scenic.com\\\/en\\\/#website\"},\"primaryImageOfPage\":{\"@id\":\"https:\\\/\\\/www.azur-scenic.com\\\/en\\\/product\\\/chausey-canvas\\\/#primaryimage\"},\"image\":{\"@id\":\"https:\\\/\\\/www.azur-scenic.com\\\/en\\\/product\\\/chausey-canvas\\\/#primaryimage\"},\"thumbnailUrl\":\"https:\\\/\\\/www.azur-scenic.com\\\/wp-content\\\/uploads\\\/TOILE-CHAUSEY-PERLE-scaled.jpg\",\"datePublished\":\"2022-10-04T07:24:44+00:00\",\"dateModified\":\"2023-08-02T12:56:37+00:00\",\"breadcrumb\":{\"@id\":\"https:\\\/\\\/www.azur-scenic.com\\\/en\\\/product\\\/chausey-canvas\\\/#breadcrumb\"},\"inLanguage\":\"en-US\",\"potentialAction\":[{\"@type\":\"ReadAction\",\"target\":[\"https:\\\/\\\/www.azur-scenic.com\\\/en\\\/product\\\/chausey-canvas\\\/\"]}]},{\"@type\":\"ImageObject\",\"inLanguage\":\"en-US\",\"@id\":\"https:\\\/\\\/www.azur-scenic.com\\\/en\\\/product\\\/chausey-canvas\\\/#primaryimage\",\"url\":\"https:\\\/\\\/www.azur-scenic.com\\\/wp-content\\\/uploads\\\/TOILE-CHAUSEY-PERLE-scaled.jpg\",\"contentUrl\":\"https:\\\/\\\/www.azur-scenic.com\\\/wp-content\\\/uploads\\\/TOILE-CHAUSEY-PERLE-scaled.jpg\",\"width\":2560,\"height\":2560,\"caption\":\"TOILE CHAUSEY PERLE\"},{\"@type\":\"BreadcrumbList\",\"@id\":\"https:\\\/\\\/www.azur-scenic.com\\\/en\\\/product\\\/chausey-canvas\\\/#breadcrumb\",\"itemListElement\":[{\"@type\":\"ListItem\",\"position\":1,\"name\":\"Accueil\",\"item\":\"https:\\\/\\\/www.azur-scenic.com\\\/en\\\/\"},{\"@type\":\"ListItem\",\"position\":2,\"name\":\"Produits\",\"item\":\"https:\\\/\\\/www.azur-scenic.com\\\/en\\\/?page_id=21438\"},{\"@type\":\"ListItem\",\"position\":3,\"name\":\"Chausey Canvas\"}]},{\"@type\":\"WebSite\",\"@id\":\"https:\\\/\\\/www.azur-scenic.com\\\/en\\\/#website\",\"url\":\"https:\\\/\\\/www.azur-scenic.com\\\/en\\\/\",\"name\":\"Azur Scenic\",\"description\":\"Sp\u00e9cialiste de l\u2019\u00e9quipement sc\u00e9nique et de la d\u00e9coration int\u00e9rieure et \u00e9v\u00e9nementielle !\",\"publisher\":{\"@id\":\"https:\\\/\\\/www.azur-scenic.com\\\/en\\\/#organization\"},\"potentialAction\":[{\"@type\":\"SearchAction\",\"target\":{\"@type\":\"EntryPoint\",\"urlTemplate\":\"https:\\\/\\\/www.azur-scenic.com\\\/en\\\/?s={search_term_string}\"},\"query-input\":{\"@type\":\"PropertyValueSpecification\",\"valueRequired\":true,\"valueName\":\"search_term_string\"}}],\"inLanguage\":\"en-US\"},{\"@type\":\"Organization\",\"@id\":\"https:\\\/\\\/www.azur-scenic.com\\\/en\\\/#organization\",\"name\":\"AZUR SCENIC\",\"url\":\"https:\\\/\\\/www.azur-scenic.com\\\/en\\\/\",\"logo\":{\"@type\":\"ImageObject\",\"inLanguage\":\"en-US\",\"@id\":\"https:\\\/\\\/www.azur-scenic.com\\\/en\\\/#\\\/schema\\\/logo\\\/image\\\/\",\"url\":\"https:\\\/\\\/www.azur-scenic.com\\\/wp-content\\\/uploads\\\/2022\\\/09\\\/LOGO-AZUR-SCENIC-Fusion-web-236x64-1.jpg\",\"contentUrl\":\"https:\\\/\\\/www.azur-scenic.com\\\/wp-content\\\/uploads\\\/2022\\\/09\\\/LOGO-AZUR-SCENIC-Fusion-web-236x64-1.jpg\",\"width\":236,\"height\":64,\"caption\":\"AZUR SCENIC\"},\"image\":{\"@id\":\"https:\\\/\\\/www.azur-scenic.com\\\/en\\\/#\\\/schema\\\/logo\\\/image\\\/\"},\"sameAs\":[\"https:\\\/\\\/www.youtube.com\\\/channel\\\/UCPWM2mGPVUt4nYhNlm71WOA\",\"https:\\\/\\\/www.linkedin.com\\\/company\\\/33237605\\\/admin\\\/feed\\\/posts\\\/\"]}]}<\/script>\n<!-- \/ Yoast SEO plugin. -->","yoast_head_json":{"title":"Chausey Canvas - Azur Scenic","robots":{"index":"index","follow":"follow","max-snippet":"max-snippet:-1","max-image-preview":"max-image-preview:large","max-video-preview":"max-video-preview:-1"},"canonical":"https:\/\/www.azur-scenic.com\/en\/product\/chausey-canvas\/","og_locale":"en_US","og_type":"article","og_title":"Chausey Canvas - Azur Scenic","og_description":"An elegant sun shade material with acoustic properties rated M1 flame-retardant and available in an incredible range of 24 colours. Washable FR Polyester material that\u2019s ideal for both interior and exterior use. It can be used for making curtains, as well as wall hangings, roman blinds, and even Japanese screens. Certified with the Oeko Tex label, this fabric is environmentally friendly.  Width: 280 cm Weight: 270 g\/m\u00b2  Flame-retardant rating:\u00a0\u00a0 M1\u00a0\u00a0B1\u00a0UNO Composition: 100% FR Polyester","og_url":"https:\/\/www.azur-scenic.com\/en\/product\/chausey-canvas\/","og_site_name":"Azur Scenic","article_modified_time":"2023-08-02T12:56:37+00:00","og_image":[{"width":2560,"height":2560,"url":"https:\/\/www.azur-scenic.com\/wp-content\/uploads\/TOILE-CHAUSEY-PERLE-scaled.jpg","type":"image\/jpeg"}],"twitter_card":"summary_large_image","twitter_misc":{"Est. reading time":"1 minute"},"schema":{"@context":"https:\/\/schema.org","@graph":[{"@type":"WebPage","@id":"https:\/\/www.azur-scenic.com\/en\/product\/chausey-canvas\/","url":"https:\/\/www.azur-scenic.com\/en\/product\/chausey-canvas\/","name":"Chausey Canvas - Azur Scenic","isPartOf":{"@id":"https:\/\/www.azur-scenic.com\/en\/#website"},"primaryImageOfPage":{"@id":"https:\/\/www.azur-scenic.com\/en\/product\/chausey-canvas\/#primaryimage"},"image":{"@id":"https:\/\/www.azur-scenic.com\/en\/product\/chausey-canvas\/#primaryimage"},"thumbnailUrl":"https:\/\/www.azur-scenic.com\/wp-content\/uploads\/TOILE-CHAUSEY-PERLE-scaled.jpg","datePublished":"2022-10-04T07:24:44+00:00","dateModified":"2023-08-02T12:56:37+00:00","breadcrumb":{"@id":"https:\/\/www.azur-scenic.com\/en\/product\/chausey-canvas\/#breadcrumb"},"inLanguage":"en-US","potentialAction":[{"@type":"ReadAction","target":["https:\/\/www.azur-scenic.com\/en\/product\/chausey-canvas\/"]}]},{"@type":"ImageObject","inLanguage":"en-US","@id":"https:\/\/www.azur-scenic.com\/en\/product\/chausey-canvas\/#primaryimage","url":"https:\/\/www.azur-scenic.com\/wp-content\/uploads\/TOILE-CHAUSEY-PERLE-scaled.jpg","contentUrl":"https:\/\/www.azur-scenic.com\/wp-content\/uploads\/TOILE-CHAUSEY-PERLE-scaled.jpg","width":2560,"height":2560,"caption":"TOILE CHAUSEY PERLE"},{"@type":"BreadcrumbList","@id":"https:\/\/www.azur-scenic.com\/en\/product\/chausey-canvas\/#breadcrumb","itemListElement":[{"@type":"ListItem","position":1,"name":"Accueil","item":"https:\/\/www.azur-scenic.com\/en\/"},{"@type":"ListItem","position":2,"name":"Produits","item":"https:\/\/www.azur-scenic.com\/en\/?page_id=21438"},{"@type":"ListItem","position":3,"name":"Chausey Canvas"}]},{"@type":"WebSite","@id":"https:\/\/www.azur-scenic.com\/en\/#website","url":"https:\/\/www.azur-scenic.com\/en\/","name":"Azur Scenic","description":"Sp\u00e9cialiste de l\u2019\u00e9quipement sc\u00e9nique et de la d\u00e9coration int\u00e9rieure et \u00e9v\u00e9nementielle !","publisher":{"@id":"https:\/\/www.azur-scenic.com\/en\/#organization"},"potentialAction":[{"@type":"SearchAction","target":{"@type":"EntryPoint","urlTemplate":"https:\/\/www.azur-scenic.com\/en\/?s={search_term_string}"},"query-input":{"@type":"PropertyValueSpecification","valueRequired":true,"valueName":"search_term_string"}}],"inLanguage":"en-US"},{"@type":"Organization","@id":"https:\/\/www.azur-scenic.com\/en\/#organization","name":"AZUR SCENIC","url":"https:\/\/www.azur-scenic.com\/en\/","logo":{"@type":"ImageObject","inLanguage":"en-US","@id":"https:\/\/www.azur-scenic.com\/en\/#\/schema\/logo\/image\/","url":"https:\/\/www.azur-scenic.com\/wp-content\/uploads\/2022\/09\/LOGO-AZUR-SCENIC-Fusion-web-236x64-1.jpg","contentUrl":"https:\/\/www.azur-scenic.com\/wp-content\/uploads\/2022\/09\/LOGO-AZUR-SCENIC-Fusion-web-236x64-1.jpg","width":236,"height":64,"caption":"AZUR SCENIC"},"image":{"@id":"https:\/\/www.azur-scenic.com\/en\/#\/schema\/logo\/image\/"},"sameAs":["https:\/\/www.youtube.com\/channel\/UCPWM2mGPVUt4nYhNlm71WOA","https:\/\/www.linkedin.com\/company\/33237605\/admin\/feed\/posts\/"]}]}},"_links":{"self":[{"href":"https:\/\/www.azur-scenic.com\/en\/wp-json\/wp\/v2\/product\/19429","targetHints":{"allow":["GET"]}}],"collection":[{"href":"https:\/\/www.azur-scenic.com\/en\/wp-json\/wp\/v2\/product"}],"about":[{"href":"https:\/\/www.azur-scenic.com\/en\/wp-json\/wp\/v2\/types\/product"}],"wp:featuredmedia":[{"embeddable":true,"href":"https:\/\/www.azur-scenic.com\/en\/wp-json\/wp\/v2\/media\/16442"}],"wp:attachment":[{"href":"https:\/\/www.azur-scenic.com\/en\/wp-json\/wp\/v2\/media?parent=19429"}],"wp:term":[{"taxonomy":"product_brand","embeddable":true,"href":"https:\/\/www.azur-scenic.com\/en\/wp-json\/wp\/v2\/product_brand?post=19429"},{"taxonomy":"product_cat","embeddable":true,"href":"https:\/\/www.azur-scenic.com\/en\/wp-json\/wp\/v2\/product_cat?post=19429"},{"taxonomy":"product_tag","embeddable":true,"href":"https:\/\/www.azur-scenic.com\/en\/wp-json\/wp\/v2\/product_tag?post=19429"}],"curies":[{"name":"wp","href":"https:\/\/api.w.org\/{rel}","templated":true}]}}