{"id":19526,"date":"2022-10-04T07:24:39","date_gmt":"2022-10-04T07:24:39","guid":{"rendered":"https:\/\/www.azur-scenic.com\/produit\/acousticsquare\/"},"modified":"2023-08-02T12:56:43","modified_gmt":"2023-08-02T12:56:43","slug":"acousticsquare","status":"publish","type":"product","link":"https:\/\/www.azur-scenic.com\/en\/product\/acousticsquare\/","title":{"rendered":"AcousticSquare"},"content":{"rendered":"<table>\n<thead>\n<tr>\n<th style=\"width: 192px;\">Technical data<\/th>\n<th style=\"width: 139px;\">Value<\/th>\n<th style=\"width: 196px;\">Notes<\/th>\n<\/tr>\n<\/thead>\n<tbody>\n<tr>\n<td style=\"vertical-align: top; width: 192px;\">Width<\/td>\n<td style=\"vertical-align: top; width: 139px;\">295 cm<\/td>\n<td style=\"vertical-align: top; width: 196px;\">\u00a0<\/td>\n<\/tr>\n<tr>\n<td style=\"vertical-align: top; width: 192px;\">Weight<\/td>\n<td style=\"vertical-align: top; width: 139px;\">400 g\/m\u00b2<\/td>\n<td style=\"vertical-align: top; width: 196px;\">\u00a0<\/td>\n<\/tr>\n<tr>\n<td style=\"vertical-align: top; width: 192px;\">Thickness<\/td>\n<td style=\"vertical-align: top; width: 139px;\">0.75 mm<\/td>\n<td style=\"vertical-align: top; width: 196px;\">\u00a0<\/td>\n<\/tr>\n<tr>\n<td style=\"vertical-align: top; width: 192px;\">Flame-retardant rating<\/td>\n<td style=\"vertical-align: top; width: 139px;\"><img decoding=\"async\" style=\"height: 20px; width: 20px;\" src=\"https:\/\/www.azur-scenic.com\/wp-content\/uploads\/csm_icon-flag-france_3304e5e3f9.png\" \/> M1<br \/>\n<img decoding=\"async\" style=\"height: 20px; width: 20px;\" src=\"https:\/\/www.azur-scenic.com\/wp-content\/uploads\/icon-flag-europe.png\" \/> Class 1<br \/>\n<img decoding=\"async\" style=\"height: 20px; width: 20px;\" src=\"https:\/\/www.azur-scenic.com\/wp-content\/uploads\/icon-flag-allemagne.png\" \/> B1<br \/>\n<img decoding=\"async\" style=\"height: 20px; width: 20px;\" src=\"https:\/\/www.azur-scenic.com\/wp-content\/uploads\/icon-flag-uk.png\" \/> Type B<br \/>\n<img decoding=\"async\" style=\"height: 20px; width: 20px;\" src=\"https:\/\/www.azur-scenic.com\/wp-content\/uploads\/icon-flag-italie.png\" \/> C1<\/td>\n<td style=\"vertical-align: top; width: 196px;\">\u00a0<\/td>\n<\/tr>\n<tr>\n<td style=\"vertical-align: top; width: 192px;\">Composition<\/td>\n<td style=\"vertical-align: top; width: 139px;\" colspan=\"2\" rowspan=\"1\">100% FR Polyester<\/td>\n<\/tr>\n<tr>\n<td style=\"vertical-align: top; width: 192px;\">Roll length<\/td>\n<td style=\"vertical-align: top; width: 139px;\">30 to 60 m<br \/>\nRolled full-width<\/td>\n<td style=\"vertical-align: top; width: 196px;\">Lengths not calibrated, variable lengths<br \/>\nCut-to-length possible<\/td>\n<\/tr>\n<tr>\n<td style=\"vertical-align: top; width: 192px;\">Opacity<\/td>\n<td style=\"vertical-align: top; width: 139px;\">\u00b1 99%<\/td>\n<td style=\"vertical-align: top; width: 196px;\">\u00a0<\/td>\n<\/tr>\n<tr>\n<td style=\"vertical-align: top; width: 192px;\">Light fastness<\/td>\n<td style=\"vertical-align: top; width: 139px;\">5-6<\/td>\n<td style=\"vertical-align: top; width: 196px;\">Standard: ISO 105-B02<\/td>\n<\/tr>\n<tr>\n<td style=\"vertical-align: top; width: 192px;\">Colour fastness (40\u00b0C)<\/td>\n<td style=\"vertical-align: top; width: 139px;\">4-5<\/td>\n<td style=\"vertical-align: top; width: 196px;\">Standard: ISO 105-C10<\/td>\n<\/tr>\n<tr>\n<td style=\"vertical-align: top; width: 192px;\">Variation in dimensions<br \/>\n(Wash at 40\u00b0C \/ Dry-clean)<\/td>\n<td style=\"vertical-align: top; width: 139px;\">Warp: Approx. \u00b1 1%<br \/>\nWeft: Approx. \u00b1 1%<\/td>\n<td style=\"vertical-align: top; width: 196px;\">Standards: ISO 6330 \/ 5077 \/ 3175-1<\/td>\n<\/tr>\n<tr>\n<td style=\"vertical-align: top; width: 192px;\">Colour loss from rubbing<\/td>\n<td style=\"vertical-align: top; width: 139px;\">Wet \/ Dry: 4-5<\/td>\n<td style=\"vertical-align: top; width: 196px;\">Standard: ISO 105-X12<\/td>\n<\/tr>\n<tr>\n<td style=\"vertical-align: top; width: 192px;\">Acoustic properties<br \/>\nWSAC<br \/>\nSAC<br \/>\nNRC<br \/>\nSAA<\/td>\n<td style=\"vertical-align: top; width: 139px;\">0.80 \u03b1w<br \/>\nB <span style=\"font-size: 13px;\">(extreme absorption)<\/span><br \/>\n0.85<br \/>\n0.85<\/td>\n<td style=\"vertical-align: top; width: 196px;\">Standards:<br \/>\nISO 354 &#8211;\u00a0ISO 11654 &#8211;\u00a0ASTM C423<\/td>\n<\/tr>\n<\/tbody>\n<\/table>\n<p>\u00a0<\/p><\/p>\n","protected":false},"excerpt":{"rendered":"<p>Combining outstanding <span style=\"color: #f88523;\"><strong>acoustic absorption<\/strong><\/span> ability with a near-perfect <strong><span style=\"color: #f88523;\">opacity<\/span><\/strong>, <span style=\"color: #f88523;\"><strong>M1<\/strong><\/span> flame-retardant rating and designer look available in a range of 19 stylish colours, this material is your perfect partner for making <strong><span style=\"color: #f88523;\">sight screens and acoustic curtains<\/span><\/strong> for performance spaces (arenas, concert halls, exhibition centres, etc.)<br \/>\nThe <strong><span style=\"color: #f88523;\">outstanding technical properties<\/span><\/strong> of this material combine performance and affordability, making it a perfect product for contemporary <strong><span style=\"color: #f88523;\">interior design<\/span><\/strong> projects such as hotels, conference centres, performance venues, etc.<br \/>\nFR Polyester fabric that\u2019s also <span style=\"color: #f88523;\"><strong>washable<\/strong><\/span> and<strong><span style=\"color: #f88523;\">UV-resistant<\/span><\/strong>, this material is great for both <span style=\"color: #f88523;\"><strong>indoor<\/strong><\/span> and <span style=\"color: #f88523;\"><strong>outdoor use<\/strong><\/span>.<br \/>\n<strong><span style=\"color: #f88523;\">Oeko-Tex<\/span><\/strong> certified, this environmentally-friendly fabric has a fine woven effect with a subtle <span style=\"color: #f88523;\"><strong>flecked pattern<\/strong><\/span>.<\/p>\n<table class=\"table\" style=\"background: #f7f7f7;\">\n<tbody>\n<tr>\n<td><strong>Width<\/strong>: 295 cm<\/td>\n<td><strong>Weight<\/strong>: 400 g\/m\u00b2<\/td>\n<\/tr>\n<tr>\n<td><strong>Flame-retardant rating<\/strong>: <img decoding=\"async\" style=\"height: 20px; width: 20px;\" src=\"https:\/\/www.azur-scenic.com\/wp-content\/uploads\/csm_icon-flag-france_3304e5e3f9.png\" \/> M1 <img decoding=\"async\" style=\"height: 20px; width: 20px;\" src=\"https:\/\/www.azur-scenic.com\/wp-content\/uploads\/icon-flag-europe.png\" \/> Class 1<br \/>\n<img decoding=\"async\" style=\"height: 20px; width: 20px;\" src=\"https:\/\/www.azur-scenic.com\/wp-content\/uploads\/icon-flag-allemagne.png\" \/> B1 <img decoding=\"async\" style=\"height: 20px; width: 20px;\" src=\"https:\/\/www.azur-scenic.com\/wp-content\/uploads\/icon-flag-uk.png\" \/> Type B <img decoding=\"async\" style=\"height: 20px; width: 20px;\" src=\"https:\/\/www.azur-scenic.com\/wp-content\/uploads\/icon-flag-italie.png\" \/> C1<\/td>\n<td style=\"vertical-align: top;\"><strong>Composition<\/strong>: 100% FR Polyester<\/td>\n<\/tr>\n<\/tbody>\n<\/table>\n","protected":false},"featured_media":14309,"template":"","meta":{"_acf_changed":false},"product_brand":[],"product_cat":[898,893,896,981,1649,979,980,1027],"product_tag":[],"class_list":{"0":"post-19526","1":"product","2":"type-product","3":"status-publish","4":"has-post-thumbnail","6":"product_cat-all-products","7":"product_cat-stage-and-events-material","8":"product_cat-black-out","9":"product_cat-decorative-fabrics","10":"product_cat-acoustic-decorative-fabrics","11":"product_cat-acoustic-solutions","12":"product_cat-acoustic-absorption","13":"product_cat-decoration","14":"pa_couleurs-002-en","15":"pa_couleurs-003-en","16":"pa_couleurs-110-en","17":"pa_couleurs-120-en","18":"pa_couleurs-190-en","19":"pa_couleurs-195-en","20":"pa_couleurs-320-en","21":"pa_couleurs-500-en","22":"pa_couleurs-501-en","23":"pa_couleurs-530-en","24":"pa_couleurs-550-en","25":"pa_couleurs-570-en","26":"pa_couleurs-640-en","27":"pa_couleurs-670-en","28":"pa_couleurs-720-en","29":"pa_couleurs-782-en","30":"pa_couleurs-790-en","31":"pa_couleurs-810-en","32":"pa_couleurs-960-en","33":"pa_groupes-de-couleurs-white","34":"pa_groupes-de-couleurs-blue","35":"pa_groupes-de-couleurs-greys","36":"pa_groupes-de-couleurs-brown-beige","37":"pa_groupes-de-couleurs-black","38":"pa_groupes-de-couleurs-orange","39":"pa_groupes-de-couleurs-pink","40":"pa_groupes-de-couleurs-green","41":"pa_groupes-de-couleurs-purple","42":"pa_textiles-acoustic-absorbant","43":"pa_textiles-suitable-for-outdoors-use","44":"pa_textiles-flame-retardant-rated","45":"pa_textiles-washable","46":"pa_textiles-black-out-and-or-screen-material","47":"pa_textiles-oeko-tex","48":"pa_textiles-uv-resistant","49":"pa_textiles-environmentally-friendly","51":"first","52":"instock","53":"shipping-taxable","54":"purchasable","55":"product-type-variable"},"acf":[],"yoast_head":"<!-- This site is optimized with the Yoast SEO plugin v27.3 - https:\/\/yoast.com\/product\/yoast-seo-wordpress\/ -->\n<title>AcousticSquare - Azur Scenic<\/title>\n<meta name=\"robots\" content=\"index, follow, max-snippet:-1, max-image-preview:large, max-video-preview:-1\" \/>\n<link rel=\"canonical\" href=\"https:\/\/www.azur-scenic.com\/en\/product\/acousticsquare\/\" \/>\n<meta property=\"og:locale\" content=\"en_US\" \/>\n<meta property=\"og:type\" content=\"article\" \/>\n<meta property=\"og:title\" content=\"AcousticSquare - Azur Scenic\" \/>\n<meta property=\"og:description\" content=\"Combining outstanding acoustic absorption ability with a near-perfect opacity, M1 flame-retardant rating and designer look available in a range of 19 stylish colours, this material is your perfect partner for making sight screens and acoustic curtains for performance spaces (arenas, concert halls, exhibition centres, etc.) The outstanding technical properties of this material combine performance and affordability, making it a perfect product for contemporary interior design projects such as hotels, conference centres, performance venues, etc. FR Polyester fabric that\u2019s also washable andUV-resistant, this material is great for both indoor and outdoor use. Oeko-Tex certified, this environmentally-friendly fabric has a fine woven effect with a subtle flecked pattern.  Width: 295 cm Weight: 400 g\/m\u00b2  Flame-retardant rating: M1 Class 1 B1 Type B C1 Composition: 100% FR Polyester\" \/>\n<meta property=\"og:url\" content=\"https:\/\/www.azur-scenic.com\/en\/product\/acousticsquare\/\" \/>\n<meta property=\"og:site_name\" content=\"Azur Scenic\" \/>\n<meta property=\"article:modified_time\" content=\"2023-08-02T12:56:43+00:00\" \/>\n<meta property=\"og:image\" content=\"https:\/\/www.azur-scenic.com\/wp-content\/uploads\/ACOUSTIC-SQUARE-BLANC-scaled.jpg\" \/>\n\t<meta property=\"og:image:width\" content=\"2560\" \/>\n\t<meta property=\"og:image:height\" content=\"2560\" \/>\n\t<meta property=\"og:image:type\" content=\"image\/jpeg\" \/>\n<meta name=\"twitter:card\" content=\"summary_large_image\" \/>\n<script type=\"application\/ld+json\" class=\"yoast-schema-graph\">{\"@context\":\"https:\\\/\\\/schema.org\",\"@graph\":[{\"@type\":\"WebPage\",\"@id\":\"https:\\\/\\\/www.azur-scenic.com\\\/en\\\/product\\\/acousticsquare\\\/\",\"url\":\"https:\\\/\\\/www.azur-scenic.com\\\/en\\\/product\\\/acousticsquare\\\/\",\"name\":\"AcousticSquare - Azur Scenic\",\"isPartOf\":{\"@id\":\"https:\\\/\\\/www.azur-scenic.com\\\/en\\\/#website\"},\"primaryImageOfPage\":{\"@id\":\"https:\\\/\\\/www.azur-scenic.com\\\/en\\\/product\\\/acousticsquare\\\/#primaryimage\"},\"image\":{\"@id\":\"https:\\\/\\\/www.azur-scenic.com\\\/en\\\/product\\\/acousticsquare\\\/#primaryimage\"},\"thumbnailUrl\":\"https:\\\/\\\/www.azur-scenic.com\\\/wp-content\\\/uploads\\\/ACOUSTIC-SQUARE-BLANC-scaled.jpg\",\"datePublished\":\"2022-10-04T07:24:39+00:00\",\"dateModified\":\"2023-08-02T12:56:43+00:00\",\"breadcrumb\":{\"@id\":\"https:\\\/\\\/www.azur-scenic.com\\\/en\\\/product\\\/acousticsquare\\\/#breadcrumb\"},\"inLanguage\":\"en-US\",\"potentialAction\":[{\"@type\":\"ReadAction\",\"target\":[\"https:\\\/\\\/www.azur-scenic.com\\\/en\\\/product\\\/acousticsquare\\\/\"]}]},{\"@type\":\"ImageObject\",\"inLanguage\":\"en-US\",\"@id\":\"https:\\\/\\\/www.azur-scenic.com\\\/en\\\/product\\\/acousticsquare\\\/#primaryimage\",\"url\":\"https:\\\/\\\/www.azur-scenic.com\\\/wp-content\\\/uploads\\\/ACOUSTIC-SQUARE-BLANC-scaled.jpg\",\"contentUrl\":\"https:\\\/\\\/www.azur-scenic.com\\\/wp-content\\\/uploads\\\/ACOUSTIC-SQUARE-BLANC-scaled.jpg\",\"width\":2560,\"height\":2560,\"caption\":\"ACOUSTIC SQUARE BLANC\"},{\"@type\":\"BreadcrumbList\",\"@id\":\"https:\\\/\\\/www.azur-scenic.com\\\/en\\\/product\\\/acousticsquare\\\/#breadcrumb\",\"itemListElement\":[{\"@type\":\"ListItem\",\"position\":1,\"name\":\"Accueil\",\"item\":\"https:\\\/\\\/www.azur-scenic.com\\\/en\\\/\"},{\"@type\":\"ListItem\",\"position\":2,\"name\":\"Produits\",\"item\":\"https:\\\/\\\/www.azur-scenic.com\\\/en\\\/?page_id=21438\"},{\"@type\":\"ListItem\",\"position\":3,\"name\":\"AcousticSquare\"}]},{\"@type\":\"WebSite\",\"@id\":\"https:\\\/\\\/www.azur-scenic.com\\\/en\\\/#website\",\"url\":\"https:\\\/\\\/www.azur-scenic.com\\\/en\\\/\",\"name\":\"Azur Scenic\",\"description\":\"Sp\u00e9cialiste de l\u2019\u00e9quipement sc\u00e9nique et de la d\u00e9coration int\u00e9rieure et \u00e9v\u00e9nementielle !\",\"publisher\":{\"@id\":\"https:\\\/\\\/www.azur-scenic.com\\\/en\\\/#organization\"},\"potentialAction\":[{\"@type\":\"SearchAction\",\"target\":{\"@type\":\"EntryPoint\",\"urlTemplate\":\"https:\\\/\\\/www.azur-scenic.com\\\/en\\\/?s={search_term_string}\"},\"query-input\":{\"@type\":\"PropertyValueSpecification\",\"valueRequired\":true,\"valueName\":\"search_term_string\"}}],\"inLanguage\":\"en-US\"},{\"@type\":\"Organization\",\"@id\":\"https:\\\/\\\/www.azur-scenic.com\\\/en\\\/#organization\",\"name\":\"AZUR SCENIC\",\"url\":\"https:\\\/\\\/www.azur-scenic.com\\\/en\\\/\",\"logo\":{\"@type\":\"ImageObject\",\"inLanguage\":\"en-US\",\"@id\":\"https:\\\/\\\/www.azur-scenic.com\\\/en\\\/#\\\/schema\\\/logo\\\/image\\\/\",\"url\":\"https:\\\/\\\/www.azur-scenic.com\\\/wp-content\\\/uploads\\\/2022\\\/09\\\/LOGO-AZUR-SCENIC-Fusion-web-236x64-1.jpg\",\"contentUrl\":\"https:\\\/\\\/www.azur-scenic.com\\\/wp-content\\\/uploads\\\/2022\\\/09\\\/LOGO-AZUR-SCENIC-Fusion-web-236x64-1.jpg\",\"width\":236,\"height\":64,\"caption\":\"AZUR SCENIC\"},\"image\":{\"@id\":\"https:\\\/\\\/www.azur-scenic.com\\\/en\\\/#\\\/schema\\\/logo\\\/image\\\/\"},\"sameAs\":[\"https:\\\/\\\/www.youtube.com\\\/channel\\\/UCPWM2mGPVUt4nYhNlm71WOA\",\"https:\\\/\\\/www.linkedin.com\\\/company\\\/33237605\\\/admin\\\/feed\\\/posts\\\/\"]}]}<\/script>\n<!-- \/ Yoast SEO plugin. -->","yoast_head_json":{"title":"AcousticSquare - Azur Scenic","robots":{"index":"index","follow":"follow","max-snippet":"max-snippet:-1","max-image-preview":"max-image-preview:large","max-video-preview":"max-video-preview:-1"},"canonical":"https:\/\/www.azur-scenic.com\/en\/product\/acousticsquare\/","og_locale":"en_US","og_type":"article","og_title":"AcousticSquare - Azur Scenic","og_description":"Combining outstanding acoustic absorption ability with a near-perfect opacity, M1 flame-retardant rating and designer look available in a range of 19 stylish colours, this material is your perfect partner for making sight screens and acoustic curtains for performance spaces (arenas, concert halls, exhibition centres, etc.) The outstanding technical properties of this material combine performance and affordability, making it a perfect product for contemporary interior design projects such as hotels, conference centres, performance venues, etc. FR Polyester fabric that\u2019s also washable andUV-resistant, this material is great for both indoor and outdoor use. Oeko-Tex certified, this environmentally-friendly fabric has a fine woven effect with a subtle flecked pattern.  Width: 295 cm Weight: 400 g\/m\u00b2  Flame-retardant rating: M1 Class 1 B1 Type B C1 Composition: 100% FR Polyester","og_url":"https:\/\/www.azur-scenic.com\/en\/product\/acousticsquare\/","og_site_name":"Azur Scenic","article_modified_time":"2023-08-02T12:56:43+00:00","og_image":[{"width":2560,"height":2560,"url":"https:\/\/www.azur-scenic.com\/wp-content\/uploads\/ACOUSTIC-SQUARE-BLANC-scaled.jpg","type":"image\/jpeg"}],"twitter_card":"summary_large_image","schema":{"@context":"https:\/\/schema.org","@graph":[{"@type":"WebPage","@id":"https:\/\/www.azur-scenic.com\/en\/product\/acousticsquare\/","url":"https:\/\/www.azur-scenic.com\/en\/product\/acousticsquare\/","name":"AcousticSquare - Azur Scenic","isPartOf":{"@id":"https:\/\/www.azur-scenic.com\/en\/#website"},"primaryImageOfPage":{"@id":"https:\/\/www.azur-scenic.com\/en\/product\/acousticsquare\/#primaryimage"},"image":{"@id":"https:\/\/www.azur-scenic.com\/en\/product\/acousticsquare\/#primaryimage"},"thumbnailUrl":"https:\/\/www.azur-scenic.com\/wp-content\/uploads\/ACOUSTIC-SQUARE-BLANC-scaled.jpg","datePublished":"2022-10-04T07:24:39+00:00","dateModified":"2023-08-02T12:56:43+00:00","breadcrumb":{"@id":"https:\/\/www.azur-scenic.com\/en\/product\/acousticsquare\/#breadcrumb"},"inLanguage":"en-US","potentialAction":[{"@type":"ReadAction","target":["https:\/\/www.azur-scenic.com\/en\/product\/acousticsquare\/"]}]},{"@type":"ImageObject","inLanguage":"en-US","@id":"https:\/\/www.azur-scenic.com\/en\/product\/acousticsquare\/#primaryimage","url":"https:\/\/www.azur-scenic.com\/wp-content\/uploads\/ACOUSTIC-SQUARE-BLANC-scaled.jpg","contentUrl":"https:\/\/www.azur-scenic.com\/wp-content\/uploads\/ACOUSTIC-SQUARE-BLANC-scaled.jpg","width":2560,"height":2560,"caption":"ACOUSTIC SQUARE BLANC"},{"@type":"BreadcrumbList","@id":"https:\/\/www.azur-scenic.com\/en\/product\/acousticsquare\/#breadcrumb","itemListElement":[{"@type":"ListItem","position":1,"name":"Accueil","item":"https:\/\/www.azur-scenic.com\/en\/"},{"@type":"ListItem","position":2,"name":"Produits","item":"https:\/\/www.azur-scenic.com\/en\/?page_id=21438"},{"@type":"ListItem","position":3,"name":"AcousticSquare"}]},{"@type":"WebSite","@id":"https:\/\/www.azur-scenic.com\/en\/#website","url":"https:\/\/www.azur-scenic.com\/en\/","name":"Azur Scenic","description":"Sp\u00e9cialiste de l\u2019\u00e9quipement sc\u00e9nique et de la d\u00e9coration int\u00e9rieure et \u00e9v\u00e9nementielle !","publisher":{"@id":"https:\/\/www.azur-scenic.com\/en\/#organization"},"potentialAction":[{"@type":"SearchAction","target":{"@type":"EntryPoint","urlTemplate":"https:\/\/www.azur-scenic.com\/en\/?s={search_term_string}"},"query-input":{"@type":"PropertyValueSpecification","valueRequired":true,"valueName":"search_term_string"}}],"inLanguage":"en-US"},{"@type":"Organization","@id":"https:\/\/www.azur-scenic.com\/en\/#organization","name":"AZUR SCENIC","url":"https:\/\/www.azur-scenic.com\/en\/","logo":{"@type":"ImageObject","inLanguage":"en-US","@id":"https:\/\/www.azur-scenic.com\/en\/#\/schema\/logo\/image\/","url":"https:\/\/www.azur-scenic.com\/wp-content\/uploads\/2022\/09\/LOGO-AZUR-SCENIC-Fusion-web-236x64-1.jpg","contentUrl":"https:\/\/www.azur-scenic.com\/wp-content\/uploads\/2022\/09\/LOGO-AZUR-SCENIC-Fusion-web-236x64-1.jpg","width":236,"height":64,"caption":"AZUR SCENIC"},"image":{"@id":"https:\/\/www.azur-scenic.com\/en\/#\/schema\/logo\/image\/"},"sameAs":["https:\/\/www.youtube.com\/channel\/UCPWM2mGPVUt4nYhNlm71WOA","https:\/\/www.linkedin.com\/company\/33237605\/admin\/feed\/posts\/"]}]}},"_links":{"self":[{"href":"https:\/\/www.azur-scenic.com\/en\/wp-json\/wp\/v2\/product\/19526","targetHints":{"allow":["GET"]}}],"collection":[{"href":"https:\/\/www.azur-scenic.com\/en\/wp-json\/wp\/v2\/product"}],"about":[{"href":"https:\/\/www.azur-scenic.com\/en\/wp-json\/wp\/v2\/types\/product"}],"wp:featuredmedia":[{"embeddable":true,"href":"https:\/\/www.azur-scenic.com\/en\/wp-json\/wp\/v2\/media\/14309"}],"wp:attachment":[{"href":"https:\/\/www.azur-scenic.com\/en\/wp-json\/wp\/v2\/media?parent=19526"}],"wp:term":[{"taxonomy":"product_brand","embeddable":true,"href":"https:\/\/www.azur-scenic.com\/en\/wp-json\/wp\/v2\/product_brand?post=19526"},{"taxonomy":"product_cat","embeddable":true,"href":"https:\/\/www.azur-scenic.com\/en\/wp-json\/wp\/v2\/product_cat?post=19526"},{"taxonomy":"product_tag","embeddable":true,"href":"https:\/\/www.azur-scenic.com\/en\/wp-json\/wp\/v2\/product_tag?post=19526"}],"curies":[{"name":"wp","href":"https:\/\/api.w.org\/{rel}","templated":true}]}}