{"id":19611,"date":"2022-10-04T07:24:33","date_gmt":"2022-10-04T07:24:33","guid":{"rendered":"https:\/\/www.azur-scenic.com\/produit\/acousticsquare-medium\/"},"modified":"2023-08-02T12:56:50","modified_gmt":"2023-08-02T12:56:50","slug":"acousticsquare-medium","status":"publish","type":"product","link":"https:\/\/www.azur-scenic.com\/en\/product\/acousticsquare-medium\/","title":{"rendered":"AcousticSquare Medium"},"content":{"rendered":"<table>\n<thead>\n<tr>\n<th style=\"width: 198px;\">Technical data<\/th>\n<th style=\"width: 148px;\">Value<\/th>\n<th style=\"width: 183px;\">Notes<\/th>\n<\/tr>\n<\/thead>\n<tbody>\n<tr>\n<td style=\"vertical-align: top; width: 198px;\">Width<\/td>\n<td style=\"vertical-align: top; width: 148px;\">140 cm<\/td>\n<td style=\"vertical-align: top; width: 183px;\">\u00a0<\/td>\n<\/tr>\n<tr>\n<td style=\"vertical-align: top; width: 198px;\">Weight<\/td>\n<td style=\"vertical-align: top; width: 148px;\">560 g\/m\u00b2<\/td>\n<td style=\"vertical-align: top; width: 183px;\">\u00a0<\/td>\n<\/tr>\n<tr>\n<td style=\"vertical-align: top; width: 198px;\">Thickness<\/td>\n<td style=\"vertical-align: top; width: 148px;\">1.5 mm<\/td>\n<td style=\"vertical-align: top; width: 183px;\">\u00a0<\/td>\n<\/tr>\n<tr>\n<td style=\"vertical-align: top; width: 198px;\">Flame-retardant rating<\/td>\n<td style=\"vertical-align: top; width: 148px;\"><img decoding=\"async\" style=\"height: 20px; width: 20px;\" src=\"https:\/\/www.azur-scenic.com\/wp-content\/uploads\/csm_icon-flag-france_3304e5e3f9.png\" \/> M1<br \/>\n<img decoding=\"async\" style=\"height: 20px; width: 20px;\" src=\"https:\/\/www.azur-scenic.com\/wp-content\/uploads\/icon-flag-europe.png\" \/> B-s1,d0<br \/>\n<img decoding=\"async\" style=\"height: 20px; width: 20px;\" src=\"https:\/\/www.azur-scenic.com\/wp-content\/uploads\/icon-flag-allemagne.png\" \/> B1<br \/>\n<img decoding=\"async\" style=\"height: 20px; width: 20px;\" src=\"https:\/\/www.azur-scenic.com\/wp-content\/uploads\/icon-flag-italie.png\" \/> C1<\/td>\n<td style=\"vertical-align: top; width: 183px;\">\u00a0<\/td>\n<\/tr>\n<tr>\n<td style=\"vertical-align: top; width: 198px;\">Composition<\/td>\n<td style=\"vertical-align: top; width: 148px;\" colspan=\"2\" rowspan=\"1\">100% Trevira CS<\/td>\n<\/tr>\n<tr>\n<td style=\"vertical-align: top; width: 198px;\">Roll length<\/td>\n<td style=\"vertical-align: top; width: 148px;\">30 to 60 m<br \/>\nRolled full-width<\/td>\n<td style=\"vertical-align: top; width: 183px;\">Lengths not calibrated, variable lengths<br \/>\nCut-to-length possible<\/td>\n<\/tr>\n<tr>\n<td style=\"vertical-align: top; width: 198px;\">Light fastness<\/td>\n<td style=\"vertical-align: top; width: 148px;\">5-6<\/td>\n<td style=\"vertical-align: top; width: 183px;\">Standard: ISO 105-B02<\/td>\n<\/tr>\n<tr>\n<td style=\"vertical-align: top; width: 198px;\">Colour fastness (40\u00b0C)<\/td>\n<td style=\"vertical-align: top; width: 148px;\">4-5<\/td>\n<td style=\"vertical-align: top; width: 183px;\">Standard: ISO 105-C10<\/td>\n<\/tr>\n<tr>\n<td style=\"vertical-align: top; width: 198px;\">Variation in dimensions<br \/>\n(Wash at 40\u00b0C \/ Dry-clean)<\/td>\n<td style=\"vertical-align: top; width: 148px;\">Warp:<br \/>\nApprox. \u00b1 1 to \u00b1 3%<br \/>\nWeft:<br \/>\nApprox. \u00b1 1 to \u00b1 1.5%<\/td>\n<td style=\"vertical-align: top; width: 183px;\">Standards: ISO 6330 \/ 5077 \/ 3175-1<\/td>\n<\/tr>\n<tr>\n<td style=\"vertical-align: top; width: 198px;\">Colour loss from rubbing<\/td>\n<td style=\"vertical-align: top; width: 148px;\">Wet \/ Dry: 4-5<\/td>\n<td style=\"vertical-align: top; width: 183px;\">Standard: ISO 105-X12<\/td>\n<\/tr>\n<tr>\n<td style=\"vertical-align: top; width: 198px;\">Abrasion resistance <span style=\"font-size: 13px;\">(Martindale)<\/span><\/td>\n<td style=\"vertical-align: top; width: 148px;\">\u00b1 100,000 cycles<\/td>\n<td style=\"vertical-align: top; width: 183px;\">Standard: ISO 12947-2 \/ 14465-2006<\/td>\n<\/tr>\n<tr>\n<td style=\"vertical-align: top; width: 198px;\">Pilling<\/td>\n<td style=\"vertical-align: top; width: 148px;\">4-5 (at 2,000 cycles)<\/td>\n<td style=\"vertical-align: top; width: 183px;\">Standard: ISO 12945-2<\/td>\n<\/tr>\n<tr>\n<td style=\"vertical-align: top; width: 198px;\">Airflow resistance<\/td>\n<td style=\"vertical-align: top; width: 148px;\">Rs = 651 Pa s\/m<\/td>\n<td style=\"vertical-align: top; width: 183px;\">Standard: DIN EN 29053<\/td>\n<\/tr>\n<tr>\n<td style=\"vertical-align: top; width: 198px;\">Acoustic properties<br \/>\nWSAC<br \/>\nSAC<br \/>\nNRC<br \/>\nSAA<\/td>\n<td style=\"vertical-align: top; width: 148px;\">0.95 \u03b1w<br \/>\nA <span style=\"font-size: 13px;\">(extreme absorption)<\/span><br \/>\n0.90<br \/>\n0.91<\/td>\n<td style=\"vertical-align: top; width: 183px;\">Standards:<br \/>\nISO 354 &#8211;\u00a0ISO 11654\u00a0&#8211;\u00a0ASTM C423<\/td>\n<\/tr>\n<\/tbody>\n<\/table>\n<p>\u00a0<\/p><\/p>\n","protected":false},"excerpt":{"rendered":"<p>The <span style=\"color: #f88523;\"><strong>sound-absorbent<\/strong><\/span> material with <span style=\"color: #f88523;\"><strong>extreme<\/strong><\/span> acoustic properties!<br \/>\nRated <strong><span style=\"color: #f88523;\">M1<\/span><\/strong> flame-retardant and featuring a fine finish available in 25 colours, this fabric is the go-to for making <span style=\"color: #f88523;\"><strong>acoustic curtains<\/strong><\/span> for acoustic curtains for arenas, concert halls, exhibition centres, etc.<br \/>\nThe <span style=\"color: #f88523;\"><strong>outstanding technical properties<\/strong><\/span> of this material, combined with its exceptional performance and affordability, make it a perfect product for contemporary <strong><span style=\"color: #f88523;\">interior design<\/span><\/strong> projects such as hotels, conference centres, performance venues, etc.<br \/>\n100% <strong><span style=\"color: #f88523;\">Trevira CS<\/span><\/strong>, <strong><span style=\"color: #f88523;\">washable<\/span><\/strong>, <span style=\"color: #f88523;\"><strong>hard-wearing<\/strong><\/span> and <strong><span style=\"color: #f88523;\">UV-resistant<\/span><\/strong>, this material is perfect for use <span style=\"color: #f88523;\"><strong>indoors<\/strong><\/span> and <span style=\"color: #f88523;\"><strong>outdoors<\/strong><\/span>.<br \/>\n<strong><span style=\"color: #f88523;\">Oeko Tex<\/span><\/strong> certified, this fabric is environmentally friendly.<\/p>\n<table class=\"table\" style=\"background: #f7f7f7;\">\n<tbody>\n<tr>\n<td><strong>Width<\/strong>: 140 cm<\/td>\n<td><strong>Weight<\/strong>: 560 g\/m\u00b2<\/td>\n<\/tr>\n<tr>\n<td><strong>Flame-retardant rating<\/strong>: <img decoding=\"async\" style=\"height: 20px; width: 20px;\" src=\"https:\/\/www.azur-scenic.com\/wp-content\/uploads\/csm_icon-flag-france_3304e5e3f9.png\" \/> M1 <img decoding=\"async\" style=\"height: 20px; width: 20px;\" src=\"https:\/\/www.azur-scenic.com\/wp-content\/uploads\/icon-flag-europe.png\" \/> B-s1,d0<br \/>\n<img decoding=\"async\" style=\"height: 20px; width: 20px;\" src=\"https:\/\/www.azur-scenic.com\/wp-content\/uploads\/icon-flag-allemagne.png\" \/> B1 <img decoding=\"async\" style=\"height: 20px; width: 20px;\" src=\"https:\/\/www.azur-scenic.com\/wp-content\/uploads\/icon-flag-italie.png\" \/> C1<\/td>\n<td style=\"vertical-align: top;\"><strong>Composition<\/strong>: 100% Trevira CS<\/td>\n<\/tr>\n<\/tbody>\n<\/table>\n","protected":false},"featured_media":14465,"template":"","meta":{"_acf_changed":false},"product_brand":[],"product_cat":[898,893,981,1649,979,980,1027],"product_tag":[],"class_list":{"0":"post-19611","1":"product","2":"type-product","3":"status-publish","4":"has-post-thumbnail","6":"product_cat-all-products","7":"product_cat-stage-and-events-material","8":"product_cat-decorative-fabrics","9":"product_cat-acoustic-decorative-fabrics","10":"product_cat-acoustic-solutions","11":"product_cat-acoustic-absorption","12":"product_cat-decoration","13":"pa_couleurs-001-en","14":"pa_couleurs-002-en","15":"pa_couleurs-003-en","16":"pa_couleurs-110-en","17":"pa_couleurs-180-en","18":"pa_couleurs-190-en","19":"pa_couleurs-200-en","20":"pa_couleurs-290-en","21":"pa_couleurs-340-en","22":"pa_couleurs-421-en","23":"pa_couleurs-440-en","24":"pa_couleurs-500-en","25":"pa_couleurs-518-en","26":"pa_couleurs-530-en","27":"pa_couleurs-550-en","28":"pa_couleurs-637-en","29":"pa_couleurs-640-en","30":"pa_couleurs-660-en","31":"pa_couleurs-730-en","32":"pa_couleurs-780-en","33":"pa_couleurs-786-en","34":"pa_couleurs-810-en","35":"pa_couleurs-860-en","36":"pa_couleurs-960-en","37":"pa_groupes-de-couleurs-white","38":"pa_groupes-de-couleurs-blue","39":"pa_groupes-de-couleurs-off-white","40":"pa_groupes-de-couleurs-greys","41":"pa_groupes-de-couleurs-yellow","42":"pa_groupes-de-couleurs-brown-beige","43":"pa_groupes-de-couleurs-black","44":"pa_groupes-de-couleurs-orange","45":"pa_groupes-de-couleurs-pink","46":"pa_groupes-de-couleurs-red","47":"pa_groupes-de-couleurs-green","48":"pa_groupes-de-couleurs-purple","49":"pa_textiles-acoustic-absorbant","50":"pa_textiles-suitable-for-outdoors-use","51":"pa_textiles-flame-retardant-rated","52":"pa_textiles-washable","53":"pa_textiles-oeko-tex","54":"pa_textiles-uv-resistant","55":"pa_textiles-environmentally-friendly","57":"first","58":"instock","59":"shipping-taxable","60":"purchasable","61":"product-type-variable"},"acf":[],"yoast_head":"<!-- This site is optimized with the Yoast SEO plugin v27.3 - https:\/\/yoast.com\/product\/yoast-seo-wordpress\/ -->\n<title>AcousticSquare Medium - Azur Scenic<\/title>\n<meta name=\"robots\" content=\"index, follow, max-snippet:-1, max-image-preview:large, max-video-preview:-1\" \/>\n<link rel=\"canonical\" href=\"https:\/\/www.azur-scenic.com\/en\/product\/acousticsquare-medium\/\" \/>\n<meta property=\"og:locale\" content=\"en_US\" \/>\n<meta property=\"og:type\" content=\"article\" \/>\n<meta property=\"og:title\" content=\"AcousticSquare Medium - Azur Scenic\" \/>\n<meta property=\"og:description\" content=\"The sound-absorbent material with extreme acoustic properties! Rated M1 flame-retardant and featuring a fine finish available in 25 colours, this fabric is the go-to for making acoustic curtains for acoustic curtains for arenas, concert halls, exhibition centres, etc. The outstanding technical properties of this material, combined with its exceptional performance and affordability, make it a perfect product for contemporary interior design projects such as hotels, conference centres, performance venues, etc. 100% Trevira CS, washable, hard-wearing and UV-resistant, this material is perfect for use indoors and outdoors. Oeko Tex certified, this fabric is environmentally friendly.  Width: 140 cm Weight: 560 g\/m\u00b2  Flame-retardant rating: M1 B-s1,d0 B1 C1 Composition: 100% Trevira CS\" \/>\n<meta property=\"og:url\" content=\"https:\/\/www.azur-scenic.com\/en\/product\/acousticsquare-medium\/\" \/>\n<meta property=\"og:site_name\" content=\"Azur Scenic\" \/>\n<meta property=\"article:modified_time\" content=\"2023-08-02T12:56:50+00:00\" \/>\n<meta property=\"og:image\" content=\"https:\/\/www.azur-scenic.com\/wp-content\/uploads\/ACOUSTIC-SQUARE-MEDIUM-ECRU-scaled.jpg\" \/>\n\t<meta property=\"og:image:width\" content=\"2560\" \/>\n\t<meta property=\"og:image:height\" content=\"2560\" \/>\n\t<meta property=\"og:image:type\" content=\"image\/jpeg\" \/>\n<meta name=\"twitter:card\" content=\"summary_large_image\" \/>\n<meta name=\"twitter:label1\" content=\"Est. reading time\" \/>\n\t<meta name=\"twitter:data1\" content=\"1 minute\" \/>\n<script type=\"application\/ld+json\" class=\"yoast-schema-graph\">{\"@context\":\"https:\\\/\\\/schema.org\",\"@graph\":[{\"@type\":\"WebPage\",\"@id\":\"https:\\\/\\\/www.azur-scenic.com\\\/en\\\/product\\\/acousticsquare-medium\\\/\",\"url\":\"https:\\\/\\\/www.azur-scenic.com\\\/en\\\/product\\\/acousticsquare-medium\\\/\",\"name\":\"AcousticSquare Medium - Azur Scenic\",\"isPartOf\":{\"@id\":\"https:\\\/\\\/www.azur-scenic.com\\\/en\\\/#website\"},\"primaryImageOfPage\":{\"@id\":\"https:\\\/\\\/www.azur-scenic.com\\\/en\\\/product\\\/acousticsquare-medium\\\/#primaryimage\"},\"image\":{\"@id\":\"https:\\\/\\\/www.azur-scenic.com\\\/en\\\/product\\\/acousticsquare-medium\\\/#primaryimage\"},\"thumbnailUrl\":\"https:\\\/\\\/www.azur-scenic.com\\\/wp-content\\\/uploads\\\/ACOUSTIC-SQUARE-MEDIUM-ECRU-scaled.jpg\",\"datePublished\":\"2022-10-04T07:24:33+00:00\",\"dateModified\":\"2023-08-02T12:56:50+00:00\",\"breadcrumb\":{\"@id\":\"https:\\\/\\\/www.azur-scenic.com\\\/en\\\/product\\\/acousticsquare-medium\\\/#breadcrumb\"},\"inLanguage\":\"en-US\",\"potentialAction\":[{\"@type\":\"ReadAction\",\"target\":[\"https:\\\/\\\/www.azur-scenic.com\\\/en\\\/product\\\/acousticsquare-medium\\\/\"]}]},{\"@type\":\"ImageObject\",\"inLanguage\":\"en-US\",\"@id\":\"https:\\\/\\\/www.azur-scenic.com\\\/en\\\/product\\\/acousticsquare-medium\\\/#primaryimage\",\"url\":\"https:\\\/\\\/www.azur-scenic.com\\\/wp-content\\\/uploads\\\/ACOUSTIC-SQUARE-MEDIUM-ECRU-scaled.jpg\",\"contentUrl\":\"https:\\\/\\\/www.azur-scenic.com\\\/wp-content\\\/uploads\\\/ACOUSTIC-SQUARE-MEDIUM-ECRU-scaled.jpg\",\"width\":2560,\"height\":2560,\"caption\":\"ACOUSTIC SQUARE MEDIUM ECRU\"},{\"@type\":\"BreadcrumbList\",\"@id\":\"https:\\\/\\\/www.azur-scenic.com\\\/en\\\/product\\\/acousticsquare-medium\\\/#breadcrumb\",\"itemListElement\":[{\"@type\":\"ListItem\",\"position\":1,\"name\":\"Accueil\",\"item\":\"https:\\\/\\\/www.azur-scenic.com\\\/en\\\/\"},{\"@type\":\"ListItem\",\"position\":2,\"name\":\"Produits\",\"item\":\"https:\\\/\\\/www.azur-scenic.com\\\/en\\\/?page_id=21438\"},{\"@type\":\"ListItem\",\"position\":3,\"name\":\"AcousticSquare Medium\"}]},{\"@type\":\"WebSite\",\"@id\":\"https:\\\/\\\/www.azur-scenic.com\\\/en\\\/#website\",\"url\":\"https:\\\/\\\/www.azur-scenic.com\\\/en\\\/\",\"name\":\"Azur Scenic\",\"description\":\"Sp\u00e9cialiste de l\u2019\u00e9quipement sc\u00e9nique et de la d\u00e9coration int\u00e9rieure et \u00e9v\u00e9nementielle !\",\"publisher\":{\"@id\":\"https:\\\/\\\/www.azur-scenic.com\\\/en\\\/#organization\"},\"potentialAction\":[{\"@type\":\"SearchAction\",\"target\":{\"@type\":\"EntryPoint\",\"urlTemplate\":\"https:\\\/\\\/www.azur-scenic.com\\\/en\\\/?s={search_term_string}\"},\"query-input\":{\"@type\":\"PropertyValueSpecification\",\"valueRequired\":true,\"valueName\":\"search_term_string\"}}],\"inLanguage\":\"en-US\"},{\"@type\":\"Organization\",\"@id\":\"https:\\\/\\\/www.azur-scenic.com\\\/en\\\/#organization\",\"name\":\"AZUR SCENIC\",\"url\":\"https:\\\/\\\/www.azur-scenic.com\\\/en\\\/\",\"logo\":{\"@type\":\"ImageObject\",\"inLanguage\":\"en-US\",\"@id\":\"https:\\\/\\\/www.azur-scenic.com\\\/en\\\/#\\\/schema\\\/logo\\\/image\\\/\",\"url\":\"https:\\\/\\\/www.azur-scenic.com\\\/wp-content\\\/uploads\\\/2022\\\/09\\\/LOGO-AZUR-SCENIC-Fusion-web-236x64-1.jpg\",\"contentUrl\":\"https:\\\/\\\/www.azur-scenic.com\\\/wp-content\\\/uploads\\\/2022\\\/09\\\/LOGO-AZUR-SCENIC-Fusion-web-236x64-1.jpg\",\"width\":236,\"height\":64,\"caption\":\"AZUR SCENIC\"},\"image\":{\"@id\":\"https:\\\/\\\/www.azur-scenic.com\\\/en\\\/#\\\/schema\\\/logo\\\/image\\\/\"},\"sameAs\":[\"https:\\\/\\\/www.youtube.com\\\/channel\\\/UCPWM2mGPVUt4nYhNlm71WOA\",\"https:\\\/\\\/www.linkedin.com\\\/company\\\/33237605\\\/admin\\\/feed\\\/posts\\\/\"]}]}<\/script>\n<!-- \/ Yoast SEO plugin. -->","yoast_head_json":{"title":"AcousticSquare Medium - Azur Scenic","robots":{"index":"index","follow":"follow","max-snippet":"max-snippet:-1","max-image-preview":"max-image-preview:large","max-video-preview":"max-video-preview:-1"},"canonical":"https:\/\/www.azur-scenic.com\/en\/product\/acousticsquare-medium\/","og_locale":"en_US","og_type":"article","og_title":"AcousticSquare Medium - Azur Scenic","og_description":"The sound-absorbent material with extreme acoustic properties! Rated M1 flame-retardant and featuring a fine finish available in 25 colours, this fabric is the go-to for making acoustic curtains for acoustic curtains for arenas, concert halls, exhibition centres, etc. The outstanding technical properties of this material, combined with its exceptional performance and affordability, make it a perfect product for contemporary interior design projects such as hotels, conference centres, performance venues, etc. 100% Trevira CS, washable, hard-wearing and UV-resistant, this material is perfect for use indoors and outdoors. Oeko Tex certified, this fabric is environmentally friendly.  Width: 140 cm Weight: 560 g\/m\u00b2  Flame-retardant rating: M1 B-s1,d0 B1 C1 Composition: 100% Trevira CS","og_url":"https:\/\/www.azur-scenic.com\/en\/product\/acousticsquare-medium\/","og_site_name":"Azur Scenic","article_modified_time":"2023-08-02T12:56:50+00:00","og_image":[{"width":2560,"height":2560,"url":"https:\/\/www.azur-scenic.com\/wp-content\/uploads\/ACOUSTIC-SQUARE-MEDIUM-ECRU-scaled.jpg","type":"image\/jpeg"}],"twitter_card":"summary_large_image","twitter_misc":{"Est. reading time":"1 minute"},"schema":{"@context":"https:\/\/schema.org","@graph":[{"@type":"WebPage","@id":"https:\/\/www.azur-scenic.com\/en\/product\/acousticsquare-medium\/","url":"https:\/\/www.azur-scenic.com\/en\/product\/acousticsquare-medium\/","name":"AcousticSquare Medium - Azur Scenic","isPartOf":{"@id":"https:\/\/www.azur-scenic.com\/en\/#website"},"primaryImageOfPage":{"@id":"https:\/\/www.azur-scenic.com\/en\/product\/acousticsquare-medium\/#primaryimage"},"image":{"@id":"https:\/\/www.azur-scenic.com\/en\/product\/acousticsquare-medium\/#primaryimage"},"thumbnailUrl":"https:\/\/www.azur-scenic.com\/wp-content\/uploads\/ACOUSTIC-SQUARE-MEDIUM-ECRU-scaled.jpg","datePublished":"2022-10-04T07:24:33+00:00","dateModified":"2023-08-02T12:56:50+00:00","breadcrumb":{"@id":"https:\/\/www.azur-scenic.com\/en\/product\/acousticsquare-medium\/#breadcrumb"},"inLanguage":"en-US","potentialAction":[{"@type":"ReadAction","target":["https:\/\/www.azur-scenic.com\/en\/product\/acousticsquare-medium\/"]}]},{"@type":"ImageObject","inLanguage":"en-US","@id":"https:\/\/www.azur-scenic.com\/en\/product\/acousticsquare-medium\/#primaryimage","url":"https:\/\/www.azur-scenic.com\/wp-content\/uploads\/ACOUSTIC-SQUARE-MEDIUM-ECRU-scaled.jpg","contentUrl":"https:\/\/www.azur-scenic.com\/wp-content\/uploads\/ACOUSTIC-SQUARE-MEDIUM-ECRU-scaled.jpg","width":2560,"height":2560,"caption":"ACOUSTIC SQUARE MEDIUM ECRU"},{"@type":"BreadcrumbList","@id":"https:\/\/www.azur-scenic.com\/en\/product\/acousticsquare-medium\/#breadcrumb","itemListElement":[{"@type":"ListItem","position":1,"name":"Accueil","item":"https:\/\/www.azur-scenic.com\/en\/"},{"@type":"ListItem","position":2,"name":"Produits","item":"https:\/\/www.azur-scenic.com\/en\/?page_id=21438"},{"@type":"ListItem","position":3,"name":"AcousticSquare Medium"}]},{"@type":"WebSite","@id":"https:\/\/www.azur-scenic.com\/en\/#website","url":"https:\/\/www.azur-scenic.com\/en\/","name":"Azur Scenic","description":"Sp\u00e9cialiste de l\u2019\u00e9quipement sc\u00e9nique et de la d\u00e9coration int\u00e9rieure et \u00e9v\u00e9nementielle !","publisher":{"@id":"https:\/\/www.azur-scenic.com\/en\/#organization"},"potentialAction":[{"@type":"SearchAction","target":{"@type":"EntryPoint","urlTemplate":"https:\/\/www.azur-scenic.com\/en\/?s={search_term_string}"},"query-input":{"@type":"PropertyValueSpecification","valueRequired":true,"valueName":"search_term_string"}}],"inLanguage":"en-US"},{"@type":"Organization","@id":"https:\/\/www.azur-scenic.com\/en\/#organization","name":"AZUR SCENIC","url":"https:\/\/www.azur-scenic.com\/en\/","logo":{"@type":"ImageObject","inLanguage":"en-US","@id":"https:\/\/www.azur-scenic.com\/en\/#\/schema\/logo\/image\/","url":"https:\/\/www.azur-scenic.com\/wp-content\/uploads\/2022\/09\/LOGO-AZUR-SCENIC-Fusion-web-236x64-1.jpg","contentUrl":"https:\/\/www.azur-scenic.com\/wp-content\/uploads\/2022\/09\/LOGO-AZUR-SCENIC-Fusion-web-236x64-1.jpg","width":236,"height":64,"caption":"AZUR SCENIC"},"image":{"@id":"https:\/\/www.azur-scenic.com\/en\/#\/schema\/logo\/image\/"},"sameAs":["https:\/\/www.youtube.com\/channel\/UCPWM2mGPVUt4nYhNlm71WOA","https:\/\/www.linkedin.com\/company\/33237605\/admin\/feed\/posts\/"]}]}},"_links":{"self":[{"href":"https:\/\/www.azur-scenic.com\/en\/wp-json\/wp\/v2\/product\/19611","targetHints":{"allow":["GET"]}}],"collection":[{"href":"https:\/\/www.azur-scenic.com\/en\/wp-json\/wp\/v2\/product"}],"about":[{"href":"https:\/\/www.azur-scenic.com\/en\/wp-json\/wp\/v2\/types\/product"}],"wp:featuredmedia":[{"embeddable":true,"href":"https:\/\/www.azur-scenic.com\/en\/wp-json\/wp\/v2\/media\/14465"}],"wp:attachment":[{"href":"https:\/\/www.azur-scenic.com\/en\/wp-json\/wp\/v2\/media?parent=19611"}],"wp:term":[{"taxonomy":"product_brand","embeddable":true,"href":"https:\/\/www.azur-scenic.com\/en\/wp-json\/wp\/v2\/product_brand?post=19611"},{"taxonomy":"product_cat","embeddable":true,"href":"https:\/\/www.azur-scenic.com\/en\/wp-json\/wp\/v2\/product_cat?post=19611"},{"taxonomy":"product_tag","embeddable":true,"href":"https:\/\/www.azur-scenic.com\/en\/wp-json\/wp\/v2\/product_tag?post=19611"}],"curies":[{"name":"wp","href":"https:\/\/api.w.org\/{rel}","templated":true}]}}