{"id":19728,"date":"2022-10-04T07:24:27","date_gmt":"2022-10-04T07:24:27","guid":{"rendered":"https:\/\/www.azur-scenic.com\/produit\/backstage-cs\/"},"modified":"2023-08-02T12:56:55","modified_gmt":"2023-08-02T12:56:55","slug":"backstage-cs","status":"publish","type":"product","link":"https:\/\/www.azur-scenic.com\/en\/product\/backstage-cs\/","title":{"rendered":"Backstage CS"},"content":{"rendered":"<table>\n<thead>\n<tr>\n<th style=\"height: 15px; width: 193px;\">Technical data<\/th>\n<th style=\"height: 15px; width: 137px;\">Value<\/th>\n<th style=\"height: 15px; width: 198px;\">Notes<\/th>\n<\/tr>\n<\/thead>\n<tbody>\n<tr>\n<td style=\"height: 15px; vertical-align: top; width: 193px;\">Width<\/td>\n<td style=\"height: 15px; vertical-align: top; width: 137px;\">300 cm<\/td>\n<td style=\"height: 15px; vertical-align: top; width: 198px;\">\u00a0<\/td>\n<\/tr>\n<tr>\n<td style=\"height: 15px; vertical-align: top; width: 193px;\">Weight<\/td>\n<td style=\"height: 15px; vertical-align: top; width: 137px;\">320 g\/m\u00b2<\/td>\n<td style=\"height: 15px; vertical-align: top; width: 198px;\">\u00a0<\/td>\n<\/tr>\n<tr>\n<td style=\"height: 15px; vertical-align: top; width: 193px;\">Thickness<\/td>\n<td style=\"height: 15px; vertical-align: top; width: 137px;\">0.6 mm<\/td>\n<td style=\"height: 15px; vertical-align: top; width: 198px;\">\u00a0<\/td>\n<\/tr>\n<tr>\n<td style=\"height: 43px; vertical-align: top; width: 193px;\">Flame-retardant rating<\/td>\n<td style=\"height: 43px; vertical-align: top; width: 137px;\"><img decoding=\"async\" style=\"height: 20px; width: 20px;\" src=\"https:\/\/www.azur-scenic.com\/wp-content\/uploads\/icon-flag-france.png?1542281963\" \/> M1<br \/>\n<img decoding=\"async\" style=\"height: 20px; width: 20px;\" src=\"https:\/\/www.azur-scenic.com\/wp-content\/uploads\/icon-flag-allemagne.png\" \/> B1<\/td>\n<td style=\"height: 43px; vertical-align: top; width: 198px;\">Standard: NF P 92-503<br \/>\nStandard: DIN 4102-1<\/td>\n<\/tr>\n<tr>\n<td style=\"height: 15px; vertical-align: top; width: 193px;\">Composition<\/td>\n<td style=\"height: 15px; vertical-align: top; width: 137px;\">100% FR Polyester<\/td>\n<td style=\"height: 15px; vertical-align: top; width: 198px;\">\u00a0<\/td>\n<\/tr>\n<tr>\n<td style=\"height: 15px; vertical-align: top; width: 193px;\">Lengths<\/td>\n<td style=\"height: 15px; vertical-align: top; width: 137px;\">60 m (bales)<\/td>\n<td style=\"height: 15px; vertical-align: top; width: 198px;\">Cut-to-length possible<\/td>\n<\/tr>\n<tr>\n<td style=\"height: 31px; vertical-align: top; width: 193px;\">Split resistance<\/td>\n<td style=\"height: 31px; vertical-align: top; width: 137px;\">Warp: \u2265 2000 N<br \/>\nWeft: \u2265 450 N<\/td>\n<td style=\"height: 31px; vertical-align: top; width: 198px;\">Standard: DIN EN ISO 13934-1<\/td>\n<\/tr>\n<tr>\n<td style=\"height: 76.3333px; vertical-align: top; width: 193px;\">Acoustic properties<br \/>\nWSAC<br \/>\nSAC<br \/>\nNRC<\/td>\n<td style=\"height: 76.3333px; vertical-align: top; width: 137px;\">0.50 \u03b1w<br \/>\nB <span style=\"font-size: 13px;\">(absorbent)<\/span><br \/>\n0.85 <span style=\"font-size: 13px;\">(figure shown is for information purposes)<\/span><\/td>\n<td style=\"height: 76.3333px; vertical-align: top; width: 198px;\">Standards:<br \/>\nISO 354 &#8211; ISO 11654 &#8211; ISO 9613-1 &#8211; ISO 1793-1-3 &#8211;\u00a0ASTM C423-90a<\/td>\n<\/tr>\n<\/tbody>\n<\/table>\n<p>\u00a0<\/p><\/p>\n","protected":false},"excerpt":{"rendered":"<p>A <strong><span style=\"color: #f88523;\">double-sided<\/span><\/strong>FR Polyester material, Backstage is ideal for use both indoors and <span style=\"color: #f88523;\"><strong>outdoors<\/strong><\/span>. Widely used in high-humidity environments (theme parks, aquariums, etc.), it is composed of intrinsically flame-retardant fibres, making it <span style=\"color: #f88523;\"><strong>washable<\/strong><\/span> without the risk of damaging its flame-resistant properties.<br \/>\nRated <strong><span style=\"color: #f88523;\">M1<\/span><\/strong> flame-retardant, it\u2019s a perfect material for making <span style=\"color: #f88523;\"><strong>stage legs and borders<\/strong><\/span>, black boxes, and can even be stapled for dressing <strong><span style=\"color: #f88523;\">frames and flats<\/span><\/strong>, structures and more&#8230;<br \/>\nWoven with a <strong><span style=\"color: #f88523;\">satin type<\/span><\/strong> weave, this fabric is <strong><span style=\"color: #f88523;\">brushed<\/span><\/strong> to give it a soft appearance on one side while retaining its satin appearance on the other. It therefore offers 2 <strong><span style=\"color: #f88523;\">highly distinctive<\/span><\/strong> effects and can be used with either side on show according to the visual effect desired.<br \/>\nAvailable in a range of basic colours (<strong><span style=\"color: #f88523;\">black<\/span><\/strong> and<strong><span style=\"color: #f88523;\">white<\/span><\/strong>) as well as <strong><span style=\"color: #f88523;\">Chroma key<\/span><\/strong> green and blue, suitable for making backdrops for <strong><span style=\"color: #f88523;\">keyed video<\/span><\/strong> and <strong><span style=\"color: #f88523;\">photography<\/span><\/strong>.<br \/>\nBackstage can be used for making curtains, both functional and decorative, that are <span style=\"color: #f88523;\"><strong>hard-wearing<\/strong><\/span> and <span style=\"color: #f88523;\"><strong>opaque<\/strong><\/span>.<br \/>\nIts high grammage and brushed surface also give it <span style=\"color: #f88523;\"><strong>acoustic properties<\/strong><\/span>.<\/p>\n<p>\u00a0<\/p>\n<table class=\"table\" style=\"background: #f7f7f7;\">\n<tbody>\n<tr>\n<td><strong>Width<\/strong>: 300 cm<\/td>\n<td><strong>Weight<\/strong>: 320 g\/m\u00b2<\/td>\n<\/tr>\n<tr>\n<td><strong>Flame-retardant rating<\/strong>: <img decoding=\"async\" style=\"height: 20px; width: 20px;\" src=\"https:\/\/www.azur-scenic.com\/wp-content\/uploads\/icon-flag-france.png?1542281963\" \/> M1 <img decoding=\"async\" style=\"height: 20px; width: 20px;\" src=\"https:\/\/www.azur-scenic.com\/wp-content\/uploads\/icon-flag-allemagne.png\" \/> B1<\/td>\n<td style=\"vertical-align: top;\"><strong>Composition<\/strong>: 100% FR Polyester<\/td>\n<\/tr>\n<\/tbody>\n<\/table>\n","protected":false},"featured_media":14241,"template":"","meta":{"_acf_changed":false},"product_brand":[],"product_cat":[898,893,1332,1679,896,981,982,1624,979,980],"product_tag":[],"class_list":{"0":"post-19728","1":"product","2":"type-product","3":"status-publish","4":"has-post-thumbnail","6":"product_cat-all-products","7":"product_cat-stage-and-events-material","8":"product_cat-paintable-canvases-keyed-tv-cloths","9":"product_cat-keyed-tv-and-video-canvas","10":"product_cat-black-out","11":"product_cat-decorative-fabrics","12":"product_cat-canvas-brushed-finishes","13":"product_cat-satin-gloss-fabrics","14":"product_cat-acoustic-solutions","15":"product_cat-acoustic-absorption","16":"pa_couleurs-002-en","17":"pa_couleurs-003-en","18":"pa_couleurs-699-en","19":"pa_couleurs-799-en","20":"pa_groupes-de-couleurs-white","21":"pa_groupes-de-couleurs-blue","22":"pa_groupes-de-couleurs-black","23":"pa_groupes-de-couleurs-green","24":"pa_textiles-acoustic-absorbant","25":"pa_textiles-suitable-for-outdoors-use","26":"pa_textiles-chroma-key","27":"pa_textiles-flame-retardant-rated","28":"pa_textiles-washable","29":"pa_textiles-black-out-and-or-screen-material","31":"first","32":"instock","33":"shipping-taxable","34":"purchasable","35":"product-type-variable"},"acf":[],"yoast_head":"<!-- This site is optimized with the Yoast SEO plugin v27.3 - https:\/\/yoast.com\/product\/yoast-seo-wordpress\/ -->\n<title>Backstage CS - Azur Scenic<\/title>\n<meta name=\"robots\" content=\"index, follow, max-snippet:-1, max-image-preview:large, max-video-preview:-1\" \/>\n<link rel=\"canonical\" href=\"https:\/\/www.azur-scenic.com\/en\/product\/backstage-cs\/\" \/>\n<meta property=\"og:locale\" content=\"en_US\" \/>\n<meta property=\"og:type\" content=\"article\" \/>\n<meta property=\"og:title\" content=\"Backstage CS - Azur Scenic\" \/>\n<meta property=\"og:description\" content=\"A double-sidedFR Polyester material, Backstage is ideal for use both indoors and outdoors. Widely used in high-humidity environments (theme parks, aquariums, etc.), it is composed of intrinsically flame-retardant fibres, making it washable without the risk of damaging its flame-resistant properties. Rated M1 flame-retardant, it\u2019s a perfect material for making stage legs and borders, black boxes, and can even be stapled for dressing frames and flats, structures and more... Woven with a satin type weave, this fabric is brushed to give it a soft appearance on one side while retaining its satin appearance on the other. It therefore offers 2 highly distinctive effects and can be used with either side on show according to the visual effect desired. Available in a range of basic colours (black andwhite) as well as Chroma key green and blue, suitable for making backdrops for keyed video and photography. Backstage can be used for making curtains, both functional and decorative, that are hard-wearing and opaque. Its high grammage and brushed surface also give it acoustic properties. \u00a0  Width: 300 cm Weight: 320 g\/m\u00b2  Flame-retardant rating: M1 B1 Composition: 100% FR Polyester\" \/>\n<meta property=\"og:url\" content=\"https:\/\/www.azur-scenic.com\/en\/product\/backstage-cs\/\" \/>\n<meta property=\"og:site_name\" content=\"Azur Scenic\" \/>\n<meta property=\"article:modified_time\" content=\"2023-08-02T12:56:55+00:00\" \/>\n<meta property=\"og:image\" content=\"https:\/\/www.azur-scenic.com\/wp-content\/uploads\/BACKSTAGE-CS-VERT.jpg\" \/>\n\t<meta property=\"og:image:width\" content=\"1631\" \/>\n\t<meta property=\"og:image:height\" content=\"1631\" \/>\n\t<meta property=\"og:image:type\" content=\"image\/jpeg\" \/>\n<meta name=\"twitter:card\" content=\"summary_large_image\" \/>\n<script type=\"application\/ld+json\" class=\"yoast-schema-graph\">{\"@context\":\"https:\\\/\\\/schema.org\",\"@graph\":[{\"@type\":\"WebPage\",\"@id\":\"https:\\\/\\\/www.azur-scenic.com\\\/en\\\/product\\\/backstage-cs\\\/\",\"url\":\"https:\\\/\\\/www.azur-scenic.com\\\/en\\\/product\\\/backstage-cs\\\/\",\"name\":\"Backstage CS - Azur Scenic\",\"isPartOf\":{\"@id\":\"https:\\\/\\\/www.azur-scenic.com\\\/en\\\/#website\"},\"primaryImageOfPage\":{\"@id\":\"https:\\\/\\\/www.azur-scenic.com\\\/en\\\/product\\\/backstage-cs\\\/#primaryimage\"},\"image\":{\"@id\":\"https:\\\/\\\/www.azur-scenic.com\\\/en\\\/product\\\/backstage-cs\\\/#primaryimage\"},\"thumbnailUrl\":\"https:\\\/\\\/www.azur-scenic.com\\\/wp-content\\\/uploads\\\/BACKSTAGE-CS-VERT.jpg\",\"datePublished\":\"2022-10-04T07:24:27+00:00\",\"dateModified\":\"2023-08-02T12:56:55+00:00\",\"breadcrumb\":{\"@id\":\"https:\\\/\\\/www.azur-scenic.com\\\/en\\\/product\\\/backstage-cs\\\/#breadcrumb\"},\"inLanguage\":\"en-US\",\"potentialAction\":[{\"@type\":\"ReadAction\",\"target\":[\"https:\\\/\\\/www.azur-scenic.com\\\/en\\\/product\\\/backstage-cs\\\/\"]}]},{\"@type\":\"ImageObject\",\"inLanguage\":\"en-US\",\"@id\":\"https:\\\/\\\/www.azur-scenic.com\\\/en\\\/product\\\/backstage-cs\\\/#primaryimage\",\"url\":\"https:\\\/\\\/www.azur-scenic.com\\\/wp-content\\\/uploads\\\/BACKSTAGE-CS-VERT.jpg\",\"contentUrl\":\"https:\\\/\\\/www.azur-scenic.com\\\/wp-content\\\/uploads\\\/BACKSTAGE-CS-VERT.jpg\",\"width\":1631,\"height\":1631,\"caption\":\"BACKSTAGE CS VERT\"},{\"@type\":\"BreadcrumbList\",\"@id\":\"https:\\\/\\\/www.azur-scenic.com\\\/en\\\/product\\\/backstage-cs\\\/#breadcrumb\",\"itemListElement\":[{\"@type\":\"ListItem\",\"position\":1,\"name\":\"Accueil\",\"item\":\"https:\\\/\\\/www.azur-scenic.com\\\/en\\\/\"},{\"@type\":\"ListItem\",\"position\":2,\"name\":\"Produits\",\"item\":\"https:\\\/\\\/www.azur-scenic.com\\\/en\\\/?page_id=21438\"},{\"@type\":\"ListItem\",\"position\":3,\"name\":\"Backstage CS\"}]},{\"@type\":\"WebSite\",\"@id\":\"https:\\\/\\\/www.azur-scenic.com\\\/en\\\/#website\",\"url\":\"https:\\\/\\\/www.azur-scenic.com\\\/en\\\/\",\"name\":\"Azur Scenic\",\"description\":\"Sp\u00e9cialiste de l\u2019\u00e9quipement sc\u00e9nique et de la d\u00e9coration int\u00e9rieure et \u00e9v\u00e9nementielle !\",\"publisher\":{\"@id\":\"https:\\\/\\\/www.azur-scenic.com\\\/en\\\/#organization\"},\"potentialAction\":[{\"@type\":\"SearchAction\",\"target\":{\"@type\":\"EntryPoint\",\"urlTemplate\":\"https:\\\/\\\/www.azur-scenic.com\\\/en\\\/?s={search_term_string}\"},\"query-input\":{\"@type\":\"PropertyValueSpecification\",\"valueRequired\":true,\"valueName\":\"search_term_string\"}}],\"inLanguage\":\"en-US\"},{\"@type\":\"Organization\",\"@id\":\"https:\\\/\\\/www.azur-scenic.com\\\/en\\\/#organization\",\"name\":\"AZUR SCENIC\",\"url\":\"https:\\\/\\\/www.azur-scenic.com\\\/en\\\/\",\"logo\":{\"@type\":\"ImageObject\",\"inLanguage\":\"en-US\",\"@id\":\"https:\\\/\\\/www.azur-scenic.com\\\/en\\\/#\\\/schema\\\/logo\\\/image\\\/\",\"url\":\"https:\\\/\\\/www.azur-scenic.com\\\/wp-content\\\/uploads\\\/2022\\\/09\\\/LOGO-AZUR-SCENIC-Fusion-web-236x64-1.jpg\",\"contentUrl\":\"https:\\\/\\\/www.azur-scenic.com\\\/wp-content\\\/uploads\\\/2022\\\/09\\\/LOGO-AZUR-SCENIC-Fusion-web-236x64-1.jpg\",\"width\":236,\"height\":64,\"caption\":\"AZUR SCENIC\"},\"image\":{\"@id\":\"https:\\\/\\\/www.azur-scenic.com\\\/en\\\/#\\\/schema\\\/logo\\\/image\\\/\"},\"sameAs\":[\"https:\\\/\\\/www.youtube.com\\\/channel\\\/UCPWM2mGPVUt4nYhNlm71WOA\",\"https:\\\/\\\/www.linkedin.com\\\/company\\\/33237605\\\/admin\\\/feed\\\/posts\\\/\"]}]}<\/script>\n<!-- \/ Yoast SEO plugin. -->","yoast_head_json":{"title":"Backstage CS - Azur Scenic","robots":{"index":"index","follow":"follow","max-snippet":"max-snippet:-1","max-image-preview":"max-image-preview:large","max-video-preview":"max-video-preview:-1"},"canonical":"https:\/\/www.azur-scenic.com\/en\/product\/backstage-cs\/","og_locale":"en_US","og_type":"article","og_title":"Backstage CS - Azur Scenic","og_description":"A double-sidedFR Polyester material, Backstage is ideal for use both indoors and outdoors. Widely used in high-humidity environments (theme parks, aquariums, etc.), it is composed of intrinsically flame-retardant fibres, making it washable without the risk of damaging its flame-resistant properties. Rated M1 flame-retardant, it\u2019s a perfect material for making stage legs and borders, black boxes, and can even be stapled for dressing frames and flats, structures and more... Woven with a satin type weave, this fabric is brushed to give it a soft appearance on one side while retaining its satin appearance on the other. It therefore offers 2 highly distinctive effects and can be used with either side on show according to the visual effect desired. Available in a range of basic colours (black andwhite) as well as Chroma key green and blue, suitable for making backdrops for keyed video and photography. Backstage can be used for making curtains, both functional and decorative, that are hard-wearing and opaque. Its high grammage and brushed surface also give it acoustic properties. \u00a0  Width: 300 cm Weight: 320 g\/m\u00b2  Flame-retardant rating: M1 B1 Composition: 100% FR Polyester","og_url":"https:\/\/www.azur-scenic.com\/en\/product\/backstage-cs\/","og_site_name":"Azur Scenic","article_modified_time":"2023-08-02T12:56:55+00:00","og_image":[{"width":1631,"height":1631,"url":"https:\/\/www.azur-scenic.com\/wp-content\/uploads\/BACKSTAGE-CS-VERT.jpg","type":"image\/jpeg"}],"twitter_card":"summary_large_image","schema":{"@context":"https:\/\/schema.org","@graph":[{"@type":"WebPage","@id":"https:\/\/www.azur-scenic.com\/en\/product\/backstage-cs\/","url":"https:\/\/www.azur-scenic.com\/en\/product\/backstage-cs\/","name":"Backstage CS - Azur Scenic","isPartOf":{"@id":"https:\/\/www.azur-scenic.com\/en\/#website"},"primaryImageOfPage":{"@id":"https:\/\/www.azur-scenic.com\/en\/product\/backstage-cs\/#primaryimage"},"image":{"@id":"https:\/\/www.azur-scenic.com\/en\/product\/backstage-cs\/#primaryimage"},"thumbnailUrl":"https:\/\/www.azur-scenic.com\/wp-content\/uploads\/BACKSTAGE-CS-VERT.jpg","datePublished":"2022-10-04T07:24:27+00:00","dateModified":"2023-08-02T12:56:55+00:00","breadcrumb":{"@id":"https:\/\/www.azur-scenic.com\/en\/product\/backstage-cs\/#breadcrumb"},"inLanguage":"en-US","potentialAction":[{"@type":"ReadAction","target":["https:\/\/www.azur-scenic.com\/en\/product\/backstage-cs\/"]}]},{"@type":"ImageObject","inLanguage":"en-US","@id":"https:\/\/www.azur-scenic.com\/en\/product\/backstage-cs\/#primaryimage","url":"https:\/\/www.azur-scenic.com\/wp-content\/uploads\/BACKSTAGE-CS-VERT.jpg","contentUrl":"https:\/\/www.azur-scenic.com\/wp-content\/uploads\/BACKSTAGE-CS-VERT.jpg","width":1631,"height":1631,"caption":"BACKSTAGE CS VERT"},{"@type":"BreadcrumbList","@id":"https:\/\/www.azur-scenic.com\/en\/product\/backstage-cs\/#breadcrumb","itemListElement":[{"@type":"ListItem","position":1,"name":"Accueil","item":"https:\/\/www.azur-scenic.com\/en\/"},{"@type":"ListItem","position":2,"name":"Produits","item":"https:\/\/www.azur-scenic.com\/en\/?page_id=21438"},{"@type":"ListItem","position":3,"name":"Backstage CS"}]},{"@type":"WebSite","@id":"https:\/\/www.azur-scenic.com\/en\/#website","url":"https:\/\/www.azur-scenic.com\/en\/","name":"Azur Scenic","description":"Sp\u00e9cialiste de l\u2019\u00e9quipement sc\u00e9nique et de la d\u00e9coration int\u00e9rieure et \u00e9v\u00e9nementielle !","publisher":{"@id":"https:\/\/www.azur-scenic.com\/en\/#organization"},"potentialAction":[{"@type":"SearchAction","target":{"@type":"EntryPoint","urlTemplate":"https:\/\/www.azur-scenic.com\/en\/?s={search_term_string}"},"query-input":{"@type":"PropertyValueSpecification","valueRequired":true,"valueName":"search_term_string"}}],"inLanguage":"en-US"},{"@type":"Organization","@id":"https:\/\/www.azur-scenic.com\/en\/#organization","name":"AZUR SCENIC","url":"https:\/\/www.azur-scenic.com\/en\/","logo":{"@type":"ImageObject","inLanguage":"en-US","@id":"https:\/\/www.azur-scenic.com\/en\/#\/schema\/logo\/image\/","url":"https:\/\/www.azur-scenic.com\/wp-content\/uploads\/2022\/09\/LOGO-AZUR-SCENIC-Fusion-web-236x64-1.jpg","contentUrl":"https:\/\/www.azur-scenic.com\/wp-content\/uploads\/2022\/09\/LOGO-AZUR-SCENIC-Fusion-web-236x64-1.jpg","width":236,"height":64,"caption":"AZUR SCENIC"},"image":{"@id":"https:\/\/www.azur-scenic.com\/en\/#\/schema\/logo\/image\/"},"sameAs":["https:\/\/www.youtube.com\/channel\/UCPWM2mGPVUt4nYhNlm71WOA","https:\/\/www.linkedin.com\/company\/33237605\/admin\/feed\/posts\/"]}]}},"_links":{"self":[{"href":"https:\/\/www.azur-scenic.com\/en\/wp-json\/wp\/v2\/product\/19728","targetHints":{"allow":["GET"]}}],"collection":[{"href":"https:\/\/www.azur-scenic.com\/en\/wp-json\/wp\/v2\/product"}],"about":[{"href":"https:\/\/www.azur-scenic.com\/en\/wp-json\/wp\/v2\/types\/product"}],"wp:featuredmedia":[{"embeddable":true,"href":"https:\/\/www.azur-scenic.com\/en\/wp-json\/wp\/v2\/media\/14241"}],"wp:attachment":[{"href":"https:\/\/www.azur-scenic.com\/en\/wp-json\/wp\/v2\/media?parent=19728"}],"wp:term":[{"taxonomy":"product_brand","embeddable":true,"href":"https:\/\/www.azur-scenic.com\/en\/wp-json\/wp\/v2\/product_brand?post=19728"},{"taxonomy":"product_cat","embeddable":true,"href":"https:\/\/www.azur-scenic.com\/en\/wp-json\/wp\/v2\/product_cat?post=19728"},{"taxonomy":"product_tag","embeddable":true,"href":"https:\/\/www.azur-scenic.com\/en\/wp-json\/wp\/v2\/product_tag?post=19728"}],"curies":[{"name":"wp","href":"https:\/\/api.w.org\/{rel}","templated":true}]}}