{"id":19796,"date":"2022-10-04T07:24:19","date_gmt":"2022-10-04T07:24:19","guid":{"rendered":"https:\/\/www.azur-scenic.com\/produit\/toile-tv-incruste\/"},"modified":"2023-08-02T12:57:01","modified_gmt":"2023-08-02T12:57:01","slug":"keyed-tv-canvas","status":"publish","type":"product","link":"https:\/\/www.azur-scenic.com\/en\/product\/keyed-tv-canvas\/","title":{"rendered":"Keyed TV Canvas"},"content":{"rendered":"<table>\n<thead>\n<tr>\n<th style=\"width: 170px;\">Technical data<\/th>\n<th style=\"width: 118px;\">Value<\/th>\n<th style=\"width: 240px;\">Notes<\/th>\n<\/tr>\n<\/thead>\n<tbody>\n<tr>\n<td style=\"vertical-align: top;\">Width<\/td>\n<td style=\"vertical-align: top; width: 118px;\">520 cm<br \/>\n620 cm<\/td>\n<td style=\"vertical-align: top; width: 240px;\">3 widths available to order (160 cm, 320 cm and 420 cm), sold in full bales only (30 or 60 m) and subject to additional delivery time.<\/td>\n<\/tr>\n<tr>\n<td style=\"vertical-align: top;\">Weight<\/td>\n<td style=\"vertical-align: top; width: 118px;\">200 g\/m\u00b2<\/td>\n<td style=\"vertical-align: top; width: 240px;\">\u00a0<\/td>\n<\/tr>\n<tr>\n<td style=\"vertical-align: top;\">Thickness<\/td>\n<td style=\"vertical-align: top; width: 118px;\">0.3 mm<\/td>\n<td style=\"vertical-align: top; width: 240px;\">\u00a0<\/td>\n<\/tr>\n<tr>\n<td style=\"vertical-align: top;\">Flame-retardant rating<\/td>\n<td style=\"vertical-align: top; width: 118px;\"><img decoding=\"async\" style=\"height: 20px; width: 20px;\" src=\"https:\/\/www.azur-scenic.com\/wp-content\/uploads\/csm_icon-flag-france_3304e5e3f9.png\" \/> M1<br \/>\n<img decoding=\"async\" style=\"height: 20px; width: 20px;\" src=\"https:\/\/www.azur-scenic.com\/wp-content\/uploads\/icon-flag-europe.png\" \/> B-s1,d0<br \/>\n<img decoding=\"async\" style=\"height: 20px; width: 20px;\" src=\"https:\/\/www.azur-scenic.com\/wp-content\/uploads\/icon-flag-allemagne.png\" \/> B1<\/td>\n<td style=\"vertical-align: top; width: 240px;\">Standard: NPF 92-503-507<br \/>\nStandard: EN 13501-1<br \/>\nStandard: DIN 4102<\/td>\n<\/tr>\n<tr>\n<td style=\"vertical-align: top;\">Composition<\/td>\n<td style=\"vertical-align: top; width: 118px;\">100% Trevira CS<\/td>\n<td style=\"vertical-align: top; width: 240px;\">\u00a0<\/td>\n<\/tr>\n<tr>\n<td style=\"vertical-align: top;\">Lengths<\/td>\n<td style=\"vertical-align: top; width: 118px;\">30 m \/ 60 m<br \/>\nCentre-folded bales<\/td>\n<td style=\"vertical-align: top; width: 240px;\">Available to buy cut-to-length for standard colours<\/td>\n<\/tr>\n<tr>\n<td style=\"vertical-align: top;\">Tear resistance<\/td>\n<td style=\"vertical-align: top; width: 118px;\">Warp: 27.7 N<br \/>\nWeft: 23.7 N<\/td>\n<td style=\"vertical-align: top; width: 240px;\">Standard: DIN EN ISO 9073-4<\/td>\n<\/tr>\n<tr>\n<td style=\"vertical-align: top;\">Light fastness<br \/>\nLight colours:<br \/>\nMid-tone colours:<br \/>\nDark colours:<\/td>\n<td style=\"vertical-align: top; width: 118px;\">5<br \/>\n6<br \/>\n5<\/td>\n<td style=\"vertical-align: top; width: 240px;\">Standard: DIN EN ISO 105-B02<\/td>\n<\/tr>\n<tr>\n<td style=\"vertical-align: top;\">Air permeability<\/td>\n<td style=\"vertical-align: top; width: 118px;\">100 Pa: 538 l (m\u00b2s)<br \/>\n200 Pa: 877 l (m\u00b2s)<\/td>\n<td style=\"vertical-align: top; width: 240px;\">Standard: DIN EN ISO 9237<\/td>\n<\/tr>\n<\/tbody>\n<\/table>\n<p>\u00a0<\/p><\/p>\n","protected":false},"excerpt":{"rendered":"<p>The go-to material for <span style=\"color: #f88523;\"><strong>keyed video and photography<\/strong><\/span> screen cloth, available in 2 <span style=\"color: #f88523;\"><strong>Chroma key<\/strong><\/span> colours (green and blue).<br \/>\nFlame-retardant rated <span style=\"color: #f88523;\"><strong>M1<\/strong><\/span>, available in several widths allowing you to make <strong><span style=\"color: #f88523;\">the largest backdrops without panel assembly<\/span><\/strong> (up to 6 m).<br \/>\nThis material is ideal for fitting out <span style=\"color: #f88523;\"><strong>photo studios<\/strong><\/span> and <strong><span style=\"color: #f88523;\">video recording studios<\/span><\/strong> with classic <strong><span style=\"color: #f88523;\">\u201cgreen screen\u201d<\/span><\/strong>, but it is also multifunctional, as it can be used for making <span style=\"color: #f88523;\"><strong>curtains<\/strong><\/span>, <span style=\"color: #f88523;\"><strong>stage sets<\/strong><\/span> and more&#8230;<br \/>\n100% <strong><span style=\"color: #f88523;\">Trevira CS<\/span><\/strong>, this fabric is <strong><span style=\"color: #f88523;\">washable<\/span><\/strong> and can be used both indoors and <span style=\"color: #f88523;\"><strong>outdoors<\/strong><\/span>.<\/p>\n<table class=\"table\" style=\"background: #f7f7f7;\">\n<tbody>\n<tr>\n<td><strong>Width<\/strong>: 520 cm, 620 cm<\/td>\n<td><strong>Weight<\/strong>: 200 g\/m\u00b2<\/td>\n<\/tr>\n<tr>\n<td><strong>Flame-retardant rating<\/strong>: <img decoding=\"async\" style=\"height: 20px; width: 20px;\" src=\"https:\/\/www.azur-scenic.com\/wp-content\/uploads\/csm_icon-flag-france_3304e5e3f9.png\" \/> M1\u00a0<img decoding=\"async\" style=\"height: 20px; width: 20px;\" src=\"fileadmin\/Images\/icon-flag-europe.png\" \/> B-s1,d0<br \/>\n<img decoding=\"async\" style=\"height: 20px; width: 20px;\" src=\"https:\/\/www.azur-scenic.com\/wp-content\/uploads\/icon-flag-allemagne.png\" \/> B1<\/td>\n<td style=\"vertical-align: top;\"><strong>Composition<\/strong>: 100% Trevira CS<\/td>\n<\/tr>\n<\/tbody>\n<\/table>\n","protected":false},"featured_media":14289,"template":"","meta":{"_acf_changed":false},"product_brand":[],"product_cat":[898,893,1332,1679],"product_tag":[],"class_list":{"0":"post-19796","1":"product","2":"type-product","3":"status-publish","4":"has-post-thumbnail","6":"product_cat-all-products","7":"product_cat-stage-and-events-material","8":"product_cat-paintable-canvases-keyed-tv-cloths","9":"product_cat-keyed-tv-and-video-canvas","10":"pa_couleurs-699-en","11":"pa_couleurs-799-en","12":"pa_groupes-de-couleurs-blue","13":"pa_groupes-de-couleurs-green","14":"pa_textiles-suitable-for-outdoors-use","15":"pa_textiles-chroma-key","16":"pa_textiles-flame-retardant-rated","17":"pa_textiles-special-effects","18":"pa_textiles-washable","19":"pa_textiles-trevira-cs","20":"pa_textiles-very-large-width","22":"first","23":"instock","24":"shipping-taxable","25":"purchasable","26":"product-type-variable"},"acf":[],"yoast_head":"<!-- This site is optimized with the Yoast SEO plugin v27.3 - https:\/\/yoast.com\/product\/yoast-seo-wordpress\/ -->\n<title>Keyed TV Canvas - Azur Scenic<\/title>\n<meta name=\"robots\" content=\"index, follow, max-snippet:-1, max-image-preview:large, max-video-preview:-1\" \/>\n<link rel=\"canonical\" href=\"https:\/\/www.azur-scenic.com\/en\/product\/keyed-tv-canvas\/\" \/>\n<meta property=\"og:locale\" content=\"en_US\" \/>\n<meta property=\"og:type\" content=\"article\" \/>\n<meta property=\"og:title\" content=\"Keyed TV Canvas - Azur Scenic\" \/>\n<meta property=\"og:description\" content=\"The go-to material for keyed video and photography screen cloth, available in 2 Chroma key colours (green and blue). Flame-retardant rated M1, available in several widths allowing you to make the largest backdrops without panel assembly (up to 6 m). This material is ideal for fitting out photo studios and video recording studios with classic \u201cgreen screen\u201d, but it is also multifunctional, as it can be used for making curtains, stage sets and more... 100% Trevira CS, this fabric is washable and can be used both indoors and outdoors.  Width: 520 cm, 620 cm Weight: 200 g\/m\u00b2  Flame-retardant rating: M1\u00a0 B-s1,d0 B1 Composition: 100% Trevira CS\" \/>\n<meta property=\"og:url\" content=\"https:\/\/www.azur-scenic.com\/en\/product\/keyed-tv-canvas\/\" \/>\n<meta property=\"og:site_name\" content=\"Azur Scenic\" \/>\n<meta property=\"article:modified_time\" content=\"2023-08-02T12:57:01+00:00\" \/>\n<meta property=\"og:image\" content=\"https:\/\/www.azur-scenic.com\/wp-content\/uploads\/IMG_E7627-scaled.jpg\" \/>\n\t<meta property=\"og:image:width\" content=\"2560\" \/>\n\t<meta property=\"og:image:height\" content=\"2560\" \/>\n\t<meta property=\"og:image:type\" content=\"image\/jpeg\" \/>\n<meta name=\"twitter:card\" content=\"summary_large_image\" \/>\n<meta name=\"twitter:label1\" content=\"Est. reading time\" \/>\n\t<meta name=\"twitter:data1\" content=\"1 minute\" \/>\n<script type=\"application\/ld+json\" class=\"yoast-schema-graph\">{\"@context\":\"https:\\\/\\\/schema.org\",\"@graph\":[{\"@type\":\"WebPage\",\"@id\":\"https:\\\/\\\/www.azur-scenic.com\\\/en\\\/product\\\/keyed-tv-canvas\\\/\",\"url\":\"https:\\\/\\\/www.azur-scenic.com\\\/en\\\/product\\\/keyed-tv-canvas\\\/\",\"name\":\"Keyed TV Canvas - Azur Scenic\",\"isPartOf\":{\"@id\":\"https:\\\/\\\/www.azur-scenic.com\\\/en\\\/#website\"},\"primaryImageOfPage\":{\"@id\":\"https:\\\/\\\/www.azur-scenic.com\\\/en\\\/product\\\/keyed-tv-canvas\\\/#primaryimage\"},\"image\":{\"@id\":\"https:\\\/\\\/www.azur-scenic.com\\\/en\\\/product\\\/keyed-tv-canvas\\\/#primaryimage\"},\"thumbnailUrl\":\"https:\\\/\\\/www.azur-scenic.com\\\/wp-content\\\/uploads\\\/IMG_E7627-scaled.jpg\",\"datePublished\":\"2022-10-04T07:24:19+00:00\",\"dateModified\":\"2023-08-02T12:57:01+00:00\",\"breadcrumb\":{\"@id\":\"https:\\\/\\\/www.azur-scenic.com\\\/en\\\/product\\\/keyed-tv-canvas\\\/#breadcrumb\"},\"inLanguage\":\"en-US\",\"potentialAction\":[{\"@type\":\"ReadAction\",\"target\":[\"https:\\\/\\\/www.azur-scenic.com\\\/en\\\/product\\\/keyed-tv-canvas\\\/\"]}]},{\"@type\":\"ImageObject\",\"inLanguage\":\"en-US\",\"@id\":\"https:\\\/\\\/www.azur-scenic.com\\\/en\\\/product\\\/keyed-tv-canvas\\\/#primaryimage\",\"url\":\"https:\\\/\\\/www.azur-scenic.com\\\/wp-content\\\/uploads\\\/IMG_E7627-scaled.jpg\",\"contentUrl\":\"https:\\\/\\\/www.azur-scenic.com\\\/wp-content\\\/uploads\\\/IMG_E7627-scaled.jpg\",\"width\":2560,\"height\":2560,\"caption\":\"TOILE TV INCRUSTE VERT\"},{\"@type\":\"BreadcrumbList\",\"@id\":\"https:\\\/\\\/www.azur-scenic.com\\\/en\\\/product\\\/keyed-tv-canvas\\\/#breadcrumb\",\"itemListElement\":[{\"@type\":\"ListItem\",\"position\":1,\"name\":\"Accueil\",\"item\":\"https:\\\/\\\/www.azur-scenic.com\\\/en\\\/\"},{\"@type\":\"ListItem\",\"position\":2,\"name\":\"Produits\",\"item\":\"https:\\\/\\\/www.azur-scenic.com\\\/en\\\/?page_id=21438\"},{\"@type\":\"ListItem\",\"position\":3,\"name\":\"Keyed TV Canvas\"}]},{\"@type\":\"WebSite\",\"@id\":\"https:\\\/\\\/www.azur-scenic.com\\\/en\\\/#website\",\"url\":\"https:\\\/\\\/www.azur-scenic.com\\\/en\\\/\",\"name\":\"Azur Scenic\",\"description\":\"Sp\u00e9cialiste de l\u2019\u00e9quipement sc\u00e9nique et de la d\u00e9coration int\u00e9rieure et \u00e9v\u00e9nementielle !\",\"publisher\":{\"@id\":\"https:\\\/\\\/www.azur-scenic.com\\\/en\\\/#organization\"},\"potentialAction\":[{\"@type\":\"SearchAction\",\"target\":{\"@type\":\"EntryPoint\",\"urlTemplate\":\"https:\\\/\\\/www.azur-scenic.com\\\/en\\\/?s={search_term_string}\"},\"query-input\":{\"@type\":\"PropertyValueSpecification\",\"valueRequired\":true,\"valueName\":\"search_term_string\"}}],\"inLanguage\":\"en-US\"},{\"@type\":\"Organization\",\"@id\":\"https:\\\/\\\/www.azur-scenic.com\\\/en\\\/#organization\",\"name\":\"AZUR SCENIC\",\"url\":\"https:\\\/\\\/www.azur-scenic.com\\\/en\\\/\",\"logo\":{\"@type\":\"ImageObject\",\"inLanguage\":\"en-US\",\"@id\":\"https:\\\/\\\/www.azur-scenic.com\\\/en\\\/#\\\/schema\\\/logo\\\/image\\\/\",\"url\":\"https:\\\/\\\/www.azur-scenic.com\\\/wp-content\\\/uploads\\\/2022\\\/09\\\/LOGO-AZUR-SCENIC-Fusion-web-236x64-1.jpg\",\"contentUrl\":\"https:\\\/\\\/www.azur-scenic.com\\\/wp-content\\\/uploads\\\/2022\\\/09\\\/LOGO-AZUR-SCENIC-Fusion-web-236x64-1.jpg\",\"width\":236,\"height\":64,\"caption\":\"AZUR SCENIC\"},\"image\":{\"@id\":\"https:\\\/\\\/www.azur-scenic.com\\\/en\\\/#\\\/schema\\\/logo\\\/image\\\/\"},\"sameAs\":[\"https:\\\/\\\/www.youtube.com\\\/channel\\\/UCPWM2mGPVUt4nYhNlm71WOA\",\"https:\\\/\\\/www.linkedin.com\\\/company\\\/33237605\\\/admin\\\/feed\\\/posts\\\/\"]}]}<\/script>\n<!-- \/ Yoast SEO plugin. -->","yoast_head_json":{"title":"Keyed TV Canvas - Azur Scenic","robots":{"index":"index","follow":"follow","max-snippet":"max-snippet:-1","max-image-preview":"max-image-preview:large","max-video-preview":"max-video-preview:-1"},"canonical":"https:\/\/www.azur-scenic.com\/en\/product\/keyed-tv-canvas\/","og_locale":"en_US","og_type":"article","og_title":"Keyed TV Canvas - Azur Scenic","og_description":"The go-to material for keyed video and photography screen cloth, available in 2 Chroma key colours (green and blue). Flame-retardant rated M1, available in several widths allowing you to make the largest backdrops without panel assembly (up to 6 m). This material is ideal for fitting out photo studios and video recording studios with classic \u201cgreen screen\u201d, but it is also multifunctional, as it can be used for making curtains, stage sets and more... 100% Trevira CS, this fabric is washable and can be used both indoors and outdoors.  Width: 520 cm, 620 cm Weight: 200 g\/m\u00b2  Flame-retardant rating: M1\u00a0 B-s1,d0 B1 Composition: 100% Trevira CS","og_url":"https:\/\/www.azur-scenic.com\/en\/product\/keyed-tv-canvas\/","og_site_name":"Azur Scenic","article_modified_time":"2023-08-02T12:57:01+00:00","og_image":[{"width":2560,"height":2560,"url":"https:\/\/www.azur-scenic.com\/wp-content\/uploads\/IMG_E7627-scaled.jpg","type":"image\/jpeg"}],"twitter_card":"summary_large_image","twitter_misc":{"Est. reading time":"1 minute"},"schema":{"@context":"https:\/\/schema.org","@graph":[{"@type":"WebPage","@id":"https:\/\/www.azur-scenic.com\/en\/product\/keyed-tv-canvas\/","url":"https:\/\/www.azur-scenic.com\/en\/product\/keyed-tv-canvas\/","name":"Keyed TV Canvas - Azur Scenic","isPartOf":{"@id":"https:\/\/www.azur-scenic.com\/en\/#website"},"primaryImageOfPage":{"@id":"https:\/\/www.azur-scenic.com\/en\/product\/keyed-tv-canvas\/#primaryimage"},"image":{"@id":"https:\/\/www.azur-scenic.com\/en\/product\/keyed-tv-canvas\/#primaryimage"},"thumbnailUrl":"https:\/\/www.azur-scenic.com\/wp-content\/uploads\/IMG_E7627-scaled.jpg","datePublished":"2022-10-04T07:24:19+00:00","dateModified":"2023-08-02T12:57:01+00:00","breadcrumb":{"@id":"https:\/\/www.azur-scenic.com\/en\/product\/keyed-tv-canvas\/#breadcrumb"},"inLanguage":"en-US","potentialAction":[{"@type":"ReadAction","target":["https:\/\/www.azur-scenic.com\/en\/product\/keyed-tv-canvas\/"]}]},{"@type":"ImageObject","inLanguage":"en-US","@id":"https:\/\/www.azur-scenic.com\/en\/product\/keyed-tv-canvas\/#primaryimage","url":"https:\/\/www.azur-scenic.com\/wp-content\/uploads\/IMG_E7627-scaled.jpg","contentUrl":"https:\/\/www.azur-scenic.com\/wp-content\/uploads\/IMG_E7627-scaled.jpg","width":2560,"height":2560,"caption":"TOILE TV INCRUSTE VERT"},{"@type":"BreadcrumbList","@id":"https:\/\/www.azur-scenic.com\/en\/product\/keyed-tv-canvas\/#breadcrumb","itemListElement":[{"@type":"ListItem","position":1,"name":"Accueil","item":"https:\/\/www.azur-scenic.com\/en\/"},{"@type":"ListItem","position":2,"name":"Produits","item":"https:\/\/www.azur-scenic.com\/en\/?page_id=21438"},{"@type":"ListItem","position":3,"name":"Keyed TV Canvas"}]},{"@type":"WebSite","@id":"https:\/\/www.azur-scenic.com\/en\/#website","url":"https:\/\/www.azur-scenic.com\/en\/","name":"Azur Scenic","description":"Sp\u00e9cialiste de l\u2019\u00e9quipement sc\u00e9nique et de la d\u00e9coration int\u00e9rieure et \u00e9v\u00e9nementielle !","publisher":{"@id":"https:\/\/www.azur-scenic.com\/en\/#organization"},"potentialAction":[{"@type":"SearchAction","target":{"@type":"EntryPoint","urlTemplate":"https:\/\/www.azur-scenic.com\/en\/?s={search_term_string}"},"query-input":{"@type":"PropertyValueSpecification","valueRequired":true,"valueName":"search_term_string"}}],"inLanguage":"en-US"},{"@type":"Organization","@id":"https:\/\/www.azur-scenic.com\/en\/#organization","name":"AZUR SCENIC","url":"https:\/\/www.azur-scenic.com\/en\/","logo":{"@type":"ImageObject","inLanguage":"en-US","@id":"https:\/\/www.azur-scenic.com\/en\/#\/schema\/logo\/image\/","url":"https:\/\/www.azur-scenic.com\/wp-content\/uploads\/2022\/09\/LOGO-AZUR-SCENIC-Fusion-web-236x64-1.jpg","contentUrl":"https:\/\/www.azur-scenic.com\/wp-content\/uploads\/2022\/09\/LOGO-AZUR-SCENIC-Fusion-web-236x64-1.jpg","width":236,"height":64,"caption":"AZUR SCENIC"},"image":{"@id":"https:\/\/www.azur-scenic.com\/en\/#\/schema\/logo\/image\/"},"sameAs":["https:\/\/www.youtube.com\/channel\/UCPWM2mGPVUt4nYhNlm71WOA","https:\/\/www.linkedin.com\/company\/33237605\/admin\/feed\/posts\/"]}]}},"_links":{"self":[{"href":"https:\/\/www.azur-scenic.com\/en\/wp-json\/wp\/v2\/product\/19796","targetHints":{"allow":["GET"]}}],"collection":[{"href":"https:\/\/www.azur-scenic.com\/en\/wp-json\/wp\/v2\/product"}],"about":[{"href":"https:\/\/www.azur-scenic.com\/en\/wp-json\/wp\/v2\/types\/product"}],"wp:featuredmedia":[{"embeddable":true,"href":"https:\/\/www.azur-scenic.com\/en\/wp-json\/wp\/v2\/media\/14289"}],"wp:attachment":[{"href":"https:\/\/www.azur-scenic.com\/en\/wp-json\/wp\/v2\/media?parent=19796"}],"wp:term":[{"taxonomy":"product_brand","embeddable":true,"href":"https:\/\/www.azur-scenic.com\/en\/wp-json\/wp\/v2\/product_brand?post=19796"},{"taxonomy":"product_cat","embeddable":true,"href":"https:\/\/www.azur-scenic.com\/en\/wp-json\/wp\/v2\/product_cat?post=19796"},{"taxonomy":"product_tag","embeddable":true,"href":"https:\/\/www.azur-scenic.com\/en\/wp-json\/wp\/v2\/product_tag?post=19796"}],"curies":[{"name":"wp","href":"https:\/\/api.w.org\/{rel}","templated":true}]}}