{"id":19812,"date":"2022-10-04T07:24:19","date_gmt":"2022-10-04T07:24:19","guid":{"rendered":"https:\/\/www.azur-scenic.com\/produit\/toile-picasso-cs\/"},"modified":"2023-08-02T12:56:59","modified_gmt":"2023-08-02T12:56:59","slug":"picasso-cs-canvas","status":"publish","type":"product","link":"https:\/\/www.azur-scenic.com\/en\/product\/picasso-cs-canvas\/","title":{"rendered":"Picasso CS Canvas"},"content":{"rendered":"<table>\n<thead>\n<tr>\n<th style=\"width: 170px;\">Technical data<\/th>\n<th style=\"width: 128px;\">Value<\/th>\n<th style=\"width: 231px;\">Notes<\/th>\n<\/tr>\n<\/thead>\n<tbody>\n<tr>\n<td style=\"vertical-align: top;\">Width<\/td>\n<td style=\"vertical-align: top; width: 128px;\">320 cm<br \/>\n520 cm<br \/>\n620 cm<\/td>\n<td style=\"vertical-align: top; width: 231px;\">2 additional widths to order<br \/>\n(160 cm and 420 cm), sold in full bales only (30 or 60 m), with additional delivery time<\/td>\n<\/tr>\n<tr>\n<td style=\"vertical-align: top;\">Weight<\/td>\n<td style=\"vertical-align: top; width: 128px;\">200 g\/m\u00b2<\/td>\n<td style=\"vertical-align: top; width: 231px;\">\u00a0<\/td>\n<\/tr>\n<tr>\n<td style=\"vertical-align: top;\">Thickness<\/td>\n<td style=\"vertical-align: top; width: 128px;\">0.3 mm<\/td>\n<td style=\"vertical-align: top; width: 231px;\">\u00a0<\/td>\n<\/tr>\n<tr>\n<td style=\"vertical-align: top;\">Flame-retardant rating<\/td>\n<td style=\"vertical-align: top; width: 128px;\"><img decoding=\"async\" style=\"height: 20px; width: 20px;\" src=\"https:\/\/www.azur-scenic.com\/wp-content\/uploads\/csm_icon-flag-france_3304e5e3f9.png\" \/> M1<br \/>\n<img decoding=\"async\" style=\"height: 20px; width: 20px;\" src=\"https:\/\/www.azur-scenic.com\/wp-content\/uploads\/icon-flag-europe.png\" \/> B-s1,d0<br \/>\n<img decoding=\"async\" style=\"height: 20px; width: 20px;\" src=\"https:\/\/www.azur-scenic.com\/wp-content\/uploads\/icon-flag-allemagne.png\" \/> B1<\/td>\n<td style=\"vertical-align: top; width: 231px;\">Standard: NPF 92-503-507<br \/>\nStandard: EN 13501-1<br \/>\nStandard: DIN 4102<\/td>\n<\/tr>\n<tr>\n<td style=\"vertical-align: top;\">Composition<\/td>\n<td style=\"vertical-align: top; width: 87px;\" colspan=\"2\" rowspan=\"1\">100% Trevira CS<\/td>\n<\/tr>\n<tr>\n<td style=\"vertical-align: top;\">Lengths<\/td>\n<td style=\"vertical-align: top; width: 128px;\">30 m \/ 60 m<br \/>\nCentre-folded bales<\/td>\n<td style=\"vertical-align: top; width: 231px;\">Available to buy cut-to-length for standard colours<\/td>\n<\/tr>\n<tr>\n<td style=\"vertical-align: top;\">Tear resistance<\/td>\n<td style=\"vertical-align: top; width: 128px;\">Warp: 27.7 N<br \/>\nWeft: 23.7 N<\/td>\n<td style=\"vertical-align: top; width: 231px;\">Standard: DIN EN ISO 9073-4<\/td>\n<\/tr>\n<tr>\n<td style=\"vertical-align: top;\">Light fastness<br \/>\nLight colours:<br \/>\nMid-tone colours:<br \/>\nDark colours:<\/td>\n<td style=\"vertical-align: top; width: 128px;\">5<br \/>\n6<br \/>\n5<\/td>\n<td style=\"vertical-align: top; width: 231px;\">Standard: DIN EN ISO 105-B02<\/td>\n<\/tr>\n<tr>\n<td style=\"vertical-align: top;\">Air permeability<\/td>\n<td style=\"vertical-align: top; width: 128px;\">100 Pa: 538 l (m\u00b2s)<br \/>\n200 Pa: 877 l (m\u00b2s)<\/td>\n<td style=\"vertical-align: top; width: 231px;\">Standard: DIN EN ISO 9237<\/td>\n<\/tr>\n<\/tbody>\n<\/table>\n<p>\u00a0<\/p><\/p>\n","protected":false},"excerpt":{"rendered":"<p>A <strong><span style=\"color: #f88523;\">washable Trevira CS version<\/span><\/strong> of our outstanding Picasso Canvas.<\/p>\n<p><strong><span style=\"color: #f88523;\">Paintable screen<\/span><\/strong> with <span style=\"color: #f88523;\"><strong>M1 flame-retardant rating<\/strong><\/span>, available in several widths allowing you to make <span style=\"color: #f88523;\"><strong>the largest backdrops without panel assembly<\/strong><\/span> (up to 6\u00a0m).<\/p>\n<p>This <span style=\"color: #f88523;\"><strong>super-versatile<\/strong><\/span> cloth is perfect for making cycloramas &#8211; a light, easy-to-handle alternative to PVC cycloramas, <span style=\"color: #f88523;\"><strong>reflectors<\/strong><\/span> as an excellent <strong><span style=\"color: #f88523;\">diffuser<\/span><\/strong>, and even for <span style=\"color: #f88523;\"><strong>curtains<\/strong><\/span>, <span style=\"color: #f88523;\"><strong>stage sets<\/strong><\/span>, and more&#8230; In addition to these remarkable qualities as a great base for making painted backdrops, it\u2019s also a perfect surface for <span style=\"color: #f88523;\"><strong>front projection<\/strong><\/span> and <span style=\"color: #f88523;\"><strong>rear projection<\/strong><\/span>.<\/p>\n<p>100% Trevira CS, this fabric can be used both indoors and <strong><span style=\"color: #f88523;\">outdoors<\/span><\/strong>.<\/p>\n<table class=\"table\" style=\"background: #f7f7f7;\">\n<tbody>\n<tr>\n<td><strong>Width<\/strong>: 320 cm, 520 cm, 620 cm<\/td>\n<td><strong>Weight<\/strong>: 200 g\/m\u00b2<\/td>\n<\/tr>\n<tr>\n<td><strong>Flame-retardant rating<\/strong>: <img decoding=\"async\" style=\"height: 20px; width: 20px;\" src=\"https:\/\/www.azur-scenic.com\/wp-content\/uploads\/csm_icon-flag-france_3304e5e3f9.png\" \/> M1\u00a0<img decoding=\"async\" style=\"height: 20px; width: 20px;\" src=\"https:\/\/www.azur-scenic.com\/wp-content\/uploads\/icon-flag-europe.png\" \/> B-s1,d0<br \/>\n<img decoding=\"async\" style=\"height: 20px; width: 20px;\" src=\"https:\/\/www.azur-scenic.com\/wp-content\/uploads\/icon-flag-allemagne.png\" \/> B1<\/td>\n<td style=\"vertical-align: top;\"><strong>Composition<\/strong>: 100% Trevira CS<\/td>\n<\/tr>\n<\/tbody>\n<\/table>\n","protected":false},"featured_media":14897,"template":"","meta":{"_acf_changed":false},"product_brand":[],"product_cat":[898,893,1332,1333],"product_tag":[],"class_list":{"0":"post-19812","1":"product","2":"type-product","3":"status-publish","4":"has-post-thumbnail","6":"product_cat-all-products","7":"product_cat-stage-and-events-material","8":"product_cat-paintable-canvases-keyed-tv-cloths","9":"product_cat-paintable-canvases","10":"pa_couleurs-001-en","11":"pa_couleurs-002-en","12":"pa_couleurs-003-en","13":"pa_couleurs-110-en","14":"pa_groupes-de-couleurs-white","15":"pa_groupes-de-couleurs-off-white","16":"pa_groupes-de-couleurs-greys","17":"pa_groupes-de-couleurs-black","18":"pa_textiles-suitable-for-outdoors-use","19":"pa_textiles-washable","20":"pa_textiles-front-projection","21":"pa_textiles-rear-projection","22":"pa_textiles-trevira-cs","23":"pa_textiles-very-large-width","25":"first","26":"instock","27":"shipping-taxable","28":"purchasable","29":"product-type-variable"},"acf":[],"yoast_head":"<!-- This site is optimized with the Yoast SEO plugin v27.3 - https:\/\/yoast.com\/product\/yoast-seo-wordpress\/ -->\n<title>Picasso CS Canvas - Azur Scenic<\/title>\n<meta name=\"robots\" content=\"index, follow, max-snippet:-1, max-image-preview:large, max-video-preview:-1\" \/>\n<link rel=\"canonical\" href=\"https:\/\/www.azur-scenic.com\/en\/product\/picasso-cs-canvas\/\" \/>\n<meta property=\"og:locale\" content=\"en_US\" \/>\n<meta property=\"og:type\" content=\"article\" \/>\n<meta property=\"og:title\" content=\"Picasso CS Canvas - Azur Scenic\" \/>\n<meta property=\"og:description\" content=\"A washable Trevira CS version of our outstanding Picasso Canvas. Paintable screen with M1 flame-retardant rating, available in several widths allowing you to make the largest backdrops without panel assembly (up to 6\u00a0m). This super-versatile cloth is perfect for making cycloramas - a light, easy-to-handle alternative to PVC cycloramas, reflectors as an excellent diffuser, and even for curtains, stage sets, and more... In addition to these remarkable qualities as a great base for making painted backdrops, it\u2019s also a perfect surface for front projection and rear projection. 100% Trevira CS, this fabric can be used both indoors and outdoors.  Width: 320 cm, 520 cm, 620 cm Weight: 200 g\/m\u00b2  Flame-retardant rating: M1\u00a0 B-s1,d0 B1 Composition: 100% Trevira CS\" \/>\n<meta property=\"og:url\" content=\"https:\/\/www.azur-scenic.com\/en\/product\/picasso-cs-canvas\/\" \/>\n<meta property=\"og:site_name\" content=\"Azur Scenic\" \/>\n<meta property=\"article:modified_time\" content=\"2023-08-02T12:56:59+00:00\" \/>\n<meta property=\"og:image\" content=\"https:\/\/www.azur-scenic.com\/wp-content\/uploads\/PICASSO-CS-BLANC--scaled.jpg\" \/>\n\t<meta property=\"og:image:width\" content=\"2560\" \/>\n\t<meta property=\"og:image:height\" content=\"2560\" \/>\n\t<meta property=\"og:image:type\" content=\"image\/jpeg\" \/>\n<meta name=\"twitter:card\" content=\"summary_large_image\" \/>\n<script type=\"application\/ld+json\" class=\"yoast-schema-graph\">{\"@context\":\"https:\\\/\\\/schema.org\",\"@graph\":[{\"@type\":\"WebPage\",\"@id\":\"https:\\\/\\\/www.azur-scenic.com\\\/en\\\/product\\\/picasso-cs-canvas\\\/\",\"url\":\"https:\\\/\\\/www.azur-scenic.com\\\/en\\\/product\\\/picasso-cs-canvas\\\/\",\"name\":\"Picasso CS Canvas - Azur Scenic\",\"isPartOf\":{\"@id\":\"https:\\\/\\\/www.azur-scenic.com\\\/en\\\/#website\"},\"primaryImageOfPage\":{\"@id\":\"https:\\\/\\\/www.azur-scenic.com\\\/en\\\/product\\\/picasso-cs-canvas\\\/#primaryimage\"},\"image\":{\"@id\":\"https:\\\/\\\/www.azur-scenic.com\\\/en\\\/product\\\/picasso-cs-canvas\\\/#primaryimage\"},\"thumbnailUrl\":\"https:\\\/\\\/www.azur-scenic.com\\\/wp-content\\\/uploads\\\/PICASSO-CS-BLANC--scaled.jpg\",\"datePublished\":\"2022-10-04T07:24:19+00:00\",\"dateModified\":\"2023-08-02T12:56:59+00:00\",\"breadcrumb\":{\"@id\":\"https:\\\/\\\/www.azur-scenic.com\\\/en\\\/product\\\/picasso-cs-canvas\\\/#breadcrumb\"},\"inLanguage\":\"en-US\",\"potentialAction\":[{\"@type\":\"ReadAction\",\"target\":[\"https:\\\/\\\/www.azur-scenic.com\\\/en\\\/product\\\/picasso-cs-canvas\\\/\"]}]},{\"@type\":\"ImageObject\",\"inLanguage\":\"en-US\",\"@id\":\"https:\\\/\\\/www.azur-scenic.com\\\/en\\\/product\\\/picasso-cs-canvas\\\/#primaryimage\",\"url\":\"https:\\\/\\\/www.azur-scenic.com\\\/wp-content\\\/uploads\\\/PICASSO-CS-BLANC--scaled.jpg\",\"contentUrl\":\"https:\\\/\\\/www.azur-scenic.com\\\/wp-content\\\/uploads\\\/PICASSO-CS-BLANC--scaled.jpg\",\"width\":2560,\"height\":2560,\"caption\":\"PICASSO CS BLANC\"},{\"@type\":\"BreadcrumbList\",\"@id\":\"https:\\\/\\\/www.azur-scenic.com\\\/en\\\/product\\\/picasso-cs-canvas\\\/#breadcrumb\",\"itemListElement\":[{\"@type\":\"ListItem\",\"position\":1,\"name\":\"Accueil\",\"item\":\"https:\\\/\\\/www.azur-scenic.com\\\/en\\\/\"},{\"@type\":\"ListItem\",\"position\":2,\"name\":\"Produits\",\"item\":\"https:\\\/\\\/www.azur-scenic.com\\\/en\\\/?page_id=21438\"},{\"@type\":\"ListItem\",\"position\":3,\"name\":\"Picasso CS Canvas\"}]},{\"@type\":\"WebSite\",\"@id\":\"https:\\\/\\\/www.azur-scenic.com\\\/en\\\/#website\",\"url\":\"https:\\\/\\\/www.azur-scenic.com\\\/en\\\/\",\"name\":\"Azur Scenic\",\"description\":\"Sp\u00e9cialiste de l\u2019\u00e9quipement sc\u00e9nique et de la d\u00e9coration int\u00e9rieure et \u00e9v\u00e9nementielle !\",\"publisher\":{\"@id\":\"https:\\\/\\\/www.azur-scenic.com\\\/en\\\/#organization\"},\"potentialAction\":[{\"@type\":\"SearchAction\",\"target\":{\"@type\":\"EntryPoint\",\"urlTemplate\":\"https:\\\/\\\/www.azur-scenic.com\\\/en\\\/?s={search_term_string}\"},\"query-input\":{\"@type\":\"PropertyValueSpecification\",\"valueRequired\":true,\"valueName\":\"search_term_string\"}}],\"inLanguage\":\"en-US\"},{\"@type\":\"Organization\",\"@id\":\"https:\\\/\\\/www.azur-scenic.com\\\/en\\\/#organization\",\"name\":\"AZUR SCENIC\",\"url\":\"https:\\\/\\\/www.azur-scenic.com\\\/en\\\/\",\"logo\":{\"@type\":\"ImageObject\",\"inLanguage\":\"en-US\",\"@id\":\"https:\\\/\\\/www.azur-scenic.com\\\/en\\\/#\\\/schema\\\/logo\\\/image\\\/\",\"url\":\"https:\\\/\\\/www.azur-scenic.com\\\/wp-content\\\/uploads\\\/2022\\\/09\\\/LOGO-AZUR-SCENIC-Fusion-web-236x64-1.jpg\",\"contentUrl\":\"https:\\\/\\\/www.azur-scenic.com\\\/wp-content\\\/uploads\\\/2022\\\/09\\\/LOGO-AZUR-SCENIC-Fusion-web-236x64-1.jpg\",\"width\":236,\"height\":64,\"caption\":\"AZUR SCENIC\"},\"image\":{\"@id\":\"https:\\\/\\\/www.azur-scenic.com\\\/en\\\/#\\\/schema\\\/logo\\\/image\\\/\"},\"sameAs\":[\"https:\\\/\\\/www.youtube.com\\\/channel\\\/UCPWM2mGPVUt4nYhNlm71WOA\",\"https:\\\/\\\/www.linkedin.com\\\/company\\\/33237605\\\/admin\\\/feed\\\/posts\\\/\"]}]}<\/script>\n<!-- \/ Yoast SEO plugin. -->","yoast_head_json":{"title":"Picasso CS Canvas - Azur Scenic","robots":{"index":"index","follow":"follow","max-snippet":"max-snippet:-1","max-image-preview":"max-image-preview:large","max-video-preview":"max-video-preview:-1"},"canonical":"https:\/\/www.azur-scenic.com\/en\/product\/picasso-cs-canvas\/","og_locale":"en_US","og_type":"article","og_title":"Picasso CS Canvas - Azur Scenic","og_description":"A washable Trevira CS version of our outstanding Picasso Canvas. Paintable screen with M1 flame-retardant rating, available in several widths allowing you to make the largest backdrops without panel assembly (up to 6\u00a0m). This super-versatile cloth is perfect for making cycloramas - a light, easy-to-handle alternative to PVC cycloramas, reflectors as an excellent diffuser, and even for curtains, stage sets, and more... In addition to these remarkable qualities as a great base for making painted backdrops, it\u2019s also a perfect surface for front projection and rear projection. 100% Trevira CS, this fabric can be used both indoors and outdoors.  Width: 320 cm, 520 cm, 620 cm Weight: 200 g\/m\u00b2  Flame-retardant rating: M1\u00a0 B-s1,d0 B1 Composition: 100% Trevira CS","og_url":"https:\/\/www.azur-scenic.com\/en\/product\/picasso-cs-canvas\/","og_site_name":"Azur Scenic","article_modified_time":"2023-08-02T12:56:59+00:00","og_image":[{"width":2560,"height":2560,"url":"https:\/\/www.azur-scenic.com\/wp-content\/uploads\/PICASSO-CS-BLANC--scaled.jpg","type":"image\/jpeg"}],"twitter_card":"summary_large_image","schema":{"@context":"https:\/\/schema.org","@graph":[{"@type":"WebPage","@id":"https:\/\/www.azur-scenic.com\/en\/product\/picasso-cs-canvas\/","url":"https:\/\/www.azur-scenic.com\/en\/product\/picasso-cs-canvas\/","name":"Picasso CS Canvas - Azur Scenic","isPartOf":{"@id":"https:\/\/www.azur-scenic.com\/en\/#website"},"primaryImageOfPage":{"@id":"https:\/\/www.azur-scenic.com\/en\/product\/picasso-cs-canvas\/#primaryimage"},"image":{"@id":"https:\/\/www.azur-scenic.com\/en\/product\/picasso-cs-canvas\/#primaryimage"},"thumbnailUrl":"https:\/\/www.azur-scenic.com\/wp-content\/uploads\/PICASSO-CS-BLANC--scaled.jpg","datePublished":"2022-10-04T07:24:19+00:00","dateModified":"2023-08-02T12:56:59+00:00","breadcrumb":{"@id":"https:\/\/www.azur-scenic.com\/en\/product\/picasso-cs-canvas\/#breadcrumb"},"inLanguage":"en-US","potentialAction":[{"@type":"ReadAction","target":["https:\/\/www.azur-scenic.com\/en\/product\/picasso-cs-canvas\/"]}]},{"@type":"ImageObject","inLanguage":"en-US","@id":"https:\/\/www.azur-scenic.com\/en\/product\/picasso-cs-canvas\/#primaryimage","url":"https:\/\/www.azur-scenic.com\/wp-content\/uploads\/PICASSO-CS-BLANC--scaled.jpg","contentUrl":"https:\/\/www.azur-scenic.com\/wp-content\/uploads\/PICASSO-CS-BLANC--scaled.jpg","width":2560,"height":2560,"caption":"PICASSO CS BLANC"},{"@type":"BreadcrumbList","@id":"https:\/\/www.azur-scenic.com\/en\/product\/picasso-cs-canvas\/#breadcrumb","itemListElement":[{"@type":"ListItem","position":1,"name":"Accueil","item":"https:\/\/www.azur-scenic.com\/en\/"},{"@type":"ListItem","position":2,"name":"Produits","item":"https:\/\/www.azur-scenic.com\/en\/?page_id=21438"},{"@type":"ListItem","position":3,"name":"Picasso CS Canvas"}]},{"@type":"WebSite","@id":"https:\/\/www.azur-scenic.com\/en\/#website","url":"https:\/\/www.azur-scenic.com\/en\/","name":"Azur Scenic","description":"Sp\u00e9cialiste de l\u2019\u00e9quipement sc\u00e9nique et de la d\u00e9coration int\u00e9rieure et \u00e9v\u00e9nementielle !","publisher":{"@id":"https:\/\/www.azur-scenic.com\/en\/#organization"},"potentialAction":[{"@type":"SearchAction","target":{"@type":"EntryPoint","urlTemplate":"https:\/\/www.azur-scenic.com\/en\/?s={search_term_string}"},"query-input":{"@type":"PropertyValueSpecification","valueRequired":true,"valueName":"search_term_string"}}],"inLanguage":"en-US"},{"@type":"Organization","@id":"https:\/\/www.azur-scenic.com\/en\/#organization","name":"AZUR SCENIC","url":"https:\/\/www.azur-scenic.com\/en\/","logo":{"@type":"ImageObject","inLanguage":"en-US","@id":"https:\/\/www.azur-scenic.com\/en\/#\/schema\/logo\/image\/","url":"https:\/\/www.azur-scenic.com\/wp-content\/uploads\/2022\/09\/LOGO-AZUR-SCENIC-Fusion-web-236x64-1.jpg","contentUrl":"https:\/\/www.azur-scenic.com\/wp-content\/uploads\/2022\/09\/LOGO-AZUR-SCENIC-Fusion-web-236x64-1.jpg","width":236,"height":64,"caption":"AZUR SCENIC"},"image":{"@id":"https:\/\/www.azur-scenic.com\/en\/#\/schema\/logo\/image\/"},"sameAs":["https:\/\/www.youtube.com\/channel\/UCPWM2mGPVUt4nYhNlm71WOA","https:\/\/www.linkedin.com\/company\/33237605\/admin\/feed\/posts\/"]}]}},"_links":{"self":[{"href":"https:\/\/www.azur-scenic.com\/en\/wp-json\/wp\/v2\/product\/19812","targetHints":{"allow":["GET"]}}],"collection":[{"href":"https:\/\/www.azur-scenic.com\/en\/wp-json\/wp\/v2\/product"}],"about":[{"href":"https:\/\/www.azur-scenic.com\/en\/wp-json\/wp\/v2\/types\/product"}],"wp:featuredmedia":[{"embeddable":true,"href":"https:\/\/www.azur-scenic.com\/en\/wp-json\/wp\/v2\/media\/14897"}],"wp:attachment":[{"href":"https:\/\/www.azur-scenic.com\/en\/wp-json\/wp\/v2\/media?parent=19812"}],"wp:term":[{"taxonomy":"product_brand","embeddable":true,"href":"https:\/\/www.azur-scenic.com\/en\/wp-json\/wp\/v2\/product_brand?post=19812"},{"taxonomy":"product_cat","embeddable":true,"href":"https:\/\/www.azur-scenic.com\/en\/wp-json\/wp\/v2\/product_cat?post=19812"},{"taxonomy":"product_tag","embeddable":true,"href":"https:\/\/www.azur-scenic.com\/en\/wp-json\/wp\/v2\/product_tag?post=19812"}],"curies":[{"name":"wp","href":"https:\/\/api.w.org\/{rel}","templated":true}]}}