{"id":19865,"date":"2022-10-04T07:24:11","date_gmt":"2022-10-04T07:24:11","guid":{"rendered":"https:\/\/www.azur-scenic.com\/produit\/rideaux-fils-sur-mesure\/"},"modified":"2023-08-02T12:57:21","modified_gmt":"2023-08-02T12:57:21","slug":"string-curtains-made-to-measure","status":"publish","type":"product","link":"https:\/\/www.azur-scenic.com\/en\/product\/string-curtains-made-to-measure\/","title":{"rendered":"String curtains made-to-measure"},"content":{"rendered":"<table>\n<thead>\n<tr>\n<th style=\"width: 170px;\">Technical data<\/th>\n<th>Value<\/th>\n<th>Notes<\/th>\n<\/tr>\n<\/thead>\n<tbody>\n<tr>\n<td style=\"vertical-align: top;\">Weight<\/td>\n<td style=\"vertical-align: top;\">\u00b1 450 g\/m\u00b2<\/td>\n<td style=\"vertical-align: top;\">\u00a0<\/td>\n<\/tr>\n<tr>\n<td style=\"vertical-align: top;\">\u00d8 strands<\/td>\n<td style=\"vertical-align: top;\">\u00b1 0.8 mm<\/td>\n<td style=\"vertical-align: top;\">\u00a0<\/td>\n<\/tr>\n<tr>\n<td style=\"vertical-align: top;\">Flame-retardant rating<\/td>\n<td style=\"vertical-align: top;\">Intrinsically flame-retardant<br \/>\n(Trevira CS)<\/td>\n<td style=\"vertical-align: top;\">Issue of a Trevira CS flame-retardant certificate<br \/>\nNo M1 report for this product<\/td>\n<\/tr>\n<tr>\n<td style=\"vertical-align: top;\">Composition<\/td>\n<td style=\"vertical-align: top;\" colspan=\"2\" rowspan=\"1\">Strands: Tricotine 100% Trevira CS<br \/>\nHanger: 100% flame-retardant treated cotton<\/td>\n<\/tr>\n<tr>\n<td style=\"vertical-align: top;\">Dimensions<\/td>\n<td style=\"vertical-align: top;\">Made-to-measure<\/td>\n<td style=\"vertical-align: top;\">Width, height and finish to order<\/td>\n<\/tr>\n<\/tbody>\n<\/table>\n<p>\u00a0<\/p><\/p>\n","protected":false},"excerpt":{"rendered":"<p>Essential products for all your <strong><span style=\"color: #f88523;\">events decorations<\/span><\/strong>, <span style=\"color: #f88523;\"><strong>stage sets<\/strong><\/span> and <span style=\"color: #f88523;\"><strong>interior design<\/strong><\/span> requirements for many years running, our <strong><span style=\"color: #f88523;\">Trevira CS flame-retardant<\/span><\/strong> string curtains at perfectly suited to a range of uses.<br \/>\nThe transparency of these stylish curtains lets you <strong><span style=\"color: #f88523;\">break up a space<\/span><\/strong> without losing the <span style=\"color: #f88523;\"><strong>light<\/strong><\/span>, or create a wall to show off breathtaking <strong><span style=\"color: #f88523;\">lighting effects<\/span><\/strong>, and it can even be used as a <span style=\"color: #f88523;\"><strong>creative surface for projections<\/strong><\/span>.<br \/>\nAvailable entirely <strong><span style=\"color: #f88523;\">made-to-measure<\/span><\/strong> according to your choice of width, height and finish, our string curtains are perfect for all your projects!<\/p>\n<table class=\"table\" style=\"background: #f7f7f7;\">\n<tbody>\n<tr>\n<td><strong>Dimensions<\/strong>: to-measure<\/td>\n<td><strong>Weight<\/strong>: \u00b1 450 g\/m\u00b2<\/td>\n<\/tr>\n<tr>\n<td style=\"vertical-align: top;\"><strong>Flame-retardant rating<\/strong>:<br \/>\nIntrinsically flame-retardant (Trevira CS)<\/td>\n<td style=\"vertical-align: top;\"><strong>Composition<\/strong>:<br \/>\nStrands: Tricotine 100% Trevira CS<br \/>\nHanger: 100% flame-retardant treated cotton<\/td>\n<\/tr>\n<\/tbody>\n<\/table>\n","protected":false},"featured_media":15966,"template":"","meta":{"_acf_changed":false},"product_brand":[],"product_cat":[898,893,981,1556],"product_tag":[],"class_list":{"0":"post-19865","1":"product","2":"type-product","3":"status-publish","4":"has-post-thumbnail","6":"product_cat-all-products","7":"product_cat-stage-and-events-material","8":"product_cat-decorative-fabrics","9":"product_cat-string-curtains-non-woven-materials","10":"pa_couleurs-002-en","11":"pa_couleurs-003-en","12":"pa_groupes-de-couleurs-white","13":"pa_groupes-de-couleurs-black","14":"pa_techniques-made-to-measure","15":"pa_textiles-flame-retardant-rated","16":"pa_textiles-special-effects","17":"pa_textiles-front-projection","18":"pa_textiles-rear-projection","19":"pa_textiles-trevira-cs","21":"first","22":"instock","23":"shipping-taxable","24":"purchasable","25":"product-type-variable"},"acf":[],"yoast_head":"<!-- This site is optimized with the Yoast SEO plugin v27.3 - https:\/\/yoast.com\/product\/yoast-seo-wordpress\/ -->\n<title>String curtains made-to-measure - Azur Scenic<\/title>\n<meta name=\"robots\" content=\"index, follow, max-snippet:-1, max-image-preview:large, max-video-preview:-1\" \/>\n<link rel=\"canonical\" href=\"https:\/\/www.azur-scenic.com\/en\/product\/string-curtains-made-to-measure\/\" \/>\n<meta property=\"og:locale\" content=\"en_US\" \/>\n<meta property=\"og:type\" content=\"article\" \/>\n<meta property=\"og:title\" content=\"String curtains made-to-measure - Azur Scenic\" \/>\n<meta property=\"og:description\" content=\"Essential products for all your events decorations, stage sets and interior design requirements for many years running, our Trevira CS flame-retardant string curtains at perfectly suited to a range of uses. The transparency of these stylish curtains lets you break up a space without losing the light, or create a wall to show off breathtaking lighting effects, and it can even be used as a creative surface for projections. Available entirely made-to-measure according to your choice of width, height and finish, our string curtains are perfect for all your projects!  Dimensions: to-measure Weight: \u00b1 450 g\/m\u00b2  Flame-retardant rating: Intrinsically flame-retardant (Trevira CS) Composition: Strands: Tricotine 100% Trevira CS Hanger: 100% flame-retardant treated cotton\" \/>\n<meta property=\"og:url\" content=\"https:\/\/www.azur-scenic.com\/en\/product\/string-curtains-made-to-measure\/\" \/>\n<meta property=\"og:site_name\" content=\"Azur Scenic\" \/>\n<meta property=\"article:modified_time\" content=\"2023-08-02T12:57:21+00:00\" \/>\n<meta property=\"og:image\" content=\"https:\/\/www.azur-scenic.com\/wp-content\/uploads\/RIDEAUX-SUR-FILS-NOIR-1024x1024.jpg\" \/>\n\t<meta property=\"og:image:width\" content=\"1024\" \/>\n\t<meta property=\"og:image:height\" content=\"1024\" \/>\n\t<meta property=\"og:image:type\" content=\"image\/jpeg\" \/>\n<meta name=\"twitter:card\" content=\"summary_large_image\" \/>\n<script type=\"application\/ld+json\" class=\"yoast-schema-graph\">{\"@context\":\"https:\\\/\\\/schema.org\",\"@graph\":[{\"@type\":\"WebPage\",\"@id\":\"https:\\\/\\\/www.azur-scenic.com\\\/en\\\/product\\\/string-curtains-made-to-measure\\\/\",\"url\":\"https:\\\/\\\/www.azur-scenic.com\\\/en\\\/product\\\/string-curtains-made-to-measure\\\/\",\"name\":\"String curtains made-to-measure - Azur Scenic\",\"isPartOf\":{\"@id\":\"https:\\\/\\\/www.azur-scenic.com\\\/en\\\/#website\"},\"primaryImageOfPage\":{\"@id\":\"https:\\\/\\\/www.azur-scenic.com\\\/en\\\/product\\\/string-curtains-made-to-measure\\\/#primaryimage\"},\"image\":{\"@id\":\"https:\\\/\\\/www.azur-scenic.com\\\/en\\\/product\\\/string-curtains-made-to-measure\\\/#primaryimage\"},\"thumbnailUrl\":\"https:\\\/\\\/www.azur-scenic.com\\\/wp-content\\\/uploads\\\/RIDEAUX-SUR-FILS-NOIR.jpg\",\"datePublished\":\"2022-10-04T07:24:11+00:00\",\"dateModified\":\"2023-08-02T12:57:21+00:00\",\"breadcrumb\":{\"@id\":\"https:\\\/\\\/www.azur-scenic.com\\\/en\\\/product\\\/string-curtains-made-to-measure\\\/#breadcrumb\"},\"inLanguage\":\"en-US\",\"potentialAction\":[{\"@type\":\"ReadAction\",\"target\":[\"https:\\\/\\\/www.azur-scenic.com\\\/en\\\/product\\\/string-curtains-made-to-measure\\\/\"]}]},{\"@type\":\"ImageObject\",\"inLanguage\":\"en-US\",\"@id\":\"https:\\\/\\\/www.azur-scenic.com\\\/en\\\/product\\\/string-curtains-made-to-measure\\\/#primaryimage\",\"url\":\"https:\\\/\\\/www.azur-scenic.com\\\/wp-content\\\/uploads\\\/RIDEAUX-SUR-FILS-NOIR.jpg\",\"contentUrl\":\"https:\\\/\\\/www.azur-scenic.com\\\/wp-content\\\/uploads\\\/RIDEAUX-SUR-FILS-NOIR.jpg\",\"width\":2491,\"height\":2491,\"caption\":\"RIDEAUX SUR FILS NOIR\"},{\"@type\":\"BreadcrumbList\",\"@id\":\"https:\\\/\\\/www.azur-scenic.com\\\/en\\\/product\\\/string-curtains-made-to-measure\\\/#breadcrumb\",\"itemListElement\":[{\"@type\":\"ListItem\",\"position\":1,\"name\":\"Accueil\",\"item\":\"https:\\\/\\\/www.azur-scenic.com\\\/en\\\/\"},{\"@type\":\"ListItem\",\"position\":2,\"name\":\"Produits\",\"item\":\"https:\\\/\\\/www.azur-scenic.com\\\/en\\\/?page_id=21438\"},{\"@type\":\"ListItem\",\"position\":3,\"name\":\"String curtains made-to-measure\"}]},{\"@type\":\"WebSite\",\"@id\":\"https:\\\/\\\/www.azur-scenic.com\\\/en\\\/#website\",\"url\":\"https:\\\/\\\/www.azur-scenic.com\\\/en\\\/\",\"name\":\"Azur Scenic\",\"description\":\"Sp\u00e9cialiste de l\u2019\u00e9quipement sc\u00e9nique et de la d\u00e9coration int\u00e9rieure et \u00e9v\u00e9nementielle !\",\"publisher\":{\"@id\":\"https:\\\/\\\/www.azur-scenic.com\\\/en\\\/#organization\"},\"potentialAction\":[{\"@type\":\"SearchAction\",\"target\":{\"@type\":\"EntryPoint\",\"urlTemplate\":\"https:\\\/\\\/www.azur-scenic.com\\\/en\\\/?s={search_term_string}\"},\"query-input\":{\"@type\":\"PropertyValueSpecification\",\"valueRequired\":true,\"valueName\":\"search_term_string\"}}],\"inLanguage\":\"en-US\"},{\"@type\":\"Organization\",\"@id\":\"https:\\\/\\\/www.azur-scenic.com\\\/en\\\/#organization\",\"name\":\"AZUR SCENIC\",\"url\":\"https:\\\/\\\/www.azur-scenic.com\\\/en\\\/\",\"logo\":{\"@type\":\"ImageObject\",\"inLanguage\":\"en-US\",\"@id\":\"https:\\\/\\\/www.azur-scenic.com\\\/en\\\/#\\\/schema\\\/logo\\\/image\\\/\",\"url\":\"https:\\\/\\\/www.azur-scenic.com\\\/wp-content\\\/uploads\\\/2022\\\/09\\\/LOGO-AZUR-SCENIC-Fusion-web-236x64-1.jpg\",\"contentUrl\":\"https:\\\/\\\/www.azur-scenic.com\\\/wp-content\\\/uploads\\\/2022\\\/09\\\/LOGO-AZUR-SCENIC-Fusion-web-236x64-1.jpg\",\"width\":236,\"height\":64,\"caption\":\"AZUR SCENIC\"},\"image\":{\"@id\":\"https:\\\/\\\/www.azur-scenic.com\\\/en\\\/#\\\/schema\\\/logo\\\/image\\\/\"},\"sameAs\":[\"https:\\\/\\\/www.youtube.com\\\/channel\\\/UCPWM2mGPVUt4nYhNlm71WOA\",\"https:\\\/\\\/www.linkedin.com\\\/company\\\/33237605\\\/admin\\\/feed\\\/posts\\\/\"]}]}<\/script>\n<!-- \/ Yoast SEO plugin. -->","yoast_head_json":{"title":"String curtains made-to-measure - Azur Scenic","robots":{"index":"index","follow":"follow","max-snippet":"max-snippet:-1","max-image-preview":"max-image-preview:large","max-video-preview":"max-video-preview:-1"},"canonical":"https:\/\/www.azur-scenic.com\/en\/product\/string-curtains-made-to-measure\/","og_locale":"en_US","og_type":"article","og_title":"String curtains made-to-measure - Azur Scenic","og_description":"Essential products for all your events decorations, stage sets and interior design requirements for many years running, our Trevira CS flame-retardant string curtains at perfectly suited to a range of uses. The transparency of these stylish curtains lets you break up a space without losing the light, or create a wall to show off breathtaking lighting effects, and it can even be used as a creative surface for projections. Available entirely made-to-measure according to your choice of width, height and finish, our string curtains are perfect for all your projects!  Dimensions: to-measure Weight: \u00b1 450 g\/m\u00b2  Flame-retardant rating: Intrinsically flame-retardant (Trevira CS) Composition: Strands: Tricotine 100% Trevira CS Hanger: 100% flame-retardant treated cotton","og_url":"https:\/\/www.azur-scenic.com\/en\/product\/string-curtains-made-to-measure\/","og_site_name":"Azur Scenic","article_modified_time":"2023-08-02T12:57:21+00:00","og_image":[{"width":1024,"height":1024,"url":"https:\/\/www.azur-scenic.com\/wp-content\/uploads\/RIDEAUX-SUR-FILS-NOIR-1024x1024.jpg","type":"image\/jpeg"}],"twitter_card":"summary_large_image","schema":{"@context":"https:\/\/schema.org","@graph":[{"@type":"WebPage","@id":"https:\/\/www.azur-scenic.com\/en\/product\/string-curtains-made-to-measure\/","url":"https:\/\/www.azur-scenic.com\/en\/product\/string-curtains-made-to-measure\/","name":"String curtains made-to-measure - Azur Scenic","isPartOf":{"@id":"https:\/\/www.azur-scenic.com\/en\/#website"},"primaryImageOfPage":{"@id":"https:\/\/www.azur-scenic.com\/en\/product\/string-curtains-made-to-measure\/#primaryimage"},"image":{"@id":"https:\/\/www.azur-scenic.com\/en\/product\/string-curtains-made-to-measure\/#primaryimage"},"thumbnailUrl":"https:\/\/www.azur-scenic.com\/wp-content\/uploads\/RIDEAUX-SUR-FILS-NOIR.jpg","datePublished":"2022-10-04T07:24:11+00:00","dateModified":"2023-08-02T12:57:21+00:00","breadcrumb":{"@id":"https:\/\/www.azur-scenic.com\/en\/product\/string-curtains-made-to-measure\/#breadcrumb"},"inLanguage":"en-US","potentialAction":[{"@type":"ReadAction","target":["https:\/\/www.azur-scenic.com\/en\/product\/string-curtains-made-to-measure\/"]}]},{"@type":"ImageObject","inLanguage":"en-US","@id":"https:\/\/www.azur-scenic.com\/en\/product\/string-curtains-made-to-measure\/#primaryimage","url":"https:\/\/www.azur-scenic.com\/wp-content\/uploads\/RIDEAUX-SUR-FILS-NOIR.jpg","contentUrl":"https:\/\/www.azur-scenic.com\/wp-content\/uploads\/RIDEAUX-SUR-FILS-NOIR.jpg","width":2491,"height":2491,"caption":"RIDEAUX SUR FILS NOIR"},{"@type":"BreadcrumbList","@id":"https:\/\/www.azur-scenic.com\/en\/product\/string-curtains-made-to-measure\/#breadcrumb","itemListElement":[{"@type":"ListItem","position":1,"name":"Accueil","item":"https:\/\/www.azur-scenic.com\/en\/"},{"@type":"ListItem","position":2,"name":"Produits","item":"https:\/\/www.azur-scenic.com\/en\/?page_id=21438"},{"@type":"ListItem","position":3,"name":"String curtains made-to-measure"}]},{"@type":"WebSite","@id":"https:\/\/www.azur-scenic.com\/en\/#website","url":"https:\/\/www.azur-scenic.com\/en\/","name":"Azur Scenic","description":"Sp\u00e9cialiste de l\u2019\u00e9quipement sc\u00e9nique et de la d\u00e9coration int\u00e9rieure et \u00e9v\u00e9nementielle !","publisher":{"@id":"https:\/\/www.azur-scenic.com\/en\/#organization"},"potentialAction":[{"@type":"SearchAction","target":{"@type":"EntryPoint","urlTemplate":"https:\/\/www.azur-scenic.com\/en\/?s={search_term_string}"},"query-input":{"@type":"PropertyValueSpecification","valueRequired":true,"valueName":"search_term_string"}}],"inLanguage":"en-US"},{"@type":"Organization","@id":"https:\/\/www.azur-scenic.com\/en\/#organization","name":"AZUR SCENIC","url":"https:\/\/www.azur-scenic.com\/en\/","logo":{"@type":"ImageObject","inLanguage":"en-US","@id":"https:\/\/www.azur-scenic.com\/en\/#\/schema\/logo\/image\/","url":"https:\/\/www.azur-scenic.com\/wp-content\/uploads\/2022\/09\/LOGO-AZUR-SCENIC-Fusion-web-236x64-1.jpg","contentUrl":"https:\/\/www.azur-scenic.com\/wp-content\/uploads\/2022\/09\/LOGO-AZUR-SCENIC-Fusion-web-236x64-1.jpg","width":236,"height":64,"caption":"AZUR SCENIC"},"image":{"@id":"https:\/\/www.azur-scenic.com\/en\/#\/schema\/logo\/image\/"},"sameAs":["https:\/\/www.youtube.com\/channel\/UCPWM2mGPVUt4nYhNlm71WOA","https:\/\/www.linkedin.com\/company\/33237605\/admin\/feed\/posts\/"]}]}},"_links":{"self":[{"href":"https:\/\/www.azur-scenic.com\/en\/wp-json\/wp\/v2\/product\/19865","targetHints":{"allow":["GET"]}}],"collection":[{"href":"https:\/\/www.azur-scenic.com\/en\/wp-json\/wp\/v2\/product"}],"about":[{"href":"https:\/\/www.azur-scenic.com\/en\/wp-json\/wp\/v2\/types\/product"}],"wp:featuredmedia":[{"embeddable":true,"href":"https:\/\/www.azur-scenic.com\/en\/wp-json\/wp\/v2\/media\/15966"}],"wp:attachment":[{"href":"https:\/\/www.azur-scenic.com\/en\/wp-json\/wp\/v2\/media?parent=19865"}],"wp:term":[{"taxonomy":"product_brand","embeddable":true,"href":"https:\/\/www.azur-scenic.com\/en\/wp-json\/wp\/v2\/product_brand?post=19865"},{"taxonomy":"product_cat","embeddable":true,"href":"https:\/\/www.azur-scenic.com\/en\/wp-json\/wp\/v2\/product_cat?post=19865"},{"taxonomy":"product_tag","embeddable":true,"href":"https:\/\/www.azur-scenic.com\/en\/wp-json\/wp\/v2\/product_tag?post=19865"}],"curies":[{"name":"wp","href":"https:\/\/api.w.org\/{rel}","templated":true}]}}