{"id":19895,"date":"2022-10-04T07:24:05","date_gmt":"2022-10-04T07:24:05","guid":{"rendered":"https:\/\/www.azur-scenic.com\/produit\/drop-paper\/"},"modified":"2023-08-02T12:57:24","modified_gmt":"2023-08-02T12:57:24","slug":"drop-paper","status":"publish","type":"product","link":"https:\/\/www.azur-scenic.com\/en\/product\/drop-paper\/","title":{"rendered":"Drop Paper"},"content":{"rendered":"<table>\n<thead>\n<tr>\n<th style=\"width: 170px;\">Technical data<\/th>\n<th style=\"width: 76px;\">Value<\/th>\n<th style=\"width: 169px;\">Notes<\/th>\n<\/tr>\n<\/thead>\n<tbody>\n<tr>\n<td style=\"vertical-align: top;\">Width<\/td>\n<td style=\"vertical-align: top; width: 76px;\">240 cm<\/td>\n<td style=\"vertical-align: top; width: 169px;\">\u00a0<\/td>\n<\/tr>\n<tr>\n<td style=\"vertical-align: top;\">Weight<\/td>\n<td style=\"vertical-align: top; width: 76px;\">60 g\/m\u00b2<\/td>\n<td style=\"vertical-align: top; width: 169px;\">\u00a0<\/td>\n<\/tr>\n<tr>\n<td style=\"vertical-align: top;\">Thickness<\/td>\n<td style=\"vertical-align: top; width: 76px;\">0.2 mm<\/td>\n<td style=\"vertical-align: top; width: 169px;\">\u00a0<\/td>\n<\/tr>\n<tr>\n<td style=\"vertical-align: top;\">Flame-retardant rating<\/td>\n<td style=\"vertical-align: top; width: 76px;\"><img decoding=\"async\" style=\"height: 20px; width: 20px;\" src=\"https:\/\/www.azur-scenic.com\/wp-content\/uploads\/csm_icon-flag-france_3304e5e3f9.png\" \/> M1<br \/>\n<img decoding=\"async\" style=\"height: 20px; width: 20px;\" src=\"https:\/\/www.azur-scenic.com\/wp-content\/uploads\/icon-flag-europe.png\" \/> B-s1,d0<\/td>\n<td style=\"vertical-align: top; width: 169px;\">Standard: NF P 92 503<br \/>\nStandard: EN 13501-1<\/td>\n<\/tr>\n<tr>\n<td style=\"vertical-align: top;\">Composition<\/td>\n<td style=\"vertical-align: top;\" colspan=\"2\" rowspan=\"1\">Cellulose + polyester + glass + binding agent<\/td>\n<\/tr>\n<tr>\n<td style=\"vertical-align: top;\">Roll length<\/td>\n<td style=\"vertical-align: top; width: 76px;\">25 m<br \/>\n50 m<br \/>\n100 m<br \/>\n250 m<\/td>\n<td style=\"vertical-align: top; width: 169px;\">Rolled full-width<br \/>\nCut-to-length possible<\/td>\n<\/tr>\n<\/tbody>\n<\/table>\n<p>\u00a0<\/p><\/p>\n","protected":false},"excerpt":{"rendered":"<p>A super-light non-woven material that combines a remarkable <strong><span style=\"color: #f88523;\">paper fibre effect<\/span><\/strong> with <strong><span style=\"color: #f88523;\">exceptional wear<\/span><\/strong> and <span style=\"color: #f88523;\"><strong>M1 flame-retardant rating<\/strong><\/span>!<br \/>\nBright, <strong><span style=\"color: #f88523;\">light-diffusing<\/span><\/strong>, <strong><span style=\"color: #f88523;\">easy to cut<\/span><\/strong>, and particularly <strong><span style=\"color: #f88523;\">stable<\/span><\/strong>, it also retains its folds and pleats. Available in a range of <strong><span style=\"color: #f88523;\">15 exciting couleurs<\/span><\/strong> including <strong><span style=\"color: #f88523;\">printable<\/span><\/strong> white, let your imagination run riot!<br \/>\nDrop Paper is your perfect partner, ideal for making all your <strong><span style=\"color: #f88523;\">temporary decorations<\/span><\/strong>, including kakemonos, stand dividers, banners, lampshades, false ceilings&#8230; the possibilities offered by this material are endless!<\/p>\n<table class=\"table\" style=\"background: #f7f7f7;\">\n<tbody>\n<tr>\n<td><strong>Width<\/strong>: 240 cm<\/td>\n<td><strong>Weight<\/strong>: 60 g\/m\u00b2<\/td>\n<\/tr>\n<tr>\n<td><strong>Flame-retardant rating<\/strong>: <img decoding=\"async\" style=\"height: 20px; width: 20px;\" src=\"https:\/\/www.azur-scenic.com\/wp-content\/uploads\/csm_icon-flag-france_3304e5e3f9.png\" \/> M1, <img decoding=\"async\" style=\"height: 20px; width: 20px;\" src=\"https:\/\/www.azur-scenic.com\/wp-content\/uploads\/icon-flag-europe.png\" \/> B-s1,d0<\/td>\n<td style=\"vertical-align: top;\"><strong>Composition<\/strong>: Cellulose + polyester + glass + binding agent<\/td>\n<\/tr>\n<\/tbody>\n<\/table>\n","protected":false},"featured_media":15834,"template":"","meta":{"_acf_changed":false},"product_brand":[],"product_cat":[898,893,981,1556,1027,1106],"product_tag":[],"class_list":{"0":"post-19895","1":"product","2":"type-product","3":"status-publish","4":"has-post-thumbnail","6":"product_cat-all-products","7":"product_cat-stage-and-events-material","8":"product_cat-decorative-fabrics","9":"product_cat-string-curtains-non-woven-materials","10":"product_cat-decoration","11":"product_cat-events","12":"pa_couleurs-001-en","13":"pa_couleurs-002-en","14":"pa_couleurs-003-en","15":"pa_couleurs-110-en","16":"pa_couleurs-180-en","17":"pa_couleurs-250-en","18":"pa_couleurs-350-en","19":"pa_couleurs-460-en","20":"pa_couleurs-530-en","21":"pa_couleurs-640-en","22":"pa_couleurs-750-en","23":"pa_couleurs-782-en","24":"pa_couleurs-786-en","25":"pa_couleurs-860-en","26":"pa_couleurs-930-en","27":"pa_groupes-de-couleurs-white","28":"pa_groupes-de-couleurs-blue","29":"pa_groupes-de-couleurs-off-white","30":"pa_groupes-de-couleurs-greys","31":"pa_groupes-de-couleurs-yellow","32":"pa_groupes-de-couleurs-brown-beige","33":"pa_groupes-de-couleurs-black","34":"pa_groupes-de-couleurs-orange","35":"pa_groupes-de-couleurs-pink","36":"pa_groupes-de-couleurs-red","37":"pa_groupes-de-couleurs-green","38":"pa_groupes-de-couleurs-purple","39":"pa_textiles-flame-retardant-rated","40":"pa_textiles-printable","42":"first","43":"instock","44":"shipping-taxable","45":"purchasable","46":"product-type-variable"},"acf":[],"yoast_head":"<!-- This site is optimized with the Yoast SEO plugin v27.3 - https:\/\/yoast.com\/product\/yoast-seo-wordpress\/ -->\n<title>Drop Paper - Azur Scenic<\/title>\n<meta name=\"robots\" content=\"index, follow, max-snippet:-1, max-image-preview:large, max-video-preview:-1\" \/>\n<link rel=\"canonical\" href=\"https:\/\/www.azur-scenic.com\/en\/product\/drop-paper\/\" \/>\n<meta property=\"og:locale\" content=\"en_US\" \/>\n<meta property=\"og:type\" content=\"article\" \/>\n<meta property=\"og:title\" content=\"Drop Paper - Azur Scenic\" \/>\n<meta property=\"og:description\" content=\"A super-light non-woven material that combines a remarkable paper fibre effect with exceptional wear and M1 flame-retardant rating! Bright, light-diffusing, easy to cut, and particularly stable, it also retains its folds and pleats. Available in a range of 15 exciting couleurs including printable white, let your imagination run riot! Drop Paper is your perfect partner, ideal for making all your temporary decorations, including kakemonos, stand dividers, banners, lampshades, false ceilings... the possibilities offered by this material are endless!  Width: 240 cm Weight: 60 g\/m\u00b2  Flame-retardant rating: M1, B-s1,d0 Composition: Cellulose + polyester + glass + binding agent\" \/>\n<meta property=\"og:url\" content=\"https:\/\/www.azur-scenic.com\/en\/product\/drop-paper\/\" \/>\n<meta property=\"og:site_name\" content=\"Azur Scenic\" \/>\n<meta property=\"article:modified_time\" content=\"2023-08-02T12:57:24+00:00\" \/>\n<meta property=\"og:image\" content=\"https:\/\/www.azur-scenic.com\/wp-content\/uploads\/DROP-PAPER-ECRU.jpg\" \/>\n\t<meta property=\"og:image:width\" content=\"1760\" \/>\n\t<meta property=\"og:image:height\" content=\"1760\" \/>\n\t<meta property=\"og:image:type\" content=\"image\/jpeg\" \/>\n<meta name=\"twitter:card\" content=\"summary_large_image\" \/>\n<script type=\"application\/ld+json\" class=\"yoast-schema-graph\">{\"@context\":\"https:\\\/\\\/schema.org\",\"@graph\":[{\"@type\":\"WebPage\",\"@id\":\"https:\\\/\\\/www.azur-scenic.com\\\/en\\\/product\\\/drop-paper\\\/\",\"url\":\"https:\\\/\\\/www.azur-scenic.com\\\/en\\\/product\\\/drop-paper\\\/\",\"name\":\"Drop Paper - Azur Scenic\",\"isPartOf\":{\"@id\":\"https:\\\/\\\/www.azur-scenic.com\\\/en\\\/#website\"},\"primaryImageOfPage\":{\"@id\":\"https:\\\/\\\/www.azur-scenic.com\\\/en\\\/product\\\/drop-paper\\\/#primaryimage\"},\"image\":{\"@id\":\"https:\\\/\\\/www.azur-scenic.com\\\/en\\\/product\\\/drop-paper\\\/#primaryimage\"},\"thumbnailUrl\":\"https:\\\/\\\/www.azur-scenic.com\\\/wp-content\\\/uploads\\\/DROP-PAPER-ECRU.jpg\",\"datePublished\":\"2022-10-04T07:24:05+00:00\",\"dateModified\":\"2023-08-02T12:57:24+00:00\",\"breadcrumb\":{\"@id\":\"https:\\\/\\\/www.azur-scenic.com\\\/en\\\/product\\\/drop-paper\\\/#breadcrumb\"},\"inLanguage\":\"en-US\",\"potentialAction\":[{\"@type\":\"ReadAction\",\"target\":[\"https:\\\/\\\/www.azur-scenic.com\\\/en\\\/product\\\/drop-paper\\\/\"]}]},{\"@type\":\"ImageObject\",\"inLanguage\":\"en-US\",\"@id\":\"https:\\\/\\\/www.azur-scenic.com\\\/en\\\/product\\\/drop-paper\\\/#primaryimage\",\"url\":\"https:\\\/\\\/www.azur-scenic.com\\\/wp-content\\\/uploads\\\/DROP-PAPER-ECRU.jpg\",\"contentUrl\":\"https:\\\/\\\/www.azur-scenic.com\\\/wp-content\\\/uploads\\\/DROP-PAPER-ECRU.jpg\",\"width\":1760,\"height\":1760,\"caption\":\"DROP PAPER ECRU\"},{\"@type\":\"BreadcrumbList\",\"@id\":\"https:\\\/\\\/www.azur-scenic.com\\\/en\\\/product\\\/drop-paper\\\/#breadcrumb\",\"itemListElement\":[{\"@type\":\"ListItem\",\"position\":1,\"name\":\"Accueil\",\"item\":\"https:\\\/\\\/www.azur-scenic.com\\\/en\\\/\"},{\"@type\":\"ListItem\",\"position\":2,\"name\":\"Produits\",\"item\":\"https:\\\/\\\/www.azur-scenic.com\\\/en\\\/?page_id=21438\"},{\"@type\":\"ListItem\",\"position\":3,\"name\":\"Drop Paper\"}]},{\"@type\":\"WebSite\",\"@id\":\"https:\\\/\\\/www.azur-scenic.com\\\/en\\\/#website\",\"url\":\"https:\\\/\\\/www.azur-scenic.com\\\/en\\\/\",\"name\":\"Azur Scenic\",\"description\":\"Sp\u00e9cialiste de l\u2019\u00e9quipement sc\u00e9nique et de la d\u00e9coration int\u00e9rieure et \u00e9v\u00e9nementielle !\",\"publisher\":{\"@id\":\"https:\\\/\\\/www.azur-scenic.com\\\/en\\\/#organization\"},\"potentialAction\":[{\"@type\":\"SearchAction\",\"target\":{\"@type\":\"EntryPoint\",\"urlTemplate\":\"https:\\\/\\\/www.azur-scenic.com\\\/en\\\/?s={search_term_string}\"},\"query-input\":{\"@type\":\"PropertyValueSpecification\",\"valueRequired\":true,\"valueName\":\"search_term_string\"}}],\"inLanguage\":\"en-US\"},{\"@type\":\"Organization\",\"@id\":\"https:\\\/\\\/www.azur-scenic.com\\\/en\\\/#organization\",\"name\":\"AZUR SCENIC\",\"url\":\"https:\\\/\\\/www.azur-scenic.com\\\/en\\\/\",\"logo\":{\"@type\":\"ImageObject\",\"inLanguage\":\"en-US\",\"@id\":\"https:\\\/\\\/www.azur-scenic.com\\\/en\\\/#\\\/schema\\\/logo\\\/image\\\/\",\"url\":\"https:\\\/\\\/www.azur-scenic.com\\\/wp-content\\\/uploads\\\/2022\\\/09\\\/LOGO-AZUR-SCENIC-Fusion-web-236x64-1.jpg\",\"contentUrl\":\"https:\\\/\\\/www.azur-scenic.com\\\/wp-content\\\/uploads\\\/2022\\\/09\\\/LOGO-AZUR-SCENIC-Fusion-web-236x64-1.jpg\",\"width\":236,\"height\":64,\"caption\":\"AZUR SCENIC\"},\"image\":{\"@id\":\"https:\\\/\\\/www.azur-scenic.com\\\/en\\\/#\\\/schema\\\/logo\\\/image\\\/\"},\"sameAs\":[\"https:\\\/\\\/www.youtube.com\\\/channel\\\/UCPWM2mGPVUt4nYhNlm71WOA\",\"https:\\\/\\\/www.linkedin.com\\\/company\\\/33237605\\\/admin\\\/feed\\\/posts\\\/\"]}]}<\/script>\n<!-- \/ Yoast SEO plugin. -->","yoast_head_json":{"title":"Drop Paper - Azur Scenic","robots":{"index":"index","follow":"follow","max-snippet":"max-snippet:-1","max-image-preview":"max-image-preview:large","max-video-preview":"max-video-preview:-1"},"canonical":"https:\/\/www.azur-scenic.com\/en\/product\/drop-paper\/","og_locale":"en_US","og_type":"article","og_title":"Drop Paper - Azur Scenic","og_description":"A super-light non-woven material that combines a remarkable paper fibre effect with exceptional wear and M1 flame-retardant rating! Bright, light-diffusing, easy to cut, and particularly stable, it also retains its folds and pleats. Available in a range of 15 exciting couleurs including printable white, let your imagination run riot! Drop Paper is your perfect partner, ideal for making all your temporary decorations, including kakemonos, stand dividers, banners, lampshades, false ceilings... the possibilities offered by this material are endless!  Width: 240 cm Weight: 60 g\/m\u00b2  Flame-retardant rating: M1, B-s1,d0 Composition: Cellulose + polyester + glass + binding agent","og_url":"https:\/\/www.azur-scenic.com\/en\/product\/drop-paper\/","og_site_name":"Azur Scenic","article_modified_time":"2023-08-02T12:57:24+00:00","og_image":[{"width":1760,"height":1760,"url":"https:\/\/www.azur-scenic.com\/wp-content\/uploads\/DROP-PAPER-ECRU.jpg","type":"image\/jpeg"}],"twitter_card":"summary_large_image","schema":{"@context":"https:\/\/schema.org","@graph":[{"@type":"WebPage","@id":"https:\/\/www.azur-scenic.com\/en\/product\/drop-paper\/","url":"https:\/\/www.azur-scenic.com\/en\/product\/drop-paper\/","name":"Drop Paper - Azur Scenic","isPartOf":{"@id":"https:\/\/www.azur-scenic.com\/en\/#website"},"primaryImageOfPage":{"@id":"https:\/\/www.azur-scenic.com\/en\/product\/drop-paper\/#primaryimage"},"image":{"@id":"https:\/\/www.azur-scenic.com\/en\/product\/drop-paper\/#primaryimage"},"thumbnailUrl":"https:\/\/www.azur-scenic.com\/wp-content\/uploads\/DROP-PAPER-ECRU.jpg","datePublished":"2022-10-04T07:24:05+00:00","dateModified":"2023-08-02T12:57:24+00:00","breadcrumb":{"@id":"https:\/\/www.azur-scenic.com\/en\/product\/drop-paper\/#breadcrumb"},"inLanguage":"en-US","potentialAction":[{"@type":"ReadAction","target":["https:\/\/www.azur-scenic.com\/en\/product\/drop-paper\/"]}]},{"@type":"ImageObject","inLanguage":"en-US","@id":"https:\/\/www.azur-scenic.com\/en\/product\/drop-paper\/#primaryimage","url":"https:\/\/www.azur-scenic.com\/wp-content\/uploads\/DROP-PAPER-ECRU.jpg","contentUrl":"https:\/\/www.azur-scenic.com\/wp-content\/uploads\/DROP-PAPER-ECRU.jpg","width":1760,"height":1760,"caption":"DROP PAPER ECRU"},{"@type":"BreadcrumbList","@id":"https:\/\/www.azur-scenic.com\/en\/product\/drop-paper\/#breadcrumb","itemListElement":[{"@type":"ListItem","position":1,"name":"Accueil","item":"https:\/\/www.azur-scenic.com\/en\/"},{"@type":"ListItem","position":2,"name":"Produits","item":"https:\/\/www.azur-scenic.com\/en\/?page_id=21438"},{"@type":"ListItem","position":3,"name":"Drop Paper"}]},{"@type":"WebSite","@id":"https:\/\/www.azur-scenic.com\/en\/#website","url":"https:\/\/www.azur-scenic.com\/en\/","name":"Azur Scenic","description":"Sp\u00e9cialiste de l\u2019\u00e9quipement sc\u00e9nique et de la d\u00e9coration int\u00e9rieure et \u00e9v\u00e9nementielle !","publisher":{"@id":"https:\/\/www.azur-scenic.com\/en\/#organization"},"potentialAction":[{"@type":"SearchAction","target":{"@type":"EntryPoint","urlTemplate":"https:\/\/www.azur-scenic.com\/en\/?s={search_term_string}"},"query-input":{"@type":"PropertyValueSpecification","valueRequired":true,"valueName":"search_term_string"}}],"inLanguage":"en-US"},{"@type":"Organization","@id":"https:\/\/www.azur-scenic.com\/en\/#organization","name":"AZUR SCENIC","url":"https:\/\/www.azur-scenic.com\/en\/","logo":{"@type":"ImageObject","inLanguage":"en-US","@id":"https:\/\/www.azur-scenic.com\/en\/#\/schema\/logo\/image\/","url":"https:\/\/www.azur-scenic.com\/wp-content\/uploads\/2022\/09\/LOGO-AZUR-SCENIC-Fusion-web-236x64-1.jpg","contentUrl":"https:\/\/www.azur-scenic.com\/wp-content\/uploads\/2022\/09\/LOGO-AZUR-SCENIC-Fusion-web-236x64-1.jpg","width":236,"height":64,"caption":"AZUR SCENIC"},"image":{"@id":"https:\/\/www.azur-scenic.com\/en\/#\/schema\/logo\/image\/"},"sameAs":["https:\/\/www.youtube.com\/channel\/UCPWM2mGPVUt4nYhNlm71WOA","https:\/\/www.linkedin.com\/company\/33237605\/admin\/feed\/posts\/"]}]}},"_links":{"self":[{"href":"https:\/\/www.azur-scenic.com\/en\/wp-json\/wp\/v2\/product\/19895","targetHints":{"allow":["GET"]}}],"collection":[{"href":"https:\/\/www.azur-scenic.com\/en\/wp-json\/wp\/v2\/product"}],"about":[{"href":"https:\/\/www.azur-scenic.com\/en\/wp-json\/wp\/v2\/types\/product"}],"wp:featuredmedia":[{"embeddable":true,"href":"https:\/\/www.azur-scenic.com\/en\/wp-json\/wp\/v2\/media\/15834"}],"wp:attachment":[{"href":"https:\/\/www.azur-scenic.com\/en\/wp-json\/wp\/v2\/media?parent=19895"}],"wp:term":[{"taxonomy":"product_brand","embeddable":true,"href":"https:\/\/www.azur-scenic.com\/en\/wp-json\/wp\/v2\/product_brand?post=19895"},{"taxonomy":"product_cat","embeddable":true,"href":"https:\/\/www.azur-scenic.com\/en\/wp-json\/wp\/v2\/product_cat?post=19895"},{"taxonomy":"product_tag","embeddable":true,"href":"https:\/\/www.azur-scenic.com\/en\/wp-json\/wp\/v2\/product_tag?post=19895"}],"curies":[{"name":"wp","href":"https:\/\/api.w.org\/{rel}","templated":true}]}}