{"id":19966,"date":"2022-10-04T07:24:01","date_gmt":"2022-10-04T07:24:01","guid":{"rendered":"https:\/\/www.azur-scenic.com\/produit\/soltis\/"},"modified":"2023-08-02T12:53:38","modified_gmt":"2023-08-02T12:53:38","slug":"soltis","status":"publish","type":"product","link":"https:\/\/www.azur-scenic.com\/en\/product\/soltis\/","title":{"rendered":"Soltis"},"content":{"rendered":"<table>\n<thead>\n<tr>\n<th style=\"width: 170px;\">Technical data<\/th>\n<th style=\"width: 105px;\">Value<\/th>\n<th style=\"width: 254px;\">Notes<\/th>\n<\/tr>\n<\/thead>\n<tbody>\n<tr>\n<td style=\"vertical-align: top;\">Width<\/td>\n<td style=\"vertical-align: top; width: 105px;\">177 cm<\/td>\n<td style=\"vertical-align: top; width: 254px;\">Some colours are available to order in 267 cm width (in 40 m lengths).<\/td>\n<\/tr>\n<tr>\n<td style=\"vertical-align: top;\">Weight<\/td>\n<td style=\"vertical-align: top; width: 105px;\">380 g\/m\u00b2<\/td>\n<td style=\"vertical-align: top; width: 254px;\">Standard: EN ISO 2286-2<\/td>\n<\/tr>\n<tr>\n<td style=\"vertical-align: top;\">Thickness<\/td>\n<td style=\"vertical-align: top; width: 105px;\">0.43 mm<\/td>\n<td style=\"vertical-align: top; width: 254px;\">\u00a0<\/td>\n<\/tr>\n<tr>\n<td style=\"vertical-align: top;\">Flame-retardant rating<\/td>\n<td style=\"vertical-align: top; width: 105px;\"><img decoding=\"async\" style=\"height: 20px; width: 20px;\" src=\"https:\/\/www.azur-scenic.com\/wp-content\/uploads\/csm_icon-flag-france_3304e5e3f9.png\" \/> M1<br \/>\n<img decoding=\"async\" style=\"height: 20px; width: 20px;\" src=\"https:\/\/www.azur-scenic.com\/wp-content\/uploads\/icon-flag-europe.png\" \/> B-s2,d0<br \/>\n<img decoding=\"async\" style=\"height: 20px; width: 20px;\" src=\"https:\/\/www.azur-scenic.com\/wp-content\/uploads\/icon-flag-allemagne.png\" \/> B1<\/td>\n<td style=\"vertical-align: top; width: 254px;\">Standard: UNE 23.727-90<br \/>\nStandard: EN 13501-1<br \/>\nStandard: DIN 4102-1<\/td>\n<\/tr>\n<tr>\n<td style=\"vertical-align: top;\">Composition<\/td>\n<td style=\"vertical-align: top;\" colspan=\"2\">High-resistance polyester weave + PVC treatment<\/td>\n<\/tr>\n<tr>\n<td style=\"vertical-align: top;\">Roll length<\/td>\n<td style=\"vertical-align: top; width: 105px;\">50 m<br \/>\nRolled, full width<\/td>\n<td style=\"vertical-align: top; width: 254px;\">Available to buy cut-to-length for standard colours<br \/>\nColours in the full range are only sold in whole lengths. (see specifications)<\/td>\n<\/tr>\n<tr>\n<td style=\"vertical-align: top;\">Openness factor<\/td>\n<td style=\"vertical-align: top; width: 105px;\">14%<\/td>\n<td style=\"vertical-align: top; width: 254px;\">\u00a0<\/td>\n<\/tr>\n<tr>\n<td style=\"vertical-align: top;\">Split resistance<\/td>\n<td style=\"vertical-align: top; width: 105px;\">Warp:<br \/>\n230 daN\/5 cm<br \/>\nWeft:<br \/>\n160 daN\/5 cm<\/td>\n<td style=\"vertical-align: top; width: 254px;\">Standard: EN ISO 1421<\/td>\n<\/tr>\n<tr>\n<td style=\"vertical-align: top;\">Tear resistance<\/td>\n<td style=\"vertical-align: top; width: 105px;\">Warp:<br \/>\n45 daN<br \/>\nWeft:<br \/>\n20 daN<\/td>\n<td style=\"vertical-align: top; width: 254px;\">Standard: DIN 53.363<\/td>\n<\/tr>\n<tr>\n<td style=\"vertical-align: top;\">Sunlight transmission<\/td>\n<td style=\"vertical-align: top; width: 105px;\">14 to 31%<\/td>\n<td style=\"vertical-align: top; width: 254px;\">(according to colour)<\/td>\n<\/tr>\n<tr>\n<td style=\"vertical-align: top;\">Sunlight reflection<\/td>\n<td style=\"vertical-align: top; width: 105px;\">5 to 60%<\/td>\n<td style=\"vertical-align: top; width: 254px;\">(according to colour)<\/td>\n<\/tr>\n<tr>\n<td style=\"vertical-align: top;\">Sunlight absorption<\/td>\n<td style=\"vertical-align: top; width: 105px;\">12 to 81%<\/td>\n<td style=\"vertical-align: top; width: 254px;\">(according to colour)<\/td>\n<\/tr>\n<\/tbody>\n<\/table>\n<p>\u00a0<\/p><\/p>\n","protected":false},"excerpt":{"rendered":"<p>A <strong><span style=\"color: #f88523;\">light<\/span><\/strong> awning material with micro-aeration and <strong><span style=\"color: #f88523;\">M1<\/span><\/strong> flame-retardant rating that combines<span style=\"color: #f88523;\"><strong>protection from the hot sun <\/strong><\/span> while ensuring excellent visual comfort thanks to its unrivalled <span style=\"color: #f88523;\"><strong>translucency<\/strong><\/span>.<br \/>\nSpecially hard-wearing and <span style=\"color: #f88523;\"><strong>UV and weather-resistant<\/strong><\/span>, Soltis is ideal for <span style=\"color: #f88523;\"><strong>use<\/strong><\/span> indoors and <span style=\"color: #f88523;\"><strong>outdoors<\/strong><\/span>.<br \/>\nSpecially designed or making <span style=\"color: #f88523;\"><strong>sun awnings<\/strong><\/span> and <span style=\"color: #f88523;\"><strong>blinds<\/strong><\/span>, this product can also be used in other ways, such as <strong><span style=\"color: #f88523;\">dressing events structures<\/span><\/strong>.<br \/>\nYou can even forget all about its primary functions and use it as a <span style=\"color: #f88523;\"><strong>creative projection screen <\/strong><\/span> (we recommend testing it first depending on the colour).<br \/>\nEnvironmentally friendly Soltis is both sustainable and <span style=\"color: #f88523;\"><strong>100% recyclable<\/strong><\/span>.<\/p>\n<table class=\"table\" style=\"background: #f7f7f7;\">\n<tbody>\n<tr>\n<td><strong>Width<\/strong>: 177 cm<\/td>\n<td><strong>Weight<\/strong>: 380 g\/m\u00b2<\/td>\n<\/tr>\n<tr>\n<td><strong>Flame-retardant rating<\/strong>: <img decoding=\"async\" style=\"height: 20px; width: 20px;\" src=\"https:\/\/www.azur-scenic.com\/wp-content\/uploads\/csm_icon-flag-france_3304e5e3f9.png\" \/> M1 <img decoding=\"async\" style=\"height: 20px; width: 20px;\" src=\"https:\/\/www.azur-scenic.com\/wp-content\/uploads\/icon-flag-europe.png\" \/> B-s2,d0<br \/>\n<img decoding=\"async\" style=\"height: 20px; width: 20px;\" src=\"https:\/\/www.azur-scenic.com\/wp-content\/uploads\/icon-flag-allemagne.png\" \/> B1<\/td>\n<td><strong>Composition<\/strong>: High-resistance polyester weave + PVC treatment<\/td>\n<\/tr>\n<\/tbody>\n<\/table>\n","protected":false},"featured_media":16738,"template":"","meta":{"_acf_changed":false},"product_brand":[],"product_cat":[898,893,981,1233,1200,1234],"product_tag":[],"class_list":{"0":"post-19966","1":"product","2":"type-product","3":"status-publish","4":"has-post-thumbnail","6":"product_cat-all-products","7":"product_cat-stage-and-events-material","8":"product_cat-decorative-fabrics","9":"product_cat-pvc-decorative-material","10":"product_cat-projection-screens-pvc-canvas","11":"product_cat-miscellaneous-pvc","12":"pa_couleurs-001-en","13":"pa_couleurs-002-en","14":"pa_couleurs-003-en","15":"pa_couleurs-089-en","16":"pa_couleurs-090-en","17":"pa_couleurs-090-002-en","18":"pa_couleurs-090-030-en","19":"pa_couleurs-090-190-en","20":"pa_couleurs-110-en","21":"pa_couleurs-180-en","22":"pa_couleurs-190-en","23":"pa_couleurs-200-en","24":"pa_couleurs-290-en","25":"pa_couleurs-340-en","26":"pa_couleurs-370-en","27":"pa_couleurs-460-en","28":"pa_couleurs-500-en","29":"pa_couleurs-501-en","30":"pa_couleurs-540-en","31":"pa_couleurs-619-en","32":"pa_couleurs-635-en","33":"pa_couleurs-765-en","34":"pa_groupes-de-couleurs-white","35":"pa_groupes-de-couleurs-blue","36":"pa_groupes-de-couleurs-off-white","37":"pa_groupes-de-couleurs-greys","38":"pa_groupes-de-couleurs-yellow","39":"pa_groupes-de-couleurs-brown-beige","40":"pa_groupes-de-couleurs-black","41":"pa_groupes-de-couleurs-orange","42":"pa_groupes-de-couleurs-red","43":"pa_groupes-de-couleurs-green","44":"pa_textiles-suitable-for-outdoors-use","45":"pa_textiles-flame-retardant-rated","46":"pa_textiles-washable","47":"pa_textiles-front-projection","48":"pa_textiles-uv-resistant","49":"pa_textiles-environmentally-friendly","51":"first","52":"instock","53":"shipping-taxable","54":"purchasable","55":"product-type-variable"},"acf":[],"yoast_head":"<!-- This site is optimized with the Yoast SEO plugin v27.3 - https:\/\/yoast.com\/product\/yoast-seo-wordpress\/ -->\n<title>Soltis - Azur Scenic<\/title>\n<meta name=\"robots\" content=\"index, follow, max-snippet:-1, max-image-preview:large, max-video-preview:-1\" \/>\n<link rel=\"canonical\" href=\"https:\/\/www.azur-scenic.com\/en\/product\/soltis\/\" \/>\n<meta property=\"og:locale\" content=\"en_US\" \/>\n<meta property=\"og:type\" content=\"article\" \/>\n<meta property=\"og:title\" content=\"Soltis - Azur Scenic\" \/>\n<meta property=\"og:description\" content=\"A light awning material with micro-aeration and M1 flame-retardant rating that combinesprotection from the hot sun while ensuring excellent visual comfort thanks to its unrivalled translucency. Specially hard-wearing and UV and weather-resistant, Soltis is ideal for use indoors and outdoors. Specially designed or making sun awnings and blinds, this product can also be used in other ways, such as dressing events structures. You can even forget all about its primary functions and use it as a creative projection screen (we recommend testing it first depending on the colour). Environmentally friendly Soltis is both sustainable and 100% recyclable.  Width: 177 cm Weight: 380 g\/m\u00b2  Flame-retardant rating: M1 B-s2,d0 B1 Composition: High-resistance polyester weave + PVC treatment\" \/>\n<meta property=\"og:url\" content=\"https:\/\/www.azur-scenic.com\/en\/product\/soltis\/\" \/>\n<meta property=\"og:site_name\" content=\"Azur Scenic\" \/>\n<meta property=\"article:modified_time\" content=\"2023-08-02T12:53:38+00:00\" \/>\n<meta property=\"og:image\" content=\"https:\/\/www.azur-scenic.com\/wp-content\/uploads\/SOLTIS-ARGENT-BLANC-scaled.jpg\" \/>\n\t<meta property=\"og:image:width\" content=\"2560\" \/>\n\t<meta property=\"og:image:height\" content=\"2560\" \/>\n\t<meta property=\"og:image:type\" content=\"image\/jpeg\" \/>\n<meta name=\"twitter:card\" content=\"summary_large_image\" \/>\n<meta name=\"twitter:label1\" content=\"Est. reading time\" \/>\n\t<meta name=\"twitter:data1\" content=\"1 minute\" \/>\n<script type=\"application\/ld+json\" class=\"yoast-schema-graph\">{\"@context\":\"https:\\\/\\\/schema.org\",\"@graph\":[{\"@type\":\"WebPage\",\"@id\":\"https:\\\/\\\/www.azur-scenic.com\\\/en\\\/product\\\/soltis\\\/\",\"url\":\"https:\\\/\\\/www.azur-scenic.com\\\/en\\\/product\\\/soltis\\\/\",\"name\":\"Soltis - Azur Scenic\",\"isPartOf\":{\"@id\":\"https:\\\/\\\/www.azur-scenic.com\\\/en\\\/#website\"},\"primaryImageOfPage\":{\"@id\":\"https:\\\/\\\/www.azur-scenic.com\\\/en\\\/product\\\/soltis\\\/#primaryimage\"},\"image\":{\"@id\":\"https:\\\/\\\/www.azur-scenic.com\\\/en\\\/product\\\/soltis\\\/#primaryimage\"},\"thumbnailUrl\":\"https:\\\/\\\/www.azur-scenic.com\\\/wp-content\\\/uploads\\\/SOLTIS-ARGENT-BLANC-scaled.jpg\",\"datePublished\":\"2022-10-04T07:24:01+00:00\",\"dateModified\":\"2023-08-02T12:53:38+00:00\",\"breadcrumb\":{\"@id\":\"https:\\\/\\\/www.azur-scenic.com\\\/en\\\/product\\\/soltis\\\/#breadcrumb\"},\"inLanguage\":\"en-US\",\"potentialAction\":[{\"@type\":\"ReadAction\",\"target\":[\"https:\\\/\\\/www.azur-scenic.com\\\/en\\\/product\\\/soltis\\\/\"]}]},{\"@type\":\"ImageObject\",\"inLanguage\":\"en-US\",\"@id\":\"https:\\\/\\\/www.azur-scenic.com\\\/en\\\/product\\\/soltis\\\/#primaryimage\",\"url\":\"https:\\\/\\\/www.azur-scenic.com\\\/wp-content\\\/uploads\\\/SOLTIS-ARGENT-BLANC-scaled.jpg\",\"contentUrl\":\"https:\\\/\\\/www.azur-scenic.com\\\/wp-content\\\/uploads\\\/SOLTIS-ARGENT-BLANC-scaled.jpg\",\"width\":2560,\"height\":2560,\"caption\":\"SOLTIS ARGENT BLANC\"},{\"@type\":\"BreadcrumbList\",\"@id\":\"https:\\\/\\\/www.azur-scenic.com\\\/en\\\/product\\\/soltis\\\/#breadcrumb\",\"itemListElement\":[{\"@type\":\"ListItem\",\"position\":1,\"name\":\"Accueil\",\"item\":\"https:\\\/\\\/www.azur-scenic.com\\\/en\\\/\"},{\"@type\":\"ListItem\",\"position\":2,\"name\":\"Produits\",\"item\":\"https:\\\/\\\/www.azur-scenic.com\\\/en\\\/?page_id=21438\"},{\"@type\":\"ListItem\",\"position\":3,\"name\":\"Soltis\"}]},{\"@type\":\"WebSite\",\"@id\":\"https:\\\/\\\/www.azur-scenic.com\\\/en\\\/#website\",\"url\":\"https:\\\/\\\/www.azur-scenic.com\\\/en\\\/\",\"name\":\"Azur Scenic\",\"description\":\"Sp\u00e9cialiste de l\u2019\u00e9quipement sc\u00e9nique et de la d\u00e9coration int\u00e9rieure et \u00e9v\u00e9nementielle !\",\"publisher\":{\"@id\":\"https:\\\/\\\/www.azur-scenic.com\\\/en\\\/#organization\"},\"potentialAction\":[{\"@type\":\"SearchAction\",\"target\":{\"@type\":\"EntryPoint\",\"urlTemplate\":\"https:\\\/\\\/www.azur-scenic.com\\\/en\\\/?s={search_term_string}\"},\"query-input\":{\"@type\":\"PropertyValueSpecification\",\"valueRequired\":true,\"valueName\":\"search_term_string\"}}],\"inLanguage\":\"en-US\"},{\"@type\":\"Organization\",\"@id\":\"https:\\\/\\\/www.azur-scenic.com\\\/en\\\/#organization\",\"name\":\"AZUR SCENIC\",\"url\":\"https:\\\/\\\/www.azur-scenic.com\\\/en\\\/\",\"logo\":{\"@type\":\"ImageObject\",\"inLanguage\":\"en-US\",\"@id\":\"https:\\\/\\\/www.azur-scenic.com\\\/en\\\/#\\\/schema\\\/logo\\\/image\\\/\",\"url\":\"https:\\\/\\\/www.azur-scenic.com\\\/wp-content\\\/uploads\\\/2022\\\/09\\\/LOGO-AZUR-SCENIC-Fusion-web-236x64-1.jpg\",\"contentUrl\":\"https:\\\/\\\/www.azur-scenic.com\\\/wp-content\\\/uploads\\\/2022\\\/09\\\/LOGO-AZUR-SCENIC-Fusion-web-236x64-1.jpg\",\"width\":236,\"height\":64,\"caption\":\"AZUR SCENIC\"},\"image\":{\"@id\":\"https:\\\/\\\/www.azur-scenic.com\\\/en\\\/#\\\/schema\\\/logo\\\/image\\\/\"},\"sameAs\":[\"https:\\\/\\\/www.youtube.com\\\/channel\\\/UCPWM2mGPVUt4nYhNlm71WOA\",\"https:\\\/\\\/www.linkedin.com\\\/company\\\/33237605\\\/admin\\\/feed\\\/posts\\\/\"]}]}<\/script>\n<!-- \/ Yoast SEO plugin. -->","yoast_head_json":{"title":"Soltis - Azur Scenic","robots":{"index":"index","follow":"follow","max-snippet":"max-snippet:-1","max-image-preview":"max-image-preview:large","max-video-preview":"max-video-preview:-1"},"canonical":"https:\/\/www.azur-scenic.com\/en\/product\/soltis\/","og_locale":"en_US","og_type":"article","og_title":"Soltis - Azur Scenic","og_description":"A light awning material with micro-aeration and M1 flame-retardant rating that combinesprotection from the hot sun while ensuring excellent visual comfort thanks to its unrivalled translucency. Specially hard-wearing and UV and weather-resistant, Soltis is ideal for use indoors and outdoors. Specially designed or making sun awnings and blinds, this product can also be used in other ways, such as dressing events structures. You can even forget all about its primary functions and use it as a creative projection screen (we recommend testing it first depending on the colour). Environmentally friendly Soltis is both sustainable and 100% recyclable.  Width: 177 cm Weight: 380 g\/m\u00b2  Flame-retardant rating: M1 B-s2,d0 B1 Composition: High-resistance polyester weave + PVC treatment","og_url":"https:\/\/www.azur-scenic.com\/en\/product\/soltis\/","og_site_name":"Azur Scenic","article_modified_time":"2023-08-02T12:53:38+00:00","og_image":[{"width":2560,"height":2560,"url":"https:\/\/www.azur-scenic.com\/wp-content\/uploads\/SOLTIS-ARGENT-BLANC-scaled.jpg","type":"image\/jpeg"}],"twitter_card":"summary_large_image","twitter_misc":{"Est. reading time":"1 minute"},"schema":{"@context":"https:\/\/schema.org","@graph":[{"@type":"WebPage","@id":"https:\/\/www.azur-scenic.com\/en\/product\/soltis\/","url":"https:\/\/www.azur-scenic.com\/en\/product\/soltis\/","name":"Soltis - Azur Scenic","isPartOf":{"@id":"https:\/\/www.azur-scenic.com\/en\/#website"},"primaryImageOfPage":{"@id":"https:\/\/www.azur-scenic.com\/en\/product\/soltis\/#primaryimage"},"image":{"@id":"https:\/\/www.azur-scenic.com\/en\/product\/soltis\/#primaryimage"},"thumbnailUrl":"https:\/\/www.azur-scenic.com\/wp-content\/uploads\/SOLTIS-ARGENT-BLANC-scaled.jpg","datePublished":"2022-10-04T07:24:01+00:00","dateModified":"2023-08-02T12:53:38+00:00","breadcrumb":{"@id":"https:\/\/www.azur-scenic.com\/en\/product\/soltis\/#breadcrumb"},"inLanguage":"en-US","potentialAction":[{"@type":"ReadAction","target":["https:\/\/www.azur-scenic.com\/en\/product\/soltis\/"]}]},{"@type":"ImageObject","inLanguage":"en-US","@id":"https:\/\/www.azur-scenic.com\/en\/product\/soltis\/#primaryimage","url":"https:\/\/www.azur-scenic.com\/wp-content\/uploads\/SOLTIS-ARGENT-BLANC-scaled.jpg","contentUrl":"https:\/\/www.azur-scenic.com\/wp-content\/uploads\/SOLTIS-ARGENT-BLANC-scaled.jpg","width":2560,"height":2560,"caption":"SOLTIS ARGENT BLANC"},{"@type":"BreadcrumbList","@id":"https:\/\/www.azur-scenic.com\/en\/product\/soltis\/#breadcrumb","itemListElement":[{"@type":"ListItem","position":1,"name":"Accueil","item":"https:\/\/www.azur-scenic.com\/en\/"},{"@type":"ListItem","position":2,"name":"Produits","item":"https:\/\/www.azur-scenic.com\/en\/?page_id=21438"},{"@type":"ListItem","position":3,"name":"Soltis"}]},{"@type":"WebSite","@id":"https:\/\/www.azur-scenic.com\/en\/#website","url":"https:\/\/www.azur-scenic.com\/en\/","name":"Azur Scenic","description":"Sp\u00e9cialiste de l\u2019\u00e9quipement sc\u00e9nique et de la d\u00e9coration int\u00e9rieure et \u00e9v\u00e9nementielle !","publisher":{"@id":"https:\/\/www.azur-scenic.com\/en\/#organization"},"potentialAction":[{"@type":"SearchAction","target":{"@type":"EntryPoint","urlTemplate":"https:\/\/www.azur-scenic.com\/en\/?s={search_term_string}"},"query-input":{"@type":"PropertyValueSpecification","valueRequired":true,"valueName":"search_term_string"}}],"inLanguage":"en-US"},{"@type":"Organization","@id":"https:\/\/www.azur-scenic.com\/en\/#organization","name":"AZUR SCENIC","url":"https:\/\/www.azur-scenic.com\/en\/","logo":{"@type":"ImageObject","inLanguage":"en-US","@id":"https:\/\/www.azur-scenic.com\/en\/#\/schema\/logo\/image\/","url":"https:\/\/www.azur-scenic.com\/wp-content\/uploads\/2022\/09\/LOGO-AZUR-SCENIC-Fusion-web-236x64-1.jpg","contentUrl":"https:\/\/www.azur-scenic.com\/wp-content\/uploads\/2022\/09\/LOGO-AZUR-SCENIC-Fusion-web-236x64-1.jpg","width":236,"height":64,"caption":"AZUR SCENIC"},"image":{"@id":"https:\/\/www.azur-scenic.com\/en\/#\/schema\/logo\/image\/"},"sameAs":["https:\/\/www.youtube.com\/channel\/UCPWM2mGPVUt4nYhNlm71WOA","https:\/\/www.linkedin.com\/company\/33237605\/admin\/feed\/posts\/"]}]}},"_links":{"self":[{"href":"https:\/\/www.azur-scenic.com\/en\/wp-json\/wp\/v2\/product\/19966","targetHints":{"allow":["GET"]}}],"collection":[{"href":"https:\/\/www.azur-scenic.com\/en\/wp-json\/wp\/v2\/product"}],"about":[{"href":"https:\/\/www.azur-scenic.com\/en\/wp-json\/wp\/v2\/types\/product"}],"wp:featuredmedia":[{"embeddable":true,"href":"https:\/\/www.azur-scenic.com\/en\/wp-json\/wp\/v2\/media\/16738"}],"wp:attachment":[{"href":"https:\/\/www.azur-scenic.com\/en\/wp-json\/wp\/v2\/media?parent=19966"}],"wp:term":[{"taxonomy":"product_brand","embeddable":true,"href":"https:\/\/www.azur-scenic.com\/en\/wp-json\/wp\/v2\/product_brand?post=19966"},{"taxonomy":"product_cat","embeddable":true,"href":"https:\/\/www.azur-scenic.com\/en\/wp-json\/wp\/v2\/product_cat?post=19966"},{"taxonomy":"product_tag","embeddable":true,"href":"https:\/\/www.azur-scenic.com\/en\/wp-json\/wp\/v2\/product_tag?post=19966"}],"curies":[{"name":"wp","href":"https:\/\/api.w.org\/{rel}","templated":true}]}}