{"id":20048,"date":"2022-10-04T07:23:56","date_gmt":"2022-10-04T07:23:56","guid":{"rendered":"https:\/\/www.azur-scenic.com\/produit\/skai\/"},"modified":"2023-08-02T12:53:35","modified_gmt":"2023-08-02T12:53:35","slug":"skai","status":"publish","type":"product","link":"https:\/\/www.azur-scenic.com\/en\/product\/skai\/","title":{"rendered":"Ska\u00ef"},"content":{"rendered":"<table>\n<thead>\n<tr>\n<th style=\"width: 170px;\">Technical data<\/th>\n<th style=\"width: 133px;\">Value<\/th>\n<th style=\"width: 225px;\">Notes<\/th>\n<\/tr>\n<\/thead>\n<tbody>\n<tr>\n<td style=\"vertical-align: top;\">Width<\/td>\n<td style=\"vertical-align: top; width: 133px;\">138 &#8211; 140 cm<\/td>\n<td style=\"vertical-align: top; width: 225px;\">\u00a0<\/td>\n<\/tr>\n<tr>\n<td style=\"vertical-align: top;\">Weight<\/td>\n<td style=\"vertical-align: top; width: 133px;\">830 g\/m\u00b2<\/td>\n<td style=\"vertical-align: top; width: 225px;\">Standard: ISO 2286<\/td>\n<\/tr>\n<tr>\n<td style=\"vertical-align: top;\">Thickness<\/td>\n<td style=\"vertical-align: top; width: 133px;\">1.3 mm<\/td>\n<td style=\"vertical-align: top; width: 225px;\">Standard: ISO 2286<\/td>\n<\/tr>\n<tr>\n<td style=\"vertical-align: top;\">Flame-retardant rating<\/td>\n<td style=\"vertical-align: top; width: 133px;\"><img decoding=\"async\" style=\"height: 20px; width: 20px;\" src=\"https:\/\/www.azur-scenic.com\/wp-content\/uploads\/csm_icon-flag-france_3304e5e3f9.png\" \/> M1<br \/>\n<img decoding=\"async\" style=\"height: 20px; width: 20px;\" src=\"https:\/\/www.azur-scenic.com\/wp-content\/uploads\/icon-flag-europe.png\" \/> C-s3,d0<br \/>\n<img decoding=\"async\" style=\"height: 20px; width: 20px;\" src=\"https:\/\/www.azur-scenic.com\/wp-content\/uploads\/icon-flag-allemagne.png\" \/> B2<\/td>\n<td style=\"vertical-align: top; width: 225px;\">Standard: NF P 92-503<br \/>\nStandard: EN 13501-1<br \/>\nStandard: DIN 4102<\/td>\n<\/tr>\n<tr>\n<td style=\"vertical-align: top;\">French flame-retardant regulations<\/td>\n<td style=\"vertical-align: top; width: 133px;\">Complies with AM18<\/td>\n<td style=\"vertical-align: top; width: 225px;\">Standard: NFD 60 013<br \/>\n(public spaces)<\/td>\n<\/tr>\n<tr>\n<td style=\"vertical-align: top;\">Flammability type<br \/>\n\u201cCigarette\u201d<\/td>\n<td style=\"vertical-align: top; width: 133px;\">Not inflammable<\/td>\n<td style=\"vertical-align: top; width: 225px;\">Standard: NF EN 1021-1<\/td>\n<\/tr>\n<tr>\n<td style=\"vertical-align: top;\">Flammability type<br \/>\n\u201csmall flame\u201d<\/td>\n<td style=\"vertical-align: top; width: 133px;\">Not inflammable<\/td>\n<td style=\"vertical-align: top; width: 225px;\">Standard: NF EN 1021-2<\/td>\n<\/tr>\n<tr>\n<td style=\"vertical-align: top;\">Composition<\/td>\n<td style=\"vertical-align: top; width: 133px;\">85% PVC,<br \/>\n15% Cotton<\/td>\n<td style=\"vertical-align: top; width: 225px;\">Certified phthalate-free<br \/>\n(Standard EN 15777)<\/td>\n<\/tr>\n<tr>\n<td style=\"vertical-align: top;\">Roll length<\/td>\n<td style=\"vertical-align: top; width: 133px;\">30 m<\/td>\n<td style=\"vertical-align: top; width: 225px;\">Rolled full-width<br \/>\nCut-to-length possible<\/td>\n<\/tr>\n<tr>\n<td style=\"vertical-align: top;\">Split resistance<\/td>\n<td style=\"vertical-align: top; width: 133px;\">Warp: \u2265 25 daN<br \/>\nWeft: \u2265 15 daN<\/td>\n<td style=\"vertical-align: top; width: 225px;\">Standard: ISO 1421<\/td>\n<\/tr>\n<tr>\n<td style=\"vertical-align: top;\">Breaking strain<\/td>\n<td style=\"vertical-align: top; width: 133px;\">Warp: \u2265 20%<br \/>\nWeft: > 150%<\/td>\n<td style=\"vertical-align: top; width: 225px;\">Standard: ISO 1421<\/td>\n<\/tr>\n<tr>\n<td style=\"vertical-align: top;\">Tear resistance<\/td>\n<td style=\"vertical-align: top; width: 133px;\">\u2265 2.5 daN<\/td>\n<td style=\"vertical-align: top; width: 225px;\">Standard: EN 4674-1 method A<\/td>\n<\/tr>\n<tr>\n<td style=\"vertical-align: top;\">Seam resistance<\/td>\n<td style=\"vertical-align: top; width: 133px;\">\u2265 15 daN<\/td>\n<td style=\"vertical-align: top; width: 225px;\">Standard: ISO 13936-2<\/td>\n<\/tr>\n<tr>\n<td style=\"vertical-align: top;\">Adhesion<\/td>\n<td style=\"vertical-align: top; width: 133px;\">\u2265 1.5 daN \/ 5 cm<\/td>\n<td style=\"vertical-align: top; width: 225px;\">Standard: ISO 2411<\/td>\n<\/tr>\n<tr>\n<td style=\"vertical-align: top;\">Abrasion resistance<\/td>\n<td style=\"vertical-align: top; width: 133px;\">> 150 000<\/td>\n<td style=\"vertical-align: top; width: 225px;\">Standard: ISO 5470-2<br \/>\n<span style=\"font-size: 13px;\">(Martindale)<\/span><\/td>\n<\/tr>\n<tr>\n<td style=\"vertical-align: top;\">Light fastness &amp; weather resistance of colours<\/td>\n<td style=\"vertical-align: top; width: 133px;\">\u2265 6<\/td>\n<td style=\"vertical-align: top; width: 225px;\">Standard: ISO 105 B02\/B04<br \/>\n(Xenotest)<\/td>\n<\/tr>\n<tr>\n<td style=\"vertical-align: top;\">Mould\/mildew resistance<\/td>\n<td style=\"vertical-align: top; width: 133px;\">Complies<\/td>\n<td style=\"vertical-align: top; width: 225px;\">Standard: EN ISO 846 Section A<\/td>\n<\/tr>\n<tr>\n<td style=\"vertical-align: top;\">CTB <i>ameublement <\/i>(furnishing materials)<\/td>\n<td style=\"vertical-align: top; width: 133px;\">Complies<\/td>\n<td style=\"vertical-align: top; width: 225px;\">Standard: NF EN 15618<\/td>\n<\/tr>\n<\/tbody>\n<\/table>\n<p>\u00a0<\/p><\/p>\n","protected":false},"excerpt":{"rendered":"<p>A high-quality, <span style=\"color: #f88523;\"><strong>imitation leather<\/strong><\/span> version of Ska\u00ef with <strong><span style=\"color: #f88523;\">M1<\/span><\/strong> flame-retardant rating and available in a superb range of <span style=\"color: #f88523;\"><strong>35 colours<\/strong><\/span>.<br \/>\nA<span style=\"color: #f88523;\"><strong>waterproof<\/strong><\/span>, <span style=\"color: #f88523;\"><strong>easy-care<\/strong><\/span> product that\u2019s hard-wearing and <strong><span style=\"color: #f88523;\">light fast<\/span><\/strong>, it can be used both <span style=\"color: #f88523;\"><strong>indoors<\/strong><\/span> and <span style=\"color: #f88523;\"><strong>outdoors<\/strong><\/span>.<br \/>\nIdeal for <strong><span style=\"color: #f88523;\">seat upholstery and coverings<\/span><\/strong>, Ska\u00ef can also be used for <span style=\"color: #f88523;\"><strong>dressing panels<\/strong><\/span> by stapling, as well as making <span style=\"color: #f88523;\"><strong>wall hangings<\/strong><\/span>.<\/p>\n<table class=\"table\" style=\"background: #f7f7f7;\">\n<tbody>\n<tr>\n<td><strong>Width<\/strong>: 138 &#8211; 140 cm<\/td>\n<td><strong>Weight<\/strong>: 830 g\/m\u00b2<\/td>\n<\/tr>\n<tr>\n<td><strong>Flame-retardant rating<\/strong>: <img decoding=\"async\" style=\"height: 20px; width: 20px;\" src=\"https:\/\/www.azur-scenic.com\/wp-content\/uploads\/csm_icon-flag-france_3304e5e3f9.png\" \/> M1 <img decoding=\"async\" style=\"height: 20px; width: 20px;\" src=\"https:\/\/www.azur-scenic.com\/wp-content\/uploads\/icon-flag-europe.png\" \/> C-s3,d0<br \/>\n<img decoding=\"async\" style=\"height: 20px; width: 20px;\" src=\"https:\/\/www.azur-scenic.com\/wp-content\/uploads\/icon-flag-allemagne.png\" \/> B2<\/td>\n<td><strong>Composition<\/strong>: 85% PVC, 15% Cotton<\/td>\n<\/tr>\n<\/tbody>\n<\/table>\n","protected":false},"featured_media":15994,"template":"","meta":{"_acf_changed":false},"product_brand":[],"product_cat":[898,893,981,1233,1200,1234],"product_tag":[],"class_list":{"0":"post-20048","1":"product","2":"type-product","3":"status-publish","4":"has-post-thumbnail","6":"product_cat-all-products","7":"product_cat-stage-and-events-material","8":"product_cat-decorative-fabrics","9":"product_cat-pvc-decorative-material","10":"product_cat-projection-screens-pvc-canvas","11":"product_cat-miscellaneous-pvc","12":"pa_couleurs-002-en","13":"pa_couleurs-003-en","14":"pa_couleurs-100-en","15":"pa_couleurs-110-en","16":"pa_couleurs-120-en","17":"pa_couleurs-180-en","18":"pa_couleurs-250-en","19":"pa_couleurs-280-en","20":"pa_couleurs-290-en","21":"pa_couleurs-340-en","22":"pa_couleurs-370-en","23":"pa_couleurs-380-en","24":"pa_couleurs-421-en","25":"pa_couleurs-500-en","26":"pa_couleurs-510-en","27":"pa_couleurs-513-en","28":"pa_couleurs-518-en","29":"pa_couleurs-530-en","30":"pa_couleurs-540-en","31":"pa_couleurs-550-en","32":"pa_couleurs-570-en","33":"pa_couleurs-610-en","34":"pa_couleurs-620-en","35":"pa_couleurs-630-en","36":"pa_couleurs-640-en","37":"pa_couleurs-652-en","38":"pa_couleurs-708-en","39":"pa_couleurs-710-en","40":"pa_couleurs-782-en","41":"pa_couleurs-784-en","42":"pa_couleurs-790-en","43":"pa_couleurs-812-en","44":"pa_couleurs-860-en","45":"pa_couleurs-870-en","46":"pa_couleurs-990-en","47":"pa_groupes-de-couleurs-white","48":"pa_groupes-de-couleurs-blue","49":"pa_groupes-de-couleurs-off-white","50":"pa_groupes-de-couleurs-greys","51":"pa_groupes-de-couleurs-yellow","52":"pa_groupes-de-couleurs-brown-beige","53":"pa_groupes-de-couleurs-black","54":"pa_groupes-de-couleurs-orange","55":"pa_groupes-de-couleurs-pink","56":"pa_groupes-de-couleurs-red","57":"pa_groupes-de-couleurs-green","58":"pa_groupes-de-couleurs-purple","59":"pa_textiles-suitable-for-outdoors-use","60":"pa_textiles-flame-retardant-rated","61":"pa_textiles-washable","62":"pa_textiles-uv-resistant","64":"first","65":"instock","66":"shipping-taxable","67":"purchasable","68":"product-type-variable"},"acf":[],"yoast_head":"<!-- This site is optimized with the Yoast SEO plugin v27.3 - https:\/\/yoast.com\/product\/yoast-seo-wordpress\/ -->\n<title>Ska\u00ef - Azur Scenic<\/title>\n<meta name=\"robots\" content=\"index, follow, max-snippet:-1, max-image-preview:large, max-video-preview:-1\" \/>\n<link rel=\"canonical\" href=\"https:\/\/www.azur-scenic.com\/en\/product\/skai\/\" \/>\n<meta property=\"og:locale\" content=\"en_US\" \/>\n<meta property=\"og:type\" content=\"article\" \/>\n<meta property=\"og:title\" content=\"Ska\u00ef - Azur Scenic\" \/>\n<meta property=\"og:description\" content=\"A high-quality, imitation leather version of Ska\u00ef with M1 flame-retardant rating and available in a superb range of 35 colours. Awaterproof, easy-care product that\u2019s hard-wearing and light fast, it can be used both indoors and outdoors. Ideal for seat upholstery and coverings, Ska\u00ef can also be used for dressing panels by stapling, as well as making wall hangings.  Width: 138 - 140 cm Weight: 830 g\/m\u00b2  Flame-retardant rating: M1 C-s3,d0 B2 Composition: 85% PVC, 15% Cotton\" \/>\n<meta property=\"og:url\" content=\"https:\/\/www.azur-scenic.com\/en\/product\/skai\/\" \/>\n<meta property=\"og:site_name\" content=\"Azur Scenic\" \/>\n<meta property=\"article:modified_time\" content=\"2023-08-02T12:53:35+00:00\" \/>\n<meta property=\"og:image\" content=\"https:\/\/www.azur-scenic.com\/wp-content\/uploads\/SKAI-BLEU-DRAGEE.jpg\" \/>\n\t<meta property=\"og:image:width\" content=\"2255\" \/>\n\t<meta property=\"og:image:height\" content=\"2255\" \/>\n\t<meta property=\"og:image:type\" content=\"image\/jpeg\" \/>\n<meta name=\"twitter:card\" content=\"summary_large_image\" \/>\n<meta name=\"twitter:label1\" content=\"Est. reading time\" \/>\n\t<meta name=\"twitter:data1\" content=\"1 minute\" \/>\n<script type=\"application\/ld+json\" class=\"yoast-schema-graph\">{\"@context\":\"https:\\\/\\\/schema.org\",\"@graph\":[{\"@type\":\"WebPage\",\"@id\":\"https:\\\/\\\/www.azur-scenic.com\\\/en\\\/product\\\/skai\\\/\",\"url\":\"https:\\\/\\\/www.azur-scenic.com\\\/en\\\/product\\\/skai\\\/\",\"name\":\"Ska\u00ef - Azur Scenic\",\"isPartOf\":{\"@id\":\"https:\\\/\\\/www.azur-scenic.com\\\/en\\\/#website\"},\"primaryImageOfPage\":{\"@id\":\"https:\\\/\\\/www.azur-scenic.com\\\/en\\\/product\\\/skai\\\/#primaryimage\"},\"image\":{\"@id\":\"https:\\\/\\\/www.azur-scenic.com\\\/en\\\/product\\\/skai\\\/#primaryimage\"},\"thumbnailUrl\":\"https:\\\/\\\/www.azur-scenic.com\\\/wp-content\\\/uploads\\\/SKAI-BLEU-DRAGEE.jpg\",\"datePublished\":\"2022-10-04T07:23:56+00:00\",\"dateModified\":\"2023-08-02T12:53:35+00:00\",\"breadcrumb\":{\"@id\":\"https:\\\/\\\/www.azur-scenic.com\\\/en\\\/product\\\/skai\\\/#breadcrumb\"},\"inLanguage\":\"en-US\",\"potentialAction\":[{\"@type\":\"ReadAction\",\"target\":[\"https:\\\/\\\/www.azur-scenic.com\\\/en\\\/product\\\/skai\\\/\"]}]},{\"@type\":\"ImageObject\",\"inLanguage\":\"en-US\",\"@id\":\"https:\\\/\\\/www.azur-scenic.com\\\/en\\\/product\\\/skai\\\/#primaryimage\",\"url\":\"https:\\\/\\\/www.azur-scenic.com\\\/wp-content\\\/uploads\\\/SKAI-BLEU-DRAGEE.jpg\",\"contentUrl\":\"https:\\\/\\\/www.azur-scenic.com\\\/wp-content\\\/uploads\\\/SKAI-BLEU-DRAGEE.jpg\",\"width\":2255,\"height\":2255,\"caption\":\"SKAI BLEU DRAGEE\"},{\"@type\":\"BreadcrumbList\",\"@id\":\"https:\\\/\\\/www.azur-scenic.com\\\/en\\\/product\\\/skai\\\/#breadcrumb\",\"itemListElement\":[{\"@type\":\"ListItem\",\"position\":1,\"name\":\"Accueil\",\"item\":\"https:\\\/\\\/www.azur-scenic.com\\\/en\\\/\"},{\"@type\":\"ListItem\",\"position\":2,\"name\":\"Produits\",\"item\":\"https:\\\/\\\/www.azur-scenic.com\\\/en\\\/?page_id=21438\"},{\"@type\":\"ListItem\",\"position\":3,\"name\":\"Ska\u00ef\"}]},{\"@type\":\"WebSite\",\"@id\":\"https:\\\/\\\/www.azur-scenic.com\\\/en\\\/#website\",\"url\":\"https:\\\/\\\/www.azur-scenic.com\\\/en\\\/\",\"name\":\"Azur Scenic\",\"description\":\"Sp\u00e9cialiste de l\u2019\u00e9quipement sc\u00e9nique et de la d\u00e9coration int\u00e9rieure et \u00e9v\u00e9nementielle !\",\"publisher\":{\"@id\":\"https:\\\/\\\/www.azur-scenic.com\\\/en\\\/#organization\"},\"potentialAction\":[{\"@type\":\"SearchAction\",\"target\":{\"@type\":\"EntryPoint\",\"urlTemplate\":\"https:\\\/\\\/www.azur-scenic.com\\\/en\\\/?s={search_term_string}\"},\"query-input\":{\"@type\":\"PropertyValueSpecification\",\"valueRequired\":true,\"valueName\":\"search_term_string\"}}],\"inLanguage\":\"en-US\"},{\"@type\":\"Organization\",\"@id\":\"https:\\\/\\\/www.azur-scenic.com\\\/en\\\/#organization\",\"name\":\"AZUR SCENIC\",\"url\":\"https:\\\/\\\/www.azur-scenic.com\\\/en\\\/\",\"logo\":{\"@type\":\"ImageObject\",\"inLanguage\":\"en-US\",\"@id\":\"https:\\\/\\\/www.azur-scenic.com\\\/en\\\/#\\\/schema\\\/logo\\\/image\\\/\",\"url\":\"https:\\\/\\\/www.azur-scenic.com\\\/wp-content\\\/uploads\\\/2022\\\/09\\\/LOGO-AZUR-SCENIC-Fusion-web-236x64-1.jpg\",\"contentUrl\":\"https:\\\/\\\/www.azur-scenic.com\\\/wp-content\\\/uploads\\\/2022\\\/09\\\/LOGO-AZUR-SCENIC-Fusion-web-236x64-1.jpg\",\"width\":236,\"height\":64,\"caption\":\"AZUR SCENIC\"},\"image\":{\"@id\":\"https:\\\/\\\/www.azur-scenic.com\\\/en\\\/#\\\/schema\\\/logo\\\/image\\\/\"},\"sameAs\":[\"https:\\\/\\\/www.youtube.com\\\/channel\\\/UCPWM2mGPVUt4nYhNlm71WOA\",\"https:\\\/\\\/www.linkedin.com\\\/company\\\/33237605\\\/admin\\\/feed\\\/posts\\\/\"]}]}<\/script>\n<!-- \/ Yoast SEO plugin. -->","yoast_head_json":{"title":"Ska\u00ef - Azur Scenic","robots":{"index":"index","follow":"follow","max-snippet":"max-snippet:-1","max-image-preview":"max-image-preview:large","max-video-preview":"max-video-preview:-1"},"canonical":"https:\/\/www.azur-scenic.com\/en\/product\/skai\/","og_locale":"en_US","og_type":"article","og_title":"Ska\u00ef - Azur Scenic","og_description":"A high-quality, imitation leather version of Ska\u00ef with M1 flame-retardant rating and available in a superb range of 35 colours. Awaterproof, easy-care product that\u2019s hard-wearing and light fast, it can be used both indoors and outdoors. Ideal for seat upholstery and coverings, Ska\u00ef can also be used for dressing panels by stapling, as well as making wall hangings.  Width: 138 - 140 cm Weight: 830 g\/m\u00b2  Flame-retardant rating: M1 C-s3,d0 B2 Composition: 85% PVC, 15% Cotton","og_url":"https:\/\/www.azur-scenic.com\/en\/product\/skai\/","og_site_name":"Azur Scenic","article_modified_time":"2023-08-02T12:53:35+00:00","og_image":[{"width":2255,"height":2255,"url":"https:\/\/www.azur-scenic.com\/wp-content\/uploads\/SKAI-BLEU-DRAGEE.jpg","type":"image\/jpeg"}],"twitter_card":"summary_large_image","twitter_misc":{"Est. reading time":"1 minute"},"schema":{"@context":"https:\/\/schema.org","@graph":[{"@type":"WebPage","@id":"https:\/\/www.azur-scenic.com\/en\/product\/skai\/","url":"https:\/\/www.azur-scenic.com\/en\/product\/skai\/","name":"Ska\u00ef - Azur Scenic","isPartOf":{"@id":"https:\/\/www.azur-scenic.com\/en\/#website"},"primaryImageOfPage":{"@id":"https:\/\/www.azur-scenic.com\/en\/product\/skai\/#primaryimage"},"image":{"@id":"https:\/\/www.azur-scenic.com\/en\/product\/skai\/#primaryimage"},"thumbnailUrl":"https:\/\/www.azur-scenic.com\/wp-content\/uploads\/SKAI-BLEU-DRAGEE.jpg","datePublished":"2022-10-04T07:23:56+00:00","dateModified":"2023-08-02T12:53:35+00:00","breadcrumb":{"@id":"https:\/\/www.azur-scenic.com\/en\/product\/skai\/#breadcrumb"},"inLanguage":"en-US","potentialAction":[{"@type":"ReadAction","target":["https:\/\/www.azur-scenic.com\/en\/product\/skai\/"]}]},{"@type":"ImageObject","inLanguage":"en-US","@id":"https:\/\/www.azur-scenic.com\/en\/product\/skai\/#primaryimage","url":"https:\/\/www.azur-scenic.com\/wp-content\/uploads\/SKAI-BLEU-DRAGEE.jpg","contentUrl":"https:\/\/www.azur-scenic.com\/wp-content\/uploads\/SKAI-BLEU-DRAGEE.jpg","width":2255,"height":2255,"caption":"SKAI BLEU DRAGEE"},{"@type":"BreadcrumbList","@id":"https:\/\/www.azur-scenic.com\/en\/product\/skai\/#breadcrumb","itemListElement":[{"@type":"ListItem","position":1,"name":"Accueil","item":"https:\/\/www.azur-scenic.com\/en\/"},{"@type":"ListItem","position":2,"name":"Produits","item":"https:\/\/www.azur-scenic.com\/en\/?page_id=21438"},{"@type":"ListItem","position":3,"name":"Ska\u00ef"}]},{"@type":"WebSite","@id":"https:\/\/www.azur-scenic.com\/en\/#website","url":"https:\/\/www.azur-scenic.com\/en\/","name":"Azur Scenic","description":"Sp\u00e9cialiste de l\u2019\u00e9quipement sc\u00e9nique et de la d\u00e9coration int\u00e9rieure et \u00e9v\u00e9nementielle !","publisher":{"@id":"https:\/\/www.azur-scenic.com\/en\/#organization"},"potentialAction":[{"@type":"SearchAction","target":{"@type":"EntryPoint","urlTemplate":"https:\/\/www.azur-scenic.com\/en\/?s={search_term_string}"},"query-input":{"@type":"PropertyValueSpecification","valueRequired":true,"valueName":"search_term_string"}}],"inLanguage":"en-US"},{"@type":"Organization","@id":"https:\/\/www.azur-scenic.com\/en\/#organization","name":"AZUR SCENIC","url":"https:\/\/www.azur-scenic.com\/en\/","logo":{"@type":"ImageObject","inLanguage":"en-US","@id":"https:\/\/www.azur-scenic.com\/en\/#\/schema\/logo\/image\/","url":"https:\/\/www.azur-scenic.com\/wp-content\/uploads\/2022\/09\/LOGO-AZUR-SCENIC-Fusion-web-236x64-1.jpg","contentUrl":"https:\/\/www.azur-scenic.com\/wp-content\/uploads\/2022\/09\/LOGO-AZUR-SCENIC-Fusion-web-236x64-1.jpg","width":236,"height":64,"caption":"AZUR SCENIC"},"image":{"@id":"https:\/\/www.azur-scenic.com\/en\/#\/schema\/logo\/image\/"},"sameAs":["https:\/\/www.youtube.com\/channel\/UCPWM2mGPVUt4nYhNlm71WOA","https:\/\/www.linkedin.com\/company\/33237605\/admin\/feed\/posts\/"]}]}},"_links":{"self":[{"href":"https:\/\/www.azur-scenic.com\/en\/wp-json\/wp\/v2\/product\/20048","targetHints":{"allow":["GET"]}}],"collection":[{"href":"https:\/\/www.azur-scenic.com\/en\/wp-json\/wp\/v2\/product"}],"about":[{"href":"https:\/\/www.azur-scenic.com\/en\/wp-json\/wp\/v2\/types\/product"}],"wp:featuredmedia":[{"embeddable":true,"href":"https:\/\/www.azur-scenic.com\/en\/wp-json\/wp\/v2\/media\/15994"}],"wp:attachment":[{"href":"https:\/\/www.azur-scenic.com\/en\/wp-json\/wp\/v2\/media?parent=20048"}],"wp:term":[{"taxonomy":"product_brand","embeddable":true,"href":"https:\/\/www.azur-scenic.com\/en\/wp-json\/wp\/v2\/product_brand?post=20048"},{"taxonomy":"product_cat","embeddable":true,"href":"https:\/\/www.azur-scenic.com\/en\/wp-json\/wp\/v2\/product_cat?post=20048"},{"taxonomy":"product_tag","embeddable":true,"href":"https:\/\/www.azur-scenic.com\/en\/wp-json\/wp\/v2\/product_tag?post=20048"}],"curies":[{"name":"wp","href":"https:\/\/api.w.org\/{rel}","templated":true}]}}