{"id":20123,"date":"2022-10-04T07:23:50","date_gmt":"2022-10-04T07:23:50","guid":{"rendered":"https:\/\/www.azur-scenic.com\/produit\/toile-sorbonne\/"},"modified":"2023-08-02T12:57:18","modified_gmt":"2023-08-02T12:57:18","slug":"sorbonne-canvas","status":"publish","type":"product","link":"https:\/\/www.azur-scenic.com\/en\/product\/sorbonne-canvas\/","title":{"rendered":"Sorbonne Canvas"},"content":{"rendered":"<table style=\"width: 672px;\">\n<thead>\n<tr>\n<th style=\"width: 152px;\">Technical data<\/th>\n<th style=\"width: 229px;\" colspan=\"2\">Value<\/th>\n<th style=\"width: 268px;\">Notes<\/th>\n<\/tr>\n<\/thead>\n<tbody>\n<tr>\n<td style=\"vertical-align: top; width: 152px;\">Width<\/td>\n<td style=\"vertical-align: top; width: 141px;\">280 cm<\/td>\n<td style=\"vertical-align: top; width: 81px;\">\u00a0<\/td>\n<td style=\"vertical-align: top; width: 268px;\">\u00a0<\/td>\n<\/tr>\n<tr>\n<td style=\"vertical-align: top; width: 152px;\">Weight<\/td>\n<td style=\"vertical-align: top; width: 141px;\">200 g\/m\u00b2<\/td>\n<td style=\"vertical-align: top; width: 81px;\">\u00a0<\/td>\n<td style=\"vertical-align: top; width: 268px;\">\u00a0<\/td>\n<\/tr>\n<tr>\n<td style=\"vertical-align: top; width: 152px;\">Thickness<\/td>\n<td style=\"vertical-align: top; width: 141px;\">0.5 mm<\/td>\n<td style=\"vertical-align: top; width: 81px;\">\u00a0<\/td>\n<td style=\"vertical-align: top; width: 268px;\">\u00a0<\/td>\n<\/tr>\n<tr>\n<td style=\"vertical-align: top; width: 152px;\">Flame-retardant rating<\/td>\n<td style=\"vertical-align: top; width: 141px;\"><img decoding=\"async\" style=\"height: 20px; width: 20px;\" src=\"https:\/\/www.azur-scenic.com\/wp-content\/uploads\/csm_icon-flag-france_3304e5e3f9.png\" \/> M1<br \/>\n<img decoding=\"async\" style=\"height: 20px; width: 20px;\" src=\"https:\/\/www.azur-scenic.com\/wp-content\/uploads\/icon-flag-allemagne.png\" \/>\u00a0B1<br \/>\n<img decoding=\"async\" style=\"height: 20px; width: 20px;\" src=\"https:\/\/www.azur-scenic.com\/wp-content\/uploads\/icon-flag-italie.png\" \/>\u00a0UNO<\/td>\n<td style=\"vertical-align: top; width: 81px;\">\u00a0<\/td>\n<td style=\"vertical-align: top; width: 268px;\">Standard: NF P 92 503-504-505<br \/>\nStandard: DIN 4102<br \/>\nStandard: UNI 8456 \/ UNI 9174<\/td>\n<\/tr>\n<tr>\n<td style=\"vertical-align: top; width: 152px;\">Composition<\/td>\n<td style=\"vertical-align: top; width: 503px;\" colspan=\"3\" rowspan=\"1\">100% FR Polyester<\/td>\n<\/tr>\n<tr>\n<td style=\"vertical-align: top; width: 152px;\">Roll length<\/td>\n<td style=\"vertical-align: top; width: 229px;\" colspan=\"2\" rowspan=\"1\">50 m<\/td>\n<td style=\"vertical-align: top; width: 268px;\">Cut-to-length possible<\/td>\n<\/tr>\n<tr>\n<td style=\"vertical-align: top; width: 152px;\">Reflection, Absorption, Transfer<br \/>\nLight and sunlight<\/td>\n<td style=\"vertical-align: top; width: 229px;\" colspan=\"2\" rowspan=\"1\">According to colour<\/td>\n<td style=\"vertical-align: top; width: 268px;\">Standard: DIN EN 410 2011<\/td>\n<\/tr>\n<tr>\n<td style=\"vertical-align: top; width: 152px;\">Light fastness \/ UV resistance Class \/ 8<\/td>\n<td style=\"vertical-align: top; width: 229px;\" colspan=\"2\" rowspan=\"1\">Light colours: 6<br \/>\nMid-tone colours: 5 &#8211; 6<br \/>\nDark colours: 3 &#8211; 4<\/td>\n<td style=\"vertical-align: top; width: 268px;\">Standard: ISO 105 B02<\/td>\n<\/tr>\n<tr>\n<td style=\"vertical-align: top; width: 152px;\">Thermal and visual performance<\/td>\n<td style=\"vertical-align: top; width: 141px;\">Light<br \/>\ngt: 39%<br \/>\nfc: 66%<\/td>\n<td style=\"vertical-align: top; width: 81px;\">Dark colours<br \/>\ngt: 43%<br \/>\nfc: 73%<\/td>\n<td style=\"vertical-align: top; width: 268px;\">Standard: DIN EN 13363<br \/>\nStandard: DIN EN 14501<\/td>\n<\/tr>\n<tr>\n<td style=\"vertical-align: top; width: 152px;\">Acoustic<\/td>\n<td style=\"vertical-align: top; width: 141px;\">0.39<\/td>\n<td style=\"vertical-align: top; width: 81px;\">\u00a0<\/td>\n<td style=\"vertical-align: top; width: 268px;\">Standard: NRC &#8211; EN ISO 354<\/td>\n<\/tr>\n<\/tbody>\n<\/table>\n<p style=\"text-align: justify;\"><span style=\"font-size: 13px;\"><em>Average noise reduction coefficient (NRC) in alpha Sabin<\/em><\/span><br \/>\n<span style=\"font-size: 13px;\"><em>The NRC obtained gives a material\u2019s ability to allow the passage of sound waves. An NRC of near 0 is given to materials that allow the passage of sound waves or which cause little disruption to noise. These are therefore recommended, for example, for covering an acoustic panel. Conversely, a rating of close to 1 means an absorbent material or which strongly disrupts through the reflection of sound waves. It is therefore highly recommended, for example, for improving the acoustic performance of a space according to the required specifications.<\/em><\/span><\/p>\n<div id=\"ConnectiveDocSignExtentionInstalled\" data-extension-version=\"1.0.4\">\u00a0<\/div><\/p>\n","protected":false},"excerpt":{"rendered":"<p>A screen <span style=\"color: #f88523;\"><strong>sun shade<\/strong><\/span> and awning material with <span style=\"color: #f88523;\"><strong>acoustic<\/strong><\/span> properties, rated <span style=\"color: #f88523;\"><strong>M1<\/strong><\/span> flame-retardant and available in an incredible range of <strong><span style=\"color: #f88523;\">24 stylish colours<\/span><\/strong>.<br \/>\nThis <span style=\"color: #f88523;\"><strong>washable<\/strong><\/span> FR Polyester screen is great for both indoor and <span style=\"color: #f88523;\"><strong>outdoor use<\/strong><\/span>.<br \/>\nWhether you\u2019re <strong><span style=\"color: #f88523;\">dressing stands<\/span><\/strong>, making <span style=\"color: #f88523;\"><strong>curtains<\/strong><\/span>, Roman blinds or even Japanese screens, this screen fabric offers a remarkable variety of uses.<br \/>\n<span style=\"color: #f88523;\"><strong>Oeko Tex<\/strong><\/span> certified Sorbonne Canvas is an <span style=\"color: #f88523;\"><strong>environmentally-friendly<\/strong><\/span> material.<\/p>\n<table class=\"table\" style=\"background: #f7f7f7; width: 612px;\">\n<tbody>\n<tr>\n<td style=\"width: 290px;\"><strong>Width<\/strong>: 280 cm<\/td>\n<td style=\"width: 303px;\"><strong>Weight<\/strong>: 200 g\/m\u00b2<\/td>\n<\/tr>\n<tr>\n<td style=\"width: 290px;\"><strong>Flame-retardant rating<\/strong>:<br \/>\n<img decoding=\"async\" style=\"height: 20px; width: 20px;\" src=\"https:\/\/www.azur-scenic.com\/wp-content\/uploads\/csm_icon-flag-france_3304e5e3f9.png\" \/> M1\u00a0\u00a0<img decoding=\"async\" style=\"height: 20px; width: 20px;\" src=\"https:\/\/www.azur-scenic.com\/wp-content\/uploads\/icon-flag-allemagne.png\" \/>B1\u00a0<img decoding=\"async\" style=\"height: 20px; width: 20px;\" src=\"https:\/\/www.azur-scenic.com\/wp-content\/uploads\/icon-flag-italie.png\" \/>UNO<\/td>\n<td style=\"width: 303px;\"><strong>Composition<\/strong>:<br \/>\n100% FR Polyester<\/td>\n<\/tr>\n<\/tbody>\n<\/table>\n<p>\u00a0<\/p>\n<div id=\"ConnectiveDocSignExtentionInstalled\" data-extension-version=\"1.0.4\">\u00a0<\/div>\n","protected":false},"featured_media":16234,"template":"","meta":{"_acf_changed":false},"product_brand":[],"product_cat":[898,893,981,982,979,980],"product_tag":[],"class_list":{"0":"post-20123","1":"product","2":"type-product","3":"status-publish","4":"has-post-thumbnail","6":"product_cat-all-products","7":"product_cat-stage-and-events-material","8":"product_cat-decorative-fabrics","9":"product_cat-canvas-brushed-finishes","10":"product_cat-acoustic-solutions","11":"product_cat-acoustic-absorption","12":"pa_couleurs-001-en","13":"pa_couleurs-002-en","14":"pa_couleurs-003-en","15":"pa_couleurs-110-en","16":"pa_couleurs-150-en","17":"pa_couleurs-180-en","18":"pa_couleurs-330-en","19":"pa_couleurs-380-en","20":"pa_couleurs-420-en","21":"pa_couleurs-500-en","22":"pa_couleurs-510-en","23":"pa_couleurs-515-en","24":"pa_couleurs-525-en","25":"pa_couleurs-530-en","26":"pa_couleurs-570-en","27":"pa_couleurs-610-en","28":"pa_couleurs-650-en","29":"pa_couleurs-720-en","30":"pa_couleurs-730-en","31":"pa_couleurs-760-en","32":"pa_couleurs-784-en","33":"pa_couleurs-790-en","34":"pa_couleurs-870-en","35":"pa_couleurs-960-en","36":"pa_groupes-de-couleurs-white","37":"pa_groupes-de-couleurs-blue","38":"pa_groupes-de-couleurs-off-white","39":"pa_groupes-de-couleurs-greys","40":"pa_groupes-de-couleurs-yellow","41":"pa_groupes-de-couleurs-brown-beige","42":"pa_groupes-de-couleurs-black","43":"pa_groupes-de-couleurs-orange","44":"pa_groupes-de-couleurs-pink","45":"pa_groupes-de-couleurs-green","46":"pa_groupes-de-couleurs-purple","47":"pa_textiles-acoustic-absorbant","48":"pa_textiles-suitable-for-outdoors-use","49":"pa_textiles-flame-retardant-rated","50":"pa_textiles-washable","51":"pa_textiles-oeko-tex","52":"pa_textiles-uv-resistant","53":"pa_textiles-environmentally-friendly","55":"first","56":"instock","57":"shipping-taxable","58":"purchasable","59":"product-type-variable"},"acf":[],"yoast_head":"<!-- This site is optimized with the Yoast SEO plugin v27.3 - https:\/\/yoast.com\/product\/yoast-seo-wordpress\/ -->\n<title>Sorbonne Canvas - Azur Scenic<\/title>\n<meta name=\"robots\" content=\"index, follow, max-snippet:-1, max-image-preview:large, max-video-preview:-1\" \/>\n<link rel=\"canonical\" href=\"https:\/\/www.azur-scenic.com\/en\/product\/sorbonne-canvas\/\" \/>\n<meta property=\"og:locale\" content=\"en_US\" \/>\n<meta property=\"og:type\" content=\"article\" \/>\n<meta property=\"og:title\" content=\"Sorbonne Canvas - Azur Scenic\" \/>\n<meta property=\"og:description\" content=\"A screen sun shade and awning material with acoustic properties, rated M1 flame-retardant and available in an incredible range of 24 stylish colours. This washable FR Polyester screen is great for both indoor and outdoor use. Whether you\u2019re dressing stands, making curtains, Roman blinds or even Japanese screens, this screen fabric offers a remarkable variety of uses. Oeko Tex certified Sorbonne Canvas is an environmentally-friendly material.  Width: 280 cm Weight: 200 g\/m\u00b2  Flame-retardant rating: M1\u00a0\u00a0B1\u00a0UNO Composition: 100% FR Polyester  \u00a0 \u00a0\" \/>\n<meta property=\"og:url\" content=\"https:\/\/www.azur-scenic.com\/en\/product\/sorbonne-canvas\/\" \/>\n<meta property=\"og:site_name\" content=\"Azur Scenic\" \/>\n<meta property=\"article:modified_time\" content=\"2023-08-02T12:57:18+00:00\" \/>\n<meta property=\"og:image\" content=\"https:\/\/www.azur-scenic.com\/wp-content\/uploads\/TOILE-SORBONNE-CAFE-AU-LAIT-scaled.jpg\" \/>\n\t<meta property=\"og:image:width\" content=\"2560\" \/>\n\t<meta property=\"og:image:height\" content=\"2560\" \/>\n\t<meta property=\"og:image:type\" content=\"image\/jpeg\" \/>\n<meta name=\"twitter:card\" content=\"summary_large_image\" \/>\n<meta name=\"twitter:label1\" content=\"Est. reading time\" \/>\n\t<meta name=\"twitter:data1\" content=\"1 minute\" \/>\n<script type=\"application\/ld+json\" class=\"yoast-schema-graph\">{\"@context\":\"https:\\\/\\\/schema.org\",\"@graph\":[{\"@type\":\"WebPage\",\"@id\":\"https:\\\/\\\/www.azur-scenic.com\\\/en\\\/product\\\/sorbonne-canvas\\\/\",\"url\":\"https:\\\/\\\/www.azur-scenic.com\\\/en\\\/product\\\/sorbonne-canvas\\\/\",\"name\":\"Sorbonne Canvas - Azur Scenic\",\"isPartOf\":{\"@id\":\"https:\\\/\\\/www.azur-scenic.com\\\/en\\\/#website\"},\"primaryImageOfPage\":{\"@id\":\"https:\\\/\\\/www.azur-scenic.com\\\/en\\\/product\\\/sorbonne-canvas\\\/#primaryimage\"},\"image\":{\"@id\":\"https:\\\/\\\/www.azur-scenic.com\\\/en\\\/product\\\/sorbonne-canvas\\\/#primaryimage\"},\"thumbnailUrl\":\"https:\\\/\\\/www.azur-scenic.com\\\/wp-content\\\/uploads\\\/TOILE-SORBONNE-CAFE-AU-LAIT-scaled.jpg\",\"datePublished\":\"2022-10-04T07:23:50+00:00\",\"dateModified\":\"2023-08-02T12:57:18+00:00\",\"breadcrumb\":{\"@id\":\"https:\\\/\\\/www.azur-scenic.com\\\/en\\\/product\\\/sorbonne-canvas\\\/#breadcrumb\"},\"inLanguage\":\"en-US\",\"potentialAction\":[{\"@type\":\"ReadAction\",\"target\":[\"https:\\\/\\\/www.azur-scenic.com\\\/en\\\/product\\\/sorbonne-canvas\\\/\"]}]},{\"@type\":\"ImageObject\",\"inLanguage\":\"en-US\",\"@id\":\"https:\\\/\\\/www.azur-scenic.com\\\/en\\\/product\\\/sorbonne-canvas\\\/#primaryimage\",\"url\":\"https:\\\/\\\/www.azur-scenic.com\\\/wp-content\\\/uploads\\\/TOILE-SORBONNE-CAFE-AU-LAIT-scaled.jpg\",\"contentUrl\":\"https:\\\/\\\/www.azur-scenic.com\\\/wp-content\\\/uploads\\\/TOILE-SORBONNE-CAFE-AU-LAIT-scaled.jpg\",\"width\":2560,\"height\":2560,\"caption\":\"TOILE SORBONNE CAFE AU LAIT\"},{\"@type\":\"BreadcrumbList\",\"@id\":\"https:\\\/\\\/www.azur-scenic.com\\\/en\\\/product\\\/sorbonne-canvas\\\/#breadcrumb\",\"itemListElement\":[{\"@type\":\"ListItem\",\"position\":1,\"name\":\"Accueil\",\"item\":\"https:\\\/\\\/www.azur-scenic.com\\\/en\\\/\"},{\"@type\":\"ListItem\",\"position\":2,\"name\":\"Produits\",\"item\":\"https:\\\/\\\/www.azur-scenic.com\\\/en\\\/?page_id=21438\"},{\"@type\":\"ListItem\",\"position\":3,\"name\":\"Sorbonne Canvas\"}]},{\"@type\":\"WebSite\",\"@id\":\"https:\\\/\\\/www.azur-scenic.com\\\/en\\\/#website\",\"url\":\"https:\\\/\\\/www.azur-scenic.com\\\/en\\\/\",\"name\":\"Azur Scenic\",\"description\":\"Sp\u00e9cialiste de l\u2019\u00e9quipement sc\u00e9nique et de la d\u00e9coration int\u00e9rieure et \u00e9v\u00e9nementielle !\",\"publisher\":{\"@id\":\"https:\\\/\\\/www.azur-scenic.com\\\/en\\\/#organization\"},\"potentialAction\":[{\"@type\":\"SearchAction\",\"target\":{\"@type\":\"EntryPoint\",\"urlTemplate\":\"https:\\\/\\\/www.azur-scenic.com\\\/en\\\/?s={search_term_string}\"},\"query-input\":{\"@type\":\"PropertyValueSpecification\",\"valueRequired\":true,\"valueName\":\"search_term_string\"}}],\"inLanguage\":\"en-US\"},{\"@type\":\"Organization\",\"@id\":\"https:\\\/\\\/www.azur-scenic.com\\\/en\\\/#organization\",\"name\":\"AZUR SCENIC\",\"url\":\"https:\\\/\\\/www.azur-scenic.com\\\/en\\\/\",\"logo\":{\"@type\":\"ImageObject\",\"inLanguage\":\"en-US\",\"@id\":\"https:\\\/\\\/www.azur-scenic.com\\\/en\\\/#\\\/schema\\\/logo\\\/image\\\/\",\"url\":\"https:\\\/\\\/www.azur-scenic.com\\\/wp-content\\\/uploads\\\/2022\\\/09\\\/LOGO-AZUR-SCENIC-Fusion-web-236x64-1.jpg\",\"contentUrl\":\"https:\\\/\\\/www.azur-scenic.com\\\/wp-content\\\/uploads\\\/2022\\\/09\\\/LOGO-AZUR-SCENIC-Fusion-web-236x64-1.jpg\",\"width\":236,\"height\":64,\"caption\":\"AZUR SCENIC\"},\"image\":{\"@id\":\"https:\\\/\\\/www.azur-scenic.com\\\/en\\\/#\\\/schema\\\/logo\\\/image\\\/\"},\"sameAs\":[\"https:\\\/\\\/www.youtube.com\\\/channel\\\/UCPWM2mGPVUt4nYhNlm71WOA\",\"https:\\\/\\\/www.linkedin.com\\\/company\\\/33237605\\\/admin\\\/feed\\\/posts\\\/\"]}]}<\/script>\n<!-- \/ Yoast SEO plugin. -->","yoast_head_json":{"title":"Sorbonne Canvas - Azur Scenic","robots":{"index":"index","follow":"follow","max-snippet":"max-snippet:-1","max-image-preview":"max-image-preview:large","max-video-preview":"max-video-preview:-1"},"canonical":"https:\/\/www.azur-scenic.com\/en\/product\/sorbonne-canvas\/","og_locale":"en_US","og_type":"article","og_title":"Sorbonne Canvas - Azur Scenic","og_description":"A screen sun shade and awning material with acoustic properties, rated M1 flame-retardant and available in an incredible range of 24 stylish colours. This washable FR Polyester screen is great for both indoor and outdoor use. Whether you\u2019re dressing stands, making curtains, Roman blinds or even Japanese screens, this screen fabric offers a remarkable variety of uses. Oeko Tex certified Sorbonne Canvas is an environmentally-friendly material.  Width: 280 cm Weight: 200 g\/m\u00b2  Flame-retardant rating: M1\u00a0\u00a0B1\u00a0UNO Composition: 100% FR Polyester  \u00a0 \u00a0","og_url":"https:\/\/www.azur-scenic.com\/en\/product\/sorbonne-canvas\/","og_site_name":"Azur Scenic","article_modified_time":"2023-08-02T12:57:18+00:00","og_image":[{"width":2560,"height":2560,"url":"https:\/\/www.azur-scenic.com\/wp-content\/uploads\/TOILE-SORBONNE-CAFE-AU-LAIT-scaled.jpg","type":"image\/jpeg"}],"twitter_card":"summary_large_image","twitter_misc":{"Est. reading time":"1 minute"},"schema":{"@context":"https:\/\/schema.org","@graph":[{"@type":"WebPage","@id":"https:\/\/www.azur-scenic.com\/en\/product\/sorbonne-canvas\/","url":"https:\/\/www.azur-scenic.com\/en\/product\/sorbonne-canvas\/","name":"Sorbonne Canvas - Azur Scenic","isPartOf":{"@id":"https:\/\/www.azur-scenic.com\/en\/#website"},"primaryImageOfPage":{"@id":"https:\/\/www.azur-scenic.com\/en\/product\/sorbonne-canvas\/#primaryimage"},"image":{"@id":"https:\/\/www.azur-scenic.com\/en\/product\/sorbonne-canvas\/#primaryimage"},"thumbnailUrl":"https:\/\/www.azur-scenic.com\/wp-content\/uploads\/TOILE-SORBONNE-CAFE-AU-LAIT-scaled.jpg","datePublished":"2022-10-04T07:23:50+00:00","dateModified":"2023-08-02T12:57:18+00:00","breadcrumb":{"@id":"https:\/\/www.azur-scenic.com\/en\/product\/sorbonne-canvas\/#breadcrumb"},"inLanguage":"en-US","potentialAction":[{"@type":"ReadAction","target":["https:\/\/www.azur-scenic.com\/en\/product\/sorbonne-canvas\/"]}]},{"@type":"ImageObject","inLanguage":"en-US","@id":"https:\/\/www.azur-scenic.com\/en\/product\/sorbonne-canvas\/#primaryimage","url":"https:\/\/www.azur-scenic.com\/wp-content\/uploads\/TOILE-SORBONNE-CAFE-AU-LAIT-scaled.jpg","contentUrl":"https:\/\/www.azur-scenic.com\/wp-content\/uploads\/TOILE-SORBONNE-CAFE-AU-LAIT-scaled.jpg","width":2560,"height":2560,"caption":"TOILE SORBONNE CAFE AU LAIT"},{"@type":"BreadcrumbList","@id":"https:\/\/www.azur-scenic.com\/en\/product\/sorbonne-canvas\/#breadcrumb","itemListElement":[{"@type":"ListItem","position":1,"name":"Accueil","item":"https:\/\/www.azur-scenic.com\/en\/"},{"@type":"ListItem","position":2,"name":"Produits","item":"https:\/\/www.azur-scenic.com\/en\/?page_id=21438"},{"@type":"ListItem","position":3,"name":"Sorbonne Canvas"}]},{"@type":"WebSite","@id":"https:\/\/www.azur-scenic.com\/en\/#website","url":"https:\/\/www.azur-scenic.com\/en\/","name":"Azur Scenic","description":"Sp\u00e9cialiste de l\u2019\u00e9quipement sc\u00e9nique et de la d\u00e9coration int\u00e9rieure et \u00e9v\u00e9nementielle !","publisher":{"@id":"https:\/\/www.azur-scenic.com\/en\/#organization"},"potentialAction":[{"@type":"SearchAction","target":{"@type":"EntryPoint","urlTemplate":"https:\/\/www.azur-scenic.com\/en\/?s={search_term_string}"},"query-input":{"@type":"PropertyValueSpecification","valueRequired":true,"valueName":"search_term_string"}}],"inLanguage":"en-US"},{"@type":"Organization","@id":"https:\/\/www.azur-scenic.com\/en\/#organization","name":"AZUR SCENIC","url":"https:\/\/www.azur-scenic.com\/en\/","logo":{"@type":"ImageObject","inLanguage":"en-US","@id":"https:\/\/www.azur-scenic.com\/en\/#\/schema\/logo\/image\/","url":"https:\/\/www.azur-scenic.com\/wp-content\/uploads\/2022\/09\/LOGO-AZUR-SCENIC-Fusion-web-236x64-1.jpg","contentUrl":"https:\/\/www.azur-scenic.com\/wp-content\/uploads\/2022\/09\/LOGO-AZUR-SCENIC-Fusion-web-236x64-1.jpg","width":236,"height":64,"caption":"AZUR SCENIC"},"image":{"@id":"https:\/\/www.azur-scenic.com\/en\/#\/schema\/logo\/image\/"},"sameAs":["https:\/\/www.youtube.com\/channel\/UCPWM2mGPVUt4nYhNlm71WOA","https:\/\/www.linkedin.com\/company\/33237605\/admin\/feed\/posts\/"]}]}},"_links":{"self":[{"href":"https:\/\/www.azur-scenic.com\/en\/wp-json\/wp\/v2\/product\/20123","targetHints":{"allow":["GET"]}}],"collection":[{"href":"https:\/\/www.azur-scenic.com\/en\/wp-json\/wp\/v2\/product"}],"about":[{"href":"https:\/\/www.azur-scenic.com\/en\/wp-json\/wp\/v2\/types\/product"}],"wp:featuredmedia":[{"embeddable":true,"href":"https:\/\/www.azur-scenic.com\/en\/wp-json\/wp\/v2\/media\/16234"}],"wp:attachment":[{"href":"https:\/\/www.azur-scenic.com\/en\/wp-json\/wp\/v2\/media?parent=20123"}],"wp:term":[{"taxonomy":"product_brand","embeddable":true,"href":"https:\/\/www.azur-scenic.com\/en\/wp-json\/wp\/v2\/product_brand?post=20123"},{"taxonomy":"product_cat","embeddable":true,"href":"https:\/\/www.azur-scenic.com\/en\/wp-json\/wp\/v2\/product_cat?post=20123"},{"taxonomy":"product_tag","embeddable":true,"href":"https:\/\/www.azur-scenic.com\/en\/wp-json\/wp\/v2\/product_tag?post=20123"}],"curies":[{"name":"wp","href":"https:\/\/api.w.org\/{rel}","templated":true}]}}