{"id":20198,"date":"2022-10-04T07:23:50","date_gmt":"2022-10-04T07:23:50","guid":{"rendered":"https:\/\/www.azur-scenic.com\/produit\/bache-evenementielle\/"},"modified":"2023-08-02T12:53:30","modified_gmt":"2023-08-02T12:53:30","slug":"events-awning","status":"publish","type":"product","link":"https:\/\/www.azur-scenic.com\/en\/product\/events-awning\/","title":{"rendered":"Events awning"},"content":{"rendered":"<table>\n<thead>\n<tr>\n<th style=\"width: 170px;\">Technical data<\/th>\n<th style=\"width: 151px;\">Value<\/th>\n<th style=\"width: 179px;\">Notes<\/th>\n<\/tr>\n<\/thead>\n<tbody>\n<tr>\n<td style=\"vertical-align: top;\">Width<\/td>\n<td style=\"vertical-align: top; width: 151px;\">250 cm<\/td>\n<td style=\"vertical-align: top; width: 179px;\">\u00a0<\/td>\n<\/tr>\n<tr>\n<td style=\"vertical-align: top;\">Weight<\/td>\n<td style=\"vertical-align: top; width: 151px;\">580 g\/m\u00b2<\/td>\n<td style=\"vertical-align: top; width: 179px;\">Standard: EN ISO 2286-2<\/td>\n<\/tr>\n<tr>\n<td style=\"vertical-align: top;\">Thickness<\/td>\n<td style=\"vertical-align: top; width: 151px;\">0.5 mm<\/td>\n<td style=\"vertical-align: top; width: 179px;\">\u00a0<\/td>\n<\/tr>\n<tr>\n<td style=\"vertical-align: top;\">Flame-retardant rating<\/td>\n<td style=\"vertical-align: top; width: 151px;\"><img decoding=\"async\" style=\"height: 20px; width: 20px;\" src=\"https:\/\/www.azur-scenic.com\/wp-content\/uploads\/csm_icon-flag-france_3304e5e3f9.png\" \/> M2<\/td>\n<td style=\"vertical-align: top; width: 179px;\">Standard: NF P 92-507<\/td>\n<\/tr>\n<tr>\n<td style=\"vertical-align: top;\">Composition<\/td>\n<td style=\"vertical-align: top;\" colspan=\"2\">100% Polyester base + PVC treatment<\/td>\n<\/tr>\n<tr>\n<td style=\"vertical-align: top;\">Roll length<\/td>\n<td style=\"vertical-align: top; width: 151px;\">65 m<br \/>\nRolled full-width<\/td>\n<td style=\"vertical-align: top; width: 179px;\">Possibility to order half-lengths<\/td>\n<\/tr>\n<tr>\n<td style=\"vertical-align: top;\">Split resistance<\/td>\n<td style=\"vertical-align: top; width: 151px;\">Warp: 2700 N\/5 cm<br \/>\nWeft: 2900 N\/5 cm<\/td>\n<td style=\"vertical-align: top; width: 179px;\">Standard: EN ISO 1421\/V1<\/td>\n<\/tr>\n<tr>\n<td style=\"vertical-align: top;\">Tear resistance<\/td>\n<td style=\"vertical-align: top; width: 151px;\">Warp: 300 N<br \/>\nWeft: 300 N<\/td>\n<td style=\"vertical-align: top; width: 179px;\">Standard: DIN 53363<\/td>\n<\/tr>\n<tr>\n<td style=\"vertical-align: top;\">Adhesion<\/td>\n<td style=\"vertical-align: top; width: 151px;\">20 N\/cm<\/td>\n<td style=\"vertical-align: top; width: 179px;\">\u00a0<\/td>\n<\/tr>\n<tr>\n<td style=\"vertical-align: top;\">Thermal resistance<\/td>\n<td style=\"vertical-align: top; width: 151px;\">-40\u00b0C \/ +70\u00b0C<\/td>\n<td style=\"vertical-align: top; width: 179px;\">\u00a0<\/td>\n<\/tr>\n<tr>\n<td style=\"vertical-align: top;\">Light fastness of colours<\/td>\n<td style=\"vertical-align: top; width: 151px;\">> 6<\/td>\n<td style=\"vertical-align: top; width: 179px;\">Standard: EN ISO 105 B02<\/td>\n<\/tr>\n<tr>\n<td style=\"vertical-align: top;\">Crease resistance<\/td>\n<td style=\"vertical-align: top; width: 151px;\">100,000<br \/>\nSplit-resistant<\/td>\n<td style=\"vertical-align: top; width: 179px;\">Standard: DIN 53359 A<\/td>\n<\/tr>\n<tr>\n<td style=\"vertical-align: top;\">Finishes<\/td>\n<td style=\"vertical-align: top;\" colspan=\"2\" rowspan=\"1\">Shiny double-sided gloss<br \/>\nFungicide treatment<br \/>\nUV-protection treatment<\/td>\n<\/tr>\n<\/tbody>\n<\/table>\n<p>\u00a0<\/p><\/p>\n","protected":false},"excerpt":{"rendered":"<p>Truck-style <strong><span style=\"color: #f88523;\">reinforced tarpaulin<\/span><\/strong> material with <span style=\"color: #f88523;\"><strong>M2<\/strong><\/span> flame-retardant rating, available in 11 colours.<br \/>\nBoth sides feature a gloss finish, each giving a slightly different effect: 1 smooth side and 1 side with \u201cgrained\u201d woven effect.<br \/>\nOur workshops offer hard-wearing waterproof assembly in a range of finishes using the <strong><span style=\"color: #f88523;\">HF welding<\/span><\/strong> technique.<br \/>\nThis <span style=\"color: #f88523;\"><strong>hard-wearing<\/strong><\/span> tarpaulin material is <span style=\"color: #f88523;\"><strong>easy-care<\/strong><\/span> and <span style=\"color: #f88523;\"><strong>UV-resistant<\/strong><\/span> for use both indoors and <span style=\"color: #f88523;\"><strong>outdoors<\/strong><\/span>.<br \/>\nIt also offers <span style=\"color: #f88523;\"><strong>sound-insulation<\/strong><\/span> properties and can be used for a range of applications including making tents and big tops, dressing stage boxes and blocks, sets, stands and more&#8230;<\/p>\n<table class=\"table\" style=\"background: #f7f7f7;\">\n<tbody>\n<tr>\n<td><strong>Width<\/strong>: 250 cm<\/td>\n<td><strong>Weight<\/strong>: 580 g\/m\u00b2<\/td>\n<\/tr>\n<tr>\n<td><strong>Flame-retardant rating<\/strong>: <img decoding=\"async\" style=\"height: 20px; width: 20px;\" src=\"https:\/\/www.azur-scenic.com\/wp-content\/uploads\/csm_icon-flag-france_3304e5e3f9.png\" \/> M2<\/td>\n<td><strong>Composition<\/strong>: 100% Polyester base<br \/>\n+ PVC treatment<\/td>\n<\/tr>\n<\/tbody>\n<\/table>\n","protected":false},"featured_media":16574,"template":"","meta":{"_acf_changed":false},"product_brand":[],"product_cat":[898,1200,1234],"product_tag":[],"class_list":{"0":"post-20198","1":"product","2":"type-product","3":"status-publish","4":"has-post-thumbnail","6":"product_cat-all-products","7":"product_cat-projection-screens-pvc-canvas","8":"product_cat-miscellaneous-pvc","9":"pa_couleurs-001-en","10":"pa_couleurs-002-en","11":"pa_couleurs-003-en","12":"pa_couleurs-090-en","13":"pa_couleurs-100-en","14":"pa_couleurs-110-en","15":"pa_couleurs-250-en","16":"pa_couleurs-1777","17":"pa_couleurs-450-en","18":"pa_couleurs-655-en","19":"pa_couleurs-730-en","20":"pa_couleurs-765-en","21":"pa_groupes-de-couleurs-white","22":"pa_groupes-de-couleurs-blue","23":"pa_groupes-de-couleurs-mixed","24":"pa_groupes-de-couleurs-off-white","25":"pa_groupes-de-couleurs-greys","26":"pa_groupes-de-couleurs-yellow","27":"pa_groupes-de-couleurs-black","28":"pa_groupes-de-couleurs-orange","29":"pa_groupes-de-couleurs-red","30":"pa_groupes-de-couleurs-green","31":"pa_textiles-suitable-for-outdoors-use","32":"pa_textiles-flame-retardant-rated","33":"pa_textiles-acoustic-insulation","34":"pa_textiles-washable","36":"first","37":"instock","38":"shipping-taxable","39":"purchasable","40":"product-type-variable"},"acf":[],"yoast_head":"<!-- This site is optimized with the Yoast SEO plugin v27.3 - https:\/\/yoast.com\/product\/yoast-seo-wordpress\/ -->\n<title>Events awning - Azur Scenic<\/title>\n<meta name=\"robots\" content=\"index, follow, max-snippet:-1, max-image-preview:large, max-video-preview:-1\" \/>\n<link rel=\"canonical\" href=\"https:\/\/www.azur-scenic.com\/en\/product\/events-awning\/\" \/>\n<meta property=\"og:locale\" content=\"en_US\" \/>\n<meta property=\"og:type\" content=\"article\" \/>\n<meta property=\"og:title\" content=\"Events awning - Azur Scenic\" \/>\n<meta property=\"og:description\" content=\"Truck-style reinforced tarpaulin material with M2 flame-retardant rating, available in 11 colours. Both sides feature a gloss finish, each giving a slightly different effect: 1 smooth side and 1 side with \u201cgrained\u201d woven effect. Our workshops offer hard-wearing waterproof assembly in a range of finishes using the HF welding technique. This hard-wearing tarpaulin material is easy-care and UV-resistant for use both indoors and outdoors. It also offers sound-insulation properties and can be used for a range of applications including making tents and big tops, dressing stage boxes and blocks, sets, stands and more...  Width: 250 cm Weight: 580 g\/m\u00b2  Flame-retardant rating: M2 Composition: 100% Polyester base + PVC treatment\" \/>\n<meta property=\"og:url\" content=\"https:\/\/www.azur-scenic.com\/en\/product\/events-awning\/\" \/>\n<meta property=\"og:site_name\" content=\"Azur Scenic\" \/>\n<meta property=\"article:modified_time\" content=\"2023-08-02T12:53:30+00:00\" \/>\n<meta property=\"og:image\" content=\"https:\/\/www.azur-scenic.com\/wp-content\/uploads\/BACHE-EVENEMENTIELLE-NOIR.jpg\" \/>\n\t<meta property=\"og:image:width\" content=\"1821\" \/>\n\t<meta property=\"og:image:height\" content=\"1821\" \/>\n\t<meta property=\"og:image:type\" content=\"image\/jpeg\" \/>\n<meta name=\"twitter:card\" content=\"summary_large_image\" \/>\n<script type=\"application\/ld+json\" class=\"yoast-schema-graph\">{\"@context\":\"https:\\\/\\\/schema.org\",\"@graph\":[{\"@type\":\"WebPage\",\"@id\":\"https:\\\/\\\/www.azur-scenic.com\\\/en\\\/product\\\/events-awning\\\/\",\"url\":\"https:\\\/\\\/www.azur-scenic.com\\\/en\\\/product\\\/events-awning\\\/\",\"name\":\"Events awning - Azur Scenic\",\"isPartOf\":{\"@id\":\"https:\\\/\\\/www.azur-scenic.com\\\/en\\\/#website\"},\"primaryImageOfPage\":{\"@id\":\"https:\\\/\\\/www.azur-scenic.com\\\/en\\\/product\\\/events-awning\\\/#primaryimage\"},\"image\":{\"@id\":\"https:\\\/\\\/www.azur-scenic.com\\\/en\\\/product\\\/events-awning\\\/#primaryimage\"},\"thumbnailUrl\":\"https:\\\/\\\/www.azur-scenic.com\\\/wp-content\\\/uploads\\\/BACHE-EVENEMENTIELLE-NOIR.jpg\",\"datePublished\":\"2022-10-04T07:23:50+00:00\",\"dateModified\":\"2023-08-02T12:53:30+00:00\",\"breadcrumb\":{\"@id\":\"https:\\\/\\\/www.azur-scenic.com\\\/en\\\/product\\\/events-awning\\\/#breadcrumb\"},\"inLanguage\":\"en-US\",\"potentialAction\":[{\"@type\":\"ReadAction\",\"target\":[\"https:\\\/\\\/www.azur-scenic.com\\\/en\\\/product\\\/events-awning\\\/\"]}]},{\"@type\":\"ImageObject\",\"inLanguage\":\"en-US\",\"@id\":\"https:\\\/\\\/www.azur-scenic.com\\\/en\\\/product\\\/events-awning\\\/#primaryimage\",\"url\":\"https:\\\/\\\/www.azur-scenic.com\\\/wp-content\\\/uploads\\\/BACHE-EVENEMENTIELLE-NOIR.jpg\",\"contentUrl\":\"https:\\\/\\\/www.azur-scenic.com\\\/wp-content\\\/uploads\\\/BACHE-EVENEMENTIELLE-NOIR.jpg\",\"width\":1821,\"height\":1821,\"caption\":\"BACHE EVENEMENTIELLE NOIR\"},{\"@type\":\"BreadcrumbList\",\"@id\":\"https:\\\/\\\/www.azur-scenic.com\\\/en\\\/product\\\/events-awning\\\/#breadcrumb\",\"itemListElement\":[{\"@type\":\"ListItem\",\"position\":1,\"name\":\"Accueil\",\"item\":\"https:\\\/\\\/www.azur-scenic.com\\\/en\\\/\"},{\"@type\":\"ListItem\",\"position\":2,\"name\":\"Produits\",\"item\":\"https:\\\/\\\/www.azur-scenic.com\\\/en\\\/?page_id=21438\"},{\"@type\":\"ListItem\",\"position\":3,\"name\":\"Events awning\"}]},{\"@type\":\"WebSite\",\"@id\":\"https:\\\/\\\/www.azur-scenic.com\\\/en\\\/#website\",\"url\":\"https:\\\/\\\/www.azur-scenic.com\\\/en\\\/\",\"name\":\"Azur Scenic\",\"description\":\"Sp\u00e9cialiste de l\u2019\u00e9quipement sc\u00e9nique et de la d\u00e9coration int\u00e9rieure et \u00e9v\u00e9nementielle !\",\"publisher\":{\"@id\":\"https:\\\/\\\/www.azur-scenic.com\\\/en\\\/#organization\"},\"potentialAction\":[{\"@type\":\"SearchAction\",\"target\":{\"@type\":\"EntryPoint\",\"urlTemplate\":\"https:\\\/\\\/www.azur-scenic.com\\\/en\\\/?s={search_term_string}\"},\"query-input\":{\"@type\":\"PropertyValueSpecification\",\"valueRequired\":true,\"valueName\":\"search_term_string\"}}],\"inLanguage\":\"en-US\"},{\"@type\":\"Organization\",\"@id\":\"https:\\\/\\\/www.azur-scenic.com\\\/en\\\/#organization\",\"name\":\"AZUR SCENIC\",\"url\":\"https:\\\/\\\/www.azur-scenic.com\\\/en\\\/\",\"logo\":{\"@type\":\"ImageObject\",\"inLanguage\":\"en-US\",\"@id\":\"https:\\\/\\\/www.azur-scenic.com\\\/en\\\/#\\\/schema\\\/logo\\\/image\\\/\",\"url\":\"https:\\\/\\\/www.azur-scenic.com\\\/wp-content\\\/uploads\\\/2022\\\/09\\\/LOGO-AZUR-SCENIC-Fusion-web-236x64-1.jpg\",\"contentUrl\":\"https:\\\/\\\/www.azur-scenic.com\\\/wp-content\\\/uploads\\\/2022\\\/09\\\/LOGO-AZUR-SCENIC-Fusion-web-236x64-1.jpg\",\"width\":236,\"height\":64,\"caption\":\"AZUR SCENIC\"},\"image\":{\"@id\":\"https:\\\/\\\/www.azur-scenic.com\\\/en\\\/#\\\/schema\\\/logo\\\/image\\\/\"},\"sameAs\":[\"https:\\\/\\\/www.youtube.com\\\/channel\\\/UCPWM2mGPVUt4nYhNlm71WOA\",\"https:\\\/\\\/www.linkedin.com\\\/company\\\/33237605\\\/admin\\\/feed\\\/posts\\\/\"]}]}<\/script>\n<!-- \/ Yoast SEO plugin. -->","yoast_head_json":{"title":"Events awning - Azur Scenic","robots":{"index":"index","follow":"follow","max-snippet":"max-snippet:-1","max-image-preview":"max-image-preview:large","max-video-preview":"max-video-preview:-1"},"canonical":"https:\/\/www.azur-scenic.com\/en\/product\/events-awning\/","og_locale":"en_US","og_type":"article","og_title":"Events awning - Azur Scenic","og_description":"Truck-style reinforced tarpaulin material with M2 flame-retardant rating, available in 11 colours. Both sides feature a gloss finish, each giving a slightly different effect: 1 smooth side and 1 side with \u201cgrained\u201d woven effect. Our workshops offer hard-wearing waterproof assembly in a range of finishes using the HF welding technique. This hard-wearing tarpaulin material is easy-care and UV-resistant for use both indoors and outdoors. It also offers sound-insulation properties and can be used for a range of applications including making tents and big tops, dressing stage boxes and blocks, sets, stands and more...  Width: 250 cm Weight: 580 g\/m\u00b2  Flame-retardant rating: M2 Composition: 100% Polyester base + PVC treatment","og_url":"https:\/\/www.azur-scenic.com\/en\/product\/events-awning\/","og_site_name":"Azur Scenic","article_modified_time":"2023-08-02T12:53:30+00:00","og_image":[{"width":1821,"height":1821,"url":"https:\/\/www.azur-scenic.com\/wp-content\/uploads\/BACHE-EVENEMENTIELLE-NOIR.jpg","type":"image\/jpeg"}],"twitter_card":"summary_large_image","schema":{"@context":"https:\/\/schema.org","@graph":[{"@type":"WebPage","@id":"https:\/\/www.azur-scenic.com\/en\/product\/events-awning\/","url":"https:\/\/www.azur-scenic.com\/en\/product\/events-awning\/","name":"Events awning - Azur Scenic","isPartOf":{"@id":"https:\/\/www.azur-scenic.com\/en\/#website"},"primaryImageOfPage":{"@id":"https:\/\/www.azur-scenic.com\/en\/product\/events-awning\/#primaryimage"},"image":{"@id":"https:\/\/www.azur-scenic.com\/en\/product\/events-awning\/#primaryimage"},"thumbnailUrl":"https:\/\/www.azur-scenic.com\/wp-content\/uploads\/BACHE-EVENEMENTIELLE-NOIR.jpg","datePublished":"2022-10-04T07:23:50+00:00","dateModified":"2023-08-02T12:53:30+00:00","breadcrumb":{"@id":"https:\/\/www.azur-scenic.com\/en\/product\/events-awning\/#breadcrumb"},"inLanguage":"en-US","potentialAction":[{"@type":"ReadAction","target":["https:\/\/www.azur-scenic.com\/en\/product\/events-awning\/"]}]},{"@type":"ImageObject","inLanguage":"en-US","@id":"https:\/\/www.azur-scenic.com\/en\/product\/events-awning\/#primaryimage","url":"https:\/\/www.azur-scenic.com\/wp-content\/uploads\/BACHE-EVENEMENTIELLE-NOIR.jpg","contentUrl":"https:\/\/www.azur-scenic.com\/wp-content\/uploads\/BACHE-EVENEMENTIELLE-NOIR.jpg","width":1821,"height":1821,"caption":"BACHE EVENEMENTIELLE NOIR"},{"@type":"BreadcrumbList","@id":"https:\/\/www.azur-scenic.com\/en\/product\/events-awning\/#breadcrumb","itemListElement":[{"@type":"ListItem","position":1,"name":"Accueil","item":"https:\/\/www.azur-scenic.com\/en\/"},{"@type":"ListItem","position":2,"name":"Produits","item":"https:\/\/www.azur-scenic.com\/en\/?page_id=21438"},{"@type":"ListItem","position":3,"name":"Events awning"}]},{"@type":"WebSite","@id":"https:\/\/www.azur-scenic.com\/en\/#website","url":"https:\/\/www.azur-scenic.com\/en\/","name":"Azur Scenic","description":"Sp\u00e9cialiste de l\u2019\u00e9quipement sc\u00e9nique et de la d\u00e9coration int\u00e9rieure et \u00e9v\u00e9nementielle !","publisher":{"@id":"https:\/\/www.azur-scenic.com\/en\/#organization"},"potentialAction":[{"@type":"SearchAction","target":{"@type":"EntryPoint","urlTemplate":"https:\/\/www.azur-scenic.com\/en\/?s={search_term_string}"},"query-input":{"@type":"PropertyValueSpecification","valueRequired":true,"valueName":"search_term_string"}}],"inLanguage":"en-US"},{"@type":"Organization","@id":"https:\/\/www.azur-scenic.com\/en\/#organization","name":"AZUR SCENIC","url":"https:\/\/www.azur-scenic.com\/en\/","logo":{"@type":"ImageObject","inLanguage":"en-US","@id":"https:\/\/www.azur-scenic.com\/en\/#\/schema\/logo\/image\/","url":"https:\/\/www.azur-scenic.com\/wp-content\/uploads\/2022\/09\/LOGO-AZUR-SCENIC-Fusion-web-236x64-1.jpg","contentUrl":"https:\/\/www.azur-scenic.com\/wp-content\/uploads\/2022\/09\/LOGO-AZUR-SCENIC-Fusion-web-236x64-1.jpg","width":236,"height":64,"caption":"AZUR SCENIC"},"image":{"@id":"https:\/\/www.azur-scenic.com\/en\/#\/schema\/logo\/image\/"},"sameAs":["https:\/\/www.youtube.com\/channel\/UCPWM2mGPVUt4nYhNlm71WOA","https:\/\/www.linkedin.com\/company\/33237605\/admin\/feed\/posts\/"]}]}},"_links":{"self":[{"href":"https:\/\/www.azur-scenic.com\/en\/wp-json\/wp\/v2\/product\/20198","targetHints":{"allow":["GET"]}}],"collection":[{"href":"https:\/\/www.azur-scenic.com\/en\/wp-json\/wp\/v2\/product"}],"about":[{"href":"https:\/\/www.azur-scenic.com\/en\/wp-json\/wp\/v2\/types\/product"}],"wp:featuredmedia":[{"embeddable":true,"href":"https:\/\/www.azur-scenic.com\/en\/wp-json\/wp\/v2\/media\/16574"}],"wp:attachment":[{"href":"https:\/\/www.azur-scenic.com\/en\/wp-json\/wp\/v2\/media?parent=20198"}],"wp:term":[{"taxonomy":"product_brand","embeddable":true,"href":"https:\/\/www.azur-scenic.com\/en\/wp-json\/wp\/v2\/product_brand?post=20198"},{"taxonomy":"product_cat","embeddable":true,"href":"https:\/\/www.azur-scenic.com\/en\/wp-json\/wp\/v2\/product_cat?post=20198"},{"taxonomy":"product_tag","embeddable":true,"href":"https:\/\/www.azur-scenic.com\/en\/wp-json\/wp\/v2\/product_tag?post=20198"}],"curies":[{"name":"wp","href":"https:\/\/api.w.org\/{rel}","templated":true}]}}