{"id":24569,"date":"2023-06-29T12:13:48","date_gmt":"2023-06-29T12:13:48","guid":{"rendered":"https:\/\/www.azur-scenic.com\/?post_type=product&#038;p=24569"},"modified":"2023-08-02T12:58:42","modified_gmt":"2023-08-02T12:58:42","slug":"front-curtain","status":"publish","type":"product","link":"https:\/\/www.azur-scenic.com\/en\/product\/front-curtain\/","title":{"rendered":"Front curtain"},"content":{"rendered":"<h1><span style=\"font-size: 28px;\">THEATRE CURTAINS : AZUR SCENIC CUSTOM FRONT CURTAIN<\/span><\/h1>\n<h2><span style=\"font-size: 20px;\"><strong>WHAT MATERIAL FOR YOUR PROSCENIUM CURTAIN?\u00a0<\/strong><\/span><\/h2>\n<p>A <strong>front curtain<\/strong> is traditionally made from black or red velour. <br \/>\nWe offer these typical curtains in <a href=\"https:\/\/www.azur-scenic.com\/en\/product-category\/cotton-velour\/\">flame-retardant cotton velvet<\/a> or <a href=\"https:\/\/www.azur-scenic.com\/en\/product-category\/polyester-velour\/\">flame-retardant polyester velvet<\/a>.<\/p>\n<p>Looking for a more unusual stage curtain? <br \/>\nBut we can also make you a more extravagant proscenium curtain (<strong>glitter velvet<\/strong>&#8230;) or even a fully customized one in a flame-retardant fabric (velvet or other textile) printed with your image.<\/p>\n<p>Looking for a more<strong> economical curtain<\/strong>? <br \/>\nYou don&#8217;t have to choose velvet for a proscenium curtain! Azur Scenic also makes stage curtains in <a href=\"https:\/\/www.azur-scenic.com\/en\/product\/opaque\/\">flame retardant stage fleece<\/a>.<\/p>\n<p>Do you have sound insulation problems between your stage area and your public space? <br \/>\nChoose a curtain made from <a href=\"https:\/\/www.azur-scenic.com\/en\/product-category\/acoustic-absorption\/\">sound-absorbing fabric<\/a>!<\/p>\n<p>Feel free to browse our wide range of flame-retardant textiles!<\/p>\n<h2><span style=\"font-size: 20px;\"><strong>WHICH OPENING FOR YOUR HOUSE CURTAIN?\u00a0<\/strong><\/span><\/h2>\n<p>Most <strong>proscenium curtains<\/strong> have a <strong>greek opening<\/strong>, i.e. a lateral opening from the center to the sides of the stage.<br \/>\nThis stage curtain is made in 2 parts, and mounted on a<strong> stage track<\/strong>.<br \/>\nDid you know that Azur Scenic offers turnkey solutions, as well as custom assembly and installation of <a href=\"https:\/\/www.azur-scenic.com\/en\/product-category\/stage-curtain-tracks\/\">manual or motorized stage tracks<\/a>? Ask our technical teams for advice on choosing the products best suited to your stage space and budget!\u00a0<\/p>\n<p>Looking for a main curtain with a different opening? <br \/>\nNo problem, as <strong>stage curtain experts<\/strong>, we also design more technical curtains with a variety of openings: <strong>Greek opening traveller curtain<\/strong>, <strong>Italian opening swag curtain<\/strong>, <strong>German opening fly curtain<\/strong> (or Guillotine), <strong>French opening swag and fly curtain<\/strong>, <strong>Roman blind<\/strong>, <strong>Venetian opening festoon curtain<\/strong> or <strong>Austrian opening festoon curtain<\/strong>.<\/p>\n<h2><span style=\"font-size: 20px;\"><strong>WHAT FINISHES FOR YOUR STAGE CURTAIN?\u00a0<\/strong><\/span><\/h2>\n<p>At Azur Scenic, <strong>made-to-measure stage curtains<\/strong> are our business! <br \/>\nSo we make your curtains with the finishes best suited to your stage. <br \/>\nFor a house curtain, often installed under a track, the most classic top finish is a strap with eyelets and snap hooks, the sides are often finished with hems and the bottom is embellished with a leaded hem (or weighted hem) for an aesthetic finish. <br \/>\nBut since we make all our curtains to order, we can offer you all kinds of finishes: knots, grips, pockets for hanging poles or weighted poles&#8230;<\/p>\n<p>What about the fullness of your curtain? <br \/>\nFor a plush effect, many proscenium curtains have a <strong>pleated head with 100% fullness<\/strong>. But here again, we&#8217;ll adapt to your needs and technical constraints! <br \/>\nPleated head with 80, 50, 40% fullness&#8230; anything&#8217;s possible, even a flat curtain!<\/p>\n","protected":false},"excerpt":{"rendered":"<p>The <strong>proscenium curtain<\/strong> is the best-known and most prestigious of theatre curtains, because it&#8217;s the audience&#8217;s first contact with the show. So it&#8217;s essential for any venue to have a <strong>house curtain<\/strong> that reflects its image!<\/p>\n<p>That&#8217;s why Azur-Scenic offers <strong>customized production of all types of front curtains<\/strong>:<\/p>\n<p>From the traditional <strong>velour stage curtain<\/strong> to the most extravagant flame-retardant fabric stage curtains, which can even include a personalized print<\/p>\n<p>From the classic <strong>2-part greek opening main curtain<\/strong> to the most theatrical openings (Italian, Venetian&#8230;)<\/p>\n<p>From the simple, flat front curtain to the opulent, <strong>sound-absorbing pleated proscenium curtain<\/strong><\/p>\n<p>Let our expert teams <strong>design and manufacture your ideal proscenium curtain<\/strong>!<\/p>\n<p>&nbsp;<\/p>\n<p><a href=\"https:\/\/www.azur-scenic.com\/en\/contact\/\"><strong>NEED ADVICE OR A QUOTE?<\/strong><\/a><br \/>\n<a href=\"https:\/\/www.azur-scenic.com\/en\/contact\/\"><strong>CONTACT OUR SALES TEAM!<\/strong><\/a><\/p>\n<p>&nbsp;<\/p>\n","protected":false},"featured_media":24573,"template":"","meta":{"_acf_changed":false},"product_brand":[],"product_cat":[898,1792,897],"product_tag":[1795,1796,1797,1798,1800],"class_list":{"0":"post-24569","1":"product","2":"type-product","3":"status-publish","4":"has-post-thumbnail","6":"product_cat-all-products","7":"product_cat-stage-curtains","8":"product_cat-theatre","9":"product_tag-rideau-de-scene-en","10":"product_tag-rideau-avant-scene-en","11":"product_tag-rideau-de-theatre-en","12":"product_tag-rideau-sur-mesure-en","13":"product_tag-rideau-davant-scene-en-2","14":"pa_groupes-de-couleurs-mixed","16":"first","17":"instock","18":"shipping-taxable","19":"purchasable","20":"product-type-simple"},"acf":[],"yoast_head":"<!-- This site is optimized with the Yoast SEO plugin v27.3 - https:\/\/yoast.com\/product\/yoast-seo-wordpress\/ -->\n<title>Front curtain - Azur Scenic<\/title>\n<meta name=\"description\" content=\"Azur Scenic offers customized production of all types of theatre curtains, including Front curtain in velvet and many other flame-retardant fabrics.\" \/>\n<meta name=\"robots\" content=\"index, follow, max-snippet:-1, max-image-preview:large, max-video-preview:-1\" \/>\n<link rel=\"canonical\" href=\"https:\/\/www.azur-scenic.com\/en\/product\/front-curtain\/\" \/>\n<meta property=\"og:locale\" content=\"en_US\" \/>\n<meta property=\"og:type\" content=\"article\" \/>\n<meta property=\"og:title\" content=\"Front curtain - Azur Scenic\" \/>\n<meta property=\"og:description\" content=\"Azur Scenic offers customized production of all types of theatre curtains, including Front curtain in velvet and many other flame-retardant fabrics.\" \/>\n<meta property=\"og:url\" content=\"https:\/\/www.azur-scenic.com\/en\/product\/front-curtain\/\" \/>\n<meta property=\"og:site_name\" content=\"Azur Scenic\" \/>\n<meta property=\"article:modified_time\" content=\"2023-08-02T12:58:42+00:00\" \/>\n<meta property=\"og:image\" content=\"https:\/\/www.azur-scenic.com\/wp-content\/uploads\/Visuel-rideau-d-avant-scene.jpg\" \/>\n\t<meta property=\"og:image:width\" content=\"2362\" \/>\n\t<meta property=\"og:image:height\" content=\"2362\" \/>\n\t<meta property=\"og:image:type\" content=\"image\/jpeg\" \/>\n<meta name=\"twitter:card\" content=\"summary_large_image\" \/>\n<meta name=\"twitter:label1\" content=\"Est. reading time\" \/>\n\t<meta name=\"twitter:data1\" content=\"3 minutes\" \/>\n<script type=\"application\/ld+json\" class=\"yoast-schema-graph\">{\"@context\":\"https:\\\/\\\/schema.org\",\"@graph\":[{\"@type\":\"WebPage\",\"@id\":\"https:\\\/\\\/www.azur-scenic.com\\\/en\\\/product\\\/front-curtain\\\/\",\"url\":\"https:\\\/\\\/www.azur-scenic.com\\\/en\\\/product\\\/front-curtain\\\/\",\"name\":\"Front curtain - Azur Scenic\",\"isPartOf\":{\"@id\":\"https:\\\/\\\/www.azur-scenic.com\\\/en\\\/#website\"},\"primaryImageOfPage\":{\"@id\":\"https:\\\/\\\/www.azur-scenic.com\\\/en\\\/product\\\/front-curtain\\\/#primaryimage\"},\"image\":{\"@id\":\"https:\\\/\\\/www.azur-scenic.com\\\/en\\\/product\\\/front-curtain\\\/#primaryimage\"},\"thumbnailUrl\":\"https:\\\/\\\/www.azur-scenic.com\\\/wp-content\\\/uploads\\\/Visuel-rideau-d-avant-scene.jpg\",\"datePublished\":\"2023-06-29T12:13:48+00:00\",\"dateModified\":\"2023-08-02T12:58:42+00:00\",\"description\":\"Azur Scenic offers customized production of all types of theatre curtains, including Front curtain in velvet and many other flame-retardant fabrics.\",\"breadcrumb\":{\"@id\":\"https:\\\/\\\/www.azur-scenic.com\\\/en\\\/product\\\/front-curtain\\\/#breadcrumb\"},\"inLanguage\":\"en-US\",\"potentialAction\":[{\"@type\":\"ReadAction\",\"target\":[\"https:\\\/\\\/www.azur-scenic.com\\\/en\\\/product\\\/front-curtain\\\/\"]}]},{\"@type\":\"ImageObject\",\"inLanguage\":\"en-US\",\"@id\":\"https:\\\/\\\/www.azur-scenic.com\\\/en\\\/product\\\/front-curtain\\\/#primaryimage\",\"url\":\"https:\\\/\\\/www.azur-scenic.com\\\/wp-content\\\/uploads\\\/Visuel-rideau-d-avant-scene.jpg\",\"contentUrl\":\"https:\\\/\\\/www.azur-scenic.com\\\/wp-content\\\/uploads\\\/Visuel-rideau-d-avant-scene.jpg\",\"width\":2362,\"height\":2362,\"caption\":\"Mise en surbrillance d'un rideau d'avant sc\u00e8ne sur un visuel 3D d'une sc\u00e8ne de salle de spectacle\"},{\"@type\":\"BreadcrumbList\",\"@id\":\"https:\\\/\\\/www.azur-scenic.com\\\/en\\\/product\\\/front-curtain\\\/#breadcrumb\",\"itemListElement\":[{\"@type\":\"ListItem\",\"position\":1,\"name\":\"Accueil\",\"item\":\"https:\\\/\\\/www.azur-scenic.com\\\/en\\\/\"},{\"@type\":\"ListItem\",\"position\":2,\"name\":\"Produits\",\"item\":\"https:\\\/\\\/www.azur-scenic.com\\\/en\\\/?page_id=21438\"},{\"@type\":\"ListItem\",\"position\":3,\"name\":\"Front curtain\"}]},{\"@type\":\"WebSite\",\"@id\":\"https:\\\/\\\/www.azur-scenic.com\\\/en\\\/#website\",\"url\":\"https:\\\/\\\/www.azur-scenic.com\\\/en\\\/\",\"name\":\"Azur Scenic\",\"description\":\"Sp\u00e9cialiste de l\u2019\u00e9quipement sc\u00e9nique et de la d\u00e9coration int\u00e9rieure et \u00e9v\u00e9nementielle !\",\"publisher\":{\"@id\":\"https:\\\/\\\/www.azur-scenic.com\\\/en\\\/#organization\"},\"potentialAction\":[{\"@type\":\"SearchAction\",\"target\":{\"@type\":\"EntryPoint\",\"urlTemplate\":\"https:\\\/\\\/www.azur-scenic.com\\\/en\\\/?s={search_term_string}\"},\"query-input\":{\"@type\":\"PropertyValueSpecification\",\"valueRequired\":true,\"valueName\":\"search_term_string\"}}],\"inLanguage\":\"en-US\"},{\"@type\":\"Organization\",\"@id\":\"https:\\\/\\\/www.azur-scenic.com\\\/en\\\/#organization\",\"name\":\"AZUR SCENIC\",\"url\":\"https:\\\/\\\/www.azur-scenic.com\\\/en\\\/\",\"logo\":{\"@type\":\"ImageObject\",\"inLanguage\":\"en-US\",\"@id\":\"https:\\\/\\\/www.azur-scenic.com\\\/en\\\/#\\\/schema\\\/logo\\\/image\\\/\",\"url\":\"https:\\\/\\\/www.azur-scenic.com\\\/wp-content\\\/uploads\\\/2022\\\/09\\\/LOGO-AZUR-SCENIC-Fusion-web-236x64-1.jpg\",\"contentUrl\":\"https:\\\/\\\/www.azur-scenic.com\\\/wp-content\\\/uploads\\\/2022\\\/09\\\/LOGO-AZUR-SCENIC-Fusion-web-236x64-1.jpg\",\"width\":236,\"height\":64,\"caption\":\"AZUR SCENIC\"},\"image\":{\"@id\":\"https:\\\/\\\/www.azur-scenic.com\\\/en\\\/#\\\/schema\\\/logo\\\/image\\\/\"},\"sameAs\":[\"https:\\\/\\\/www.youtube.com\\\/channel\\\/UCPWM2mGPVUt4nYhNlm71WOA\",\"https:\\\/\\\/www.linkedin.com\\\/company\\\/33237605\\\/admin\\\/feed\\\/posts\\\/\"]}]}<\/script>\n<!-- \/ Yoast SEO plugin. -->","yoast_head_json":{"title":"Front curtain - Azur Scenic","description":"Azur Scenic offers customized production of all types of theatre curtains, including Front curtain in velvet and many other flame-retardant fabrics.","robots":{"index":"index","follow":"follow","max-snippet":"max-snippet:-1","max-image-preview":"max-image-preview:large","max-video-preview":"max-video-preview:-1"},"canonical":"https:\/\/www.azur-scenic.com\/en\/product\/front-curtain\/","og_locale":"en_US","og_type":"article","og_title":"Front curtain - Azur Scenic","og_description":"Azur Scenic offers customized production of all types of theatre curtains, including Front curtain in velvet and many other flame-retardant fabrics.","og_url":"https:\/\/www.azur-scenic.com\/en\/product\/front-curtain\/","og_site_name":"Azur Scenic","article_modified_time":"2023-08-02T12:58:42+00:00","og_image":[{"width":2362,"height":2362,"url":"https:\/\/www.azur-scenic.com\/wp-content\/uploads\/Visuel-rideau-d-avant-scene.jpg","type":"image\/jpeg"}],"twitter_card":"summary_large_image","twitter_misc":{"Est. reading time":"3 minutes"},"schema":{"@context":"https:\/\/schema.org","@graph":[{"@type":"WebPage","@id":"https:\/\/www.azur-scenic.com\/en\/product\/front-curtain\/","url":"https:\/\/www.azur-scenic.com\/en\/product\/front-curtain\/","name":"Front curtain - Azur Scenic","isPartOf":{"@id":"https:\/\/www.azur-scenic.com\/en\/#website"},"primaryImageOfPage":{"@id":"https:\/\/www.azur-scenic.com\/en\/product\/front-curtain\/#primaryimage"},"image":{"@id":"https:\/\/www.azur-scenic.com\/en\/product\/front-curtain\/#primaryimage"},"thumbnailUrl":"https:\/\/www.azur-scenic.com\/wp-content\/uploads\/Visuel-rideau-d-avant-scene.jpg","datePublished":"2023-06-29T12:13:48+00:00","dateModified":"2023-08-02T12:58:42+00:00","description":"Azur Scenic offers customized production of all types of theatre curtains, including Front curtain in velvet and many other flame-retardant fabrics.","breadcrumb":{"@id":"https:\/\/www.azur-scenic.com\/en\/product\/front-curtain\/#breadcrumb"},"inLanguage":"en-US","potentialAction":[{"@type":"ReadAction","target":["https:\/\/www.azur-scenic.com\/en\/product\/front-curtain\/"]}]},{"@type":"ImageObject","inLanguage":"en-US","@id":"https:\/\/www.azur-scenic.com\/en\/product\/front-curtain\/#primaryimage","url":"https:\/\/www.azur-scenic.com\/wp-content\/uploads\/Visuel-rideau-d-avant-scene.jpg","contentUrl":"https:\/\/www.azur-scenic.com\/wp-content\/uploads\/Visuel-rideau-d-avant-scene.jpg","width":2362,"height":2362,"caption":"Mise en surbrillance d'un rideau d'avant sc\u00e8ne sur un visuel 3D d'une sc\u00e8ne de salle de spectacle"},{"@type":"BreadcrumbList","@id":"https:\/\/www.azur-scenic.com\/en\/product\/front-curtain\/#breadcrumb","itemListElement":[{"@type":"ListItem","position":1,"name":"Accueil","item":"https:\/\/www.azur-scenic.com\/en\/"},{"@type":"ListItem","position":2,"name":"Produits","item":"https:\/\/www.azur-scenic.com\/en\/?page_id=21438"},{"@type":"ListItem","position":3,"name":"Front curtain"}]},{"@type":"WebSite","@id":"https:\/\/www.azur-scenic.com\/en\/#website","url":"https:\/\/www.azur-scenic.com\/en\/","name":"Azur Scenic","description":"Sp\u00e9cialiste de l\u2019\u00e9quipement sc\u00e9nique et de la d\u00e9coration int\u00e9rieure et \u00e9v\u00e9nementielle !","publisher":{"@id":"https:\/\/www.azur-scenic.com\/en\/#organization"},"potentialAction":[{"@type":"SearchAction","target":{"@type":"EntryPoint","urlTemplate":"https:\/\/www.azur-scenic.com\/en\/?s={search_term_string}"},"query-input":{"@type":"PropertyValueSpecification","valueRequired":true,"valueName":"search_term_string"}}],"inLanguage":"en-US"},{"@type":"Organization","@id":"https:\/\/www.azur-scenic.com\/en\/#organization","name":"AZUR SCENIC","url":"https:\/\/www.azur-scenic.com\/en\/","logo":{"@type":"ImageObject","inLanguage":"en-US","@id":"https:\/\/www.azur-scenic.com\/en\/#\/schema\/logo\/image\/","url":"https:\/\/www.azur-scenic.com\/wp-content\/uploads\/2022\/09\/LOGO-AZUR-SCENIC-Fusion-web-236x64-1.jpg","contentUrl":"https:\/\/www.azur-scenic.com\/wp-content\/uploads\/2022\/09\/LOGO-AZUR-SCENIC-Fusion-web-236x64-1.jpg","width":236,"height":64,"caption":"AZUR SCENIC"},"image":{"@id":"https:\/\/www.azur-scenic.com\/en\/#\/schema\/logo\/image\/"},"sameAs":["https:\/\/www.youtube.com\/channel\/UCPWM2mGPVUt4nYhNlm71WOA","https:\/\/www.linkedin.com\/company\/33237605\/admin\/feed\/posts\/"]}]}},"_links":{"self":[{"href":"https:\/\/www.azur-scenic.com\/en\/wp-json\/wp\/v2\/product\/24569","targetHints":{"allow":["GET"]}}],"collection":[{"href":"https:\/\/www.azur-scenic.com\/en\/wp-json\/wp\/v2\/product"}],"about":[{"href":"https:\/\/www.azur-scenic.com\/en\/wp-json\/wp\/v2\/types\/product"}],"wp:featuredmedia":[{"embeddable":true,"href":"https:\/\/www.azur-scenic.com\/en\/wp-json\/wp\/v2\/media\/24573"}],"wp:attachment":[{"href":"https:\/\/www.azur-scenic.com\/en\/wp-json\/wp\/v2\/media?parent=24569"}],"wp:term":[{"taxonomy":"product_brand","embeddable":true,"href":"https:\/\/www.azur-scenic.com\/en\/wp-json\/wp\/v2\/product_brand?post=24569"},{"taxonomy":"product_cat","embeddable":true,"href":"https:\/\/www.azur-scenic.com\/en\/wp-json\/wp\/v2\/product_cat?post=24569"},{"taxonomy":"product_tag","embeddable":true,"href":"https:\/\/www.azur-scenic.com\/en\/wp-json\/wp\/v2\/product_tag?post=24569"}],"curies":[{"name":"wp","href":"https:\/\/api.w.org\/{rel}","templated":true}]}}