{"id":24577,"date":"2023-06-30T09:46:10","date_gmt":"2023-06-30T09:46:10","guid":{"rendered":"https:\/\/www.azur-scenic.com\/?post_type=product&#038;p=24577"},"modified":"2023-08-02T12:58:42","modified_gmt":"2023-08-02T12:58:42","slug":"legs","status":"publish","type":"product","link":"https:\/\/www.azur-scenic.com\/en\/product\/legs\/","title":{"rendered":"Legs"},"content":{"rendered":"<h1>THEATRE CURTAINS: MADE-TO-MEASURE AZUR SCENIC LEGS<\/h1>\n<h2><span style=\"font-size: 20px;\"><strong>WHAT MATERIAL FOR YOUR LEGS?\u00a0<\/strong><\/span><\/h2>\n<p>A <strong>leg<\/strong> is usually made of <strong><a href=\"https:\/\/www.azur-scenic.com\/en\/product-category\/velour\/\">velvet<\/a> <\/strong>or <a href=\"https:\/\/www.azur-scenic.com\/en\/product\/opaque\/\"><strong>flame-retardant black fleece<\/strong><\/a>. <br \/>\nIt can be made from the same material and in the same color as the front curtain for a homogeneous effect, or it can be made from a different fabric.<br \/>\nWe offer this type of <strong>stage curtain<\/strong> in a range of textiles in flame-retardant cotton or FR polyester.<\/p>\n<p>Do you have sound insulation problems between your stage area and backstage? <br \/>\nOpt for stage curtains made from <a href=\"https:\/\/www.azur-scenic.com\/en\/product-category\/acoustic-absorption\/\">sound-absorbing fabric<\/a>!<\/p>\n<p>Feel free to browse our wide range of <a href=\"https:\/\/www.azur-scenic.com\/en\/product-category\/stage-and-events-material\/\">flame-retardant textiles<\/a>!<\/p>\n<h2><span style=\"font-size: 20px;\"><strong>WHAT FINISHES FOR YOUR LEGS?\u00a0<\/strong><\/span><\/h2>\n<p>At Azur Scenic, we make all your <strong>stage curtains to measure<\/strong>! <br \/>\nWe&#8217;re here to advise you on the finishes best suited to your stage. <br \/>\nWhether installed in the Italian style (curtains positioned parallel to other scenic draperies) or the German style (curtains positioned perpendicular to other scenic draperies), curtains are most often hung under fixed or mobile <strong>poles<\/strong>.<\/p>\n<p>The most popular top finish for legs is therefore an attachment via knots. These knots can be sewn onto a strap or attached through eyelets. <br \/>\nMost of the time, legs are embellished with a weighted hem to keep them vertically in all circumstances.<\/p>\n<p>Did you know? <br \/>\nThe legs positioned above the proscenium curtain are called &#8220;<strong>Tormenters<\/strong>&#8220;<\/p>\n","protected":false},"excerpt":{"rendered":"<p><strong>Legs<\/strong> are moderately wide side <strong>theatre curtains<\/strong>, often used to conceal the stage&#8217;s backstage areas.<br \/>\nThey guarantee the magic of the show, and must therefore be carefully sized, made and positioned on stage!<\/p>\n<p>Azur-Scenic offers <strong>custom-made legs <\/strong>for all types of venues: theaters, opera houses, concert halls, multi-purpose halls&#8230;<\/p>\n<p>From prestigious <strong>velvet legs<\/strong> to more economical <strong>stage fleece legs<\/strong>, call on our teams of experts to <strong>design and manufacture the right legs for your stage<\/strong>!<\/p>\n<p>&nbsp;<\/p>\n<p><a href=\"https:\/\/www.azur-scenic.com\/en\/contact\/\"><strong>NEED ADVICE OR A QUOTE?<\/strong><\/a><br \/>\n<a href=\"https:\/\/www.azur-scenic.com\/en\/contact\/\"><strong>CONTACT OUR SALES TEAM!<\/strong><\/a><\/p>\n","protected":false},"featured_media":24581,"template":"","meta":{"_acf_changed":false},"product_brand":[],"product_cat":[898,1792,897],"product_tag":[1824,1825,1826,1827,1795,1797,1798,1823],"class_list":{"0":"post-24577","1":"product","2":"type-product","3":"status-publish","4":"has-post-thumbnail","6":"product_cat-all-products","7":"product_cat-stage-curtains","8":"product_cat-theatre","9":"product_tag-pendillon-en","10":"product_tag-pendrillons-en","11":"product_tag-pendillons-en","12":"product_tag-pendrillon-sur-mesure-en","13":"product_tag-rideau-de-scene-en","14":"product_tag-rideau-de-theatre-en","15":"product_tag-rideau-sur-mesure-en","16":"product_tag-pendrillon-en","17":"pa_groupes-de-couleurs-mixed","19":"first","20":"instock","21":"shipping-taxable","22":"purchasable","23":"product-type-simple"},"acf":[],"yoast_head":"<!-- This site is optimized with the Yoast SEO plugin v27.3 - https:\/\/yoast.com\/product\/yoast-seo-wordpress\/ -->\n<title>Legs - Azur Scenic<\/title>\n<meta name=\"description\" content=\"Azur Scenic, the theatre curtains specialist, makes all your made-to-measure Legs in M1 velour and many flame-retardant fabrics.\" \/>\n<meta name=\"robots\" content=\"index, follow, max-snippet:-1, max-image-preview:large, max-video-preview:-1\" \/>\n<link rel=\"canonical\" href=\"https:\/\/www.azur-scenic.com\/en\/product\/legs\/\" \/>\n<meta property=\"og:locale\" content=\"en_US\" \/>\n<meta property=\"og:type\" content=\"article\" \/>\n<meta property=\"og:title\" content=\"Legs - Azur Scenic\" \/>\n<meta property=\"og:description\" content=\"Azur Scenic, the theatre curtains specialist, makes all your made-to-measure Legs in M1 velour and many flame-retardant fabrics.\" \/>\n<meta property=\"og:url\" content=\"https:\/\/www.azur-scenic.com\/en\/product\/legs\/\" \/>\n<meta property=\"og:site_name\" content=\"Azur Scenic\" \/>\n<meta property=\"article:modified_time\" content=\"2023-08-02T12:58:42+00:00\" \/>\n<meta property=\"og:image\" content=\"https:\/\/www.azur-scenic.com\/wp-content\/uploads\/pendrillons.jpg\" \/>\n\t<meta property=\"og:image:width\" content=\"2362\" \/>\n\t<meta property=\"og:image:height\" content=\"2362\" \/>\n\t<meta property=\"og:image:type\" content=\"image\/jpeg\" \/>\n<meta name=\"twitter:card\" content=\"summary_large_image\" \/>\n<meta name=\"twitter:label1\" content=\"Est. reading time\" \/>\n\t<meta name=\"twitter:data1\" content=\"2 minutes\" \/>\n<script type=\"application\/ld+json\" class=\"yoast-schema-graph\">{\"@context\":\"https:\\\/\\\/schema.org\",\"@graph\":[{\"@type\":\"WebPage\",\"@id\":\"https:\\\/\\\/www.azur-scenic.com\\\/en\\\/product\\\/legs\\\/\",\"url\":\"https:\\\/\\\/www.azur-scenic.com\\\/en\\\/product\\\/legs\\\/\",\"name\":\"Legs - Azur Scenic\",\"isPartOf\":{\"@id\":\"https:\\\/\\\/www.azur-scenic.com\\\/en\\\/#website\"},\"primaryImageOfPage\":{\"@id\":\"https:\\\/\\\/www.azur-scenic.com\\\/en\\\/product\\\/legs\\\/#primaryimage\"},\"image\":{\"@id\":\"https:\\\/\\\/www.azur-scenic.com\\\/en\\\/product\\\/legs\\\/#primaryimage\"},\"thumbnailUrl\":\"https:\\\/\\\/www.azur-scenic.com\\\/wp-content\\\/uploads\\\/pendrillons.jpg\",\"datePublished\":\"2023-06-30T09:46:10+00:00\",\"dateModified\":\"2023-08-02T12:58:42+00:00\",\"description\":\"Azur Scenic, the theatre curtains specialist, makes all your made-to-measure Legs in M1 velour and many flame-retardant fabrics.\",\"breadcrumb\":{\"@id\":\"https:\\\/\\\/www.azur-scenic.com\\\/en\\\/product\\\/legs\\\/#breadcrumb\"},\"inLanguage\":\"en-US\",\"potentialAction\":[{\"@type\":\"ReadAction\",\"target\":[\"https:\\\/\\\/www.azur-scenic.com\\\/en\\\/product\\\/legs\\\/\"]}]},{\"@type\":\"ImageObject\",\"inLanguage\":\"en-US\",\"@id\":\"https:\\\/\\\/www.azur-scenic.com\\\/en\\\/product\\\/legs\\\/#primaryimage\",\"url\":\"https:\\\/\\\/www.azur-scenic.com\\\/wp-content\\\/uploads\\\/pendrillons.jpg\",\"contentUrl\":\"https:\\\/\\\/www.azur-scenic.com\\\/wp-content\\\/uploads\\\/pendrillons.jpg\",\"width\":2362,\"height\":2362,\"caption\":\"Mise en surbrillance d'un rideau d'avant sc\u00e8ne sur un visuel 3D d'une sc\u00e8ne de salle de spectacle\"},{\"@type\":\"BreadcrumbList\",\"@id\":\"https:\\\/\\\/www.azur-scenic.com\\\/en\\\/product\\\/legs\\\/#breadcrumb\",\"itemListElement\":[{\"@type\":\"ListItem\",\"position\":1,\"name\":\"Accueil\",\"item\":\"https:\\\/\\\/www.azur-scenic.com\\\/en\\\/\"},{\"@type\":\"ListItem\",\"position\":2,\"name\":\"Produits\",\"item\":\"https:\\\/\\\/www.azur-scenic.com\\\/en\\\/?page_id=21438\"},{\"@type\":\"ListItem\",\"position\":3,\"name\":\"Legs\"}]},{\"@type\":\"WebSite\",\"@id\":\"https:\\\/\\\/www.azur-scenic.com\\\/en\\\/#website\",\"url\":\"https:\\\/\\\/www.azur-scenic.com\\\/en\\\/\",\"name\":\"Azur Scenic\",\"description\":\"Sp\u00e9cialiste de l\u2019\u00e9quipement sc\u00e9nique et de la d\u00e9coration int\u00e9rieure et \u00e9v\u00e9nementielle !\",\"publisher\":{\"@id\":\"https:\\\/\\\/www.azur-scenic.com\\\/en\\\/#organization\"},\"potentialAction\":[{\"@type\":\"SearchAction\",\"target\":{\"@type\":\"EntryPoint\",\"urlTemplate\":\"https:\\\/\\\/www.azur-scenic.com\\\/en\\\/?s={search_term_string}\"},\"query-input\":{\"@type\":\"PropertyValueSpecification\",\"valueRequired\":true,\"valueName\":\"search_term_string\"}}],\"inLanguage\":\"en-US\"},{\"@type\":\"Organization\",\"@id\":\"https:\\\/\\\/www.azur-scenic.com\\\/en\\\/#organization\",\"name\":\"AZUR SCENIC\",\"url\":\"https:\\\/\\\/www.azur-scenic.com\\\/en\\\/\",\"logo\":{\"@type\":\"ImageObject\",\"inLanguage\":\"en-US\",\"@id\":\"https:\\\/\\\/www.azur-scenic.com\\\/en\\\/#\\\/schema\\\/logo\\\/image\\\/\",\"url\":\"https:\\\/\\\/www.azur-scenic.com\\\/wp-content\\\/uploads\\\/2022\\\/09\\\/LOGO-AZUR-SCENIC-Fusion-web-236x64-1.jpg\",\"contentUrl\":\"https:\\\/\\\/www.azur-scenic.com\\\/wp-content\\\/uploads\\\/2022\\\/09\\\/LOGO-AZUR-SCENIC-Fusion-web-236x64-1.jpg\",\"width\":236,\"height\":64,\"caption\":\"AZUR SCENIC\"},\"image\":{\"@id\":\"https:\\\/\\\/www.azur-scenic.com\\\/en\\\/#\\\/schema\\\/logo\\\/image\\\/\"},\"sameAs\":[\"https:\\\/\\\/www.youtube.com\\\/channel\\\/UCPWM2mGPVUt4nYhNlm71WOA\",\"https:\\\/\\\/www.linkedin.com\\\/company\\\/33237605\\\/admin\\\/feed\\\/posts\\\/\"]}]}<\/script>\n<!-- \/ Yoast SEO plugin. -->","yoast_head_json":{"title":"Legs - Azur Scenic","description":"Azur Scenic, the theatre curtains specialist, makes all your made-to-measure Legs in M1 velour and many flame-retardant fabrics.","robots":{"index":"index","follow":"follow","max-snippet":"max-snippet:-1","max-image-preview":"max-image-preview:large","max-video-preview":"max-video-preview:-1"},"canonical":"https:\/\/www.azur-scenic.com\/en\/product\/legs\/","og_locale":"en_US","og_type":"article","og_title":"Legs - Azur Scenic","og_description":"Azur Scenic, the theatre curtains specialist, makes all your made-to-measure Legs in M1 velour and many flame-retardant fabrics.","og_url":"https:\/\/www.azur-scenic.com\/en\/product\/legs\/","og_site_name":"Azur Scenic","article_modified_time":"2023-08-02T12:58:42+00:00","og_image":[{"width":2362,"height":2362,"url":"https:\/\/www.azur-scenic.com\/wp-content\/uploads\/pendrillons.jpg","type":"image\/jpeg"}],"twitter_card":"summary_large_image","twitter_misc":{"Est. reading time":"2 minutes"},"schema":{"@context":"https:\/\/schema.org","@graph":[{"@type":"WebPage","@id":"https:\/\/www.azur-scenic.com\/en\/product\/legs\/","url":"https:\/\/www.azur-scenic.com\/en\/product\/legs\/","name":"Legs - Azur Scenic","isPartOf":{"@id":"https:\/\/www.azur-scenic.com\/en\/#website"},"primaryImageOfPage":{"@id":"https:\/\/www.azur-scenic.com\/en\/product\/legs\/#primaryimage"},"image":{"@id":"https:\/\/www.azur-scenic.com\/en\/product\/legs\/#primaryimage"},"thumbnailUrl":"https:\/\/www.azur-scenic.com\/wp-content\/uploads\/pendrillons.jpg","datePublished":"2023-06-30T09:46:10+00:00","dateModified":"2023-08-02T12:58:42+00:00","description":"Azur Scenic, the theatre curtains specialist, makes all your made-to-measure Legs in M1 velour and many flame-retardant fabrics.","breadcrumb":{"@id":"https:\/\/www.azur-scenic.com\/en\/product\/legs\/#breadcrumb"},"inLanguage":"en-US","potentialAction":[{"@type":"ReadAction","target":["https:\/\/www.azur-scenic.com\/en\/product\/legs\/"]}]},{"@type":"ImageObject","inLanguage":"en-US","@id":"https:\/\/www.azur-scenic.com\/en\/product\/legs\/#primaryimage","url":"https:\/\/www.azur-scenic.com\/wp-content\/uploads\/pendrillons.jpg","contentUrl":"https:\/\/www.azur-scenic.com\/wp-content\/uploads\/pendrillons.jpg","width":2362,"height":2362,"caption":"Mise en surbrillance d'un rideau d'avant sc\u00e8ne sur un visuel 3D d'une sc\u00e8ne de salle de spectacle"},{"@type":"BreadcrumbList","@id":"https:\/\/www.azur-scenic.com\/en\/product\/legs\/#breadcrumb","itemListElement":[{"@type":"ListItem","position":1,"name":"Accueil","item":"https:\/\/www.azur-scenic.com\/en\/"},{"@type":"ListItem","position":2,"name":"Produits","item":"https:\/\/www.azur-scenic.com\/en\/?page_id=21438"},{"@type":"ListItem","position":3,"name":"Legs"}]},{"@type":"WebSite","@id":"https:\/\/www.azur-scenic.com\/en\/#website","url":"https:\/\/www.azur-scenic.com\/en\/","name":"Azur Scenic","description":"Sp\u00e9cialiste de l\u2019\u00e9quipement sc\u00e9nique et de la d\u00e9coration int\u00e9rieure et \u00e9v\u00e9nementielle !","publisher":{"@id":"https:\/\/www.azur-scenic.com\/en\/#organization"},"potentialAction":[{"@type":"SearchAction","target":{"@type":"EntryPoint","urlTemplate":"https:\/\/www.azur-scenic.com\/en\/?s={search_term_string}"},"query-input":{"@type":"PropertyValueSpecification","valueRequired":true,"valueName":"search_term_string"}}],"inLanguage":"en-US"},{"@type":"Organization","@id":"https:\/\/www.azur-scenic.com\/en\/#organization","name":"AZUR SCENIC","url":"https:\/\/www.azur-scenic.com\/en\/","logo":{"@type":"ImageObject","inLanguage":"en-US","@id":"https:\/\/www.azur-scenic.com\/en\/#\/schema\/logo\/image\/","url":"https:\/\/www.azur-scenic.com\/wp-content\/uploads\/2022\/09\/LOGO-AZUR-SCENIC-Fusion-web-236x64-1.jpg","contentUrl":"https:\/\/www.azur-scenic.com\/wp-content\/uploads\/2022\/09\/LOGO-AZUR-SCENIC-Fusion-web-236x64-1.jpg","width":236,"height":64,"caption":"AZUR SCENIC"},"image":{"@id":"https:\/\/www.azur-scenic.com\/en\/#\/schema\/logo\/image\/"},"sameAs":["https:\/\/www.youtube.com\/channel\/UCPWM2mGPVUt4nYhNlm71WOA","https:\/\/www.linkedin.com\/company\/33237605\/admin\/feed\/posts\/"]}]}},"_links":{"self":[{"href":"https:\/\/www.azur-scenic.com\/en\/wp-json\/wp\/v2\/product\/24577","targetHints":{"allow":["GET"]}}],"collection":[{"href":"https:\/\/www.azur-scenic.com\/en\/wp-json\/wp\/v2\/product"}],"about":[{"href":"https:\/\/www.azur-scenic.com\/en\/wp-json\/wp\/v2\/types\/product"}],"wp:featuredmedia":[{"embeddable":true,"href":"https:\/\/www.azur-scenic.com\/en\/wp-json\/wp\/v2\/media\/24581"}],"wp:attachment":[{"href":"https:\/\/www.azur-scenic.com\/en\/wp-json\/wp\/v2\/media?parent=24577"}],"wp:term":[{"taxonomy":"product_brand","embeddable":true,"href":"https:\/\/www.azur-scenic.com\/en\/wp-json\/wp\/v2\/product_brand?post=24577"},{"taxonomy":"product_cat","embeddable":true,"href":"https:\/\/www.azur-scenic.com\/en\/wp-json\/wp\/v2\/product_cat?post=24577"},{"taxonomy":"product_tag","embeddable":true,"href":"https:\/\/www.azur-scenic.com\/en\/wp-json\/wp\/v2\/product_tag?post=24577"}],"curies":[{"name":"wp","href":"https:\/\/api.w.org\/{rel}","templated":true}]}}