{"id":24586,"date":"2023-07-06T08:26:35","date_gmt":"2023-07-06T08:26:35","guid":{"rendered":"https:\/\/www.azur-scenic.com\/?post_type=product&#038;p=24586"},"modified":"2023-08-02T12:58:43","modified_gmt":"2023-08-02T12:58:43","slug":"rear-curtain","status":"publish","type":"product","link":"https:\/\/www.azur-scenic.com\/en\/product\/rear-curtain\/","title":{"rendered":"Rear curtain"},"content":{"rendered":"<h1><span style=\"font-size: 28px;\">THEATRE CURTAINS : AZUR SCENIC CUSTOM REAR CURTAIN<\/span><\/h1>\n<h2><span style=\"font-size: 20px;\"><strong>WHAT MATERIAL FOR YOUR STAGE CURTAIN?\u00a0<\/strong><\/span><\/h2>\n<p>A <strong>rear curtain<\/strong> is traditionally made of black velvet.<br \/>\nWe offer these curtains in <a href=\"https:\/\/www.azur-scenic.com\/en\/product-category\/cotton-velour\/\">flame-retardant cotton velvet<\/a> or <a href=\"https:\/\/www.azur-scenic.com\/en\/product-category\/polyester-velour\/\">flame-retardant polyester velvet<\/a>.<\/p>\n<p>&nbsp;<\/p>\n<p>Looking for a more unusual stage curtain? <br \/>\nBut we can also make you a more extravagant proscenium curtain (<strong>glitter velvet<\/strong>&#8230;) or even a fully customized one in a flame-retardant fabric (velvet or other textile) printed with your image.<\/p>\n<p>Looking for a more<strong> economical curtain<\/strong>? <br \/>\nYou don&#8217;t have to choose velvet for a rear curtain! Azur Scenic also makes stage curtains in <a href=\"https:\/\/www.azur-scenic.com\/en\/product\/opaque\/\">flame retardant stage fleece<\/a>.<\/p>\n<p>Feel free to browse our wide range of <a href=\"https:\/\/www.azur-scenic.com\/en\/product-category\/stage-and-events-material\/\">flame-retardant textiles<\/a>!<\/p>\n<h2><span style=\"font-size: 20px;\"><strong>WHICH OPENING FOR YOUR REAR TRAVELER CURTAIN?\u00a0<\/strong><\/span><\/h2>\n<p>Most <strong>rear curtains <\/strong>have a <strong>Greek opening<\/strong>, i.e. a lateral opening from the center to the sides of the stage. <br \/>\nThis stage curtain is made in 2 parts, and mounted on a<strong> stage track<\/strong>.<br \/>\nDid you know that Azur Scenic offers turnkey solutions, as well as custom assembly and installation of <a href=\"https:\/\/www.azur-scenic.com\/en\/product-category\/stage-curtain-tracks\/\">manual or motorized stage tracks<\/a>? Ask our technical teams for advice on choosing the products best suited to your stage space and budget!\u00a0<\/p>\n<p>You don&#8217;t want a 2-piece rear curtain ? <br \/>\nNo problem, we&#8217;ll custom-make all your curtains to suit your configuration. A <strong>1-panel curtain<\/strong> is also a classic. But we can also offer you a multi-panel curtain for perfect modulation of your stage space!<\/p>\n<h2><span style=\"font-size: 20px;\"><strong>WHAT FINISHES FOR YOUR STAGE CURTAIN?\u00a0<\/strong><\/span><\/h2>\n<p>At Azur Scenic, <strong>made-to-measure stage curtains<\/strong> are our business! <br \/>\nSo we make your curtains with the finishes best suited to your stage. <br \/>\nFor a rear curtain, often installed under a track, the most classic top finish is a strap with eyelets and snap hooks. Is your curtain fixed and hung under a pole? We can offer a top finish with webbing, eyelets and knots, or sewn-on laces.<br \/>\nThe sides of our stage curtains are often finished with hems and the bottom is embellished with a leaded hem (or weighted hem) for an aesthetic finish. <br \/>\nBut since we make all our curtains to order, we can offer you all kinds of finishes: knots, grips, pockets for hanging poles or weighted poles&#8230;<\/p>\n<p>What about the fullness of your curtain? <br \/>\nMost of the time, a rear curtain is made flat, i.e. without fullness. But if you want your rear curtain with pleats, no problem &#8211; we can make it.<\/p>\n","protected":false},"excerpt":{"rendered":"<p><strong>Rear curtains <\/strong>are the part of the <strong>masking curtains<\/strong> located in the background of the stage.<\/p>\n<p>Often made of <strong>black velvet<\/strong> or <strong>black stage fleece<\/strong>, rear curtains are used to <strong>hide<\/strong> elements behind the stage that could interfere with the show (window, wall, backstage, passage of off-stage actors or technicians, etc.). It can also be used, for example, to<strong> frame a backdrop or a cylorama<\/strong>.<\/p>\n<p>Call on our expert teams to <strong>design and manufacture your ideal rear curtains<\/strong>!<\/p>\n<p>&nbsp;<\/p>\n<p><a href=\"https:\/\/www.azur-scenic.com\/en\/contact\/\"><strong>NEED ADVICE OR A QUOTE?<\/strong><\/a><br \/>\n<a href=\"https:\/\/www.azur-scenic.com\/en\/contact\/\"><strong>CONTACT OUR SALES TEAM!<\/strong><\/a><\/p>\n","protected":false},"featured_media":24590,"template":"","meta":{"_acf_changed":false},"product_brand":[],"product_cat":[898,1792,897],"product_tag":[1795,1797,1798],"class_list":{"0":"post-24586","1":"product","2":"type-product","3":"status-publish","4":"has-post-thumbnail","6":"product_cat-all-products","7":"product_cat-stage-curtains","8":"product_cat-theatre","9":"product_tag-rideau-de-scene-en","10":"product_tag-rideau-de-theatre-en","11":"product_tag-rideau-sur-mesure-en","12":"pa_groupes-de-couleurs-mixed","14":"first","15":"instock","16":"shipping-taxable","17":"purchasable","18":"product-type-simple"},"acf":[],"yoast_head":"<!-- This site is optimized with the Yoast SEO plugin v27.3 - https:\/\/yoast.com\/product\/yoast-seo-wordpress\/ -->\n<title>Rear curtain - Azur Scenic<\/title>\n<meta name=\"description\" content=\"Azur Scenic offers customized production of all types of theatre curtains, including Rear curtain in velvet and many other flame-retardant fabrics.\" \/>\n<meta name=\"robots\" content=\"index, follow, max-snippet:-1, max-image-preview:large, max-video-preview:-1\" \/>\n<link rel=\"canonical\" href=\"https:\/\/www.azur-scenic.com\/en\/product\/rear-curtain\/\" \/>\n<meta property=\"og:locale\" content=\"en_US\" \/>\n<meta property=\"og:type\" content=\"article\" \/>\n<meta property=\"og:title\" content=\"Rear curtain - Azur Scenic\" \/>\n<meta property=\"og:description\" content=\"Azur Scenic offers customized production of all types of theatre curtains, including Rear curtain in velvet and many other flame-retardant fabrics.\" \/>\n<meta property=\"og:url\" content=\"https:\/\/www.azur-scenic.com\/en\/product\/rear-curtain\/\" \/>\n<meta property=\"og:site_name\" content=\"Azur Scenic\" \/>\n<meta property=\"article:modified_time\" content=\"2023-08-02T12:58:43+00:00\" \/>\n<meta property=\"og:image\" content=\"https:\/\/www.azur-scenic.com\/wp-content\/uploads\/Visuel-rideau-de-fond-de-scene.jpg\" \/>\n\t<meta property=\"og:image:width\" content=\"2362\" \/>\n\t<meta property=\"og:image:height\" content=\"2362\" \/>\n\t<meta property=\"og:image:type\" content=\"image\/jpeg\" \/>\n<meta name=\"twitter:card\" content=\"summary_large_image\" \/>\n<meta name=\"twitter:label1\" content=\"Est. reading time\" \/>\n\t<meta name=\"twitter:data1\" content=\"3 minutes\" \/>\n<script type=\"application\/ld+json\" class=\"yoast-schema-graph\">{\"@context\":\"https:\\\/\\\/schema.org\",\"@graph\":[{\"@type\":\"WebPage\",\"@id\":\"https:\\\/\\\/www.azur-scenic.com\\\/en\\\/product\\\/rear-curtain\\\/\",\"url\":\"https:\\\/\\\/www.azur-scenic.com\\\/en\\\/product\\\/rear-curtain\\\/\",\"name\":\"Rear curtain - Azur Scenic\",\"isPartOf\":{\"@id\":\"https:\\\/\\\/www.azur-scenic.com\\\/en\\\/#website\"},\"primaryImageOfPage\":{\"@id\":\"https:\\\/\\\/www.azur-scenic.com\\\/en\\\/product\\\/rear-curtain\\\/#primaryimage\"},\"image\":{\"@id\":\"https:\\\/\\\/www.azur-scenic.com\\\/en\\\/product\\\/rear-curtain\\\/#primaryimage\"},\"thumbnailUrl\":\"https:\\\/\\\/www.azur-scenic.com\\\/wp-content\\\/uploads\\\/Visuel-rideau-de-fond-de-scene.jpg\",\"datePublished\":\"2023-07-06T08:26:35+00:00\",\"dateModified\":\"2023-08-02T12:58:43+00:00\",\"description\":\"Azur Scenic offers customized production of all types of theatre curtains, including Rear curtain in velvet and many other flame-retardant fabrics.\",\"breadcrumb\":{\"@id\":\"https:\\\/\\\/www.azur-scenic.com\\\/en\\\/product\\\/rear-curtain\\\/#breadcrumb\"},\"inLanguage\":\"en-US\",\"potentialAction\":[{\"@type\":\"ReadAction\",\"target\":[\"https:\\\/\\\/www.azur-scenic.com\\\/en\\\/product\\\/rear-curtain\\\/\"]}]},{\"@type\":\"ImageObject\",\"inLanguage\":\"en-US\",\"@id\":\"https:\\\/\\\/www.azur-scenic.com\\\/en\\\/product\\\/rear-curtain\\\/#primaryimage\",\"url\":\"https:\\\/\\\/www.azur-scenic.com\\\/wp-content\\\/uploads\\\/Visuel-rideau-de-fond-de-scene.jpg\",\"contentUrl\":\"https:\\\/\\\/www.azur-scenic.com\\\/wp-content\\\/uploads\\\/Visuel-rideau-de-fond-de-scene.jpg\",\"width\":2362,\"height\":2362,\"caption\":\"Mise en surbrillance d'un rideau de fond de sc\u00e8ne sur un visuel 3D d'une sc\u00e8ne de salle de spectacle\"},{\"@type\":\"BreadcrumbList\",\"@id\":\"https:\\\/\\\/www.azur-scenic.com\\\/en\\\/product\\\/rear-curtain\\\/#breadcrumb\",\"itemListElement\":[{\"@type\":\"ListItem\",\"position\":1,\"name\":\"Accueil\",\"item\":\"https:\\\/\\\/www.azur-scenic.com\\\/en\\\/\"},{\"@type\":\"ListItem\",\"position\":2,\"name\":\"Produits\",\"item\":\"https:\\\/\\\/www.azur-scenic.com\\\/en\\\/?page_id=21438\"},{\"@type\":\"ListItem\",\"position\":3,\"name\":\"Rear curtain\"}]},{\"@type\":\"WebSite\",\"@id\":\"https:\\\/\\\/www.azur-scenic.com\\\/en\\\/#website\",\"url\":\"https:\\\/\\\/www.azur-scenic.com\\\/en\\\/\",\"name\":\"Azur Scenic\",\"description\":\"Sp\u00e9cialiste de l\u2019\u00e9quipement sc\u00e9nique et de la d\u00e9coration int\u00e9rieure et \u00e9v\u00e9nementielle !\",\"publisher\":{\"@id\":\"https:\\\/\\\/www.azur-scenic.com\\\/en\\\/#organization\"},\"potentialAction\":[{\"@type\":\"SearchAction\",\"target\":{\"@type\":\"EntryPoint\",\"urlTemplate\":\"https:\\\/\\\/www.azur-scenic.com\\\/en\\\/?s={search_term_string}\"},\"query-input\":{\"@type\":\"PropertyValueSpecification\",\"valueRequired\":true,\"valueName\":\"search_term_string\"}}],\"inLanguage\":\"en-US\"},{\"@type\":\"Organization\",\"@id\":\"https:\\\/\\\/www.azur-scenic.com\\\/en\\\/#organization\",\"name\":\"AZUR SCENIC\",\"url\":\"https:\\\/\\\/www.azur-scenic.com\\\/en\\\/\",\"logo\":{\"@type\":\"ImageObject\",\"inLanguage\":\"en-US\",\"@id\":\"https:\\\/\\\/www.azur-scenic.com\\\/en\\\/#\\\/schema\\\/logo\\\/image\\\/\",\"url\":\"https:\\\/\\\/www.azur-scenic.com\\\/wp-content\\\/uploads\\\/2022\\\/09\\\/LOGO-AZUR-SCENIC-Fusion-web-236x64-1.jpg\",\"contentUrl\":\"https:\\\/\\\/www.azur-scenic.com\\\/wp-content\\\/uploads\\\/2022\\\/09\\\/LOGO-AZUR-SCENIC-Fusion-web-236x64-1.jpg\",\"width\":236,\"height\":64,\"caption\":\"AZUR SCENIC\"},\"image\":{\"@id\":\"https:\\\/\\\/www.azur-scenic.com\\\/en\\\/#\\\/schema\\\/logo\\\/image\\\/\"},\"sameAs\":[\"https:\\\/\\\/www.youtube.com\\\/channel\\\/UCPWM2mGPVUt4nYhNlm71WOA\",\"https:\\\/\\\/www.linkedin.com\\\/company\\\/33237605\\\/admin\\\/feed\\\/posts\\\/\"]}]}<\/script>\n<!-- \/ Yoast SEO plugin. -->","yoast_head_json":{"title":"Rear curtain - Azur Scenic","description":"Azur Scenic offers customized production of all types of theatre curtains, including Rear curtain in velvet and many other flame-retardant fabrics.","robots":{"index":"index","follow":"follow","max-snippet":"max-snippet:-1","max-image-preview":"max-image-preview:large","max-video-preview":"max-video-preview:-1"},"canonical":"https:\/\/www.azur-scenic.com\/en\/product\/rear-curtain\/","og_locale":"en_US","og_type":"article","og_title":"Rear curtain - Azur Scenic","og_description":"Azur Scenic offers customized production of all types of theatre curtains, including Rear curtain in velvet and many other flame-retardant fabrics.","og_url":"https:\/\/www.azur-scenic.com\/en\/product\/rear-curtain\/","og_site_name":"Azur Scenic","article_modified_time":"2023-08-02T12:58:43+00:00","og_image":[{"width":2362,"height":2362,"url":"https:\/\/www.azur-scenic.com\/wp-content\/uploads\/Visuel-rideau-de-fond-de-scene.jpg","type":"image\/jpeg"}],"twitter_card":"summary_large_image","twitter_misc":{"Est. reading time":"3 minutes"},"schema":{"@context":"https:\/\/schema.org","@graph":[{"@type":"WebPage","@id":"https:\/\/www.azur-scenic.com\/en\/product\/rear-curtain\/","url":"https:\/\/www.azur-scenic.com\/en\/product\/rear-curtain\/","name":"Rear curtain - Azur Scenic","isPartOf":{"@id":"https:\/\/www.azur-scenic.com\/en\/#website"},"primaryImageOfPage":{"@id":"https:\/\/www.azur-scenic.com\/en\/product\/rear-curtain\/#primaryimage"},"image":{"@id":"https:\/\/www.azur-scenic.com\/en\/product\/rear-curtain\/#primaryimage"},"thumbnailUrl":"https:\/\/www.azur-scenic.com\/wp-content\/uploads\/Visuel-rideau-de-fond-de-scene.jpg","datePublished":"2023-07-06T08:26:35+00:00","dateModified":"2023-08-02T12:58:43+00:00","description":"Azur Scenic offers customized production of all types of theatre curtains, including Rear curtain in velvet and many other flame-retardant fabrics.","breadcrumb":{"@id":"https:\/\/www.azur-scenic.com\/en\/product\/rear-curtain\/#breadcrumb"},"inLanguage":"en-US","potentialAction":[{"@type":"ReadAction","target":["https:\/\/www.azur-scenic.com\/en\/product\/rear-curtain\/"]}]},{"@type":"ImageObject","inLanguage":"en-US","@id":"https:\/\/www.azur-scenic.com\/en\/product\/rear-curtain\/#primaryimage","url":"https:\/\/www.azur-scenic.com\/wp-content\/uploads\/Visuel-rideau-de-fond-de-scene.jpg","contentUrl":"https:\/\/www.azur-scenic.com\/wp-content\/uploads\/Visuel-rideau-de-fond-de-scene.jpg","width":2362,"height":2362,"caption":"Mise en surbrillance d'un rideau de fond de sc\u00e8ne sur un visuel 3D d'une sc\u00e8ne de salle de spectacle"},{"@type":"BreadcrumbList","@id":"https:\/\/www.azur-scenic.com\/en\/product\/rear-curtain\/#breadcrumb","itemListElement":[{"@type":"ListItem","position":1,"name":"Accueil","item":"https:\/\/www.azur-scenic.com\/en\/"},{"@type":"ListItem","position":2,"name":"Produits","item":"https:\/\/www.azur-scenic.com\/en\/?page_id=21438"},{"@type":"ListItem","position":3,"name":"Rear curtain"}]},{"@type":"WebSite","@id":"https:\/\/www.azur-scenic.com\/en\/#website","url":"https:\/\/www.azur-scenic.com\/en\/","name":"Azur Scenic","description":"Sp\u00e9cialiste de l\u2019\u00e9quipement sc\u00e9nique et de la d\u00e9coration int\u00e9rieure et \u00e9v\u00e9nementielle !","publisher":{"@id":"https:\/\/www.azur-scenic.com\/en\/#organization"},"potentialAction":[{"@type":"SearchAction","target":{"@type":"EntryPoint","urlTemplate":"https:\/\/www.azur-scenic.com\/en\/?s={search_term_string}"},"query-input":{"@type":"PropertyValueSpecification","valueRequired":true,"valueName":"search_term_string"}}],"inLanguage":"en-US"},{"@type":"Organization","@id":"https:\/\/www.azur-scenic.com\/en\/#organization","name":"AZUR SCENIC","url":"https:\/\/www.azur-scenic.com\/en\/","logo":{"@type":"ImageObject","inLanguage":"en-US","@id":"https:\/\/www.azur-scenic.com\/en\/#\/schema\/logo\/image\/","url":"https:\/\/www.azur-scenic.com\/wp-content\/uploads\/2022\/09\/LOGO-AZUR-SCENIC-Fusion-web-236x64-1.jpg","contentUrl":"https:\/\/www.azur-scenic.com\/wp-content\/uploads\/2022\/09\/LOGO-AZUR-SCENIC-Fusion-web-236x64-1.jpg","width":236,"height":64,"caption":"AZUR SCENIC"},"image":{"@id":"https:\/\/www.azur-scenic.com\/en\/#\/schema\/logo\/image\/"},"sameAs":["https:\/\/www.youtube.com\/channel\/UCPWM2mGPVUt4nYhNlm71WOA","https:\/\/www.linkedin.com\/company\/33237605\/admin\/feed\/posts\/"]}]}},"_links":{"self":[{"href":"https:\/\/www.azur-scenic.com\/en\/wp-json\/wp\/v2\/product\/24586","targetHints":{"allow":["GET"]}}],"collection":[{"href":"https:\/\/www.azur-scenic.com\/en\/wp-json\/wp\/v2\/product"}],"about":[{"href":"https:\/\/www.azur-scenic.com\/en\/wp-json\/wp\/v2\/types\/product"}],"wp:featuredmedia":[{"embeddable":true,"href":"https:\/\/www.azur-scenic.com\/en\/wp-json\/wp\/v2\/media\/24590"}],"wp:attachment":[{"href":"https:\/\/www.azur-scenic.com\/en\/wp-json\/wp\/v2\/media?parent=24586"}],"wp:term":[{"taxonomy":"product_brand","embeddable":true,"href":"https:\/\/www.azur-scenic.com\/en\/wp-json\/wp\/v2\/product_brand?post=24586"},{"taxonomy":"product_cat","embeddable":true,"href":"https:\/\/www.azur-scenic.com\/en\/wp-json\/wp\/v2\/product_cat?post=24586"},{"taxonomy":"product_tag","embeddable":true,"href":"https:\/\/www.azur-scenic.com\/en\/wp-json\/wp\/v2\/product_tag?post=24586"}],"curies":[{"name":"wp","href":"https:\/\/api.w.org\/{rel}","templated":true}]}}