{"id":24598,"date":"2023-07-06T09:57:24","date_gmt":"2023-07-06T09:57:24","guid":{"rendered":"https:\/\/www.azur-scenic.com\/?post_type=product&#038;p=24598"},"modified":"2023-08-02T12:58:43","modified_gmt":"2023-08-02T12:58:43","slug":"borders","status":"publish","type":"product","link":"https:\/\/www.azur-scenic.com\/en\/product\/borders\/","title":{"rendered":"Borders"},"content":{"rendered":"<h1><span style=\"font-size: 28px;\">STAGE CURTAINS : MADE-TO-MEASURE AZUR SCENIC BORDER<\/span><\/h1>\n<h2><span style=\"font-size: 20px;\"><strong>WHAT MATERIAL FOR YOUR BORDERS?\u00a0<\/strong><\/span><\/h2>\n<p>A <b>border <\/b>is usually made of <strong><a href=\"https:\/\/www.azur-scenic.com\/en\/product-category\/velour\/\">velvet<\/a> <\/strong>or <a href=\"https:\/\/www.azur-scenic.com\/en\/product\/opaque\/\"><strong>flame-retardant black fleece<\/strong><\/a>. <br \/>\nIt can be made from the same material and in the same color as the legs.<br \/>\nWe offer this type of <strong>stage curtain<\/strong> in a range of textiles in flame-retardant cotton or FR polyester.<\/p>\n<p>Feel free to browse our wide range of <a href=\"https:\/\/www.azur-scenic.com\/en\/product-category\/stage-and-events-material\/\">flame-retardant textiles<\/a>!<\/p>\n<h2><span style=\"font-size: 20px;\"><strong>WHAT FINISHES FOR YOUR BORDERS?\u00a0<\/strong><\/span><\/h2>\n<p>At Azur Scenic, we make all your <strong>stage curtains to measure<\/strong>! <br \/>\nWe&#8217;re here to advise you on the finishes best suited to your stage. <br \/>\nWhether flat or pleated, borders are usually hung from fixed or mobile <strong>poles<\/strong>.<\/p>\n<p>The most popular top finish for border is therefore an attachment via knots. These knots can be sewn onto a strap or attached through eyelets. <br \/>\nBorders with fullness often have a low finish with a hem incorporating a flexible leaded braid.<br \/>\nFlat borders can be finished at the bottom with a sheath for inserting a <a href=\"https:\/\/www.azur-scenic.com\/en\/product\/sleeved-pole-short\/\">small weighting pole<\/a> to keep them taut.<\/p>\n<h2><span style=\"font-size: 20px;\"><strong>HOW MANY BORDERS FOR YOUR STAGE?\u00a0<\/strong><\/span><\/h2>\n<p>Borders are generally positioned at the same level as legs. So you&#8217;ll have as many borders as <strong>pairs of legs.<\/strong> <br \/>\nHowever, this is not an absolute rule! Our teams can advise you on the number of borders you need, depending on the layout of your stage.<\/p>\n<p>&nbsp;<\/p>\n<p>Did you know? <br \/>\nThe border positioned above the proscenium curtain is called &#8220;<strong>Teaser<\/strong>&#8221; or &#8220;<strong>Main valance<\/strong>&#8220;.<\/p>\n","protected":false},"excerpt":{"rendered":"<p><strong>Borders<\/strong> (or <strong>stage borders<\/strong>) are <strong>short stage curtains<\/strong> used to conceal equipment (spotlights&#8230;) and scenery hidden above the stage. <br \/>\nThey are therefore the guarantors of the show&#8217;s magic, and must be carefully sized, crafted and positioned on a stage!<\/p>\n<p>Azur-Scenic offers <strong>custom-made borders<\/strong> for all types of venues: theaters, opera houses, concert halls, multi-purpose halls&#8230;<\/p>\n<p>From superb <strong>velvet borders<\/strong> to more economical <strong>stage fleece borders<\/strong>, call on our expert teams to <strong>design and manufacture borders to suit your stage<\/strong>!<\/p>\n<p>&nbsp;<\/p>\n<p><a href=\"https:\/\/www.azur-scenic.com\/en\/contact\/\"><strong>NEED ADVICE OR A QUOTE?<\/strong><\/a><br \/>\n<a href=\"https:\/\/www.azur-scenic.com\/en\/contact\/\"><strong>CONTACT OUR SALES TEAM!<\/strong><\/a><\/p>\n","protected":false},"featured_media":24594,"template":"","meta":{"_acf_changed":false},"product_brand":[],"product_cat":[898,1792,897],"product_tag":[1798,1859,1860,1795,1797],"class_list":{"0":"post-24598","1":"product","2":"type-product","3":"status-publish","4":"has-post-thumbnail","6":"product_cat-all-products","7":"product_cat-stage-curtains","8":"product_cat-theatre","9":"product_tag-rideau-sur-mesure-en","10":"product_tag-frise-en","11":"product_tag-frise-de-scene-en","12":"product_tag-rideau-de-scene-en","13":"product_tag-rideau-de-theatre-en","14":"pa_groupes-de-couleurs-mixed","16":"first","17":"instock","18":"shipping-taxable","19":"purchasable","20":"product-type-simple"},"acf":[],"yoast_head":"<!-- This site is optimized with the Yoast SEO plugin v27.1.1 - https:\/\/yoast.com\/product\/yoast-seo-wordpress\/ -->\n<title>Borders - Azur Scenic<\/title>\n<meta name=\"description\" content=\"Azur Scenic, the theatre curtains specialist, makes all your made-to-measure Borders in M1 velour and many flame-retardant fabrics.\" \/>\n<meta name=\"robots\" content=\"index, follow, max-snippet:-1, max-image-preview:large, max-video-preview:-1\" \/>\n<link rel=\"canonical\" href=\"https:\/\/www.azur-scenic.com\/en\/product\/borders\/\" \/>\n<meta property=\"og:locale\" content=\"en_US\" \/>\n<meta property=\"og:type\" content=\"article\" \/>\n<meta property=\"og:title\" content=\"Borders - Azur Scenic\" \/>\n<meta property=\"og:description\" content=\"Azur Scenic, the theatre curtains specialist, makes all your made-to-measure Borders in M1 velour and many flame-retardant fabrics.\" \/>\n<meta property=\"og:url\" content=\"https:\/\/www.azur-scenic.com\/en\/product\/borders\/\" \/>\n<meta property=\"og:site_name\" content=\"Azur Scenic\" \/>\n<meta property=\"article:modified_time\" content=\"2023-08-02T12:58:43+00:00\" \/>\n<meta property=\"og:image\" content=\"https:\/\/www.azur-scenic.com\/wp-content\/uploads\/Frises.jpg\" \/>\n\t<meta property=\"og:image:width\" content=\"2362\" \/>\n\t<meta property=\"og:image:height\" content=\"2362\" \/>\n\t<meta property=\"og:image:type\" content=\"image\/jpeg\" \/>\n<meta name=\"twitter:card\" content=\"summary_large_image\" \/>\n<meta name=\"twitter:label1\" content=\"Est. reading time\" \/>\n\t<meta name=\"twitter:data1\" content=\"2 minutes\" \/>\n<script type=\"application\/ld+json\" class=\"yoast-schema-graph\">{\"@context\":\"https:\/\/schema.org\",\"@graph\":[{\"@type\":\"WebPage\",\"@id\":\"https:\/\/www.azur-scenic.com\/en\/product\/borders\/\",\"url\":\"https:\/\/www.azur-scenic.com\/en\/product\/borders\/\",\"name\":\"Borders - Azur Scenic\",\"isPartOf\":{\"@id\":\"https:\/\/www.azur-scenic.com\/en\/#website\"},\"primaryImageOfPage\":{\"@id\":\"https:\/\/www.azur-scenic.com\/en\/product\/borders\/#primaryimage\"},\"image\":{\"@id\":\"https:\/\/www.azur-scenic.com\/en\/product\/borders\/#primaryimage\"},\"thumbnailUrl\":\"https:\/\/www.azur-scenic.com\/wp-content\/uploads\/Frises.jpg\",\"datePublished\":\"2023-07-06T09:57:24+00:00\",\"dateModified\":\"2023-08-02T12:58:43+00:00\",\"description\":\"Azur Scenic, the theatre curtains specialist, makes all your made-to-measure Borders in M1 velour and many flame-retardant fabrics.\",\"breadcrumb\":{\"@id\":\"https:\/\/www.azur-scenic.com\/en\/product\/borders\/#breadcrumb\"},\"inLanguage\":\"en-US\",\"potentialAction\":[{\"@type\":\"ReadAction\",\"target\":[\"https:\/\/www.azur-scenic.com\/en\/product\/borders\/\"]}]},{\"@type\":\"ImageObject\",\"inLanguage\":\"en-US\",\"@id\":\"https:\/\/www.azur-scenic.com\/en\/product\/borders\/#primaryimage\",\"url\":\"https:\/\/www.azur-scenic.com\/wp-content\/uploads\/Frises.jpg\",\"contentUrl\":\"https:\/\/www.azur-scenic.com\/wp-content\/uploads\/Frises.jpg\",\"width\":2362,\"height\":2362,\"caption\":\"Mise en surbrillance des frises sur un visuel 3D d'une sc\u00e8ne de salle de spectacle\"},{\"@type\":\"BreadcrumbList\",\"@id\":\"https:\/\/www.azur-scenic.com\/en\/product\/borders\/#breadcrumb\",\"itemListElement\":[{\"@type\":\"ListItem\",\"position\":1,\"name\":\"Accueil\",\"item\":\"https:\/\/www.azur-scenic.com\/en\/\"},{\"@type\":\"ListItem\",\"position\":2,\"name\":\"Produits\",\"item\":\"https:\/\/www.azur-scenic.com\/en\/?page_id=21438\"},{\"@type\":\"ListItem\",\"position\":3,\"name\":\"Borders\"}]},{\"@type\":\"WebSite\",\"@id\":\"https:\/\/www.azur-scenic.com\/en\/#website\",\"url\":\"https:\/\/www.azur-scenic.com\/en\/\",\"name\":\"Azur Scenic\",\"description\":\"Sp\u00e9cialiste de l\u2019\u00e9quipement sc\u00e9nique et de la d\u00e9coration int\u00e9rieure et \u00e9v\u00e9nementielle !\",\"publisher\":{\"@id\":\"https:\/\/www.azur-scenic.com\/en\/#organization\"},\"potentialAction\":[{\"@type\":\"SearchAction\",\"target\":{\"@type\":\"EntryPoint\",\"urlTemplate\":\"https:\/\/www.azur-scenic.com\/en\/?s={search_term_string}\"},\"query-input\":{\"@type\":\"PropertyValueSpecification\",\"valueRequired\":true,\"valueName\":\"search_term_string\"}}],\"inLanguage\":\"en-US\"},{\"@type\":\"Organization\",\"@id\":\"https:\/\/www.azur-scenic.com\/en\/#organization\",\"name\":\"AZUR SCENIC\",\"url\":\"https:\/\/www.azur-scenic.com\/en\/\",\"logo\":{\"@type\":\"ImageObject\",\"inLanguage\":\"en-US\",\"@id\":\"https:\/\/www.azur-scenic.com\/en\/#\/schema\/logo\/image\/\",\"url\":\"https:\/\/www.azur-scenic.com\/wp-content\/uploads\/2022\/09\/LOGO-AZUR-SCENIC-Fusion-web-236x64-1.jpg\",\"contentUrl\":\"https:\/\/www.azur-scenic.com\/wp-content\/uploads\/2022\/09\/LOGO-AZUR-SCENIC-Fusion-web-236x64-1.jpg\",\"width\":236,\"height\":64,\"caption\":\"AZUR SCENIC\"},\"image\":{\"@id\":\"https:\/\/www.azur-scenic.com\/en\/#\/schema\/logo\/image\/\"},\"sameAs\":[\"https:\/\/www.youtube.com\/channel\/UCPWM2mGPVUt4nYhNlm71WOA\",\"https:\/\/www.linkedin.com\/company\/33237605\/admin\/feed\/posts\/\"]}]}<\/script>\n<!-- \/ Yoast SEO plugin. -->","yoast_head_json":{"title":"Borders - Azur Scenic","description":"Azur Scenic, the theatre curtains specialist, makes all your made-to-measure Borders in M1 velour and many flame-retardant fabrics.","robots":{"index":"index","follow":"follow","max-snippet":"max-snippet:-1","max-image-preview":"max-image-preview:large","max-video-preview":"max-video-preview:-1"},"canonical":"https:\/\/www.azur-scenic.com\/en\/product\/borders\/","og_locale":"en_US","og_type":"article","og_title":"Borders - Azur Scenic","og_description":"Azur Scenic, the theatre curtains specialist, makes all your made-to-measure Borders in M1 velour and many flame-retardant fabrics.","og_url":"https:\/\/www.azur-scenic.com\/en\/product\/borders\/","og_site_name":"Azur Scenic","article_modified_time":"2023-08-02T12:58:43+00:00","og_image":[{"width":2362,"height":2362,"url":"https:\/\/www.azur-scenic.com\/wp-content\/uploads\/Frises.jpg","type":"image\/jpeg"}],"twitter_card":"summary_large_image","twitter_misc":{"Est. reading time":"2 minutes"},"schema":{"@context":"https:\/\/schema.org","@graph":[{"@type":"WebPage","@id":"https:\/\/www.azur-scenic.com\/en\/product\/borders\/","url":"https:\/\/www.azur-scenic.com\/en\/product\/borders\/","name":"Borders - Azur Scenic","isPartOf":{"@id":"https:\/\/www.azur-scenic.com\/en\/#website"},"primaryImageOfPage":{"@id":"https:\/\/www.azur-scenic.com\/en\/product\/borders\/#primaryimage"},"image":{"@id":"https:\/\/www.azur-scenic.com\/en\/product\/borders\/#primaryimage"},"thumbnailUrl":"https:\/\/www.azur-scenic.com\/wp-content\/uploads\/Frises.jpg","datePublished":"2023-07-06T09:57:24+00:00","dateModified":"2023-08-02T12:58:43+00:00","description":"Azur Scenic, the theatre curtains specialist, makes all your made-to-measure Borders in M1 velour and many flame-retardant fabrics.","breadcrumb":{"@id":"https:\/\/www.azur-scenic.com\/en\/product\/borders\/#breadcrumb"},"inLanguage":"en-US","potentialAction":[{"@type":"ReadAction","target":["https:\/\/www.azur-scenic.com\/en\/product\/borders\/"]}]},{"@type":"ImageObject","inLanguage":"en-US","@id":"https:\/\/www.azur-scenic.com\/en\/product\/borders\/#primaryimage","url":"https:\/\/www.azur-scenic.com\/wp-content\/uploads\/Frises.jpg","contentUrl":"https:\/\/www.azur-scenic.com\/wp-content\/uploads\/Frises.jpg","width":2362,"height":2362,"caption":"Mise en surbrillance des frises sur un visuel 3D d'une sc\u00e8ne de salle de spectacle"},{"@type":"BreadcrumbList","@id":"https:\/\/www.azur-scenic.com\/en\/product\/borders\/#breadcrumb","itemListElement":[{"@type":"ListItem","position":1,"name":"Accueil","item":"https:\/\/www.azur-scenic.com\/en\/"},{"@type":"ListItem","position":2,"name":"Produits","item":"https:\/\/www.azur-scenic.com\/en\/?page_id=21438"},{"@type":"ListItem","position":3,"name":"Borders"}]},{"@type":"WebSite","@id":"https:\/\/www.azur-scenic.com\/en\/#website","url":"https:\/\/www.azur-scenic.com\/en\/","name":"Azur Scenic","description":"Sp\u00e9cialiste de l\u2019\u00e9quipement sc\u00e9nique et de la d\u00e9coration int\u00e9rieure et \u00e9v\u00e9nementielle !","publisher":{"@id":"https:\/\/www.azur-scenic.com\/en\/#organization"},"potentialAction":[{"@type":"SearchAction","target":{"@type":"EntryPoint","urlTemplate":"https:\/\/www.azur-scenic.com\/en\/?s={search_term_string}"},"query-input":{"@type":"PropertyValueSpecification","valueRequired":true,"valueName":"search_term_string"}}],"inLanguage":"en-US"},{"@type":"Organization","@id":"https:\/\/www.azur-scenic.com\/en\/#organization","name":"AZUR SCENIC","url":"https:\/\/www.azur-scenic.com\/en\/","logo":{"@type":"ImageObject","inLanguage":"en-US","@id":"https:\/\/www.azur-scenic.com\/en\/#\/schema\/logo\/image\/","url":"https:\/\/www.azur-scenic.com\/wp-content\/uploads\/2022\/09\/LOGO-AZUR-SCENIC-Fusion-web-236x64-1.jpg","contentUrl":"https:\/\/www.azur-scenic.com\/wp-content\/uploads\/2022\/09\/LOGO-AZUR-SCENIC-Fusion-web-236x64-1.jpg","width":236,"height":64,"caption":"AZUR SCENIC"},"image":{"@id":"https:\/\/www.azur-scenic.com\/en\/#\/schema\/logo\/image\/"},"sameAs":["https:\/\/www.youtube.com\/channel\/UCPWM2mGPVUt4nYhNlm71WOA","https:\/\/www.linkedin.com\/company\/33237605\/admin\/feed\/posts\/"]}]}},"_links":{"self":[{"href":"https:\/\/www.azur-scenic.com\/en\/wp-json\/wp\/v2\/product\/24598","targetHints":{"allow":["GET"]}}],"collection":[{"href":"https:\/\/www.azur-scenic.com\/en\/wp-json\/wp\/v2\/product"}],"about":[{"href":"https:\/\/www.azur-scenic.com\/en\/wp-json\/wp\/v2\/types\/product"}],"wp:featuredmedia":[{"embeddable":true,"href":"https:\/\/www.azur-scenic.com\/en\/wp-json\/wp\/v2\/media\/24594"}],"wp:attachment":[{"href":"https:\/\/www.azur-scenic.com\/en\/wp-json\/wp\/v2\/media?parent=24598"}],"wp:term":[{"taxonomy":"product_brand","embeddable":true,"href":"https:\/\/www.azur-scenic.com\/en\/wp-json\/wp\/v2\/product_brand?post=24598"},{"taxonomy":"product_cat","embeddable":true,"href":"https:\/\/www.azur-scenic.com\/en\/wp-json\/wp\/v2\/product_cat?post=24598"},{"taxonomy":"product_tag","embeddable":true,"href":"https:\/\/www.azur-scenic.com\/en\/wp-json\/wp\/v2\/product_tag?post=24598"}],"curies":[{"name":"wp","href":"https:\/\/api.w.org\/{rel}","templated":true}]}}