{"id":25643,"date":"2023-11-08T13:48:23","date_gmt":"2023-11-08T13:48:23","guid":{"rendered":"https:\/\/www.azur-scenic.com\/?post_type=product&#038;p=25643"},"modified":"2024-06-07T13:26:34","modified_gmt":"2024-06-07T13:26:34","slug":"blackout-fabric-blackout-starnight","status":"publish","type":"product","link":"https:\/\/www.azur-scenic.com\/en\/product\/blackout-fabric-blackout-starnight\/","title":{"rendered":"Blackout Starnight"},"content":{"rendered":"<h1><span style=\"font-size: 24px;\">Blackout Starnight: Flame-retardant blackout fabric at an affordable price<\/span><\/h1>\n<p>Blackout Starnight is the epitome of <strong>blackout fabric<\/strong> excellence. Made from high-quality fibers, it offers <strong>100% opacity<\/strong>, guaranteeing <strong>total darkness<\/strong>, whatever the outdoor conditions. This fabric is the ideal solution for creating peaceful rest areas, protecting your privacy or effectively <strong>blocking out sunlight<\/strong>.<\/p>\n<p>Blackout Starnight&#8217; fabric stands out for its <strong>exceptional value for money<\/strong>. It offers an excellent compromise between high-end performance and cost control, making it a wise choice for <strong>decorating<\/strong> and <strong>furnishing<\/strong> projects.<\/p>\n<p>This fabric has a unique appearance with a <strong>colored satin face<\/strong>, bringing a touch of elegance to your space. On the other side, <strong>an off-white matte face<\/strong> ensures <strong>excellent light and heat reflection<\/strong>. Blackout Starnight stands out for its <strong>versatility<\/strong>, allowing you to create the desired ambience in your spaces, while maintaining a <strong>clean aesthetic appearance<\/strong>. And if none of the colors in our standard range match your desires, rest assured that we have the perfect solution: <strong>customization<\/strong>! With just 40 linear meters, we can create a <strong>bespoke color<\/strong> that reflects your <strong>unique style<\/strong>. Your vision becomes a reality, thanks to our customization service.<\/p>\n<p>What&#8217;s more, &#8216;Blackout Starnight&#8217; fabric is <strong>M1 flame retardant<\/strong>, guaranteeing safety in a variety of environments, including public areas.<\/p>\n<p>Choose &#8216;Blackout Starnight&#8217; fabric to combine <strong>high-quality blackout performance<\/strong>, <strong>aesthetic<\/strong> versatility, fire <strong>safety<\/strong> and <strong>customizability<\/strong>. Create spaces where daylight and prying eyes are kept at bay, while benefiting from a fabric with undeniable charm.<\/p>\n<p>&nbsp;<\/p>\n<p>&nbsp;<\/p>\n<table style=\"width: 40.2121%;\">\n<thead>\n<tr>\n<th style=\"width: 19.2592%;\">Technical data<\/th>\n<th style=\"width: 31.2943%;\">Value<\/th>\n<\/tr>\n<\/thead>\n<tbody>\n<tr>\n<td style=\"vertical-align: top; width: 19.2592%;\">Over all width<\/td>\n<td style=\"vertical-align: top; width: 31.2943%;\">\u00b1 300 cm<\/td>\n<\/tr>\n<tr>\n<td style=\"vertical-align: top; width: 19.2592%;\">\u00a0Usable width<\/td>\n<td style=\"vertical-align: top; width: 31.2943%;\">\u00b1 295 cm<\/td>\n<\/tr>\n<tr>\n<td style=\"vertical-align: top; width: 19.2592%;\">Weight<\/td>\n<td style=\"vertical-align: top; width: 31.2943%;\">\u00b1 270 g\/m\u00b2<\/td>\n<\/tr>\n<tr>\n<td style=\"vertical-align: top; width: 19.2592%;\">Flame retardant rating<\/td>\n<td style=\"vertical-align: top; width: 31.2943%;\"><img decoding=\"async\" style=\"height: 20px; width: 20px;\" src=\"https:\/\/www.azur-scenic.com\/wp-content\/uploads\/csm_icon-flag-france_3304e5e3f9.png\" \/> M1<\/td>\n<\/tr>\n<tr>\n<td style=\"vertical-align: top; width: 19.2592%;\">Composition<\/td>\n<td style=\"vertical-align: top; width: 31.2943%;\">PES\u00a0<\/td>\n<\/tr>\n<tr>\n<td style=\"vertical-align: top; width: 19.2592%;\">Average roll length<\/td>\n<td style=\"vertical-align: top; width: 31.2943%;\">\u00b1 40 m<\/td>\n<\/tr>\n<tr>\n<td style=\"vertical-align: top; width: 19.2592%;\">Supplied in<\/td>\n<td style=\"vertical-align: top; width: 31.2943%;\">Rolled full-width<\/td>\n<\/tr>\n<\/tbody>\n<\/table>\n<p>&nbsp;<\/p>\n","protected":false},"excerpt":{"rendered":"<p><strong>Blackout Starnight<\/strong> blackout fabric combines <strong>elegance<\/strong> and<strong> total opacity<\/strong>.<\/p>\n<p>Rated <strong>M1 flame retardant<\/strong> and offering <strong>excellent value for money<\/strong>, this fabric features a colored satin face on one side, and a matte white face on the other.<\/p>\n<p>And if none of the colors in the standard range suits your needs, we can create your <strong>ideal custom color<\/strong> from 40 linear m!<\/p>\n<p>&nbsp;<\/p>\n<table class=\"table\" style=\"background-color: #f7f7f7; background-position: initial initial; background-repeat: initial initial; width: 640px;\">\n<tbody>\n<tr>\n<td style=\"width: 207px;\"><strong>Width<\/strong>: \u00b1 300 cm<\/td>\n<td style=\"width: 417px;\"><strong>Weight<\/strong>: 270 g\/m\u00b2<\/td>\n<\/tr>\n<tr>\n<td style=\"width: 207px;\"><strong>Flame retardant rating<\/strong>: <img decoding=\"async\" style=\"height: 20px; width: 20px;\" src=\"https:\/\/www.azur-scenic.com\/wp-content\/uploads\/csm_icon-flag-france_3304e5e3f9.png\" \/> M1<\/td>\n<td style=\"vertical-align: top; width: 417px;\"><strong>Composition<\/strong>: PES<br \/>\n(with white flock backing)<\/td>\n<\/tr>\n<\/tbody>\n<\/table>\n","protected":false},"featured_media":25581,"template":"","meta":{"_acf_changed":false},"product_brand":[],"product_cat":[898,893,896,1027],"product_tag":[],"class_list":{"0":"post-25643","1":"product","2":"type-product","3":"status-publish","4":"has-post-thumbnail","6":"product_cat-all-products","7":"product_cat-stage-and-events-material","8":"product_cat-black-out","9":"product_cat-decoration","10":"pa_couleurs-001-en","11":"pa_couleurs-002-en","12":"pa_couleurs-003-en","13":"pa_couleurs-030-en","14":"pa_couleurs-100-en","15":"pa_couleurs-108-en","16":"pa_couleurs-109-en","17":"pa_couleurs-120-en","18":"pa_couleurs-180-en","19":"pa_couleurs-501-en","20":"pa_couleurs-518-en","21":"pa_couleurs-520-en","22":"pa_couleurs-530-en","23":"pa_couleurs-612-en","24":"pa_couleurs-655-en","25":"pa_couleurs-770-en","26":"pa_couleurs-786-en","27":"pa_couleurs-999-en","28":"pa_groupes-de-couleurs-white","29":"pa_groupes-de-couleurs-blue","30":"pa_groupes-de-couleurs-greys","31":"pa_groupes-de-couleurs-brown-beige","32":"pa_groupes-de-couleurs-black","33":"pa_groupes-de-couleurs-green","34":"pa_textiles-flame-retardant-rated","35":"pa_textiles-washable","36":"pa_textiles-black-out-and-or-screen-material","37":"pa_textiles-great-value","39":"first","40":"instock","41":"shipping-taxable","42":"purchasable","43":"product-type-variable"},"acf":[],"yoast_head":"<!-- This site is optimized with the Yoast SEO plugin v27.3 - https:\/\/yoast.com\/product\/yoast-seo-wordpress\/ -->\n<title>Blackout Fabric &amp; Flame Retardant -Blackout Starnight - Azur Scenic<\/title>\n<meta name=\"description\" content=\"Blackout Starnight, the stylish satin-finish M1 flame-retardant blackout fabric with excellent value for money from Azur Scenic\" \/>\n<meta name=\"robots\" content=\"index, follow, max-snippet:-1, max-image-preview:large, max-video-preview:-1\" \/>\n<link rel=\"canonical\" href=\"https:\/\/www.azur-scenic.com\/en\/product\/blackout-fabric-blackout-starnight\/\" \/>\n<meta property=\"og:locale\" content=\"en_US\" \/>\n<meta property=\"og:type\" content=\"article\" \/>\n<meta property=\"og:title\" content=\"Blackout Fabric &amp; Flame Retardant -Blackout Starnight - Azur Scenic\" \/>\n<meta property=\"og:description\" content=\"Blackout Starnight, the stylish satin-finish M1 flame-retardant blackout fabric with excellent value for money from Azur Scenic\" \/>\n<meta property=\"og:url\" content=\"https:\/\/www.azur-scenic.com\/en\/product\/blackout-fabric-blackout-starnight\/\" \/>\n<meta property=\"og:site_name\" content=\"Azur Scenic\" \/>\n<meta property=\"article:modified_time\" content=\"2024-06-07T13:26:34+00:00\" \/>\n<meta property=\"og:image\" content=\"https:\/\/www.azur-scenic.com\/wp-content\/uploads\/Blackout-starnight-180-ardoise.jpg\" \/>\n\t<meta property=\"og:image:width\" content=\"2000\" \/>\n\t<meta property=\"og:image:height\" content=\"2000\" \/>\n\t<meta property=\"og:image:type\" content=\"image\/jpeg\" \/>\n<meta name=\"twitter:card\" content=\"summary_large_image\" \/>\n<meta name=\"twitter:label1\" content=\"Est. reading time\" \/>\n\t<meta name=\"twitter:data1\" content=\"2 minutes\" \/>\n<script type=\"application\/ld+json\" class=\"yoast-schema-graph\">{\"@context\":\"https:\\\/\\\/schema.org\",\"@graph\":[{\"@type\":\"WebPage\",\"@id\":\"https:\\\/\\\/www.azur-scenic.com\\\/en\\\/product\\\/blackout-fabric-blackout-starnight\\\/\",\"url\":\"https:\\\/\\\/www.azur-scenic.com\\\/en\\\/product\\\/blackout-fabric-blackout-starnight\\\/\",\"name\":\"Blackout Fabric & Flame Retardant -Blackout Starnight - Azur Scenic\",\"isPartOf\":{\"@id\":\"https:\\\/\\\/www.azur-scenic.com\\\/en\\\/#website\"},\"primaryImageOfPage\":{\"@id\":\"https:\\\/\\\/www.azur-scenic.com\\\/en\\\/product\\\/blackout-fabric-blackout-starnight\\\/#primaryimage\"},\"image\":{\"@id\":\"https:\\\/\\\/www.azur-scenic.com\\\/en\\\/product\\\/blackout-fabric-blackout-starnight\\\/#primaryimage\"},\"thumbnailUrl\":\"https:\\\/\\\/www.azur-scenic.com\\\/wp-content\\\/uploads\\\/Blackout-starnight-180-ardoise.jpg\",\"datePublished\":\"2023-11-08T13:48:23+00:00\",\"dateModified\":\"2024-06-07T13:26:34+00:00\",\"description\":\"Blackout Starnight, the stylish satin-finish M1 flame-retardant blackout fabric with excellent value for money from Azur Scenic\",\"breadcrumb\":{\"@id\":\"https:\\\/\\\/www.azur-scenic.com\\\/en\\\/product\\\/blackout-fabric-blackout-starnight\\\/#breadcrumb\"},\"inLanguage\":\"en-US\",\"potentialAction\":[{\"@type\":\"ReadAction\",\"target\":[\"https:\\\/\\\/www.azur-scenic.com\\\/en\\\/product\\\/blackout-fabric-blackout-starnight\\\/\"]}]},{\"@type\":\"ImageObject\",\"inLanguage\":\"en-US\",\"@id\":\"https:\\\/\\\/www.azur-scenic.com\\\/en\\\/product\\\/blackout-fabric-blackout-starnight\\\/#primaryimage\",\"url\":\"https:\\\/\\\/www.azur-scenic.com\\\/wp-content\\\/uploads\\\/Blackout-starnight-180-ardoise.jpg\",\"contentUrl\":\"https:\\\/\\\/www.azur-scenic.com\\\/wp-content\\\/uploads\\\/Blackout-starnight-180-ardoise.jpg\",\"width\":2000,\"height\":2000,\"caption\":\"Tissu occultant Blackout Starnight r\u00e9pondant \u00e0 la norme anti-feu Fran\u00e7aise M1 disponible chez Azur Scenic\"},{\"@type\":\"BreadcrumbList\",\"@id\":\"https:\\\/\\\/www.azur-scenic.com\\\/en\\\/product\\\/blackout-fabric-blackout-starnight\\\/#breadcrumb\",\"itemListElement\":[{\"@type\":\"ListItem\",\"position\":1,\"name\":\"Accueil\",\"item\":\"https:\\\/\\\/www.azur-scenic.com\\\/en\\\/\"},{\"@type\":\"ListItem\",\"position\":2,\"name\":\"Produits\",\"item\":\"https:\\\/\\\/www.azur-scenic.com\\\/en\\\/?page_id=21438\"},{\"@type\":\"ListItem\",\"position\":3,\"name\":\"Blackout Starnight\"}]},{\"@type\":\"WebSite\",\"@id\":\"https:\\\/\\\/www.azur-scenic.com\\\/en\\\/#website\",\"url\":\"https:\\\/\\\/www.azur-scenic.com\\\/en\\\/\",\"name\":\"Azur Scenic\",\"description\":\"Sp\u00e9cialiste de l\u2019\u00e9quipement sc\u00e9nique et de la d\u00e9coration int\u00e9rieure et \u00e9v\u00e9nementielle !\",\"publisher\":{\"@id\":\"https:\\\/\\\/www.azur-scenic.com\\\/en\\\/#organization\"},\"potentialAction\":[{\"@type\":\"SearchAction\",\"target\":{\"@type\":\"EntryPoint\",\"urlTemplate\":\"https:\\\/\\\/www.azur-scenic.com\\\/en\\\/?s={search_term_string}\"},\"query-input\":{\"@type\":\"PropertyValueSpecification\",\"valueRequired\":true,\"valueName\":\"search_term_string\"}}],\"inLanguage\":\"en-US\"},{\"@type\":\"Organization\",\"@id\":\"https:\\\/\\\/www.azur-scenic.com\\\/en\\\/#organization\",\"name\":\"AZUR SCENIC\",\"url\":\"https:\\\/\\\/www.azur-scenic.com\\\/en\\\/\",\"logo\":{\"@type\":\"ImageObject\",\"inLanguage\":\"en-US\",\"@id\":\"https:\\\/\\\/www.azur-scenic.com\\\/en\\\/#\\\/schema\\\/logo\\\/image\\\/\",\"url\":\"https:\\\/\\\/www.azur-scenic.com\\\/wp-content\\\/uploads\\\/2022\\\/09\\\/LOGO-AZUR-SCENIC-Fusion-web-236x64-1.jpg\",\"contentUrl\":\"https:\\\/\\\/www.azur-scenic.com\\\/wp-content\\\/uploads\\\/2022\\\/09\\\/LOGO-AZUR-SCENIC-Fusion-web-236x64-1.jpg\",\"width\":236,\"height\":64,\"caption\":\"AZUR SCENIC\"},\"image\":{\"@id\":\"https:\\\/\\\/www.azur-scenic.com\\\/en\\\/#\\\/schema\\\/logo\\\/image\\\/\"},\"sameAs\":[\"https:\\\/\\\/www.youtube.com\\\/channel\\\/UCPWM2mGPVUt4nYhNlm71WOA\",\"https:\\\/\\\/www.linkedin.com\\\/company\\\/33237605\\\/admin\\\/feed\\\/posts\\\/\"]}]}<\/script>\n<!-- \/ Yoast SEO plugin. -->","yoast_head_json":{"title":"Blackout Fabric & Flame Retardant -Blackout Starnight - Azur Scenic","description":"Blackout Starnight, the stylish satin-finish M1 flame-retardant blackout fabric with excellent value for money from Azur Scenic","robots":{"index":"index","follow":"follow","max-snippet":"max-snippet:-1","max-image-preview":"max-image-preview:large","max-video-preview":"max-video-preview:-1"},"canonical":"https:\/\/www.azur-scenic.com\/en\/product\/blackout-fabric-blackout-starnight\/","og_locale":"en_US","og_type":"article","og_title":"Blackout Fabric & Flame Retardant -Blackout Starnight - Azur Scenic","og_description":"Blackout Starnight, the stylish satin-finish M1 flame-retardant blackout fabric with excellent value for money from Azur Scenic","og_url":"https:\/\/www.azur-scenic.com\/en\/product\/blackout-fabric-blackout-starnight\/","og_site_name":"Azur Scenic","article_modified_time":"2024-06-07T13:26:34+00:00","og_image":[{"width":2000,"height":2000,"url":"https:\/\/www.azur-scenic.com\/wp-content\/uploads\/Blackout-starnight-180-ardoise.jpg","type":"image\/jpeg"}],"twitter_card":"summary_large_image","twitter_misc":{"Est. reading time":"2 minutes"},"schema":{"@context":"https:\/\/schema.org","@graph":[{"@type":"WebPage","@id":"https:\/\/www.azur-scenic.com\/en\/product\/blackout-fabric-blackout-starnight\/","url":"https:\/\/www.azur-scenic.com\/en\/product\/blackout-fabric-blackout-starnight\/","name":"Blackout Fabric & Flame Retardant -Blackout Starnight - Azur Scenic","isPartOf":{"@id":"https:\/\/www.azur-scenic.com\/en\/#website"},"primaryImageOfPage":{"@id":"https:\/\/www.azur-scenic.com\/en\/product\/blackout-fabric-blackout-starnight\/#primaryimage"},"image":{"@id":"https:\/\/www.azur-scenic.com\/en\/product\/blackout-fabric-blackout-starnight\/#primaryimage"},"thumbnailUrl":"https:\/\/www.azur-scenic.com\/wp-content\/uploads\/Blackout-starnight-180-ardoise.jpg","datePublished":"2023-11-08T13:48:23+00:00","dateModified":"2024-06-07T13:26:34+00:00","description":"Blackout Starnight, the stylish satin-finish M1 flame-retardant blackout fabric with excellent value for money from Azur Scenic","breadcrumb":{"@id":"https:\/\/www.azur-scenic.com\/en\/product\/blackout-fabric-blackout-starnight\/#breadcrumb"},"inLanguage":"en-US","potentialAction":[{"@type":"ReadAction","target":["https:\/\/www.azur-scenic.com\/en\/product\/blackout-fabric-blackout-starnight\/"]}]},{"@type":"ImageObject","inLanguage":"en-US","@id":"https:\/\/www.azur-scenic.com\/en\/product\/blackout-fabric-blackout-starnight\/#primaryimage","url":"https:\/\/www.azur-scenic.com\/wp-content\/uploads\/Blackout-starnight-180-ardoise.jpg","contentUrl":"https:\/\/www.azur-scenic.com\/wp-content\/uploads\/Blackout-starnight-180-ardoise.jpg","width":2000,"height":2000,"caption":"Tissu occultant Blackout Starnight r\u00e9pondant \u00e0 la norme anti-feu Fran\u00e7aise M1 disponible chez Azur Scenic"},{"@type":"BreadcrumbList","@id":"https:\/\/www.azur-scenic.com\/en\/product\/blackout-fabric-blackout-starnight\/#breadcrumb","itemListElement":[{"@type":"ListItem","position":1,"name":"Accueil","item":"https:\/\/www.azur-scenic.com\/en\/"},{"@type":"ListItem","position":2,"name":"Produits","item":"https:\/\/www.azur-scenic.com\/en\/?page_id=21438"},{"@type":"ListItem","position":3,"name":"Blackout Starnight"}]},{"@type":"WebSite","@id":"https:\/\/www.azur-scenic.com\/en\/#website","url":"https:\/\/www.azur-scenic.com\/en\/","name":"Azur Scenic","description":"Sp\u00e9cialiste de l\u2019\u00e9quipement sc\u00e9nique et de la d\u00e9coration int\u00e9rieure et \u00e9v\u00e9nementielle !","publisher":{"@id":"https:\/\/www.azur-scenic.com\/en\/#organization"},"potentialAction":[{"@type":"SearchAction","target":{"@type":"EntryPoint","urlTemplate":"https:\/\/www.azur-scenic.com\/en\/?s={search_term_string}"},"query-input":{"@type":"PropertyValueSpecification","valueRequired":true,"valueName":"search_term_string"}}],"inLanguage":"en-US"},{"@type":"Organization","@id":"https:\/\/www.azur-scenic.com\/en\/#organization","name":"AZUR SCENIC","url":"https:\/\/www.azur-scenic.com\/en\/","logo":{"@type":"ImageObject","inLanguage":"en-US","@id":"https:\/\/www.azur-scenic.com\/en\/#\/schema\/logo\/image\/","url":"https:\/\/www.azur-scenic.com\/wp-content\/uploads\/2022\/09\/LOGO-AZUR-SCENIC-Fusion-web-236x64-1.jpg","contentUrl":"https:\/\/www.azur-scenic.com\/wp-content\/uploads\/2022\/09\/LOGO-AZUR-SCENIC-Fusion-web-236x64-1.jpg","width":236,"height":64,"caption":"AZUR SCENIC"},"image":{"@id":"https:\/\/www.azur-scenic.com\/en\/#\/schema\/logo\/image\/"},"sameAs":["https:\/\/www.youtube.com\/channel\/UCPWM2mGPVUt4nYhNlm71WOA","https:\/\/www.linkedin.com\/company\/33237605\/admin\/feed\/posts\/"]}]}},"_links":{"self":[{"href":"https:\/\/www.azur-scenic.com\/en\/wp-json\/wp\/v2\/product\/25643","targetHints":{"allow":["GET"]}}],"collection":[{"href":"https:\/\/www.azur-scenic.com\/en\/wp-json\/wp\/v2\/product"}],"about":[{"href":"https:\/\/www.azur-scenic.com\/en\/wp-json\/wp\/v2\/types\/product"}],"wp:featuredmedia":[{"embeddable":true,"href":"https:\/\/www.azur-scenic.com\/en\/wp-json\/wp\/v2\/media\/25581"}],"wp:attachment":[{"href":"https:\/\/www.azur-scenic.com\/en\/wp-json\/wp\/v2\/media?parent=25643"}],"wp:term":[{"taxonomy":"product_brand","embeddable":true,"href":"https:\/\/www.azur-scenic.com\/en\/wp-json\/wp\/v2\/product_brand?post=25643"},{"taxonomy":"product_cat","embeddable":true,"href":"https:\/\/www.azur-scenic.com\/en\/wp-json\/wp\/v2\/product_cat?post=25643"},{"taxonomy":"product_tag","embeddable":true,"href":"https:\/\/www.azur-scenic.com\/en\/wp-json\/wp\/v2\/product_tag?post=25643"}],"curies":[{"name":"wp","href":"https:\/\/api.w.org\/{rel}","templated":true}]}}