{"id":25959,"date":"2023-10-02T09:01:31","date_gmt":"2023-10-02T09:01:31","guid":{"rendered":"https:\/\/www.azur-scenic.com\/produit\/molleton-scenique-grs\/"},"modified":"2024-06-07T12:18:59","modified_gmt":"2024-06-07T12:18:59","slug":"recycled-stage-molleton","status":"publish","type":"product","link":"https:\/\/www.azur-scenic.com\/en\/product\/recycled-stage-molleton\/","title":{"rendered":"Recycled Stage Molleton"},"content":{"rendered":"<h1><span style=\"font-size: 24px;\"><strong>Flame-retardant recycled stage molleton : sustainability and performance on stage<\/strong><\/span><\/h1>\n<p>Rediscover the essential flame-retardant stage molleton, now available in its recycled version for more responsible theatre curtains and events. Our flame-retardant M1 recycled stage molleton meets the most rigorous safety standards while showing our commitment towards environmental sustainability, offering a greener choice for the future of stage productions.<\/p>\n<h2><span style=\"font-size: 20px;\"><strong>Recycled stage molleton: Commitment towards sustainability<\/strong><\/span><\/h2>\n<p>Composed of 73% of recycled cotton, this molleton is far above the standards of the GRS (Global Recycled Standard). Azur Scenic is commited to a cleaner future and this choice of material shows our true determination to reduce our impact on the environment while maintaining a high level of performance.<\/p>\n<h2><span style=\"font-size: 20px;\"><strong>Recycled stage molleton:\u00a0<\/strong><\/span><span style=\"font-size: 20px;\"><strong>Cost-effective and qualitative\u00a0<\/strong><\/span><\/h2>\n<p>Despite its recycled component, this stage molleton remains cost-effective and does not alter its quality at all. It keeps its resistance and the nice fall of a classic stage molleton. You can thus create environmentally friendly projects without compromising the performance on stage.<\/p>\n<h2><span style=\"font-size: 20px;\"><strong>Recycled stage molleton:\u00a0<\/strong><\/span><span style=\"font-size: 20px;\"><strong>A versatile solution\u00a0<\/strong><\/span><\/h2>\n<p>\u00a0Thanks to its blend of cotton, viscose and polyester fibers, this recycled stage molleton offers exemplary dimensional stability and opacity superior to some stage molleton 100% made of virgin cotton fibers. It is ideal for theatre curtains, side-curtains, stage skirts, decorations and many other creative use.<\/p>\n<p>Choose Azur Scenic\u2019s recyled stage molleton for your projects. We are your trusted source for sustainable and performing textiles. Contribute to a cleaner future while maintaining artistic excellence with our recycled fire-retardant molleton.<\/p>\n<p>&nbsp;<\/p>\n<h2><span style=\"font-size: 20px;\"><b>Technical informations<\/b><\/span><\/h2>\n<table style=\"width: 100%; height: 328px;\">\n<thead>\n<tr style=\"height: 23px;\">\n<th style=\"width: 14.7084%; height: 23px;\">Technical data<\/th>\n<th style=\"height: 23px; width: 14.7929%;\">Figures<\/th>\n<th style=\"height: 23px; width: 69.738%;\">Comments<\/th>\n<\/tr>\n<\/thead>\n<tbody>\n<tr style=\"height: 23px;\">\n<td style=\"vertical-align: top; height: 23px; width: 14.7084%;\">Width<\/td>\n<td style=\"vertical-align: top; height: 23px; width: 14.7929%;\">\u00b1 300 cm<\/td>\n<td style=\"vertical-align: top; height: 23px; width: 69.738%;\">\u00a0<\/td>\n<\/tr>\n<tr style=\"height: 23px;\">\n<td style=\"vertical-align: top; height: 23px; width: 14.7084%;\">Weight<\/td>\n<td style=\"vertical-align: top; height: 23px; width: 14.7929%;\">\u00b1 320 g\/m\u00b2<\/td>\n<td style=\"vertical-align: top; height: 23px; width: 69.738%;\">\u00a0<\/td>\n<\/tr>\n<tr style=\"height: 23px;\">\n<td style=\"vertical-align: top; height: 23px; width: 14.7084%;\">Thickness<\/td>\n<td style=\"vertical-align: top; height: 23px; width: 14.7929%;\">\u00b1 1,2 mm<\/td>\n<td style=\"vertical-align: top; height: 23px; width: 69.738%;\">\u00a0<\/td>\n<\/tr>\n<tr style=\"height: 95px;\">\n<td style=\"vertical-align: top; height: 95px; width: 14.7084%;\">Fire-retardant rating<\/td>\n<td style=\"vertical-align: top; height: 95px; width: 14.7929%;\"><img decoding=\"async\" style=\"height: 20px; width: 20px;\" src=\"https:\/\/www.azur-scenic.com\/wp-content\/uploads\/icon-flag-france.png?1542281963\" \/> M1, <img decoding=\"async\" style=\"height: 20px; width: 20px;\" src=\"https:\/\/www.azur-scenic.com\/wp-content\/uploads\/icon-flag-allemagne.png\" alt=\"\" \/> B1, <img decoding=\"async\" style=\"height: 20px; width: 20px;\" src=\"https:\/\/www.azur-scenic.com\/wp-content\/uploads\/icon-flag-europe.png\" \/> EN13501<\/td>\n<td style=\"vertical-align: top; height: 95px; width: 69.738%;\">\u00a0<\/td>\n<\/tr>\n<tr style=\"height: 47px;\">\n<td style=\"vertical-align: top; height: 47px; width: 14.7084%;\">Composition<\/td>\n<td style=\"vertical-align: top; height: 47px; width: 14.7929%;\">73% recycled cotton<br \/>\n17% viscose<br \/>\n10% polyester<\/td>\n<td style=\"vertical-align: top; height: 47px; width: 69.738%;\">Meets the GRS (Global Recycled Standard) requirements<\/td>\n<\/tr>\n<tr style=\"height: 47px;\">\n<td style=\"vertical-align: top; height: 47px; width: 14.7084%;\">Roll lenght<\/td>\n<td style=\"vertical-align: top; height: 47px; width: 14.7929%;\">\u00b1 60 m (bales)<br \/>\n\u00b1 500 m (pallets)<\/td>\n<td style=\"vertical-align: top; height: 47px; width: 69.738%;\">May be sold at the cut, depending on the stock availability\u00a0<\/td>\n<\/tr>\n<tr style=\"height: 47px;\">\n<td style=\"vertical-align: top; width: 14.7084%; height: 47px;\">Supplied in<\/td>\n<td style=\"vertical-align: top; width: 14.7929%; height: 47px;\">Centre-folded<\/td>\n<td style=\"vertical-align: top; width: 69.738%; height: 47px;\">Bales or pallets<\/td>\n<\/tr>\n<\/tbody>\n<\/table>\n<p>&nbsp;<\/p>\n","protected":false},"excerpt":{"rendered":"<p>The <strong>flame-retardant stage molleton,<\/strong> stage essential, in its <strong>recycled<\/strong> version for more responsible theatre curtains and events.<\/p>\n<p>\nThis <strong>flame-retardant M1 stage molleton <\/strong>contains <strong>73% of recycled cotton<\/strong> enabling it to largely meet the requirements of the <strong>GRS (Global Recycled Standard)<\/strong>.<\/p>\n<p>\nIt remains as <strong>cost-effective<\/strong> and <strong>qualitative <\/strong>as a classic stage molleton,even while being made of a large portion of recycled cotton! Thanks to its blend of cotton, viscose and polyester fibers, it offers good <strong>dimensional stability<\/strong>, and even offers an <strong>opacity<\/strong> superior to certain molletons 100% made of virgin cotton fibers.<\/p>\n<p>&nbsp;<\/p>\n<table class=\"table\" style=\"background: #f7f7f7;\">\n<tbody>\n<tr>\n<td><strong>Width<\/strong>\u00a0: 300 cm<\/td>\n<td><strong>Weight<\/strong>\u00a0: 320 g\/m\u00b2<\/td>\n<\/tr>\n<tr>\n<td>Fire-retardant rating : <img decoding=\"async\" style=\"height: 20px; width: 20px;\" src=\"https:\/\/www.azur-scenic.com\/wp-content\/uploads\/icon-flag-france.png?1542281963\" \/> M1, <img decoding=\"async\" style=\"height: 20px; width: 20px;\" src=\"https:\/\/www.azur-scenic.com\/wp-content\/uploads\/icon-flag-allemagne.png\" alt=\"\" \/> B1, <br \/>\n<img decoding=\"async\" style=\"height: 20px; width: 20px;\" src=\"https:\/\/www.azur-scenic.com\/wp-content\/uploads\/icon-flag-europe.png\" \/> EN13501<\/td>\n<td style=\"vertical-align: top;\"><strong>Composition<\/strong> : 73% recycled cotton, <br \/>\n17% Viscose, 10% Polyester<\/td>\n<\/tr>\n<\/tbody>\n<\/table>\n","protected":false},"featured_media":25311,"template":"","meta":{"_acf_changed":false},"product_brand":[],"product_cat":[1882,898,893,896,981,982,897,1106],"product_tag":[],"class_list":{"0":"post-25959","1":"product","2":"type-product","3":"status-publish","4":"has-post-thumbnail","6":"product_cat-recycled-fabrics","7":"product_cat-all-products","8":"product_cat-stage-and-events-material","9":"product_cat-black-out","10":"product_cat-decorative-fabrics","11":"product_cat-canvas-brushed-finishes","12":"product_cat-theatre","13":"product_cat-events","14":"pa_couleurs-001-en","15":"pa_couleurs-002-en","16":"pa_couleurs-003-en","17":"pa_groupes-de-couleurs-white","18":"pa_groupes-de-couleurs-off-white","19":"pa_groupes-de-couleurs-black","20":"pa_textiles-recycled-fabrics","21":"pa_textiles-global-reclycled-standard-en","22":"pa_textiles-flame-retardant-rated","23":"pa_textiles-great-value","25":"first","26":"instock","27":"shipping-taxable","28":"purchasable","29":"product-type-variable"},"acf":[],"yoast_head":"<!-- This site is optimized with the Yoast SEO plugin v27.1.1 - https:\/\/yoast.com\/product\/yoast-seo-wordpress\/ -->\n<title>Recycled stage molleton - Azur Scenic<\/title>\n<meta name=\"description\" content=\"Discover the Azur Scenic recycled stage molleton : Flame-retardant M1 and ecology reunited in a single fabric. Be impactful while preserving the planet.\" \/>\n<meta name=\"robots\" content=\"index, follow, max-snippet:-1, max-image-preview:large, max-video-preview:-1\" \/>\n<link rel=\"canonical\" href=\"https:\/\/www.azur-scenic.com\/en\/product\/recycled-stage-molleton\/\" \/>\n<meta property=\"og:locale\" content=\"en_US\" \/>\n<meta property=\"og:type\" content=\"article\" \/>\n<meta property=\"og:title\" content=\"Recycled stage molleton - Azur Scenic\" \/>\n<meta property=\"og:description\" content=\"Discover the Azur Scenic recycled stage molleton : Flame-retardant M1 and ecology reunited in a single fabric. Be impactful while preserving the planet.\" \/>\n<meta property=\"og:url\" content=\"https:\/\/www.azur-scenic.com\/en\/product\/recycled-stage-molleton\/\" \/>\n<meta property=\"og:site_name\" content=\"Azur Scenic\" \/>\n<meta property=\"article:modified_time\" content=\"2024-06-07T12:18:59+00:00\" \/>\n<meta property=\"og:image\" content=\"https:\/\/www.azur-scenic.com\/wp-content\/uploads\/MOLLETON-SCENIQUE-GRS-NOIR.jpg\" \/>\n\t<meta property=\"og:image:width\" content=\"2280\" \/>\n\t<meta property=\"og:image:height\" content=\"2280\" \/>\n\t<meta property=\"og:image:type\" content=\"image\/jpeg\" \/>\n<meta name=\"twitter:card\" content=\"summary_large_image\" \/>\n<meta name=\"twitter:label1\" content=\"Est. reading time\" \/>\n\t<meta name=\"twitter:data1\" content=\"3 minutes\" \/>\n<script type=\"application\/ld+json\" class=\"yoast-schema-graph\">{\"@context\":\"https:\/\/schema.org\",\"@graph\":[{\"@type\":\"WebPage\",\"@id\":\"https:\/\/www.azur-scenic.com\/en\/product\/recycled-stage-molleton\/\",\"url\":\"https:\/\/www.azur-scenic.com\/en\/product\/recycled-stage-molleton\/\",\"name\":\"Recycled stage molleton - Azur Scenic\",\"isPartOf\":{\"@id\":\"https:\/\/www.azur-scenic.com\/en\/#website\"},\"primaryImageOfPage\":{\"@id\":\"https:\/\/www.azur-scenic.com\/en\/product\/recycled-stage-molleton\/#primaryimage\"},\"image\":{\"@id\":\"https:\/\/www.azur-scenic.com\/en\/product\/recycled-stage-molleton\/#primaryimage\"},\"thumbnailUrl\":\"https:\/\/www.azur-scenic.com\/wp-content\/uploads\/MOLLETON-SCENIQUE-GRS-NOIR.jpg\",\"datePublished\":\"2023-10-02T09:01:31+00:00\",\"dateModified\":\"2024-06-07T12:18:59+00:00\",\"description\":\"Discover the Azur Scenic recycled stage molleton : Flame-retardant M1 and ecology reunited in a single fabric. Be impactful while preserving the planet.\",\"breadcrumb\":{\"@id\":\"https:\/\/www.azur-scenic.com\/en\/product\/recycled-stage-molleton\/#breadcrumb\"},\"inLanguage\":\"en-US\",\"potentialAction\":[{\"@type\":\"ReadAction\",\"target\":[\"https:\/\/www.azur-scenic.com\/en\/product\/recycled-stage-molleton\/\"]}]},{\"@type\":\"ImageObject\",\"inLanguage\":\"en-US\",\"@id\":\"https:\/\/www.azur-scenic.com\/en\/product\/recycled-stage-molleton\/#primaryimage\",\"url\":\"https:\/\/www.azur-scenic.com\/wp-content\/uploads\/MOLLETON-SCENIQUE-GRS-NOIR.jpg\",\"contentUrl\":\"https:\/\/www.azur-scenic.com\/wp-content\/uploads\/MOLLETON-SCENIQUE-GRS-NOIR.jpg\",\"width\":2280,\"height\":2280,\"caption\":\"Molleton sc\u00e9nique recycl\u00e9 et ignifug\u00e9, coloris noir, r\u00e9pondant \u00e0 la norme GRS Global Recycled Standard et \u00e0 la norme anti-feu Fran\u00e7aise M1 disponible chez Azur Scenic\"},{\"@type\":\"BreadcrumbList\",\"@id\":\"https:\/\/www.azur-scenic.com\/en\/product\/recycled-stage-molleton\/#breadcrumb\",\"itemListElement\":[{\"@type\":\"ListItem\",\"position\":1,\"name\":\"Accueil\",\"item\":\"https:\/\/www.azur-scenic.com\/en\/\"},{\"@type\":\"ListItem\",\"position\":2,\"name\":\"Produits\",\"item\":\"https:\/\/www.azur-scenic.com\/en\/?page_id=21438\"},{\"@type\":\"ListItem\",\"position\":3,\"name\":\"Recycled Stage Molleton\"}]},{\"@type\":\"WebSite\",\"@id\":\"https:\/\/www.azur-scenic.com\/en\/#website\",\"url\":\"https:\/\/www.azur-scenic.com\/en\/\",\"name\":\"Azur Scenic\",\"description\":\"Sp\u00e9cialiste de l\u2019\u00e9quipement sc\u00e9nique et de la d\u00e9coration int\u00e9rieure et \u00e9v\u00e9nementielle !\",\"publisher\":{\"@id\":\"https:\/\/www.azur-scenic.com\/en\/#organization\"},\"potentialAction\":[{\"@type\":\"SearchAction\",\"target\":{\"@type\":\"EntryPoint\",\"urlTemplate\":\"https:\/\/www.azur-scenic.com\/en\/?s={search_term_string}\"},\"query-input\":{\"@type\":\"PropertyValueSpecification\",\"valueRequired\":true,\"valueName\":\"search_term_string\"}}],\"inLanguage\":\"en-US\"},{\"@type\":\"Organization\",\"@id\":\"https:\/\/www.azur-scenic.com\/en\/#organization\",\"name\":\"AZUR SCENIC\",\"url\":\"https:\/\/www.azur-scenic.com\/en\/\",\"logo\":{\"@type\":\"ImageObject\",\"inLanguage\":\"en-US\",\"@id\":\"https:\/\/www.azur-scenic.com\/en\/#\/schema\/logo\/image\/\",\"url\":\"https:\/\/www.azur-scenic.com\/wp-content\/uploads\/2022\/09\/LOGO-AZUR-SCENIC-Fusion-web-236x64-1.jpg\",\"contentUrl\":\"https:\/\/www.azur-scenic.com\/wp-content\/uploads\/2022\/09\/LOGO-AZUR-SCENIC-Fusion-web-236x64-1.jpg\",\"width\":236,\"height\":64,\"caption\":\"AZUR SCENIC\"},\"image\":{\"@id\":\"https:\/\/www.azur-scenic.com\/en\/#\/schema\/logo\/image\/\"},\"sameAs\":[\"https:\/\/www.youtube.com\/channel\/UCPWM2mGPVUt4nYhNlm71WOA\",\"https:\/\/www.linkedin.com\/company\/33237605\/admin\/feed\/posts\/\"]}]}<\/script>\n<!-- \/ Yoast SEO plugin. -->","yoast_head_json":{"title":"Recycled stage molleton - Azur Scenic","description":"Discover the Azur Scenic recycled stage molleton : Flame-retardant M1 and ecology reunited in a single fabric. Be impactful while preserving the planet.","robots":{"index":"index","follow":"follow","max-snippet":"max-snippet:-1","max-image-preview":"max-image-preview:large","max-video-preview":"max-video-preview:-1"},"canonical":"https:\/\/www.azur-scenic.com\/en\/product\/recycled-stage-molleton\/","og_locale":"en_US","og_type":"article","og_title":"Recycled stage molleton - Azur Scenic","og_description":"Discover the Azur Scenic recycled stage molleton : Flame-retardant M1 and ecology reunited in a single fabric. Be impactful while preserving the planet.","og_url":"https:\/\/www.azur-scenic.com\/en\/product\/recycled-stage-molleton\/","og_site_name":"Azur Scenic","article_modified_time":"2024-06-07T12:18:59+00:00","og_image":[{"width":2280,"height":2280,"url":"https:\/\/www.azur-scenic.com\/wp-content\/uploads\/MOLLETON-SCENIQUE-GRS-NOIR.jpg","type":"image\/jpeg"}],"twitter_card":"summary_large_image","twitter_misc":{"Est. reading time":"3 minutes"},"schema":{"@context":"https:\/\/schema.org","@graph":[{"@type":"WebPage","@id":"https:\/\/www.azur-scenic.com\/en\/product\/recycled-stage-molleton\/","url":"https:\/\/www.azur-scenic.com\/en\/product\/recycled-stage-molleton\/","name":"Recycled stage molleton - Azur Scenic","isPartOf":{"@id":"https:\/\/www.azur-scenic.com\/en\/#website"},"primaryImageOfPage":{"@id":"https:\/\/www.azur-scenic.com\/en\/product\/recycled-stage-molleton\/#primaryimage"},"image":{"@id":"https:\/\/www.azur-scenic.com\/en\/product\/recycled-stage-molleton\/#primaryimage"},"thumbnailUrl":"https:\/\/www.azur-scenic.com\/wp-content\/uploads\/MOLLETON-SCENIQUE-GRS-NOIR.jpg","datePublished":"2023-10-02T09:01:31+00:00","dateModified":"2024-06-07T12:18:59+00:00","description":"Discover the Azur Scenic recycled stage molleton : Flame-retardant M1 and ecology reunited in a single fabric. Be impactful while preserving the planet.","breadcrumb":{"@id":"https:\/\/www.azur-scenic.com\/en\/product\/recycled-stage-molleton\/#breadcrumb"},"inLanguage":"en-US","potentialAction":[{"@type":"ReadAction","target":["https:\/\/www.azur-scenic.com\/en\/product\/recycled-stage-molleton\/"]}]},{"@type":"ImageObject","inLanguage":"en-US","@id":"https:\/\/www.azur-scenic.com\/en\/product\/recycled-stage-molleton\/#primaryimage","url":"https:\/\/www.azur-scenic.com\/wp-content\/uploads\/MOLLETON-SCENIQUE-GRS-NOIR.jpg","contentUrl":"https:\/\/www.azur-scenic.com\/wp-content\/uploads\/MOLLETON-SCENIQUE-GRS-NOIR.jpg","width":2280,"height":2280,"caption":"Molleton sc\u00e9nique recycl\u00e9 et ignifug\u00e9, coloris noir, r\u00e9pondant \u00e0 la norme GRS Global Recycled Standard et \u00e0 la norme anti-feu Fran\u00e7aise M1 disponible chez Azur Scenic"},{"@type":"BreadcrumbList","@id":"https:\/\/www.azur-scenic.com\/en\/product\/recycled-stage-molleton\/#breadcrumb","itemListElement":[{"@type":"ListItem","position":1,"name":"Accueil","item":"https:\/\/www.azur-scenic.com\/en\/"},{"@type":"ListItem","position":2,"name":"Produits","item":"https:\/\/www.azur-scenic.com\/en\/?page_id=21438"},{"@type":"ListItem","position":3,"name":"Recycled Stage Molleton"}]},{"@type":"WebSite","@id":"https:\/\/www.azur-scenic.com\/en\/#website","url":"https:\/\/www.azur-scenic.com\/en\/","name":"Azur Scenic","description":"Sp\u00e9cialiste de l\u2019\u00e9quipement sc\u00e9nique et de la d\u00e9coration int\u00e9rieure et \u00e9v\u00e9nementielle !","publisher":{"@id":"https:\/\/www.azur-scenic.com\/en\/#organization"},"potentialAction":[{"@type":"SearchAction","target":{"@type":"EntryPoint","urlTemplate":"https:\/\/www.azur-scenic.com\/en\/?s={search_term_string}"},"query-input":{"@type":"PropertyValueSpecification","valueRequired":true,"valueName":"search_term_string"}}],"inLanguage":"en-US"},{"@type":"Organization","@id":"https:\/\/www.azur-scenic.com\/en\/#organization","name":"AZUR SCENIC","url":"https:\/\/www.azur-scenic.com\/en\/","logo":{"@type":"ImageObject","inLanguage":"en-US","@id":"https:\/\/www.azur-scenic.com\/en\/#\/schema\/logo\/image\/","url":"https:\/\/www.azur-scenic.com\/wp-content\/uploads\/2022\/09\/LOGO-AZUR-SCENIC-Fusion-web-236x64-1.jpg","contentUrl":"https:\/\/www.azur-scenic.com\/wp-content\/uploads\/2022\/09\/LOGO-AZUR-SCENIC-Fusion-web-236x64-1.jpg","width":236,"height":64,"caption":"AZUR SCENIC"},"image":{"@id":"https:\/\/www.azur-scenic.com\/en\/#\/schema\/logo\/image\/"},"sameAs":["https:\/\/www.youtube.com\/channel\/UCPWM2mGPVUt4nYhNlm71WOA","https:\/\/www.linkedin.com\/company\/33237605\/admin\/feed\/posts\/"]}]}},"_links":{"self":[{"href":"https:\/\/www.azur-scenic.com\/en\/wp-json\/wp\/v2\/product\/25959","targetHints":{"allow":["GET"]}}],"collection":[{"href":"https:\/\/www.azur-scenic.com\/en\/wp-json\/wp\/v2\/product"}],"about":[{"href":"https:\/\/www.azur-scenic.com\/en\/wp-json\/wp\/v2\/types\/product"}],"wp:featuredmedia":[{"embeddable":true,"href":"https:\/\/www.azur-scenic.com\/en\/wp-json\/wp\/v2\/media\/25311"}],"wp:attachment":[{"href":"https:\/\/www.azur-scenic.com\/en\/wp-json\/wp\/v2\/media?parent=25959"}],"wp:term":[{"taxonomy":"product_brand","embeddable":true,"href":"https:\/\/www.azur-scenic.com\/en\/wp-json\/wp\/v2\/product_brand?post=25959"},{"taxonomy":"product_cat","embeddable":true,"href":"https:\/\/www.azur-scenic.com\/en\/wp-json\/wp\/v2\/product_cat?post=25959"},{"taxonomy":"product_tag","embeddable":true,"href":"https:\/\/www.azur-scenic.com\/en\/wp-json\/wp\/v2\/product_tag?post=25959"}],"curies":[{"name":"wp","href":"https:\/\/api.w.org\/{rel}","templated":true}]}}