{"id":26001,"date":"2023-11-17T07:41:02","date_gmt":"2023-11-17T07:41:02","guid":{"rendered":"https:\/\/www.azur-scenic.com\/produit\/tissu-recycle-toile-renew\/"},"modified":"2024-06-07T13:25:00","modified_gmt":"2024-06-07T13:25:00","slug":"recycled-fabric-toile-renew","status":"publish","type":"product","link":"https:\/\/www.azur-scenic.com\/en\/product\/recycled-fabric-toile-renew\/","title":{"rendered":"Toile ReNew"},"content":{"rendered":"<h1><span style=\"font-size: 24px;\">Discover our ReNew Canvas: an eco-friendly fabric made from recycled polyester<\/span><\/h1>\n<p>Toile ReNew recycled fabric is an innovative solution, because it&#8217;s made from 100% recycled polyester, underlining our commitment to sustainability and environmental preservation. What&#8217;s more, this fabric is totally recyclable, reinforcing our eco-responsible approach.<\/p>\n<h2><span style=\"font-size: 20px;\">Ecological and Recycled Fabric<\/span><\/h2>\n<p>Made from 100% recycled polyester canvas, Toile ReNew offers an environmentally-friendly alternative without compromising on quality.<\/p>\n<h2><span style=\"font-size: 20px;\">Recycled&#8230; and Recyclable!<\/span><\/h2>\n<p>Help reduce waste by choosing a fabric that can be recycled at the end of its life.<\/p>\n<h2><span style=\"font-size: 20px;\">Recycled fabric with flame-retardant rating<\/span><\/h2>\n<p>Made entirely from FR (Flame Retardant) polyester, ReNew fabric is M1-rated, offering the fire resistance required in public areas, for total peace of mind.<\/p>\n<h2><span style=\"font-size: 20px;\">Exceptional width<\/span><\/h2>\n<p>With a width of 330 cm, Toile ReNew is ideal for making curtains with a minimum of assembly seams, offering elegant aesthetics and a simplified installation process.<\/p>\n<h2><span style=\"font-size: 20px;\">Variety of colors<\/span><\/h2>\n<p>Express your creativity with our extensive range of colors. Whether you&#8217;re looking for classic tones or contemporary shades, Toile ReNew meets all your stylistic preferences.<\/p>\n<h2><span style=\"font-size: 20px;\">Machine-washable recycled fabric<\/span><\/h2>\n<p>Simplify the maintenance of your creations by taking advantage of the convenience of machine-washing Toile ReNew at up to 40\u00b0C.<\/p>\n<p>Choose a fabric that combines durability, functionality and aesthetics.<br \/>\nChoose Toile ReNew and contribute to a greener future without compromising the style of your interior!<\/p>\n<p>&nbsp;<\/p>\n<h2><span style=\"font-size: 20px;\">Technical information <\/span><\/h2>\n<table style=\"width: 100%; height: 314px;\">\n<thead>\n<tr style=\"height: 23px;\">\n<th style=\"width: 14.7084%; height: 23px;\">Technical data<\/th>\n<th style=\"height: 23px; width: 14.7929%;\">Value<\/th>\n<th style=\"height: 23px; width: 69.738%;\">Comment<\/th>\n<\/tr>\n<\/thead>\n<tbody>\n<tr style=\"height: 23px;\">\n<td style=\"vertical-align: top; height: 23px; width: 14.7084%;\">With<\/td>\n<td style=\"vertical-align: top; height: 23px; width: 14.7929%;\">\u00b1 330 cm<\/td>\n<td style=\"vertical-align: top; height: 23px; width: 69.738%;\">\u00a0<\/td>\n<\/tr>\n<tr style=\"height: 23px;\">\n<td style=\"vertical-align: top; height: 23px; width: 14.7084%;\">Weight<\/td>\n<td style=\"vertical-align: top; height: 23px; width: 14.7929%;\">\u00b1 180 g\/m\u00b2<\/td>\n<td style=\"vertical-align: top; height: 23px; width: 69.738%;\">\u00a0<\/td>\n<\/tr>\n<tr style=\"height: 23px;\">\n<td style=\"vertical-align: top; height: 23px; width: 14.7084%;\">Thickness<\/td>\n<td style=\"vertical-align: top; height: 23px; width: 14.7929%;\">\u00b1 0.5 mm<\/td>\n<td style=\"vertical-align: top; height: 23px; width: 69.738%;\">\u00a0<\/td>\n<\/tr>\n<tr style=\"height: 96px;\">\n<td style=\"vertical-align: top; width: 14.7084%; height: 96px;\">Flame retardant rating<\/td>\n<td style=\"vertical-align: top; width: 14.7929%; height: 96px;\"><img decoding=\"async\" style=\"height: 20px; width: 20px;\" src=\"https:\/\/www.azur-scenic.com\/wp-content\/uploads\/icon-flag-france.png?1542281963\" alt=\"Tissu recycl\u00e9 non-feu M1\" \/> M1<br \/>\n<img decoding=\"async\" style=\"height: 20px; width: 20px;\" src=\"https:\/\/www.azur-scenic.com\/wp-content\/uploads\/icon-flag-europe.png\" alt=\"Tissu recycl\u00e9 non feu C1\" \/> C1<br \/>\n<img decoding=\"async\" style=\"height: 20px; width: 20px;\" src=\"https:\/\/www.azur-scenic.com\/wp-content\/uploads\/icon-flag-allemagne.png\" alt=\"Tissu recycl\u00e9 non feu B1\" \/> B1<br \/>\n<img decoding=\"async\" style=\"height: 20px; width: 20px;\" src=\"https:\/\/www.azur-scenic.com\/wp-content\/uploads\/icon-flag-uk.png\" alt=\"\" \/> Type B<\/td>\n<td style=\"vertical-align: top; width: 69.738%; height: 96px;\">NF P 92-507<br \/>\nEN 13773<br \/>\nDIN 4102<br \/>\nBS 5867<\/td>\n<\/tr>\n<tr style=\"height: 47px;\">\n<td style=\"vertical-align: top; height: 31px; width: 14.7084%;\">Composition<\/td>\n<td style=\"vertical-align: top; height: 31px; width: 14.7929%;\">100 % recycled PES FR\u00a0<\/td>\n<td style=\"vertical-align: top; height: 31px; width: 69.738%;\">\u00a0<\/td>\n<\/tr>\n<tr style=\"height: 47px;\">\n<td style=\"vertical-align: top; height: 47px; width: 14.7084%;\">\u00a0Average roll length<\/td>\n<td style=\"vertical-align: top; height: 47px; width: 14.7929%;\">\u00b1 40 m<\/td>\n<td style=\"vertical-align: top; height: 47px; width: 69.738%;\">PVariable (non-calibrated rolls)<\/td>\n<\/tr>\n<tr style=\"height: 48px;\">\n<td style=\"vertical-align: top; width: 14.7084%; height: 48px;\">Supplied in<\/td>\n<td style=\"vertical-align: top; width: 14.7929%; height: 48px;\">Rolled<\/td>\n<td style=\"vertical-align: top; width: 69.738%; height: 48px;\">\u00a0<\/td>\n<\/tr>\n<\/tbody>\n<\/table>\n<p>Find out more in our downloadable datasheet!<\/p>\n","protected":false},"excerpt":{"rendered":"<p>Our <strong>ReNew Canvas<\/strong> is an <strong>innovative textile<\/strong>: made entirely from<strong> recycled polyester<\/strong>, it\u2019s also <strong>recyclable<\/strong>!<\/p>\n<p><strong>Flame retardant<\/strong>, this <strong>beautifully finished<\/strong> decorative lightweight fabric is available in an <strong>attractive range of colors<\/strong>.<\/p>\n<p>Designed for use in <strong>curtains<\/strong> and other applications, this fabric is <strong>washable<\/strong> and can be used both indoors and <strong>outdoors<\/strong><\/p>\n<p>&nbsp;<\/p>\n<table class=\"table\" style=\"background: #f7f7f7; width: 43.1936%;\">\n<tbody>\n<tr>\n<td style=\"width: 50.7826%;\"><strong>Width<\/strong>: \u00b1 330 cm<\/td>\n<td style=\"width: 48%;\"><strong>Weight<\/strong>: 180 g\/m\u00b2<\/td>\n<\/tr>\n<tr>\n<td style=\"width: 50.7826%;\"><strong>Flame-retardant rating<\/strong>: <img decoding=\"async\" style=\"height: 20px; width: 20px;\" src=\"https:\/\/www.azur-scenic.com\/wp-content\/uploads\/icon-flag-france.png?1542281963\" \/> M1, <img decoding=\"async\" style=\"height: 20px; width: 20px;\" src=\"https:\/\/www.azur-scenic.com\/wp-content\/uploads\/icon-flag-europe.png\" \/> C1, <br \/>\n<img decoding=\"async\" style=\"height: 20px; width: 20px;\" src=\"https:\/\/www.azur-scenic.com\/wp-content\/uploads\/icon-flag-allemagne.png\" alt=\"\" \/> B1, <img decoding=\"async\" style=\"height: 20px; width: 20px;\" src=\"https:\/\/www.azur-scenic.com\/wp-content\/uploads\/icon-flag-uk.png\" \/> Type B<\/td>\n<td style=\"vertical-align: top; width: 48%;\"><strong>Composition<\/strong> : 100% recycled PES FR<\/td>\n<\/tr>\n<\/tbody>\n<\/table>\n","protected":false},"featured_media":25952,"template":"","meta":{"_acf_changed":false},"product_brand":[],"product_cat":[1882,898,893,981,982,1106],"product_tag":[],"class_list":{"0":"post-26001","1":"product","2":"type-product","3":"status-publish","4":"has-post-thumbnail","6":"product_cat-recycled-fabrics","7":"product_cat-all-products","8":"product_cat-stage-and-events-material","9":"product_cat-decorative-fabrics","10":"product_cat-canvas-brushed-finishes","11":"product_cat-events","12":"pa_couleurs-001-en","13":"pa_couleurs-002-en","14":"pa_couleurs-003-en","15":"pa_couleurs-040-en","16":"pa_couleurs-108-en","17":"pa_couleurs-120-en","18":"pa_couleurs-180-en","19":"pa_couleurs-250-en","20":"pa_couleurs-288-en","21":"pa_couleurs-325-en","22":"pa_couleurs-350-en","23":"pa_couleurs-380-en","24":"pa_couleurs-420-en","25":"pa_couleurs-450-en","26":"pa_couleurs-501-en","27":"pa_couleurs-610-en","28":"pa_couleurs-625-en","29":"pa_couleurs-630-en","30":"pa_couleurs-670-en","31":"pa_couleurs-720-en","32":"pa_couleurs-770-en","33":"pa_couleurs-782-en","34":"pa_couleurs-790-en","35":"pa_couleurs-812-en","36":"pa_couleurs-920-en","37":"pa_groupes-de-couleurs-white","38":"pa_groupes-de-couleurs-blue","39":"pa_groupes-de-couleurs-off-white","40":"pa_groupes-de-couleurs-greys","41":"pa_groupes-de-couleurs-yellow","42":"pa_groupes-de-couleurs-brown-beige","43":"pa_groupes-de-couleurs-black","44":"pa_groupes-de-couleurs-orange","45":"pa_groupes-de-couleurs-pink","46":"pa_groupes-de-couleurs-red","47":"pa_groupes-de-couleurs-green","48":"pa_groupes-de-couleurs-purple","49":"pa_textiles-recycled-fabrics","50":"pa_textiles-suitable-for-outdoors-use","51":"pa_textiles-flame-retardant-rated","52":"pa_textiles-washable","53":"pa_textiles-oeko-tex","55":"first","56":"instock","57":"shipping-taxable","58":"purchasable","59":"product-type-variable"},"acf":[],"yoast_head":"<!-- This site is optimized with the Yoast SEO plugin v27.1.1 - https:\/\/yoast.com\/product\/yoast-seo-wordpress\/ -->\n<title>Recycled fabric- Toile ReNew - Azur Scenic<\/title>\n<meta name=\"description\" content=\"Discover the Toile ReNew by Azur Scenic: a 100% recycled FR polyester fabric classified M1 flame retardant. A high-quality, eco-responsible fabric!\" \/>\n<meta name=\"robots\" content=\"index, follow, max-snippet:-1, max-image-preview:large, max-video-preview:-1\" \/>\n<link rel=\"canonical\" href=\"https:\/\/www.azur-scenic.com\/en\/product\/recycled-fabric-toile-renew\/\" \/>\n<meta property=\"og:locale\" content=\"en_US\" \/>\n<meta property=\"og:type\" content=\"article\" \/>\n<meta property=\"og:title\" content=\"Recycled fabric- Toile ReNew - Azur Scenic\" \/>\n<meta property=\"og:description\" content=\"Discover the Toile ReNew by Azur Scenic: a 100% recycled FR polyester fabric classified M1 flame retardant. A high-quality, eco-responsible fabric!\" \/>\n<meta property=\"og:url\" content=\"https:\/\/www.azur-scenic.com\/en\/product\/recycled-fabric-toile-renew\/\" \/>\n<meta property=\"og:site_name\" content=\"Azur Scenic\" \/>\n<meta property=\"article:modified_time\" content=\"2024-06-07T13:25:00+00:00\" \/>\n<meta property=\"og:image\" content=\"https:\/\/www.azur-scenic.com\/wp-content\/uploads\/Toile-ReNew.jpg\" \/>\n\t<meta property=\"og:image:width\" content=\"555\" \/>\n\t<meta property=\"og:image:height\" content=\"555\" \/>\n\t<meta property=\"og:image:type\" content=\"image\/jpeg\" \/>\n<meta name=\"twitter:card\" content=\"summary_large_image\" \/>\n<meta name=\"twitter:label1\" content=\"Est. reading time\" \/>\n\t<meta name=\"twitter:data1\" content=\"3 minutes\" \/>\n<script type=\"application\/ld+json\" class=\"yoast-schema-graph\">{\"@context\":\"https:\/\/schema.org\",\"@graph\":[{\"@type\":\"WebPage\",\"@id\":\"https:\/\/www.azur-scenic.com\/en\/product\/recycled-fabric-toile-renew\/\",\"url\":\"https:\/\/www.azur-scenic.com\/en\/product\/recycled-fabric-toile-renew\/\",\"name\":\"Recycled fabric- Toile ReNew - Azur Scenic\",\"isPartOf\":{\"@id\":\"https:\/\/www.azur-scenic.com\/en\/#website\"},\"primaryImageOfPage\":{\"@id\":\"https:\/\/www.azur-scenic.com\/en\/product\/recycled-fabric-toile-renew\/#primaryimage\"},\"image\":{\"@id\":\"https:\/\/www.azur-scenic.com\/en\/product\/recycled-fabric-toile-renew\/#primaryimage\"},\"thumbnailUrl\":\"https:\/\/www.azur-scenic.com\/wp-content\/uploads\/Toile-ReNew.jpg\",\"datePublished\":\"2023-11-17T07:41:02+00:00\",\"dateModified\":\"2024-06-07T13:25:00+00:00\",\"description\":\"Discover the Toile ReNew by Azur Scenic: a 100% recycled FR polyester fabric classified M1 flame retardant. A high-quality, eco-responsible fabric!\",\"breadcrumb\":{\"@id\":\"https:\/\/www.azur-scenic.com\/en\/product\/recycled-fabric-toile-renew\/#breadcrumb\"},\"inLanguage\":\"en-US\",\"potentialAction\":[{\"@type\":\"ReadAction\",\"target\":[\"https:\/\/www.azur-scenic.com\/en\/product\/recycled-fabric-toile-renew\/\"]}]},{\"@type\":\"ImageObject\",\"inLanguage\":\"en-US\",\"@id\":\"https:\/\/www.azur-scenic.com\/en\/product\/recycled-fabric-toile-renew\/#primaryimage\",\"url\":\"https:\/\/www.azur-scenic.com\/wp-content\/uploads\/Toile-ReNew.jpg\",\"contentUrl\":\"https:\/\/www.azur-scenic.com\/wp-content\/uploads\/Toile-ReNew.jpg\",\"width\":555,\"height\":555,\"caption\":\"Tissu 100% polyester recycl\u00e9 Toile ReNew non-feu M1 disponible chez Azur Scenic\"},{\"@type\":\"BreadcrumbList\",\"@id\":\"https:\/\/www.azur-scenic.com\/en\/product\/recycled-fabric-toile-renew\/#breadcrumb\",\"itemListElement\":[{\"@type\":\"ListItem\",\"position\":1,\"name\":\"Accueil\",\"item\":\"https:\/\/www.azur-scenic.com\/en\/\"},{\"@type\":\"ListItem\",\"position\":2,\"name\":\"Produits\",\"item\":\"https:\/\/www.azur-scenic.com\/en\/?page_id=21438\"},{\"@type\":\"ListItem\",\"position\":3,\"name\":\"Toile ReNew\"}]},{\"@type\":\"WebSite\",\"@id\":\"https:\/\/www.azur-scenic.com\/en\/#website\",\"url\":\"https:\/\/www.azur-scenic.com\/en\/\",\"name\":\"Azur Scenic\",\"description\":\"Sp\u00e9cialiste de l\u2019\u00e9quipement sc\u00e9nique et de la d\u00e9coration int\u00e9rieure et \u00e9v\u00e9nementielle !\",\"publisher\":{\"@id\":\"https:\/\/www.azur-scenic.com\/en\/#organization\"},\"potentialAction\":[{\"@type\":\"SearchAction\",\"target\":{\"@type\":\"EntryPoint\",\"urlTemplate\":\"https:\/\/www.azur-scenic.com\/en\/?s={search_term_string}\"},\"query-input\":{\"@type\":\"PropertyValueSpecification\",\"valueRequired\":true,\"valueName\":\"search_term_string\"}}],\"inLanguage\":\"en-US\"},{\"@type\":\"Organization\",\"@id\":\"https:\/\/www.azur-scenic.com\/en\/#organization\",\"name\":\"AZUR SCENIC\",\"url\":\"https:\/\/www.azur-scenic.com\/en\/\",\"logo\":{\"@type\":\"ImageObject\",\"inLanguage\":\"en-US\",\"@id\":\"https:\/\/www.azur-scenic.com\/en\/#\/schema\/logo\/image\/\",\"url\":\"https:\/\/www.azur-scenic.com\/wp-content\/uploads\/2022\/09\/LOGO-AZUR-SCENIC-Fusion-web-236x64-1.jpg\",\"contentUrl\":\"https:\/\/www.azur-scenic.com\/wp-content\/uploads\/2022\/09\/LOGO-AZUR-SCENIC-Fusion-web-236x64-1.jpg\",\"width\":236,\"height\":64,\"caption\":\"AZUR SCENIC\"},\"image\":{\"@id\":\"https:\/\/www.azur-scenic.com\/en\/#\/schema\/logo\/image\/\"},\"sameAs\":[\"https:\/\/www.youtube.com\/channel\/UCPWM2mGPVUt4nYhNlm71WOA\",\"https:\/\/www.linkedin.com\/company\/33237605\/admin\/feed\/posts\/\"]}]}<\/script>\n<!-- \/ Yoast SEO plugin. -->","yoast_head_json":{"title":"Recycled fabric- Toile ReNew - Azur Scenic","description":"Discover the Toile ReNew by Azur Scenic: a 100% recycled FR polyester fabric classified M1 flame retardant. A high-quality, eco-responsible fabric!","robots":{"index":"index","follow":"follow","max-snippet":"max-snippet:-1","max-image-preview":"max-image-preview:large","max-video-preview":"max-video-preview:-1"},"canonical":"https:\/\/www.azur-scenic.com\/en\/product\/recycled-fabric-toile-renew\/","og_locale":"en_US","og_type":"article","og_title":"Recycled fabric- Toile ReNew - Azur Scenic","og_description":"Discover the Toile ReNew by Azur Scenic: a 100% recycled FR polyester fabric classified M1 flame retardant. A high-quality, eco-responsible fabric!","og_url":"https:\/\/www.azur-scenic.com\/en\/product\/recycled-fabric-toile-renew\/","og_site_name":"Azur Scenic","article_modified_time":"2024-06-07T13:25:00+00:00","og_image":[{"width":555,"height":555,"url":"https:\/\/www.azur-scenic.com\/wp-content\/uploads\/Toile-ReNew.jpg","type":"image\/jpeg"}],"twitter_card":"summary_large_image","twitter_misc":{"Est. reading time":"3 minutes"},"schema":{"@context":"https:\/\/schema.org","@graph":[{"@type":"WebPage","@id":"https:\/\/www.azur-scenic.com\/en\/product\/recycled-fabric-toile-renew\/","url":"https:\/\/www.azur-scenic.com\/en\/product\/recycled-fabric-toile-renew\/","name":"Recycled fabric- Toile ReNew - Azur Scenic","isPartOf":{"@id":"https:\/\/www.azur-scenic.com\/en\/#website"},"primaryImageOfPage":{"@id":"https:\/\/www.azur-scenic.com\/en\/product\/recycled-fabric-toile-renew\/#primaryimage"},"image":{"@id":"https:\/\/www.azur-scenic.com\/en\/product\/recycled-fabric-toile-renew\/#primaryimage"},"thumbnailUrl":"https:\/\/www.azur-scenic.com\/wp-content\/uploads\/Toile-ReNew.jpg","datePublished":"2023-11-17T07:41:02+00:00","dateModified":"2024-06-07T13:25:00+00:00","description":"Discover the Toile ReNew by Azur Scenic: a 100% recycled FR polyester fabric classified M1 flame retardant. A high-quality, eco-responsible fabric!","breadcrumb":{"@id":"https:\/\/www.azur-scenic.com\/en\/product\/recycled-fabric-toile-renew\/#breadcrumb"},"inLanguage":"en-US","potentialAction":[{"@type":"ReadAction","target":["https:\/\/www.azur-scenic.com\/en\/product\/recycled-fabric-toile-renew\/"]}]},{"@type":"ImageObject","inLanguage":"en-US","@id":"https:\/\/www.azur-scenic.com\/en\/product\/recycled-fabric-toile-renew\/#primaryimage","url":"https:\/\/www.azur-scenic.com\/wp-content\/uploads\/Toile-ReNew.jpg","contentUrl":"https:\/\/www.azur-scenic.com\/wp-content\/uploads\/Toile-ReNew.jpg","width":555,"height":555,"caption":"Tissu 100% polyester recycl\u00e9 Toile ReNew non-feu M1 disponible chez Azur Scenic"},{"@type":"BreadcrumbList","@id":"https:\/\/www.azur-scenic.com\/en\/product\/recycled-fabric-toile-renew\/#breadcrumb","itemListElement":[{"@type":"ListItem","position":1,"name":"Accueil","item":"https:\/\/www.azur-scenic.com\/en\/"},{"@type":"ListItem","position":2,"name":"Produits","item":"https:\/\/www.azur-scenic.com\/en\/?page_id=21438"},{"@type":"ListItem","position":3,"name":"Toile ReNew"}]},{"@type":"WebSite","@id":"https:\/\/www.azur-scenic.com\/en\/#website","url":"https:\/\/www.azur-scenic.com\/en\/","name":"Azur Scenic","description":"Sp\u00e9cialiste de l\u2019\u00e9quipement sc\u00e9nique et de la d\u00e9coration int\u00e9rieure et \u00e9v\u00e9nementielle !","publisher":{"@id":"https:\/\/www.azur-scenic.com\/en\/#organization"},"potentialAction":[{"@type":"SearchAction","target":{"@type":"EntryPoint","urlTemplate":"https:\/\/www.azur-scenic.com\/en\/?s={search_term_string}"},"query-input":{"@type":"PropertyValueSpecification","valueRequired":true,"valueName":"search_term_string"}}],"inLanguage":"en-US"},{"@type":"Organization","@id":"https:\/\/www.azur-scenic.com\/en\/#organization","name":"AZUR SCENIC","url":"https:\/\/www.azur-scenic.com\/en\/","logo":{"@type":"ImageObject","inLanguage":"en-US","@id":"https:\/\/www.azur-scenic.com\/en\/#\/schema\/logo\/image\/","url":"https:\/\/www.azur-scenic.com\/wp-content\/uploads\/2022\/09\/LOGO-AZUR-SCENIC-Fusion-web-236x64-1.jpg","contentUrl":"https:\/\/www.azur-scenic.com\/wp-content\/uploads\/2022\/09\/LOGO-AZUR-SCENIC-Fusion-web-236x64-1.jpg","width":236,"height":64,"caption":"AZUR SCENIC"},"image":{"@id":"https:\/\/www.azur-scenic.com\/en\/#\/schema\/logo\/image\/"},"sameAs":["https:\/\/www.youtube.com\/channel\/UCPWM2mGPVUt4nYhNlm71WOA","https:\/\/www.linkedin.com\/company\/33237605\/admin\/feed\/posts\/"]}]}},"_links":{"self":[{"href":"https:\/\/www.azur-scenic.com\/en\/wp-json\/wp\/v2\/product\/26001","targetHints":{"allow":["GET"]}}],"collection":[{"href":"https:\/\/www.azur-scenic.com\/en\/wp-json\/wp\/v2\/product"}],"about":[{"href":"https:\/\/www.azur-scenic.com\/en\/wp-json\/wp\/v2\/types\/product"}],"wp:featuredmedia":[{"embeddable":true,"href":"https:\/\/www.azur-scenic.com\/en\/wp-json\/wp\/v2\/media\/25952"}],"wp:attachment":[{"href":"https:\/\/www.azur-scenic.com\/en\/wp-json\/wp\/v2\/media?parent=26001"}],"wp:term":[{"taxonomy":"product_brand","embeddable":true,"href":"https:\/\/www.azur-scenic.com\/en\/wp-json\/wp\/v2\/product_brand?post=26001"},{"taxonomy":"product_cat","embeddable":true,"href":"https:\/\/www.azur-scenic.com\/en\/wp-json\/wp\/v2\/product_cat?post=26001"},{"taxonomy":"product_tag","embeddable":true,"href":"https:\/\/www.azur-scenic.com\/en\/wp-json\/wp\/v2\/product_tag?post=26001"}],"curies":[{"name":"wp","href":"https:\/\/api.w.org\/{rel}","templated":true}]}}