{"id":26079,"date":"2023-09-29T12:23:19","date_gmt":"2023-09-29T12:23:19","guid":{"rendered":"https:\/\/www.azur-scenic.com\/produit\/coton-gratte-grs\/"},"modified":"2023-11-21T13:05:34","modified_gmt":"2023-11-21T13:05:34","slug":"recycled-brushed-cotton-grs","status":"publish","type":"product","link":"https:\/\/www.azur-scenic.com\/en\/product\/recycled-brushed-cotton-grs\/","title":{"rendered":"Brushed Cotton GRS"},"content":{"rendered":"<h1><span style=\"font-size: 24px;\">Recycled brushed cotton: durability and flame retardancy combined<\/span><\/h1>\n<p>Discover the must-have flame-retardant brushed cotton, now available in its recycled version for more responsible events. Our flame-retardant recycled brushed cotton meets the most rigorous fire safety standards, while taking an important step towards environmental sustainability.<\/p>\n<p><strong>Commitment to Sustainability<\/strong><\/p>\n<p>This fabric is made from a minimum of 65% recycled cotton, enabling it to meet the GRS (Global Recycled Standard). At Azur Scenic, we believe in a greener future, and our choice of materials reflects our commitment to the planet.<\/p>\n<p><strong>Economical and Qualitative<\/strong><\/p>\n<p>Despite its recycled origins, this textile remains economical without compromising quality. It offers the same strength and ease of tensioning as traditional brushed cottons. So you can create sustainable projects without sacrificing performance.<\/p>\n<p><strong>Create your eco-responsible project<\/strong><\/p>\n<p>Turn your ideas into eco-responsible creations today with Azur Scenic&#8217;s recycled flame-retardant brushed cotton. If you&#8217;re in the events business, our quality brushed cotton offers you an uncompromisingly responsible choice.<\/p>\n<p>Choose durability while maintaining a high level of quality. Azur Scenic is your trusted source for durable, hard-wearing fabrics. Opt for recycled flame-retardant brushed cotton and contribute to a cleaner future while expressing your creativity.<\/p>\n<p>&nbsp;<\/p>\n<p><span style=\"font-size: 16px;\"><strong>Informations techniques\u00a0<\/strong><\/span><\/p>\n<table style=\"width: 100%; height: 329px;\">\n<thead>\n<tr style=\"height: 23px;\">\n<th style=\"width: 14.7084%; height: 23px;\">Technical data<\/th>\n<th style=\"height: 23px; width: 14.7929%;\">Value<\/th>\n<th style=\"height: 23px; width: 69.738%;\">Comment<\/th>\n<\/tr>\n<\/thead>\n<tbody>\n<tr style=\"height: 23px;\">\n<td style=\"vertical-align: top; height: 23px; width: 14.7084%;\">Width<\/td>\n<td style=\"vertical-align: top; height: 23px; width: 14.7929%;\">\u00b1 260 cm<\/td>\n<td style=\"vertical-align: top; height: 23px; width: 69.738%;\">(on request in 310 cm)<\/td>\n<\/tr>\n<tr style=\"height: 23px;\">\n<td style=\"vertical-align: top; height: 23px; width: 14.7084%;\">Weight<\/td>\n<td style=\"vertical-align: top; height: 23px; width: 14.7929%;\">\u00b1 140 g\/m\u00b2<\/td>\n<td style=\"vertical-align: top; height: 23px; width: 69.738%;\">(on request in 160g\/m\u00b2)<\/td>\n<\/tr>\n<tr style=\"height: 23px;\">\n<td style=\"vertical-align: top; height: 23px; width: 14.7084%;\">Thickness<\/td>\n<td style=\"vertical-align: top; height: 23px; width: 14.7929%;\">\u00b1 0.5 mm<\/td>\n<td style=\"vertical-align: top; height: 23px; width: 69.738%;\">\u00a0<\/td>\n<\/tr>\n<tr style=\"height: 95px;\">\n<td style=\"vertical-align: top; height: 95px; width: 14.7084%;\">Flame retardant rating<\/td>\n<td style=\"vertical-align: top; height: 95px; width: 14.7929%;\"><img decoding=\"async\" style=\"height: 20px; width: 20px;\" src=\"https:\/\/www.azur-scenic.com\/wp-content\/uploads\/icon-flag-france.png?1542281963\" \/> M1, <img decoding=\"async\" style=\"height: 20px; width: 20px;\" src=\"https:\/\/www.azur-scenic.com\/wp-content\/uploads\/icon-flag-allemagne.png\" alt=\"\" \/> B1, <img decoding=\"async\" style=\"height: 20px; width: 20px;\" src=\"https:\/\/www.azur-scenic.com\/wp-content\/uploads\/icon-flag-europe.png\" \/> EN13501<\/td>\n<td style=\"vertical-align: top; height: 95px; width: 69.738%;\">\u00a0<\/td>\n<\/tr>\n<tr style=\"height: 47px;\">\n<td style=\"vertical-align: top; height: 47px; width: 14.7084%;\">Composition<\/td>\n<td style=\"vertical-align: top; height: 47px; width: 14.7929%;\">Cotyon<\/td>\n<td style=\"vertical-align: top; height: 47px; width: 69.738%;\">At least 65% recycled cotton<br \/>\nMeets GRS (Global Recycled Standard) requirements<\/td>\n<\/tr>\n<tr style=\"height: 47px;\">\n<td style=\"vertical-align: top; height: 47px; width: 14.7084%;\">Average roll lenght<\/td>\n<td style=\"vertical-align: top; height: 47px; width: 14.7929%;\">\u00b1 50 m<\/td>\n<td style=\"vertical-align: top; height: 47px; width: 69.738%;\">No cut-to-size sales, but check with us to see if we have shorter or longer pieces in stock.<\/td>\n<\/tr>\n<tr style=\"height: 48px;\">\n<td style=\"vertical-align: top; width: 14.7084%; height: 48px;\">Supplied in<\/td>\n<td style=\"vertical-align: top; width: 14.7929%; height: 48px;\">Rolled centre-folded<\/td>\n<td style=\"vertical-align: top; width: 69.738%; height: 48px;\">Roll of approx. 130 cm x \u00d8 35 cm, easy to transport<br \/>\nWeight of a full roll: approx. 20 kg<\/td>\n<\/tr>\n<\/tbody>\n<\/table>\n<p>&nbsp;<\/p>\n","protected":false},"excerpt":{"rendered":"<p>Discover the essential <strong>flame-retardant brushed cotton<\/strong>, in its <strong>recycled<\/strong> version for more responsible events.<br \/>\nThis <strong>flame-retardant brushed cotton<\/strong> is made from a <strong>minimum of 65% recycled cotton<\/strong>, enabling it to meet the <strong>GRS (Global Recycled Standard)<\/strong>.<br \/>\nEven though it\u2019s recycled, it\u2019s still <strong>economical<\/strong> and<strong> high quality<\/strong>!\u00a0<strong><br \/>\n<\/strong>Turn your project into a stylish, <strong>eco-responsible<\/strong> creation with Azur Scenic, your source for <strong>quality sustainable fabrics!<br \/>\n<\/strong><\/p>\n<p>&nbsp;<\/p>\n<table class=\"table\" style=\"background: #f7f7f7; width: 38.8696%; height: 96px;\">\n<tbody>\n<tr style=\"height: 24px;\">\n<td style=\"height: 24px;\"><b>Width<\/b>: 260 cm<\/td>\n<td style=\"height: 24px;\"><b>Weight<\/b>: 140 g\/m\u00b2<\/td>\n<\/tr>\n<tr style=\"height: 72px;\">\n<td style=\"height: 72px;\"><strong>Flame-retardant rating<\/strong>\u00a0: <img decoding=\"async\" style=\"height: 20px; width: 20px;\" src=\"https:\/\/www.azur-scenic.com\/wp-content\/uploads\/icon-flag-france.png?1542281963\" \/> M1, <img decoding=\"async\" style=\"height: 20px; width: 20px;\" src=\"https:\/\/www.azur-scenic.com\/wp-content\/uploads\/icon-flag-allemagne.png\" alt=\"\" \/> B1, <img decoding=\"async\" style=\"height: 20px; width: 20px;\" src=\"https:\/\/www.azur-scenic.com\/wp-content\/uploads\/icon-flag-europe.png\" \/> EN13501<\/td>\n<td style=\"vertical-align: top; height: 72px;\"><strong>Composition<\/strong> : Cotton<br \/>\n(65% recycled cotton minimum)<\/td>\n<\/tr>\n<\/tbody>\n<\/table>\n","protected":false},"featured_media":25260,"template":"","meta":{"_acf_changed":false},"product_brand":[],"product_cat":[1882,898,893,981,982,1106],"product_tag":[],"class_list":{"0":"post-26079","1":"product","2":"type-product","3":"status-publish","4":"has-post-thumbnail","6":"product_cat-recycled-fabrics","7":"product_cat-all-products","8":"product_cat-stage-and-events-material","9":"product_cat-decorative-fabrics","10":"product_cat-canvas-brushed-finishes","11":"product_cat-events","12":"pa_couleurs-001-en","13":"pa_couleurs-002-en","14":"pa_couleurs-003-en","15":"pa_groupes-de-couleurs-white","16":"pa_groupes-de-couleurs-off-white","17":"pa_groupes-de-couleurs-black","18":"pa_textiles-recycled-fabrics","19":"pa_textiles-global-reclycled-standard-en","20":"pa_textiles-flame-retardant-rated","21":"pa_textiles-great-value","23":"first","24":"instock","25":"shipping-taxable","26":"purchasable","27":"product-type-variable"},"acf":[],"yoast_head":"<!-- This site is optimized with the Yoast SEO plugin v27.1.1 - https:\/\/yoast.com\/product\/yoast-seo-wordpress\/ -->\n<title>Recycled Brushed Cotton GRS - Azur Scenic<\/title>\n<meta name=\"description\" content=\"Discover the Brushed Cotton GRS Azur Scenic: recycled brushed cotton, flame retardant and affordable. Give your events an eco-responsible look!\" \/>\n<meta name=\"robots\" content=\"index, follow, max-snippet:-1, max-image-preview:large, max-video-preview:-1\" \/>\n<link rel=\"canonical\" href=\"https:\/\/www.azur-scenic.com\/en\/product\/recycled-brushed-cotton-grs\/\" \/>\n<meta property=\"og:locale\" content=\"en_US\" \/>\n<meta property=\"og:type\" content=\"article\" \/>\n<meta property=\"og:title\" content=\"Recycled Brushed Cotton GRS - Azur Scenic\" \/>\n<meta property=\"og:description\" content=\"Discover the Brushed Cotton GRS Azur Scenic: recycled brushed cotton, flame retardant and affordable. Give your events an eco-responsible look!\" \/>\n<meta property=\"og:url\" content=\"https:\/\/www.azur-scenic.com\/en\/product\/recycled-brushed-cotton-grs\/\" \/>\n<meta property=\"og:site_name\" content=\"Azur Scenic\" \/>\n<meta property=\"article:modified_time\" content=\"2023-11-21T13:05:34+00:00\" \/>\n<meta property=\"og:image\" content=\"https:\/\/www.azur-scenic.com\/wp-content\/uploads\/COTON-GRATTE-GRS-BLANC.jpg\" \/>\n\t<meta property=\"og:image:width\" content=\"2280\" \/>\n\t<meta property=\"og:image:height\" content=\"2280\" \/>\n\t<meta property=\"og:image:type\" content=\"image\/jpeg\" \/>\n<meta name=\"twitter:card\" content=\"summary_large_image\" \/>\n<meta name=\"twitter:label1\" content=\"Est. reading time\" \/>\n\t<meta name=\"twitter:data1\" content=\"3 minutes\" \/>\n<script type=\"application\/ld+json\" class=\"yoast-schema-graph\">{\"@context\":\"https:\/\/schema.org\",\"@graph\":[{\"@type\":\"WebPage\",\"@id\":\"https:\/\/www.azur-scenic.com\/en\/product\/recycled-brushed-cotton-grs\/\",\"url\":\"https:\/\/www.azur-scenic.com\/en\/product\/recycled-brushed-cotton-grs\/\",\"name\":\"Recycled Brushed Cotton GRS - Azur Scenic\",\"isPartOf\":{\"@id\":\"https:\/\/www.azur-scenic.com\/en\/#website\"},\"primaryImageOfPage\":{\"@id\":\"https:\/\/www.azur-scenic.com\/en\/product\/recycled-brushed-cotton-grs\/#primaryimage\"},\"image\":{\"@id\":\"https:\/\/www.azur-scenic.com\/en\/product\/recycled-brushed-cotton-grs\/#primaryimage\"},\"thumbnailUrl\":\"https:\/\/www.azur-scenic.com\/wp-content\/uploads\/COTON-GRATTE-GRS-BLANC.jpg\",\"datePublished\":\"2023-09-29T12:23:19+00:00\",\"dateModified\":\"2023-11-21T13:05:34+00:00\",\"description\":\"Discover the Brushed Cotton GRS Azur Scenic: recycled brushed cotton, flame retardant and affordable. Give your events an eco-responsible look!\",\"breadcrumb\":{\"@id\":\"https:\/\/www.azur-scenic.com\/en\/product\/recycled-brushed-cotton-grs\/#breadcrumb\"},\"inLanguage\":\"en-US\",\"potentialAction\":[{\"@type\":\"ReadAction\",\"target\":[\"https:\/\/www.azur-scenic.com\/en\/product\/recycled-brushed-cotton-grs\/\"]}]},{\"@type\":\"ImageObject\",\"inLanguage\":\"en-US\",\"@id\":\"https:\/\/www.azur-scenic.com\/en\/product\/recycled-brushed-cotton-grs\/#primaryimage\",\"url\":\"https:\/\/www.azur-scenic.com\/wp-content\/uploads\/COTON-GRATTE-GRS-BLANC.jpg\",\"contentUrl\":\"https:\/\/www.azur-scenic.com\/wp-content\/uploads\/COTON-GRATTE-GRS-BLANC.jpg\",\"width\":2280,\"height\":2280,\"caption\":\"Coton gratt\u00e9 recycl\u00e9 coloris blanc, r\u00e9pondant \u00e0 la normer\"},{\"@type\":\"BreadcrumbList\",\"@id\":\"https:\/\/www.azur-scenic.com\/en\/product\/recycled-brushed-cotton-grs\/#breadcrumb\",\"itemListElement\":[{\"@type\":\"ListItem\",\"position\":1,\"name\":\"Accueil\",\"item\":\"https:\/\/www.azur-scenic.com\/en\/\"},{\"@type\":\"ListItem\",\"position\":2,\"name\":\"Produits\",\"item\":\"https:\/\/www.azur-scenic.com\/en\/?page_id=21438\"},{\"@type\":\"ListItem\",\"position\":3,\"name\":\"Brushed Cotton GRS\"}]},{\"@type\":\"WebSite\",\"@id\":\"https:\/\/www.azur-scenic.com\/en\/#website\",\"url\":\"https:\/\/www.azur-scenic.com\/en\/\",\"name\":\"Azur Scenic\",\"description\":\"Sp\u00e9cialiste de l\u2019\u00e9quipement sc\u00e9nique et de la d\u00e9coration int\u00e9rieure et \u00e9v\u00e9nementielle !\",\"publisher\":{\"@id\":\"https:\/\/www.azur-scenic.com\/en\/#organization\"},\"potentialAction\":[{\"@type\":\"SearchAction\",\"target\":{\"@type\":\"EntryPoint\",\"urlTemplate\":\"https:\/\/www.azur-scenic.com\/en\/?s={search_term_string}\"},\"query-input\":{\"@type\":\"PropertyValueSpecification\",\"valueRequired\":true,\"valueName\":\"search_term_string\"}}],\"inLanguage\":\"en-US\"},{\"@type\":\"Organization\",\"@id\":\"https:\/\/www.azur-scenic.com\/en\/#organization\",\"name\":\"AZUR SCENIC\",\"url\":\"https:\/\/www.azur-scenic.com\/en\/\",\"logo\":{\"@type\":\"ImageObject\",\"inLanguage\":\"en-US\",\"@id\":\"https:\/\/www.azur-scenic.com\/en\/#\/schema\/logo\/image\/\",\"url\":\"https:\/\/www.azur-scenic.com\/wp-content\/uploads\/2022\/09\/LOGO-AZUR-SCENIC-Fusion-web-236x64-1.jpg\",\"contentUrl\":\"https:\/\/www.azur-scenic.com\/wp-content\/uploads\/2022\/09\/LOGO-AZUR-SCENIC-Fusion-web-236x64-1.jpg\",\"width\":236,\"height\":64,\"caption\":\"AZUR SCENIC\"},\"image\":{\"@id\":\"https:\/\/www.azur-scenic.com\/en\/#\/schema\/logo\/image\/\"},\"sameAs\":[\"https:\/\/www.youtube.com\/channel\/UCPWM2mGPVUt4nYhNlm71WOA\",\"https:\/\/www.linkedin.com\/company\/33237605\/admin\/feed\/posts\/\"]}]}<\/script>\n<!-- \/ Yoast SEO plugin. -->","yoast_head_json":{"title":"Recycled Brushed Cotton GRS - Azur Scenic","description":"Discover the Brushed Cotton GRS Azur Scenic: recycled brushed cotton, flame retardant and affordable. Give your events an eco-responsible look!","robots":{"index":"index","follow":"follow","max-snippet":"max-snippet:-1","max-image-preview":"max-image-preview:large","max-video-preview":"max-video-preview:-1"},"canonical":"https:\/\/www.azur-scenic.com\/en\/product\/recycled-brushed-cotton-grs\/","og_locale":"en_US","og_type":"article","og_title":"Recycled Brushed Cotton GRS - Azur Scenic","og_description":"Discover the Brushed Cotton GRS Azur Scenic: recycled brushed cotton, flame retardant and affordable. Give your events an eco-responsible look!","og_url":"https:\/\/www.azur-scenic.com\/en\/product\/recycled-brushed-cotton-grs\/","og_site_name":"Azur Scenic","article_modified_time":"2023-11-21T13:05:34+00:00","og_image":[{"width":2280,"height":2280,"url":"https:\/\/www.azur-scenic.com\/wp-content\/uploads\/COTON-GRATTE-GRS-BLANC.jpg","type":"image\/jpeg"}],"twitter_card":"summary_large_image","twitter_misc":{"Est. reading time":"3 minutes"},"schema":{"@context":"https:\/\/schema.org","@graph":[{"@type":"WebPage","@id":"https:\/\/www.azur-scenic.com\/en\/product\/recycled-brushed-cotton-grs\/","url":"https:\/\/www.azur-scenic.com\/en\/product\/recycled-brushed-cotton-grs\/","name":"Recycled Brushed Cotton GRS - Azur Scenic","isPartOf":{"@id":"https:\/\/www.azur-scenic.com\/en\/#website"},"primaryImageOfPage":{"@id":"https:\/\/www.azur-scenic.com\/en\/product\/recycled-brushed-cotton-grs\/#primaryimage"},"image":{"@id":"https:\/\/www.azur-scenic.com\/en\/product\/recycled-brushed-cotton-grs\/#primaryimage"},"thumbnailUrl":"https:\/\/www.azur-scenic.com\/wp-content\/uploads\/COTON-GRATTE-GRS-BLANC.jpg","datePublished":"2023-09-29T12:23:19+00:00","dateModified":"2023-11-21T13:05:34+00:00","description":"Discover the Brushed Cotton GRS Azur Scenic: recycled brushed cotton, flame retardant and affordable. Give your events an eco-responsible look!","breadcrumb":{"@id":"https:\/\/www.azur-scenic.com\/en\/product\/recycled-brushed-cotton-grs\/#breadcrumb"},"inLanguage":"en-US","potentialAction":[{"@type":"ReadAction","target":["https:\/\/www.azur-scenic.com\/en\/product\/recycled-brushed-cotton-grs\/"]}]},{"@type":"ImageObject","inLanguage":"en-US","@id":"https:\/\/www.azur-scenic.com\/en\/product\/recycled-brushed-cotton-grs\/#primaryimage","url":"https:\/\/www.azur-scenic.com\/wp-content\/uploads\/COTON-GRATTE-GRS-BLANC.jpg","contentUrl":"https:\/\/www.azur-scenic.com\/wp-content\/uploads\/COTON-GRATTE-GRS-BLANC.jpg","width":2280,"height":2280,"caption":"Coton gratt\u00e9 recycl\u00e9 coloris blanc, r\u00e9pondant \u00e0 la normer"},{"@type":"BreadcrumbList","@id":"https:\/\/www.azur-scenic.com\/en\/product\/recycled-brushed-cotton-grs\/#breadcrumb","itemListElement":[{"@type":"ListItem","position":1,"name":"Accueil","item":"https:\/\/www.azur-scenic.com\/en\/"},{"@type":"ListItem","position":2,"name":"Produits","item":"https:\/\/www.azur-scenic.com\/en\/?page_id=21438"},{"@type":"ListItem","position":3,"name":"Brushed Cotton GRS"}]},{"@type":"WebSite","@id":"https:\/\/www.azur-scenic.com\/en\/#website","url":"https:\/\/www.azur-scenic.com\/en\/","name":"Azur Scenic","description":"Sp\u00e9cialiste de l\u2019\u00e9quipement sc\u00e9nique et de la d\u00e9coration int\u00e9rieure et \u00e9v\u00e9nementielle !","publisher":{"@id":"https:\/\/www.azur-scenic.com\/en\/#organization"},"potentialAction":[{"@type":"SearchAction","target":{"@type":"EntryPoint","urlTemplate":"https:\/\/www.azur-scenic.com\/en\/?s={search_term_string}"},"query-input":{"@type":"PropertyValueSpecification","valueRequired":true,"valueName":"search_term_string"}}],"inLanguage":"en-US"},{"@type":"Organization","@id":"https:\/\/www.azur-scenic.com\/en\/#organization","name":"AZUR SCENIC","url":"https:\/\/www.azur-scenic.com\/en\/","logo":{"@type":"ImageObject","inLanguage":"en-US","@id":"https:\/\/www.azur-scenic.com\/en\/#\/schema\/logo\/image\/","url":"https:\/\/www.azur-scenic.com\/wp-content\/uploads\/2022\/09\/LOGO-AZUR-SCENIC-Fusion-web-236x64-1.jpg","contentUrl":"https:\/\/www.azur-scenic.com\/wp-content\/uploads\/2022\/09\/LOGO-AZUR-SCENIC-Fusion-web-236x64-1.jpg","width":236,"height":64,"caption":"AZUR SCENIC"},"image":{"@id":"https:\/\/www.azur-scenic.com\/en\/#\/schema\/logo\/image\/"},"sameAs":["https:\/\/www.youtube.com\/channel\/UCPWM2mGPVUt4nYhNlm71WOA","https:\/\/www.linkedin.com\/company\/33237605\/admin\/feed\/posts\/"]}]}},"_links":{"self":[{"href":"https:\/\/www.azur-scenic.com\/en\/wp-json\/wp\/v2\/product\/26079","targetHints":{"allow":["GET"]}}],"collection":[{"href":"https:\/\/www.azur-scenic.com\/en\/wp-json\/wp\/v2\/product"}],"about":[{"href":"https:\/\/www.azur-scenic.com\/en\/wp-json\/wp\/v2\/types\/product"}],"wp:featuredmedia":[{"embeddable":true,"href":"https:\/\/www.azur-scenic.com\/en\/wp-json\/wp\/v2\/media\/25260"}],"wp:attachment":[{"href":"https:\/\/www.azur-scenic.com\/en\/wp-json\/wp\/v2\/media?parent=26079"}],"wp:term":[{"taxonomy":"product_brand","embeddable":true,"href":"https:\/\/www.azur-scenic.com\/en\/wp-json\/wp\/v2\/product_brand?post=26079"},{"taxonomy":"product_cat","embeddable":true,"href":"https:\/\/www.azur-scenic.com\/en\/wp-json\/wp\/v2\/product_cat?post=26079"},{"taxonomy":"product_tag","embeddable":true,"href":"https:\/\/www.azur-scenic.com\/en\/wp-json\/wp\/v2\/product_tag?post=26079"}],"curies":[{"name":"wp","href":"https:\/\/api.w.org\/{rel}","templated":true}]}}