{"id":21425,"date":"2022-10-10T07:29:36","date_gmt":"2022-10-10T07:29:36","guid":{"rendered":"https:\/\/www.azur-scenic.com\/job\/"},"modified":"2023-05-16T17:45:55","modified_gmt":"2023-05-16T17:45:55","slug":"job","status":"publish","type":"page","link":"https:\/\/www.azur-scenic.com\/es\/job\/","title":{"rendered":"Job"},"content":{"rendered":"\t\t<div data-elementor-type=\"wp-page\" data-elementor-id=\"21425\" class=\"elementor elementor-21425 elementor-6199\" data-elementor-post-type=\"page\">\n\t\t\t\t\t\t<section class=\"elementor-section elementor-top-section elementor-element elementor-element-a735e49 elementor-section-boxed elementor-section-height-default elementor-section-height-default\" data-id=\"a735e49\" data-element_type=\"section\" data-e-type=\"section\">\n\t\t\t\t\t\t<div class=\"elementor-container elementor-column-gap-default\">\n\t\t\t\t\t<div class=\"elementor-column elementor-col-100 elementor-top-column elementor-element elementor-element-ca6bd07\" data-id=\"ca6bd07\" data-element_type=\"column\" data-e-type=\"column\">\n\t\t\t<div class=\"elementor-widget-wrap elementor-element-populated\">\n\t\t\t\t\t\t<div class=\"elementor-element elementor-element-5badb3e elementor-widget elementor-widget-heading\" data-id=\"5badb3e\" data-element_type=\"widget\" data-e-type=\"widget\" data-widget_type=\"heading.default\">\n\t\t\t\t<div class=\"elementor-widget-container\">\n\t\t\t\t\t<h1 class=\"elementor-heading-title elementor-size-default\">S\u00famate a nuestro equipo!<\/h1>\t\t\t\t<\/div>\n\t\t\t\t<\/div>\n\t\t\t\t\t<\/div>\n\t\t<\/div>\n\t\t\t\t\t<\/div>\n\t\t<\/section>\n\t\t\t\t<section class=\"elementor-section elementor-top-section elementor-element elementor-element-7a1b281 elementor-section-boxed elementor-section-height-default elementor-section-height-default\" data-id=\"7a1b281\" data-element_type=\"section\" data-e-type=\"section\">\n\t\t\t\t\t\t<div class=\"elementor-container elementor-column-gap-default\">\n\t\t\t\t\t<div class=\"elementor-column elementor-col-100 elementor-top-column elementor-element elementor-element-03f1ed6\" data-id=\"03f1ed6\" data-element_type=\"column\" data-e-type=\"column\">\n\t\t\t<div class=\"elementor-widget-wrap elementor-element-populated\">\n\t\t\t\t\t\t<div class=\"elementor-element elementor-element-3c7c37f elementor-widget elementor-widget-text-editor\" data-id=\"3c7c37f\" data-element_type=\"widget\" data-e-type=\"widget\" data-widget_type=\"text-editor.default\">\n\t\t\t\t<div class=\"elementor-widget-container\">\n\t\t\t\t\t\t\t\t\t<p style=\"text-align: center;\">Te interesa la <strong>cultura<\/strong>? <br \/>Sue\u00f1as con tener un espacio en el mundo del <strong>espect\u00e1culo<\/strong> y los <strong>eventos<\/strong>?<\/p><p style=\"text-align: center;\">Deseas formar parte de <strong>una empresa a escala humana<\/strong> en la cual <br \/>te encargar\u00e1s de <strong>misiones polivalentes<\/strong> que te permitir\u00e1n <strong>progresar<\/strong> <br \/>en un entorno profesional en el que nunca te aburrir\u00e1s?<\/p><p style=\"text-align: center;\">\u00danete al equipo <strong>joven<\/strong> y <strong>din\u00e1mico<\/strong> de Azur Scenic!<\/p>\t\t\t\t\t\t\t\t\t<\/div>\n\t\t\t\t<\/div>\n\t\t\t\t<div class=\"elementor-element elementor-element-898e9a7 elementor-widget elementor-widget-image\" data-id=\"898e9a7\" data-element_type=\"widget\" data-e-type=\"widget\" data-widget_type=\"image.default\">\n\t\t\t\t<div class=\"elementor-widget-container\">\n\t\t\t\t\t\t\t\t\t\t\t\t\t\t\t<img fetchpriority=\"high\" decoding=\"async\" width=\"2560\" height=\"691\" src=\"https:\/\/www.azur-scenic.com\/wp-content\/uploads\/colleagues-giving-fist-bump-scaled-e1665405647636.jpg\" class=\"attachment-full size-full wp-image-11170\" alt=\"\" srcset=\"https:\/\/www.azur-scenic.com\/wp-content\/uploads\/colleagues-giving-fist-bump-scaled-e1665405647636.jpg.webp 2560w, https:\/\/www.azur-scenic.com\/wp-content\/uploads\/colleagues-giving-fist-bump-scaled-e1665405647636-100x27.jpg.webp 100w, https:\/\/www.azur-scenic.com\/wp-content\/uploads\/colleagues-giving-fist-bump-scaled-e1665405647636-600x162.jpg.webp 600w, https:\/\/www.azur-scenic.com\/wp-content\/uploads\/colleagues-giving-fist-bump-scaled-e1665405647636-300x81.jpg.webp 300w, https:\/\/www.azur-scenic.com\/wp-content\/uploads\/colleagues-giving-fist-bump-scaled-e1665405647636-1024x276.jpg.webp 1024w, https:\/\/www.azur-scenic.com\/wp-content\/uploads\/colleagues-giving-fist-bump-scaled-e1665405647636-768x207.jpg.webp 768w, https:\/\/www.azur-scenic.com\/wp-content\/uploads\/colleagues-giving-fist-bump-scaled-e1665405647636-1536x415.jpg.webp 1536w, https:\/\/www.azur-scenic.com\/wp-content\/uploads\/colleagues-giving-fist-bump-scaled-e1665405647636-2048x553.jpg.webp 2048w\" sizes=\"(max-width: 2560px) 100vw, 2560px\" \/>\t\t\t\t\t\t\t\t\t\t\t\t\t\t\t<\/div>\n\t\t\t\t<\/div>\n\t\t\t\t\t<\/div>\n\t\t<\/div>\n\t\t\t\t\t<\/div>\n\t\t<\/section>\n\t\t\t\t<section class=\"elementor-section elementor-top-section elementor-element elementor-element-5a8e1b3 elementor-section-boxed elementor-section-height-default elementor-section-height-default\" data-id=\"5a8e1b3\" data-element_type=\"section\" data-e-type=\"section\">\n\t\t\t\t\t\t<div class=\"elementor-container elementor-column-gap-default\">\n\t\t\t\t\t<div class=\"elementor-column elementor-col-100 elementor-top-column elementor-element elementor-element-17d5644\" data-id=\"17d5644\" data-element_type=\"column\" data-e-type=\"column\">\n\t\t\t<div class=\"elementor-widget-wrap elementor-element-populated\">\n\t\t\t\t\t\t<div class=\"elementor-element elementor-element-cb2b386 elementor-widget elementor-widget-accordion\" data-id=\"cb2b386\" data-element_type=\"widget\" data-e-type=\"widget\" data-widget_type=\"accordion.default\">\n\t\t\t\t<div class=\"elementor-widget-container\">\n\t\t\t\t\t\t\t<div class=\"elementor-accordion\">\n\t\t\t\t\t\t\t<div class=\"elementor-accordion-item\">\n\t\t\t\t\t<div id=\"elementor-tab-title-2131\" class=\"elementor-tab-title\" data-tab=\"1\" role=\"button\" aria-controls=\"elementor-tab-content-2131\" aria-expanded=\"false\">\n\t\t\t\t\t\t\t\t\t\t\t\t\t<span class=\"elementor-accordion-icon elementor-accordion-icon-left\" aria-hidden=\"true\">\n\t\t\t\t\t\t\t\t\t\t\t\t\t\t\t<span class=\"elementor-accordion-icon-closed\"><i class=\"fas fa-caret-right\"><\/i><\/span>\n\t\t\t\t\t\t\t\t<span class=\"elementor-accordion-icon-opened\"><i class=\"fas fa-caret-down\"><\/i><\/span>\n\t\t\t\t\t\t\t\t\t\t\t\t\t\t<\/span>\n\t\t\t\t\t\t\t\t\t\t\t\t<a class=\"elementor-accordion-title\" tabindex=\"0\">CANDIDATURA ESPONT\u00c1NEA<\/a>\n\t\t\t\t\t<\/div>\n\t\t\t\t\t<div id=\"elementor-tab-content-2131\" class=\"elementor-tab-content elementor-clearfix\" data-tab=\"1\" role=\"region\" aria-labelledby=\"elementor-tab-title-2131\"><table style=\"border-collapse: collapse; width: 100%;\">\n<tbody>\n<tr>\n<td style=\"width: 29.3783%;\"><img decoding=\"async\" src=\"https:\/\/www.azur-scenic.com\/wp-content\/uploads\/pexels-lukas-590016-scaled.jpg\" alt=\"\" \/>\u00a0<\/td>\n<td style=\"width: 70.5785%;\">\n<p>Buscamos regularmente <strong>nuevos talentos<\/strong>.<\/p>\n<p>Te sientes <strong>motivado(a)<\/strong>, eres <strong>riguroso(a)<\/strong>\u00a0y deseas formarte en la especificidad del equipamiento esc\u00e9nico?<\/p>\n<p>Sea cual sea tu perfil, puedes enviarnos una candidatura espont\u00e1nea para incorporarte a nuestros equipos en nuestras agencias comerciales, nuestras tiendas y nuestros talleres de Par\u00eds (Villepinte), Lyon (Vienne) y Niza (St Jeannet) o reforzar nuestros equipos de instalaci\u00f3n que recorren toda Francia y Europa.\u00a0<\/p>\n<p>\u00a1No esperes m\u00e1s! Env\u00eda un CV y una carta de presentaci\u00f3n a <a href=\"mailto:rh@azur-scenic.com\">rh@azur-scenic.com<\/a><\/p>\n<\/td>\n<\/tr>\n<\/tbody>\n<\/table><\/div>\n\t\t\t\t<\/div>\n\t\t\t\t\t\t\t<div class=\"elementor-accordion-item\">\n\t\t\t\t\t<div id=\"elementor-tab-title-2132\" class=\"elementor-tab-title\" data-tab=\"2\" role=\"button\" aria-controls=\"elementor-tab-content-2132\" aria-expanded=\"false\">\n\t\t\t\t\t\t\t\t\t\t\t\t\t<span class=\"elementor-accordion-icon elementor-accordion-icon-left\" aria-hidden=\"true\">\n\t\t\t\t\t\t\t\t\t\t\t\t\t\t\t<span class=\"elementor-accordion-icon-closed\"><i class=\"fas fa-caret-right\"><\/i><\/span>\n\t\t\t\t\t\t\t\t<span class=\"elementor-accordion-icon-opened\"><i class=\"fas fa-caret-down\"><\/i><\/span>\n\t\t\t\t\t\t\t\t\t\t\t\t\t\t<\/span>\n\t\t\t\t\t\t\t\t\t\t\t\t<a class=\"elementor-accordion-title\" tabindex=\"0\">RESPONDER A UN ANUNCIO<\/a>\n\t\t\t\t\t<\/div>\n\t\t\t\t\t<div id=\"elementor-tab-content-2132\" class=\"elementor-tab-content elementor-clearfix\" data-tab=\"2\" role=\"region\" aria-labelledby=\"elementor-tab-title-2132\"><table style=\"border-collapse: collapse; width: 100%; height: 24px;\"><tbody><tr style=\"height: 24px;\"><td style=\"width: 96.6214%; height: 24px;\"><p>En este momento no hay anuncios vigentes. \u00a1Pero puedes mandarnos una candidatura espont\u00e1nea!<\/p><\/td><\/tr><\/tbody><\/table><\/div>\n\t\t\t\t<\/div>\n\t\t\t\t\t\t\t\t<\/div>\n\t\t\t\t\t\t<\/div>\n\t\t\t\t<\/div>\n\t\t\t\t\t<\/div>\n\t\t<\/div>\n\t\t\t\t\t<\/div>\n\t\t<\/section>\n\t\t\t\t<\/div>\n\t\t","protected":false},"excerpt":{"rendered":"<p>S\u00famate a nuestro equipo! Te interesa la cultura? Sue\u00f1as con tener un espacio en el mundo del espect\u00e1culo y los eventos? Deseas formar parte de una empresa a escala humana en la cual te encargar\u00e1s de misiones polivalentes que te permitir\u00e1n progresar en un entorno profesional en el que nunca te aburrir\u00e1s? \u00danete al equipo [&hellip;]<\/p>\n","protected":false},"author":1,"featured_media":0,"parent":0,"menu_order":0,"comment_status":"closed","ping_status":"closed","template":"","meta":{"_acf_changed":false,"footnotes":""},"class_list":["post-21425","page","type-page","status-publish","hentry"],"acf":[],"yoast_head":"<!-- This site is optimized with the Yoast SEO plugin v27.3 - https:\/\/yoast.com\/product\/yoast-seo-wordpress\/ -->\n<title>Job - Azur Scenic<\/title>\n<meta name=\"robots\" content=\"index, follow, max-snippet:-1, max-image-preview:large, max-video-preview:-1\" \/>\n<link rel=\"canonical\" href=\"https:\/\/www.azur-scenic.com\/es\/job\/\" \/>\n<meta property=\"og:locale\" content=\"es_ES\" \/>\n<meta property=\"og:type\" content=\"article\" \/>\n<meta property=\"og:title\" content=\"Job - Azur Scenic\" \/>\n<meta property=\"og:description\" content=\"S\u00famate a nuestro equipo! Te interesa la cultura? Sue\u00f1as con tener un espacio en el mundo del espect\u00e1culo y los eventos? Deseas formar parte de una empresa a escala humana en la cual te encargar\u00e1s de misiones polivalentes que te permitir\u00e1n progresar en un entorno profesional en el que nunca te aburrir\u00e1s? \u00danete al equipo [&hellip;]\" \/>\n<meta property=\"og:url\" content=\"https:\/\/www.azur-scenic.com\/es\/job\/\" \/>\n<meta property=\"og:site_name\" content=\"Azur Scenic\" \/>\n<meta property=\"article:modified_time\" content=\"2023-05-16T17:45:55+00:00\" \/>\n<meta property=\"og:image\" content=\"https:\/\/www.azur-scenic.com\/wp-content\/uploads\/colleagues-giving-fist-bump-scaled-e1665405647636.jpg\" \/>\n<meta name=\"twitter:card\" content=\"summary_large_image\" \/>\n<meta name=\"twitter:label1\" content=\"Tiempo de lectura\" \/>\n\t<meta name=\"twitter:data1\" content=\"2 minutos\" \/>\n<script type=\"application\/ld+json\" class=\"yoast-schema-graph\">{\"@context\":\"https:\\\/\\\/schema.org\",\"@graph\":[{\"@type\":\"WebPage\",\"@id\":\"https:\\\/\\\/www.azur-scenic.com\\\/es\\\/job\\\/\",\"url\":\"https:\\\/\\\/www.azur-scenic.com\\\/es\\\/job\\\/\",\"name\":\"Job - Azur Scenic\",\"isPartOf\":{\"@id\":\"https:\\\/\\\/www.azur-scenic.com\\\/es\\\/#website\"},\"primaryImageOfPage\":{\"@id\":\"https:\\\/\\\/www.azur-scenic.com\\\/es\\\/job\\\/#primaryimage\"},\"image\":{\"@id\":\"https:\\\/\\\/www.azur-scenic.com\\\/es\\\/job\\\/#primaryimage\"},\"thumbnailUrl\":\"https:\\\/\\\/www.azur-scenic.com\\\/wp-content\\\/uploads\\\/colleagues-giving-fist-bump-scaled-e1665405647636.jpg\",\"datePublished\":\"2022-10-10T07:29:36+00:00\",\"dateModified\":\"2023-05-16T17:45:55+00:00\",\"breadcrumb\":{\"@id\":\"https:\\\/\\\/www.azur-scenic.com\\\/es\\\/job\\\/#breadcrumb\"},\"inLanguage\":\"es\",\"potentialAction\":[{\"@type\":\"ReadAction\",\"target\":[\"https:\\\/\\\/www.azur-scenic.com\\\/es\\\/job\\\/\"]}]},{\"@type\":\"ImageObject\",\"inLanguage\":\"es\",\"@id\":\"https:\\\/\\\/www.azur-scenic.com\\\/es\\\/job\\\/#primaryimage\",\"url\":\"https:\\\/\\\/www.azur-scenic.com\\\/wp-content\\\/uploads\\\/colleagues-giving-fist-bump-scaled-e1665405647636.jpg\",\"contentUrl\":\"https:\\\/\\\/www.azur-scenic.com\\\/wp-content\\\/uploads\\\/colleagues-giving-fist-bump-scaled-e1665405647636.jpg\"},{\"@type\":\"BreadcrumbList\",\"@id\":\"https:\\\/\\\/www.azur-scenic.com\\\/es\\\/job\\\/#breadcrumb\",\"itemListElement\":[{\"@type\":\"ListItem\",\"position\":1,\"name\":\"Accueil\",\"item\":\"https:\\\/\\\/www.azur-scenic.com\\\/es\\\/\"},{\"@type\":\"ListItem\",\"position\":2,\"name\":\"Job\"}]},{\"@type\":\"WebSite\",\"@id\":\"https:\\\/\\\/www.azur-scenic.com\\\/es\\\/#website\",\"url\":\"https:\\\/\\\/www.azur-scenic.com\\\/es\\\/\",\"name\":\"Azur Scenic\",\"description\":\"Sp\u00e9cialiste de l\u2019\u00e9quipement sc\u00e9nique et de la d\u00e9coration int\u00e9rieure et \u00e9v\u00e9nementielle !\",\"publisher\":{\"@id\":\"https:\\\/\\\/www.azur-scenic.com\\\/es\\\/#organization\"},\"potentialAction\":[{\"@type\":\"SearchAction\",\"target\":{\"@type\":\"EntryPoint\",\"urlTemplate\":\"https:\\\/\\\/www.azur-scenic.com\\\/es\\\/?s={search_term_string}\"},\"query-input\":{\"@type\":\"PropertyValueSpecification\",\"valueRequired\":true,\"valueName\":\"search_term_string\"}}],\"inLanguage\":\"es\"},{\"@type\":\"Organization\",\"@id\":\"https:\\\/\\\/www.azur-scenic.com\\\/es\\\/#organization\",\"name\":\"AZUR SCENIC\",\"url\":\"https:\\\/\\\/www.azur-scenic.com\\\/es\\\/\",\"logo\":{\"@type\":\"ImageObject\",\"inLanguage\":\"es\",\"@id\":\"https:\\\/\\\/www.azur-scenic.com\\\/es\\\/#\\\/schema\\\/logo\\\/image\\\/\",\"url\":\"https:\\\/\\\/www.azur-scenic.com\\\/wp-content\\\/uploads\\\/2022\\\/09\\\/LOGO-AZUR-SCENIC-Fusion-web-236x64-1.jpg\",\"contentUrl\":\"https:\\\/\\\/www.azur-scenic.com\\\/wp-content\\\/uploads\\\/2022\\\/09\\\/LOGO-AZUR-SCENIC-Fusion-web-236x64-1.jpg\",\"width\":236,\"height\":64,\"caption\":\"AZUR SCENIC\"},\"image\":{\"@id\":\"https:\\\/\\\/www.azur-scenic.com\\\/es\\\/#\\\/schema\\\/logo\\\/image\\\/\"},\"sameAs\":[\"https:\\\/\\\/www.youtube.com\\\/channel\\\/UCPWM2mGPVUt4nYhNlm71WOA\",\"https:\\\/\\\/www.linkedin.com\\\/company\\\/33237605\\\/admin\\\/feed\\\/posts\\\/\"]}]}<\/script>\n<!-- \/ Yoast SEO plugin. -->","yoast_head_json":{"title":"Job - Azur Scenic","robots":{"index":"index","follow":"follow","max-snippet":"max-snippet:-1","max-image-preview":"max-image-preview:large","max-video-preview":"max-video-preview:-1"},"canonical":"https:\/\/www.azur-scenic.com\/es\/job\/","og_locale":"es_ES","og_type":"article","og_title":"Job - Azur Scenic","og_description":"S\u00famate a nuestro equipo! Te interesa la cultura? Sue\u00f1as con tener un espacio en el mundo del espect\u00e1culo y los eventos? Deseas formar parte de una empresa a escala humana en la cual te encargar\u00e1s de misiones polivalentes que te permitir\u00e1n progresar en un entorno profesional en el que nunca te aburrir\u00e1s? \u00danete al equipo [&hellip;]","og_url":"https:\/\/www.azur-scenic.com\/es\/job\/","og_site_name":"Azur Scenic","article_modified_time":"2023-05-16T17:45:55+00:00","og_image":[{"url":"https:\/\/www.azur-scenic.com\/wp-content\/uploads\/colleagues-giving-fist-bump-scaled-e1665405647636.jpg","type":"","width":"","height":""}],"twitter_card":"summary_large_image","twitter_misc":{"Tiempo de lectura":"2 minutos"},"schema":{"@context":"https:\/\/schema.org","@graph":[{"@type":"WebPage","@id":"https:\/\/www.azur-scenic.com\/es\/job\/","url":"https:\/\/www.azur-scenic.com\/es\/job\/","name":"Job - Azur Scenic","isPartOf":{"@id":"https:\/\/www.azur-scenic.com\/es\/#website"},"primaryImageOfPage":{"@id":"https:\/\/www.azur-scenic.com\/es\/job\/#primaryimage"},"image":{"@id":"https:\/\/www.azur-scenic.com\/es\/job\/#primaryimage"},"thumbnailUrl":"https:\/\/www.azur-scenic.com\/wp-content\/uploads\/colleagues-giving-fist-bump-scaled-e1665405647636.jpg","datePublished":"2022-10-10T07:29:36+00:00","dateModified":"2023-05-16T17:45:55+00:00","breadcrumb":{"@id":"https:\/\/www.azur-scenic.com\/es\/job\/#breadcrumb"},"inLanguage":"es","potentialAction":[{"@type":"ReadAction","target":["https:\/\/www.azur-scenic.com\/es\/job\/"]}]},{"@type":"ImageObject","inLanguage":"es","@id":"https:\/\/www.azur-scenic.com\/es\/job\/#primaryimage","url":"https:\/\/www.azur-scenic.com\/wp-content\/uploads\/colleagues-giving-fist-bump-scaled-e1665405647636.jpg","contentUrl":"https:\/\/www.azur-scenic.com\/wp-content\/uploads\/colleagues-giving-fist-bump-scaled-e1665405647636.jpg"},{"@type":"BreadcrumbList","@id":"https:\/\/www.azur-scenic.com\/es\/job\/#breadcrumb","itemListElement":[{"@type":"ListItem","position":1,"name":"Accueil","item":"https:\/\/www.azur-scenic.com\/es\/"},{"@type":"ListItem","position":2,"name":"Job"}]},{"@type":"WebSite","@id":"https:\/\/www.azur-scenic.com\/es\/#website","url":"https:\/\/www.azur-scenic.com\/es\/","name":"Azur Scenic","description":"Sp\u00e9cialiste de l\u2019\u00e9quipement sc\u00e9nique et de la d\u00e9coration int\u00e9rieure et \u00e9v\u00e9nementielle !","publisher":{"@id":"https:\/\/www.azur-scenic.com\/es\/#organization"},"potentialAction":[{"@type":"SearchAction","target":{"@type":"EntryPoint","urlTemplate":"https:\/\/www.azur-scenic.com\/es\/?s={search_term_string}"},"query-input":{"@type":"PropertyValueSpecification","valueRequired":true,"valueName":"search_term_string"}}],"inLanguage":"es"},{"@type":"Organization","@id":"https:\/\/www.azur-scenic.com\/es\/#organization","name":"AZUR SCENIC","url":"https:\/\/www.azur-scenic.com\/es\/","logo":{"@type":"ImageObject","inLanguage":"es","@id":"https:\/\/www.azur-scenic.com\/es\/#\/schema\/logo\/image\/","url":"https:\/\/www.azur-scenic.com\/wp-content\/uploads\/2022\/09\/LOGO-AZUR-SCENIC-Fusion-web-236x64-1.jpg","contentUrl":"https:\/\/www.azur-scenic.com\/wp-content\/uploads\/2022\/09\/LOGO-AZUR-SCENIC-Fusion-web-236x64-1.jpg","width":236,"height":64,"caption":"AZUR SCENIC"},"image":{"@id":"https:\/\/www.azur-scenic.com\/es\/#\/schema\/logo\/image\/"},"sameAs":["https:\/\/www.youtube.com\/channel\/UCPWM2mGPVUt4nYhNlm71WOA","https:\/\/www.linkedin.com\/company\/33237605\/admin\/feed\/posts\/"]}]}},"_links":{"self":[{"href":"https:\/\/www.azur-scenic.com\/es\/wp-json\/wp\/v2\/pages\/21425","targetHints":{"allow":["GET"]}}],"collection":[{"href":"https:\/\/www.azur-scenic.com\/es\/wp-json\/wp\/v2\/pages"}],"about":[{"href":"https:\/\/www.azur-scenic.com\/es\/wp-json\/wp\/v2\/types\/page"}],"author":[{"embeddable":true,"href":"https:\/\/www.azur-scenic.com\/es\/wp-json\/wp\/v2\/users\/1"}],"replies":[{"embeddable":true,"href":"https:\/\/www.azur-scenic.com\/es\/wp-json\/wp\/v2\/comments?post=21425"}],"version-history":[{"count":5,"href":"https:\/\/www.azur-scenic.com\/es\/wp-json\/wp\/v2\/pages\/21425\/revisions"}],"predecessor-version":[{"id":22006,"href":"https:\/\/www.azur-scenic.com\/es\/wp-json\/wp\/v2\/pages\/21425\/revisions\/22006"}],"wp:attachment":[{"href":"https:\/\/www.azur-scenic.com\/es\/wp-json\/wp\/v2\/media?parent=21425"}],"curies":[{"name":"wp","href":"https:\/\/api.w.org\/{rel}","templated":true}]}}