{"id":21431,"date":"2022-09-27T13:52:27","date_gmt":"2022-09-27T13:52:27","guid":{"rendered":"https:\/\/www.azur-scenic.com\/about-us\/"},"modified":"2023-05-16T15:47:11","modified_gmt":"2023-05-16T15:47:11","slug":"nosotros","status":"publish","type":"page","link":"https:\/\/www.azur-scenic.com\/es\/nosotros\/","title":{"rendered":"Nosotros"},"content":{"rendered":"\t\t<div data-elementor-type=\"wp-page\" data-elementor-id=\"21431\" class=\"elementor elementor-21431 elementor-33\" data-elementor-post-type=\"page\">\n\t\t\t\t\t\t<section class=\"elementor-section elementor-top-section elementor-element elementor-element-226e2ad elementor-section-full_width elementor-section-height-default elementor-section-height-default\" data-id=\"226e2ad\" data-element_type=\"section\" data-e-type=\"section\">\n\t\t\t\t\t\t<div class=\"elementor-container elementor-column-gap-no\">\n\t\t\t\t\t<div class=\"elementor-column elementor-col-100 elementor-top-column elementor-element elementor-element-b8d68f9\" data-id=\"b8d68f9\" data-element_type=\"column\" data-e-type=\"column\">\n\t\t\t<div class=\"elementor-widget-wrap elementor-element-populated\">\n\t\t\t\t\t\t<div class=\"elementor-element elementor-element-6af4c90 elementor--h-position-center elementor--v-position-middle elementor-arrows-position-inside elementor-pagination-position-inside elementor-widget elementor-widget-slides\" data-id=\"6af4c90\" data-element_type=\"widget\" data-e-type=\"widget\" data-settings=\"{&quot;navigation&quot;:&quot;both&quot;,&quot;autoplay&quot;:&quot;yes&quot;,&quot;pause_on_hover&quot;:&quot;yes&quot;,&quot;pause_on_interaction&quot;:&quot;yes&quot;,&quot;autoplay_speed&quot;:5000,&quot;infinite&quot;:&quot;yes&quot;,&quot;transition&quot;:&quot;slide&quot;,&quot;transition_speed&quot;:500}\" data-widget_type=\"slides.default\">\n\t\t\t\t<div class=\"elementor-widget-container\">\n\t\t\t\t\t\t\t\t\t<div class=\"elementor-swiper\">\n\t\t\t\t\t<div class=\"elementor-slides-wrapper elementor-main-swiper swiper\" role=\"region\" aria-roledescription=\"carousel\" aria-label=\"Diapositivas\" dir=\"ltr\" data-animation=\"fadeInUp\">\n\t\t\t\t<div class=\"swiper-wrapper elementor-slides\">\n\t\t\t\t\t\t\t\t\t\t<div class=\"elementor-repeater-item-fbeea96 swiper-slide\" role=\"group\" aria-roledescription=\"slide\"><div class=\"swiper-slide-bg\" role=\"img\" aria-label=\"azur-scenic_-_theatrelight\"><\/div><div class=\"swiper-slide-inner\" ><div class=\"swiper-slide-contents\"><\/div><\/div><\/div><div class=\"elementor-repeater-item-dc873a5 swiper-slide\" role=\"group\" aria-roledescription=\"slide\"><div class=\"swiper-slide-bg\" role=\"img\" aria-label=\"azur-scenic_-_concertaboutlight\"><\/div><div class=\"swiper-slide-inner\" ><div class=\"swiper-slide-contents\"><\/div><\/div><\/div><div class=\"elementor-repeater-item-1d2aaae swiper-slide\" role=\"group\" aria-roledescription=\"slide\"><div class=\"swiper-slide-bg\" role=\"img\" aria-label=\"azur-scenic_-_restaulight\"><\/div><div class=\"swiper-slide-inner\" ><div class=\"swiper-slide-contents\"><\/div><\/div><\/div>\t\t\t\t<\/div>\n\t\t\t\t\t\t\t\t\t\t\t\t\t\t\t<div class=\"elementor-swiper-button elementor-swiper-button-prev\" role=\"button\" tabindex=\"0\" aria-label=\"Diapositiva anterior\">\n\t\t\t\t\t\t\t<i aria-hidden=\"true\" class=\"eicon-chevron-left\"><\/i>\t\t\t\t\t\t<\/div>\n\t\t\t\t\t\t<div class=\"elementor-swiper-button elementor-swiper-button-next\" role=\"button\" tabindex=\"0\" aria-label=\"Diapositiva siguiente\">\n\t\t\t\t\t\t\t<i aria-hidden=\"true\" class=\"eicon-chevron-right\"><\/i>\t\t\t\t\t\t<\/div>\n\t\t\t\t\t\t\t\t\t\t\t\t\t\t\t\t<div class=\"swiper-pagination\"><\/div>\n\t\t\t\t\t\t\t\t\t\t\t\t<\/div>\n\t\t\t\t<\/div>\n\t\t\t\t\t\t\t\t<\/div>\n\t\t\t\t<\/div>\n\t\t\t\t\t<\/div>\n\t\t<\/div>\n\t\t\t\t\t<\/div>\n\t\t<\/section>\n\t\t\t\t<section class=\"elementor-section elementor-top-section elementor-element elementor-element-bf742e0 elementor-section-boxed elementor-section-height-default elementor-section-height-default\" data-id=\"bf742e0\" data-element_type=\"section\" data-e-type=\"section\">\n\t\t\t\t\t\t<div class=\"elementor-container elementor-column-gap-default\">\n\t\t\t\t\t<div class=\"elementor-column elementor-col-100 elementor-top-column elementor-element elementor-element-fcaef19\" data-id=\"fcaef19\" data-element_type=\"column\" data-e-type=\"column\">\n\t\t\t<div class=\"elementor-widget-wrap elementor-element-populated\">\n\t\t\t\t\t\t<div class=\"elementor-element elementor-element-31a412c elementor-widget elementor-widget-heading\" data-id=\"31a412c\" data-element_type=\"widget\" data-e-type=\"widget\" data-widget_type=\"heading.default\">\n\t\t\t\t<div class=\"elementor-widget-container\">\n\t\t\t\t\t<h1 class=\"elementor-heading-title elementor-size-default\">A TU SERVICIO DESDE HACE M\u00c1S DE 30 A\u00d1OS<\/h1>\t\t\t\t<\/div>\n\t\t\t\t<\/div>\n\t\t\t\t\t<\/div>\n\t\t<\/div>\n\t\t\t\t\t<\/div>\n\t\t<\/section>\n\t\t\t\t<section class=\"elementor-section elementor-top-section elementor-element elementor-element-5e96811 elementor-section-boxed elementor-section-height-default elementor-section-height-default\" data-id=\"5e96811\" data-element_type=\"section\" data-e-type=\"section\">\n\t\t\t\t\t\t<div class=\"elementor-container elementor-column-gap-default\">\n\t\t\t\t\t<div class=\"elementor-column elementor-col-100 elementor-top-column elementor-element elementor-element-9bc0dec\" data-id=\"9bc0dec\" data-element_type=\"column\" data-e-type=\"column\">\n\t\t\t<div class=\"elementor-widget-wrap elementor-element-populated\">\n\t\t\t\t\t\t<div class=\"elementor-element elementor-element-adf1fc0 elementor-widget elementor-widget-heading\" data-id=\"adf1fc0\" data-element_type=\"widget\" data-e-type=\"widget\" data-widget_type=\"heading.default\">\n\t\t\t\t<div class=\"elementor-widget-container\">\n\t\t\t\t\t<h3 class=\"elementor-heading-title elementor-size-default\">La experiencia, la innovaci\u00f3n, la elecci\u00f3n y la calidad desde 1989...<\/h3>\t\t\t\t<\/div>\n\t\t\t\t<\/div>\n\t\t\t\t<div class=\"elementor-element elementor-element-5c71116 elementor-widget elementor-widget-text-editor\" data-id=\"5c71116\" data-element_type=\"widget\" data-e-type=\"widget\" data-widget_type=\"text-editor.default\">\n\t\t\t\t<div class=\"elementor-widget-container\">\n\t\t\t\t\t\t\t\t\t<p>L\u00edder del mercado franc\u00e9s y actor innegable de tus eventos, Azur Scenic es especialista en <strong>equipo esc\u00e9nico<\/strong>\u00a0y\u00a0<strong>decoraci\u00f3n de eventos<\/strong>, y cuenta con una amplia gama de\u00a0<strong>tejidos ign\u00edfugos<\/strong>,\u00a0<strong>ra\u00edles<\/strong>, <strong>pantallas<\/strong>\u00a0y<strong>accesorios para escenarios<\/strong>.<\/p>\n<p>Siempre con la voluntad de continuar con esta magn\u00edfica aventura del mundo del espect\u00e1culo y los eventos, nuestra compa\u00f1\u00eda se ha convertido en <strong>l\u00edder del mercado franc\u00e9s desde hace m\u00e1s de 10 a\u00f1os<\/strong> y es una de las tres empresas europeas <strong>de mayor \u00e9xito<\/strong> en este sector.<\/p>\n<p>Nuestros 33 a\u00f1os de experiencia acumulada con una actitud emprendedora, proactiva y decidida respaldan nuestro principal prop\u00f3sito: satisfacer mejor tus necesidades y hacer realidad tus sue\u00f1os. Con este \u00faltimo objetivo, trabajamos en una\u00a0<strong>din\u00e1mica de innovaci\u00f3n<\/strong>\u00a0para proponerte los tejidos y equipos del futuro. Tus demandas ins\u00f3litas son nuestra fuente de inspiraci\u00f3n: \u00a1Imag\u00ednalo y lo realizamos! \u00a1Tu evento es nuestra <strong>pasi\u00f3n<\/strong>!<\/p>\t\t\t\t\t\t\t\t\t<\/div>\n\t\t\t\t<\/div>\n\t\t\t\t<div class=\"elementor-element elementor-element-b8b1745 elementor-widget elementor-widget-image\" data-id=\"b8b1745\" data-element_type=\"widget\" data-e-type=\"widget\" data-widget_type=\"image.default\">\n\t\t\t\t<div class=\"elementor-widget-container\">\n\t\t\t\t\t\t\t\t\t\t\t\t\t\t\t<img fetchpriority=\"high\" decoding=\"async\" width=\"1650\" height=\"741\" src=\"https:\/\/www.azur-scenic.com\/wp-content\/uploads\/2022\/09\/azur-scenic-danse1_light.jpg\" class=\"attachment-full size-full wp-image-6368\" alt=\"\" srcset=\"https:\/\/www.azur-scenic.com\/wp-content\/uploads\/2022\/09\/azur-scenic-danse1_light.jpg 1650w, https:\/\/www.azur-scenic.com\/wp-content\/uploads\/2022\/09\/azur-scenic-danse1_light-100x45.jpg 100w, https:\/\/www.azur-scenic.com\/wp-content\/uploads\/2022\/09\/azur-scenic-danse1_light-600x269.jpg 600w, https:\/\/www.azur-scenic.com\/wp-content\/uploads\/2022\/09\/azur-scenic-danse1_light-300x135.jpg 300w, https:\/\/www.azur-scenic.com\/wp-content\/uploads\/2022\/09\/azur-scenic-danse1_light-1024x460.jpg 1024w, https:\/\/www.azur-scenic.com\/wp-content\/uploads\/2022\/09\/azur-scenic-danse1_light-768x345.jpg 768w, https:\/\/www.azur-scenic.com\/wp-content\/uploads\/2022\/09\/azur-scenic-danse1_light-1536x690.jpg 1536w\" sizes=\"(max-width: 1650px) 100vw, 1650px\" \/>\t\t\t\t\t\t\t\t\t\t\t\t\t\t\t<\/div>\n\t\t\t\t<\/div>\n\t\t\t\t<div class=\"elementor-element elementor-element-c54131f elementor-widget elementor-widget-heading\" data-id=\"c54131f\" data-element_type=\"widget\" data-e-type=\"widget\" data-widget_type=\"heading.default\">\n\t\t\t\t<div class=\"elementor-widget-container\">\n\t\t\t\t\t<h2 class=\"elementor-heading-title elementor-size-default\">NUESTRA VISI\u00d3N, LA INNOVACI\u00d3N<\/h2>\t\t\t\t<\/div>\n\t\t\t\t<\/div>\n\t\t\t\t<div class=\"elementor-element elementor-element-5ebe83a elementor-widget elementor-widget-heading\" data-id=\"5ebe83a\" data-element_type=\"widget\" data-e-type=\"widget\" data-widget_type=\"heading.default\">\n\t\t\t\t<div class=\"elementor-widget-container\">\n\t\t\t\t\t<h3 class=\"elementor-heading-title elementor-size-default\">El mundo est\u00e1 cambiando y los tejidos y las necesidades esc\u00e9nicas tambi\u00e9n evolucionan!<\/h3>\t\t\t\t<\/div>\n\t\t\t\t<\/div>\n\t\t\t\t<div class=\"elementor-element elementor-element-2d795a0 elementor-widget elementor-widget-text-editor\" data-id=\"2d795a0\" data-element_type=\"widget\" data-e-type=\"widget\" data-widget_type=\"text-editor.default\">\n\t\t\t\t<div class=\"elementor-widget-container\">\n\t\t\t\t\t\t\t\t\t<p>Te proponemos m\u00e1s de<strong>\u00a0220 productos de alta calidad<\/strong>\u00a0seleccionados por nuestro servicio de compras que <strong>constantemente busca nuevos productos<\/strong>\u00a0y nuevos socios internacionales con el objetivo de ofrecerte los grandes cl\u00e1sicos del sector y sobre todo<strong>\u00a0crear est\u00e1ndares para el futuro<\/strong>.<\/p><p>La\u00a0<strong>diversidad<\/strong>\u00a0de nuestra gama se conjuga con la originalidad y el<strong>deseo de innovar<\/strong>\u00a0y de afirmar una verdadera identidad. Para que puedas\u00a0<strong>diferenciarte<\/strong>\u00a0y proponer proyectos diferentes.<\/p><p>Azur Scenic se compromete a ir siempre un poco m\u00e1s all\u00e1 en sus propuestas de b\u00fasqueda de lo extraordinario. Azur Scenic no solo est\u00e1 aqu\u00ed para detectar las\u00a0<strong>futuras tendencias<\/strong>, sino tambi\u00e9n para impulsarlas.<\/p>\t\t\t\t\t\t\t\t<\/div>\n\t\t\t\t<\/div>\n\t\t\t\t<div class=\"elementor-element elementor-element-e1307f7 elementor-widget elementor-widget-image\" data-id=\"e1307f7\" data-element_type=\"widget\" data-e-type=\"widget\" data-widget_type=\"image.default\">\n\t\t\t\t<div class=\"elementor-widget-container\">\n\t\t\t\t\t\t\t\t\t\t\t\t\t\t\t<img decoding=\"async\" width=\"1650\" height=\"248\" src=\"https:\/\/www.azur-scenic.com\/wp-content\/uploads\/2022\/09\/AZUR-SCENIC_-_laserlight.jpg\" class=\"attachment-full size-full wp-image-6371\" alt=\"\" srcset=\"https:\/\/www.azur-scenic.com\/wp-content\/uploads\/2022\/09\/AZUR-SCENIC_-_laserlight.jpg 1650w, https:\/\/www.azur-scenic.com\/wp-content\/uploads\/2022\/09\/AZUR-SCENIC_-_laserlight-100x15.jpg 100w, https:\/\/www.azur-scenic.com\/wp-content\/uploads\/2022\/09\/AZUR-SCENIC_-_laserlight-600x90.jpg 600w, https:\/\/www.azur-scenic.com\/wp-content\/uploads\/2022\/09\/AZUR-SCENIC_-_laserlight-300x45.jpg 300w, https:\/\/www.azur-scenic.com\/wp-content\/uploads\/2022\/09\/AZUR-SCENIC_-_laserlight-1024x154.jpg 1024w, https:\/\/www.azur-scenic.com\/wp-content\/uploads\/2022\/09\/AZUR-SCENIC_-_laserlight-768x115.jpg 768w, https:\/\/www.azur-scenic.com\/wp-content\/uploads\/2022\/09\/AZUR-SCENIC_-_laserlight-1536x231.jpg 1536w\" sizes=\"(max-width: 1650px) 100vw, 1650px\" \/>\t\t\t\t\t\t\t\t\t\t\t\t\t\t\t<\/div>\n\t\t\t\t<\/div>\n\t\t\t\t\t<\/div>\n\t\t<\/div>\n\t\t\t\t\t<\/div>\n\t\t<\/section>\n\t\t\t\t<\/div>\n\t\t","protected":false},"excerpt":{"rendered":"<p>Previous slide Next slide A TU SERVICIO DESDE HACE M\u00c1S DE 30 A\u00d1OS La experiencia, la innovaci\u00f3n, la elecci\u00f3n y la calidad desde 1989&#8230; L\u00edder del mercado franc\u00e9s y actor innegable de tus eventos, Azur Scenic es especialista en equipo esc\u00e9nico\u00a0y\u00a0decoraci\u00f3n de eventos, y cuenta con una amplia gama de\u00a0tejidos ign\u00edfugos,\u00a0ra\u00edles, pantallas\u00a0yaccesorios para escenarios. Siempre [&hellip;]<\/p>\n","protected":false},"author":1,"featured_media":0,"parent":0,"menu_order":0,"comment_status":"closed","ping_status":"closed","template":"","meta":{"_acf_changed":false,"footnotes":""},"class_list":["post-21431","page","type-page","status-publish","hentry"],"acf":[],"yoast_head":"<!-- This site is optimized with the Yoast SEO plugin v27.1.1 - https:\/\/yoast.com\/product\/yoast-seo-wordpress\/ -->\n<title>Nosotros - Azur Scenic<\/title>\n<meta name=\"robots\" content=\"index, follow, max-snippet:-1, max-image-preview:large, max-video-preview:-1\" \/>\n<link rel=\"canonical\" href=\"https:\/\/www.azur-scenic.com\/es\/nosotros\/\" \/>\n<meta property=\"og:locale\" content=\"es_ES\" \/>\n<meta property=\"og:type\" content=\"article\" \/>\n<meta property=\"og:title\" content=\"Nosotros - Azur Scenic\" \/>\n<meta property=\"og:description\" content=\"Previous slide Next slide A TU SERVICIO DESDE HACE M\u00c1S DE 30 A\u00d1OS La experiencia, la innovaci\u00f3n, la elecci\u00f3n y la calidad desde 1989&#8230; L\u00edder del mercado franc\u00e9s y actor innegable de tus eventos, Azur Scenic es especialista en equipo esc\u00e9nico\u00a0y\u00a0decoraci\u00f3n de eventos, y cuenta con una amplia gama de\u00a0tejidos ign\u00edfugos,\u00a0ra\u00edles, pantallas\u00a0yaccesorios para escenarios. Siempre [&hellip;]\" \/>\n<meta property=\"og:url\" content=\"https:\/\/www.azur-scenic.com\/es\/nosotros\/\" \/>\n<meta property=\"og:site_name\" content=\"Azur Scenic\" \/>\n<meta property=\"article:modified_time\" content=\"2023-05-16T15:47:11+00:00\" \/>\n<meta property=\"og:image\" content=\"https:\/\/www.azur-scenic.com\/wp-content\/uploads\/2022\/09\/azur-scenic-danse1_light.jpg\" \/>\n<meta name=\"twitter:card\" content=\"summary_large_image\" \/>\n<meta name=\"twitter:label1\" content=\"Tiempo de lectura\" \/>\n\t<meta name=\"twitter:data1\" content=\"2 minutos\" \/>\n<script type=\"application\/ld+json\" class=\"yoast-schema-graph\">{\"@context\":\"https:\/\/schema.org\",\"@graph\":[{\"@type\":\"WebPage\",\"@id\":\"https:\/\/www.azur-scenic.com\/es\/nosotros\/\",\"url\":\"https:\/\/www.azur-scenic.com\/es\/nosotros\/\",\"name\":\"Nosotros - Azur Scenic\",\"isPartOf\":{\"@id\":\"https:\/\/www.azur-scenic.com\/es\/#website\"},\"primaryImageOfPage\":{\"@id\":\"https:\/\/www.azur-scenic.com\/es\/nosotros\/#primaryimage\"},\"image\":{\"@id\":\"https:\/\/www.azur-scenic.com\/es\/nosotros\/#primaryimage\"},\"thumbnailUrl\":\"https:\/\/www.azur-scenic.com\/wp-content\/uploads\/2022\/09\/azur-scenic-danse1_light.jpg\",\"datePublished\":\"2022-09-27T13:52:27+00:00\",\"dateModified\":\"2023-05-16T15:47:11+00:00\",\"breadcrumb\":{\"@id\":\"https:\/\/www.azur-scenic.com\/es\/nosotros\/#breadcrumb\"},\"inLanguage\":\"es\",\"potentialAction\":[{\"@type\":\"ReadAction\",\"target\":[\"https:\/\/www.azur-scenic.com\/es\/nosotros\/\"]}]},{\"@type\":\"ImageObject\",\"inLanguage\":\"es\",\"@id\":\"https:\/\/www.azur-scenic.com\/es\/nosotros\/#primaryimage\",\"url\":\"https:\/\/www.azur-scenic.com\/wp-content\/uploads\/2022\/09\/azur-scenic-danse1_light.jpg\",\"contentUrl\":\"https:\/\/www.azur-scenic.com\/wp-content\/uploads\/2022\/09\/azur-scenic-danse1_light.jpg\"},{\"@type\":\"BreadcrumbList\",\"@id\":\"https:\/\/www.azur-scenic.com\/es\/nosotros\/#breadcrumb\",\"itemListElement\":[{\"@type\":\"ListItem\",\"position\":1,\"name\":\"Accueil\",\"item\":\"https:\/\/www.azur-scenic.com\/es\/\"},{\"@type\":\"ListItem\",\"position\":2,\"name\":\"Nosotros\"}]},{\"@type\":\"WebSite\",\"@id\":\"https:\/\/www.azur-scenic.com\/es\/#website\",\"url\":\"https:\/\/www.azur-scenic.com\/es\/\",\"name\":\"Azur Scenic\",\"description\":\"Sp\u00e9cialiste de l\u2019\u00e9quipement sc\u00e9nique et de la d\u00e9coration int\u00e9rieure et \u00e9v\u00e9nementielle !\",\"publisher\":{\"@id\":\"https:\/\/www.azur-scenic.com\/es\/#organization\"},\"potentialAction\":[{\"@type\":\"SearchAction\",\"target\":{\"@type\":\"EntryPoint\",\"urlTemplate\":\"https:\/\/www.azur-scenic.com\/es\/?s={search_term_string}\"},\"query-input\":{\"@type\":\"PropertyValueSpecification\",\"valueRequired\":true,\"valueName\":\"search_term_string\"}}],\"inLanguage\":\"es\"},{\"@type\":\"Organization\",\"@id\":\"https:\/\/www.azur-scenic.com\/es\/#organization\",\"name\":\"AZUR SCENIC\",\"url\":\"https:\/\/www.azur-scenic.com\/es\/\",\"logo\":{\"@type\":\"ImageObject\",\"inLanguage\":\"es\",\"@id\":\"https:\/\/www.azur-scenic.com\/es\/#\/schema\/logo\/image\/\",\"url\":\"https:\/\/www.azur-scenic.com\/wp-content\/uploads\/2022\/09\/LOGO-AZUR-SCENIC-Fusion-web-236x64-1.jpg\",\"contentUrl\":\"https:\/\/www.azur-scenic.com\/wp-content\/uploads\/2022\/09\/LOGO-AZUR-SCENIC-Fusion-web-236x64-1.jpg\",\"width\":236,\"height\":64,\"caption\":\"AZUR SCENIC\"},\"image\":{\"@id\":\"https:\/\/www.azur-scenic.com\/es\/#\/schema\/logo\/image\/\"},\"sameAs\":[\"https:\/\/www.youtube.com\/channel\/UCPWM2mGPVUt4nYhNlm71WOA\",\"https:\/\/www.linkedin.com\/company\/33237605\/admin\/feed\/posts\/\"]}]}<\/script>\n<!-- \/ Yoast SEO plugin. -->","yoast_head_json":{"title":"Nosotros - Azur Scenic","robots":{"index":"index","follow":"follow","max-snippet":"max-snippet:-1","max-image-preview":"max-image-preview:large","max-video-preview":"max-video-preview:-1"},"canonical":"https:\/\/www.azur-scenic.com\/es\/nosotros\/","og_locale":"es_ES","og_type":"article","og_title":"Nosotros - Azur Scenic","og_description":"Previous slide Next slide A TU SERVICIO DESDE HACE M\u00c1S DE 30 A\u00d1OS La experiencia, la innovaci\u00f3n, la elecci\u00f3n y la calidad desde 1989&#8230; L\u00edder del mercado franc\u00e9s y actor innegable de tus eventos, Azur Scenic es especialista en equipo esc\u00e9nico\u00a0y\u00a0decoraci\u00f3n de eventos, y cuenta con una amplia gama de\u00a0tejidos ign\u00edfugos,\u00a0ra\u00edles, pantallas\u00a0yaccesorios para escenarios. Siempre [&hellip;]","og_url":"https:\/\/www.azur-scenic.com\/es\/nosotros\/","og_site_name":"Azur Scenic","article_modified_time":"2023-05-16T15:47:11+00:00","og_image":[{"url":"https:\/\/www.azur-scenic.com\/wp-content\/uploads\/2022\/09\/azur-scenic-danse1_light.jpg","type":"","width":"","height":""}],"twitter_card":"summary_large_image","twitter_misc":{"Tiempo de lectura":"2 minutos"},"schema":{"@context":"https:\/\/schema.org","@graph":[{"@type":"WebPage","@id":"https:\/\/www.azur-scenic.com\/es\/nosotros\/","url":"https:\/\/www.azur-scenic.com\/es\/nosotros\/","name":"Nosotros - Azur Scenic","isPartOf":{"@id":"https:\/\/www.azur-scenic.com\/es\/#website"},"primaryImageOfPage":{"@id":"https:\/\/www.azur-scenic.com\/es\/nosotros\/#primaryimage"},"image":{"@id":"https:\/\/www.azur-scenic.com\/es\/nosotros\/#primaryimage"},"thumbnailUrl":"https:\/\/www.azur-scenic.com\/wp-content\/uploads\/2022\/09\/azur-scenic-danse1_light.jpg","datePublished":"2022-09-27T13:52:27+00:00","dateModified":"2023-05-16T15:47:11+00:00","breadcrumb":{"@id":"https:\/\/www.azur-scenic.com\/es\/nosotros\/#breadcrumb"},"inLanguage":"es","potentialAction":[{"@type":"ReadAction","target":["https:\/\/www.azur-scenic.com\/es\/nosotros\/"]}]},{"@type":"ImageObject","inLanguage":"es","@id":"https:\/\/www.azur-scenic.com\/es\/nosotros\/#primaryimage","url":"https:\/\/www.azur-scenic.com\/wp-content\/uploads\/2022\/09\/azur-scenic-danse1_light.jpg","contentUrl":"https:\/\/www.azur-scenic.com\/wp-content\/uploads\/2022\/09\/azur-scenic-danse1_light.jpg"},{"@type":"BreadcrumbList","@id":"https:\/\/www.azur-scenic.com\/es\/nosotros\/#breadcrumb","itemListElement":[{"@type":"ListItem","position":1,"name":"Accueil","item":"https:\/\/www.azur-scenic.com\/es\/"},{"@type":"ListItem","position":2,"name":"Nosotros"}]},{"@type":"WebSite","@id":"https:\/\/www.azur-scenic.com\/es\/#website","url":"https:\/\/www.azur-scenic.com\/es\/","name":"Azur Scenic","description":"Sp\u00e9cialiste de l\u2019\u00e9quipement sc\u00e9nique et de la d\u00e9coration int\u00e9rieure et \u00e9v\u00e9nementielle !","publisher":{"@id":"https:\/\/www.azur-scenic.com\/es\/#organization"},"potentialAction":[{"@type":"SearchAction","target":{"@type":"EntryPoint","urlTemplate":"https:\/\/www.azur-scenic.com\/es\/?s={search_term_string}"},"query-input":{"@type":"PropertyValueSpecification","valueRequired":true,"valueName":"search_term_string"}}],"inLanguage":"es"},{"@type":"Organization","@id":"https:\/\/www.azur-scenic.com\/es\/#organization","name":"AZUR SCENIC","url":"https:\/\/www.azur-scenic.com\/es\/","logo":{"@type":"ImageObject","inLanguage":"es","@id":"https:\/\/www.azur-scenic.com\/es\/#\/schema\/logo\/image\/","url":"https:\/\/www.azur-scenic.com\/wp-content\/uploads\/2022\/09\/LOGO-AZUR-SCENIC-Fusion-web-236x64-1.jpg","contentUrl":"https:\/\/www.azur-scenic.com\/wp-content\/uploads\/2022\/09\/LOGO-AZUR-SCENIC-Fusion-web-236x64-1.jpg","width":236,"height":64,"caption":"AZUR SCENIC"},"image":{"@id":"https:\/\/www.azur-scenic.com\/es\/#\/schema\/logo\/image\/"},"sameAs":["https:\/\/www.youtube.com\/channel\/UCPWM2mGPVUt4nYhNlm71WOA","https:\/\/www.linkedin.com\/company\/33237605\/admin\/feed\/posts\/"]}]}},"_links":{"self":[{"href":"https:\/\/www.azur-scenic.com\/es\/wp-json\/wp\/v2\/pages\/21431","targetHints":{"allow":["GET"]}}],"collection":[{"href":"https:\/\/www.azur-scenic.com\/es\/wp-json\/wp\/v2\/pages"}],"about":[{"href":"https:\/\/www.azur-scenic.com\/es\/wp-json\/wp\/v2\/types\/page"}],"author":[{"embeddable":true,"href":"https:\/\/www.azur-scenic.com\/es\/wp-json\/wp\/v2\/users\/1"}],"replies":[{"embeddable":true,"href":"https:\/\/www.azur-scenic.com\/es\/wp-json\/wp\/v2\/comments?post=21431"}],"version-history":[{"count":5,"href":"https:\/\/www.azur-scenic.com\/es\/wp-json\/wp\/v2\/pages\/21431\/revisions"}],"predecessor-version":[{"id":21973,"href":"https:\/\/www.azur-scenic.com\/es\/wp-json\/wp\/v2\/pages\/21431\/revisions\/21973"}],"wp:attachment":[{"href":"https:\/\/www.azur-scenic.com\/es\/wp-json\/wp\/v2\/media?parent=21431"}],"curies":[{"name":"wp","href":"https:\/\/api.w.org\/{rel}","templated":true}]}}