{"id":17108,"date":"2022-10-14T06:52:24","date_gmt":"2022-10-14T06:52:24","guid":{"rendered":"https:\/\/www.azur-scenic.com\/produit\/velours-seine\/"},"modified":"2023-08-02T13:15:22","modified_gmt":"2023-08-02T13:15:22","slug":"terciopelo-seine","status":"publish","type":"product","link":"https:\/\/www.azur-scenic.com\/es\/producto\/terciopelo-seine\/","title":{"rendered":"Terciopelo Seine"},"content":{"rendered":"<table style=\"width: 40.101%;\">\n<thead>\n<tr>\n<th style=\"width: 31.5217%;\">Datos t\u00e9cnicos<\/th>\n<th style=\"width: 29.3478%;\">Valor<\/th>\n<th style=\"width: 37.3188%;\">Comentarios<\/th>\n<\/tr>\n<\/thead>\n<tbody>\n<tr>\n<td style=\"vertical-align: top; width: 31.5217%;\">Ancho<\/td>\n<td style=\"vertical-align: top; width: 29.3478%;\">\u00b1 140\u00a0cm<\/td>\n<td style=\"vertical-align: top; width: 37.3188%;\">\u00a0<\/td>\n<\/tr>\n<tr>\n<td style=\"vertical-align: top; width: 31.5217%;\">Peso<\/td>\n<td style=\"vertical-align: top; width: 29.3478%;\">\u00b1 500 g\/m\u00b2<\/td>\n<td style=\"vertical-align: top; width: 37.3188%;\">\u00a0<\/td>\n<\/tr>\n<tr>\n<td style=\"vertical-align: top; width: 31.5217%;\">Grosor<\/td>\n<td style=\"vertical-align: top; width: 29.3478%;\">\u00b1 1,8\u00a0mm<\/td>\n<td style=\"vertical-align: top; width: 37.3188%;\">\u00a0<\/td>\n<\/tr>\n<tr>\n<td style=\"vertical-align: top; width: 31.5217%;\">Clasificaci\u00f3n ante el fuego<\/td>\n<td style=\"vertical-align: top; width: 29.3478%;\"><img decoding=\"async\" style=\"height: 20px; width: 20px;\" src=\"https:\/\/www.azur-scenic.com\/wp-content\/uploads\/csm_icon-flag-france_3304e5e3f9.png\" \/> M1<\/td>\n<td style=\"vertical-align: top; width: 37.3188%;\">Norma NF P92-507<\/td>\n<\/tr>\n<tr>\n<td style=\"vertical-align: top; width: 31.5217%;\">Composici\u00f3n<\/td>\n<td style=\"vertical-align: top; width: 66.6666%;\" colspan=\"2\">100 % poli\u00e9ster FR<\/td>\n<\/tr>\n<tr>\n<td style=\"vertical-align: top; width: 31.5217%;\">Longitud del rollo<\/td>\n<td style=\"vertical-align: top; width: 29.3478%;\">\u00b1 30\/35 m<\/td>\n<td style=\"vertical-align: top; width: 37.3188%;\">Piezas no calibradas, el metraje de las piezas puede variar<\/td>\n<\/tr>\n<tr>\n<td style=\"vertical-align: top; width: 31.5217%;\">Presentaci\u00f3n<\/td>\n<td style=\"vertical-align: top; width: 29.3478%;\">Ancho completo enrollado<\/td>\n<td style=\"vertical-align: top; width: 37.3188%;\">\u00a0<\/td>\n<\/tr>\n<tr>\n<td style=\"vertical-align: top; width: 31.5217%;\">Venta al corte<\/td>\n<td style=\"vertical-align: top; width: 29.3478%;\">Color negro: s\u00ed<br \/>\nOtros colores: seg\u00fan existencias<\/td>\n<td style=\"vertical-align: top; width: 37.3188%;\">\u00a0<\/td>\n<\/tr>\n<tr>\n<td style=\"vertical-align: top; width: 31.5217%;\">Resistencia a la abrasi\u00f3n<\/td>\n<td style=\"vertical-align: top; width: 29.3478%;\">> 100.000 ciclos (Martindale)<\/td>\n<td style=\"vertical-align: top; width: 37.3188%;\">Norma: ISO 12947<\/td>\n<\/tr>\n<tr>\n<td style=\"vertical-align: top; width: 31.5217%;\">Resistencia a la rotura<\/td>\n<td style=\"vertical-align: top; width: 29.3478%;\">Urdimbre > 87\u00a0kg<br \/>\nTrama > 65\u00a0kg<\/td>\n<td style=\"vertical-align: top; width: 37.3188%;\">Norma: ISO 13934-1<\/td>\n<\/tr>\n<tr>\n<td style=\"vertical-align: top; width: 31.5217%;\">Alargamiento hasta la rotura<\/td>\n<td style=\"vertical-align: top; width: 29.3478%;\">Urdimbre > 19 %<br \/>\nTrama > 20 %<\/td>\n<td style=\"vertical-align: top; width: 37.3188%;\">Norma: ISO 13934-1<\/td>\n<\/tr>\n<tr>\n<td style=\"vertical-align: top; width: 31.5217%;\">Resistencia al desgarro<\/td>\n<td style=\"vertical-align: top; width: 29.3478%;\">Urdimbre > 20 N<br \/>\nTrama > 20 N<\/td>\n<td style=\"vertical-align: top; width: 37.3188%;\">Norma: ISO 13937-3<\/td>\n<\/tr>\n<tr>\n<td style=\"vertical-align: top; width: 31.5217%;\">Solidez a la luz<\/td>\n<td style=\"vertical-align: top; width: 29.3478%;\">6\/7<\/td>\n<td style=\"vertical-align: top; width: 37.3188%;\">Norma: ISO 105-B02<\/td>\n<\/tr>\n<\/tbody>\n<\/table>\n<p>\u00a0<\/p><\/p>\n","protected":false},"excerpt":{"rendered":"<p>\u00a1El terciopelo que <strong><span style=\"color: #f88523;\">combina<\/span> <\/strong>las <strong><span style=\"color: #f88523;\">ventajas<\/span> <\/strong>del poli\u00e9ster con las del algod\u00f3n!<\/p>\n<p>Este terciopelo es 100\u00a0% poli\u00e9ster FR, con clasificaci\u00f3n <strong><span style=\"color: #f88523;\">ante el fuego M1<\/span><\/strong>, <strong><span style=\"color: #f88523;\">lavable<\/span> <\/strong> y se puede utilizar en <strong><span style=\"color: #f88523;\">exteriores<\/span><\/strong>. \u00a1Por lo tanto, se puede utilizar en lugares abiertos al p\u00fablico, tanto en <strong><span style=\"color: #f88523;\">interiores<\/span> <\/strong>como al aire libre!<\/p>\n<p>El terciopelo Seine tambi\u00e9n es <strong><span style=\"color: #f88523;\">mate<\/span> <\/strong>y <strong><span style=\"color: #f88523;\">tan econ\u00f3mico<\/span> <\/strong>como un terciopelo de algod\u00f3n. \u00a1Podr\u00e1s apreciar sus tonos profundos y opacos, as\u00ed como su <span style=\"color: #f88523;\"><strong>excelente relaci\u00f3n calidad-precio<\/strong><\/span>!<\/p>\n<p>\u00a0<\/p>\n<table class=\"table\" style=\"background: #f7f7f7; width: 36.3895%;\">\n<tbody>\n<tr>\n<td style=\"width: 48.7552%;\"><strong>Ancho<\/strong>: \u00b1 140\u00a0cm<\/td>\n<td style=\"width: 49.5851%;\"><strong>Peso<\/strong>: \u00b1 500 g\/m\u00b2<\/td>\n<\/tr>\n<tr>\n<td style=\"width: 48.7552%;\"><strong>Clasificaci\u00f3n ante el fuego<\/strong>: <img decoding=\"async\" style=\"height: 20px; width: 20px;\" src=\"https:\/\/www.azur-scenic.com\/wp-content\/uploads\/csm_icon-flag-france_3304e5e3f9.png\" \/> M1<\/td>\n<td style=\"width: 49.5851%;\"><strong>Composici\u00f3n<\/strong>: 100 % poli\u00e9ster FR<\/td>\n<\/tr>\n<\/tbody>\n<\/table>\n","protected":false},"featured_media":12671,"template":"","meta":{"_acf_changed":false},"product_brand":[],"product_cat":[939,942,940,941,943,944],"product_tag":[],"class_list":{"0":"post-17108","1":"product","2":"type-product","3":"status-publish","4":"has-post-thumbnail","6":"product_cat-tejidos-escenicos-y-para-eventos","7":"product_cat-oscurecimiento","8":"product_cat-terciopelos","9":"product_cat-terciopelo-de-poliester","10":"product_cat-teatro","11":"product_cat-todos-los-productos","12":"pa_couleurs-002-es","13":"pa_couleurs-003-es","14":"pa_couleurs-200-es","15":"pa_couleurs-290-es","16":"pa_groupes-de-couleurs-negro","17":"pa_textiles-apto-para-uso-en-exteriores","18":"pa_textiles-ignifugo","19":"pa_textiles-lavable","20":"pa_textiles-de-ocultacion-y-o-oscurecimiento","21":"pa_textiles-economico","23":"first","24":"instock","25":"shipping-taxable","26":"purchasable","27":"product-type-variable"},"acf":[],"yoast_head":"<!-- This site is optimized with the Yoast SEO plugin v27.3 - https:\/\/yoast.com\/product\/yoast-seo-wordpress\/ -->\n<title>Terciopelo Seine - Azur Scenic<\/title>\n<meta name=\"description\" content=\"\u00a1El terciopelo que combina las ventajas del poli\u00e9ster con las del algod\u00f3n! Este terciopelo es 100\u00a0% poli\u00e9ster FR, con clasificaci\u00f3n ante el fuego M1, lavable y se puede utilizar en exteriores. \u00a1Por lo tanto, se puede utilizar en lugares abiertos al p\u00fablico, tanto en interiores como al aire libre! El terciopelo Seine tambi\u00e9n es mate y tan econ\u00f3mico como un terciopelo de algod\u00f3n. \u00a1Podr\u00e1s apreciar sus tonos profundos y opacos, as\u00ed como su excelente relaci\u00f3n calidad-precio! \u00a0  Ancho: \u00b1 140\u00a0cm Peso: \u00b1 500 g\/m\u00b2  Clasificaci\u00f3n ante el fuego: M1 Composici\u00f3n: 100 % poli\u00e9ster FR\" \/>\n<meta name=\"robots\" content=\"index, follow, max-snippet:-1, max-image-preview:large, max-video-preview:-1\" \/>\n<link rel=\"canonical\" href=\"https:\/\/www.azur-scenic.com\/es\/producto\/terciopelo-seine\/\" \/>\n<meta property=\"og:locale\" content=\"es_ES\" \/>\n<meta property=\"og:type\" content=\"article\" \/>\n<meta property=\"og:title\" content=\"Terciopelo Seine - Azur Scenic\" \/>\n<meta property=\"og:description\" content=\"\u00a1El terciopelo que combina las ventajas del poli\u00e9ster con las del algod\u00f3n! Este terciopelo es 100\u00a0% poli\u00e9ster FR, con clasificaci\u00f3n ante el fuego M1, lavable y se puede utilizar en exteriores. \u00a1Por lo tanto, se puede utilizar en lugares abiertos al p\u00fablico, tanto en interiores como al aire libre! El terciopelo Seine tambi\u00e9n es mate y tan econ\u00f3mico como un terciopelo de algod\u00f3n. \u00a1Podr\u00e1s apreciar sus tonos profundos y opacos, as\u00ed como su excelente relaci\u00f3n calidad-precio! \u00a0  Ancho: \u00b1 140\u00a0cm Peso: \u00b1 500 g\/m\u00b2  Clasificaci\u00f3n ante el fuego: M1 Composici\u00f3n: 100 % poli\u00e9ster FR\" \/>\n<meta property=\"og:url\" content=\"https:\/\/www.azur-scenic.com\/es\/producto\/terciopelo-seine\/\" \/>\n<meta property=\"og:site_name\" content=\"Azur Scenic\" \/>\n<meta property=\"article:modified_time\" content=\"2023-08-02T13:15:22+00:00\" \/>\n<meta property=\"og:image\" content=\"https:\/\/www.azur-scenic.com\/wp-content\/uploads\/Velours-Seine.jpg\" \/>\n\t<meta property=\"og:image:width\" content=\"1500\" \/>\n\t<meta property=\"og:image:height\" content=\"1500\" \/>\n\t<meta property=\"og:image:type\" content=\"image\/jpeg\" \/>\n<meta name=\"twitter:card\" content=\"summary_large_image\" \/>\n<meta name=\"twitter:label1\" content=\"Tiempo de lectura\" \/>\n\t<meta name=\"twitter:data1\" content=\"1 minuto\" \/>\n<script type=\"application\/ld+json\" class=\"yoast-schema-graph\">{\"@context\":\"https:\\\/\\\/schema.org\",\"@graph\":[{\"@type\":\"WebPage\",\"@id\":\"https:\\\/\\\/www.azur-scenic.com\\\/es\\\/producto\\\/terciopelo-seine\\\/\",\"url\":\"https:\\\/\\\/www.azur-scenic.com\\\/es\\\/producto\\\/terciopelo-seine\\\/\",\"name\":\"Terciopelo Seine - Azur Scenic\",\"isPartOf\":{\"@id\":\"https:\\\/\\\/www.azur-scenic.com\\\/es\\\/#website\"},\"primaryImageOfPage\":{\"@id\":\"https:\\\/\\\/www.azur-scenic.com\\\/es\\\/producto\\\/terciopelo-seine\\\/#primaryimage\"},\"image\":{\"@id\":\"https:\\\/\\\/www.azur-scenic.com\\\/es\\\/producto\\\/terciopelo-seine\\\/#primaryimage\"},\"thumbnailUrl\":\"https:\\\/\\\/www.azur-scenic.com\\\/wp-content\\\/uploads\\\/Velours-Seine.jpg\",\"datePublished\":\"2022-10-14T06:52:24+00:00\",\"dateModified\":\"2023-08-02T13:15:22+00:00\",\"description\":\"\u00a1El terciopelo que combina las ventajas del poli\u00e9ster con las del algod\u00f3n! Este terciopelo es 100\u00a0% poli\u00e9ster FR, con clasificaci\u00f3n ante el fuego M1, lavable y se puede utilizar en exteriores. \u00a1Por lo tanto, se puede utilizar en lugares abiertos al p\u00fablico, tanto en interiores como al aire libre! El terciopelo Seine tambi\u00e9n es mate y tan econ\u00f3mico como un terciopelo de algod\u00f3n. \u00a1Podr\u00e1s apreciar sus tonos profundos y opacos, as\u00ed como su excelente relaci\u00f3n calidad-precio! \u00a0 Ancho: \u00b1 140\u00a0cm Peso: \u00b1 500 g\\\/m\u00b2 Clasificaci\u00f3n ante el fuego: M1 Composici\u00f3n: 100 % poli\u00e9ster FR\",\"breadcrumb\":{\"@id\":\"https:\\\/\\\/www.azur-scenic.com\\\/es\\\/producto\\\/terciopelo-seine\\\/#breadcrumb\"},\"inLanguage\":\"es\",\"potentialAction\":[{\"@type\":\"ReadAction\",\"target\":[\"https:\\\/\\\/www.azur-scenic.com\\\/es\\\/producto\\\/terciopelo-seine\\\/\"]}]},{\"@type\":\"ImageObject\",\"inLanguage\":\"es\",\"@id\":\"https:\\\/\\\/www.azur-scenic.com\\\/es\\\/producto\\\/terciopelo-seine\\\/#primaryimage\",\"url\":\"https:\\\/\\\/www.azur-scenic.com\\\/wp-content\\\/uploads\\\/Velours-Seine.jpg\",\"contentUrl\":\"https:\\\/\\\/www.azur-scenic.com\\\/wp-content\\\/uploads\\\/Velours-Seine.jpg\",\"width\":1500,\"height\":1500,\"caption\":\"Velours Seine Azur Scenic coloris noir\"},{\"@type\":\"BreadcrumbList\",\"@id\":\"https:\\\/\\\/www.azur-scenic.com\\\/es\\\/producto\\\/terciopelo-seine\\\/#breadcrumb\",\"itemListElement\":[{\"@type\":\"ListItem\",\"position\":1,\"name\":\"Accueil\",\"item\":\"https:\\\/\\\/www.azur-scenic.com\\\/es\\\/\"},{\"@type\":\"ListItem\",\"position\":2,\"name\":\"Productos\",\"item\":\"https:\\\/\\\/www.azur-scenic.com\\\/es\\\/?page_id=21440\"},{\"@type\":\"ListItem\",\"position\":3,\"name\":\"Terciopelo Seine\"}]},{\"@type\":\"WebSite\",\"@id\":\"https:\\\/\\\/www.azur-scenic.com\\\/es\\\/#website\",\"url\":\"https:\\\/\\\/www.azur-scenic.com\\\/es\\\/\",\"name\":\"Azur Scenic\",\"description\":\"Sp\u00e9cialiste de l\u2019\u00e9quipement sc\u00e9nique et de la d\u00e9coration int\u00e9rieure et \u00e9v\u00e9nementielle !\",\"publisher\":{\"@id\":\"https:\\\/\\\/www.azur-scenic.com\\\/es\\\/#organization\"},\"potentialAction\":[{\"@type\":\"SearchAction\",\"target\":{\"@type\":\"EntryPoint\",\"urlTemplate\":\"https:\\\/\\\/www.azur-scenic.com\\\/es\\\/?s={search_term_string}\"},\"query-input\":{\"@type\":\"PropertyValueSpecification\",\"valueRequired\":true,\"valueName\":\"search_term_string\"}}],\"inLanguage\":\"es\"},{\"@type\":\"Organization\",\"@id\":\"https:\\\/\\\/www.azur-scenic.com\\\/es\\\/#organization\",\"name\":\"AZUR SCENIC\",\"url\":\"https:\\\/\\\/www.azur-scenic.com\\\/es\\\/\",\"logo\":{\"@type\":\"ImageObject\",\"inLanguage\":\"es\",\"@id\":\"https:\\\/\\\/www.azur-scenic.com\\\/es\\\/#\\\/schema\\\/logo\\\/image\\\/\",\"url\":\"https:\\\/\\\/www.azur-scenic.com\\\/wp-content\\\/uploads\\\/2022\\\/09\\\/LOGO-AZUR-SCENIC-Fusion-web-236x64-1.jpg\",\"contentUrl\":\"https:\\\/\\\/www.azur-scenic.com\\\/wp-content\\\/uploads\\\/2022\\\/09\\\/LOGO-AZUR-SCENIC-Fusion-web-236x64-1.jpg\",\"width\":236,\"height\":64,\"caption\":\"AZUR SCENIC\"},\"image\":{\"@id\":\"https:\\\/\\\/www.azur-scenic.com\\\/es\\\/#\\\/schema\\\/logo\\\/image\\\/\"},\"sameAs\":[\"https:\\\/\\\/www.youtube.com\\\/channel\\\/UCPWM2mGPVUt4nYhNlm71WOA\",\"https:\\\/\\\/www.linkedin.com\\\/company\\\/33237605\\\/admin\\\/feed\\\/posts\\\/\"]}]}<\/script>\n<!-- \/ Yoast SEO plugin. -->","yoast_head_json":{"title":"Terciopelo Seine - Azur Scenic","description":"\u00a1El terciopelo que combina las ventajas del poli\u00e9ster con las del algod\u00f3n! Este terciopelo es 100\u00a0% poli\u00e9ster FR, con clasificaci\u00f3n ante el fuego M1, lavable y se puede utilizar en exteriores. \u00a1Por lo tanto, se puede utilizar en lugares abiertos al p\u00fablico, tanto en interiores como al aire libre! El terciopelo Seine tambi\u00e9n es mate y tan econ\u00f3mico como un terciopelo de algod\u00f3n. \u00a1Podr\u00e1s apreciar sus tonos profundos y opacos, as\u00ed como su excelente relaci\u00f3n calidad-precio! \u00a0  Ancho: \u00b1 140\u00a0cm Peso: \u00b1 500 g\/m\u00b2  Clasificaci\u00f3n ante el fuego: M1 Composici\u00f3n: 100 % poli\u00e9ster FR","robots":{"index":"index","follow":"follow","max-snippet":"max-snippet:-1","max-image-preview":"max-image-preview:large","max-video-preview":"max-video-preview:-1"},"canonical":"https:\/\/www.azur-scenic.com\/es\/producto\/terciopelo-seine\/","og_locale":"es_ES","og_type":"article","og_title":"Terciopelo Seine - Azur Scenic","og_description":"\u00a1El terciopelo que combina las ventajas del poli\u00e9ster con las del algod\u00f3n! Este terciopelo es 100\u00a0% poli\u00e9ster FR, con clasificaci\u00f3n ante el fuego M1, lavable y se puede utilizar en exteriores. \u00a1Por lo tanto, se puede utilizar en lugares abiertos al p\u00fablico, tanto en interiores como al aire libre! El terciopelo Seine tambi\u00e9n es mate y tan econ\u00f3mico como un terciopelo de algod\u00f3n. \u00a1Podr\u00e1s apreciar sus tonos profundos y opacos, as\u00ed como su excelente relaci\u00f3n calidad-precio! \u00a0  Ancho: \u00b1 140\u00a0cm Peso: \u00b1 500 g\/m\u00b2  Clasificaci\u00f3n ante el fuego: M1 Composici\u00f3n: 100 % poli\u00e9ster FR","og_url":"https:\/\/www.azur-scenic.com\/es\/producto\/terciopelo-seine\/","og_site_name":"Azur Scenic","article_modified_time":"2023-08-02T13:15:22+00:00","og_image":[{"width":1500,"height":1500,"url":"https:\/\/www.azur-scenic.com\/wp-content\/uploads\/Velours-Seine.jpg","type":"image\/jpeg"}],"twitter_card":"summary_large_image","twitter_misc":{"Tiempo de lectura":"1 minuto"},"schema":{"@context":"https:\/\/schema.org","@graph":[{"@type":"WebPage","@id":"https:\/\/www.azur-scenic.com\/es\/producto\/terciopelo-seine\/","url":"https:\/\/www.azur-scenic.com\/es\/producto\/terciopelo-seine\/","name":"Terciopelo Seine - Azur Scenic","isPartOf":{"@id":"https:\/\/www.azur-scenic.com\/es\/#website"},"primaryImageOfPage":{"@id":"https:\/\/www.azur-scenic.com\/es\/producto\/terciopelo-seine\/#primaryimage"},"image":{"@id":"https:\/\/www.azur-scenic.com\/es\/producto\/terciopelo-seine\/#primaryimage"},"thumbnailUrl":"https:\/\/www.azur-scenic.com\/wp-content\/uploads\/Velours-Seine.jpg","datePublished":"2022-10-14T06:52:24+00:00","dateModified":"2023-08-02T13:15:22+00:00","description":"\u00a1El terciopelo que combina las ventajas del poli\u00e9ster con las del algod\u00f3n! Este terciopelo es 100\u00a0% poli\u00e9ster FR, con clasificaci\u00f3n ante el fuego M1, lavable y se puede utilizar en exteriores. \u00a1Por lo tanto, se puede utilizar en lugares abiertos al p\u00fablico, tanto en interiores como al aire libre! El terciopelo Seine tambi\u00e9n es mate y tan econ\u00f3mico como un terciopelo de algod\u00f3n. \u00a1Podr\u00e1s apreciar sus tonos profundos y opacos, as\u00ed como su excelente relaci\u00f3n calidad-precio! \u00a0 Ancho: \u00b1 140\u00a0cm Peso: \u00b1 500 g\/m\u00b2 Clasificaci\u00f3n ante el fuego: M1 Composici\u00f3n: 100 % poli\u00e9ster FR","breadcrumb":{"@id":"https:\/\/www.azur-scenic.com\/es\/producto\/terciopelo-seine\/#breadcrumb"},"inLanguage":"es","potentialAction":[{"@type":"ReadAction","target":["https:\/\/www.azur-scenic.com\/es\/producto\/terciopelo-seine\/"]}]},{"@type":"ImageObject","inLanguage":"es","@id":"https:\/\/www.azur-scenic.com\/es\/producto\/terciopelo-seine\/#primaryimage","url":"https:\/\/www.azur-scenic.com\/wp-content\/uploads\/Velours-Seine.jpg","contentUrl":"https:\/\/www.azur-scenic.com\/wp-content\/uploads\/Velours-Seine.jpg","width":1500,"height":1500,"caption":"Velours Seine Azur Scenic coloris noir"},{"@type":"BreadcrumbList","@id":"https:\/\/www.azur-scenic.com\/es\/producto\/terciopelo-seine\/#breadcrumb","itemListElement":[{"@type":"ListItem","position":1,"name":"Accueil","item":"https:\/\/www.azur-scenic.com\/es\/"},{"@type":"ListItem","position":2,"name":"Productos","item":"https:\/\/www.azur-scenic.com\/es\/?page_id=21440"},{"@type":"ListItem","position":3,"name":"Terciopelo Seine"}]},{"@type":"WebSite","@id":"https:\/\/www.azur-scenic.com\/es\/#website","url":"https:\/\/www.azur-scenic.com\/es\/","name":"Azur Scenic","description":"Sp\u00e9cialiste de l\u2019\u00e9quipement sc\u00e9nique et de la d\u00e9coration int\u00e9rieure et \u00e9v\u00e9nementielle !","publisher":{"@id":"https:\/\/www.azur-scenic.com\/es\/#organization"},"potentialAction":[{"@type":"SearchAction","target":{"@type":"EntryPoint","urlTemplate":"https:\/\/www.azur-scenic.com\/es\/?s={search_term_string}"},"query-input":{"@type":"PropertyValueSpecification","valueRequired":true,"valueName":"search_term_string"}}],"inLanguage":"es"},{"@type":"Organization","@id":"https:\/\/www.azur-scenic.com\/es\/#organization","name":"AZUR SCENIC","url":"https:\/\/www.azur-scenic.com\/es\/","logo":{"@type":"ImageObject","inLanguage":"es","@id":"https:\/\/www.azur-scenic.com\/es\/#\/schema\/logo\/image\/","url":"https:\/\/www.azur-scenic.com\/wp-content\/uploads\/2022\/09\/LOGO-AZUR-SCENIC-Fusion-web-236x64-1.jpg","contentUrl":"https:\/\/www.azur-scenic.com\/wp-content\/uploads\/2022\/09\/LOGO-AZUR-SCENIC-Fusion-web-236x64-1.jpg","width":236,"height":64,"caption":"AZUR SCENIC"},"image":{"@id":"https:\/\/www.azur-scenic.com\/es\/#\/schema\/logo\/image\/"},"sameAs":["https:\/\/www.youtube.com\/channel\/UCPWM2mGPVUt4nYhNlm71WOA","https:\/\/www.linkedin.com\/company\/33237605\/admin\/feed\/posts\/"]}]}},"_links":{"self":[{"href":"https:\/\/www.azur-scenic.com\/es\/wp-json\/wp\/v2\/product\/17108","targetHints":{"allow":["GET"]}}],"collection":[{"href":"https:\/\/www.azur-scenic.com\/es\/wp-json\/wp\/v2\/product"}],"about":[{"href":"https:\/\/www.azur-scenic.com\/es\/wp-json\/wp\/v2\/types\/product"}],"wp:featuredmedia":[{"embeddable":true,"href":"https:\/\/www.azur-scenic.com\/es\/wp-json\/wp\/v2\/media\/12671"}],"wp:attachment":[{"href":"https:\/\/www.azur-scenic.com\/es\/wp-json\/wp\/v2\/media?parent=17108"}],"wp:term":[{"taxonomy":"product_brand","embeddable":true,"href":"https:\/\/www.azur-scenic.com\/es\/wp-json\/wp\/v2\/product_brand?post=17108"},{"taxonomy":"product_cat","embeddable":true,"href":"https:\/\/www.azur-scenic.com\/es\/wp-json\/wp\/v2\/product_cat?post=17108"},{"taxonomy":"product_tag","embeddable":true,"href":"https:\/\/www.azur-scenic.com\/es\/wp-json\/wp\/v2\/product_tag?post=17108"}],"curies":[{"name":"wp","href":"https:\/\/api.w.org\/{rel}","templated":true}]}}