{"id":17135,"date":"2022-10-04T07:28:50","date_gmt":"2022-10-04T07:28:50","guid":{"rendered":"https:\/\/www.azur-scenic.com\/produit\/serge-absorber-co\/"},"modified":"2024-06-24T06:56:30","modified_gmt":"2024-06-24T06:56:30","slug":"sarga-absorber-co","status":"publish","type":"product","link":"https:\/\/www.azur-scenic.com\/es\/producto\/sarga-absorber-co\/","title":{"rendered":"Sarga Absorber CO"},"content":{"rendered":"<table>\n<thead>\n<tr>\n<th style=\"height: 15px; width: 193px;\">Datos t\u00e9cnicos<\/th>\n<th style=\"height: 15px; width: 137px;\">Valor<\/th>\n<th style=\"height: 15px; width: 198px;\">Comentarios<\/th>\n<\/tr>\n<\/thead>\n<tbody>\n<tr>\n<td style=\"height: 15px; vertical-align: top; width: 193px;\">Ancho<\/td>\n<td style=\"height: 15px; vertical-align: top; width: 137px;\">300\u00a0cm<\/td>\n<td style=\"height: 15px; vertical-align: top; width: 198px;\">\u00a0<\/td>\n<\/tr>\n<tr>\n<td style=\"height: 15px; vertical-align: top; width: 193px;\">Peso<\/td>\n<td style=\"height: 15px; vertical-align: top; width: 137px;\">500 g\/m\u00b2<\/td>\n<td style=\"height: 15px; vertical-align: top; width: 198px;\">\u00a0<\/td>\n<\/tr>\n<tr>\n<td style=\"height: 15px; vertical-align: top; width: 193px;\">Grosor<\/td>\n<td style=\"height: 15px; vertical-align: top; width: 137px;\">1,7\u00a0mm<\/td>\n<td style=\"height: 15px; vertical-align: top; width: 198px;\">\u00a0<\/td>\n<\/tr>\n<tr>\n<td style=\"height: 43px; vertical-align: top; width: 193px;\">Clasificaci\u00f3n ante el fuego<\/td>\n<td style=\"height: 43px; vertical-align: top; width: 137px;\"><img decoding=\"async\" style=\"height: 20px; width: 20px;\" src=\"https:\/\/www.azur-scenic.com\/wp-content\/uploads\/icon-flag-france.png\" \/>M1<br \/>\n<img decoding=\"async\" style=\"height: 20px; width: 20px;\" src=\"https:\/\/www.azur-scenic.com\/wp-content\/uploads\/icon-flag-allemagne.png\" \/>B1<\/td>\n<td style=\"height: 43px; vertical-align: top; width: 198px;\">Norma: DIN 4102-1<\/td>\n<\/tr>\n<tr>\n<td style=\"height: 15px; vertical-align: top; width: 193px;\">Composici\u00f3n<\/td>\n<td style=\"height: 15px; vertical-align: top; width: 137px;\">80\u00a0% algod\u00f3n<br \/>\n20\u00a0% viscosa<\/td>\n<td style=\"height: 15px; vertical-align: top; width: 198px;\">\u00a0<\/td>\n<\/tr>\n<tr>\n<td style=\"height: 15px; vertical-align: top; width: 193px;\">Longitud de las piezas<\/td>\n<td style=\"height: 15px; vertical-align: top; width: 137px;\">40 m (pacas)<\/td>\n<td style=\"height: 15px; vertical-align: top; width: 198px;\">Posibilidad de venta al corte<\/td>\n<\/tr>\n<tr>\n<td style=\"height: 76.3333px; vertical-align: top; width: 193px;\">Propiedades ac\u00fasticas<br \/>\nWSAC<br \/>\nSAC<\/td>\n<td style=\"height: 76.3333px; vertical-align: top; width: 137px;\">0,85 \u03b1w<br \/>\n<span style=\"font-size: 13px;\">B (absorci\u00f3n intensa)<\/span><\/td>\n<td style=\"height: 76.3333px; vertical-align: top; width: 198px;\">Normas:<br \/>\nISO 354 &#8211; ISO 11654 &#8211; ASTM C423<\/td>\n<\/tr>\n<\/tbody>\n<\/table>\n<p>&nbsp;<\/p>\n","protected":false},"excerpt":{"rendered":"<p>Este tejido de <strong><span style=\"color: #f88523;\">notable absorci\u00f3n ac\u00fastica<\/span><\/strong><strong>,\u00a0<\/strong>con clasificaci\u00f3n <strong><span style=\"color: #f88523;\">M1<\/span>, <\/strong>es ideal para la confecci\u00f3n de <strong><span style=\"color: #f88523;\">cortinas ac\u00fasticas altamente absorbentes<\/span>.<\/strong><\/p>\n<p>Compuesto por 20\u00a0% de viscosa y 80\u00a0% de algod\u00f3n, este mulet\u00f3n grueso con aspecto afelpado de los dos lados imita perfectamente la <strong><span style=\"color: #f88523;\">apariencia de una sarga de lana<\/span><\/strong><strong>\u00a0<\/strong>de color\u00a0<strong><span style=\"color: #f88523;\">negro intenso<\/span>.<\/strong><\/p>\n<p>Totalmente <strong><span style=\"color: #f88523;\">opaca<\/span><\/strong>, la sarga Absorber CO se puede utilizar para la confecci\u00f3n de <strong><span style=\"color: #f88523;\">telones para escenarios<\/span>, <\/strong><strong><span style=\"color: #f88523;\">cajas negras<\/span>, <\/strong><strong><span style=\"color: #f88523;\">cortinas divisorias,<\/span><\/strong> forros o incluso se puede tensar en <strong><span style=\"color: #f88523;\">revestimientos de paredes<\/span>.<\/strong><\/p>\n<table class=\"table\" style=\"background: #f7f7f7;\">\n<tbody>\n<tr>\n<td><strong>Ancho<\/strong>: 300\u00a0cm<\/td>\n<td><strong>Peso<\/strong>: 500 g\/m\u00b2<\/td>\n<\/tr>\n<tr>\n<td>\n<p><strong>Clasificaci\u00f3n ante el fuego<\/strong>:<\/p>\n<p><img decoding=\"async\" style=\"height: 20px; width: 20px;\" src=\"https:\/\/www.azur-scenic.com\/wp-content\/uploads\/icon-flag-france.png\" \/> M1 <img decoding=\"async\" style=\"height: 20px; width: 20px;\" src=\"https:\/\/www.azur-scenic.com\/wp-content\/uploads\/icon-flag-allemagne.png\" \/> B1<\/p>\n<\/td>\n<td style=\"vertical-align: top;\"><strong>Composici\u00f3n<\/strong>: 80 % algod\u00f3n &#8211; 20 % viscosa<\/td>\n<\/tr>\n<\/tbody>\n<\/table>\n","protected":false},"featured_media":14951,"template":"","meta":{"_acf_changed":false},"product_brand":[],"product_cat":[974,975,939,942,976,977,944],"product_tag":[],"class_list":{"0":"post-17135","1":"product","2":"type-product","3":"status-publish","4":"has-post-thumbnail","6":"product_cat-soluciones-acusticas","7":"product_cat-absorcion-acustica","8":"product_cat-tejidos-escenicos-y-para-eventos","9":"product_cat-oscurecimiento","10":"product_cat-tejidos-decorativos","11":"product_cat-telas-y-tejidos-peinados","12":"product_cat-todos-los-productos","13":"pa_couleurs-003-es","14":"pa_groupes-de-couleurs-negro","15":"pa_textiles-absorbente-acustico","16":"pa_textiles-apto-para-uso-en-exteriores","17":"pa_textiles-ignifugo","18":"pa_textiles-lavable","19":"pa_textiles-de-ocultacion-y-o-oscurecimiento","21":"first","22":"instock","23":"shipping-taxable","24":"purchasable","25":"product-type-simple"},"acf":[],"yoast_head":"<!-- This site is optimized with the Yoast SEO plugin v27.3 - https:\/\/yoast.com\/product\/yoast-seo-wordpress\/ -->\n<title>Sarga Absorber CO - Azur Scenic<\/title>\n<meta name=\"description\" content=\"Este tejido de notable absorci\u00f3n ac\u00fastica,\u00a0con clasificaci\u00f3n M1, es ideal para la confecci\u00f3n de cortinas ac\u00fasticas altamente absorbentes.Compuesto por 20\u00a0% de viscosa y 80\u00a0% de algod\u00f3n, este mulet\u00f3n grueso con aspecto afelpado de los dos lados imita perfectamente la apariencia de una sarga de lana\u00a0de color\u00a0negro intenso.Totalmente opaca, la sarga Absorber CO se puede utilizar para la confecci\u00f3n de telones para escenarios, cajas negras, cortinas divisorias, forros o incluso se puede tensar en revestimientos de paredes.Ancho: 300\u00a0cmPeso: 500 g\/m\u00b2Clasificaci\u00f3n ante el fuego: M1 B1Composici\u00f3n: 80\u00a0% algod\u00f3n - 40\u00a0% viscosa\" \/>\n<meta name=\"robots\" content=\"index, follow, max-snippet:-1, max-image-preview:large, max-video-preview:-1\" \/>\n<link rel=\"canonical\" href=\"https:\/\/www.azur-scenic.com\/es\/producto\/sarga-absorber-co\/\" \/>\n<meta property=\"og:locale\" content=\"es_ES\" \/>\n<meta property=\"og:type\" content=\"article\" \/>\n<meta property=\"og:title\" content=\"Sarga Absorber CO - Azur Scenic\" \/>\n<meta property=\"og:description\" content=\"Este tejido de notable absorci\u00f3n ac\u00fastica,\u00a0con clasificaci\u00f3n M1, es ideal para la confecci\u00f3n de cortinas ac\u00fasticas altamente absorbentes.Compuesto por 20\u00a0% de viscosa y 80\u00a0% de algod\u00f3n, este mulet\u00f3n grueso con aspecto afelpado de los dos lados imita perfectamente la apariencia de una sarga de lana\u00a0de color\u00a0negro intenso.Totalmente opaca, la sarga Absorber CO se puede utilizar para la confecci\u00f3n de telones para escenarios, cajas negras, cortinas divisorias, forros o incluso se puede tensar en revestimientos de paredes.Ancho: 300\u00a0cmPeso: 500 g\/m\u00b2Clasificaci\u00f3n ante el fuego: M1 B1Composici\u00f3n: 80\u00a0% algod\u00f3n - 40\u00a0% viscosa\" \/>\n<meta property=\"og:url\" content=\"https:\/\/www.azur-scenic.com\/es\/producto\/sarga-absorber-co\/\" \/>\n<meta property=\"og:site_name\" content=\"Azur Scenic\" \/>\n<meta property=\"article:modified_time\" content=\"2024-06-24T06:56:30+00:00\" \/>\n<meta property=\"og:image\" content=\"https:\/\/www.azur-scenic.com\/wp-content\/uploads\/SERGE-ABSORBER-CO-scaled.jpg\" \/>\n\t<meta property=\"og:image:width\" content=\"2560\" \/>\n\t<meta property=\"og:image:height\" content=\"2560\" \/>\n\t<meta property=\"og:image:type\" content=\"image\/jpeg\" \/>\n<meta name=\"twitter:card\" content=\"summary_large_image\" \/>\n<meta name=\"twitter:label1\" content=\"Tiempo de lectura\" \/>\n\t<meta name=\"twitter:data1\" content=\"1 minuto\" \/>\n<script type=\"application\/ld+json\" class=\"yoast-schema-graph\">{\"@context\":\"https:\\\/\\\/schema.org\",\"@graph\":[{\"@type\":\"WebPage\",\"@id\":\"https:\\\/\\\/www.azur-scenic.com\\\/es\\\/producto\\\/sarga-absorber-co\\\/\",\"url\":\"https:\\\/\\\/www.azur-scenic.com\\\/es\\\/producto\\\/sarga-absorber-co\\\/\",\"name\":\"Sarga Absorber CO - Azur Scenic\",\"isPartOf\":{\"@id\":\"https:\\\/\\\/www.azur-scenic.com\\\/es\\\/#website\"},\"primaryImageOfPage\":{\"@id\":\"https:\\\/\\\/www.azur-scenic.com\\\/es\\\/producto\\\/sarga-absorber-co\\\/#primaryimage\"},\"image\":{\"@id\":\"https:\\\/\\\/www.azur-scenic.com\\\/es\\\/producto\\\/sarga-absorber-co\\\/#primaryimage\"},\"thumbnailUrl\":\"https:\\\/\\\/www.azur-scenic.com\\\/wp-content\\\/uploads\\\/SERGE-ABSORBER-CO-scaled.jpg\",\"datePublished\":\"2022-10-04T07:28:50+00:00\",\"dateModified\":\"2024-06-24T06:56:30+00:00\",\"description\":\"Este tejido de notable absorci\u00f3n ac\u00fastica,\u00a0con clasificaci\u00f3n M1, es ideal para la confecci\u00f3n de cortinas ac\u00fasticas altamente absorbentes.Compuesto por 20\u00a0% de viscosa y 80\u00a0% de algod\u00f3n, este mulet\u00f3n grueso con aspecto afelpado de los dos lados imita perfectamente la apariencia de una sarga de lana\u00a0de color\u00a0negro intenso.Totalmente opaca, la sarga Absorber CO se puede utilizar para la confecci\u00f3n de telones para escenarios, cajas negras, cortinas divisorias, forros o incluso se puede tensar en revestimientos de paredes.Ancho: 300\u00a0cmPeso: 500 g\\\/m\u00b2Clasificaci\u00f3n ante el fuego: M1 B1Composici\u00f3n: 80\u00a0% algod\u00f3n - 40\u00a0% viscosa\",\"breadcrumb\":{\"@id\":\"https:\\\/\\\/www.azur-scenic.com\\\/es\\\/producto\\\/sarga-absorber-co\\\/#breadcrumb\"},\"inLanguage\":\"es\",\"potentialAction\":[{\"@type\":\"ReadAction\",\"target\":[\"https:\\\/\\\/www.azur-scenic.com\\\/es\\\/producto\\\/sarga-absorber-co\\\/\"]}]},{\"@type\":\"ImageObject\",\"inLanguage\":\"es\",\"@id\":\"https:\\\/\\\/www.azur-scenic.com\\\/es\\\/producto\\\/sarga-absorber-co\\\/#primaryimage\",\"url\":\"https:\\\/\\\/www.azur-scenic.com\\\/wp-content\\\/uploads\\\/SERGE-ABSORBER-CO-scaled.jpg\",\"contentUrl\":\"https:\\\/\\\/www.azur-scenic.com\\\/wp-content\\\/uploads\\\/SERGE-ABSORBER-CO-scaled.jpg\",\"width\":2560,\"height\":2560,\"caption\":\"SERGE ABSORBER CO\"},{\"@type\":\"BreadcrumbList\",\"@id\":\"https:\\\/\\\/www.azur-scenic.com\\\/es\\\/producto\\\/sarga-absorber-co\\\/#breadcrumb\",\"itemListElement\":[{\"@type\":\"ListItem\",\"position\":1,\"name\":\"Accueil\",\"item\":\"https:\\\/\\\/www.azur-scenic.com\\\/es\\\/\"},{\"@type\":\"ListItem\",\"position\":2,\"name\":\"Productos\",\"item\":\"https:\\\/\\\/www.azur-scenic.com\\\/es\\\/?page_id=21440\"},{\"@type\":\"ListItem\",\"position\":3,\"name\":\"Sarga Absorber CO\"}]},{\"@type\":\"WebSite\",\"@id\":\"https:\\\/\\\/www.azur-scenic.com\\\/es\\\/#website\",\"url\":\"https:\\\/\\\/www.azur-scenic.com\\\/es\\\/\",\"name\":\"Azur Scenic\",\"description\":\"Sp\u00e9cialiste de l\u2019\u00e9quipement sc\u00e9nique et de la d\u00e9coration int\u00e9rieure et \u00e9v\u00e9nementielle !\",\"publisher\":{\"@id\":\"https:\\\/\\\/www.azur-scenic.com\\\/es\\\/#organization\"},\"potentialAction\":[{\"@type\":\"SearchAction\",\"target\":{\"@type\":\"EntryPoint\",\"urlTemplate\":\"https:\\\/\\\/www.azur-scenic.com\\\/es\\\/?s={search_term_string}\"},\"query-input\":{\"@type\":\"PropertyValueSpecification\",\"valueRequired\":true,\"valueName\":\"search_term_string\"}}],\"inLanguage\":\"es\"},{\"@type\":\"Organization\",\"@id\":\"https:\\\/\\\/www.azur-scenic.com\\\/es\\\/#organization\",\"name\":\"AZUR SCENIC\",\"url\":\"https:\\\/\\\/www.azur-scenic.com\\\/es\\\/\",\"logo\":{\"@type\":\"ImageObject\",\"inLanguage\":\"es\",\"@id\":\"https:\\\/\\\/www.azur-scenic.com\\\/es\\\/#\\\/schema\\\/logo\\\/image\\\/\",\"url\":\"https:\\\/\\\/www.azur-scenic.com\\\/wp-content\\\/uploads\\\/2022\\\/09\\\/LOGO-AZUR-SCENIC-Fusion-web-236x64-1.jpg\",\"contentUrl\":\"https:\\\/\\\/www.azur-scenic.com\\\/wp-content\\\/uploads\\\/2022\\\/09\\\/LOGO-AZUR-SCENIC-Fusion-web-236x64-1.jpg\",\"width\":236,\"height\":64,\"caption\":\"AZUR SCENIC\"},\"image\":{\"@id\":\"https:\\\/\\\/www.azur-scenic.com\\\/es\\\/#\\\/schema\\\/logo\\\/image\\\/\"},\"sameAs\":[\"https:\\\/\\\/www.youtube.com\\\/channel\\\/UCPWM2mGPVUt4nYhNlm71WOA\",\"https:\\\/\\\/www.linkedin.com\\\/company\\\/33237605\\\/admin\\\/feed\\\/posts\\\/\"]}]}<\/script>\n<!-- \/ Yoast SEO plugin. -->","yoast_head_json":{"title":"Sarga Absorber CO - Azur Scenic","description":"Este tejido de notable absorci\u00f3n ac\u00fastica,\u00a0con clasificaci\u00f3n M1, es ideal para la confecci\u00f3n de cortinas ac\u00fasticas altamente absorbentes.Compuesto por 20\u00a0% de viscosa y 80\u00a0% de algod\u00f3n, este mulet\u00f3n grueso con aspecto afelpado de los dos lados imita perfectamente la apariencia de una sarga de lana\u00a0de color\u00a0negro intenso.Totalmente opaca, la sarga Absorber CO se puede utilizar para la confecci\u00f3n de telones para escenarios, cajas negras, cortinas divisorias, forros o incluso se puede tensar en revestimientos de paredes.Ancho: 300\u00a0cmPeso: 500 g\/m\u00b2Clasificaci\u00f3n ante el fuego: M1 B1Composici\u00f3n: 80\u00a0% algod\u00f3n - 40\u00a0% viscosa","robots":{"index":"index","follow":"follow","max-snippet":"max-snippet:-1","max-image-preview":"max-image-preview:large","max-video-preview":"max-video-preview:-1"},"canonical":"https:\/\/www.azur-scenic.com\/es\/producto\/sarga-absorber-co\/","og_locale":"es_ES","og_type":"article","og_title":"Sarga Absorber CO - Azur Scenic","og_description":"Este tejido de notable absorci\u00f3n ac\u00fastica,\u00a0con clasificaci\u00f3n M1, es ideal para la confecci\u00f3n de cortinas ac\u00fasticas altamente absorbentes.Compuesto por 20\u00a0% de viscosa y 80\u00a0% de algod\u00f3n, este mulet\u00f3n grueso con aspecto afelpado de los dos lados imita perfectamente la apariencia de una sarga de lana\u00a0de color\u00a0negro intenso.Totalmente opaca, la sarga Absorber CO se puede utilizar para la confecci\u00f3n de telones para escenarios, cajas negras, cortinas divisorias, forros o incluso se puede tensar en revestimientos de paredes.Ancho: 300\u00a0cmPeso: 500 g\/m\u00b2Clasificaci\u00f3n ante el fuego: M1 B1Composici\u00f3n: 80\u00a0% algod\u00f3n - 40\u00a0% viscosa","og_url":"https:\/\/www.azur-scenic.com\/es\/producto\/sarga-absorber-co\/","og_site_name":"Azur Scenic","article_modified_time":"2024-06-24T06:56:30+00:00","og_image":[{"width":2560,"height":2560,"url":"https:\/\/www.azur-scenic.com\/wp-content\/uploads\/SERGE-ABSORBER-CO-scaled.jpg","type":"image\/jpeg"}],"twitter_card":"summary_large_image","twitter_misc":{"Tiempo de lectura":"1 minuto"},"schema":{"@context":"https:\/\/schema.org","@graph":[{"@type":"WebPage","@id":"https:\/\/www.azur-scenic.com\/es\/producto\/sarga-absorber-co\/","url":"https:\/\/www.azur-scenic.com\/es\/producto\/sarga-absorber-co\/","name":"Sarga Absorber CO - Azur Scenic","isPartOf":{"@id":"https:\/\/www.azur-scenic.com\/es\/#website"},"primaryImageOfPage":{"@id":"https:\/\/www.azur-scenic.com\/es\/producto\/sarga-absorber-co\/#primaryimage"},"image":{"@id":"https:\/\/www.azur-scenic.com\/es\/producto\/sarga-absorber-co\/#primaryimage"},"thumbnailUrl":"https:\/\/www.azur-scenic.com\/wp-content\/uploads\/SERGE-ABSORBER-CO-scaled.jpg","datePublished":"2022-10-04T07:28:50+00:00","dateModified":"2024-06-24T06:56:30+00:00","description":"Este tejido de notable absorci\u00f3n ac\u00fastica,\u00a0con clasificaci\u00f3n M1, es ideal para la confecci\u00f3n de cortinas ac\u00fasticas altamente absorbentes.Compuesto por 20\u00a0% de viscosa y 80\u00a0% de algod\u00f3n, este mulet\u00f3n grueso con aspecto afelpado de los dos lados imita perfectamente la apariencia de una sarga de lana\u00a0de color\u00a0negro intenso.Totalmente opaca, la sarga Absorber CO se puede utilizar para la confecci\u00f3n de telones para escenarios, cajas negras, cortinas divisorias, forros o incluso se puede tensar en revestimientos de paredes.Ancho: 300\u00a0cmPeso: 500 g\/m\u00b2Clasificaci\u00f3n ante el fuego: M1 B1Composici\u00f3n: 80\u00a0% algod\u00f3n - 40\u00a0% viscosa","breadcrumb":{"@id":"https:\/\/www.azur-scenic.com\/es\/producto\/sarga-absorber-co\/#breadcrumb"},"inLanguage":"es","potentialAction":[{"@type":"ReadAction","target":["https:\/\/www.azur-scenic.com\/es\/producto\/sarga-absorber-co\/"]}]},{"@type":"ImageObject","inLanguage":"es","@id":"https:\/\/www.azur-scenic.com\/es\/producto\/sarga-absorber-co\/#primaryimage","url":"https:\/\/www.azur-scenic.com\/wp-content\/uploads\/SERGE-ABSORBER-CO-scaled.jpg","contentUrl":"https:\/\/www.azur-scenic.com\/wp-content\/uploads\/SERGE-ABSORBER-CO-scaled.jpg","width":2560,"height":2560,"caption":"SERGE ABSORBER CO"},{"@type":"BreadcrumbList","@id":"https:\/\/www.azur-scenic.com\/es\/producto\/sarga-absorber-co\/#breadcrumb","itemListElement":[{"@type":"ListItem","position":1,"name":"Accueil","item":"https:\/\/www.azur-scenic.com\/es\/"},{"@type":"ListItem","position":2,"name":"Productos","item":"https:\/\/www.azur-scenic.com\/es\/?page_id=21440"},{"@type":"ListItem","position":3,"name":"Sarga Absorber CO"}]},{"@type":"WebSite","@id":"https:\/\/www.azur-scenic.com\/es\/#website","url":"https:\/\/www.azur-scenic.com\/es\/","name":"Azur Scenic","description":"Sp\u00e9cialiste de l\u2019\u00e9quipement sc\u00e9nique et de la d\u00e9coration int\u00e9rieure et \u00e9v\u00e9nementielle !","publisher":{"@id":"https:\/\/www.azur-scenic.com\/es\/#organization"},"potentialAction":[{"@type":"SearchAction","target":{"@type":"EntryPoint","urlTemplate":"https:\/\/www.azur-scenic.com\/es\/?s={search_term_string}"},"query-input":{"@type":"PropertyValueSpecification","valueRequired":true,"valueName":"search_term_string"}}],"inLanguage":"es"},{"@type":"Organization","@id":"https:\/\/www.azur-scenic.com\/es\/#organization","name":"AZUR SCENIC","url":"https:\/\/www.azur-scenic.com\/es\/","logo":{"@type":"ImageObject","inLanguage":"es","@id":"https:\/\/www.azur-scenic.com\/es\/#\/schema\/logo\/image\/","url":"https:\/\/www.azur-scenic.com\/wp-content\/uploads\/2022\/09\/LOGO-AZUR-SCENIC-Fusion-web-236x64-1.jpg","contentUrl":"https:\/\/www.azur-scenic.com\/wp-content\/uploads\/2022\/09\/LOGO-AZUR-SCENIC-Fusion-web-236x64-1.jpg","width":236,"height":64,"caption":"AZUR SCENIC"},"image":{"@id":"https:\/\/www.azur-scenic.com\/es\/#\/schema\/logo\/image\/"},"sameAs":["https:\/\/www.youtube.com\/channel\/UCPWM2mGPVUt4nYhNlm71WOA","https:\/\/www.linkedin.com\/company\/33237605\/admin\/feed\/posts\/"]}]}},"_links":{"self":[{"href":"https:\/\/www.azur-scenic.com\/es\/wp-json\/wp\/v2\/product\/17135","targetHints":{"allow":["GET"]}}],"collection":[{"href":"https:\/\/www.azur-scenic.com\/es\/wp-json\/wp\/v2\/product"}],"about":[{"href":"https:\/\/www.azur-scenic.com\/es\/wp-json\/wp\/v2\/types\/product"}],"wp:featuredmedia":[{"embeddable":true,"href":"https:\/\/www.azur-scenic.com\/es\/wp-json\/wp\/v2\/media\/14951"}],"wp:attachment":[{"href":"https:\/\/www.azur-scenic.com\/es\/wp-json\/wp\/v2\/media?parent=17135"}],"wp:term":[{"taxonomy":"product_brand","embeddable":true,"href":"https:\/\/www.azur-scenic.com\/es\/wp-json\/wp\/v2\/product_brand?post=17135"},{"taxonomy":"product_cat","embeddable":true,"href":"https:\/\/www.azur-scenic.com\/es\/wp-json\/wp\/v2\/product_cat?post=17135"},{"taxonomy":"product_tag","embeddable":true,"href":"https:\/\/www.azur-scenic.com\/es\/wp-json\/wp\/v2\/product_tag?post=17135"}],"curies":[{"name":"wp","href":"https:\/\/api.w.org\/{rel}","templated":true}]}}