{"id":17158,"date":"2022-10-04T07:28:42","date_gmt":"2022-10-04T07:28:42","guid":{"rendered":"https:\/\/www.azur-scenic.com\/produit\/tissu-doccultation-euro\/"},"modified":"2023-08-02T13:17:08","modified_gmt":"2023-08-02T13:17:08","slug":"tejido-opaco-euro","status":"publish","type":"product","link":"https:\/\/www.azur-scenic.com\/es\/producto\/tejido-opaco-euro\/","title":{"rendered":"Tejido opaco Euro"},"content":{"rendered":"<table style=\"width: 641px;\">\n<thead>\n<tr>\n<th style=\"width: 233px;\">Datos t\u00e9cnicos<\/th>\n<th style=\"width: 184px;\">Valor<\/th>\n<th style=\"width: 191px;\">Comentarios<\/th>\n<\/tr>\n<\/thead>\n<tbody>\n<tr>\n<td style=\"vertical-align: top; width: 233px;\">Ancho<\/td>\n<td style=\"vertical-align: top; width: 184px;\">280\u00a0cm<\/td>\n<td style=\"vertical-align: top; width: 191px;\">\u00a0<\/td>\n<\/tr>\n<tr>\n<td style=\"vertical-align: top; width: 233px;\">Peso<\/td>\n<td style=\"vertical-align: top; width: 184px;\">280 g\/m\u00b2<\/td>\n<td style=\"vertical-align: top; width: 191px;\">\u00a0<\/td>\n<\/tr>\n<tr>\n<td style=\"vertical-align: top; width: 233px;\">Grosor<\/td>\n<td style=\"vertical-align: top; width: 184px;\">0,37\u00a0mm<\/td>\n<td style=\"vertical-align: top; width: 191px;\">\u00a0<\/td>\n<\/tr>\n<tr>\n<td style=\"vertical-align: top; width: 233px;\">Clasificaci\u00f3n ante el fuego<\/td>\n<td style=\"vertical-align: top; width: 184px;\"><img decoding=\"async\" style=\"height: 20px; width: 20px;\" src=\"https:\/\/www.azur-scenic.com\/wp-content\/uploads\/icon-flag-europe.png\" \/> C1<br \/>\n<img decoding=\"async\" style=\"height: 20px; width: 20px;\" src=\"https:\/\/www.azur-scenic.com\/wp-content\/uploads\/icon-flag-allemagne.png\" \/> B1<br \/>\n<img decoding=\"async\" style=\"height: 20px; width: 20px;\" src=\"https:\/\/www.azur-scenic.com\/wp-content\/uploads\/icon-flag-uk.png\" \/>\u00a0Tipo C<\/td>\n<td style=\"vertical-align: top; width: 191px;\">Norma EN 13773<br \/>\nNorma DIN 4102<br \/>\nNorma BS 5867<\/td>\n<\/tr>\n<tr>\n<td style=\"vertical-align: top; width: 233px;\">Composici\u00f3n<\/td>\n<td style=\"vertical-align: top; width: 378px;\" colspan=\"2\">100\u00a0% poli\u00e9ster con el reverso acr\u00edlico flocado blanco<\/td>\n<\/tr>\n<tr>\n<td style=\"vertical-align: top; width: 233px;\">Longitud del rollo<\/td>\n<td style=\"vertical-align: top; width: 184px;\">25 m<\/td>\n<td style=\"vertical-align: top; width: 191px;\">Venta al corte:<br \/>\nColor blanco: S\u00ed, con un m\u00ednimo de 5 metros lineales<\/p>\n<p>Otros colores: No, solo la pieza entera<\/p>\n<\/td>\n<\/tr>\n<tr>\n<td style=\"vertical-align: top; width: 233px;\">\u00cdndices \u00f3pticos:<br \/>\nReflejo de luz<br \/>\nAbsorci\u00f3n de luz<br \/>\nTransmisi\u00f3n de luz<\/td>\n<td style=\"vertical-align: top; width: 184px;\">82\u00a0%<br \/>\n18\u00a0%<br \/>\n0\u00a0%<\/td>\n<td style=\"vertical-align: top; width: 191px;\">DIN EN 410 2011<\/td>\n<\/tr>\n<tr>\n<td style=\"vertical-align: top; width: 233px;\">\u00cdndices t\u00e9rmicos:<br \/>\nReflexi\u00f3n solar<br \/>\nAbsorci\u00f3n solar<br \/>\nTransmisi\u00f3n solar<br \/>\nTransmisi\u00f3n UV<\/td>\n<td style=\"vertical-align: top; width: 184px;\">74\u00a0%<br \/>\n26\u00a0%<br \/>\n0\u00a0%<br \/>\n0\u00a0%<\/td>\n<td style=\"vertical-align: top; width: 191px;\">DIN EN 410 2011<\/td>\n<\/tr>\n<tr>\n<td style=\"vertical-align: top; width: 233px;\">Gt \/ Fc<\/td>\n<td style=\"vertical-align: top; width: 184px;\">Gt 33\u00a0%<br \/>\nFc 55\u00a0%<\/td>\n<td style=\"vertical-align: top; width: 191px;\">DIN EN 13363<br \/>\nDIN EN 14501<\/td>\n<\/tr>\n<tr>\n<td style=\"vertical-align: top; width: 233px;\">Resistencia de la solidez a la luz<\/td>\n<td style=\"vertical-align: top; width: 184px;\">5 \/ 8<\/td>\n<td style=\"vertical-align: top; width: 191px;\">ISO 105 B02<\/td>\n<\/tr>\n<tr>\n<td style=\"vertical-align: top; width: 233px;\">Estabilidad dimensional<\/td>\n<td style=\"vertical-align: top; width: 184px;\">Urdimbre: -0,5\u00a0%<br \/>\nTrama: 0\u00a0%<\/td>\n<td style=\"vertical-align: top; width: 191px;\">ISO 5077<\/td>\n<\/tr>\n<tr>\n<td style=\"vertical-align: top; width: 233px;\">Resistencia a la rotura<\/td>\n<td style=\"vertical-align: top; width: 184px;\">Urdimbre: 62 daN<br \/>\nTrama: 31 daN<\/td>\n<td style=\"vertical-align: top; width: 191px;\">ISO 13934-1<\/td>\n<\/tr>\n<tr>\n<td style=\"vertical-align: top; width: 233px;\">Alargamiento hasta la rotura<\/td>\n<td style=\"vertical-align: top; width: 184px;\">Urdimbre: 26\u00a0mm<br \/>\nTrama: 45\u00a0mm<\/td>\n<td style=\"vertical-align: top; width: 191px;\">ISO 13934-1<\/td>\n<\/tr>\n<\/tbody>\n<\/table>\n<p>\u00a0<\/p><\/p>\n","protected":false},"excerpt":{"rendered":"<p>Alternativa <span style=\"color: #f88523;\"><strong>econ\u00f3mica<\/strong><\/span>al tejido opaco M1,\u00a0el tejido opaco Euro cumple con la <span style=\"color: #f88523;\"><strong>clasificaci\u00f3n europea<\/strong><\/span>\u00a0Clase 1 seg\u00fan la norma EN13773, as\u00ed como con las normas de no combusti\u00f3n inglesa y alemana.<\/p>\n<p>Totalmente <span style=\"color: #f88523;\"><strong>opaca<\/strong><\/span>, est\u00e1 disponible\u00a0en una gama de <span style=\"color: #f88523;\"><strong>colores<\/strong><\/span><strong>\u00a0<\/strong>variados, e incluso se puede te\u00f1ir en uno de sus lados <span style=\"color: #f88523;\"><strong>de un color a tu elecci\u00f3n\u00a0<\/strong><\/span>.<\/p>\n<p>Tejido <span style=\"color: #f88523;\"><strong>100\u00a0% opaco,<\/strong><\/span><strong>\u00a0<\/strong>con un acabado especialmente <span style=\"color: #f88523;\"><strong>cuidado<\/strong><\/span>, presenta un revestimiento blanco off-white que le confiere propiedades de\u00a0<span style=\"color: #f88523;\"><strong>reflexi\u00f3n de la luz y del calor.<\/strong><\/span><strong>\u00a0<\/strong>Adem\u00e1s, este tejido es <span style=\"color: #f88523;\"><strong>lavable y resistente a los rayos UV<\/strong><\/span><strong>, <\/strong>por lo cual se puede utilizar tanto en interiores como en exteriores.<\/p>\n<p>Este tejido sirve tanto para la fabricaci\u00f3n de <span style=\"color: #f88523;\"><strong>cortinas opacas<\/strong><\/span><strong>, <\/strong>como para\u00a0<span style=\"color: #f88523;\"><strong>forrar bastidores<\/strong><\/span><strong>. <\/strong><\/p>\n<table class=\"table\" style=\"background-color: #f7f7f7; background-position: initial initial; background-repeat: initial initial; width: 640px;\">\n<tbody>\n<tr>\n<td style=\"width: 247px;\"><strong>Ancho<\/strong>: 280\u00a0cm<\/td>\n<td style=\"width: 377px;\"><strong>Peso<\/strong>:\u00a0280 g\/m\u00b2<\/td>\n<\/tr>\n<tr>\n<td style=\"width: 247px;\">\n<p><strong>Clasificaci\u00f3n ante el fuego<\/strong>:<\/p>\n<p><img decoding=\"async\" style=\"height: 20px; width: 20px;\" src=\"https:\/\/www.azur-scenic.com\/wp-content\/uploads\/icon-flag-europe.png\" \/>\u00a0C1 \u00a0\u00a0<img decoding=\"async\" style=\"height: 20px; width: 20px;\" src=\"https:\/\/www.azur-scenic.com\/wp-content\/uploads\/icon-flag-allemagne.png\" \/> B1 \u00a0\u00a0<img decoding=\"async\" style=\"height: 20px; width: 20px;\" src=\"https:\/\/www.azur-scenic.com\/wp-content\/uploads\/icon-flag-uk.png\" \/>\u00a0Tipo C<\/p>\n<\/td>\n<td style=\"vertical-align: top; width: 377px;\">\n<p><strong>Composici\u00f3n<\/strong>:<\/p>\n<p>100\u00a0% poli\u00e9ster con el reverso acr\u00edlico flocado blanco<\/p>\n<\/td>\n<\/tr>\n<\/tbody>\n<\/table>\n","protected":false},"featured_media":8531,"template":"","meta":{"_acf_changed":false},"product_brand":[],"product_cat":[1008,939,942,944],"product_tag":[],"class_list":{"0":"post-17158","1":"product","2":"type-product","3":"status-publish","4":"has-post-thumbnail","6":"product_cat-decoracion","7":"product_cat-tejidos-escenicos-y-para-eventos","8":"product_cat-oscurecimiento","9":"product_cat-todos-los-productos","10":"pa_couleurs-003-es","11":"pa_couleurs-020-es","12":"pa_couleurs-100-es","13":"pa_couleurs-110-es","14":"pa_couleurs-120-es","15":"pa_couleurs-170-es","16":"pa_couleurs-180-es","17":"pa_couleurs-288-es","18":"pa_couleurs-501-es","19":"pa_couleurs-515-es","20":"pa_couleurs-520-es","21":"pa_couleurs-570-es","22":"pa_couleurs-580-es","23":"pa_couleurs-670-es","24":"pa_couleurs-708-es","25":"pa_couleurs-720-es","26":"pa_couleurs-760-es","27":"pa_couleurs-860-es","28":"pa_couleurs-999-es","29":"pa_groupes-de-couleurs-blanco","30":"pa_groupes-de-couleurs-azules","31":"pa_groupes-de-couleurs-gris","32":"pa_groupes-de-couleurs-marrones-beige","33":"pa_groupes-de-couleurs-negro","34":"pa_groupes-de-couleurs-rosas","35":"pa_groupes-de-couleurs-rojos","36":"pa_groupes-de-couleurs-verdes","37":"pa_groupes-de-couleurs-violetas","38":"pa_textiles-apto-para-uso-en-exteriores","39":"pa_textiles-ignifugo","40":"pa_textiles-lavable","41":"pa_textiles-de-ocultacion-y-o-oscurecimiento","42":"pa_textiles-resistente-a-los-rayos-uv","44":"first","45":"instock","46":"shipping-taxable","47":"purchasable","48":"product-type-variable"},"acf":[],"yoast_head":"<!-- This site is optimized with the Yoast SEO plugin v27.3 - https:\/\/yoast.com\/product\/yoast-seo-wordpress\/ -->\n<title>Tejido opaco Euro - Azur Scenic<\/title>\n<meta name=\"description\" content=\"Alternativa econ\u00f3micaal tejido opaco M1,\u00a0el tejido opaco Euro cumple con la clasificaci\u00f3n europea\u00a0Clase 1 seg\u00fan la norma EN13773, as\u00ed como con las normas de no combusti\u00f3n inglesa y alemana. Totalmente opaca, est\u00e1 disponible\u00a0en una gama de colores\u00a0variados, e incluso se puede te\u00f1ir en uno de sus lados de un color a tu elecci\u00f3n\u00a0. Tejido 100\u00a0% opaco,\u00a0con un acabado especialmente cuidado, presenta un revestimiento blanco off-white que le confiere propiedades de\u00a0reflexi\u00f3n de la luz y del calor.\u00a0Adem\u00e1s, este tejido es lavable y resistente a los rayos UV, por lo cual se puede utilizar tanto en interiores como en exteriores. Este tejido sirve tanto para la fabricaci\u00f3n de cortinas opacas, como para\u00a0forrar bastidores.   Ancho: 280\u00a0cm Peso:\u00a0280 g\/m\u00b2  Clasificaci\u00f3n ante el fuego: \u00a0C1 \u00a0\u00a0 B1 \u00a0\u00a0\u00a0Tipo C  Composici\u00f3n: 100\u00a0% poli\u00e9ster con el reverso acr\u00edlico flocado blanco\" \/>\n<meta name=\"robots\" content=\"index, follow, max-snippet:-1, max-image-preview:large, max-video-preview:-1\" \/>\n<link rel=\"canonical\" href=\"https:\/\/www.azur-scenic.com\/es\/producto\/tejido-opaco-euro\/\" \/>\n<meta property=\"og:locale\" content=\"es_ES\" \/>\n<meta property=\"og:type\" content=\"article\" \/>\n<meta property=\"og:title\" content=\"Tejido opaco Euro - Azur Scenic\" \/>\n<meta property=\"og:description\" content=\"Alternativa econ\u00f3micaal tejido opaco M1,\u00a0el tejido opaco Euro cumple con la clasificaci\u00f3n europea\u00a0Clase 1 seg\u00fan la norma EN13773, as\u00ed como con las normas de no combusti\u00f3n inglesa y alemana. Totalmente opaca, est\u00e1 disponible\u00a0en una gama de colores\u00a0variados, e incluso se puede te\u00f1ir en uno de sus lados de un color a tu elecci\u00f3n\u00a0. Tejido 100\u00a0% opaco,\u00a0con un acabado especialmente cuidado, presenta un revestimiento blanco off-white que le confiere propiedades de\u00a0reflexi\u00f3n de la luz y del calor.\u00a0Adem\u00e1s, este tejido es lavable y resistente a los rayos UV, por lo cual se puede utilizar tanto en interiores como en exteriores. Este tejido sirve tanto para la fabricaci\u00f3n de cortinas opacas, como para\u00a0forrar bastidores.   Ancho: 280\u00a0cm Peso:\u00a0280 g\/m\u00b2  Clasificaci\u00f3n ante el fuego: \u00a0C1 \u00a0\u00a0 B1 \u00a0\u00a0\u00a0Tipo C  Composici\u00f3n: 100\u00a0% poli\u00e9ster con el reverso acr\u00edlico flocado blanco\" \/>\n<meta property=\"og:url\" content=\"https:\/\/www.azur-scenic.com\/es\/producto\/tejido-opaco-euro\/\" \/>\n<meta property=\"og:site_name\" content=\"Azur Scenic\" \/>\n<meta property=\"article:modified_time\" content=\"2023-08-02T13:17:08+00:00\" \/>\n<meta property=\"og:image\" content=\"https:\/\/www.azur-scenic.com\/wp-content\/uploads\/4b2f969b53b7e220591c5df6d4800de1-scaled.jpg\" \/>\n\t<meta property=\"og:image:width\" content=\"1920\" \/>\n\t<meta property=\"og:image:height\" content=\"2560\" \/>\n\t<meta property=\"og:image:type\" content=\"image\/jpeg\" \/>\n<meta name=\"twitter:card\" content=\"summary_large_image\" \/>\n<meta name=\"twitter:label1\" content=\"Tiempo de lectura\" \/>\n\t<meta name=\"twitter:data1\" content=\"1 minuto\" \/>\n<script type=\"application\/ld+json\" class=\"yoast-schema-graph\">{\"@context\":\"https:\\\/\\\/schema.org\",\"@graph\":[{\"@type\":\"WebPage\",\"@id\":\"https:\\\/\\\/www.azur-scenic.com\\\/es\\\/producto\\\/tejido-opaco-euro\\\/\",\"url\":\"https:\\\/\\\/www.azur-scenic.com\\\/es\\\/producto\\\/tejido-opaco-euro\\\/\",\"name\":\"Tejido opaco Euro - Azur Scenic\",\"isPartOf\":{\"@id\":\"https:\\\/\\\/www.azur-scenic.com\\\/es\\\/#website\"},\"primaryImageOfPage\":{\"@id\":\"https:\\\/\\\/www.azur-scenic.com\\\/es\\\/producto\\\/tejido-opaco-euro\\\/#primaryimage\"},\"image\":{\"@id\":\"https:\\\/\\\/www.azur-scenic.com\\\/es\\\/producto\\\/tejido-opaco-euro\\\/#primaryimage\"},\"thumbnailUrl\":\"https:\\\/\\\/www.azur-scenic.com\\\/wp-content\\\/uploads\\\/4b2f969b53b7e220591c5df6d4800de1-scaled.jpg\",\"datePublished\":\"2022-10-04T07:28:42+00:00\",\"dateModified\":\"2023-08-02T13:17:08+00:00\",\"description\":\"Alternativa econ\u00f3micaal tejido opaco M1,\u00a0el tejido opaco Euro cumple con la clasificaci\u00f3n europea\u00a0Clase 1 seg\u00fan la norma EN13773, as\u00ed como con las normas de no combusti\u00f3n inglesa y alemana. Totalmente opaca, est\u00e1 disponible\u00a0en una gama de colores\u00a0variados, e incluso se puede te\u00f1ir en uno de sus lados de un color a tu elecci\u00f3n\u00a0. Tejido 100\u00a0% opaco,\u00a0con un acabado especialmente cuidado, presenta un revestimiento blanco off-white que le confiere propiedades de\u00a0reflexi\u00f3n de la luz y del calor.\u00a0Adem\u00e1s, este tejido es lavable y resistente a los rayos UV, por lo cual se puede utilizar tanto en interiores como en exteriores. Este tejido sirve tanto para la fabricaci\u00f3n de cortinas opacas, como para\u00a0forrar bastidores. Ancho: 280\u00a0cm Peso:\u00a0280 g\\\/m\u00b2 Clasificaci\u00f3n ante el fuego: \u00a0C1 \u00a0\u00a0 B1 \u00a0\u00a0\u00a0Tipo C Composici\u00f3n: 100\u00a0% poli\u00e9ster con el reverso acr\u00edlico flocado blanco\",\"breadcrumb\":{\"@id\":\"https:\\\/\\\/www.azur-scenic.com\\\/es\\\/producto\\\/tejido-opaco-euro\\\/#breadcrumb\"},\"inLanguage\":\"es\",\"potentialAction\":[{\"@type\":\"ReadAction\",\"target\":[\"https:\\\/\\\/www.azur-scenic.com\\\/es\\\/producto\\\/tejido-opaco-euro\\\/\"]}]},{\"@type\":\"ImageObject\",\"inLanguage\":\"es\",\"@id\":\"https:\\\/\\\/www.azur-scenic.com\\\/es\\\/producto\\\/tejido-opaco-euro\\\/#primaryimage\",\"url\":\"https:\\\/\\\/www.azur-scenic.com\\\/wp-content\\\/uploads\\\/4b2f969b53b7e220591c5df6d4800de1-scaled.jpg\",\"contentUrl\":\"https:\\\/\\\/www.azur-scenic.com\\\/wp-content\\\/uploads\\\/4b2f969b53b7e220591c5df6d4800de1-scaled.jpg\",\"width\":1920,\"height\":2560},{\"@type\":\"BreadcrumbList\",\"@id\":\"https:\\\/\\\/www.azur-scenic.com\\\/es\\\/producto\\\/tejido-opaco-euro\\\/#breadcrumb\",\"itemListElement\":[{\"@type\":\"ListItem\",\"position\":1,\"name\":\"Accueil\",\"item\":\"https:\\\/\\\/www.azur-scenic.com\\\/es\\\/\"},{\"@type\":\"ListItem\",\"position\":2,\"name\":\"Productos\",\"item\":\"https:\\\/\\\/www.azur-scenic.com\\\/es\\\/?page_id=21440\"},{\"@type\":\"ListItem\",\"position\":3,\"name\":\"Tejido opaco Euro\"}]},{\"@type\":\"WebSite\",\"@id\":\"https:\\\/\\\/www.azur-scenic.com\\\/es\\\/#website\",\"url\":\"https:\\\/\\\/www.azur-scenic.com\\\/es\\\/\",\"name\":\"Azur Scenic\",\"description\":\"Sp\u00e9cialiste de l\u2019\u00e9quipement sc\u00e9nique et de la d\u00e9coration int\u00e9rieure et \u00e9v\u00e9nementielle !\",\"publisher\":{\"@id\":\"https:\\\/\\\/www.azur-scenic.com\\\/es\\\/#organization\"},\"potentialAction\":[{\"@type\":\"SearchAction\",\"target\":{\"@type\":\"EntryPoint\",\"urlTemplate\":\"https:\\\/\\\/www.azur-scenic.com\\\/es\\\/?s={search_term_string}\"},\"query-input\":{\"@type\":\"PropertyValueSpecification\",\"valueRequired\":true,\"valueName\":\"search_term_string\"}}],\"inLanguage\":\"es\"},{\"@type\":\"Organization\",\"@id\":\"https:\\\/\\\/www.azur-scenic.com\\\/es\\\/#organization\",\"name\":\"AZUR SCENIC\",\"url\":\"https:\\\/\\\/www.azur-scenic.com\\\/es\\\/\",\"logo\":{\"@type\":\"ImageObject\",\"inLanguage\":\"es\",\"@id\":\"https:\\\/\\\/www.azur-scenic.com\\\/es\\\/#\\\/schema\\\/logo\\\/image\\\/\",\"url\":\"https:\\\/\\\/www.azur-scenic.com\\\/wp-content\\\/uploads\\\/2022\\\/09\\\/LOGO-AZUR-SCENIC-Fusion-web-236x64-1.jpg\",\"contentUrl\":\"https:\\\/\\\/www.azur-scenic.com\\\/wp-content\\\/uploads\\\/2022\\\/09\\\/LOGO-AZUR-SCENIC-Fusion-web-236x64-1.jpg\",\"width\":236,\"height\":64,\"caption\":\"AZUR SCENIC\"},\"image\":{\"@id\":\"https:\\\/\\\/www.azur-scenic.com\\\/es\\\/#\\\/schema\\\/logo\\\/image\\\/\"},\"sameAs\":[\"https:\\\/\\\/www.youtube.com\\\/channel\\\/UCPWM2mGPVUt4nYhNlm71WOA\",\"https:\\\/\\\/www.linkedin.com\\\/company\\\/33237605\\\/admin\\\/feed\\\/posts\\\/\"]}]}<\/script>\n<!-- \/ Yoast SEO plugin. -->","yoast_head_json":{"title":"Tejido opaco Euro - Azur Scenic","description":"Alternativa econ\u00f3micaal tejido opaco M1,\u00a0el tejido opaco Euro cumple con la clasificaci\u00f3n europea\u00a0Clase 1 seg\u00fan la norma EN13773, as\u00ed como con las normas de no combusti\u00f3n inglesa y alemana. Totalmente opaca, est\u00e1 disponible\u00a0en una gama de colores\u00a0variados, e incluso se puede te\u00f1ir en uno de sus lados de un color a tu elecci\u00f3n\u00a0. Tejido 100\u00a0% opaco,\u00a0con un acabado especialmente cuidado, presenta un revestimiento blanco off-white que le confiere propiedades de\u00a0reflexi\u00f3n de la luz y del calor.\u00a0Adem\u00e1s, este tejido es lavable y resistente a los rayos UV, por lo cual se puede utilizar tanto en interiores como en exteriores. Este tejido sirve tanto para la fabricaci\u00f3n de cortinas opacas, como para\u00a0forrar bastidores.   Ancho: 280\u00a0cm Peso:\u00a0280 g\/m\u00b2  Clasificaci\u00f3n ante el fuego: \u00a0C1 \u00a0\u00a0 B1 \u00a0\u00a0\u00a0Tipo C  Composici\u00f3n: 100\u00a0% poli\u00e9ster con el reverso acr\u00edlico flocado blanco","robots":{"index":"index","follow":"follow","max-snippet":"max-snippet:-1","max-image-preview":"max-image-preview:large","max-video-preview":"max-video-preview:-1"},"canonical":"https:\/\/www.azur-scenic.com\/es\/producto\/tejido-opaco-euro\/","og_locale":"es_ES","og_type":"article","og_title":"Tejido opaco Euro - Azur Scenic","og_description":"Alternativa econ\u00f3micaal tejido opaco M1,\u00a0el tejido opaco Euro cumple con la clasificaci\u00f3n europea\u00a0Clase 1 seg\u00fan la norma EN13773, as\u00ed como con las normas de no combusti\u00f3n inglesa y alemana. Totalmente opaca, est\u00e1 disponible\u00a0en una gama de colores\u00a0variados, e incluso se puede te\u00f1ir en uno de sus lados de un color a tu elecci\u00f3n\u00a0. Tejido 100\u00a0% opaco,\u00a0con un acabado especialmente cuidado, presenta un revestimiento blanco off-white que le confiere propiedades de\u00a0reflexi\u00f3n de la luz y del calor.\u00a0Adem\u00e1s, este tejido es lavable y resistente a los rayos UV, por lo cual se puede utilizar tanto en interiores como en exteriores. Este tejido sirve tanto para la fabricaci\u00f3n de cortinas opacas, como para\u00a0forrar bastidores.   Ancho: 280\u00a0cm Peso:\u00a0280 g\/m\u00b2  Clasificaci\u00f3n ante el fuego: \u00a0C1 \u00a0\u00a0 B1 \u00a0\u00a0\u00a0Tipo C  Composici\u00f3n: 100\u00a0% poli\u00e9ster con el reverso acr\u00edlico flocado blanco","og_url":"https:\/\/www.azur-scenic.com\/es\/producto\/tejido-opaco-euro\/","og_site_name":"Azur Scenic","article_modified_time":"2023-08-02T13:17:08+00:00","og_image":[{"width":1920,"height":2560,"url":"https:\/\/www.azur-scenic.com\/wp-content\/uploads\/4b2f969b53b7e220591c5df6d4800de1-scaled.jpg","type":"image\/jpeg"}],"twitter_card":"summary_large_image","twitter_misc":{"Tiempo de lectura":"1 minuto"},"schema":{"@context":"https:\/\/schema.org","@graph":[{"@type":"WebPage","@id":"https:\/\/www.azur-scenic.com\/es\/producto\/tejido-opaco-euro\/","url":"https:\/\/www.azur-scenic.com\/es\/producto\/tejido-opaco-euro\/","name":"Tejido opaco Euro - Azur Scenic","isPartOf":{"@id":"https:\/\/www.azur-scenic.com\/es\/#website"},"primaryImageOfPage":{"@id":"https:\/\/www.azur-scenic.com\/es\/producto\/tejido-opaco-euro\/#primaryimage"},"image":{"@id":"https:\/\/www.azur-scenic.com\/es\/producto\/tejido-opaco-euro\/#primaryimage"},"thumbnailUrl":"https:\/\/www.azur-scenic.com\/wp-content\/uploads\/4b2f969b53b7e220591c5df6d4800de1-scaled.jpg","datePublished":"2022-10-04T07:28:42+00:00","dateModified":"2023-08-02T13:17:08+00:00","description":"Alternativa econ\u00f3micaal tejido opaco M1,\u00a0el tejido opaco Euro cumple con la clasificaci\u00f3n europea\u00a0Clase 1 seg\u00fan la norma EN13773, as\u00ed como con las normas de no combusti\u00f3n inglesa y alemana. Totalmente opaca, est\u00e1 disponible\u00a0en una gama de colores\u00a0variados, e incluso se puede te\u00f1ir en uno de sus lados de un color a tu elecci\u00f3n\u00a0. Tejido 100\u00a0% opaco,\u00a0con un acabado especialmente cuidado, presenta un revestimiento blanco off-white que le confiere propiedades de\u00a0reflexi\u00f3n de la luz y del calor.\u00a0Adem\u00e1s, este tejido es lavable y resistente a los rayos UV, por lo cual se puede utilizar tanto en interiores como en exteriores. Este tejido sirve tanto para la fabricaci\u00f3n de cortinas opacas, como para\u00a0forrar bastidores. Ancho: 280\u00a0cm Peso:\u00a0280 g\/m\u00b2 Clasificaci\u00f3n ante el fuego: \u00a0C1 \u00a0\u00a0 B1 \u00a0\u00a0\u00a0Tipo C Composici\u00f3n: 100\u00a0% poli\u00e9ster con el reverso acr\u00edlico flocado blanco","breadcrumb":{"@id":"https:\/\/www.azur-scenic.com\/es\/producto\/tejido-opaco-euro\/#breadcrumb"},"inLanguage":"es","potentialAction":[{"@type":"ReadAction","target":["https:\/\/www.azur-scenic.com\/es\/producto\/tejido-opaco-euro\/"]}]},{"@type":"ImageObject","inLanguage":"es","@id":"https:\/\/www.azur-scenic.com\/es\/producto\/tejido-opaco-euro\/#primaryimage","url":"https:\/\/www.azur-scenic.com\/wp-content\/uploads\/4b2f969b53b7e220591c5df6d4800de1-scaled.jpg","contentUrl":"https:\/\/www.azur-scenic.com\/wp-content\/uploads\/4b2f969b53b7e220591c5df6d4800de1-scaled.jpg","width":1920,"height":2560},{"@type":"BreadcrumbList","@id":"https:\/\/www.azur-scenic.com\/es\/producto\/tejido-opaco-euro\/#breadcrumb","itemListElement":[{"@type":"ListItem","position":1,"name":"Accueil","item":"https:\/\/www.azur-scenic.com\/es\/"},{"@type":"ListItem","position":2,"name":"Productos","item":"https:\/\/www.azur-scenic.com\/es\/?page_id=21440"},{"@type":"ListItem","position":3,"name":"Tejido opaco Euro"}]},{"@type":"WebSite","@id":"https:\/\/www.azur-scenic.com\/es\/#website","url":"https:\/\/www.azur-scenic.com\/es\/","name":"Azur Scenic","description":"Sp\u00e9cialiste de l\u2019\u00e9quipement sc\u00e9nique et de la d\u00e9coration int\u00e9rieure et \u00e9v\u00e9nementielle !","publisher":{"@id":"https:\/\/www.azur-scenic.com\/es\/#organization"},"potentialAction":[{"@type":"SearchAction","target":{"@type":"EntryPoint","urlTemplate":"https:\/\/www.azur-scenic.com\/es\/?s={search_term_string}"},"query-input":{"@type":"PropertyValueSpecification","valueRequired":true,"valueName":"search_term_string"}}],"inLanguage":"es"},{"@type":"Organization","@id":"https:\/\/www.azur-scenic.com\/es\/#organization","name":"AZUR SCENIC","url":"https:\/\/www.azur-scenic.com\/es\/","logo":{"@type":"ImageObject","inLanguage":"es","@id":"https:\/\/www.azur-scenic.com\/es\/#\/schema\/logo\/image\/","url":"https:\/\/www.azur-scenic.com\/wp-content\/uploads\/2022\/09\/LOGO-AZUR-SCENIC-Fusion-web-236x64-1.jpg","contentUrl":"https:\/\/www.azur-scenic.com\/wp-content\/uploads\/2022\/09\/LOGO-AZUR-SCENIC-Fusion-web-236x64-1.jpg","width":236,"height":64,"caption":"AZUR SCENIC"},"image":{"@id":"https:\/\/www.azur-scenic.com\/es\/#\/schema\/logo\/image\/"},"sameAs":["https:\/\/www.youtube.com\/channel\/UCPWM2mGPVUt4nYhNlm71WOA","https:\/\/www.linkedin.com\/company\/33237605\/admin\/feed\/posts\/"]}]}},"_links":{"self":[{"href":"https:\/\/www.azur-scenic.com\/es\/wp-json\/wp\/v2\/product\/17158","targetHints":{"allow":["GET"]}}],"collection":[{"href":"https:\/\/www.azur-scenic.com\/es\/wp-json\/wp\/v2\/product"}],"about":[{"href":"https:\/\/www.azur-scenic.com\/es\/wp-json\/wp\/v2\/types\/product"}],"wp:featuredmedia":[{"embeddable":true,"href":"https:\/\/www.azur-scenic.com\/es\/wp-json\/wp\/v2\/media\/8531"}],"wp:attachment":[{"href":"https:\/\/www.azur-scenic.com\/es\/wp-json\/wp\/v2\/media?parent=17158"}],"wp:term":[{"taxonomy":"product_brand","embeddable":true,"href":"https:\/\/www.azur-scenic.com\/es\/wp-json\/wp\/v2\/product_brand?post=17158"},{"taxonomy":"product_cat","embeddable":true,"href":"https:\/\/www.azur-scenic.com\/es\/wp-json\/wp\/v2\/product_cat?post=17158"},{"taxonomy":"product_tag","embeddable":true,"href":"https:\/\/www.azur-scenic.com\/es\/wp-json\/wp\/v2\/product_tag?post=17158"}],"curies":[{"name":"wp","href":"https:\/\/api.w.org\/{rel}","templated":true}]}}