{"id":17260,"date":"2022-10-04T07:28:33","date_gmt":"2022-10-04T07:28:33","guid":{"rendered":"https:\/\/www.azur-scenic.com\/produit\/tissu-doccultation-m1\/"},"modified":"2024-10-23T12:40:28","modified_gmt":"2024-10-23T12:40:28","slug":"tejido-opaco-m1","status":"publish","type":"product","link":"https:\/\/www.azur-scenic.com\/es\/producto\/tejido-opaco-m1\/","title":{"rendered":"Tejido opaco M1"},"content":{"rendered":"<table>\n<thead>\n<tr>\n<th style=\"width: 170px;\">Datos t\u00e9cnicos<\/th>\n<th>Valor<\/th>\n<th>Comentarios<\/th>\n<\/tr>\n<\/thead>\n<tbody>\n<tr>\n<td style=\"vertical-align: top;\">Ancho<\/td>\n<td style=\"vertical-align: top;\">280\u00a0cm<\/td>\n<td style=\"vertical-align: top;\">\u00a0<\/td>\n<\/tr>\n<tr>\n<td style=\"vertical-align: top;\">Peso<\/td>\n<td style=\"vertical-align: top;\">280 g\/m\u00b2<\/td>\n<td style=\"vertical-align: top;\">\u00a0<\/td>\n<\/tr>\n<tr>\n<td style=\"vertical-align: top;\">Grosor<\/td>\n<td style=\"vertical-align: top;\">0,37\u00a0mm<\/td>\n<td style=\"vertical-align: top;\">\u00a0<\/td>\n<\/tr>\n<tr>\n<td style=\"vertical-align: top;\">Clasificaci\u00f3n ante el fuego<\/td>\n<td style=\"vertical-align: top;\"><img decoding=\"async\" style=\"height: 20px; width: 20px;\" src=\"https:\/\/www.azur-scenic.com\/wp-content\/uploads\/csm_icon-flag-france_3304e5e3f9.png\" \/> M1<\/td>\n<td style=\"vertical-align: top;\">Norma: NF P 92 507<\/td>\n<\/tr>\n<tr>\n<td style=\"vertical-align: top;\">Composici\u00f3n<\/td>\n<td style=\"vertical-align: top;\" colspan=\"2\">100\u00a0% poli\u00e9ster con el reverso acr\u00edlico flocado blanco<\/td>\n<\/tr>\n<tr>\n<td style=\"vertical-align: top;\">Longitud del rollo<\/td>\n<td style=\"vertical-align: top;\">Aprox. 50 m<br \/>\n(en 2&#215;25)<\/td>\n<td style=\"vertical-align: top;\">Venta al corte con un m\u00ednimo de 5 m lineales<\/td>\n<\/tr>\n<tr>\n<td style=\"vertical-align: top;\">Absorci\u00f3n ac\u00fastica<\/td>\n<td style=\"vertical-align: top;\">coef. Nrc 0,38<\/td>\n<td style=\"vertical-align: top;\">\u00a0<\/td>\n<\/tr>\n<\/tbody>\n<\/table>\n<p><em>ATENCI\u00d3N : Este tejido est\u00e1 sujeto a grandes diferencias de tonalidad entre las producciones de un mismo color. Azur Scenic no puede garantizar la coincidencia entre los colores de varias producciones y no se hace responsable en caso de diferencia de color entre el color entregado y el color seleccionado en una muestra.<\/em><\/p>\n","protected":false},"excerpt":{"rendered":"<p style=\"text-align: justify;\">Tejido <strong><span style=\"color: #f88523;\">100 % opaco<\/span><\/strong> con un acabado particularmente<strong><span style=\"color: #f88523;\">\u00a0cuidado<\/span><\/strong>, con clasificaci\u00f3n ante el fuego <span style=\"color: #f88523;\"><strong>M1<\/strong><\/span> y disponible en una amplia gama de <span style=\"color: #f88523;\"><strong>colores<\/strong><\/span> decorativos.<br \/>\nEste producto, que cuenta con un recubrimiento blanco off-white, presenta propiedades de <span style=\"color: #f88523;\"><strong>reflexi\u00f3n de la luz<\/strong><\/span> y <span style=\"color: #f88523;\"><strong>del calor<\/strong><\/span>.<\/p>\n<p style=\"text-align: justify;\">Por otra parte, este tejido es <span style=\"color: #f88523;\"><strong>lavable<\/strong><\/span> y <strong><span style=\"color: #f88523;\">resistente a los rayos UV<\/span><\/strong>, por lo que se puede utilizar tanto en\u00a0<span style=\"color: #f88523;\"><strong>exteriores<\/strong><\/span>\u00a0como en <strong><span style=\"color: #f88523;\">interiores<\/span><\/strong>.<br \/>\nEste tejido sirve tanto para la fabricaci\u00f3n de <strong><span style=\"color: #f88523;\">cortinas opacas<\/span><\/strong>, como para\u00a0<span style=\"color: #f88523;\"><strong>forrar bastidores<\/strong><\/span>.<\/p>\n<table class=\"table\" style=\"background-color: #f7f7f7; background-position: initial initial; background-repeat: initial initial; width: 640px;\">\n<tbody>\n<tr>\n<td style=\"width: 207px;\"><strong>Ancho<\/strong>: 280\u00a0cm<\/td>\n<td style=\"width: 417px;\"><strong>Peso<\/strong>:\u00a0280 g\/m\u00b2<\/td>\n<\/tr>\n<tr>\n<td style=\"width: 207px;\"><strong>Clasificaci\u00f3n ante el fuego<\/strong>: <img decoding=\"async\" style=\"height: 20px; width: 20px;\" src=\"https:\/\/www.azur-scenic.com\/wp-content\/uploads\/csm_icon-flag-france_3304e5e3f9.png\" \/> M1<\/td>\n<td style=\"vertical-align: top; width: 417px;\"><strong>Composici\u00f3n<\/strong>: 100\u00a0% PES<br \/>\n(con el reverso acr\u00edlico flocado blanco)<\/td>\n<\/tr>\n<\/tbody>\n<\/table>\n<p><em>ATENCI\u00d3N : Este tejido est\u00e1 sujeto a grandes diferencias de tonalidad entre las producciones de un mismo color.<\/em><\/p>\n","protected":false},"featured_media":14615,"template":"","meta":{"_acf_changed":false},"product_brand":[],"product_cat":[1008,939,942,944],"product_tag":[],"class_list":{"0":"post-17260","1":"product","2":"type-product","3":"status-publish","4":"has-post-thumbnail","6":"product_cat-decoracion","7":"product_cat-tejidos-escenicos-y-para-eventos","8":"product_cat-oscurecimiento","9":"product_cat-todos-los-productos","10":"pa_couleurs-003-es","11":"pa_couleurs-100-es","12":"pa_couleurs-108-es","13":"pa_couleurs-110-es","14":"pa_couleurs-120-es","15":"pa_couleurs-170-es","16":"pa_couleurs-180-es","17":"pa_couleurs-288-es","18":"pa_couleurs-350-es","19":"pa_couleurs-440-es","20":"pa_couleurs-501-es","21":"pa_couleurs-515-es","22":"pa_couleurs-518-es","23":"pa_couleurs-520-es","24":"pa_couleurs-570-es","25":"pa_couleurs-580-es","26":"pa_couleurs-610-es","27":"pa_couleurs-611-es","28":"pa_couleurs-612-es","29":"pa_couleurs-637-es","30":"pa_couleurs-650-es","31":"pa_couleurs-670-es","32":"pa_couleurs-708-es","33":"pa_couleurs-715-es","34":"pa_couleurs-720-es","35":"pa_couleurs-760-es","36":"pa_couleurs-850-es","37":"pa_couleurs-860-es","38":"pa_couleurs-910-es","39":"pa_couleurs-960-es","40":"pa_groupes-de-couleurs-blanco","41":"pa_groupes-de-couleurs-azules","42":"pa_groupes-de-couleurs-gris","43":"pa_groupes-de-couleurs-amarillos","44":"pa_groupes-de-couleurs-marrones-beige","45":"pa_groupes-de-couleurs-negro","46":"pa_groupes-de-couleurs-naranjas","47":"pa_groupes-de-couleurs-rosas","48":"pa_groupes-de-couleurs-rojos","49":"pa_groupes-de-couleurs-verdes","50":"pa_groupes-de-couleurs-violetas","51":"pa_textiles-apto-para-uso-en-exteriores","52":"pa_textiles-ignifugo","53":"pa_textiles-lavable","54":"pa_textiles-de-ocultacion-y-o-oscurecimiento","55":"pa_textiles-resistente-a-los-rayos-uv","57":"first","58":"instock","59":"shipping-taxable","60":"purchasable","61":"product-type-variable"},"acf":[],"yoast_head":"<!-- This site is optimized with the Yoast SEO plugin v27.3 - https:\/\/yoast.com\/product\/yoast-seo-wordpress\/ -->\n<title>Tejido opaco M1 - Azur Scenic<\/title>\n<meta name=\"description\" content=\"Tejido 100 % opaco con un acabado particularmente\u00a0cuidado, con clasificaci\u00f3n ante el fuego M1 y disponible en una amplia gama de colores decorativos.Este producto, que cuenta con un recubrimiento blanco off-white, presenta propiedades de reflexi\u00f3n de la luz y del calor.Por otra parte, este tejido es lavable y resistente a los rayos UV, por lo que se puede utilizar tanto en\u00a0exteriores\u00a0como en interiores.Este tejido sirve tanto para la fabricaci\u00f3n de cortinas opacas, como para\u00a0forrar bastidores.Ancho: 280\u00a0cmPeso:\u00a0280 g\/m\u00b2Clasificaci\u00f3n ante el fuego: M1Composici\u00f3n: 100\u00a0% PES(con el reverso acr\u00edlico flocado blanco)\" \/>\n<meta name=\"robots\" content=\"index, follow, max-snippet:-1, max-image-preview:large, max-video-preview:-1\" \/>\n<link rel=\"canonical\" href=\"https:\/\/www.azur-scenic.com\/es\/producto\/tejido-opaco-m1\/\" \/>\n<meta property=\"og:locale\" content=\"es_ES\" \/>\n<meta property=\"og:type\" content=\"article\" \/>\n<meta property=\"og:title\" content=\"Tejido opaco M1 - Azur Scenic\" \/>\n<meta property=\"og:description\" content=\"Tejido 100 % opaco con un acabado particularmente\u00a0cuidado, con clasificaci\u00f3n ante el fuego M1 y disponible en una amplia gama de colores decorativos.Este producto, que cuenta con un recubrimiento blanco off-white, presenta propiedades de reflexi\u00f3n de la luz y del calor.Por otra parte, este tejido es lavable y resistente a los rayos UV, por lo que se puede utilizar tanto en\u00a0exteriores\u00a0como en interiores.Este tejido sirve tanto para la fabricaci\u00f3n de cortinas opacas, como para\u00a0forrar bastidores.Ancho: 280\u00a0cmPeso:\u00a0280 g\/m\u00b2Clasificaci\u00f3n ante el fuego: M1Composici\u00f3n: 100\u00a0% PES(con el reverso acr\u00edlico flocado blanco)\" \/>\n<meta property=\"og:url\" content=\"https:\/\/www.azur-scenic.com\/es\/producto\/tejido-opaco-m1\/\" \/>\n<meta property=\"og:site_name\" content=\"Azur Scenic\" \/>\n<meta property=\"article:modified_time\" content=\"2024-10-23T12:40:28+00:00\" \/>\n<meta property=\"og:image\" content=\"https:\/\/www.azur-scenic.com\/wp-content\/uploads\/TISSU-OCCULTATION-M1-ARDOISE.jpg\" \/>\n\t<meta property=\"og:image:width\" content=\"1824\" \/>\n\t<meta property=\"og:image:height\" content=\"1824\" \/>\n\t<meta property=\"og:image:type\" content=\"image\/jpeg\" \/>\n<meta name=\"twitter:card\" content=\"summary_large_image\" \/>\n<meta name=\"twitter:label1\" content=\"Tiempo de lectura\" \/>\n\t<meta name=\"twitter:data1\" content=\"1 minuto\" \/>\n<script type=\"application\/ld+json\" class=\"yoast-schema-graph\">{\"@context\":\"https:\\\/\\\/schema.org\",\"@graph\":[{\"@type\":\"WebPage\",\"@id\":\"https:\\\/\\\/www.azur-scenic.com\\\/es\\\/producto\\\/tejido-opaco-m1\\\/\",\"url\":\"https:\\\/\\\/www.azur-scenic.com\\\/es\\\/producto\\\/tejido-opaco-m1\\\/\",\"name\":\"Tejido opaco M1 - Azur Scenic\",\"isPartOf\":{\"@id\":\"https:\\\/\\\/www.azur-scenic.com\\\/es\\\/#website\"},\"primaryImageOfPage\":{\"@id\":\"https:\\\/\\\/www.azur-scenic.com\\\/es\\\/producto\\\/tejido-opaco-m1\\\/#primaryimage\"},\"image\":{\"@id\":\"https:\\\/\\\/www.azur-scenic.com\\\/es\\\/producto\\\/tejido-opaco-m1\\\/#primaryimage\"},\"thumbnailUrl\":\"https:\\\/\\\/www.azur-scenic.com\\\/wp-content\\\/uploads\\\/TISSU-OCCULTATION-M1-ARDOISE.jpg\",\"datePublished\":\"2022-10-04T07:28:33+00:00\",\"dateModified\":\"2024-10-23T12:40:28+00:00\",\"description\":\"Tejido 100 % opaco con un acabado particularmente\u00a0cuidado, con clasificaci\u00f3n ante el fuego M1 y disponible en una amplia gama de colores decorativos.Este producto, que cuenta con un recubrimiento blanco off-white, presenta propiedades de reflexi\u00f3n de la luz y del calor.Por otra parte, este tejido es lavable y resistente a los rayos UV, por lo que se puede utilizar tanto en\u00a0exteriores\u00a0como en interiores.Este tejido sirve tanto para la fabricaci\u00f3n de cortinas opacas, como para\u00a0forrar bastidores.Ancho: 280\u00a0cmPeso:\u00a0280 g\\\/m\u00b2Clasificaci\u00f3n ante el fuego: M1Composici\u00f3n: 100\u00a0% PES(con el reverso acr\u00edlico flocado blanco)\",\"breadcrumb\":{\"@id\":\"https:\\\/\\\/www.azur-scenic.com\\\/es\\\/producto\\\/tejido-opaco-m1\\\/#breadcrumb\"},\"inLanguage\":\"es\",\"potentialAction\":[{\"@type\":\"ReadAction\",\"target\":[\"https:\\\/\\\/www.azur-scenic.com\\\/es\\\/producto\\\/tejido-opaco-m1\\\/\"]}]},{\"@type\":\"ImageObject\",\"inLanguage\":\"es\",\"@id\":\"https:\\\/\\\/www.azur-scenic.com\\\/es\\\/producto\\\/tejido-opaco-m1\\\/#primaryimage\",\"url\":\"https:\\\/\\\/www.azur-scenic.com\\\/wp-content\\\/uploads\\\/TISSU-OCCULTATION-M1-ARDOISE.jpg\",\"contentUrl\":\"https:\\\/\\\/www.azur-scenic.com\\\/wp-content\\\/uploads\\\/TISSU-OCCULTATION-M1-ARDOISE.jpg\",\"width\":1824,\"height\":1824,\"caption\":\"TISSU OCCULTATION M1 ARDOISE\"},{\"@type\":\"BreadcrumbList\",\"@id\":\"https:\\\/\\\/www.azur-scenic.com\\\/es\\\/producto\\\/tejido-opaco-m1\\\/#breadcrumb\",\"itemListElement\":[{\"@type\":\"ListItem\",\"position\":1,\"name\":\"Accueil\",\"item\":\"https:\\\/\\\/www.azur-scenic.com\\\/es\\\/\"},{\"@type\":\"ListItem\",\"position\":2,\"name\":\"Productos\",\"item\":\"https:\\\/\\\/www.azur-scenic.com\\\/es\\\/?page_id=21440\"},{\"@type\":\"ListItem\",\"position\":3,\"name\":\"Tejido opaco M1\"}]},{\"@type\":\"WebSite\",\"@id\":\"https:\\\/\\\/www.azur-scenic.com\\\/es\\\/#website\",\"url\":\"https:\\\/\\\/www.azur-scenic.com\\\/es\\\/\",\"name\":\"Azur Scenic\",\"description\":\"Sp\u00e9cialiste de l\u2019\u00e9quipement sc\u00e9nique et de la d\u00e9coration int\u00e9rieure et \u00e9v\u00e9nementielle !\",\"publisher\":{\"@id\":\"https:\\\/\\\/www.azur-scenic.com\\\/es\\\/#organization\"},\"potentialAction\":[{\"@type\":\"SearchAction\",\"target\":{\"@type\":\"EntryPoint\",\"urlTemplate\":\"https:\\\/\\\/www.azur-scenic.com\\\/es\\\/?s={search_term_string}\"},\"query-input\":{\"@type\":\"PropertyValueSpecification\",\"valueRequired\":true,\"valueName\":\"search_term_string\"}}],\"inLanguage\":\"es\"},{\"@type\":\"Organization\",\"@id\":\"https:\\\/\\\/www.azur-scenic.com\\\/es\\\/#organization\",\"name\":\"AZUR SCENIC\",\"url\":\"https:\\\/\\\/www.azur-scenic.com\\\/es\\\/\",\"logo\":{\"@type\":\"ImageObject\",\"inLanguage\":\"es\",\"@id\":\"https:\\\/\\\/www.azur-scenic.com\\\/es\\\/#\\\/schema\\\/logo\\\/image\\\/\",\"url\":\"https:\\\/\\\/www.azur-scenic.com\\\/wp-content\\\/uploads\\\/2022\\\/09\\\/LOGO-AZUR-SCENIC-Fusion-web-236x64-1.jpg\",\"contentUrl\":\"https:\\\/\\\/www.azur-scenic.com\\\/wp-content\\\/uploads\\\/2022\\\/09\\\/LOGO-AZUR-SCENIC-Fusion-web-236x64-1.jpg\",\"width\":236,\"height\":64,\"caption\":\"AZUR SCENIC\"},\"image\":{\"@id\":\"https:\\\/\\\/www.azur-scenic.com\\\/es\\\/#\\\/schema\\\/logo\\\/image\\\/\"},\"sameAs\":[\"https:\\\/\\\/www.youtube.com\\\/channel\\\/UCPWM2mGPVUt4nYhNlm71WOA\",\"https:\\\/\\\/www.linkedin.com\\\/company\\\/33237605\\\/admin\\\/feed\\\/posts\\\/\"]}]}<\/script>\n<!-- \/ Yoast SEO plugin. -->","yoast_head_json":{"title":"Tejido opaco M1 - Azur Scenic","description":"Tejido 100 % opaco con un acabado particularmente\u00a0cuidado, con clasificaci\u00f3n ante el fuego M1 y disponible en una amplia gama de colores decorativos.Este producto, que cuenta con un recubrimiento blanco off-white, presenta propiedades de reflexi\u00f3n de la luz y del calor.Por otra parte, este tejido es lavable y resistente a los rayos UV, por lo que se puede utilizar tanto en\u00a0exteriores\u00a0como en interiores.Este tejido sirve tanto para la fabricaci\u00f3n de cortinas opacas, como para\u00a0forrar bastidores.Ancho: 280\u00a0cmPeso:\u00a0280 g\/m\u00b2Clasificaci\u00f3n ante el fuego: M1Composici\u00f3n: 100\u00a0% PES(con el reverso acr\u00edlico flocado blanco)","robots":{"index":"index","follow":"follow","max-snippet":"max-snippet:-1","max-image-preview":"max-image-preview:large","max-video-preview":"max-video-preview:-1"},"canonical":"https:\/\/www.azur-scenic.com\/es\/producto\/tejido-opaco-m1\/","og_locale":"es_ES","og_type":"article","og_title":"Tejido opaco M1 - Azur Scenic","og_description":"Tejido 100 % opaco con un acabado particularmente\u00a0cuidado, con clasificaci\u00f3n ante el fuego M1 y disponible en una amplia gama de colores decorativos.Este producto, que cuenta con un recubrimiento blanco off-white, presenta propiedades de reflexi\u00f3n de la luz y del calor.Por otra parte, este tejido es lavable y resistente a los rayos UV, por lo que se puede utilizar tanto en\u00a0exteriores\u00a0como en interiores.Este tejido sirve tanto para la fabricaci\u00f3n de cortinas opacas, como para\u00a0forrar bastidores.Ancho: 280\u00a0cmPeso:\u00a0280 g\/m\u00b2Clasificaci\u00f3n ante el fuego: M1Composici\u00f3n: 100\u00a0% PES(con el reverso acr\u00edlico flocado blanco)","og_url":"https:\/\/www.azur-scenic.com\/es\/producto\/tejido-opaco-m1\/","og_site_name":"Azur Scenic","article_modified_time":"2024-10-23T12:40:28+00:00","og_image":[{"width":1824,"height":1824,"url":"https:\/\/www.azur-scenic.com\/wp-content\/uploads\/TISSU-OCCULTATION-M1-ARDOISE.jpg","type":"image\/jpeg"}],"twitter_card":"summary_large_image","twitter_misc":{"Tiempo de lectura":"1 minuto"},"schema":{"@context":"https:\/\/schema.org","@graph":[{"@type":"WebPage","@id":"https:\/\/www.azur-scenic.com\/es\/producto\/tejido-opaco-m1\/","url":"https:\/\/www.azur-scenic.com\/es\/producto\/tejido-opaco-m1\/","name":"Tejido opaco M1 - Azur Scenic","isPartOf":{"@id":"https:\/\/www.azur-scenic.com\/es\/#website"},"primaryImageOfPage":{"@id":"https:\/\/www.azur-scenic.com\/es\/producto\/tejido-opaco-m1\/#primaryimage"},"image":{"@id":"https:\/\/www.azur-scenic.com\/es\/producto\/tejido-opaco-m1\/#primaryimage"},"thumbnailUrl":"https:\/\/www.azur-scenic.com\/wp-content\/uploads\/TISSU-OCCULTATION-M1-ARDOISE.jpg","datePublished":"2022-10-04T07:28:33+00:00","dateModified":"2024-10-23T12:40:28+00:00","description":"Tejido 100 % opaco con un acabado particularmente\u00a0cuidado, con clasificaci\u00f3n ante el fuego M1 y disponible en una amplia gama de colores decorativos.Este producto, que cuenta con un recubrimiento blanco off-white, presenta propiedades de reflexi\u00f3n de la luz y del calor.Por otra parte, este tejido es lavable y resistente a los rayos UV, por lo que se puede utilizar tanto en\u00a0exteriores\u00a0como en interiores.Este tejido sirve tanto para la fabricaci\u00f3n de cortinas opacas, como para\u00a0forrar bastidores.Ancho: 280\u00a0cmPeso:\u00a0280 g\/m\u00b2Clasificaci\u00f3n ante el fuego: M1Composici\u00f3n: 100\u00a0% PES(con el reverso acr\u00edlico flocado blanco)","breadcrumb":{"@id":"https:\/\/www.azur-scenic.com\/es\/producto\/tejido-opaco-m1\/#breadcrumb"},"inLanguage":"es","potentialAction":[{"@type":"ReadAction","target":["https:\/\/www.azur-scenic.com\/es\/producto\/tejido-opaco-m1\/"]}]},{"@type":"ImageObject","inLanguage":"es","@id":"https:\/\/www.azur-scenic.com\/es\/producto\/tejido-opaco-m1\/#primaryimage","url":"https:\/\/www.azur-scenic.com\/wp-content\/uploads\/TISSU-OCCULTATION-M1-ARDOISE.jpg","contentUrl":"https:\/\/www.azur-scenic.com\/wp-content\/uploads\/TISSU-OCCULTATION-M1-ARDOISE.jpg","width":1824,"height":1824,"caption":"TISSU OCCULTATION M1 ARDOISE"},{"@type":"BreadcrumbList","@id":"https:\/\/www.azur-scenic.com\/es\/producto\/tejido-opaco-m1\/#breadcrumb","itemListElement":[{"@type":"ListItem","position":1,"name":"Accueil","item":"https:\/\/www.azur-scenic.com\/es\/"},{"@type":"ListItem","position":2,"name":"Productos","item":"https:\/\/www.azur-scenic.com\/es\/?page_id=21440"},{"@type":"ListItem","position":3,"name":"Tejido opaco M1"}]},{"@type":"WebSite","@id":"https:\/\/www.azur-scenic.com\/es\/#website","url":"https:\/\/www.azur-scenic.com\/es\/","name":"Azur Scenic","description":"Sp\u00e9cialiste de l\u2019\u00e9quipement sc\u00e9nique et de la d\u00e9coration int\u00e9rieure et \u00e9v\u00e9nementielle !","publisher":{"@id":"https:\/\/www.azur-scenic.com\/es\/#organization"},"potentialAction":[{"@type":"SearchAction","target":{"@type":"EntryPoint","urlTemplate":"https:\/\/www.azur-scenic.com\/es\/?s={search_term_string}"},"query-input":{"@type":"PropertyValueSpecification","valueRequired":true,"valueName":"search_term_string"}}],"inLanguage":"es"},{"@type":"Organization","@id":"https:\/\/www.azur-scenic.com\/es\/#organization","name":"AZUR SCENIC","url":"https:\/\/www.azur-scenic.com\/es\/","logo":{"@type":"ImageObject","inLanguage":"es","@id":"https:\/\/www.azur-scenic.com\/es\/#\/schema\/logo\/image\/","url":"https:\/\/www.azur-scenic.com\/wp-content\/uploads\/2022\/09\/LOGO-AZUR-SCENIC-Fusion-web-236x64-1.jpg","contentUrl":"https:\/\/www.azur-scenic.com\/wp-content\/uploads\/2022\/09\/LOGO-AZUR-SCENIC-Fusion-web-236x64-1.jpg","width":236,"height":64,"caption":"AZUR SCENIC"},"image":{"@id":"https:\/\/www.azur-scenic.com\/es\/#\/schema\/logo\/image\/"},"sameAs":["https:\/\/www.youtube.com\/channel\/UCPWM2mGPVUt4nYhNlm71WOA","https:\/\/www.linkedin.com\/company\/33237605\/admin\/feed\/posts\/"]}]}},"_links":{"self":[{"href":"https:\/\/www.azur-scenic.com\/es\/wp-json\/wp\/v2\/product\/17260","targetHints":{"allow":["GET"]}}],"collection":[{"href":"https:\/\/www.azur-scenic.com\/es\/wp-json\/wp\/v2\/product"}],"about":[{"href":"https:\/\/www.azur-scenic.com\/es\/wp-json\/wp\/v2\/types\/product"}],"wp:featuredmedia":[{"embeddable":true,"href":"https:\/\/www.azur-scenic.com\/es\/wp-json\/wp\/v2\/media\/14615"}],"wp:attachment":[{"href":"https:\/\/www.azur-scenic.com\/es\/wp-json\/wp\/v2\/media?parent=17260"}],"wp:term":[{"taxonomy":"product_brand","embeddable":true,"href":"https:\/\/www.azur-scenic.com\/es\/wp-json\/wp\/v2\/product_brand?post=17260"},{"taxonomy":"product_cat","embeddable":true,"href":"https:\/\/www.azur-scenic.com\/es\/wp-json\/wp\/v2\/product_cat?post=17260"},{"taxonomy":"product_tag","embeddable":true,"href":"https:\/\/www.azur-scenic.com\/es\/wp-json\/wp\/v2\/product_tag?post=17260"}],"curies":[{"name":"wp","href":"https:\/\/api.w.org\/{rel}","templated":true}]}}