{"id":17293,"date":"2022-10-04T07:28:33","date_gmt":"2022-10-04T07:28:33","guid":{"rendered":"https:\/\/www.azur-scenic.com\/produit\/track-motor-250\/"},"modified":"2023-08-02T13:18:59","modified_gmt":"2023-08-02T13:18:59","slug":"track-motor-250","status":"publish","type":"product","link":"https:\/\/www.azur-scenic.com\/es\/producto\/track-motor-250\/","title":{"rendered":"Track Motor 250"},"content":{"rendered":"<p><p><strong>Potencia<\/strong>: 250 W<\/p>\n<p><strong>Peso m\u00e1ximo de cortinas correderas motorizadas<\/strong>: 250\u00a0kg en riel recto, 125\u00a0kg en riel curvo<\/p>\n<p><strong>Velocidad m\u00e1xima<\/strong>: 0,6 m\/s<\/p>\n<p>Velocidad fija<\/p>\n<p>Desbloqueo<\/p>\n<p><strong><span style=\"color: #f88523;\">Detalles t\u00e9cnicos, opciones y accesorios<\/span><\/strong><br \/>\nDescarga la ficha t\u00e9cnica.<\/p><\/p>\n","protected":false},"excerpt":{"rendered":"<p><span style=\"color: #f88523; font-weight: 600;\">TM250<\/span>: un motor <span style=\"color: #f88523; font-weight: 600;\">potente<\/span>, <span style=\"color: #f88523; font-weight: 600;\">silencioso<\/span>y <span style=\"color: #f88523; font-weight: 600;\">preciso <\/span>que se adapta a nuestros rieles <span style=\"color: #f88523; font-weight: 600;\">Heavy Track<\/span> y <span style=\"color: #f88523; font-weight: 600;\">Erail<\/span>.<\/p>\n<p>Su doble polea motriz ofrece una excelente precisi\u00f3n y te permite <span style=\"color: #f88523; font-weight: 600;\">desplazar telones y decorados<\/span> que pesen <span style=\"color: #f88523; font-weight: 600;\">hasta 250\u00a0kg<\/span> (en riel recto) a una <span style=\"color: #f88523; font-weight: 600;\">velocidad fija<\/span> de 60\u00a0cm\/s.<\/p>\n<p>Para que se adapte mejor a tu configuraci\u00f3n y a tu presupuesto, se puede equipar con un <span style=\"color: #f88523; font-weight: 600;\">mando de placa con cable<\/span> o con un <span style=\"color: #f88523; font-weight: 600;\">mando a distancia<\/span>.<\/p>\n<p>En caso de que se corte la corriente, cuenta con un sistema de <span style=\"color: #f88523; font-weight: 600;\">desbloqueo <\/span>que permite tirar del tel\u00f3n.<\/p>\n","protected":false},"featured_media":8510,"template":"","meta":{"_acf_changed":false},"product_brand":[],"product_cat":[1093,1094,944],"product_tag":[],"class_list":{"0":"post-17293","1":"product","2":"type-product","3":"status-publish","4":"has-post-thumbnail","6":"product_cat-productos-tecnicos","7":"product_cat-rieles-para-escenarios","8":"product_cat-todos-los-productos","9":"pa_techniques-fabricacion-a-medida","10":"pa_techniques-accionamiento-por-motor","12":"first","13":"instock","14":"shipping-taxable","15":"purchasable","16":"product-type-simple"},"acf":[],"yoast_head":"<!-- This site is optimized with the Yoast SEO plugin v27.3 - https:\/\/yoast.com\/product\/yoast-seo-wordpress\/ -->\n<title>Track Motor 250 - Azur Scenic<\/title>\n<meta name=\"description\" content=\"TM250: un motor potente, silenciosoy preciso que se adapta a nuestros rieles Heavy Track y Erail. Su doble polea motriz ofrece una excelente precisi\u00f3n y te permite desplazar telones y decorados que pesen hasta 250\u00a0kg (en riel recto) a una velocidad fija de 60\u00a0cm\/s. Para que se adapte mejor a tu configuraci\u00f3n y a tu presupuesto, se puede equipar con un mando de placa con cable o con un mando a distancia. En caso de que se corte la corriente, cuenta con un sistema de desbloqueo que permite tirar del tel\u00f3n.\" \/>\n<meta name=\"robots\" content=\"index, follow, max-snippet:-1, max-image-preview:large, max-video-preview:-1\" \/>\n<link rel=\"canonical\" href=\"https:\/\/www.azur-scenic.com\/es\/producto\/track-motor-250\/\" \/>\n<meta property=\"og:locale\" content=\"es_ES\" \/>\n<meta property=\"og:type\" content=\"article\" \/>\n<meta property=\"og:title\" content=\"Track Motor 250 - Azur Scenic\" \/>\n<meta property=\"og:description\" content=\"TM250: un motor potente, silenciosoy preciso que se adapta a nuestros rieles Heavy Track y Erail. Su doble polea motriz ofrece una excelente precisi\u00f3n y te permite desplazar telones y decorados que pesen hasta 250\u00a0kg (en riel recto) a una velocidad fija de 60\u00a0cm\/s. Para que se adapte mejor a tu configuraci\u00f3n y a tu presupuesto, se puede equipar con un mando de placa con cable o con un mando a distancia. En caso de que se corte la corriente, cuenta con un sistema de desbloqueo que permite tirar del tel\u00f3n.\" \/>\n<meta property=\"og:url\" content=\"https:\/\/www.azur-scenic.com\/es\/producto\/track-motor-250\/\" \/>\n<meta property=\"og:site_name\" content=\"Azur Scenic\" \/>\n<meta property=\"article:modified_time\" content=\"2023-08-02T13:18:59+00:00\" \/>\n<meta property=\"og:image\" content=\"https:\/\/www.azur-scenic.com\/wp-content\/uploads\/8d82b7d9f9bb4fecbc4c1d1c69eb0784.png\" \/>\n\t<meta property=\"og:image:width\" content=\"1065\" \/>\n\t<meta property=\"og:image:height\" content=\"1065\" \/>\n\t<meta property=\"og:image:type\" content=\"image\/png\" \/>\n<meta name=\"twitter:card\" content=\"summary_large_image\" \/>\n<script type=\"application\/ld+json\" class=\"yoast-schema-graph\">{\"@context\":\"https:\\\/\\\/schema.org\",\"@graph\":[{\"@type\":\"WebPage\",\"@id\":\"https:\\\/\\\/www.azur-scenic.com\\\/es\\\/producto\\\/track-motor-250\\\/\",\"url\":\"https:\\\/\\\/www.azur-scenic.com\\\/es\\\/producto\\\/track-motor-250\\\/\",\"name\":\"Track Motor 250 - Azur Scenic\",\"isPartOf\":{\"@id\":\"https:\\\/\\\/www.azur-scenic.com\\\/es\\\/#website\"},\"primaryImageOfPage\":{\"@id\":\"https:\\\/\\\/www.azur-scenic.com\\\/es\\\/producto\\\/track-motor-250\\\/#primaryimage\"},\"image\":{\"@id\":\"https:\\\/\\\/www.azur-scenic.com\\\/es\\\/producto\\\/track-motor-250\\\/#primaryimage\"},\"thumbnailUrl\":\"https:\\\/\\\/www.azur-scenic.com\\\/wp-content\\\/uploads\\\/8d82b7d9f9bb4fecbc4c1d1c69eb0784.png\",\"datePublished\":\"2022-10-04T07:28:33+00:00\",\"dateModified\":\"2023-08-02T13:18:59+00:00\",\"description\":\"TM250: un motor potente, silenciosoy preciso que se adapta a nuestros rieles Heavy Track y Erail. Su doble polea motriz ofrece una excelente precisi\u00f3n y te permite desplazar telones y decorados que pesen hasta 250\u00a0kg (en riel recto) a una velocidad fija de 60\u00a0cm\\\/s. Para que se adapte mejor a tu configuraci\u00f3n y a tu presupuesto, se puede equipar con un mando de placa con cable o con un mando a distancia. En caso de que se corte la corriente, cuenta con un sistema de desbloqueo que permite tirar del tel\u00f3n.\",\"breadcrumb\":{\"@id\":\"https:\\\/\\\/www.azur-scenic.com\\\/es\\\/producto\\\/track-motor-250\\\/#breadcrumb\"},\"inLanguage\":\"es\",\"potentialAction\":[{\"@type\":\"ReadAction\",\"target\":[\"https:\\\/\\\/www.azur-scenic.com\\\/es\\\/producto\\\/track-motor-250\\\/\"]}]},{\"@type\":\"ImageObject\",\"inLanguage\":\"es\",\"@id\":\"https:\\\/\\\/www.azur-scenic.com\\\/es\\\/producto\\\/track-motor-250\\\/#primaryimage\",\"url\":\"https:\\\/\\\/www.azur-scenic.com\\\/wp-content\\\/uploads\\\/8d82b7d9f9bb4fecbc4c1d1c69eb0784.png\",\"contentUrl\":\"https:\\\/\\\/www.azur-scenic.com\\\/wp-content\\\/uploads\\\/8d82b7d9f9bb4fecbc4c1d1c69eb0784.png\",\"width\":1065,\"height\":1065},{\"@type\":\"BreadcrumbList\",\"@id\":\"https:\\\/\\\/www.azur-scenic.com\\\/es\\\/producto\\\/track-motor-250\\\/#breadcrumb\",\"itemListElement\":[{\"@type\":\"ListItem\",\"position\":1,\"name\":\"Accueil\",\"item\":\"https:\\\/\\\/www.azur-scenic.com\\\/es\\\/\"},{\"@type\":\"ListItem\",\"position\":2,\"name\":\"Productos\",\"item\":\"https:\\\/\\\/www.azur-scenic.com\\\/es\\\/?page_id=21440\"},{\"@type\":\"ListItem\",\"position\":3,\"name\":\"Track Motor 250\"}]},{\"@type\":\"WebSite\",\"@id\":\"https:\\\/\\\/www.azur-scenic.com\\\/es\\\/#website\",\"url\":\"https:\\\/\\\/www.azur-scenic.com\\\/es\\\/\",\"name\":\"Azur Scenic\",\"description\":\"Sp\u00e9cialiste de l\u2019\u00e9quipement sc\u00e9nique et de la d\u00e9coration int\u00e9rieure et \u00e9v\u00e9nementielle !\",\"publisher\":{\"@id\":\"https:\\\/\\\/www.azur-scenic.com\\\/es\\\/#organization\"},\"potentialAction\":[{\"@type\":\"SearchAction\",\"target\":{\"@type\":\"EntryPoint\",\"urlTemplate\":\"https:\\\/\\\/www.azur-scenic.com\\\/es\\\/?s={search_term_string}\"},\"query-input\":{\"@type\":\"PropertyValueSpecification\",\"valueRequired\":true,\"valueName\":\"search_term_string\"}}],\"inLanguage\":\"es\"},{\"@type\":\"Organization\",\"@id\":\"https:\\\/\\\/www.azur-scenic.com\\\/es\\\/#organization\",\"name\":\"AZUR SCENIC\",\"url\":\"https:\\\/\\\/www.azur-scenic.com\\\/es\\\/\",\"logo\":{\"@type\":\"ImageObject\",\"inLanguage\":\"es\",\"@id\":\"https:\\\/\\\/www.azur-scenic.com\\\/es\\\/#\\\/schema\\\/logo\\\/image\\\/\",\"url\":\"https:\\\/\\\/www.azur-scenic.com\\\/wp-content\\\/uploads\\\/2022\\\/09\\\/LOGO-AZUR-SCENIC-Fusion-web-236x64-1.jpg\",\"contentUrl\":\"https:\\\/\\\/www.azur-scenic.com\\\/wp-content\\\/uploads\\\/2022\\\/09\\\/LOGO-AZUR-SCENIC-Fusion-web-236x64-1.jpg\",\"width\":236,\"height\":64,\"caption\":\"AZUR SCENIC\"},\"image\":{\"@id\":\"https:\\\/\\\/www.azur-scenic.com\\\/es\\\/#\\\/schema\\\/logo\\\/image\\\/\"},\"sameAs\":[\"https:\\\/\\\/www.youtube.com\\\/channel\\\/UCPWM2mGPVUt4nYhNlm71WOA\",\"https:\\\/\\\/www.linkedin.com\\\/company\\\/33237605\\\/admin\\\/feed\\\/posts\\\/\"]}]}<\/script>\n<!-- \/ Yoast SEO plugin. -->","yoast_head_json":{"title":"Track Motor 250 - Azur Scenic","description":"TM250: un motor potente, silenciosoy preciso que se adapta a nuestros rieles Heavy Track y Erail. Su doble polea motriz ofrece una excelente precisi\u00f3n y te permite desplazar telones y decorados que pesen hasta 250\u00a0kg (en riel recto) a una velocidad fija de 60\u00a0cm\/s. Para que se adapte mejor a tu configuraci\u00f3n y a tu presupuesto, se puede equipar con un mando de placa con cable o con un mando a distancia. En caso de que se corte la corriente, cuenta con un sistema de desbloqueo que permite tirar del tel\u00f3n.","robots":{"index":"index","follow":"follow","max-snippet":"max-snippet:-1","max-image-preview":"max-image-preview:large","max-video-preview":"max-video-preview:-1"},"canonical":"https:\/\/www.azur-scenic.com\/es\/producto\/track-motor-250\/","og_locale":"es_ES","og_type":"article","og_title":"Track Motor 250 - Azur Scenic","og_description":"TM250: un motor potente, silenciosoy preciso que se adapta a nuestros rieles Heavy Track y Erail. Su doble polea motriz ofrece una excelente precisi\u00f3n y te permite desplazar telones y decorados que pesen hasta 250\u00a0kg (en riel recto) a una velocidad fija de 60\u00a0cm\/s. Para que se adapte mejor a tu configuraci\u00f3n y a tu presupuesto, se puede equipar con un mando de placa con cable o con un mando a distancia. En caso de que se corte la corriente, cuenta con un sistema de desbloqueo que permite tirar del tel\u00f3n.","og_url":"https:\/\/www.azur-scenic.com\/es\/producto\/track-motor-250\/","og_site_name":"Azur Scenic","article_modified_time":"2023-08-02T13:18:59+00:00","og_image":[{"width":1065,"height":1065,"url":"https:\/\/www.azur-scenic.com\/wp-content\/uploads\/8d82b7d9f9bb4fecbc4c1d1c69eb0784.png","type":"image\/png"}],"twitter_card":"summary_large_image","schema":{"@context":"https:\/\/schema.org","@graph":[{"@type":"WebPage","@id":"https:\/\/www.azur-scenic.com\/es\/producto\/track-motor-250\/","url":"https:\/\/www.azur-scenic.com\/es\/producto\/track-motor-250\/","name":"Track Motor 250 - Azur Scenic","isPartOf":{"@id":"https:\/\/www.azur-scenic.com\/es\/#website"},"primaryImageOfPage":{"@id":"https:\/\/www.azur-scenic.com\/es\/producto\/track-motor-250\/#primaryimage"},"image":{"@id":"https:\/\/www.azur-scenic.com\/es\/producto\/track-motor-250\/#primaryimage"},"thumbnailUrl":"https:\/\/www.azur-scenic.com\/wp-content\/uploads\/8d82b7d9f9bb4fecbc4c1d1c69eb0784.png","datePublished":"2022-10-04T07:28:33+00:00","dateModified":"2023-08-02T13:18:59+00:00","description":"TM250: un motor potente, silenciosoy preciso que se adapta a nuestros rieles Heavy Track y Erail. Su doble polea motriz ofrece una excelente precisi\u00f3n y te permite desplazar telones y decorados que pesen hasta 250\u00a0kg (en riel recto) a una velocidad fija de 60\u00a0cm\/s. Para que se adapte mejor a tu configuraci\u00f3n y a tu presupuesto, se puede equipar con un mando de placa con cable o con un mando a distancia. En caso de que se corte la corriente, cuenta con un sistema de desbloqueo que permite tirar del tel\u00f3n.","breadcrumb":{"@id":"https:\/\/www.azur-scenic.com\/es\/producto\/track-motor-250\/#breadcrumb"},"inLanguage":"es","potentialAction":[{"@type":"ReadAction","target":["https:\/\/www.azur-scenic.com\/es\/producto\/track-motor-250\/"]}]},{"@type":"ImageObject","inLanguage":"es","@id":"https:\/\/www.azur-scenic.com\/es\/producto\/track-motor-250\/#primaryimage","url":"https:\/\/www.azur-scenic.com\/wp-content\/uploads\/8d82b7d9f9bb4fecbc4c1d1c69eb0784.png","contentUrl":"https:\/\/www.azur-scenic.com\/wp-content\/uploads\/8d82b7d9f9bb4fecbc4c1d1c69eb0784.png","width":1065,"height":1065},{"@type":"BreadcrumbList","@id":"https:\/\/www.azur-scenic.com\/es\/producto\/track-motor-250\/#breadcrumb","itemListElement":[{"@type":"ListItem","position":1,"name":"Accueil","item":"https:\/\/www.azur-scenic.com\/es\/"},{"@type":"ListItem","position":2,"name":"Productos","item":"https:\/\/www.azur-scenic.com\/es\/?page_id=21440"},{"@type":"ListItem","position":3,"name":"Track Motor 250"}]},{"@type":"WebSite","@id":"https:\/\/www.azur-scenic.com\/es\/#website","url":"https:\/\/www.azur-scenic.com\/es\/","name":"Azur Scenic","description":"Sp\u00e9cialiste de l\u2019\u00e9quipement sc\u00e9nique et de la d\u00e9coration int\u00e9rieure et \u00e9v\u00e9nementielle !","publisher":{"@id":"https:\/\/www.azur-scenic.com\/es\/#organization"},"potentialAction":[{"@type":"SearchAction","target":{"@type":"EntryPoint","urlTemplate":"https:\/\/www.azur-scenic.com\/es\/?s={search_term_string}"},"query-input":{"@type":"PropertyValueSpecification","valueRequired":true,"valueName":"search_term_string"}}],"inLanguage":"es"},{"@type":"Organization","@id":"https:\/\/www.azur-scenic.com\/es\/#organization","name":"AZUR SCENIC","url":"https:\/\/www.azur-scenic.com\/es\/","logo":{"@type":"ImageObject","inLanguage":"es","@id":"https:\/\/www.azur-scenic.com\/es\/#\/schema\/logo\/image\/","url":"https:\/\/www.azur-scenic.com\/wp-content\/uploads\/2022\/09\/LOGO-AZUR-SCENIC-Fusion-web-236x64-1.jpg","contentUrl":"https:\/\/www.azur-scenic.com\/wp-content\/uploads\/2022\/09\/LOGO-AZUR-SCENIC-Fusion-web-236x64-1.jpg","width":236,"height":64,"caption":"AZUR SCENIC"},"image":{"@id":"https:\/\/www.azur-scenic.com\/es\/#\/schema\/logo\/image\/"},"sameAs":["https:\/\/www.youtube.com\/channel\/UCPWM2mGPVUt4nYhNlm71WOA","https:\/\/www.linkedin.com\/company\/33237605\/admin\/feed\/posts\/"]}]}},"_links":{"self":[{"href":"https:\/\/www.azur-scenic.com\/es\/wp-json\/wp\/v2\/product\/17293","targetHints":{"allow":["GET"]}}],"collection":[{"href":"https:\/\/www.azur-scenic.com\/es\/wp-json\/wp\/v2\/product"}],"about":[{"href":"https:\/\/www.azur-scenic.com\/es\/wp-json\/wp\/v2\/types\/product"}],"wp:featuredmedia":[{"embeddable":true,"href":"https:\/\/www.azur-scenic.com\/es\/wp-json\/wp\/v2\/media\/8510"}],"wp:attachment":[{"href":"https:\/\/www.azur-scenic.com\/es\/wp-json\/wp\/v2\/media?parent=17293"}],"wp:term":[{"taxonomy":"product_brand","embeddable":true,"href":"https:\/\/www.azur-scenic.com\/es\/wp-json\/wp\/v2\/product_brand?post=17293"},{"taxonomy":"product_cat","embeddable":true,"href":"https:\/\/www.azur-scenic.com\/es\/wp-json\/wp\/v2\/product_cat?post=17293"},{"taxonomy":"product_tag","embeddable":true,"href":"https:\/\/www.azur-scenic.com\/es\/wp-json\/wp\/v2\/product_tag?post=17293"}],"curies":[{"name":"wp","href":"https:\/\/api.w.org\/{rel}","templated":true}]}}