{"id":17294,"date":"2022-10-04T07:28:32","date_gmt":"2022-10-04T07:28:32","guid":{"rendered":"https:\/\/www.azur-scenic.com\/produit\/tapis-super-shine\/"},"modified":"2023-08-02T13:17:58","modified_gmt":"2023-08-02T13:17:58","slug":"alfombra-hi-shine","status":"publish","type":"product","link":"https:\/\/www.azur-scenic.com\/es\/producto\/alfombra-hi-shine\/","title":{"rendered":"Alfombra Hi Shine"},"content":{"rendered":"<table style=\"width: 47.1446%;\">\n<thead>\n<tr>\n<th style=\"width: 30.4729%;\">Datos t\u00e9cnicos<\/th>\n<th style=\"width: 19.7898%;\">Valor<\/th>\n<th style=\"width: 113.835%;\">Comentarios<\/th>\n<\/tr>\n<\/thead>\n<tbody>\n<tr>\n<td style=\"vertical-align: top; width: 30.4729%;\">Ancho<\/td>\n<td style=\"vertical-align: top; width: 19.7898%;\">150\u00a0cm<\/td>\n<td style=\"vertical-align: top; width: 113.835%;\">\u00a0<\/td>\n<\/tr>\n<tr>\n<td style=\"vertical-align: top; width: 30.4729%;\">Peso<\/td>\n<td style=\"vertical-align: top; width: 19.7898%;\">1960 g\/m\u00b2<\/td>\n<td style=\"vertical-align: top; width: 113.835%;\">\u00a0<\/td>\n<\/tr>\n<tr>\n<td style=\"vertical-align: top; width: 30.4729%;\">Grosor<\/td>\n<td style=\"vertical-align: top; width: 19.7898%;\">1,5\u00a0mm<\/td>\n<td style=\"vertical-align: top; width: 113.835%;\">\u00a0<\/td>\n<\/tr>\n<tr>\n<td style=\"vertical-align: top; width: 30.4729%;\">Clasificaci\u00f3n ante el fuego<\/td>\n<td style=\"vertical-align: top; width: 19.7898%;\"><img decoding=\"async\" style=\"height: 20px; width: 20px;\" src=\"https:\/\/www.azur-scenic.com\/wp-content\/uploads\/icon-flag-europe.png\" \/> Bfl -S1<\/td>\n<td style=\"vertical-align: top; width: 113.835%;\">Norma: EN 13501-1<\/td>\n<\/tr>\n<tr>\n<td style=\"vertical-align: top; width: 30.4729%;\">Composici\u00f3n<\/td>\n<td style=\"vertical-align: top; width: 133.625%;\" colspan=\"2\" rowspan=\"1\">PVC\u00a0+ superficie calandrada a base de pol\u00edmero<\/td>\n<\/tr>\n<tr>\n<td style=\"vertical-align: top; width: 30.4729%;\">\n<p>Longitud del rollo<\/p>\n<p>\u00a0<\/p>\n<\/td>\n<td style=\"vertical-align: top; width: 19.7898%;\">10 ml (15 m\u00b2)<br \/>\n15 ml (22,5 m\u00b2)<br \/>\n20 ml (30\u00a0m\u00b2)<br \/>\n30 ml (45\u00a0m\u00b2)<\/td>\n<td style=\"vertical-align: top; width: 113.835%;\">Colores 002, 003, 100, 090, 092<br \/>\nColores 002, 003, 100, 090, 092<br \/>\nColores 002, 003, 100, 090, 092, 700<br \/>\nColores 002, 003, 100, 090, 092, 200<\/td>\n<\/tr>\n<tr>\n<td style=\"vertical-align: top; width: 30.4729%;\">Aislamiento ac\u00fastico<\/td>\n<td style=\"vertical-align: top; width: 19.7898%;\">3 dB<\/td>\n<td style=\"vertical-align: top; width: 113.835%;\">Norma: EN ISO 717-2<\/td>\n<\/tr>\n<\/tbody>\n<\/table>\n","protected":false},"excerpt":{"rendered":"<p style=\"text-align: justify;\">La alfombra <strong>Hi Shine Harlequin<\/strong>, con clasificaci\u00f3n ante el fuego <span style=\"color: #f88523;\"><strong>Bfl -S1<\/strong><\/span>, es muy <strong>resistente a los ara\u00f1azos<\/strong> gracias <span style=\"color: #000000;\">a su superficie calandrada a base de pol\u00edmero.<\/span><\/p>\n<p style=\"text-align: justify;\">Es ideal para cubrir <span style=\"color: #f88523;\"><strong>un estudio de TV<\/strong><\/span>\u00a0o para equipar<span style=\"color: #f88523;\"><strong> los suelos de los escenarios<\/strong><\/span>\u00a0en desfiles de moda, lanzamiento de productos, etc.<\/p>\n<p>La alfombra Hi Shine te permite transformar tu suelo en una superficie <span style=\"color: #f88523;\"><strong>ultrabrillante,\u00a0<\/strong><\/span>que te asegura juegos de luces sensacionales en el escenario.<\/p>\n<p>\u00a0<\/p>\n<table class=\"table\">\n<tbody>\n<tr>\n<td><strong>Ancho<\/strong>: 150\u00a0cm<\/td>\n<td><strong>Peso<\/strong>: 1960 g\/m\u00b2<\/td>\n<\/tr>\n<tr>\n<td><strong>Clasificaci\u00f3n ante el fuego<\/strong>: <img decoding=\"async\" style=\"height: 20px; width: 20px;\" src=\"https:\/\/www.azur-scenic.com\/wp-content\/uploads\/icon-flag-europe.png\" \/> Bfl -S1<\/td>\n<td><strong>Composici\u00f3n<\/strong>: PVC\u00a0(+ superficie calandrada a base de pol\u00edmero)<\/td>\n<\/tr>\n<\/tbody>\n<\/table>\n","protected":false},"featured_media":12747,"template":"","meta":{"_acf_changed":false},"product_brand":[],"product_cat":[1008,1099,1097,1098,943,944],"product_tag":[],"class_list":{"0":"post-17294","1":"product","2":"type-product","3":"status-publish","4":"has-post-thumbnail","6":"product_cat-decoracion","7":"product_cat-eventos","8":"product_cat-revestimientos-para-suelos-y-alfombras-de-baile","9":"product_cat-alfombras-de-baile","10":"product_cat-teatro","11":"product_cat-todos-los-productos","12":"pa_couleurs-002-es","13":"pa_couleurs-003-es","14":"pa_couleurs-090-es","15":"pa_couleurs-092-es","16":"pa_couleurs-100-es","17":"pa_couleurs-200-es","18":"pa_couleurs-700-es","19":"pa_groupes-de-couleurs-blanco","20":"pa_groupes-de-couleurs-azules","21":"pa_groupes-de-couleurs-gris","22":"pa_groupes-de-couleurs-negro","23":"pa_groupes-de-couleurs-rojos","24":"pa_textiles-apto-para-uso-en-exteriores","25":"pa_textiles-brillantes-laqueados-y-metalicos","26":"pa_textiles-ignifugo","27":"pa_textiles-lavable","29":"first","30":"instock","31":"shipping-taxable","32":"purchasable","33":"product-type-variable"},"acf":[],"yoast_head":"<!-- This site is optimized with the Yoast SEO plugin v27.3 - https:\/\/yoast.com\/product\/yoast-seo-wordpress\/ -->\n<title>Alfombra Hi Shine - Azur Scenic<\/title>\n<meta name=\"description\" content=\"La alfombra Hi Shine Harlequin, con clasificaci\u00f3n ante el fuego Bfl -S1, es muy resistente a los ara\u00f1azos gracias a su superficie calandrada a base de pol\u00edmero. Es ideal para cubrir un estudio de TV\u00a0o para equipar los suelos de los escenarios\u00a0en desfiles de moda, lanzamiento de productos, etc. La alfombra Hi Shine te permite transformar tu suelo en una superficie ultrabrillante,\u00a0que te asegura juegos de luces sensacionales en el escenario. \u00a0  Ancho: 150\u00a0cm Peso: 1960 g\/m\u00b2  Clasificaci\u00f3n ante el fuego: Bfl -S1 Composici\u00f3n: PVC\u00a0(+ superficie calandrada a base de pol\u00edmero)\" \/>\n<meta name=\"robots\" content=\"index, follow, max-snippet:-1, max-image-preview:large, max-video-preview:-1\" \/>\n<link rel=\"canonical\" href=\"https:\/\/www.azur-scenic.com\/es\/producto\/alfombra-hi-shine\/\" \/>\n<meta property=\"og:locale\" content=\"es_ES\" \/>\n<meta property=\"og:type\" content=\"article\" \/>\n<meta property=\"og:title\" content=\"Alfombra Hi Shine - Azur Scenic\" \/>\n<meta property=\"og:description\" content=\"La alfombra Hi Shine Harlequin, con clasificaci\u00f3n ante el fuego Bfl -S1, es muy resistente a los ara\u00f1azos gracias a su superficie calandrada a base de pol\u00edmero. Es ideal para cubrir un estudio de TV\u00a0o para equipar los suelos de los escenarios\u00a0en desfiles de moda, lanzamiento de productos, etc. La alfombra Hi Shine te permite transformar tu suelo en una superficie ultrabrillante,\u00a0que te asegura juegos de luces sensacionales en el escenario. \u00a0  Ancho: 150\u00a0cm Peso: 1960 g\/m\u00b2  Clasificaci\u00f3n ante el fuego: Bfl -S1 Composici\u00f3n: PVC\u00a0(+ superficie calandrada a base de pol\u00edmero)\" \/>\n<meta property=\"og:url\" content=\"https:\/\/www.azur-scenic.com\/es\/producto\/alfombra-hi-shine\/\" \/>\n<meta property=\"og:site_name\" content=\"Azur Scenic\" \/>\n<meta property=\"article:modified_time\" content=\"2023-08-02T13:17:58+00:00\" \/>\n<meta property=\"og:image\" content=\"https:\/\/www.azur-scenic.com\/wp-content\/uploads\/Hi-Shine-Argent.jpg\" \/>\n\t<meta property=\"og:image:width\" content=\"2048\" \/>\n\t<meta property=\"og:image:height\" content=\"2048\" \/>\n\t<meta property=\"og:image:type\" content=\"image\/jpeg\" \/>\n<meta name=\"twitter:card\" content=\"summary_large_image\" \/>\n<script type=\"application\/ld+json\" class=\"yoast-schema-graph\">{\"@context\":\"https:\\\/\\\/schema.org\",\"@graph\":[{\"@type\":\"WebPage\",\"@id\":\"https:\\\/\\\/www.azur-scenic.com\\\/es\\\/producto\\\/alfombra-hi-shine\\\/\",\"url\":\"https:\\\/\\\/www.azur-scenic.com\\\/es\\\/producto\\\/alfombra-hi-shine\\\/\",\"name\":\"Alfombra Hi Shine - Azur Scenic\",\"isPartOf\":{\"@id\":\"https:\\\/\\\/www.azur-scenic.com\\\/es\\\/#website\"},\"primaryImageOfPage\":{\"@id\":\"https:\\\/\\\/www.azur-scenic.com\\\/es\\\/producto\\\/alfombra-hi-shine\\\/#primaryimage\"},\"image\":{\"@id\":\"https:\\\/\\\/www.azur-scenic.com\\\/es\\\/producto\\\/alfombra-hi-shine\\\/#primaryimage\"},\"thumbnailUrl\":\"https:\\\/\\\/www.azur-scenic.com\\\/wp-content\\\/uploads\\\/Hi-Shine-Argent.jpg\",\"datePublished\":\"2022-10-04T07:28:32+00:00\",\"dateModified\":\"2023-08-02T13:17:58+00:00\",\"description\":\"La alfombra Hi Shine Harlequin, con clasificaci\u00f3n ante el fuego Bfl -S1, es muy resistente a los ara\u00f1azos gracias a su superficie calandrada a base de pol\u00edmero. Es ideal para cubrir un estudio de TV\u00a0o para equipar los suelos de los escenarios\u00a0en desfiles de moda, lanzamiento de productos, etc. La alfombra Hi Shine te permite transformar tu suelo en una superficie ultrabrillante,\u00a0que te asegura juegos de luces sensacionales en el escenario. \u00a0 Ancho: 150\u00a0cm Peso: 1960 g\\\/m\u00b2 Clasificaci\u00f3n ante el fuego: Bfl -S1 Composici\u00f3n: PVC\u00a0(+ superficie calandrada a base de pol\u00edmero)\",\"breadcrumb\":{\"@id\":\"https:\\\/\\\/www.azur-scenic.com\\\/es\\\/producto\\\/alfombra-hi-shine\\\/#breadcrumb\"},\"inLanguage\":\"es\",\"potentialAction\":[{\"@type\":\"ReadAction\",\"target\":[\"https:\\\/\\\/www.azur-scenic.com\\\/es\\\/producto\\\/alfombra-hi-shine\\\/\"]}]},{\"@type\":\"ImageObject\",\"inLanguage\":\"es\",\"@id\":\"https:\\\/\\\/www.azur-scenic.com\\\/es\\\/producto\\\/alfombra-hi-shine\\\/#primaryimage\",\"url\":\"https:\\\/\\\/www.azur-scenic.com\\\/wp-content\\\/uploads\\\/Hi-Shine-Argent.jpg\",\"contentUrl\":\"https:\\\/\\\/www.azur-scenic.com\\\/wp-content\\\/uploads\\\/Hi-Shine-Argent.jpg\",\"width\":2048,\"height\":2048,\"caption\":\"Tapis Hi Shine Coloris Argent\"},{\"@type\":\"BreadcrumbList\",\"@id\":\"https:\\\/\\\/www.azur-scenic.com\\\/es\\\/producto\\\/alfombra-hi-shine\\\/#breadcrumb\",\"itemListElement\":[{\"@type\":\"ListItem\",\"position\":1,\"name\":\"Accueil\",\"item\":\"https:\\\/\\\/www.azur-scenic.com\\\/es\\\/\"},{\"@type\":\"ListItem\",\"position\":2,\"name\":\"Productos\",\"item\":\"https:\\\/\\\/www.azur-scenic.com\\\/es\\\/?page_id=21440\"},{\"@type\":\"ListItem\",\"position\":3,\"name\":\"Alfombra Hi Shine\"}]},{\"@type\":\"WebSite\",\"@id\":\"https:\\\/\\\/www.azur-scenic.com\\\/es\\\/#website\",\"url\":\"https:\\\/\\\/www.azur-scenic.com\\\/es\\\/\",\"name\":\"Azur Scenic\",\"description\":\"Sp\u00e9cialiste de l\u2019\u00e9quipement sc\u00e9nique et de la d\u00e9coration int\u00e9rieure et \u00e9v\u00e9nementielle !\",\"publisher\":{\"@id\":\"https:\\\/\\\/www.azur-scenic.com\\\/es\\\/#organization\"},\"potentialAction\":[{\"@type\":\"SearchAction\",\"target\":{\"@type\":\"EntryPoint\",\"urlTemplate\":\"https:\\\/\\\/www.azur-scenic.com\\\/es\\\/?s={search_term_string}\"},\"query-input\":{\"@type\":\"PropertyValueSpecification\",\"valueRequired\":true,\"valueName\":\"search_term_string\"}}],\"inLanguage\":\"es\"},{\"@type\":\"Organization\",\"@id\":\"https:\\\/\\\/www.azur-scenic.com\\\/es\\\/#organization\",\"name\":\"AZUR SCENIC\",\"url\":\"https:\\\/\\\/www.azur-scenic.com\\\/es\\\/\",\"logo\":{\"@type\":\"ImageObject\",\"inLanguage\":\"es\",\"@id\":\"https:\\\/\\\/www.azur-scenic.com\\\/es\\\/#\\\/schema\\\/logo\\\/image\\\/\",\"url\":\"https:\\\/\\\/www.azur-scenic.com\\\/wp-content\\\/uploads\\\/2022\\\/09\\\/LOGO-AZUR-SCENIC-Fusion-web-236x64-1.jpg\",\"contentUrl\":\"https:\\\/\\\/www.azur-scenic.com\\\/wp-content\\\/uploads\\\/2022\\\/09\\\/LOGO-AZUR-SCENIC-Fusion-web-236x64-1.jpg\",\"width\":236,\"height\":64,\"caption\":\"AZUR SCENIC\"},\"image\":{\"@id\":\"https:\\\/\\\/www.azur-scenic.com\\\/es\\\/#\\\/schema\\\/logo\\\/image\\\/\"},\"sameAs\":[\"https:\\\/\\\/www.youtube.com\\\/channel\\\/UCPWM2mGPVUt4nYhNlm71WOA\",\"https:\\\/\\\/www.linkedin.com\\\/company\\\/33237605\\\/admin\\\/feed\\\/posts\\\/\"]}]}<\/script>\n<!-- \/ Yoast SEO plugin. -->","yoast_head_json":{"title":"Alfombra Hi Shine - Azur Scenic","description":"La alfombra Hi Shine Harlequin, con clasificaci\u00f3n ante el fuego Bfl -S1, es muy resistente a los ara\u00f1azos gracias a su superficie calandrada a base de pol\u00edmero. Es ideal para cubrir un estudio de TV\u00a0o para equipar los suelos de los escenarios\u00a0en desfiles de moda, lanzamiento de productos, etc. La alfombra Hi Shine te permite transformar tu suelo en una superficie ultrabrillante,\u00a0que te asegura juegos de luces sensacionales en el escenario. \u00a0  Ancho: 150\u00a0cm Peso: 1960 g\/m\u00b2  Clasificaci\u00f3n ante el fuego: Bfl -S1 Composici\u00f3n: PVC\u00a0(+ superficie calandrada a base de pol\u00edmero)","robots":{"index":"index","follow":"follow","max-snippet":"max-snippet:-1","max-image-preview":"max-image-preview:large","max-video-preview":"max-video-preview:-1"},"canonical":"https:\/\/www.azur-scenic.com\/es\/producto\/alfombra-hi-shine\/","og_locale":"es_ES","og_type":"article","og_title":"Alfombra Hi Shine - Azur Scenic","og_description":"La alfombra Hi Shine Harlequin, con clasificaci\u00f3n ante el fuego Bfl -S1, es muy resistente a los ara\u00f1azos gracias a su superficie calandrada a base de pol\u00edmero. Es ideal para cubrir un estudio de TV\u00a0o para equipar los suelos de los escenarios\u00a0en desfiles de moda, lanzamiento de productos, etc. La alfombra Hi Shine te permite transformar tu suelo en una superficie ultrabrillante,\u00a0que te asegura juegos de luces sensacionales en el escenario. \u00a0  Ancho: 150\u00a0cm Peso: 1960 g\/m\u00b2  Clasificaci\u00f3n ante el fuego: Bfl -S1 Composici\u00f3n: PVC\u00a0(+ superficie calandrada a base de pol\u00edmero)","og_url":"https:\/\/www.azur-scenic.com\/es\/producto\/alfombra-hi-shine\/","og_site_name":"Azur Scenic","article_modified_time":"2023-08-02T13:17:58+00:00","og_image":[{"width":2048,"height":2048,"url":"https:\/\/www.azur-scenic.com\/wp-content\/uploads\/Hi-Shine-Argent.jpg","type":"image\/jpeg"}],"twitter_card":"summary_large_image","schema":{"@context":"https:\/\/schema.org","@graph":[{"@type":"WebPage","@id":"https:\/\/www.azur-scenic.com\/es\/producto\/alfombra-hi-shine\/","url":"https:\/\/www.azur-scenic.com\/es\/producto\/alfombra-hi-shine\/","name":"Alfombra Hi Shine - Azur Scenic","isPartOf":{"@id":"https:\/\/www.azur-scenic.com\/es\/#website"},"primaryImageOfPage":{"@id":"https:\/\/www.azur-scenic.com\/es\/producto\/alfombra-hi-shine\/#primaryimage"},"image":{"@id":"https:\/\/www.azur-scenic.com\/es\/producto\/alfombra-hi-shine\/#primaryimage"},"thumbnailUrl":"https:\/\/www.azur-scenic.com\/wp-content\/uploads\/Hi-Shine-Argent.jpg","datePublished":"2022-10-04T07:28:32+00:00","dateModified":"2023-08-02T13:17:58+00:00","description":"La alfombra Hi Shine Harlequin, con clasificaci\u00f3n ante el fuego Bfl -S1, es muy resistente a los ara\u00f1azos gracias a su superficie calandrada a base de pol\u00edmero. Es ideal para cubrir un estudio de TV\u00a0o para equipar los suelos de los escenarios\u00a0en desfiles de moda, lanzamiento de productos, etc. La alfombra Hi Shine te permite transformar tu suelo en una superficie ultrabrillante,\u00a0que te asegura juegos de luces sensacionales en el escenario. \u00a0 Ancho: 150\u00a0cm Peso: 1960 g\/m\u00b2 Clasificaci\u00f3n ante el fuego: Bfl -S1 Composici\u00f3n: PVC\u00a0(+ superficie calandrada a base de pol\u00edmero)","breadcrumb":{"@id":"https:\/\/www.azur-scenic.com\/es\/producto\/alfombra-hi-shine\/#breadcrumb"},"inLanguage":"es","potentialAction":[{"@type":"ReadAction","target":["https:\/\/www.azur-scenic.com\/es\/producto\/alfombra-hi-shine\/"]}]},{"@type":"ImageObject","inLanguage":"es","@id":"https:\/\/www.azur-scenic.com\/es\/producto\/alfombra-hi-shine\/#primaryimage","url":"https:\/\/www.azur-scenic.com\/wp-content\/uploads\/Hi-Shine-Argent.jpg","contentUrl":"https:\/\/www.azur-scenic.com\/wp-content\/uploads\/Hi-Shine-Argent.jpg","width":2048,"height":2048,"caption":"Tapis Hi Shine Coloris Argent"},{"@type":"BreadcrumbList","@id":"https:\/\/www.azur-scenic.com\/es\/producto\/alfombra-hi-shine\/#breadcrumb","itemListElement":[{"@type":"ListItem","position":1,"name":"Accueil","item":"https:\/\/www.azur-scenic.com\/es\/"},{"@type":"ListItem","position":2,"name":"Productos","item":"https:\/\/www.azur-scenic.com\/es\/?page_id=21440"},{"@type":"ListItem","position":3,"name":"Alfombra Hi Shine"}]},{"@type":"WebSite","@id":"https:\/\/www.azur-scenic.com\/es\/#website","url":"https:\/\/www.azur-scenic.com\/es\/","name":"Azur Scenic","description":"Sp\u00e9cialiste de l\u2019\u00e9quipement sc\u00e9nique et de la d\u00e9coration int\u00e9rieure et \u00e9v\u00e9nementielle !","publisher":{"@id":"https:\/\/www.azur-scenic.com\/es\/#organization"},"potentialAction":[{"@type":"SearchAction","target":{"@type":"EntryPoint","urlTemplate":"https:\/\/www.azur-scenic.com\/es\/?s={search_term_string}"},"query-input":{"@type":"PropertyValueSpecification","valueRequired":true,"valueName":"search_term_string"}}],"inLanguage":"es"},{"@type":"Organization","@id":"https:\/\/www.azur-scenic.com\/es\/#organization","name":"AZUR SCENIC","url":"https:\/\/www.azur-scenic.com\/es\/","logo":{"@type":"ImageObject","inLanguage":"es","@id":"https:\/\/www.azur-scenic.com\/es\/#\/schema\/logo\/image\/","url":"https:\/\/www.azur-scenic.com\/wp-content\/uploads\/2022\/09\/LOGO-AZUR-SCENIC-Fusion-web-236x64-1.jpg","contentUrl":"https:\/\/www.azur-scenic.com\/wp-content\/uploads\/2022\/09\/LOGO-AZUR-SCENIC-Fusion-web-236x64-1.jpg","width":236,"height":64,"caption":"AZUR SCENIC"},"image":{"@id":"https:\/\/www.azur-scenic.com\/es\/#\/schema\/logo\/image\/"},"sameAs":["https:\/\/www.youtube.com\/channel\/UCPWM2mGPVUt4nYhNlm71WOA","https:\/\/www.linkedin.com\/company\/33237605\/admin\/feed\/posts\/"]}]}},"_links":{"self":[{"href":"https:\/\/www.azur-scenic.com\/es\/wp-json\/wp\/v2\/product\/17294","targetHints":{"allow":["GET"]}}],"collection":[{"href":"https:\/\/www.azur-scenic.com\/es\/wp-json\/wp\/v2\/product"}],"about":[{"href":"https:\/\/www.azur-scenic.com\/es\/wp-json\/wp\/v2\/types\/product"}],"wp:featuredmedia":[{"embeddable":true,"href":"https:\/\/www.azur-scenic.com\/es\/wp-json\/wp\/v2\/media\/12747"}],"wp:attachment":[{"href":"https:\/\/www.azur-scenic.com\/es\/wp-json\/wp\/v2\/media?parent=17294"}],"wp:term":[{"taxonomy":"product_brand","embeddable":true,"href":"https:\/\/www.azur-scenic.com\/es\/wp-json\/wp\/v2\/product_brand?post=17294"},{"taxonomy":"product_cat","embeddable":true,"href":"https:\/\/www.azur-scenic.com\/es\/wp-json\/wp\/v2\/product_cat?post=17294"},{"taxonomy":"product_tag","embeddable":true,"href":"https:\/\/www.azur-scenic.com\/es\/wp-json\/wp\/v2\/product_tag?post=17294"}],"curies":[{"name":"wp","href":"https:\/\/api.w.org\/{rel}","templated":true}]}}