{"id":17318,"date":"2022-10-04T07:28:32","date_gmt":"2022-10-04T07:28:32","guid":{"rendered":"https:\/\/www.azur-scenic.com\/produit\/tulle-feydeau\/"},"modified":"2024-10-10T12:09:31","modified_gmt":"2024-10-10T12:09:31","slug":"tul-feydeau","status":"publish","type":"product","link":"https:\/\/www.azur-scenic.com\/es\/producto\/tul-feydeau\/","title":{"rendered":"Tul Feydeau"},"content":{"rendered":"<table>\n<thead>\n<tr>\n<th style=\"width: 170px;\">Datos t\u00e9cnicos<\/th>\n<th>Valor<\/th>\n<th>Comentarios<\/th>\n<\/tr>\n<\/thead>\n<tbody>\n<tr>\n<td style=\"vertical-align: top;\">Tama\u00f1o de la malla<\/td>\n<td style=\"vertical-align: top;\">5 x 5\u00a0mm<\/td>\n<td>Malla cuadrada<\/td>\n<\/tr>\n<tr>\n<td style=\"vertical-align: top;\">Ancho<\/td>\n<td style=\"vertical-align: top;\">600\u00a0cm<\/td>\n<td>Disponible en 400\u00a0cm por encargo<\/td>\n<\/tr>\n<tr>\n<td style=\"vertical-align: top;\">Peso<\/td>\n<td style=\"vertical-align: top;\">95 g\/m\u00b2<\/td>\n<td>&nbsp;<\/td>\n<\/tr>\n<tr>\n<td style=\"vertical-align: top;\">Grosor<\/td>\n<td style=\"vertical-align: top;\">0,93\u00a0mm<\/td>\n<td>&nbsp;<\/td>\n<\/tr>\n<tr>\n<td style=\"vertical-align: top;\">Clasificaci\u00f3n ante el fuego<\/td>\n<td style=\"vertical-align: top;\"><img decoding=\"async\" style=\"height: 20px; width: 20px;\" src=\"https:\/\/www.azur-scenic.com\/wp-content\/uploads\/csm_icon-flag-france_3304e5e3f9.png\" \/> M1<\/td>\n<td>Norma: NF P 92-503-507<\/td>\n<\/tr>\n<tr>\n<td style=\"vertical-align: top;\">Composici\u00f3n<\/td>\n<td style=\"vertical-align: top;\">100\u00a0% PES<\/td>\n<td>Ign\u00edfugo<\/td>\n<\/tr>\n<tr>\n<td style=\"vertical-align: top;\">Longitud del rollo<\/td>\n<td style=\"vertical-align: top;\">\u00b1 50 a 70 m<\/td>\n<td style=\"vertical-align: top;\">Producto plegado longitudinalmente<br \/>\nPosibilidad de venta al corte<br \/>\n(5 ml como m\u00ednimo)<\/td>\n<\/tr>\n<\/tbody>\n<\/table>\n","protected":false},"excerpt":{"rendered":"<p><em><strong>Este producto se descataloga hasta fin de existencias solo en color negro.<\/strong><\/em><br \/>\n<em><strong>El certificado M1 data de 2018 y no ha sido renovado.<\/strong><\/em><br \/>\n<em><strong>Como sustituto, consulte la referencia <a href=\"https:\/\/www.azur-scenic.com\/es\/producto\/tul-shakespeare\/\">Tul Shakespeare<\/a>.<\/strong><\/em><\/p>\n<p>Un\u00a0<strong><span style=\"color: #f88523;\">tul para eventos econ\u00f3mico\u00a0<\/span><\/strong>de malla cuadrada, apto para <span style=\"color: #f88523;\"><strong>vestir<\/strong><\/span> estructuras y techos.<\/p>\n<p>Deja pasar el sonido para una <strong><span style=\"color: #f88523;\">transparencia ac\u00fastica<\/span><\/strong> perfecta, y por lo tanto se puede instalar sin problema delante de fuentes sonoras.<\/p>\n<p>Multidisciplinar, sirve tambi\u00e9n para la <strong><span style=\"color: #f88523;\">proyecci\u00f3n<\/span><\/strong>, se puede <strong><span style=\"color: #f88523;\">pintar\u00a0<\/span><\/strong>para realizar decorados o incluso utilizarse para crear<strong><span style=\"color: #f88523;\">\u00a0efectos esc\u00e9nicos de transparencia\u00a0\/\u00a0opacidad.\u00a0<\/span><\/strong><\/p>\n<p>Este tul, con clasificaci\u00f3n ante el fuego<strong><span style=\"color: #f88523;\">\u00a0M1\u00a0<\/span><\/strong>y tejido de <strong><span style=\"color: #f88523;\">gran anchura<\/span><\/strong>, permite cubrir grandes superficies sin costuras.<\/p>\n<table class=\"table\">\n<tbody>\n<tr>\n<td><strong>Ancho<\/strong>: 600\u00a0cm<br \/>\n(disponible en 400\u00a0cm por encargo)<\/td>\n<td><strong>Peso<\/strong>: 95 g\/m\u00b2<\/td>\n<\/tr>\n<tr>\n<td><strong>Clasificaci\u00f3n ante el fuego<\/strong>: <img decoding=\"async\" style=\"height: 20px; width: 20px;\" src=\"https:\/\/www.azur-scenic.com\/wp-content\/uploads\/csm_icon-flag-france_3304e5e3f9.png\" \/> M1<\/td>\n<td><strong>Composici\u00f3n<\/strong>: 100\u00a0% PES<\/td>\n<\/tr>\n<\/tbody>\n<\/table>\n","protected":false},"featured_media":8516,"template":"","meta":{"_acf_changed":false},"product_brand":[],"product_cat":[974,1119,939,1118,944],"product_tag":[],"class_list":{"0":"post-17318","1":"product","2":"type-product","3":"status-publish","4":"has-post-thumbnail","6":"product_cat-soluciones-acusticas","7":"product_cat-transparencia-acustica","8":"product_cat-tejidos-escenicos-y-para-eventos","9":"product_cat-tules","10":"product_cat-todos-los-productos","11":"pa_couleurs-003-es","12":"pa_groupes-de-couleurs-negro","13":"pa_textiles-ignifugo","14":"pa_textiles-efectos-especiales","15":"pa_textiles-proyeccion-frontal","16":"pa_textiles-retroproyeccion","17":"pa_textiles-transparencia-acustica","18":"pa_textiles-transparentes-y-translucidos","19":"pa_textiles-extra-ancho","21":"first","22":"instock","23":"shipping-taxable","24":"purchasable","25":"product-type-variable"},"acf":[],"yoast_head":"<!-- This site is optimized with the Yoast SEO plugin v27.3 - https:\/\/yoast.com\/product\/yoast-seo-wordpress\/ -->\n<title>Tul Feydeau - Azur Scenic<\/title>\n<meta name=\"description\" content=\"Un\u00a0tul para eventos econ\u00f3mico\u00a0de malla cuadrada, apto para vestir estructuras y techos.Deja pasar el sonido para una transparencia ac\u00fastica perfecta, y por lo tanto se puede instalar sin problema delante de fuentes sonoras.Multidisciplinar, sirve tambi\u00e9n para la proyecci\u00f3n, se puede pintar\u00a0para realizar decorados o incluso utilizarse para crear\u00a0efectos esc\u00e9nicos de transparencia\u00a0\/\u00a0opacidad.\u00a0Este tul, con clasificaci\u00f3n ante el fuego\u00a0M1\u00a0y tejido de gran anchura, permite cubrir grandes superficies sin costuras.Ancho: 600\u00a0cm(disponible en 400\u00a0cm por encargo)Peso: 95 g\/m\u00b2Clasificaci\u00f3n ante el fuego: M1Composici\u00f3n: 100\u00a0% PES\" \/>\n<meta name=\"robots\" content=\"index, follow, max-snippet:-1, max-image-preview:large, max-video-preview:-1\" \/>\n<link rel=\"canonical\" href=\"https:\/\/www.azur-scenic.com\/es\/producto\/tul-feydeau\/\" \/>\n<meta property=\"og:locale\" content=\"es_ES\" \/>\n<meta property=\"og:type\" content=\"article\" \/>\n<meta property=\"og:title\" content=\"Tul Feydeau - Azur Scenic\" \/>\n<meta property=\"og:description\" content=\"Un\u00a0tul para eventos econ\u00f3mico\u00a0de malla cuadrada, apto para vestir estructuras y techos.Deja pasar el sonido para una transparencia ac\u00fastica perfecta, y por lo tanto se puede instalar sin problema delante de fuentes sonoras.Multidisciplinar, sirve tambi\u00e9n para la proyecci\u00f3n, se puede pintar\u00a0para realizar decorados o incluso utilizarse para crear\u00a0efectos esc\u00e9nicos de transparencia\u00a0\/\u00a0opacidad.\u00a0Este tul, con clasificaci\u00f3n ante el fuego\u00a0M1\u00a0y tejido de gran anchura, permite cubrir grandes superficies sin costuras.Ancho: 600\u00a0cm(disponible en 400\u00a0cm por encargo)Peso: 95 g\/m\u00b2Clasificaci\u00f3n ante el fuego: M1Composici\u00f3n: 100\u00a0% PES\" \/>\n<meta property=\"og:url\" content=\"https:\/\/www.azur-scenic.com\/es\/producto\/tul-feydeau\/\" \/>\n<meta property=\"og:site_name\" content=\"Azur Scenic\" \/>\n<meta property=\"article:modified_time\" content=\"2024-10-10T12:09:31+00:00\" \/>\n<meta property=\"og:image\" content=\"https:\/\/www.azur-scenic.com\/wp-content\/uploads\/089460fa989fa59b69058ca0b1f08f97.jpg\" \/>\n\t<meta property=\"og:image:width\" content=\"300\" \/>\n\t<meta property=\"og:image:height\" content=\"300\" \/>\n\t<meta property=\"og:image:type\" content=\"image\/jpeg\" \/>\n<meta name=\"twitter:card\" content=\"summary_large_image\" \/>\n<meta name=\"twitter:label1\" content=\"Tiempo de lectura\" \/>\n\t<meta name=\"twitter:data1\" content=\"1 minuto\" \/>\n<script type=\"application\/ld+json\" class=\"yoast-schema-graph\">{\"@context\":\"https:\\\/\\\/schema.org\",\"@graph\":[{\"@type\":\"WebPage\",\"@id\":\"https:\\\/\\\/www.azur-scenic.com\\\/es\\\/producto\\\/tul-feydeau\\\/\",\"url\":\"https:\\\/\\\/www.azur-scenic.com\\\/es\\\/producto\\\/tul-feydeau\\\/\",\"name\":\"Tul Feydeau - Azur Scenic\",\"isPartOf\":{\"@id\":\"https:\\\/\\\/www.azur-scenic.com\\\/es\\\/#website\"},\"primaryImageOfPage\":{\"@id\":\"https:\\\/\\\/www.azur-scenic.com\\\/es\\\/producto\\\/tul-feydeau\\\/#primaryimage\"},\"image\":{\"@id\":\"https:\\\/\\\/www.azur-scenic.com\\\/es\\\/producto\\\/tul-feydeau\\\/#primaryimage\"},\"thumbnailUrl\":\"https:\\\/\\\/www.azur-scenic.com\\\/wp-content\\\/uploads\\\/089460fa989fa59b69058ca0b1f08f97.jpg\",\"datePublished\":\"2022-10-04T07:28:32+00:00\",\"dateModified\":\"2024-10-10T12:09:31+00:00\",\"description\":\"Un\u00a0tul para eventos econ\u00f3mico\u00a0de malla cuadrada, apto para vestir estructuras y techos.Deja pasar el sonido para una transparencia ac\u00fastica perfecta, y por lo tanto se puede instalar sin problema delante de fuentes sonoras.Multidisciplinar, sirve tambi\u00e9n para la proyecci\u00f3n, se puede pintar\u00a0para realizar decorados o incluso utilizarse para crear\u00a0efectos esc\u00e9nicos de transparencia\u00a0\\\/\u00a0opacidad.\u00a0Este tul, con clasificaci\u00f3n ante el fuego\u00a0M1\u00a0y tejido de gran anchura, permite cubrir grandes superficies sin costuras.Ancho: 600\u00a0cm(disponible en 400\u00a0cm por encargo)Peso: 95 g\\\/m\u00b2Clasificaci\u00f3n ante el fuego: M1Composici\u00f3n: 100\u00a0% PES\",\"breadcrumb\":{\"@id\":\"https:\\\/\\\/www.azur-scenic.com\\\/es\\\/producto\\\/tul-feydeau\\\/#breadcrumb\"},\"inLanguage\":\"es\",\"potentialAction\":[{\"@type\":\"ReadAction\",\"target\":[\"https:\\\/\\\/www.azur-scenic.com\\\/es\\\/producto\\\/tul-feydeau\\\/\"]}]},{\"@type\":\"ImageObject\",\"inLanguage\":\"es\",\"@id\":\"https:\\\/\\\/www.azur-scenic.com\\\/es\\\/producto\\\/tul-feydeau\\\/#primaryimage\",\"url\":\"https:\\\/\\\/www.azur-scenic.com\\\/wp-content\\\/uploads\\\/089460fa989fa59b69058ca0b1f08f97.jpg\",\"contentUrl\":\"https:\\\/\\\/www.azur-scenic.com\\\/wp-content\\\/uploads\\\/089460fa989fa59b69058ca0b1f08f97.jpg\",\"width\":300,\"height\":300},{\"@type\":\"BreadcrumbList\",\"@id\":\"https:\\\/\\\/www.azur-scenic.com\\\/es\\\/producto\\\/tul-feydeau\\\/#breadcrumb\",\"itemListElement\":[{\"@type\":\"ListItem\",\"position\":1,\"name\":\"Accueil\",\"item\":\"https:\\\/\\\/www.azur-scenic.com\\\/es\\\/\"},{\"@type\":\"ListItem\",\"position\":2,\"name\":\"Productos\",\"item\":\"https:\\\/\\\/www.azur-scenic.com\\\/es\\\/?page_id=21440\"},{\"@type\":\"ListItem\",\"position\":3,\"name\":\"Tul Feydeau\"}]},{\"@type\":\"WebSite\",\"@id\":\"https:\\\/\\\/www.azur-scenic.com\\\/es\\\/#website\",\"url\":\"https:\\\/\\\/www.azur-scenic.com\\\/es\\\/\",\"name\":\"Azur Scenic\",\"description\":\"Sp\u00e9cialiste de l\u2019\u00e9quipement sc\u00e9nique et de la d\u00e9coration int\u00e9rieure et \u00e9v\u00e9nementielle !\",\"publisher\":{\"@id\":\"https:\\\/\\\/www.azur-scenic.com\\\/es\\\/#organization\"},\"potentialAction\":[{\"@type\":\"SearchAction\",\"target\":{\"@type\":\"EntryPoint\",\"urlTemplate\":\"https:\\\/\\\/www.azur-scenic.com\\\/es\\\/?s={search_term_string}\"},\"query-input\":{\"@type\":\"PropertyValueSpecification\",\"valueRequired\":true,\"valueName\":\"search_term_string\"}}],\"inLanguage\":\"es\"},{\"@type\":\"Organization\",\"@id\":\"https:\\\/\\\/www.azur-scenic.com\\\/es\\\/#organization\",\"name\":\"AZUR SCENIC\",\"url\":\"https:\\\/\\\/www.azur-scenic.com\\\/es\\\/\",\"logo\":{\"@type\":\"ImageObject\",\"inLanguage\":\"es\",\"@id\":\"https:\\\/\\\/www.azur-scenic.com\\\/es\\\/#\\\/schema\\\/logo\\\/image\\\/\",\"url\":\"https:\\\/\\\/www.azur-scenic.com\\\/wp-content\\\/uploads\\\/2022\\\/09\\\/LOGO-AZUR-SCENIC-Fusion-web-236x64-1.jpg\",\"contentUrl\":\"https:\\\/\\\/www.azur-scenic.com\\\/wp-content\\\/uploads\\\/2022\\\/09\\\/LOGO-AZUR-SCENIC-Fusion-web-236x64-1.jpg\",\"width\":236,\"height\":64,\"caption\":\"AZUR SCENIC\"},\"image\":{\"@id\":\"https:\\\/\\\/www.azur-scenic.com\\\/es\\\/#\\\/schema\\\/logo\\\/image\\\/\"},\"sameAs\":[\"https:\\\/\\\/www.youtube.com\\\/channel\\\/UCPWM2mGPVUt4nYhNlm71WOA\",\"https:\\\/\\\/www.linkedin.com\\\/company\\\/33237605\\\/admin\\\/feed\\\/posts\\\/\"]}]}<\/script>\n<!-- \/ Yoast SEO plugin. -->","yoast_head_json":{"title":"Tul Feydeau - Azur Scenic","description":"Un\u00a0tul para eventos econ\u00f3mico\u00a0de malla cuadrada, apto para vestir estructuras y techos.Deja pasar el sonido para una transparencia ac\u00fastica perfecta, y por lo tanto se puede instalar sin problema delante de fuentes sonoras.Multidisciplinar, sirve tambi\u00e9n para la proyecci\u00f3n, se puede pintar\u00a0para realizar decorados o incluso utilizarse para crear\u00a0efectos esc\u00e9nicos de transparencia\u00a0\/\u00a0opacidad.\u00a0Este tul, con clasificaci\u00f3n ante el fuego\u00a0M1\u00a0y tejido de gran anchura, permite cubrir grandes superficies sin costuras.Ancho: 600\u00a0cm(disponible en 400\u00a0cm por encargo)Peso: 95 g\/m\u00b2Clasificaci\u00f3n ante el fuego: M1Composici\u00f3n: 100\u00a0% PES","robots":{"index":"index","follow":"follow","max-snippet":"max-snippet:-1","max-image-preview":"max-image-preview:large","max-video-preview":"max-video-preview:-1"},"canonical":"https:\/\/www.azur-scenic.com\/es\/producto\/tul-feydeau\/","og_locale":"es_ES","og_type":"article","og_title":"Tul Feydeau - Azur Scenic","og_description":"Un\u00a0tul para eventos econ\u00f3mico\u00a0de malla cuadrada, apto para vestir estructuras y techos.Deja pasar el sonido para una transparencia ac\u00fastica perfecta, y por lo tanto se puede instalar sin problema delante de fuentes sonoras.Multidisciplinar, sirve tambi\u00e9n para la proyecci\u00f3n, se puede pintar\u00a0para realizar decorados o incluso utilizarse para crear\u00a0efectos esc\u00e9nicos de transparencia\u00a0\/\u00a0opacidad.\u00a0Este tul, con clasificaci\u00f3n ante el fuego\u00a0M1\u00a0y tejido de gran anchura, permite cubrir grandes superficies sin costuras.Ancho: 600\u00a0cm(disponible en 400\u00a0cm por encargo)Peso: 95 g\/m\u00b2Clasificaci\u00f3n ante el fuego: M1Composici\u00f3n: 100\u00a0% PES","og_url":"https:\/\/www.azur-scenic.com\/es\/producto\/tul-feydeau\/","og_site_name":"Azur Scenic","article_modified_time":"2024-10-10T12:09:31+00:00","og_image":[{"width":300,"height":300,"url":"https:\/\/www.azur-scenic.com\/wp-content\/uploads\/089460fa989fa59b69058ca0b1f08f97.jpg","type":"image\/jpeg"}],"twitter_card":"summary_large_image","twitter_misc":{"Tiempo de lectura":"1 minuto"},"schema":{"@context":"https:\/\/schema.org","@graph":[{"@type":"WebPage","@id":"https:\/\/www.azur-scenic.com\/es\/producto\/tul-feydeau\/","url":"https:\/\/www.azur-scenic.com\/es\/producto\/tul-feydeau\/","name":"Tul Feydeau - Azur Scenic","isPartOf":{"@id":"https:\/\/www.azur-scenic.com\/es\/#website"},"primaryImageOfPage":{"@id":"https:\/\/www.azur-scenic.com\/es\/producto\/tul-feydeau\/#primaryimage"},"image":{"@id":"https:\/\/www.azur-scenic.com\/es\/producto\/tul-feydeau\/#primaryimage"},"thumbnailUrl":"https:\/\/www.azur-scenic.com\/wp-content\/uploads\/089460fa989fa59b69058ca0b1f08f97.jpg","datePublished":"2022-10-04T07:28:32+00:00","dateModified":"2024-10-10T12:09:31+00:00","description":"Un\u00a0tul para eventos econ\u00f3mico\u00a0de malla cuadrada, apto para vestir estructuras y techos.Deja pasar el sonido para una transparencia ac\u00fastica perfecta, y por lo tanto se puede instalar sin problema delante de fuentes sonoras.Multidisciplinar, sirve tambi\u00e9n para la proyecci\u00f3n, se puede pintar\u00a0para realizar decorados o incluso utilizarse para crear\u00a0efectos esc\u00e9nicos de transparencia\u00a0\/\u00a0opacidad.\u00a0Este tul, con clasificaci\u00f3n ante el fuego\u00a0M1\u00a0y tejido de gran anchura, permite cubrir grandes superficies sin costuras.Ancho: 600\u00a0cm(disponible en 400\u00a0cm por encargo)Peso: 95 g\/m\u00b2Clasificaci\u00f3n ante el fuego: M1Composici\u00f3n: 100\u00a0% PES","breadcrumb":{"@id":"https:\/\/www.azur-scenic.com\/es\/producto\/tul-feydeau\/#breadcrumb"},"inLanguage":"es","potentialAction":[{"@type":"ReadAction","target":["https:\/\/www.azur-scenic.com\/es\/producto\/tul-feydeau\/"]}]},{"@type":"ImageObject","inLanguage":"es","@id":"https:\/\/www.azur-scenic.com\/es\/producto\/tul-feydeau\/#primaryimage","url":"https:\/\/www.azur-scenic.com\/wp-content\/uploads\/089460fa989fa59b69058ca0b1f08f97.jpg","contentUrl":"https:\/\/www.azur-scenic.com\/wp-content\/uploads\/089460fa989fa59b69058ca0b1f08f97.jpg","width":300,"height":300},{"@type":"BreadcrumbList","@id":"https:\/\/www.azur-scenic.com\/es\/producto\/tul-feydeau\/#breadcrumb","itemListElement":[{"@type":"ListItem","position":1,"name":"Accueil","item":"https:\/\/www.azur-scenic.com\/es\/"},{"@type":"ListItem","position":2,"name":"Productos","item":"https:\/\/www.azur-scenic.com\/es\/?page_id=21440"},{"@type":"ListItem","position":3,"name":"Tul Feydeau"}]},{"@type":"WebSite","@id":"https:\/\/www.azur-scenic.com\/es\/#website","url":"https:\/\/www.azur-scenic.com\/es\/","name":"Azur Scenic","description":"Sp\u00e9cialiste de l\u2019\u00e9quipement sc\u00e9nique et de la d\u00e9coration int\u00e9rieure et \u00e9v\u00e9nementielle !","publisher":{"@id":"https:\/\/www.azur-scenic.com\/es\/#organization"},"potentialAction":[{"@type":"SearchAction","target":{"@type":"EntryPoint","urlTemplate":"https:\/\/www.azur-scenic.com\/es\/?s={search_term_string}"},"query-input":{"@type":"PropertyValueSpecification","valueRequired":true,"valueName":"search_term_string"}}],"inLanguage":"es"},{"@type":"Organization","@id":"https:\/\/www.azur-scenic.com\/es\/#organization","name":"AZUR SCENIC","url":"https:\/\/www.azur-scenic.com\/es\/","logo":{"@type":"ImageObject","inLanguage":"es","@id":"https:\/\/www.azur-scenic.com\/es\/#\/schema\/logo\/image\/","url":"https:\/\/www.azur-scenic.com\/wp-content\/uploads\/2022\/09\/LOGO-AZUR-SCENIC-Fusion-web-236x64-1.jpg","contentUrl":"https:\/\/www.azur-scenic.com\/wp-content\/uploads\/2022\/09\/LOGO-AZUR-SCENIC-Fusion-web-236x64-1.jpg","width":236,"height":64,"caption":"AZUR SCENIC"},"image":{"@id":"https:\/\/www.azur-scenic.com\/es\/#\/schema\/logo\/image\/"},"sameAs":["https:\/\/www.youtube.com\/channel\/UCPWM2mGPVUt4nYhNlm71WOA","https:\/\/www.linkedin.com\/company\/33237605\/admin\/feed\/posts\/"]}]}},"_links":{"self":[{"href":"https:\/\/www.azur-scenic.com\/es\/wp-json\/wp\/v2\/product\/17318","targetHints":{"allow":["GET"]}}],"collection":[{"href":"https:\/\/www.azur-scenic.com\/es\/wp-json\/wp\/v2\/product"}],"about":[{"href":"https:\/\/www.azur-scenic.com\/es\/wp-json\/wp\/v2\/types\/product"}],"wp:featuredmedia":[{"embeddable":true,"href":"https:\/\/www.azur-scenic.com\/es\/wp-json\/wp\/v2\/media\/8516"}],"wp:attachment":[{"href":"https:\/\/www.azur-scenic.com\/es\/wp-json\/wp\/v2\/media?parent=17318"}],"wp:term":[{"taxonomy":"product_brand","embeddable":true,"href":"https:\/\/www.azur-scenic.com\/es\/wp-json\/wp\/v2\/product_brand?post=17318"},{"taxonomy":"product_cat","embeddable":true,"href":"https:\/\/www.azur-scenic.com\/es\/wp-json\/wp\/v2\/product_cat?post=17318"},{"taxonomy":"product_tag","embeddable":true,"href":"https:\/\/www.azur-scenic.com\/es\/wp-json\/wp\/v2\/product_tag?post=17318"}],"curies":[{"name":"wp","href":"https:\/\/api.w.org\/{rel}","templated":true}]}}