{"id":17359,"date":"2022-10-04T07:28:31","date_gmt":"2022-10-04T07:28:31","guid":{"rendered":"https:\/\/www.azur-scenic.com\/produit\/easy-track\/"},"modified":"2023-08-02T13:18:56","modified_gmt":"2023-08-02T13:18:56","slug":"easy-track","status":"publish","type":"product","link":"https:\/\/www.azur-scenic.com\/es\/producto\/easy-track\/","title":{"rendered":"Easy Track"},"content":{"rendered":"<p><p>Perfil de aluminio en color <span style=\"color: #f88523; font-weight: 600;\">aluminio\u00a0<\/span>, <span style=\"color: #f88523; font-weight: 600;\">blanco\u00a0<\/span>o <span style=\"color: #f88523;\"><strong>negro<\/strong><\/span>.<\/p>\n<p>Posibilidad de abrir y cerrar las cortinas <strong><span style=\"color: #f88523;\">tirando de ellas<\/span><\/strong> manualmente<\/p>\n<p>Montaje en <strong><span style=\"color: #f88523;\">riel simple<\/span><\/strong>\u00a0o en <strong><span style=\"color: #f88523;\">riel doble<\/span><\/strong> con cruce.<\/p>\n<p>Posibilidad de montarlo con un <strong><span style=\"color: #f88523;\">gancho de techo<\/span><\/strong>, un gancho de <strong><span style=\"color: #f88523;\">pared<\/span><\/strong> en consolas o un gancho desde un <strong><span style=\"color: #f88523;\">poste<\/span><\/strong> con abrazaderas (tubo de 50\u00a0mm de di\u00e1metro).<\/p>\n<p><strong><span style=\"color: #f88523;\">Detalles t\u00e9cnicos, opciones y accesorios<\/span><\/strong><br \/>\nDescarga la ficha t\u00e9cnica.\u00a0<\/p>\n<p>\u00a0<\/p><\/p>\n","protected":false},"excerpt":{"rendered":"<p><span style=\"color: #f88523; font-weight: 600;\">Riel para manejar las cortinas manualmente<\/span> (sin tirar de un cord\u00f3n), <span style=\"color: #f88523; font-weight: 600;\">que se puede cimbrar manualmente<\/span> y puede sostener <span style=\"color: #f88523; font-weight: 600;\">cargas pesadas.<\/span><\/p>\n","protected":false},"featured_media":8504,"template":"","meta":{"_acf_changed":false},"product_brand":[],"product_cat":[1093,1185,944],"product_tag":[],"class_list":{"0":"post-17359","1":"product","2":"type-product","3":"status-publish","4":"has-post-thumbnail","6":"product_cat-productos-tecnicos","7":"product_cat-rieles-polivalentes","8":"product_cat-todos-los-productos","9":"pa_techniques-permite-la-manipulacion-manual-sin-tirar-de-una-driza","10":"pa_techniques-se-puede-curvar","11":"pa_techniques-fabricacion-a-medida","12":"pa_techniques-fijacion-mural","13":"pa_techniques-fijacion-al-techo","14":"pa_techniques-fijacion-mediante-tubo","15":"pa_techniques-montaje-sobre-riel-doble","16":"pa_techniques-montaje-sobre-riel-simple","18":"first","19":"instock","20":"shipping-taxable","21":"purchasable","22":"product-type-simple"},"acf":[],"yoast_head":"<!-- This site is optimized with the Yoast SEO plugin v27.1.1 - https:\/\/yoast.com\/product\/yoast-seo-wordpress\/ -->\n<title>Easy Track - Azur Scenic<\/title>\n<meta name=\"description\" content=\"Riel para manejar las cortinas manualmente (sin tirar de un cord\u00f3n), que se puede cimbrar manualmente y puede sostener cargas pesadas.\" \/>\n<meta name=\"robots\" content=\"index, follow, max-snippet:-1, max-image-preview:large, max-video-preview:-1\" \/>\n<link rel=\"canonical\" href=\"https:\/\/www.azur-scenic.com\/es\/producto\/easy-track\/\" \/>\n<meta property=\"og:locale\" content=\"es_ES\" \/>\n<meta property=\"og:type\" content=\"article\" \/>\n<meta property=\"og:title\" content=\"Easy Track - Azur Scenic\" \/>\n<meta property=\"og:description\" content=\"Riel para manejar las cortinas manualmente (sin tirar de un cord\u00f3n), que se puede cimbrar manualmente y puede sostener cargas pesadas.\" \/>\n<meta property=\"og:url\" content=\"https:\/\/www.azur-scenic.com\/es\/producto\/easy-track\/\" \/>\n<meta property=\"og:site_name\" content=\"Azur Scenic\" \/>\n<meta property=\"article:modified_time\" content=\"2023-08-02T13:18:56+00:00\" \/>\n<meta property=\"og:image\" content=\"https:\/\/www.azur-scenic.com\/wp-content\/uploads\/324ca0f8435b35e1e46edf9643e7fcae.jpg\" \/>\n\t<meta property=\"og:image:width\" content=\"2500\" \/>\n\t<meta property=\"og:image:height\" content=\"2500\" \/>\n\t<meta property=\"og:image:type\" content=\"image\/jpeg\" \/>\n<meta name=\"twitter:card\" content=\"summary_large_image\" \/>\n<script type=\"application\/ld+json\" class=\"yoast-schema-graph\">{\"@context\":\"https:\/\/schema.org\",\"@graph\":[{\"@type\":\"WebPage\",\"@id\":\"https:\/\/www.azur-scenic.com\/es\/producto\/easy-track\/\",\"url\":\"https:\/\/www.azur-scenic.com\/es\/producto\/easy-track\/\",\"name\":\"Easy Track - Azur Scenic\",\"isPartOf\":{\"@id\":\"https:\/\/www.azur-scenic.com\/es\/#website\"},\"primaryImageOfPage\":{\"@id\":\"https:\/\/www.azur-scenic.com\/es\/producto\/easy-track\/#primaryimage\"},\"image\":{\"@id\":\"https:\/\/www.azur-scenic.com\/es\/producto\/easy-track\/#primaryimage\"},\"thumbnailUrl\":\"https:\/\/www.azur-scenic.com\/wp-content\/uploads\/324ca0f8435b35e1e46edf9643e7fcae.jpg\",\"datePublished\":\"2022-10-04T07:28:31+00:00\",\"dateModified\":\"2023-08-02T13:18:56+00:00\",\"description\":\"Riel para manejar las cortinas manualmente (sin tirar de un cord\u00f3n), que se puede cimbrar manualmente y puede sostener cargas pesadas.\",\"breadcrumb\":{\"@id\":\"https:\/\/www.azur-scenic.com\/es\/producto\/easy-track\/#breadcrumb\"},\"inLanguage\":\"es\",\"potentialAction\":[{\"@type\":\"ReadAction\",\"target\":[\"https:\/\/www.azur-scenic.com\/es\/producto\/easy-track\/\"]}]},{\"@type\":\"ImageObject\",\"inLanguage\":\"es\",\"@id\":\"https:\/\/www.azur-scenic.com\/es\/producto\/easy-track\/#primaryimage\",\"url\":\"https:\/\/www.azur-scenic.com\/wp-content\/uploads\/324ca0f8435b35e1e46edf9643e7fcae.jpg\",\"contentUrl\":\"https:\/\/www.azur-scenic.com\/wp-content\/uploads\/324ca0f8435b35e1e46edf9643e7fcae.jpg\",\"width\":2500,\"height\":2500},{\"@type\":\"BreadcrumbList\",\"@id\":\"https:\/\/www.azur-scenic.com\/es\/producto\/easy-track\/#breadcrumb\",\"itemListElement\":[{\"@type\":\"ListItem\",\"position\":1,\"name\":\"Accueil\",\"item\":\"https:\/\/www.azur-scenic.com\/es\/\"},{\"@type\":\"ListItem\",\"position\":2,\"name\":\"Productos\",\"item\":\"https:\/\/www.azur-scenic.com\/es\/?page_id=21440\"},{\"@type\":\"ListItem\",\"position\":3,\"name\":\"Easy Track\"}]},{\"@type\":\"WebSite\",\"@id\":\"https:\/\/www.azur-scenic.com\/es\/#website\",\"url\":\"https:\/\/www.azur-scenic.com\/es\/\",\"name\":\"Azur Scenic\",\"description\":\"Sp\u00e9cialiste de l\u2019\u00e9quipement sc\u00e9nique et de la d\u00e9coration int\u00e9rieure et \u00e9v\u00e9nementielle !\",\"publisher\":{\"@id\":\"https:\/\/www.azur-scenic.com\/es\/#organization\"},\"potentialAction\":[{\"@type\":\"SearchAction\",\"target\":{\"@type\":\"EntryPoint\",\"urlTemplate\":\"https:\/\/www.azur-scenic.com\/es\/?s={search_term_string}\"},\"query-input\":{\"@type\":\"PropertyValueSpecification\",\"valueRequired\":true,\"valueName\":\"search_term_string\"}}],\"inLanguage\":\"es\"},{\"@type\":\"Organization\",\"@id\":\"https:\/\/www.azur-scenic.com\/es\/#organization\",\"name\":\"AZUR SCENIC\",\"url\":\"https:\/\/www.azur-scenic.com\/es\/\",\"logo\":{\"@type\":\"ImageObject\",\"inLanguage\":\"es\",\"@id\":\"https:\/\/www.azur-scenic.com\/es\/#\/schema\/logo\/image\/\",\"url\":\"https:\/\/www.azur-scenic.com\/wp-content\/uploads\/2022\/09\/LOGO-AZUR-SCENIC-Fusion-web-236x64-1.jpg\",\"contentUrl\":\"https:\/\/www.azur-scenic.com\/wp-content\/uploads\/2022\/09\/LOGO-AZUR-SCENIC-Fusion-web-236x64-1.jpg\",\"width\":236,\"height\":64,\"caption\":\"AZUR SCENIC\"},\"image\":{\"@id\":\"https:\/\/www.azur-scenic.com\/es\/#\/schema\/logo\/image\/\"},\"sameAs\":[\"https:\/\/www.youtube.com\/channel\/UCPWM2mGPVUt4nYhNlm71WOA\",\"https:\/\/www.linkedin.com\/company\/33237605\/admin\/feed\/posts\/\"]}]}<\/script>\n<!-- \/ Yoast SEO plugin. -->","yoast_head_json":{"title":"Easy Track - Azur Scenic","description":"Riel para manejar las cortinas manualmente (sin tirar de un cord\u00f3n), que se puede cimbrar manualmente y puede sostener cargas pesadas.","robots":{"index":"index","follow":"follow","max-snippet":"max-snippet:-1","max-image-preview":"max-image-preview:large","max-video-preview":"max-video-preview:-1"},"canonical":"https:\/\/www.azur-scenic.com\/es\/producto\/easy-track\/","og_locale":"es_ES","og_type":"article","og_title":"Easy Track - Azur Scenic","og_description":"Riel para manejar las cortinas manualmente (sin tirar de un cord\u00f3n), que se puede cimbrar manualmente y puede sostener cargas pesadas.","og_url":"https:\/\/www.azur-scenic.com\/es\/producto\/easy-track\/","og_site_name":"Azur Scenic","article_modified_time":"2023-08-02T13:18:56+00:00","og_image":[{"width":2500,"height":2500,"url":"https:\/\/www.azur-scenic.com\/wp-content\/uploads\/324ca0f8435b35e1e46edf9643e7fcae.jpg","type":"image\/jpeg"}],"twitter_card":"summary_large_image","schema":{"@context":"https:\/\/schema.org","@graph":[{"@type":"WebPage","@id":"https:\/\/www.azur-scenic.com\/es\/producto\/easy-track\/","url":"https:\/\/www.azur-scenic.com\/es\/producto\/easy-track\/","name":"Easy Track - Azur Scenic","isPartOf":{"@id":"https:\/\/www.azur-scenic.com\/es\/#website"},"primaryImageOfPage":{"@id":"https:\/\/www.azur-scenic.com\/es\/producto\/easy-track\/#primaryimage"},"image":{"@id":"https:\/\/www.azur-scenic.com\/es\/producto\/easy-track\/#primaryimage"},"thumbnailUrl":"https:\/\/www.azur-scenic.com\/wp-content\/uploads\/324ca0f8435b35e1e46edf9643e7fcae.jpg","datePublished":"2022-10-04T07:28:31+00:00","dateModified":"2023-08-02T13:18:56+00:00","description":"Riel para manejar las cortinas manualmente (sin tirar de un cord\u00f3n), que se puede cimbrar manualmente y puede sostener cargas pesadas.","breadcrumb":{"@id":"https:\/\/www.azur-scenic.com\/es\/producto\/easy-track\/#breadcrumb"},"inLanguage":"es","potentialAction":[{"@type":"ReadAction","target":["https:\/\/www.azur-scenic.com\/es\/producto\/easy-track\/"]}]},{"@type":"ImageObject","inLanguage":"es","@id":"https:\/\/www.azur-scenic.com\/es\/producto\/easy-track\/#primaryimage","url":"https:\/\/www.azur-scenic.com\/wp-content\/uploads\/324ca0f8435b35e1e46edf9643e7fcae.jpg","contentUrl":"https:\/\/www.azur-scenic.com\/wp-content\/uploads\/324ca0f8435b35e1e46edf9643e7fcae.jpg","width":2500,"height":2500},{"@type":"BreadcrumbList","@id":"https:\/\/www.azur-scenic.com\/es\/producto\/easy-track\/#breadcrumb","itemListElement":[{"@type":"ListItem","position":1,"name":"Accueil","item":"https:\/\/www.azur-scenic.com\/es\/"},{"@type":"ListItem","position":2,"name":"Productos","item":"https:\/\/www.azur-scenic.com\/es\/?page_id=21440"},{"@type":"ListItem","position":3,"name":"Easy Track"}]},{"@type":"WebSite","@id":"https:\/\/www.azur-scenic.com\/es\/#website","url":"https:\/\/www.azur-scenic.com\/es\/","name":"Azur Scenic","description":"Sp\u00e9cialiste de l\u2019\u00e9quipement sc\u00e9nique et de la d\u00e9coration int\u00e9rieure et \u00e9v\u00e9nementielle !","publisher":{"@id":"https:\/\/www.azur-scenic.com\/es\/#organization"},"potentialAction":[{"@type":"SearchAction","target":{"@type":"EntryPoint","urlTemplate":"https:\/\/www.azur-scenic.com\/es\/?s={search_term_string}"},"query-input":{"@type":"PropertyValueSpecification","valueRequired":true,"valueName":"search_term_string"}}],"inLanguage":"es"},{"@type":"Organization","@id":"https:\/\/www.azur-scenic.com\/es\/#organization","name":"AZUR SCENIC","url":"https:\/\/www.azur-scenic.com\/es\/","logo":{"@type":"ImageObject","inLanguage":"es","@id":"https:\/\/www.azur-scenic.com\/es\/#\/schema\/logo\/image\/","url":"https:\/\/www.azur-scenic.com\/wp-content\/uploads\/2022\/09\/LOGO-AZUR-SCENIC-Fusion-web-236x64-1.jpg","contentUrl":"https:\/\/www.azur-scenic.com\/wp-content\/uploads\/2022\/09\/LOGO-AZUR-SCENIC-Fusion-web-236x64-1.jpg","width":236,"height":64,"caption":"AZUR SCENIC"},"image":{"@id":"https:\/\/www.azur-scenic.com\/es\/#\/schema\/logo\/image\/"},"sameAs":["https:\/\/www.youtube.com\/channel\/UCPWM2mGPVUt4nYhNlm71WOA","https:\/\/www.linkedin.com\/company\/33237605\/admin\/feed\/posts\/"]}]}},"_links":{"self":[{"href":"https:\/\/www.azur-scenic.com\/es\/wp-json\/wp\/v2\/product\/17359","targetHints":{"allow":["GET"]}}],"collection":[{"href":"https:\/\/www.azur-scenic.com\/es\/wp-json\/wp\/v2\/product"}],"about":[{"href":"https:\/\/www.azur-scenic.com\/es\/wp-json\/wp\/v2\/types\/product"}],"wp:featuredmedia":[{"embeddable":true,"href":"https:\/\/www.azur-scenic.com\/es\/wp-json\/wp\/v2\/media\/8504"}],"wp:attachment":[{"href":"https:\/\/www.azur-scenic.com\/es\/wp-json\/wp\/v2\/media?parent=17359"}],"wp:term":[{"taxonomy":"product_brand","embeddable":true,"href":"https:\/\/www.azur-scenic.com\/es\/wp-json\/wp\/v2\/product_brand?post=17359"},{"taxonomy":"product_cat","embeddable":true,"href":"https:\/\/www.azur-scenic.com\/es\/wp-json\/wp\/v2\/product_cat?post=17359"},{"taxonomy":"product_tag","embeddable":true,"href":"https:\/\/www.azur-scenic.com\/es\/wp-json\/wp\/v2\/product_tag?post=17359"}],"curies":[{"name":"wp","href":"https:\/\/api.w.org\/{rel}","templated":true}]}}