{"id":17360,"date":"2022-10-04T07:28:30","date_gmt":"2022-10-04T07:28:30","guid":{"rendered":"https:\/\/www.azur-scenic.com\/produit\/ecran-frontal-perfore\/"},"modified":"2023-08-02T13:14:10","modified_gmt":"2023-08-02T13:14:10","slug":"pantalla-frontal-perforada","status":"publish","type":"product","link":"https:\/\/www.azur-scenic.com\/es\/producto\/pantalla-frontal-perforada\/","title":{"rendered":"Pantalla frontal Perforada"},"content":{"rendered":"<table style=\"width: 602px;\">\n<thead>\n<tr>\n<th style=\"width: 170px;\">Datos t\u00e9cnicos<\/th>\n<th style=\"width: 201px;\">Valor<\/th>\n<th style=\"width: 202px;\">Comentarios<\/th>\n<\/tr>\n<\/thead>\n<tbody>\n<tr>\n<td style=\"vertical-align: top;\">Ancho<\/td>\n<td style=\"vertical-align: top; width: 201px;\">230\u00a0cm<\/td>\n<td style=\"vertical-align: top; width: 202px;\">\u00a0<\/td>\n<\/tr>\n<tr>\n<td style=\"vertical-align: top;\">Peso<\/td>\n<td style=\"vertical-align: top; width: 201px;\">410 g\/m\u00b2<\/td>\n<td style=\"vertical-align: top; width: 202px;\">\u00a0<\/td>\n<\/tr>\n<tr>\n<td style=\"vertical-align: top;\">Grosor<\/td>\n<td style=\"vertical-align: top; width: 201px;\">0,3\u00a0mm<\/td>\n<td style=\"vertical-align: top; width: 202px;\">\u00a0<\/td>\n<\/tr>\n<tr>\n<td style=\"vertical-align: top;\">Clasificaci\u00f3n ante el fuego<\/td>\n<td style=\"vertical-align: top; width: 201px;\"><img decoding=\"async\" style=\"height: 20px; width: 20px;\" src=\"https:\/\/www.azur-scenic.com\/wp-content\/uploads\/icon-flag-france.png?1542281963\" \/> M1<br \/>\n<img decoding=\"async\" style=\"height: 20px; width: 20px;\" src=\"https:\/\/www.azur-scenic.com\/wp-content\/uploads\/icon-flag-usa.png?1542281963\" \/>\u00a0Pass<\/td>\n<td style=\"vertical-align: top; width: 202px;\">Norma: NF P 92-503<\/td>\n<\/tr>\n<tr>\n<td style=\"vertical-align: top;\">Composici\u00f3n<\/td>\n<td style=\"vertical-align: top; width: 201px;\">100 % PVC<\/td>\n<td style=\"vertical-align: top; width: 202px;\">\u00a0<\/td>\n<\/tr>\n<tr>\n<td style=\"vertical-align: top;\">Longitud del rollo<\/td>\n<td style=\"vertical-align: top; width: 201px;\">120 m<\/td>\n<td style=\"vertical-align: top; width: 202px;\">Posibilidad de venta al corte<\/td>\n<\/tr>\n<\/tbody>\n<\/table>\n<p>\u00a0<\/p>\n<table>\n<thead>\n<tr>\n<th style=\"text-align: left; width: 150px;\">Perforaciones<\/th>\n<th style=\"text-align: left; width: 189px;\">Valor<\/th>\n<th style=\"text-align: left; width: 187px;\">Comentarios<\/th>\n<\/tr>\n<\/thead>\n<tbody>\n<tr>\n<td style=\"vertical-align: top; width: 150px;\">Di\u00e1metro de las perforaciones<\/td>\n<td style=\"vertical-align: top; width: 189px;\">1,3\u00a0mm<\/td>\n<td style=\"vertical-align: top; width: 187px;\">\u00a0<\/td>\n<\/tr>\n<tr>\n<td style=\"vertical-align: top; width: 150px;\">Coeficiente de apertura<\/td>\n<td style=\"vertical-align: top; width: 189px;\">4,70\u00a0%<\/td>\n<td style=\"vertical-align: top; width: 187px;\">\u00a0<\/td>\n<\/tr>\n<tr>\n<td style=\"vertical-align: top; width: 150px;\">Retirada del p\u00fablico recomendada<\/td>\n<td style=\"vertical-align: top; width: 189px;\">3,70 m<\/td>\n<td style=\"vertical-align: top; width: 187px;\">\u00a0<\/td>\n<\/tr>\n<tr>\n<td style=\"vertical-align: top; width: 150px;\">Alargamiento hasta la rotura<\/td>\n<td style=\"vertical-align: top; width: 189px;\">En el sentido de la m\u00e1quina: > 160 %<br \/>\nEn sentido transversal: > 160 %<\/td>\n<td style=\"vertical-align: top; width: 187px;\">Norma: NF EN ISO 527-3<\/td>\n<\/tr>\n<tr>\n<td style=\"vertical-align: top; width: 150px;\">Resistencia a la rotura<\/td>\n<td style=\"vertical-align: top; width: 189px;\">En el sentido de la m\u00e1quina: > 12 MPa<br \/>\nEn sentido transversal: > 12 MPa<\/td>\n<td style=\"vertical-align: top; width: 187px;\">Norma: NF EN ISO 527-3<\/td>\n<\/tr>\n<\/tbody>\n<\/table>\n","protected":false},"excerpt":{"rendered":"<p>La imprescindible pantalla de <span style=\"color: #f88523;\"><strong>proyecci\u00f3n frontal<\/strong><\/span> en su versi\u00f3n <span style=\"color: #f88523;\"><strong>perforada\u00a0<\/strong><\/span> <span style=\"color: #f88523;\"><strong>transonora<\/strong><\/span>, en color <span style=\"color: #f88523;\"><strong>blanco \u00f3ptico mate<\/strong><\/span>, con clasificaci\u00f3n ante el fuego <span style=\"color: #f88523;\"><strong>M1<\/strong><\/span>.<\/p>\n<p>Esta tela perforada sirve para realizar todo tipo de pantallas de <span style=\"color: #f88523;\"><strong>proyecci\u00f3n frontal,<\/strong><\/span> por ejemplo, <span style=\"color: #f88523;\"><strong>las pantallas de cine<\/strong><\/span> y <span style=\"color: #f88523;\"><strong>para revestir estructuras de eventos<\/strong><\/span> destinadas a la proyecci\u00f3n, ubicadas delante de fuentes de difusi\u00f3n sonoras. (Las perforaciones de esta tela le confieren propiedades de<span style=\"color: #f88523;\"><strong> transparencia ac\u00fastica<\/strong><\/span>).<\/p>\n<p>Durante la fabricaci\u00f3n, buscamos una apariencia perfectamente homog\u00e9nea de la superficie, para ofrecerte <span style=\"color: #f88523;\"><strong>propiedades \u00f3pticas \u00f3ptimas<\/strong><\/span>.<\/p>\n<p>En nuestros talleres realizamos <span style=\"color: #f88523;\"><strong>soldaduras de ensamblaje casi invisibles<\/strong><\/span> (ultrafinas y ultraplanas) para que nuestras pantallas se puedan <span style=\"color: #f88523;\"><strong>colgar<\/strong><\/span>, colocar en tensi\u00f3n <span style=\"color: #f88523;\"><strong>sobre marcos<\/strong><\/span> o incluso montar bajo <span style=\"color: #f88523;\"><strong>rodillos motorizados<\/strong><\/span>.<\/p>\n<p>Este tejido 100\u00a0% de PVC es <span style=\"color: #f88523;\"><strong>lavable<\/strong><\/span> y se adapta tanto para el uso en interiores como en <span style=\"color: #f88523;\"><strong>exteriores<\/strong><\/span>.<br \/>\nSus perforaciones le confieren un cierto grado de <span style=\"color: #f88523;\"><strong>permeabilidad al aire<\/strong><\/span> y, por lo tanto, un mejor comportamiento en entornos ventosos.<\/p>\n<p>\u00a0<\/p>\n<table class=\"table\" style=\"width: 560px;\">\n<tbody>\n<tr>\n<td style=\"width: 294px;\"><strong>Ancho<\/strong>: 230\u00a0cm<\/td>\n<td style=\"width: 246px;\"><strong>Peso<\/strong>: 410 g\/m\u00b2<\/td>\n<\/tr>\n<tr>\n<td style=\"width: 294px;\"><strong>Clasificaci\u00f3n ante el fuego<\/strong>:\u00a0\u00a0<img decoding=\"async\" style=\"height: 20px; width: 20px;\" src=\"https:\/\/www.azur-scenic.com\/wp-content\/uploads\/icon-flag-france.png?1542281963\" \/> M1\u00a0\u00a0<img decoding=\"async\" style=\"height: 20px; width: 20px;\" src=\"https:\/\/www.azur-scenic.com\/wp-content\/uploads\/icon-flag-usa.png?1542281963\" \/>\u00a0Pass<\/td>\n<td style=\"width: 246px;\"><strong>Composici\u00f3n<\/strong>: 100 % PVC<\/td>\n<\/tr>\n<\/tbody>\n<\/table>\n","protected":false},"featured_media":8477,"template":"","meta":{"_acf_changed":false},"product_brand":[],"product_cat":[944,1196,1197],"product_tag":[],"class_list":{"0":"post-17360","1":"product","2":"type-product","3":"status-publish","4":"has-post-thumbnail","6":"product_cat-todos-los-productos","7":"product_cat-pantallas-de-proyeccion-y-telas-de-pvc","8":"product_cat-telas-para-proyeccion-frontal","9":"pa_couleurs-2243-002-es","10":"pa_groupes-de-couleurs-blanco","11":"pa_textiles-apto-para-uso-en-exteriores","12":"pa_textiles-ignifugo","13":"pa_textiles-lavable","14":"pa_textiles-permeable-al-viento","15":"pa_textiles-proyeccion-frontal","16":"pa_textiles-transparencia-acustica","18":"first","19":"instock","20":"shipping-taxable","21":"purchasable","22":"product-type-simple"},"acf":[],"yoast_head":"<!-- This site is optimized with the Yoast SEO plugin v27.3 - https:\/\/yoast.com\/product\/yoast-seo-wordpress\/ -->\n<title>Pantalla frontal Perforada - Azur Scenic<\/title>\n<meta name=\"description\" content=\"La imprescindible pantalla de proyecci\u00f3n frontal en su versi\u00f3n perforada\u00a0 transonora, en color blanco \u00f3ptico mate, con clasificaci\u00f3n ante el fuego M1. Esta tela perforada sirve para realizar todo tipo de pantallas de proyecci\u00f3n frontal, por ejemplo, las pantallas de cine y para revestir estructuras de eventos destinadas a la proyecci\u00f3n, ubicadas delante de fuentes de difusi\u00f3n sonoras. (Las perforaciones de esta tela le confieren propiedades de transparencia ac\u00fastica). Durante la fabricaci\u00f3n, buscamos una apariencia perfectamente homog\u00e9nea de la superficie, para ofrecerte propiedades \u00f3pticas \u00f3ptimas. En nuestros talleres realizamos soldaduras de ensamblaje casi invisibles (ultrafinas y ultraplanas) para que nuestras pantallas se puedan colgar, colocar en tensi\u00f3n sobre marcos o incluso montar bajo rodillos motorizados. Este tejido 100\u00a0% de PVC es lavable y se adapta tanto para el uso en interiores como en exteriores. Sus perforaciones le confieren un cierto grado de permeabilidad al aire y, por lo tanto, un mejor comportamiento en entornos ventosos. \u00a0  Ancho: 230\u00a0cm Peso: 410 g\/m\u00b2  Clasificaci\u00f3n ante el fuego:\u00a0\u00a0 M1\u00a0\u00a0\u00a0Pass Composici\u00f3n: 100 % PVC\" \/>\n<meta name=\"robots\" content=\"index, follow, max-snippet:-1, max-image-preview:large, max-video-preview:-1\" \/>\n<link rel=\"canonical\" href=\"https:\/\/www.azur-scenic.com\/es\/producto\/pantalla-frontal-perforada\/\" \/>\n<meta property=\"og:locale\" content=\"es_ES\" \/>\n<meta property=\"og:type\" content=\"article\" \/>\n<meta property=\"og:title\" content=\"Pantalla frontal Perforada - Azur Scenic\" \/>\n<meta property=\"og:description\" content=\"La imprescindible pantalla de proyecci\u00f3n frontal en su versi\u00f3n perforada\u00a0 transonora, en color blanco \u00f3ptico mate, con clasificaci\u00f3n ante el fuego M1. Esta tela perforada sirve para realizar todo tipo de pantallas de proyecci\u00f3n frontal, por ejemplo, las pantallas de cine y para revestir estructuras de eventos destinadas a la proyecci\u00f3n, ubicadas delante de fuentes de difusi\u00f3n sonoras. (Las perforaciones de esta tela le confieren propiedades de transparencia ac\u00fastica). Durante la fabricaci\u00f3n, buscamos una apariencia perfectamente homog\u00e9nea de la superficie, para ofrecerte propiedades \u00f3pticas \u00f3ptimas. En nuestros talleres realizamos soldaduras de ensamblaje casi invisibles (ultrafinas y ultraplanas) para que nuestras pantallas se puedan colgar, colocar en tensi\u00f3n sobre marcos o incluso montar bajo rodillos motorizados. Este tejido 100\u00a0% de PVC es lavable y se adapta tanto para el uso en interiores como en exteriores. Sus perforaciones le confieren un cierto grado de permeabilidad al aire y, por lo tanto, un mejor comportamiento en entornos ventosos. \u00a0  Ancho: 230\u00a0cm Peso: 410 g\/m\u00b2  Clasificaci\u00f3n ante el fuego:\u00a0\u00a0 M1\u00a0\u00a0\u00a0Pass Composici\u00f3n: 100 % PVC\" \/>\n<meta property=\"og:url\" content=\"https:\/\/www.azur-scenic.com\/es\/producto\/pantalla-frontal-perforada\/\" \/>\n<meta property=\"og:site_name\" content=\"Azur Scenic\" \/>\n<meta property=\"article:modified_time\" content=\"2023-08-02T13:14:10+00:00\" \/>\n<meta property=\"og:image\" content=\"https:\/\/www.azur-scenic.com\/wp-content\/uploads\/c8153b43298ffb281f3e78e4bbe0a7c1.jpg\" \/>\n\t<meta property=\"og:image:width\" content=\"1200\" \/>\n\t<meta property=\"og:image:height\" content=\"1200\" \/>\n\t<meta property=\"og:image:type\" content=\"image\/jpeg\" \/>\n<meta name=\"twitter:card\" content=\"summary_large_image\" \/>\n<script type=\"application\/ld+json\" class=\"yoast-schema-graph\">{\"@context\":\"https:\\\/\\\/schema.org\",\"@graph\":[{\"@type\":\"WebPage\",\"@id\":\"https:\\\/\\\/www.azur-scenic.com\\\/es\\\/producto\\\/pantalla-frontal-perforada\\\/\",\"url\":\"https:\\\/\\\/www.azur-scenic.com\\\/es\\\/producto\\\/pantalla-frontal-perforada\\\/\",\"name\":\"Pantalla frontal Perforada - Azur Scenic\",\"isPartOf\":{\"@id\":\"https:\\\/\\\/www.azur-scenic.com\\\/es\\\/#website\"},\"primaryImageOfPage\":{\"@id\":\"https:\\\/\\\/www.azur-scenic.com\\\/es\\\/producto\\\/pantalla-frontal-perforada\\\/#primaryimage\"},\"image\":{\"@id\":\"https:\\\/\\\/www.azur-scenic.com\\\/es\\\/producto\\\/pantalla-frontal-perforada\\\/#primaryimage\"},\"thumbnailUrl\":\"https:\\\/\\\/www.azur-scenic.com\\\/wp-content\\\/uploads\\\/c8153b43298ffb281f3e78e4bbe0a7c1.jpg\",\"datePublished\":\"2022-10-04T07:28:30+00:00\",\"dateModified\":\"2023-08-02T13:14:10+00:00\",\"description\":\"La imprescindible pantalla de proyecci\u00f3n frontal en su versi\u00f3n perforada\u00a0 transonora, en color blanco \u00f3ptico mate, con clasificaci\u00f3n ante el fuego M1. Esta tela perforada sirve para realizar todo tipo de pantallas de proyecci\u00f3n frontal, por ejemplo, las pantallas de cine y para revestir estructuras de eventos destinadas a la proyecci\u00f3n, ubicadas delante de fuentes de difusi\u00f3n sonoras. (Las perforaciones de esta tela le confieren propiedades de transparencia ac\u00fastica). Durante la fabricaci\u00f3n, buscamos una apariencia perfectamente homog\u00e9nea de la superficie, para ofrecerte propiedades \u00f3pticas \u00f3ptimas. En nuestros talleres realizamos soldaduras de ensamblaje casi invisibles (ultrafinas y ultraplanas) para que nuestras pantallas se puedan colgar, colocar en tensi\u00f3n sobre marcos o incluso montar bajo rodillos motorizados. Este tejido 100\u00a0% de PVC es lavable y se adapta tanto para el uso en interiores como en exteriores. Sus perforaciones le confieren un cierto grado de permeabilidad al aire y, por lo tanto, un mejor comportamiento en entornos ventosos. \u00a0 Ancho: 230\u00a0cm Peso: 410 g\\\/m\u00b2 Clasificaci\u00f3n ante el fuego:\u00a0\u00a0 M1\u00a0\u00a0\u00a0Pass Composici\u00f3n: 100 % PVC\",\"breadcrumb\":{\"@id\":\"https:\\\/\\\/www.azur-scenic.com\\\/es\\\/producto\\\/pantalla-frontal-perforada\\\/#breadcrumb\"},\"inLanguage\":\"es\",\"potentialAction\":[{\"@type\":\"ReadAction\",\"target\":[\"https:\\\/\\\/www.azur-scenic.com\\\/es\\\/producto\\\/pantalla-frontal-perforada\\\/\"]}]},{\"@type\":\"ImageObject\",\"inLanguage\":\"es\",\"@id\":\"https:\\\/\\\/www.azur-scenic.com\\\/es\\\/producto\\\/pantalla-frontal-perforada\\\/#primaryimage\",\"url\":\"https:\\\/\\\/www.azur-scenic.com\\\/wp-content\\\/uploads\\\/c8153b43298ffb281f3e78e4bbe0a7c1.jpg\",\"contentUrl\":\"https:\\\/\\\/www.azur-scenic.com\\\/wp-content\\\/uploads\\\/c8153b43298ffb281f3e78e4bbe0a7c1.jpg\",\"width\":1200,\"height\":1200},{\"@type\":\"BreadcrumbList\",\"@id\":\"https:\\\/\\\/www.azur-scenic.com\\\/es\\\/producto\\\/pantalla-frontal-perforada\\\/#breadcrumb\",\"itemListElement\":[{\"@type\":\"ListItem\",\"position\":1,\"name\":\"Accueil\",\"item\":\"https:\\\/\\\/www.azur-scenic.com\\\/es\\\/\"},{\"@type\":\"ListItem\",\"position\":2,\"name\":\"Productos\",\"item\":\"https:\\\/\\\/www.azur-scenic.com\\\/es\\\/?page_id=21440\"},{\"@type\":\"ListItem\",\"position\":3,\"name\":\"Pantalla frontal Perforada\"}]},{\"@type\":\"WebSite\",\"@id\":\"https:\\\/\\\/www.azur-scenic.com\\\/es\\\/#website\",\"url\":\"https:\\\/\\\/www.azur-scenic.com\\\/es\\\/\",\"name\":\"Azur Scenic\",\"description\":\"Sp\u00e9cialiste de l\u2019\u00e9quipement sc\u00e9nique et de la d\u00e9coration int\u00e9rieure et \u00e9v\u00e9nementielle !\",\"publisher\":{\"@id\":\"https:\\\/\\\/www.azur-scenic.com\\\/es\\\/#organization\"},\"potentialAction\":[{\"@type\":\"SearchAction\",\"target\":{\"@type\":\"EntryPoint\",\"urlTemplate\":\"https:\\\/\\\/www.azur-scenic.com\\\/es\\\/?s={search_term_string}\"},\"query-input\":{\"@type\":\"PropertyValueSpecification\",\"valueRequired\":true,\"valueName\":\"search_term_string\"}}],\"inLanguage\":\"es\"},{\"@type\":\"Organization\",\"@id\":\"https:\\\/\\\/www.azur-scenic.com\\\/es\\\/#organization\",\"name\":\"AZUR SCENIC\",\"url\":\"https:\\\/\\\/www.azur-scenic.com\\\/es\\\/\",\"logo\":{\"@type\":\"ImageObject\",\"inLanguage\":\"es\",\"@id\":\"https:\\\/\\\/www.azur-scenic.com\\\/es\\\/#\\\/schema\\\/logo\\\/image\\\/\",\"url\":\"https:\\\/\\\/www.azur-scenic.com\\\/wp-content\\\/uploads\\\/2022\\\/09\\\/LOGO-AZUR-SCENIC-Fusion-web-236x64-1.jpg\",\"contentUrl\":\"https:\\\/\\\/www.azur-scenic.com\\\/wp-content\\\/uploads\\\/2022\\\/09\\\/LOGO-AZUR-SCENIC-Fusion-web-236x64-1.jpg\",\"width\":236,\"height\":64,\"caption\":\"AZUR SCENIC\"},\"image\":{\"@id\":\"https:\\\/\\\/www.azur-scenic.com\\\/es\\\/#\\\/schema\\\/logo\\\/image\\\/\"},\"sameAs\":[\"https:\\\/\\\/www.youtube.com\\\/channel\\\/UCPWM2mGPVUt4nYhNlm71WOA\",\"https:\\\/\\\/www.linkedin.com\\\/company\\\/33237605\\\/admin\\\/feed\\\/posts\\\/\"]}]}<\/script>\n<!-- \/ Yoast SEO plugin. -->","yoast_head_json":{"title":"Pantalla frontal Perforada - Azur Scenic","description":"La imprescindible pantalla de proyecci\u00f3n frontal en su versi\u00f3n perforada\u00a0 transonora, en color blanco \u00f3ptico mate, con clasificaci\u00f3n ante el fuego M1. Esta tela perforada sirve para realizar todo tipo de pantallas de proyecci\u00f3n frontal, por ejemplo, las pantallas de cine y para revestir estructuras de eventos destinadas a la proyecci\u00f3n, ubicadas delante de fuentes de difusi\u00f3n sonoras. (Las perforaciones de esta tela le confieren propiedades de transparencia ac\u00fastica). Durante la fabricaci\u00f3n, buscamos una apariencia perfectamente homog\u00e9nea de la superficie, para ofrecerte propiedades \u00f3pticas \u00f3ptimas. En nuestros talleres realizamos soldaduras de ensamblaje casi invisibles (ultrafinas y ultraplanas) para que nuestras pantallas se puedan colgar, colocar en tensi\u00f3n sobre marcos o incluso montar bajo rodillos motorizados. Este tejido 100\u00a0% de PVC es lavable y se adapta tanto para el uso en interiores como en exteriores. Sus perforaciones le confieren un cierto grado de permeabilidad al aire y, por lo tanto, un mejor comportamiento en entornos ventosos. \u00a0  Ancho: 230\u00a0cm Peso: 410 g\/m\u00b2  Clasificaci\u00f3n ante el fuego:\u00a0\u00a0 M1\u00a0\u00a0\u00a0Pass Composici\u00f3n: 100 % PVC","robots":{"index":"index","follow":"follow","max-snippet":"max-snippet:-1","max-image-preview":"max-image-preview:large","max-video-preview":"max-video-preview:-1"},"canonical":"https:\/\/www.azur-scenic.com\/es\/producto\/pantalla-frontal-perforada\/","og_locale":"es_ES","og_type":"article","og_title":"Pantalla frontal Perforada - Azur Scenic","og_description":"La imprescindible pantalla de proyecci\u00f3n frontal en su versi\u00f3n perforada\u00a0 transonora, en color blanco \u00f3ptico mate, con clasificaci\u00f3n ante el fuego M1. Esta tela perforada sirve para realizar todo tipo de pantallas de proyecci\u00f3n frontal, por ejemplo, las pantallas de cine y para revestir estructuras de eventos destinadas a la proyecci\u00f3n, ubicadas delante de fuentes de difusi\u00f3n sonoras. (Las perforaciones de esta tela le confieren propiedades de transparencia ac\u00fastica). Durante la fabricaci\u00f3n, buscamos una apariencia perfectamente homog\u00e9nea de la superficie, para ofrecerte propiedades \u00f3pticas \u00f3ptimas. En nuestros talleres realizamos soldaduras de ensamblaje casi invisibles (ultrafinas y ultraplanas) para que nuestras pantallas se puedan colgar, colocar en tensi\u00f3n sobre marcos o incluso montar bajo rodillos motorizados. Este tejido 100\u00a0% de PVC es lavable y se adapta tanto para el uso en interiores como en exteriores. Sus perforaciones le confieren un cierto grado de permeabilidad al aire y, por lo tanto, un mejor comportamiento en entornos ventosos. \u00a0  Ancho: 230\u00a0cm Peso: 410 g\/m\u00b2  Clasificaci\u00f3n ante el fuego:\u00a0\u00a0 M1\u00a0\u00a0\u00a0Pass Composici\u00f3n: 100 % PVC","og_url":"https:\/\/www.azur-scenic.com\/es\/producto\/pantalla-frontal-perforada\/","og_site_name":"Azur Scenic","article_modified_time":"2023-08-02T13:14:10+00:00","og_image":[{"width":1200,"height":1200,"url":"https:\/\/www.azur-scenic.com\/wp-content\/uploads\/c8153b43298ffb281f3e78e4bbe0a7c1.jpg","type":"image\/jpeg"}],"twitter_card":"summary_large_image","schema":{"@context":"https:\/\/schema.org","@graph":[{"@type":"WebPage","@id":"https:\/\/www.azur-scenic.com\/es\/producto\/pantalla-frontal-perforada\/","url":"https:\/\/www.azur-scenic.com\/es\/producto\/pantalla-frontal-perforada\/","name":"Pantalla frontal Perforada - Azur Scenic","isPartOf":{"@id":"https:\/\/www.azur-scenic.com\/es\/#website"},"primaryImageOfPage":{"@id":"https:\/\/www.azur-scenic.com\/es\/producto\/pantalla-frontal-perforada\/#primaryimage"},"image":{"@id":"https:\/\/www.azur-scenic.com\/es\/producto\/pantalla-frontal-perforada\/#primaryimage"},"thumbnailUrl":"https:\/\/www.azur-scenic.com\/wp-content\/uploads\/c8153b43298ffb281f3e78e4bbe0a7c1.jpg","datePublished":"2022-10-04T07:28:30+00:00","dateModified":"2023-08-02T13:14:10+00:00","description":"La imprescindible pantalla de proyecci\u00f3n frontal en su versi\u00f3n perforada\u00a0 transonora, en color blanco \u00f3ptico mate, con clasificaci\u00f3n ante el fuego M1. Esta tela perforada sirve para realizar todo tipo de pantallas de proyecci\u00f3n frontal, por ejemplo, las pantallas de cine y para revestir estructuras de eventos destinadas a la proyecci\u00f3n, ubicadas delante de fuentes de difusi\u00f3n sonoras. (Las perforaciones de esta tela le confieren propiedades de transparencia ac\u00fastica). Durante la fabricaci\u00f3n, buscamos una apariencia perfectamente homog\u00e9nea de la superficie, para ofrecerte propiedades \u00f3pticas \u00f3ptimas. En nuestros talleres realizamos soldaduras de ensamblaje casi invisibles (ultrafinas y ultraplanas) para que nuestras pantallas se puedan colgar, colocar en tensi\u00f3n sobre marcos o incluso montar bajo rodillos motorizados. Este tejido 100\u00a0% de PVC es lavable y se adapta tanto para el uso en interiores como en exteriores. Sus perforaciones le confieren un cierto grado de permeabilidad al aire y, por lo tanto, un mejor comportamiento en entornos ventosos. \u00a0 Ancho: 230\u00a0cm Peso: 410 g\/m\u00b2 Clasificaci\u00f3n ante el fuego:\u00a0\u00a0 M1\u00a0\u00a0\u00a0Pass Composici\u00f3n: 100 % PVC","breadcrumb":{"@id":"https:\/\/www.azur-scenic.com\/es\/producto\/pantalla-frontal-perforada\/#breadcrumb"},"inLanguage":"es","potentialAction":[{"@type":"ReadAction","target":["https:\/\/www.azur-scenic.com\/es\/producto\/pantalla-frontal-perforada\/"]}]},{"@type":"ImageObject","inLanguage":"es","@id":"https:\/\/www.azur-scenic.com\/es\/producto\/pantalla-frontal-perforada\/#primaryimage","url":"https:\/\/www.azur-scenic.com\/wp-content\/uploads\/c8153b43298ffb281f3e78e4bbe0a7c1.jpg","contentUrl":"https:\/\/www.azur-scenic.com\/wp-content\/uploads\/c8153b43298ffb281f3e78e4bbe0a7c1.jpg","width":1200,"height":1200},{"@type":"BreadcrumbList","@id":"https:\/\/www.azur-scenic.com\/es\/producto\/pantalla-frontal-perforada\/#breadcrumb","itemListElement":[{"@type":"ListItem","position":1,"name":"Accueil","item":"https:\/\/www.azur-scenic.com\/es\/"},{"@type":"ListItem","position":2,"name":"Productos","item":"https:\/\/www.azur-scenic.com\/es\/?page_id=21440"},{"@type":"ListItem","position":3,"name":"Pantalla frontal Perforada"}]},{"@type":"WebSite","@id":"https:\/\/www.azur-scenic.com\/es\/#website","url":"https:\/\/www.azur-scenic.com\/es\/","name":"Azur Scenic","description":"Sp\u00e9cialiste de l\u2019\u00e9quipement sc\u00e9nique et de la d\u00e9coration int\u00e9rieure et \u00e9v\u00e9nementielle !","publisher":{"@id":"https:\/\/www.azur-scenic.com\/es\/#organization"},"potentialAction":[{"@type":"SearchAction","target":{"@type":"EntryPoint","urlTemplate":"https:\/\/www.azur-scenic.com\/es\/?s={search_term_string}"},"query-input":{"@type":"PropertyValueSpecification","valueRequired":true,"valueName":"search_term_string"}}],"inLanguage":"es"},{"@type":"Organization","@id":"https:\/\/www.azur-scenic.com\/es\/#organization","name":"AZUR SCENIC","url":"https:\/\/www.azur-scenic.com\/es\/","logo":{"@type":"ImageObject","inLanguage":"es","@id":"https:\/\/www.azur-scenic.com\/es\/#\/schema\/logo\/image\/","url":"https:\/\/www.azur-scenic.com\/wp-content\/uploads\/2022\/09\/LOGO-AZUR-SCENIC-Fusion-web-236x64-1.jpg","contentUrl":"https:\/\/www.azur-scenic.com\/wp-content\/uploads\/2022\/09\/LOGO-AZUR-SCENIC-Fusion-web-236x64-1.jpg","width":236,"height":64,"caption":"AZUR SCENIC"},"image":{"@id":"https:\/\/www.azur-scenic.com\/es\/#\/schema\/logo\/image\/"},"sameAs":["https:\/\/www.youtube.com\/channel\/UCPWM2mGPVUt4nYhNlm71WOA","https:\/\/www.linkedin.com\/company\/33237605\/admin\/feed\/posts\/"]}]}},"_links":{"self":[{"href":"https:\/\/www.azur-scenic.com\/es\/wp-json\/wp\/v2\/product\/17360","targetHints":{"allow":["GET"]}}],"collection":[{"href":"https:\/\/www.azur-scenic.com\/es\/wp-json\/wp\/v2\/product"}],"about":[{"href":"https:\/\/www.azur-scenic.com\/es\/wp-json\/wp\/v2\/types\/product"}],"wp:featuredmedia":[{"embeddable":true,"href":"https:\/\/www.azur-scenic.com\/es\/wp-json\/wp\/v2\/media\/8477"}],"wp:attachment":[{"href":"https:\/\/www.azur-scenic.com\/es\/wp-json\/wp\/v2\/media?parent=17360"}],"wp:term":[{"taxonomy":"product_brand","embeddable":true,"href":"https:\/\/www.azur-scenic.com\/es\/wp-json\/wp\/v2\/product_brand?post=17360"},{"taxonomy":"product_cat","embeddable":true,"href":"https:\/\/www.azur-scenic.com\/es\/wp-json\/wp\/v2\/product_cat?post=17360"},{"taxonomy":"product_tag","embeddable":true,"href":"https:\/\/www.azur-scenic.com\/es\/wp-json\/wp\/v2\/product_tag?post=17360"}],"curies":[{"name":"wp","href":"https:\/\/api.w.org\/{rel}","templated":true}]}}