{"id":17367,"date":"2022-10-04T07:28:30","date_gmt":"2022-10-04T07:28:30","guid":{"rendered":"https:\/\/www.azur-scenic.com\/produit\/s-track\/"},"modified":"2023-08-02T13:18:56","modified_gmt":"2023-08-02T13:18:56","slug":"s-track","status":"publish","type":"product","link":"https:\/\/www.azur-scenic.com\/es\/producto\/s-track\/","title":{"rendered":"S-Track"},"content":{"rendered":"<p><p>Perfil de aluminio en color <span style=\"color: #f88523; font-weight: 600;\">aluminio\u00a0<\/span>, <span style=\"color: #f88523; font-weight: 600;\">blanco\u00a0<\/span>o <span style=\"color: #f88523;\"><strong>negro<\/strong><\/span>.<\/p>\n<p>Posibilidad de abrir y cerrar las cortinas <strong><span style=\"color: #f88523;\">tirando de ellas manualmente<\/span><\/strong>, <strong><span style=\"color: #f88523;\">tirando de una<\/span><\/strong> (driza de poli\u00e9ster) o <strong><span style=\"color: #f88523;\">de forma motorizada<\/span><\/strong> (driza Kevlar).<\/p>\n<p>Montaje en <strong><span style=\"color: #f88523;\">riel simple para 1 o 2 cortinas<\/span><\/strong> o en <strong><span style=\"color: #f88523;\">riel doble<\/span><\/strong> con cruce.<\/p>\n<p>Posibilidad de montarlo con un <strong><span style=\"color: #f88523;\">gancho de techo<\/span><\/strong>, un gancho de <strong><span style=\"color: #f88523;\">pared<\/span><\/strong> en consolas o un gancho desde un <strong><span style=\"color: #f88523;\">poste<\/span><\/strong> con abrazaderas (tubo de 50\u00a0mm de di\u00e1metro).<\/p>\n<p><strong><span style=\"color: #f88523;\">Detalles t\u00e9cnicos, opciones y accesorios<\/span><\/strong><br \/>\nConsultar la pesta\u00f1a \u00abDescargas\u00bb del siguiente archivo PDF.<\/p>\n<p>\u00a0<\/p><\/p>\n","protected":false},"excerpt":{"rendered":"<p><span style=\"color: #f88523; font-weight: 600;\"><strong>Riel motorizable polivalente y que se puede cimbrar,<\/strong>\u00a0<\/span>para cortinas pesadas en <span style=\"color: #f88523; font-weight: 600;\">escenarios\u00a0<\/span>(salas de espect\u00e1culos, salas de usos m\u00faltiples, etc.) y para <span style=\"color: #f88523; font-weight: 600;\">el dise\u00f1o de interiores<\/span> (oficinas, hoteles, museos, etc.)<\/p>\n","protected":false},"featured_media":8492,"template":"","meta":{"_acf_changed":false},"product_brand":[],"product_cat":[1093,1185,944],"product_tag":[],"class_list":{"0":"post-17367","1":"product","2":"type-product","3":"status-publish","4":"has-post-thumbnail","6":"product_cat-productos-tecnicos","7":"product_cat-rieles-polivalentes","8":"product_cat-todos-los-productos","9":"pa_techniques-permite-la-manipulacion-manual-sin-tirar-de-una-driza","10":"pa_techniques-se-puede-curvar","11":"pa_techniques-fabricacion-a-medida","12":"pa_techniques-fijacion-mural","13":"pa_techniques-fijacion-al-techo","14":"pa_techniques-fijacion-mediante-tubo","15":"pa_techniques-montaje-sobre-riel-doble","16":"pa_techniques-montaje-sobre-riel-simple","17":"pa_techniques-se-puede-manipular-tirando-de-una-driza","18":"pa_techniques-accionamiento-por-motor","20":"first","21":"instock","22":"shipping-taxable","23":"purchasable","24":"product-type-simple"},"acf":[],"yoast_head":"<!-- This site is optimized with the Yoast SEO plugin v27.3 - https:\/\/yoast.com\/product\/yoast-seo-wordpress\/ -->\n<title>S-Track - Azur Scenic<\/title>\n<meta name=\"description\" content=\"Riel motorizable polivalente y que se puede cimbrar,\u00a0para cortinas pesadas en escenarios\u00a0(salas de espect\u00e1culos, salas de usos m\u00faltiples, etc.) y para el dise\u00f1o de interiores (oficinas, hoteles, museos, etc.)\" \/>\n<meta name=\"robots\" content=\"index, follow, max-snippet:-1, max-image-preview:large, max-video-preview:-1\" \/>\n<link rel=\"canonical\" href=\"https:\/\/www.azur-scenic.com\/es\/producto\/s-track\/\" \/>\n<meta property=\"og:locale\" content=\"es_ES\" \/>\n<meta property=\"og:type\" content=\"article\" \/>\n<meta property=\"og:title\" content=\"S-Track - Azur Scenic\" \/>\n<meta property=\"og:description\" content=\"Riel motorizable polivalente y que se puede cimbrar,\u00a0para cortinas pesadas en escenarios\u00a0(salas de espect\u00e1culos, salas de usos m\u00faltiples, etc.) y para el dise\u00f1o de interiores (oficinas, hoteles, museos, etc.)\" \/>\n<meta property=\"og:url\" content=\"https:\/\/www.azur-scenic.com\/es\/producto\/s-track\/\" \/>\n<meta property=\"og:site_name\" content=\"Azur Scenic\" \/>\n<meta property=\"article:modified_time\" content=\"2023-08-02T13:18:56+00:00\" \/>\n<meta property=\"og:image\" content=\"https:\/\/www.azur-scenic.com\/wp-content\/uploads\/dd8a5ad2ffe69602a162ae3d25a3e913.jpg\" \/>\n\t<meta property=\"og:image:width\" content=\"1181\" \/>\n\t<meta property=\"og:image:height\" content=\"1181\" \/>\n\t<meta property=\"og:image:type\" content=\"image\/jpeg\" \/>\n<meta name=\"twitter:card\" content=\"summary_large_image\" \/>\n<script type=\"application\/ld+json\" class=\"yoast-schema-graph\">{\"@context\":\"https:\\\/\\\/schema.org\",\"@graph\":[{\"@type\":\"WebPage\",\"@id\":\"https:\\\/\\\/www.azur-scenic.com\\\/es\\\/producto\\\/s-track\\\/\",\"url\":\"https:\\\/\\\/www.azur-scenic.com\\\/es\\\/producto\\\/s-track\\\/\",\"name\":\"S-Track - Azur Scenic\",\"isPartOf\":{\"@id\":\"https:\\\/\\\/www.azur-scenic.com\\\/es\\\/#website\"},\"primaryImageOfPage\":{\"@id\":\"https:\\\/\\\/www.azur-scenic.com\\\/es\\\/producto\\\/s-track\\\/#primaryimage\"},\"image\":{\"@id\":\"https:\\\/\\\/www.azur-scenic.com\\\/es\\\/producto\\\/s-track\\\/#primaryimage\"},\"thumbnailUrl\":\"https:\\\/\\\/www.azur-scenic.com\\\/wp-content\\\/uploads\\\/dd8a5ad2ffe69602a162ae3d25a3e913.jpg\",\"datePublished\":\"2022-10-04T07:28:30+00:00\",\"dateModified\":\"2023-08-02T13:18:56+00:00\",\"description\":\"Riel motorizable polivalente y que se puede cimbrar,\u00a0para cortinas pesadas en escenarios\u00a0(salas de espect\u00e1culos, salas de usos m\u00faltiples, etc.) y para el dise\u00f1o de interiores (oficinas, hoteles, museos, etc.)\",\"breadcrumb\":{\"@id\":\"https:\\\/\\\/www.azur-scenic.com\\\/es\\\/producto\\\/s-track\\\/#breadcrumb\"},\"inLanguage\":\"es\",\"potentialAction\":[{\"@type\":\"ReadAction\",\"target\":[\"https:\\\/\\\/www.azur-scenic.com\\\/es\\\/producto\\\/s-track\\\/\"]}]},{\"@type\":\"ImageObject\",\"inLanguage\":\"es\",\"@id\":\"https:\\\/\\\/www.azur-scenic.com\\\/es\\\/producto\\\/s-track\\\/#primaryimage\",\"url\":\"https:\\\/\\\/www.azur-scenic.com\\\/wp-content\\\/uploads\\\/dd8a5ad2ffe69602a162ae3d25a3e913.jpg\",\"contentUrl\":\"https:\\\/\\\/www.azur-scenic.com\\\/wp-content\\\/uploads\\\/dd8a5ad2ffe69602a162ae3d25a3e913.jpg\",\"width\":1181,\"height\":1181},{\"@type\":\"BreadcrumbList\",\"@id\":\"https:\\\/\\\/www.azur-scenic.com\\\/es\\\/producto\\\/s-track\\\/#breadcrumb\",\"itemListElement\":[{\"@type\":\"ListItem\",\"position\":1,\"name\":\"Accueil\",\"item\":\"https:\\\/\\\/www.azur-scenic.com\\\/es\\\/\"},{\"@type\":\"ListItem\",\"position\":2,\"name\":\"Productos\",\"item\":\"https:\\\/\\\/www.azur-scenic.com\\\/es\\\/?page_id=21440\"},{\"@type\":\"ListItem\",\"position\":3,\"name\":\"S-Track\"}]},{\"@type\":\"WebSite\",\"@id\":\"https:\\\/\\\/www.azur-scenic.com\\\/es\\\/#website\",\"url\":\"https:\\\/\\\/www.azur-scenic.com\\\/es\\\/\",\"name\":\"Azur Scenic\",\"description\":\"Sp\u00e9cialiste de l\u2019\u00e9quipement sc\u00e9nique et de la d\u00e9coration int\u00e9rieure et \u00e9v\u00e9nementielle !\",\"publisher\":{\"@id\":\"https:\\\/\\\/www.azur-scenic.com\\\/es\\\/#organization\"},\"potentialAction\":[{\"@type\":\"SearchAction\",\"target\":{\"@type\":\"EntryPoint\",\"urlTemplate\":\"https:\\\/\\\/www.azur-scenic.com\\\/es\\\/?s={search_term_string}\"},\"query-input\":{\"@type\":\"PropertyValueSpecification\",\"valueRequired\":true,\"valueName\":\"search_term_string\"}}],\"inLanguage\":\"es\"},{\"@type\":\"Organization\",\"@id\":\"https:\\\/\\\/www.azur-scenic.com\\\/es\\\/#organization\",\"name\":\"AZUR SCENIC\",\"url\":\"https:\\\/\\\/www.azur-scenic.com\\\/es\\\/\",\"logo\":{\"@type\":\"ImageObject\",\"inLanguage\":\"es\",\"@id\":\"https:\\\/\\\/www.azur-scenic.com\\\/es\\\/#\\\/schema\\\/logo\\\/image\\\/\",\"url\":\"https:\\\/\\\/www.azur-scenic.com\\\/wp-content\\\/uploads\\\/2022\\\/09\\\/LOGO-AZUR-SCENIC-Fusion-web-236x64-1.jpg\",\"contentUrl\":\"https:\\\/\\\/www.azur-scenic.com\\\/wp-content\\\/uploads\\\/2022\\\/09\\\/LOGO-AZUR-SCENIC-Fusion-web-236x64-1.jpg\",\"width\":236,\"height\":64,\"caption\":\"AZUR SCENIC\"},\"image\":{\"@id\":\"https:\\\/\\\/www.azur-scenic.com\\\/es\\\/#\\\/schema\\\/logo\\\/image\\\/\"},\"sameAs\":[\"https:\\\/\\\/www.youtube.com\\\/channel\\\/UCPWM2mGPVUt4nYhNlm71WOA\",\"https:\\\/\\\/www.linkedin.com\\\/company\\\/33237605\\\/admin\\\/feed\\\/posts\\\/\"]}]}<\/script>\n<!-- \/ Yoast SEO plugin. -->","yoast_head_json":{"title":"S-Track - Azur Scenic","description":"Riel motorizable polivalente y que se puede cimbrar,\u00a0para cortinas pesadas en escenarios\u00a0(salas de espect\u00e1culos, salas de usos m\u00faltiples, etc.) y para el dise\u00f1o de interiores (oficinas, hoteles, museos, etc.)","robots":{"index":"index","follow":"follow","max-snippet":"max-snippet:-1","max-image-preview":"max-image-preview:large","max-video-preview":"max-video-preview:-1"},"canonical":"https:\/\/www.azur-scenic.com\/es\/producto\/s-track\/","og_locale":"es_ES","og_type":"article","og_title":"S-Track - Azur Scenic","og_description":"Riel motorizable polivalente y que se puede cimbrar,\u00a0para cortinas pesadas en escenarios\u00a0(salas de espect\u00e1culos, salas de usos m\u00faltiples, etc.) y para el dise\u00f1o de interiores (oficinas, hoteles, museos, etc.)","og_url":"https:\/\/www.azur-scenic.com\/es\/producto\/s-track\/","og_site_name":"Azur Scenic","article_modified_time":"2023-08-02T13:18:56+00:00","og_image":[{"width":1181,"height":1181,"url":"https:\/\/www.azur-scenic.com\/wp-content\/uploads\/dd8a5ad2ffe69602a162ae3d25a3e913.jpg","type":"image\/jpeg"}],"twitter_card":"summary_large_image","schema":{"@context":"https:\/\/schema.org","@graph":[{"@type":"WebPage","@id":"https:\/\/www.azur-scenic.com\/es\/producto\/s-track\/","url":"https:\/\/www.azur-scenic.com\/es\/producto\/s-track\/","name":"S-Track - Azur Scenic","isPartOf":{"@id":"https:\/\/www.azur-scenic.com\/es\/#website"},"primaryImageOfPage":{"@id":"https:\/\/www.azur-scenic.com\/es\/producto\/s-track\/#primaryimage"},"image":{"@id":"https:\/\/www.azur-scenic.com\/es\/producto\/s-track\/#primaryimage"},"thumbnailUrl":"https:\/\/www.azur-scenic.com\/wp-content\/uploads\/dd8a5ad2ffe69602a162ae3d25a3e913.jpg","datePublished":"2022-10-04T07:28:30+00:00","dateModified":"2023-08-02T13:18:56+00:00","description":"Riel motorizable polivalente y que se puede cimbrar,\u00a0para cortinas pesadas en escenarios\u00a0(salas de espect\u00e1culos, salas de usos m\u00faltiples, etc.) y para el dise\u00f1o de interiores (oficinas, hoteles, museos, etc.)","breadcrumb":{"@id":"https:\/\/www.azur-scenic.com\/es\/producto\/s-track\/#breadcrumb"},"inLanguage":"es","potentialAction":[{"@type":"ReadAction","target":["https:\/\/www.azur-scenic.com\/es\/producto\/s-track\/"]}]},{"@type":"ImageObject","inLanguage":"es","@id":"https:\/\/www.azur-scenic.com\/es\/producto\/s-track\/#primaryimage","url":"https:\/\/www.azur-scenic.com\/wp-content\/uploads\/dd8a5ad2ffe69602a162ae3d25a3e913.jpg","contentUrl":"https:\/\/www.azur-scenic.com\/wp-content\/uploads\/dd8a5ad2ffe69602a162ae3d25a3e913.jpg","width":1181,"height":1181},{"@type":"BreadcrumbList","@id":"https:\/\/www.azur-scenic.com\/es\/producto\/s-track\/#breadcrumb","itemListElement":[{"@type":"ListItem","position":1,"name":"Accueil","item":"https:\/\/www.azur-scenic.com\/es\/"},{"@type":"ListItem","position":2,"name":"Productos","item":"https:\/\/www.azur-scenic.com\/es\/?page_id=21440"},{"@type":"ListItem","position":3,"name":"S-Track"}]},{"@type":"WebSite","@id":"https:\/\/www.azur-scenic.com\/es\/#website","url":"https:\/\/www.azur-scenic.com\/es\/","name":"Azur Scenic","description":"Sp\u00e9cialiste de l\u2019\u00e9quipement sc\u00e9nique et de la d\u00e9coration int\u00e9rieure et \u00e9v\u00e9nementielle !","publisher":{"@id":"https:\/\/www.azur-scenic.com\/es\/#organization"},"potentialAction":[{"@type":"SearchAction","target":{"@type":"EntryPoint","urlTemplate":"https:\/\/www.azur-scenic.com\/es\/?s={search_term_string}"},"query-input":{"@type":"PropertyValueSpecification","valueRequired":true,"valueName":"search_term_string"}}],"inLanguage":"es"},{"@type":"Organization","@id":"https:\/\/www.azur-scenic.com\/es\/#organization","name":"AZUR SCENIC","url":"https:\/\/www.azur-scenic.com\/es\/","logo":{"@type":"ImageObject","inLanguage":"es","@id":"https:\/\/www.azur-scenic.com\/es\/#\/schema\/logo\/image\/","url":"https:\/\/www.azur-scenic.com\/wp-content\/uploads\/2022\/09\/LOGO-AZUR-SCENIC-Fusion-web-236x64-1.jpg","contentUrl":"https:\/\/www.azur-scenic.com\/wp-content\/uploads\/2022\/09\/LOGO-AZUR-SCENIC-Fusion-web-236x64-1.jpg","width":236,"height":64,"caption":"AZUR SCENIC"},"image":{"@id":"https:\/\/www.azur-scenic.com\/es\/#\/schema\/logo\/image\/"},"sameAs":["https:\/\/www.youtube.com\/channel\/UCPWM2mGPVUt4nYhNlm71WOA","https:\/\/www.linkedin.com\/company\/33237605\/admin\/feed\/posts\/"]}]}},"_links":{"self":[{"href":"https:\/\/www.azur-scenic.com\/es\/wp-json\/wp\/v2\/product\/17367","targetHints":{"allow":["GET"]}}],"collection":[{"href":"https:\/\/www.azur-scenic.com\/es\/wp-json\/wp\/v2\/product"}],"about":[{"href":"https:\/\/www.azur-scenic.com\/es\/wp-json\/wp\/v2\/types\/product"}],"wp:featuredmedia":[{"embeddable":true,"href":"https:\/\/www.azur-scenic.com\/es\/wp-json\/wp\/v2\/media\/8492"}],"wp:attachment":[{"href":"https:\/\/www.azur-scenic.com\/es\/wp-json\/wp\/v2\/media?parent=17367"}],"wp:term":[{"taxonomy":"product_brand","embeddable":true,"href":"https:\/\/www.azur-scenic.com\/es\/wp-json\/wp\/v2\/product_brand?post=17367"},{"taxonomy":"product_cat","embeddable":true,"href":"https:\/\/www.azur-scenic.com\/es\/wp-json\/wp\/v2\/product_cat?post=17367"},{"taxonomy":"product_tag","embeddable":true,"href":"https:\/\/www.azur-scenic.com\/es\/wp-json\/wp\/v2\/product_tag?post=17367"}],"curies":[{"name":"wp","href":"https:\/\/api.w.org\/{rel}","templated":true}]}}