{"id":17371,"date":"2022-10-04T07:28:29","date_gmt":"2022-10-04T07:28:29","guid":{"rendered":"https:\/\/www.azur-scenic.com\/produit\/serge-absorber-cs\/"},"modified":"2023-08-02T13:16:53","modified_gmt":"2023-08-02T13:16:53","slug":"sarga-absorber-cs","status":"publish","type":"product","link":"https:\/\/www.azur-scenic.com\/es\/producto\/sarga-absorber-cs\/","title":{"rendered":"Sarga Absorber CS"},"content":{"rendered":"<table>\n<thead>\n<tr>\n<th style=\"height: 15px; width: 193px;\">Datos t\u00e9cnicos<\/th>\n<th style=\"height: 15px; width: 137px;\">Valor<\/th>\n<th style=\"height: 15px; width: 198px;\">Comentarios<\/th>\n<\/tr>\n<\/thead>\n<tbody>\n<tr>\n<td style=\"height: 15px; vertical-align: top; width: 193px;\">Ancho<\/td>\n<td style=\"height: 15px; vertical-align: top; width: 137px;\">300\u00a0cm<\/td>\n<td style=\"height: 15px; vertical-align: top; width: 198px;\">\u00a0<\/td>\n<\/tr>\n<tr>\n<td style=\"height: 15px; vertical-align: top; width: 193px;\">Peso<\/td>\n<td style=\"height: 15px; vertical-align: top; width: 137px;\">500 g\/m\u00b2<\/td>\n<td style=\"height: 15px; vertical-align: top; width: 198px;\">\u00a0<\/td>\n<\/tr>\n<tr>\n<td style=\"height: 15px; vertical-align: top; width: 193px;\">Grosor<\/td>\n<td style=\"height: 15px; vertical-align: top; width: 137px;\">2,3\u00a0mm<\/td>\n<td style=\"height: 15px; vertical-align: top; width: 198px;\">\u00a0<\/td>\n<\/tr>\n<tr>\n<td style=\"height: 43px; vertical-align: top; width: 193px;\">Clasificaci\u00f3n ante el fuego<\/td>\n<td style=\"height: 43px; vertical-align: top; width: 137px;\"><img decoding=\"async\" style=\"height: 20px; width: 20px;\" src=\"https:\/\/www.azur-scenic.com\/wp-content\/uploads\/csm_icon-flag-france_3304e5e3f9.png\" \/> M2<br \/>\n<img decoding=\"async\" style=\"height: 20px; width: 20px;\" src=\"https:\/\/www.azur-scenic.com\/wp-content\/uploads\/icon-flag-allemagne.png\" \/> B1<\/td>\n<td style=\"height: 43px; vertical-align: top; width: 198px;\">Norma: NF P 92-503<br \/>\nNorma: DIN 4102-1<\/td>\n<\/tr>\n<tr>\n<td style=\"height: 15px; vertical-align: top; width: 193px;\">Composici\u00f3n<\/td>\n<td style=\"height: 15px; vertical-align: top; width: 137px;\">100 % poli\u00e9ster FR<\/td>\n<td style=\"height: 15px; vertical-align: top; width: 198px;\">\u00a0<\/td>\n<\/tr>\n<tr>\n<td style=\"height: 15px; vertical-align: top; width: 193px;\">Longitud de las piezas<\/td>\n<td style=\"height: 15px; vertical-align: top; width: 137px;\">30 m (pacas)<\/td>\n<td style=\"height: 15px; vertical-align: top; width: 198px;\">Posibilidad de venta al corte<\/td>\n<\/tr>\n<tr>\n<td style=\"height: 76.3333px; vertical-align: top; width: 193px;\">Propiedades ac\u00fasticas<br \/>\nWSAC<br \/>\nSAC<br \/>\nNRC<br \/>\nSAA<\/td>\n<td style=\"height: 76.3333px; vertical-align: top; width: 137px;\">1 \u03b1w<br \/>\nA <span style=\"font-size: 13px;\">(absorci\u00f3n extrema)<\/span><br \/>\n0,95<br \/>\n0,94<\/td>\n<td style=\"height: 76.3333px; vertical-align: top; width: 198px;\">Normas:<br \/>\nISO 354 &#8211; ISO 11654 &#8211; ASTM C423<\/td>\n<\/tr>\n<\/tbody>\n<\/table>\n<p>\u00a0<\/p><\/p>\n","protected":false},"excerpt":{"rendered":"<p>Tejido con <strong><span style=\"color: #f88523;\">absorci\u00f3n ac\u00fastica suprema<\/span><\/strong>, intr\u00ednsecamente <strong><span style=\"color: #f88523;\">no inflamable<\/span><\/strong>, perfecto para <span style=\"color: #f88523;\"><strong>controlar el entorno sonoro<\/strong><\/span> de todo tipo de espacios.<br \/>\nEste mulet\u00f3n grueso con aspecto afelpado de los dos lados imita perfectamente la<span style=\"color: #f88523;\"><strong>apariencia<\/strong><\/span> de una <span style=\"color: #f88523;\"><strong>fastuosa sarga de lana<\/strong><\/span> de color <span style=\"color: #f88523;\"><strong>negro intenso<\/strong><\/span>.<br \/>\n100 % poli\u00e9ster FR, es <span style=\"color: #f88523;\"><strong>lavable<\/strong><\/span> y muy <span style=\"color: #f88523;\"><strong>resistente<\/strong><\/span>. Por lo tanto se puede utilizar tanto en <span style=\"color: #f88523;\"><strong>exteriores <\/strong><\/span>como en interiores.<br \/>\nBuscado para la fabricaci\u00f3n de <strong><span style=\"color: #f88523;\">cortinas ac\u00fasticas muy absorbentes<\/span><\/strong>, se puede utilizar para confeccionar <span style=\"color: #f88523;\"><strong>cortinas divisorias<\/strong><\/span>, cortinas de escenario, forros o incluso colocar en tensi\u00f3n para revestir paredes.<br \/>\nCompletamente <strong><span style=\"color: #f88523;\">opaca<\/span><\/strong>, la Sarga Absorber CS tambi\u00e9n se puede utilizar para la realizaci\u00f3n de<strong><span style=\"color: #f88523;\"> cajas negras<\/span><\/strong>.<\/p>\n<table class=\"table\" style=\"background: #f7f7f7;\">\n<tbody>\n<tr>\n<td><strong>Ancho<\/strong>: 300\u00a0cm<\/td>\n<td><strong>Peso<\/strong>: 500 g\/m\u00b2<\/td>\n<\/tr>\n<tr>\n<td><strong>Clasificaci\u00f3n ante el fuego<\/strong>: <img decoding=\"async\" style=\"height: 20px; width: 20px;\" src=\"https:\/\/www.azur-scenic.com\/wp-content\/uploads\/csm_icon-flag-france_3304e5e3f9.png\" \/> M2 <img decoding=\"async\" style=\"height: 20px; width: 20px;\" src=\"https:\/\/www.azur-scenic.com\/wp-content\/uploads\/icon-flag-allemagne.png\" \/> B1<\/td>\n<td style=\"vertical-align: top;\"><strong>Composici\u00f3n<\/strong>: 100 % poli\u00e9ster FR<\/td>\n<\/tr>\n<\/tbody>\n<\/table>\n","protected":false},"featured_media":14959,"template":"","meta":{"_acf_changed":false},"product_brand":[],"product_cat":[974,975,939,942,976,977,944],"product_tag":[],"class_list":{"0":"post-17371","1":"product","2":"type-product","3":"status-publish","4":"has-post-thumbnail","6":"product_cat-soluciones-acusticas","7":"product_cat-absorcion-acustica","8":"product_cat-tejidos-escenicos-y-para-eventos","9":"product_cat-oscurecimiento","10":"product_cat-tejidos-decorativos","11":"product_cat-telas-y-tejidos-peinados","12":"product_cat-todos-los-productos","13":"pa_couleurs-003-es","14":"pa_groupes-de-couleurs-negro","15":"pa_textiles-absorbente-acustico","16":"pa_textiles-apto-para-uso-en-exteriores","17":"pa_textiles-ignifugo","18":"pa_textiles-lavable","19":"pa_textiles-de-ocultacion-y-o-oscurecimiento","21":"first","22":"instock","23":"shipping-taxable","24":"purchasable","25":"product-type-simple"},"acf":[],"yoast_head":"<!-- This site is optimized with the Yoast SEO plugin v27.3 - https:\/\/yoast.com\/product\/yoast-seo-wordpress\/ -->\n<title>Sarga Absorber CS - Azur Scenic<\/title>\n<meta name=\"description\" content=\"Tejido con absorci\u00f3n ac\u00fastica suprema, intr\u00ednsecamente no inflamable, perfecto para controlar el entorno sonoro de todo tipo de espacios. Este mulet\u00f3n grueso con aspecto afelpado de los dos lados imita perfectamente laapariencia de una fastuosa sarga de lana de color negro intenso. 100 % poli\u00e9ster FR, es lavable y muy resistente. Por lo tanto se puede utilizar tanto en exteriores como en interiores. Buscado para la fabricaci\u00f3n de cortinas ac\u00fasticas muy absorbentes, se puede utilizar para confeccionar cortinas divisorias, cortinas de escenario, forros o incluso colocar en tensi\u00f3n para revestir paredes. Completamente opaca, la Sarga Absorber CS tambi\u00e9n se puede utilizar para la realizaci\u00f3n de cajas negras.  Ancho: 300\u00a0cm Peso: 500 g\/m\u00b2  Clasificaci\u00f3n ante el fuego: M2 B1 Composici\u00f3n: 100 % poli\u00e9ster FR\" \/>\n<meta name=\"robots\" content=\"index, follow, max-snippet:-1, max-image-preview:large, max-video-preview:-1\" \/>\n<link rel=\"canonical\" href=\"https:\/\/www.azur-scenic.com\/es\/producto\/sarga-absorber-cs\/\" \/>\n<meta property=\"og:locale\" content=\"es_ES\" \/>\n<meta property=\"og:type\" content=\"article\" \/>\n<meta property=\"og:title\" content=\"Sarga Absorber CS - Azur Scenic\" \/>\n<meta property=\"og:description\" content=\"Tejido con absorci\u00f3n ac\u00fastica suprema, intr\u00ednsecamente no inflamable, perfecto para controlar el entorno sonoro de todo tipo de espacios. Este mulet\u00f3n grueso con aspecto afelpado de los dos lados imita perfectamente laapariencia de una fastuosa sarga de lana de color negro intenso. 100 % poli\u00e9ster FR, es lavable y muy resistente. Por lo tanto se puede utilizar tanto en exteriores como en interiores. Buscado para la fabricaci\u00f3n de cortinas ac\u00fasticas muy absorbentes, se puede utilizar para confeccionar cortinas divisorias, cortinas de escenario, forros o incluso colocar en tensi\u00f3n para revestir paredes. Completamente opaca, la Sarga Absorber CS tambi\u00e9n se puede utilizar para la realizaci\u00f3n de cajas negras.  Ancho: 300\u00a0cm Peso: 500 g\/m\u00b2  Clasificaci\u00f3n ante el fuego: M2 B1 Composici\u00f3n: 100 % poli\u00e9ster FR\" \/>\n<meta property=\"og:url\" content=\"https:\/\/www.azur-scenic.com\/es\/producto\/sarga-absorber-cs\/\" \/>\n<meta property=\"og:site_name\" content=\"Azur Scenic\" \/>\n<meta property=\"article:modified_time\" content=\"2023-08-02T13:16:53+00:00\" \/>\n<meta property=\"og:image\" content=\"https:\/\/www.azur-scenic.com\/wp-content\/uploads\/SERGE-ABSORBER-CS-scaled.jpg\" \/>\n\t<meta property=\"og:image:width\" content=\"2560\" \/>\n\t<meta property=\"og:image:height\" content=\"2560\" \/>\n\t<meta property=\"og:image:type\" content=\"image\/jpeg\" \/>\n<meta name=\"twitter:card\" content=\"summary_large_image\" \/>\n<script type=\"application\/ld+json\" class=\"yoast-schema-graph\">{\"@context\":\"https:\\\/\\\/schema.org\",\"@graph\":[{\"@type\":\"WebPage\",\"@id\":\"https:\\\/\\\/www.azur-scenic.com\\\/es\\\/producto\\\/sarga-absorber-cs\\\/\",\"url\":\"https:\\\/\\\/www.azur-scenic.com\\\/es\\\/producto\\\/sarga-absorber-cs\\\/\",\"name\":\"Sarga Absorber CS - Azur Scenic\",\"isPartOf\":{\"@id\":\"https:\\\/\\\/www.azur-scenic.com\\\/es\\\/#website\"},\"primaryImageOfPage\":{\"@id\":\"https:\\\/\\\/www.azur-scenic.com\\\/es\\\/producto\\\/sarga-absorber-cs\\\/#primaryimage\"},\"image\":{\"@id\":\"https:\\\/\\\/www.azur-scenic.com\\\/es\\\/producto\\\/sarga-absorber-cs\\\/#primaryimage\"},\"thumbnailUrl\":\"https:\\\/\\\/www.azur-scenic.com\\\/wp-content\\\/uploads\\\/SERGE-ABSORBER-CS-scaled.jpg\",\"datePublished\":\"2022-10-04T07:28:29+00:00\",\"dateModified\":\"2023-08-02T13:16:53+00:00\",\"description\":\"Tejido con absorci\u00f3n ac\u00fastica suprema, intr\u00ednsecamente no inflamable, perfecto para controlar el entorno sonoro de todo tipo de espacios. Este mulet\u00f3n grueso con aspecto afelpado de los dos lados imita perfectamente laapariencia de una fastuosa sarga de lana de color negro intenso. 100 % poli\u00e9ster FR, es lavable y muy resistente. Por lo tanto se puede utilizar tanto en exteriores como en interiores. Buscado para la fabricaci\u00f3n de cortinas ac\u00fasticas muy absorbentes, se puede utilizar para confeccionar cortinas divisorias, cortinas de escenario, forros o incluso colocar en tensi\u00f3n para revestir paredes. Completamente opaca, la Sarga Absorber CS tambi\u00e9n se puede utilizar para la realizaci\u00f3n de cajas negras. Ancho: 300\u00a0cm Peso: 500 g\\\/m\u00b2 Clasificaci\u00f3n ante el fuego: M2 B1 Composici\u00f3n: 100 % poli\u00e9ster FR\",\"breadcrumb\":{\"@id\":\"https:\\\/\\\/www.azur-scenic.com\\\/es\\\/producto\\\/sarga-absorber-cs\\\/#breadcrumb\"},\"inLanguage\":\"es\",\"potentialAction\":[{\"@type\":\"ReadAction\",\"target\":[\"https:\\\/\\\/www.azur-scenic.com\\\/es\\\/producto\\\/sarga-absorber-cs\\\/\"]}]},{\"@type\":\"ImageObject\",\"inLanguage\":\"es\",\"@id\":\"https:\\\/\\\/www.azur-scenic.com\\\/es\\\/producto\\\/sarga-absorber-cs\\\/#primaryimage\",\"url\":\"https:\\\/\\\/www.azur-scenic.com\\\/wp-content\\\/uploads\\\/SERGE-ABSORBER-CS-scaled.jpg\",\"contentUrl\":\"https:\\\/\\\/www.azur-scenic.com\\\/wp-content\\\/uploads\\\/SERGE-ABSORBER-CS-scaled.jpg\",\"width\":2560,\"height\":2560,\"caption\":\"SERGE ABSORBER CS\"},{\"@type\":\"BreadcrumbList\",\"@id\":\"https:\\\/\\\/www.azur-scenic.com\\\/es\\\/producto\\\/sarga-absorber-cs\\\/#breadcrumb\",\"itemListElement\":[{\"@type\":\"ListItem\",\"position\":1,\"name\":\"Accueil\",\"item\":\"https:\\\/\\\/www.azur-scenic.com\\\/es\\\/\"},{\"@type\":\"ListItem\",\"position\":2,\"name\":\"Productos\",\"item\":\"https:\\\/\\\/www.azur-scenic.com\\\/es\\\/?page_id=21440\"},{\"@type\":\"ListItem\",\"position\":3,\"name\":\"Sarga Absorber CS\"}]},{\"@type\":\"WebSite\",\"@id\":\"https:\\\/\\\/www.azur-scenic.com\\\/es\\\/#website\",\"url\":\"https:\\\/\\\/www.azur-scenic.com\\\/es\\\/\",\"name\":\"Azur Scenic\",\"description\":\"Sp\u00e9cialiste de l\u2019\u00e9quipement sc\u00e9nique et de la d\u00e9coration int\u00e9rieure et \u00e9v\u00e9nementielle !\",\"publisher\":{\"@id\":\"https:\\\/\\\/www.azur-scenic.com\\\/es\\\/#organization\"},\"potentialAction\":[{\"@type\":\"SearchAction\",\"target\":{\"@type\":\"EntryPoint\",\"urlTemplate\":\"https:\\\/\\\/www.azur-scenic.com\\\/es\\\/?s={search_term_string}\"},\"query-input\":{\"@type\":\"PropertyValueSpecification\",\"valueRequired\":true,\"valueName\":\"search_term_string\"}}],\"inLanguage\":\"es\"},{\"@type\":\"Organization\",\"@id\":\"https:\\\/\\\/www.azur-scenic.com\\\/es\\\/#organization\",\"name\":\"AZUR SCENIC\",\"url\":\"https:\\\/\\\/www.azur-scenic.com\\\/es\\\/\",\"logo\":{\"@type\":\"ImageObject\",\"inLanguage\":\"es\",\"@id\":\"https:\\\/\\\/www.azur-scenic.com\\\/es\\\/#\\\/schema\\\/logo\\\/image\\\/\",\"url\":\"https:\\\/\\\/www.azur-scenic.com\\\/wp-content\\\/uploads\\\/2022\\\/09\\\/LOGO-AZUR-SCENIC-Fusion-web-236x64-1.jpg\",\"contentUrl\":\"https:\\\/\\\/www.azur-scenic.com\\\/wp-content\\\/uploads\\\/2022\\\/09\\\/LOGO-AZUR-SCENIC-Fusion-web-236x64-1.jpg\",\"width\":236,\"height\":64,\"caption\":\"AZUR SCENIC\"},\"image\":{\"@id\":\"https:\\\/\\\/www.azur-scenic.com\\\/es\\\/#\\\/schema\\\/logo\\\/image\\\/\"},\"sameAs\":[\"https:\\\/\\\/www.youtube.com\\\/channel\\\/UCPWM2mGPVUt4nYhNlm71WOA\",\"https:\\\/\\\/www.linkedin.com\\\/company\\\/33237605\\\/admin\\\/feed\\\/posts\\\/\"]}]}<\/script>\n<!-- \/ Yoast SEO plugin. -->","yoast_head_json":{"title":"Sarga Absorber CS - Azur Scenic","description":"Tejido con absorci\u00f3n ac\u00fastica suprema, intr\u00ednsecamente no inflamable, perfecto para controlar el entorno sonoro de todo tipo de espacios. Este mulet\u00f3n grueso con aspecto afelpado de los dos lados imita perfectamente laapariencia de una fastuosa sarga de lana de color negro intenso. 100 % poli\u00e9ster FR, es lavable y muy resistente. Por lo tanto se puede utilizar tanto en exteriores como en interiores. Buscado para la fabricaci\u00f3n de cortinas ac\u00fasticas muy absorbentes, se puede utilizar para confeccionar cortinas divisorias, cortinas de escenario, forros o incluso colocar en tensi\u00f3n para revestir paredes. Completamente opaca, la Sarga Absorber CS tambi\u00e9n se puede utilizar para la realizaci\u00f3n de cajas negras.  Ancho: 300\u00a0cm Peso: 500 g\/m\u00b2  Clasificaci\u00f3n ante el fuego: M2 B1 Composici\u00f3n: 100 % poli\u00e9ster FR","robots":{"index":"index","follow":"follow","max-snippet":"max-snippet:-1","max-image-preview":"max-image-preview:large","max-video-preview":"max-video-preview:-1"},"canonical":"https:\/\/www.azur-scenic.com\/es\/producto\/sarga-absorber-cs\/","og_locale":"es_ES","og_type":"article","og_title":"Sarga Absorber CS - Azur Scenic","og_description":"Tejido con absorci\u00f3n ac\u00fastica suprema, intr\u00ednsecamente no inflamable, perfecto para controlar el entorno sonoro de todo tipo de espacios. Este mulet\u00f3n grueso con aspecto afelpado de los dos lados imita perfectamente laapariencia de una fastuosa sarga de lana de color negro intenso. 100 % poli\u00e9ster FR, es lavable y muy resistente. Por lo tanto se puede utilizar tanto en exteriores como en interiores. Buscado para la fabricaci\u00f3n de cortinas ac\u00fasticas muy absorbentes, se puede utilizar para confeccionar cortinas divisorias, cortinas de escenario, forros o incluso colocar en tensi\u00f3n para revestir paredes. Completamente opaca, la Sarga Absorber CS tambi\u00e9n se puede utilizar para la realizaci\u00f3n de cajas negras.  Ancho: 300\u00a0cm Peso: 500 g\/m\u00b2  Clasificaci\u00f3n ante el fuego: M2 B1 Composici\u00f3n: 100 % poli\u00e9ster FR","og_url":"https:\/\/www.azur-scenic.com\/es\/producto\/sarga-absorber-cs\/","og_site_name":"Azur Scenic","article_modified_time":"2023-08-02T13:16:53+00:00","og_image":[{"width":2560,"height":2560,"url":"https:\/\/www.azur-scenic.com\/wp-content\/uploads\/SERGE-ABSORBER-CS-scaled.jpg","type":"image\/jpeg"}],"twitter_card":"summary_large_image","schema":{"@context":"https:\/\/schema.org","@graph":[{"@type":"WebPage","@id":"https:\/\/www.azur-scenic.com\/es\/producto\/sarga-absorber-cs\/","url":"https:\/\/www.azur-scenic.com\/es\/producto\/sarga-absorber-cs\/","name":"Sarga Absorber CS - Azur Scenic","isPartOf":{"@id":"https:\/\/www.azur-scenic.com\/es\/#website"},"primaryImageOfPage":{"@id":"https:\/\/www.azur-scenic.com\/es\/producto\/sarga-absorber-cs\/#primaryimage"},"image":{"@id":"https:\/\/www.azur-scenic.com\/es\/producto\/sarga-absorber-cs\/#primaryimage"},"thumbnailUrl":"https:\/\/www.azur-scenic.com\/wp-content\/uploads\/SERGE-ABSORBER-CS-scaled.jpg","datePublished":"2022-10-04T07:28:29+00:00","dateModified":"2023-08-02T13:16:53+00:00","description":"Tejido con absorci\u00f3n ac\u00fastica suprema, intr\u00ednsecamente no inflamable, perfecto para controlar el entorno sonoro de todo tipo de espacios. Este mulet\u00f3n grueso con aspecto afelpado de los dos lados imita perfectamente laapariencia de una fastuosa sarga de lana de color negro intenso. 100 % poli\u00e9ster FR, es lavable y muy resistente. Por lo tanto se puede utilizar tanto en exteriores como en interiores. Buscado para la fabricaci\u00f3n de cortinas ac\u00fasticas muy absorbentes, se puede utilizar para confeccionar cortinas divisorias, cortinas de escenario, forros o incluso colocar en tensi\u00f3n para revestir paredes. Completamente opaca, la Sarga Absorber CS tambi\u00e9n se puede utilizar para la realizaci\u00f3n de cajas negras. Ancho: 300\u00a0cm Peso: 500 g\/m\u00b2 Clasificaci\u00f3n ante el fuego: M2 B1 Composici\u00f3n: 100 % poli\u00e9ster FR","breadcrumb":{"@id":"https:\/\/www.azur-scenic.com\/es\/producto\/sarga-absorber-cs\/#breadcrumb"},"inLanguage":"es","potentialAction":[{"@type":"ReadAction","target":["https:\/\/www.azur-scenic.com\/es\/producto\/sarga-absorber-cs\/"]}]},{"@type":"ImageObject","inLanguage":"es","@id":"https:\/\/www.azur-scenic.com\/es\/producto\/sarga-absorber-cs\/#primaryimage","url":"https:\/\/www.azur-scenic.com\/wp-content\/uploads\/SERGE-ABSORBER-CS-scaled.jpg","contentUrl":"https:\/\/www.azur-scenic.com\/wp-content\/uploads\/SERGE-ABSORBER-CS-scaled.jpg","width":2560,"height":2560,"caption":"SERGE ABSORBER CS"},{"@type":"BreadcrumbList","@id":"https:\/\/www.azur-scenic.com\/es\/producto\/sarga-absorber-cs\/#breadcrumb","itemListElement":[{"@type":"ListItem","position":1,"name":"Accueil","item":"https:\/\/www.azur-scenic.com\/es\/"},{"@type":"ListItem","position":2,"name":"Productos","item":"https:\/\/www.azur-scenic.com\/es\/?page_id=21440"},{"@type":"ListItem","position":3,"name":"Sarga Absorber CS"}]},{"@type":"WebSite","@id":"https:\/\/www.azur-scenic.com\/es\/#website","url":"https:\/\/www.azur-scenic.com\/es\/","name":"Azur Scenic","description":"Sp\u00e9cialiste de l\u2019\u00e9quipement sc\u00e9nique et de la d\u00e9coration int\u00e9rieure et \u00e9v\u00e9nementielle !","publisher":{"@id":"https:\/\/www.azur-scenic.com\/es\/#organization"},"potentialAction":[{"@type":"SearchAction","target":{"@type":"EntryPoint","urlTemplate":"https:\/\/www.azur-scenic.com\/es\/?s={search_term_string}"},"query-input":{"@type":"PropertyValueSpecification","valueRequired":true,"valueName":"search_term_string"}}],"inLanguage":"es"},{"@type":"Organization","@id":"https:\/\/www.azur-scenic.com\/es\/#organization","name":"AZUR SCENIC","url":"https:\/\/www.azur-scenic.com\/es\/","logo":{"@type":"ImageObject","inLanguage":"es","@id":"https:\/\/www.azur-scenic.com\/es\/#\/schema\/logo\/image\/","url":"https:\/\/www.azur-scenic.com\/wp-content\/uploads\/2022\/09\/LOGO-AZUR-SCENIC-Fusion-web-236x64-1.jpg","contentUrl":"https:\/\/www.azur-scenic.com\/wp-content\/uploads\/2022\/09\/LOGO-AZUR-SCENIC-Fusion-web-236x64-1.jpg","width":236,"height":64,"caption":"AZUR SCENIC"},"image":{"@id":"https:\/\/www.azur-scenic.com\/es\/#\/schema\/logo\/image\/"},"sameAs":["https:\/\/www.youtube.com\/channel\/UCPWM2mGPVUt4nYhNlm71WOA","https:\/\/www.linkedin.com\/company\/33237605\/admin\/feed\/posts\/"]}]}},"_links":{"self":[{"href":"https:\/\/www.azur-scenic.com\/es\/wp-json\/wp\/v2\/product\/17371","targetHints":{"allow":["GET"]}}],"collection":[{"href":"https:\/\/www.azur-scenic.com\/es\/wp-json\/wp\/v2\/product"}],"about":[{"href":"https:\/\/www.azur-scenic.com\/es\/wp-json\/wp\/v2\/types\/product"}],"wp:featuredmedia":[{"embeddable":true,"href":"https:\/\/www.azur-scenic.com\/es\/wp-json\/wp\/v2\/media\/14959"}],"wp:attachment":[{"href":"https:\/\/www.azur-scenic.com\/es\/wp-json\/wp\/v2\/media?parent=17371"}],"wp:term":[{"taxonomy":"product_brand","embeddable":true,"href":"https:\/\/www.azur-scenic.com\/es\/wp-json\/wp\/v2\/product_brand?post=17371"},{"taxonomy":"product_cat","embeddable":true,"href":"https:\/\/www.azur-scenic.com\/es\/wp-json\/wp\/v2\/product_cat?post=17371"},{"taxonomy":"product_tag","embeddable":true,"href":"https:\/\/www.azur-scenic.com\/es\/wp-json\/wp\/v2\/product_tag?post=17371"}],"curies":[{"name":"wp","href":"https:\/\/api.w.org\/{rel}","templated":true}]}}