{"id":17374,"date":"2022-10-04T07:28:28","date_gmt":"2022-10-04T07:28:28","guid":{"rendered":"https:\/\/www.azur-scenic.com\/produit\/erail\/"},"modified":"2023-08-02T13:18:58","modified_gmt":"2023-08-02T13:18:58","slug":"erail","status":"publish","type":"product","link":"https:\/\/www.azur-scenic.com\/es\/producto\/erail\/","title":{"rendered":"Erail"},"content":{"rendered":"<p><p>Perfil de aluminio extruido en color <strong><span style=\"color: #f88523;\">negro<\/span><\/strong> (otros colores RAL disponibles por encargo).<\/p>\n<p>Posibilidad de abrir y cerrar las cortinas <strong><span style=\"color: #f88523;\">tirando de ellas manualmente<\/span><\/strong>, <strong><span style=\"color: #f88523;\">tirando de una<\/span><\/strong> (driza de poli\u00e9ster de 8\u00a0mm de di\u00e1metro) o <strong><span style=\"color: #f88523;\">de forma motorizada<\/span><\/strong> (driza Kevlar de 8\u00a0mm de di\u00e1metro).<\/p>\n<p>Montaje de la\u00a0<strong><span style=\"color: #f88523;\">driza <\/span><\/strong>en la gu\u00eda\u00a0<strong><span style=\"color: #f88523;\">superior<\/span><\/strong>.<\/p>\n<p>Posibilidad de <strong><span style=\"color: #f88523;\">cimbreo a medida<\/span><\/strong> (todas las maniobras) con un radio m\u00ednimo de 500\u00a0mm.<\/p>\n<p>Montaje en <strong><span style=\"color: #f88523;\">riel simple para 1 o 2 cortinas<\/span><\/strong> (cruce central de 30\u00a0cm aproximadamente) o en <strong><span style=\"color: #f88523;\">riel doble<\/span><\/strong> con cruce (solapamiento central de 1 m de forma predeterminada, otros cruces por encargo).<\/p>\n<p>Posibilidad de montarlo con un <strong><span style=\"color: #f88523;\">gancho de techo<\/span><\/strong>, un gancho de <strong><span style=\"color: #f88523;\">pared<\/span><\/strong> en consolas o un gancho desde un <strong><span style=\"color: #f88523;\">poste<\/span><\/strong> con abrazaderas (tubo de 50\u00a0mm de di\u00e1metro).<\/p>\n<p><strong><span style=\"color: #f88523;\">Detalles t\u00e9cnicos, opciones y accesorios<\/span><\/strong><br \/>\nDescarga la ficha t\u00e9cnica.<\/p>\n<p>\u00a0<\/p><\/p>\n","protected":false},"excerpt":{"rendered":"<p><strong><span style=\"color: #f88523;\">Riel de escenario vers\u00e1til y preciso<\/span><\/strong>, ideal para equipar todo tipo de escenarios (salas de espect\u00e1culos, salas de usos m\u00faltiples, anfiteatros, etc.) con <strong><span style=\"color: #f88523;\">cargas medias<\/span><\/strong> (cortinas para escenarios de terciopelo, cortinas divisorias, cortinas opacas, etc.).<\/p>\n<p><strong><span style=\"color: #f88523;\">Robusto<\/span><\/strong>,\u00a0<strong><span style=\"color: #f88523;\">compacto<\/span><\/strong>,\u00a0<strong><span style=\"color: #f88523;\">silencioso<\/span><\/strong>\u00a0(gracias a sus rodillos con rodamientos de bolas) y con un bonito acabado <strong><span style=\"color: #f88523;\">negro mate<\/span><\/strong>, se podr\u00e1 integrar con perfecta discreci\u00f3n en los espacios esc\u00e9nicos, salas de recepci\u00f3n, oficinas, museos, etc.<\/p>\n<p>Su\u00a0<strong><span style=\"color: #f88523;\">perfil curvable<\/span><\/strong>\u00a0por encargo le permitir\u00e1 adaptarse perfectamente a todas las configuraciones de salas, incluso las m\u00e1s at\u00edpicas.<\/p>\n","protected":false},"featured_media":8447,"template":"","meta":{"_acf_changed":false},"product_brand":[],"product_cat":[1093,1094,1210,943,944],"product_tag":[],"class_list":{"0":"post-17374","1":"product","2":"type-product","3":"status-publish","4":"has-post-thumbnail","6":"product_cat-productos-tecnicos","7":"product_cat-rieles-para-escenarios","8":"product_cat-erail","9":"product_cat-teatro","10":"product_cat-todos-los-productos","11":"pa_techniques-permite-la-manipulacion-manual-sin-tirar-de-una-driza","12":"pa_techniques-se-puede-curvar","13":"pa_techniques-fabricacion-a-medida","14":"pa_techniques-fijacion-mural","15":"pa_techniques-fijacion-al-techo","16":"pa_techniques-fijacion-mediante-tubo","17":"pa_techniques-montaje-sobre-riel-doble","18":"pa_techniques-montaje-sobre-riel-simple","19":"pa_techniques-se-puede-manipular-tirando-de-una-driza","20":"pa_techniques-accionamiento-por-motor","22":"first","23":"instock","24":"shipping-taxable","25":"purchasable","26":"product-type-simple"},"acf":[],"yoast_head":"<!-- This site is optimized with the Yoast SEO plugin v27.1.1 - https:\/\/yoast.com\/product\/yoast-seo-wordpress\/ -->\n<title>Erail - Azur Scenic<\/title>\n<meta name=\"description\" content=\"Riel de escenario vers\u00e1til y preciso, ideal para equipar todo tipo de escenarios (salas de espect\u00e1culos, salas de usos m\u00faltiples, anfiteatros, etc.) con cargas medias (cortinas para escenarios de terciopelo, cortinas divisorias, cortinas opacas, etc.). Robusto,\u00a0compacto,\u00a0silencioso\u00a0(gracias a sus rodillos con rodamientos de bolas) y con un bonito acabado negro mate, se podr\u00e1 integrar con perfecta discreci\u00f3n en los espacios esc\u00e9nicos, salas de recepci\u00f3n, oficinas, museos, etc. Su\u00a0perfil curvable\u00a0por encargo le permitir\u00e1 adaptarse perfectamente a todas las configuraciones de salas, incluso las m\u00e1s at\u00edpicas.\" \/>\n<meta name=\"robots\" content=\"index, follow, max-snippet:-1, max-image-preview:large, max-video-preview:-1\" \/>\n<link rel=\"canonical\" href=\"https:\/\/www.azur-scenic.com\/es\/producto\/erail\/\" \/>\n<meta property=\"og:locale\" content=\"es_ES\" \/>\n<meta property=\"og:type\" content=\"article\" \/>\n<meta property=\"og:title\" content=\"Erail - Azur Scenic\" \/>\n<meta property=\"og:description\" content=\"Riel de escenario vers\u00e1til y preciso, ideal para equipar todo tipo de escenarios (salas de espect\u00e1culos, salas de usos m\u00faltiples, anfiteatros, etc.) con cargas medias (cortinas para escenarios de terciopelo, cortinas divisorias, cortinas opacas, etc.). Robusto,\u00a0compacto,\u00a0silencioso\u00a0(gracias a sus rodillos con rodamientos de bolas) y con un bonito acabado negro mate, se podr\u00e1 integrar con perfecta discreci\u00f3n en los espacios esc\u00e9nicos, salas de recepci\u00f3n, oficinas, museos, etc. Su\u00a0perfil curvable\u00a0por encargo le permitir\u00e1 adaptarse perfectamente a todas las configuraciones de salas, incluso las m\u00e1s at\u00edpicas.\" \/>\n<meta property=\"og:url\" content=\"https:\/\/www.azur-scenic.com\/es\/producto\/erail\/\" \/>\n<meta property=\"og:site_name\" content=\"Azur Scenic\" \/>\n<meta property=\"article:modified_time\" content=\"2023-08-02T13:18:58+00:00\" \/>\n<meta property=\"og:image\" content=\"https:\/\/www.azur-scenic.com\/wp-content\/uploads\/cb6288f1f9719e0315c69e648553d505.jpg\" \/>\n\t<meta property=\"og:image:width\" content=\"1323\" \/>\n\t<meta property=\"og:image:height\" content=\"1323\" \/>\n\t<meta property=\"og:image:type\" content=\"image\/jpeg\" \/>\n<meta name=\"twitter:card\" content=\"summary_large_image\" \/>\n<meta name=\"twitter:label1\" content=\"Tiempo de lectura\" \/>\n\t<meta name=\"twitter:data1\" content=\"1 minuto\" \/>\n<script type=\"application\/ld+json\" class=\"yoast-schema-graph\">{\"@context\":\"https:\/\/schema.org\",\"@graph\":[{\"@type\":\"WebPage\",\"@id\":\"https:\/\/www.azur-scenic.com\/es\/producto\/erail\/\",\"url\":\"https:\/\/www.azur-scenic.com\/es\/producto\/erail\/\",\"name\":\"Erail - Azur Scenic\",\"isPartOf\":{\"@id\":\"https:\/\/www.azur-scenic.com\/es\/#website\"},\"primaryImageOfPage\":{\"@id\":\"https:\/\/www.azur-scenic.com\/es\/producto\/erail\/#primaryimage\"},\"image\":{\"@id\":\"https:\/\/www.azur-scenic.com\/es\/producto\/erail\/#primaryimage\"},\"thumbnailUrl\":\"https:\/\/www.azur-scenic.com\/wp-content\/uploads\/cb6288f1f9719e0315c69e648553d505.jpg\",\"datePublished\":\"2022-10-04T07:28:28+00:00\",\"dateModified\":\"2023-08-02T13:18:58+00:00\",\"description\":\"Riel de escenario vers\u00e1til y preciso, ideal para equipar todo tipo de escenarios (salas de espect\u00e1culos, salas de usos m\u00faltiples, anfiteatros, etc.) con cargas medias (cortinas para escenarios de terciopelo, cortinas divisorias, cortinas opacas, etc.). Robusto,\u00a0compacto,\u00a0silencioso\u00a0(gracias a sus rodillos con rodamientos de bolas) y con un bonito acabado negro mate, se podr\u00e1 integrar con perfecta discreci\u00f3n en los espacios esc\u00e9nicos, salas de recepci\u00f3n, oficinas, museos, etc. Su\u00a0perfil curvable\u00a0por encargo le permitir\u00e1 adaptarse perfectamente a todas las configuraciones de salas, incluso las m\u00e1s at\u00edpicas.\",\"breadcrumb\":{\"@id\":\"https:\/\/www.azur-scenic.com\/es\/producto\/erail\/#breadcrumb\"},\"inLanguage\":\"es\",\"potentialAction\":[{\"@type\":\"ReadAction\",\"target\":[\"https:\/\/www.azur-scenic.com\/es\/producto\/erail\/\"]}]},{\"@type\":\"ImageObject\",\"inLanguage\":\"es\",\"@id\":\"https:\/\/www.azur-scenic.com\/es\/producto\/erail\/#primaryimage\",\"url\":\"https:\/\/www.azur-scenic.com\/wp-content\/uploads\/cb6288f1f9719e0315c69e648553d505.jpg\",\"contentUrl\":\"https:\/\/www.azur-scenic.com\/wp-content\/uploads\/cb6288f1f9719e0315c69e648553d505.jpg\",\"width\":1323,\"height\":1323},{\"@type\":\"BreadcrumbList\",\"@id\":\"https:\/\/www.azur-scenic.com\/es\/producto\/erail\/#breadcrumb\",\"itemListElement\":[{\"@type\":\"ListItem\",\"position\":1,\"name\":\"Accueil\",\"item\":\"https:\/\/www.azur-scenic.com\/es\/\"},{\"@type\":\"ListItem\",\"position\":2,\"name\":\"Productos\",\"item\":\"https:\/\/www.azur-scenic.com\/es\/?page_id=21440\"},{\"@type\":\"ListItem\",\"position\":3,\"name\":\"Erail\"}]},{\"@type\":\"WebSite\",\"@id\":\"https:\/\/www.azur-scenic.com\/es\/#website\",\"url\":\"https:\/\/www.azur-scenic.com\/es\/\",\"name\":\"Azur Scenic\",\"description\":\"Sp\u00e9cialiste de l\u2019\u00e9quipement sc\u00e9nique et de la d\u00e9coration int\u00e9rieure et \u00e9v\u00e9nementielle !\",\"publisher\":{\"@id\":\"https:\/\/www.azur-scenic.com\/es\/#organization\"},\"potentialAction\":[{\"@type\":\"SearchAction\",\"target\":{\"@type\":\"EntryPoint\",\"urlTemplate\":\"https:\/\/www.azur-scenic.com\/es\/?s={search_term_string}\"},\"query-input\":{\"@type\":\"PropertyValueSpecification\",\"valueRequired\":true,\"valueName\":\"search_term_string\"}}],\"inLanguage\":\"es\"},{\"@type\":\"Organization\",\"@id\":\"https:\/\/www.azur-scenic.com\/es\/#organization\",\"name\":\"AZUR SCENIC\",\"url\":\"https:\/\/www.azur-scenic.com\/es\/\",\"logo\":{\"@type\":\"ImageObject\",\"inLanguage\":\"es\",\"@id\":\"https:\/\/www.azur-scenic.com\/es\/#\/schema\/logo\/image\/\",\"url\":\"https:\/\/www.azur-scenic.com\/wp-content\/uploads\/2022\/09\/LOGO-AZUR-SCENIC-Fusion-web-236x64-1.jpg\",\"contentUrl\":\"https:\/\/www.azur-scenic.com\/wp-content\/uploads\/2022\/09\/LOGO-AZUR-SCENIC-Fusion-web-236x64-1.jpg\",\"width\":236,\"height\":64,\"caption\":\"AZUR SCENIC\"},\"image\":{\"@id\":\"https:\/\/www.azur-scenic.com\/es\/#\/schema\/logo\/image\/\"},\"sameAs\":[\"https:\/\/www.youtube.com\/channel\/UCPWM2mGPVUt4nYhNlm71WOA\",\"https:\/\/www.linkedin.com\/company\/33237605\/admin\/feed\/posts\/\"]}]}<\/script>\n<!-- \/ Yoast SEO plugin. -->","yoast_head_json":{"title":"Erail - Azur Scenic","description":"Riel de escenario vers\u00e1til y preciso, ideal para equipar todo tipo de escenarios (salas de espect\u00e1culos, salas de usos m\u00faltiples, anfiteatros, etc.) con cargas medias (cortinas para escenarios de terciopelo, cortinas divisorias, cortinas opacas, etc.). Robusto,\u00a0compacto,\u00a0silencioso\u00a0(gracias a sus rodillos con rodamientos de bolas) y con un bonito acabado negro mate, se podr\u00e1 integrar con perfecta discreci\u00f3n en los espacios esc\u00e9nicos, salas de recepci\u00f3n, oficinas, museos, etc. Su\u00a0perfil curvable\u00a0por encargo le permitir\u00e1 adaptarse perfectamente a todas las configuraciones de salas, incluso las m\u00e1s at\u00edpicas.","robots":{"index":"index","follow":"follow","max-snippet":"max-snippet:-1","max-image-preview":"max-image-preview:large","max-video-preview":"max-video-preview:-1"},"canonical":"https:\/\/www.azur-scenic.com\/es\/producto\/erail\/","og_locale":"es_ES","og_type":"article","og_title":"Erail - Azur Scenic","og_description":"Riel de escenario vers\u00e1til y preciso, ideal para equipar todo tipo de escenarios (salas de espect\u00e1culos, salas de usos m\u00faltiples, anfiteatros, etc.) con cargas medias (cortinas para escenarios de terciopelo, cortinas divisorias, cortinas opacas, etc.). Robusto,\u00a0compacto,\u00a0silencioso\u00a0(gracias a sus rodillos con rodamientos de bolas) y con un bonito acabado negro mate, se podr\u00e1 integrar con perfecta discreci\u00f3n en los espacios esc\u00e9nicos, salas de recepci\u00f3n, oficinas, museos, etc. Su\u00a0perfil curvable\u00a0por encargo le permitir\u00e1 adaptarse perfectamente a todas las configuraciones de salas, incluso las m\u00e1s at\u00edpicas.","og_url":"https:\/\/www.azur-scenic.com\/es\/producto\/erail\/","og_site_name":"Azur Scenic","article_modified_time":"2023-08-02T13:18:58+00:00","og_image":[{"width":1323,"height":1323,"url":"https:\/\/www.azur-scenic.com\/wp-content\/uploads\/cb6288f1f9719e0315c69e648553d505.jpg","type":"image\/jpeg"}],"twitter_card":"summary_large_image","twitter_misc":{"Tiempo de lectura":"1 minuto"},"schema":{"@context":"https:\/\/schema.org","@graph":[{"@type":"WebPage","@id":"https:\/\/www.azur-scenic.com\/es\/producto\/erail\/","url":"https:\/\/www.azur-scenic.com\/es\/producto\/erail\/","name":"Erail - Azur Scenic","isPartOf":{"@id":"https:\/\/www.azur-scenic.com\/es\/#website"},"primaryImageOfPage":{"@id":"https:\/\/www.azur-scenic.com\/es\/producto\/erail\/#primaryimage"},"image":{"@id":"https:\/\/www.azur-scenic.com\/es\/producto\/erail\/#primaryimage"},"thumbnailUrl":"https:\/\/www.azur-scenic.com\/wp-content\/uploads\/cb6288f1f9719e0315c69e648553d505.jpg","datePublished":"2022-10-04T07:28:28+00:00","dateModified":"2023-08-02T13:18:58+00:00","description":"Riel de escenario vers\u00e1til y preciso, ideal para equipar todo tipo de escenarios (salas de espect\u00e1culos, salas de usos m\u00faltiples, anfiteatros, etc.) con cargas medias (cortinas para escenarios de terciopelo, cortinas divisorias, cortinas opacas, etc.). Robusto,\u00a0compacto,\u00a0silencioso\u00a0(gracias a sus rodillos con rodamientos de bolas) y con un bonito acabado negro mate, se podr\u00e1 integrar con perfecta discreci\u00f3n en los espacios esc\u00e9nicos, salas de recepci\u00f3n, oficinas, museos, etc. Su\u00a0perfil curvable\u00a0por encargo le permitir\u00e1 adaptarse perfectamente a todas las configuraciones de salas, incluso las m\u00e1s at\u00edpicas.","breadcrumb":{"@id":"https:\/\/www.azur-scenic.com\/es\/producto\/erail\/#breadcrumb"},"inLanguage":"es","potentialAction":[{"@type":"ReadAction","target":["https:\/\/www.azur-scenic.com\/es\/producto\/erail\/"]}]},{"@type":"ImageObject","inLanguage":"es","@id":"https:\/\/www.azur-scenic.com\/es\/producto\/erail\/#primaryimage","url":"https:\/\/www.azur-scenic.com\/wp-content\/uploads\/cb6288f1f9719e0315c69e648553d505.jpg","contentUrl":"https:\/\/www.azur-scenic.com\/wp-content\/uploads\/cb6288f1f9719e0315c69e648553d505.jpg","width":1323,"height":1323},{"@type":"BreadcrumbList","@id":"https:\/\/www.azur-scenic.com\/es\/producto\/erail\/#breadcrumb","itemListElement":[{"@type":"ListItem","position":1,"name":"Accueil","item":"https:\/\/www.azur-scenic.com\/es\/"},{"@type":"ListItem","position":2,"name":"Productos","item":"https:\/\/www.azur-scenic.com\/es\/?page_id=21440"},{"@type":"ListItem","position":3,"name":"Erail"}]},{"@type":"WebSite","@id":"https:\/\/www.azur-scenic.com\/es\/#website","url":"https:\/\/www.azur-scenic.com\/es\/","name":"Azur Scenic","description":"Sp\u00e9cialiste de l\u2019\u00e9quipement sc\u00e9nique et de la d\u00e9coration int\u00e9rieure et \u00e9v\u00e9nementielle !","publisher":{"@id":"https:\/\/www.azur-scenic.com\/es\/#organization"},"potentialAction":[{"@type":"SearchAction","target":{"@type":"EntryPoint","urlTemplate":"https:\/\/www.azur-scenic.com\/es\/?s={search_term_string}"},"query-input":{"@type":"PropertyValueSpecification","valueRequired":true,"valueName":"search_term_string"}}],"inLanguage":"es"},{"@type":"Organization","@id":"https:\/\/www.azur-scenic.com\/es\/#organization","name":"AZUR SCENIC","url":"https:\/\/www.azur-scenic.com\/es\/","logo":{"@type":"ImageObject","inLanguage":"es","@id":"https:\/\/www.azur-scenic.com\/es\/#\/schema\/logo\/image\/","url":"https:\/\/www.azur-scenic.com\/wp-content\/uploads\/2022\/09\/LOGO-AZUR-SCENIC-Fusion-web-236x64-1.jpg","contentUrl":"https:\/\/www.azur-scenic.com\/wp-content\/uploads\/2022\/09\/LOGO-AZUR-SCENIC-Fusion-web-236x64-1.jpg","width":236,"height":64,"caption":"AZUR SCENIC"},"image":{"@id":"https:\/\/www.azur-scenic.com\/es\/#\/schema\/logo\/image\/"},"sameAs":["https:\/\/www.youtube.com\/channel\/UCPWM2mGPVUt4nYhNlm71WOA","https:\/\/www.linkedin.com\/company\/33237605\/admin\/feed\/posts\/"]}]}},"_links":{"self":[{"href":"https:\/\/www.azur-scenic.com\/es\/wp-json\/wp\/v2\/product\/17374","targetHints":{"allow":["GET"]}}],"collection":[{"href":"https:\/\/www.azur-scenic.com\/es\/wp-json\/wp\/v2\/product"}],"about":[{"href":"https:\/\/www.azur-scenic.com\/es\/wp-json\/wp\/v2\/types\/product"}],"wp:featuredmedia":[{"embeddable":true,"href":"https:\/\/www.azur-scenic.com\/es\/wp-json\/wp\/v2\/media\/8447"}],"wp:attachment":[{"href":"https:\/\/www.azur-scenic.com\/es\/wp-json\/wp\/v2\/media?parent=17374"}],"wp:term":[{"taxonomy":"product_brand","embeddable":true,"href":"https:\/\/www.azur-scenic.com\/es\/wp-json\/wp\/v2\/product_brand?post=17374"},{"taxonomy":"product_cat","embeddable":true,"href":"https:\/\/www.azur-scenic.com\/es\/wp-json\/wp\/v2\/product_cat?post=17374"},{"taxonomy":"product_tag","embeddable":true,"href":"https:\/\/www.azur-scenic.com\/es\/wp-json\/wp\/v2\/product_tag?post=17374"}],"curies":[{"name":"wp","href":"https:\/\/api.w.org\/{rel}","templated":true}]}}