{"id":17375,"date":"2022-10-04T07:28:28","date_gmt":"2022-10-04T07:28:28","guid":{"rendered":"https:\/\/www.azur-scenic.com\/produit\/ecran-blackout\/"},"modified":"2023-08-02T13:14:05","modified_gmt":"2023-08-02T13:14:05","slug":"pantalla-blackout","status":"publish","type":"product","link":"https:\/\/www.azur-scenic.com\/es\/producto\/pantalla-blackout\/","title":{"rendered":"Pantalla Blackout"},"content":{"rendered":"<table>\n<thead>\n<tr>\n<th style=\"width: 170px;\">Datos t\u00e9cnicos<\/th>\n<th>Valor<\/th>\n<th>Comentarios<\/th>\n<\/tr>\n<\/thead>\n<tbody>\n<tr>\n<td style=\"vertical-align: top;\">Ancho<\/td>\n<td style=\"vertical-align: top;\">210\u00a0cm<\/td>\n<td style=\"vertical-align: top;\">\u00a0<\/td>\n<\/tr>\n<tr>\n<td style=\"vertical-align: top;\">Peso<\/td>\n<td style=\"vertical-align: top;\">560 g\/m\u00b2<\/td>\n<td style=\"vertical-align: top;\">Norma: NF T 54-101<\/td>\n<\/tr>\n<tr>\n<td style=\"vertical-align: top;\">Grosor<\/td>\n<td style=\"vertical-align: top;\">0,42\u00a0mm<\/td>\n<td style=\"vertical-align: top;\">Norma: NF T 54-101<\/td>\n<\/tr>\n<tr>\n<td style=\"vertical-align: top;\">Clasificaci\u00f3n ante el fuego<\/td>\n<td style=\"vertical-align: top;\"><img decoding=\"async\" style=\"height: 20px; width: 20px;\" src=\"https:\/\/www.azur-scenic.com\/wp-content\/uploads\/csm_icon-flag-france_3304e5e3f9.png\" \/> M1<\/td>\n<td style=\"vertical-align: top;\">Norma: NF P 92-507<\/td>\n<\/tr>\n<tr>\n<td style=\"vertical-align: top;\">Composici\u00f3n<\/td>\n<td style=\"vertical-align: top;\">100\u00a0% PVC<\/td>\n<td style=\"vertical-align: top;\">\u00a0<\/td>\n<\/tr>\n<tr>\n<td style=\"vertical-align: top;\">Longitud del rollo<\/td>\n<td style=\"vertical-align: top;\">100 m<\/td>\n<td style=\"vertical-align: top;\">Posibilidad de venta al corte<\/td>\n<\/tr>\n<\/tbody>\n<\/table>\n","protected":false},"excerpt":{"rendered":"<p>Pantalla de PVC blando para <span style=\"color: #f88523;\"><strong>proyecci\u00f3n frontal<\/strong><\/span>, en color <span style=\"color: #f88523;\"><strong>blanco<\/strong><\/span> con <span style=\"color: #f88523;\"><strong>reverso negro 100\u00a0% opaco<\/strong><\/span>, con clasificaci\u00f3n ante el fuego<span style=\"color: #f88523;\"><strong>M1<\/strong><\/span>, para la realizaci\u00f3n de todo tipo de pantallas de<span style=\"color: #f88523;\"><strong>proyecci\u00f3n frontal<\/strong><\/span>.<br \/>\nSu reverso negro \u00abblackout\u00bb permite evitar cualquier interferencia con tu proyecci\u00f3n cuando se coloquen fuentes luminosas detr\u00e1s de la tela (luz de d\u00eda, proyectores, etc.). Por ello, este material se recomienda para la fabricaci\u00f3n de pantallas ubicadas delante de ventanas, mamparas, etc.<br \/>\nLa pantalla Blackout es especialmente apreciada para la instalaci\u00f3n de telas en <span style=\"color: #f88523;\"><strong>tensi\u00f3n sobre bastidores<\/strong><\/span>, y es apta para la realizaci\u00f3n de pantallas cl\u00e1sicas.<br \/>\nDurante la fabricaci\u00f3n, buscamos una apariencia perfectamente homog\u00e9nea de la superficie, para ofrecerte <span style=\"color: #f88523;\"><strong>propiedades \u00f3pticas \u00f3ptimas<\/strong><\/span>.<br \/>\nTambi\u00e9n nos aseguramos de que tenga la mejor <span style=\"color: #f88523;\"><strong>planicidad<\/strong><\/span> posible. Realizamos en nuestros talleres <span style=\"color: #f88523;\"><strong>soldaduras de montaje casi invisibles<\/strong><\/span> (ultrafinas y ultraplanas) para que nuestras pantallas se puedan <span style=\"color: #f88523;\"><strong>colgar<\/strong><\/span>, colocar en tensi\u00f3n <span style=\"color: #f88523;\"><strong>sobre marcos<\/strong><\/span> o incluso montar bajo <span style=\"color: #f88523;\"><strong>rodillos motorizados<\/strong><\/span>.<br \/>\nEste tejido 100\u00a0% de PVC es\u00a0<span style=\"color: #f88523;\"><strong>lavable<\/strong><\/span> y se adapta tanto para el uso en interiores como en <span style=\"color: #f88523;\"><strong>exteriores<\/strong><\/span>. Tambi\u00e9n cuenta con propiedades de<strong><span style=\"color: #f88523;\">aislamiento ac\u00fastico<\/span><\/strong>.<\/p>\n<table class=\"table\">\n<tbody>\n<tr>\n<td><strong>Ancho<\/strong>: 210\u00a0cm<\/td>\n<td><strong>Peso<\/strong>: 560 g\/m\u00b2<\/td>\n<\/tr>\n<tr>\n<td><strong>Clasificaci\u00f3n ante el fuego<\/strong>: <img decoding=\"async\" style=\"height: 20px; width: 20px;\" src=\"https:\/\/www.azur-scenic.com\/wp-content\/uploads\/csm_icon-flag-france_3304e5e3f9.png\" \/> M1<\/td>\n<td><strong>Composici\u00f3n<\/strong>: 100\u00a0% PVC<\/td>\n<\/tr>\n<\/tbody>\n<\/table>\n","protected":false},"featured_media":8438,"template":"","meta":{"_acf_changed":false},"product_brand":[],"product_cat":[939,942,944,1196,1197],"product_tag":[],"class_list":{"0":"post-17375","1":"product","2":"type-product","3":"status-publish","4":"has-post-thumbnail","6":"product_cat-tejidos-escenicos-y-para-eventos","7":"product_cat-oscurecimiento","8":"product_cat-todos-los-productos","9":"product_cat-pantallas-de-proyeccion-y-telas-de-pvc","10":"product_cat-telas-para-proyeccion-frontal","11":"pa_couleurs-050-es","12":"pa_groupes-de-couleurs-blanco","13":"pa_groupes-de-couleurs-negro","14":"pa_textiles-apto-para-uso-en-exteriores","15":"pa_textiles-ignifugo","16":"pa_textiles-aislante-acustico","17":"pa_textiles-lavable","18":"pa_textiles-de-ocultacion-y-o-oscurecimiento","19":"pa_textiles-proyeccion-frontal","21":"first","22":"instock","23":"shipping-taxable","24":"purchasable","25":"product-type-simple"},"acf":[],"yoast_head":"<!-- This site is optimized with the Yoast SEO plugin v27.3 - https:\/\/yoast.com\/product\/yoast-seo-wordpress\/ -->\n<title>Pantalla Blackout - Azur Scenic<\/title>\n<meta name=\"description\" content=\"Pantalla de PVC blando para proyecci\u00f3n frontal, en color blanco con reverso negro 100\u00a0% opaco, con clasificaci\u00f3n ante el fuegoM1, para la realizaci\u00f3n de todo tipo de pantallas deproyecci\u00f3n frontal. Su reverso negro \u00abblackout\u00bb permite evitar cualquier interferencia con tu proyecci\u00f3n cuando se coloquen fuentes luminosas detr\u00e1s de la tela (luz de d\u00eda, proyectores, etc.). Por ello, este material se recomienda para la fabricaci\u00f3n de pantallas ubicadas delante de ventanas, mamparas, etc. La pantalla Blackout es especialmente apreciada para la instalaci\u00f3n de telas en tensi\u00f3n sobre bastidores, y es apta para la realizaci\u00f3n de pantallas cl\u00e1sicas. Durante la fabricaci\u00f3n, buscamos una apariencia perfectamente homog\u00e9nea de la superficie, para ofrecerte propiedades \u00f3pticas \u00f3ptimas. Tambi\u00e9n nos aseguramos de que tenga la mejor planicidad posible. Realizamos en nuestros talleres soldaduras de montaje casi invisibles (ultrafinas y ultraplanas) para que nuestras pantallas se puedan colgar, colocar en tensi\u00f3n sobre marcos o incluso montar bajo rodillos motorizados. Este tejido 100\u00a0% de PVC es\u00a0lavable y se adapta tanto para el uso en interiores como en exteriores. Tambi\u00e9n cuenta con propiedades deaislamiento ac\u00fastico.  Ancho: 210\u00a0cm Peso: 560 g\/m\u00b2  Clasificaci\u00f3n ante el fuego: M1 Composici\u00f3n: 100\u00a0% PVC\" \/>\n<meta name=\"robots\" content=\"index, follow, max-snippet:-1, max-image-preview:large, max-video-preview:-1\" \/>\n<link rel=\"canonical\" href=\"https:\/\/www.azur-scenic.com\/es\/producto\/pantalla-blackout\/\" \/>\n<meta property=\"og:locale\" content=\"es_ES\" \/>\n<meta property=\"og:type\" content=\"article\" \/>\n<meta property=\"og:title\" content=\"Pantalla Blackout - Azur Scenic\" \/>\n<meta property=\"og:description\" content=\"Pantalla de PVC blando para proyecci\u00f3n frontal, en color blanco con reverso negro 100\u00a0% opaco, con clasificaci\u00f3n ante el fuegoM1, para la realizaci\u00f3n de todo tipo de pantallas deproyecci\u00f3n frontal. Su reverso negro \u00abblackout\u00bb permite evitar cualquier interferencia con tu proyecci\u00f3n cuando se coloquen fuentes luminosas detr\u00e1s de la tela (luz de d\u00eda, proyectores, etc.). Por ello, este material se recomienda para la fabricaci\u00f3n de pantallas ubicadas delante de ventanas, mamparas, etc. La pantalla Blackout es especialmente apreciada para la instalaci\u00f3n de telas en tensi\u00f3n sobre bastidores, y es apta para la realizaci\u00f3n de pantallas cl\u00e1sicas. Durante la fabricaci\u00f3n, buscamos una apariencia perfectamente homog\u00e9nea de la superficie, para ofrecerte propiedades \u00f3pticas \u00f3ptimas. Tambi\u00e9n nos aseguramos de que tenga la mejor planicidad posible. Realizamos en nuestros talleres soldaduras de montaje casi invisibles (ultrafinas y ultraplanas) para que nuestras pantallas se puedan colgar, colocar en tensi\u00f3n sobre marcos o incluso montar bajo rodillos motorizados. Este tejido 100\u00a0% de PVC es\u00a0lavable y se adapta tanto para el uso en interiores como en exteriores. Tambi\u00e9n cuenta con propiedades deaislamiento ac\u00fastico.  Ancho: 210\u00a0cm Peso: 560 g\/m\u00b2  Clasificaci\u00f3n ante el fuego: M1 Composici\u00f3n: 100\u00a0% PVC\" \/>\n<meta property=\"og:url\" content=\"https:\/\/www.azur-scenic.com\/es\/producto\/pantalla-blackout\/\" \/>\n<meta property=\"og:site_name\" content=\"Azur Scenic\" \/>\n<meta property=\"article:modified_time\" content=\"2023-08-02T13:14:05+00:00\" \/>\n<meta property=\"og:image\" content=\"https:\/\/www.azur-scenic.com\/wp-content\/uploads\/243eb1458aa3bae812869380a0cf2e49-scaled.jpg\" \/>\n\t<meta property=\"og:image:width\" content=\"2560\" \/>\n\t<meta property=\"og:image:height\" content=\"2560\" \/>\n\t<meta property=\"og:image:type\" content=\"image\/jpeg\" \/>\n<meta name=\"twitter:card\" content=\"summary_large_image\" \/>\n<script type=\"application\/ld+json\" class=\"yoast-schema-graph\">{\"@context\":\"https:\\\/\\\/schema.org\",\"@graph\":[{\"@type\":\"WebPage\",\"@id\":\"https:\\\/\\\/www.azur-scenic.com\\\/es\\\/producto\\\/pantalla-blackout\\\/\",\"url\":\"https:\\\/\\\/www.azur-scenic.com\\\/es\\\/producto\\\/pantalla-blackout\\\/\",\"name\":\"Pantalla Blackout - Azur Scenic\",\"isPartOf\":{\"@id\":\"https:\\\/\\\/www.azur-scenic.com\\\/es\\\/#website\"},\"primaryImageOfPage\":{\"@id\":\"https:\\\/\\\/www.azur-scenic.com\\\/es\\\/producto\\\/pantalla-blackout\\\/#primaryimage\"},\"image\":{\"@id\":\"https:\\\/\\\/www.azur-scenic.com\\\/es\\\/producto\\\/pantalla-blackout\\\/#primaryimage\"},\"thumbnailUrl\":\"https:\\\/\\\/www.azur-scenic.com\\\/wp-content\\\/uploads\\\/243eb1458aa3bae812869380a0cf2e49-scaled.jpg\",\"datePublished\":\"2022-10-04T07:28:28+00:00\",\"dateModified\":\"2023-08-02T13:14:05+00:00\",\"description\":\"Pantalla de PVC blando para proyecci\u00f3n frontal, en color blanco con reverso negro 100\u00a0% opaco, con clasificaci\u00f3n ante el fuegoM1, para la realizaci\u00f3n de todo tipo de pantallas deproyecci\u00f3n frontal. Su reverso negro \u00abblackout\u00bb permite evitar cualquier interferencia con tu proyecci\u00f3n cuando se coloquen fuentes luminosas detr\u00e1s de la tela (luz de d\u00eda, proyectores, etc.). Por ello, este material se recomienda para la fabricaci\u00f3n de pantallas ubicadas delante de ventanas, mamparas, etc. La pantalla Blackout es especialmente apreciada para la instalaci\u00f3n de telas en tensi\u00f3n sobre bastidores, y es apta para la realizaci\u00f3n de pantallas cl\u00e1sicas. Durante la fabricaci\u00f3n, buscamos una apariencia perfectamente homog\u00e9nea de la superficie, para ofrecerte propiedades \u00f3pticas \u00f3ptimas. Tambi\u00e9n nos aseguramos de que tenga la mejor planicidad posible. Realizamos en nuestros talleres soldaduras de montaje casi invisibles (ultrafinas y ultraplanas) para que nuestras pantallas se puedan colgar, colocar en tensi\u00f3n sobre marcos o incluso montar bajo rodillos motorizados. Este tejido 100\u00a0% de PVC es\u00a0lavable y se adapta tanto para el uso en interiores como en exteriores. Tambi\u00e9n cuenta con propiedades deaislamiento ac\u00fastico. Ancho: 210\u00a0cm Peso: 560 g\\\/m\u00b2 Clasificaci\u00f3n ante el fuego: M1 Composici\u00f3n: 100\u00a0% PVC\",\"breadcrumb\":{\"@id\":\"https:\\\/\\\/www.azur-scenic.com\\\/es\\\/producto\\\/pantalla-blackout\\\/#breadcrumb\"},\"inLanguage\":\"es\",\"potentialAction\":[{\"@type\":\"ReadAction\",\"target\":[\"https:\\\/\\\/www.azur-scenic.com\\\/es\\\/producto\\\/pantalla-blackout\\\/\"]}]},{\"@type\":\"ImageObject\",\"inLanguage\":\"es\",\"@id\":\"https:\\\/\\\/www.azur-scenic.com\\\/es\\\/producto\\\/pantalla-blackout\\\/#primaryimage\",\"url\":\"https:\\\/\\\/www.azur-scenic.com\\\/wp-content\\\/uploads\\\/243eb1458aa3bae812869380a0cf2e49-scaled.jpg\",\"contentUrl\":\"https:\\\/\\\/www.azur-scenic.com\\\/wp-content\\\/uploads\\\/243eb1458aa3bae812869380a0cf2e49-scaled.jpg\",\"width\":2560,\"height\":2560},{\"@type\":\"BreadcrumbList\",\"@id\":\"https:\\\/\\\/www.azur-scenic.com\\\/es\\\/producto\\\/pantalla-blackout\\\/#breadcrumb\",\"itemListElement\":[{\"@type\":\"ListItem\",\"position\":1,\"name\":\"Accueil\",\"item\":\"https:\\\/\\\/www.azur-scenic.com\\\/es\\\/\"},{\"@type\":\"ListItem\",\"position\":2,\"name\":\"Productos\",\"item\":\"https:\\\/\\\/www.azur-scenic.com\\\/es\\\/?page_id=21440\"},{\"@type\":\"ListItem\",\"position\":3,\"name\":\"Pantalla Blackout\"}]},{\"@type\":\"WebSite\",\"@id\":\"https:\\\/\\\/www.azur-scenic.com\\\/es\\\/#website\",\"url\":\"https:\\\/\\\/www.azur-scenic.com\\\/es\\\/\",\"name\":\"Azur Scenic\",\"description\":\"Sp\u00e9cialiste de l\u2019\u00e9quipement sc\u00e9nique et de la d\u00e9coration int\u00e9rieure et \u00e9v\u00e9nementielle !\",\"publisher\":{\"@id\":\"https:\\\/\\\/www.azur-scenic.com\\\/es\\\/#organization\"},\"potentialAction\":[{\"@type\":\"SearchAction\",\"target\":{\"@type\":\"EntryPoint\",\"urlTemplate\":\"https:\\\/\\\/www.azur-scenic.com\\\/es\\\/?s={search_term_string}\"},\"query-input\":{\"@type\":\"PropertyValueSpecification\",\"valueRequired\":true,\"valueName\":\"search_term_string\"}}],\"inLanguage\":\"es\"},{\"@type\":\"Organization\",\"@id\":\"https:\\\/\\\/www.azur-scenic.com\\\/es\\\/#organization\",\"name\":\"AZUR SCENIC\",\"url\":\"https:\\\/\\\/www.azur-scenic.com\\\/es\\\/\",\"logo\":{\"@type\":\"ImageObject\",\"inLanguage\":\"es\",\"@id\":\"https:\\\/\\\/www.azur-scenic.com\\\/es\\\/#\\\/schema\\\/logo\\\/image\\\/\",\"url\":\"https:\\\/\\\/www.azur-scenic.com\\\/wp-content\\\/uploads\\\/2022\\\/09\\\/LOGO-AZUR-SCENIC-Fusion-web-236x64-1.jpg\",\"contentUrl\":\"https:\\\/\\\/www.azur-scenic.com\\\/wp-content\\\/uploads\\\/2022\\\/09\\\/LOGO-AZUR-SCENIC-Fusion-web-236x64-1.jpg\",\"width\":236,\"height\":64,\"caption\":\"AZUR SCENIC\"},\"image\":{\"@id\":\"https:\\\/\\\/www.azur-scenic.com\\\/es\\\/#\\\/schema\\\/logo\\\/image\\\/\"},\"sameAs\":[\"https:\\\/\\\/www.youtube.com\\\/channel\\\/UCPWM2mGPVUt4nYhNlm71WOA\",\"https:\\\/\\\/www.linkedin.com\\\/company\\\/33237605\\\/admin\\\/feed\\\/posts\\\/\"]}]}<\/script>\n<!-- \/ Yoast SEO plugin. -->","yoast_head_json":{"title":"Pantalla Blackout - Azur Scenic","description":"Pantalla de PVC blando para proyecci\u00f3n frontal, en color blanco con reverso negro 100\u00a0% opaco, con clasificaci\u00f3n ante el fuegoM1, para la realizaci\u00f3n de todo tipo de pantallas deproyecci\u00f3n frontal. Su reverso negro \u00abblackout\u00bb permite evitar cualquier interferencia con tu proyecci\u00f3n cuando se coloquen fuentes luminosas detr\u00e1s de la tela (luz de d\u00eda, proyectores, etc.). Por ello, este material se recomienda para la fabricaci\u00f3n de pantallas ubicadas delante de ventanas, mamparas, etc. La pantalla Blackout es especialmente apreciada para la instalaci\u00f3n de telas en tensi\u00f3n sobre bastidores, y es apta para la realizaci\u00f3n de pantallas cl\u00e1sicas. Durante la fabricaci\u00f3n, buscamos una apariencia perfectamente homog\u00e9nea de la superficie, para ofrecerte propiedades \u00f3pticas \u00f3ptimas. Tambi\u00e9n nos aseguramos de que tenga la mejor planicidad posible. Realizamos en nuestros talleres soldaduras de montaje casi invisibles (ultrafinas y ultraplanas) para que nuestras pantallas se puedan colgar, colocar en tensi\u00f3n sobre marcos o incluso montar bajo rodillos motorizados. Este tejido 100\u00a0% de PVC es\u00a0lavable y se adapta tanto para el uso en interiores como en exteriores. Tambi\u00e9n cuenta con propiedades deaislamiento ac\u00fastico.  Ancho: 210\u00a0cm Peso: 560 g\/m\u00b2  Clasificaci\u00f3n ante el fuego: M1 Composici\u00f3n: 100\u00a0% PVC","robots":{"index":"index","follow":"follow","max-snippet":"max-snippet:-1","max-image-preview":"max-image-preview:large","max-video-preview":"max-video-preview:-1"},"canonical":"https:\/\/www.azur-scenic.com\/es\/producto\/pantalla-blackout\/","og_locale":"es_ES","og_type":"article","og_title":"Pantalla Blackout - Azur Scenic","og_description":"Pantalla de PVC blando para proyecci\u00f3n frontal, en color blanco con reverso negro 100\u00a0% opaco, con clasificaci\u00f3n ante el fuegoM1, para la realizaci\u00f3n de todo tipo de pantallas deproyecci\u00f3n frontal. Su reverso negro \u00abblackout\u00bb permite evitar cualquier interferencia con tu proyecci\u00f3n cuando se coloquen fuentes luminosas detr\u00e1s de la tela (luz de d\u00eda, proyectores, etc.). Por ello, este material se recomienda para la fabricaci\u00f3n de pantallas ubicadas delante de ventanas, mamparas, etc. La pantalla Blackout es especialmente apreciada para la instalaci\u00f3n de telas en tensi\u00f3n sobre bastidores, y es apta para la realizaci\u00f3n de pantallas cl\u00e1sicas. Durante la fabricaci\u00f3n, buscamos una apariencia perfectamente homog\u00e9nea de la superficie, para ofrecerte propiedades \u00f3pticas \u00f3ptimas. Tambi\u00e9n nos aseguramos de que tenga la mejor planicidad posible. Realizamos en nuestros talleres soldaduras de montaje casi invisibles (ultrafinas y ultraplanas) para que nuestras pantallas se puedan colgar, colocar en tensi\u00f3n sobre marcos o incluso montar bajo rodillos motorizados. Este tejido 100\u00a0% de PVC es\u00a0lavable y se adapta tanto para el uso en interiores como en exteriores. Tambi\u00e9n cuenta con propiedades deaislamiento ac\u00fastico.  Ancho: 210\u00a0cm Peso: 560 g\/m\u00b2  Clasificaci\u00f3n ante el fuego: M1 Composici\u00f3n: 100\u00a0% PVC","og_url":"https:\/\/www.azur-scenic.com\/es\/producto\/pantalla-blackout\/","og_site_name":"Azur Scenic","article_modified_time":"2023-08-02T13:14:05+00:00","og_image":[{"width":2560,"height":2560,"url":"https:\/\/www.azur-scenic.com\/wp-content\/uploads\/243eb1458aa3bae812869380a0cf2e49-scaled.jpg","type":"image\/jpeg"}],"twitter_card":"summary_large_image","schema":{"@context":"https:\/\/schema.org","@graph":[{"@type":"WebPage","@id":"https:\/\/www.azur-scenic.com\/es\/producto\/pantalla-blackout\/","url":"https:\/\/www.azur-scenic.com\/es\/producto\/pantalla-blackout\/","name":"Pantalla Blackout - Azur Scenic","isPartOf":{"@id":"https:\/\/www.azur-scenic.com\/es\/#website"},"primaryImageOfPage":{"@id":"https:\/\/www.azur-scenic.com\/es\/producto\/pantalla-blackout\/#primaryimage"},"image":{"@id":"https:\/\/www.azur-scenic.com\/es\/producto\/pantalla-blackout\/#primaryimage"},"thumbnailUrl":"https:\/\/www.azur-scenic.com\/wp-content\/uploads\/243eb1458aa3bae812869380a0cf2e49-scaled.jpg","datePublished":"2022-10-04T07:28:28+00:00","dateModified":"2023-08-02T13:14:05+00:00","description":"Pantalla de PVC blando para proyecci\u00f3n frontal, en color blanco con reverso negro 100\u00a0% opaco, con clasificaci\u00f3n ante el fuegoM1, para la realizaci\u00f3n de todo tipo de pantallas deproyecci\u00f3n frontal. Su reverso negro \u00abblackout\u00bb permite evitar cualquier interferencia con tu proyecci\u00f3n cuando se coloquen fuentes luminosas detr\u00e1s de la tela (luz de d\u00eda, proyectores, etc.). Por ello, este material se recomienda para la fabricaci\u00f3n de pantallas ubicadas delante de ventanas, mamparas, etc. La pantalla Blackout es especialmente apreciada para la instalaci\u00f3n de telas en tensi\u00f3n sobre bastidores, y es apta para la realizaci\u00f3n de pantallas cl\u00e1sicas. Durante la fabricaci\u00f3n, buscamos una apariencia perfectamente homog\u00e9nea de la superficie, para ofrecerte propiedades \u00f3pticas \u00f3ptimas. Tambi\u00e9n nos aseguramos de que tenga la mejor planicidad posible. Realizamos en nuestros talleres soldaduras de montaje casi invisibles (ultrafinas y ultraplanas) para que nuestras pantallas se puedan colgar, colocar en tensi\u00f3n sobre marcos o incluso montar bajo rodillos motorizados. Este tejido 100\u00a0% de PVC es\u00a0lavable y se adapta tanto para el uso en interiores como en exteriores. Tambi\u00e9n cuenta con propiedades deaislamiento ac\u00fastico. Ancho: 210\u00a0cm Peso: 560 g\/m\u00b2 Clasificaci\u00f3n ante el fuego: M1 Composici\u00f3n: 100\u00a0% PVC","breadcrumb":{"@id":"https:\/\/www.azur-scenic.com\/es\/producto\/pantalla-blackout\/#breadcrumb"},"inLanguage":"es","potentialAction":[{"@type":"ReadAction","target":["https:\/\/www.azur-scenic.com\/es\/producto\/pantalla-blackout\/"]}]},{"@type":"ImageObject","inLanguage":"es","@id":"https:\/\/www.azur-scenic.com\/es\/producto\/pantalla-blackout\/#primaryimage","url":"https:\/\/www.azur-scenic.com\/wp-content\/uploads\/243eb1458aa3bae812869380a0cf2e49-scaled.jpg","contentUrl":"https:\/\/www.azur-scenic.com\/wp-content\/uploads\/243eb1458aa3bae812869380a0cf2e49-scaled.jpg","width":2560,"height":2560},{"@type":"BreadcrumbList","@id":"https:\/\/www.azur-scenic.com\/es\/producto\/pantalla-blackout\/#breadcrumb","itemListElement":[{"@type":"ListItem","position":1,"name":"Accueil","item":"https:\/\/www.azur-scenic.com\/es\/"},{"@type":"ListItem","position":2,"name":"Productos","item":"https:\/\/www.azur-scenic.com\/es\/?page_id=21440"},{"@type":"ListItem","position":3,"name":"Pantalla Blackout"}]},{"@type":"WebSite","@id":"https:\/\/www.azur-scenic.com\/es\/#website","url":"https:\/\/www.azur-scenic.com\/es\/","name":"Azur Scenic","description":"Sp\u00e9cialiste de l\u2019\u00e9quipement sc\u00e9nique et de la d\u00e9coration int\u00e9rieure et \u00e9v\u00e9nementielle !","publisher":{"@id":"https:\/\/www.azur-scenic.com\/es\/#organization"},"potentialAction":[{"@type":"SearchAction","target":{"@type":"EntryPoint","urlTemplate":"https:\/\/www.azur-scenic.com\/es\/?s={search_term_string}"},"query-input":{"@type":"PropertyValueSpecification","valueRequired":true,"valueName":"search_term_string"}}],"inLanguage":"es"},{"@type":"Organization","@id":"https:\/\/www.azur-scenic.com\/es\/#organization","name":"AZUR SCENIC","url":"https:\/\/www.azur-scenic.com\/es\/","logo":{"@type":"ImageObject","inLanguage":"es","@id":"https:\/\/www.azur-scenic.com\/es\/#\/schema\/logo\/image\/","url":"https:\/\/www.azur-scenic.com\/wp-content\/uploads\/2022\/09\/LOGO-AZUR-SCENIC-Fusion-web-236x64-1.jpg","contentUrl":"https:\/\/www.azur-scenic.com\/wp-content\/uploads\/2022\/09\/LOGO-AZUR-SCENIC-Fusion-web-236x64-1.jpg","width":236,"height":64,"caption":"AZUR SCENIC"},"image":{"@id":"https:\/\/www.azur-scenic.com\/es\/#\/schema\/logo\/image\/"},"sameAs":["https:\/\/www.youtube.com\/channel\/UCPWM2mGPVUt4nYhNlm71WOA","https:\/\/www.linkedin.com\/company\/33237605\/admin\/feed\/posts\/"]}]}},"_links":{"self":[{"href":"https:\/\/www.azur-scenic.com\/es\/wp-json\/wp\/v2\/product\/17375","targetHints":{"allow":["GET"]}}],"collection":[{"href":"https:\/\/www.azur-scenic.com\/es\/wp-json\/wp\/v2\/product"}],"about":[{"href":"https:\/\/www.azur-scenic.com\/es\/wp-json\/wp\/v2\/types\/product"}],"wp:featuredmedia":[{"embeddable":true,"href":"https:\/\/www.azur-scenic.com\/es\/wp-json\/wp\/v2\/media\/8438"}],"wp:attachment":[{"href":"https:\/\/www.azur-scenic.com\/es\/wp-json\/wp\/v2\/media?parent=17375"}],"wp:term":[{"taxonomy":"product_brand","embeddable":true,"href":"https:\/\/www.azur-scenic.com\/es\/wp-json\/wp\/v2\/product_brand?post=17375"},{"taxonomy":"product_cat","embeddable":true,"href":"https:\/\/www.azur-scenic.com\/es\/wp-json\/wp\/v2\/product_cat?post=17375"},{"taxonomy":"product_tag","embeddable":true,"href":"https:\/\/www.azur-scenic.com\/es\/wp-json\/wp\/v2\/product_tag?post=17375"}],"curies":[{"name":"wp","href":"https:\/\/api.w.org\/{rel}","templated":true}]}}