{"id":17426,"date":"2022-10-04T07:28:14","date_gmt":"2022-10-04T07:28:14","guid":{"rendered":"https:\/\/www.azur-scenic.com\/produit\/collier-simple-tuv-200kg\/"},"modified":"2023-08-02T13:18:30","modified_gmt":"2023-08-02T13:18:30","slug":"abrazadera-simple-tuv-200-kg","status":"publish","type":"product","link":"https:\/\/www.azur-scenic.com\/es\/producto\/abrazadera-simple-tuv-200-kg\/","title":{"rendered":"Abrazadera simple TUV 200\u00a0kg"},"content":{"rendered":"<p><p>Di\u00e1metro del tubo: 48-51\u00a0mm<br \/>\nCarga m\u00e1xima: 200\u00a0kg<br \/>\nVarilla roscada de sujeci\u00f3n: M12<br \/>\nVarilla roscada de suspensi\u00f3n: M10<br \/>\nComposici\u00f3n: Aluminio 6061 T6<br \/>\nPeso por unidad: 370 g<br \/>\nPresentaci\u00f3n: paquetes de 60<br \/>\n(se puede vender por unidad)<\/p><\/p>\n","protected":false},"excerpt":{"rendered":"<p>Abrazadera simple TUV 200\u00a0kg para enganchar de un tubo de 50\u00a0mm de di\u00e1metro.<\/p>\n<p>Carga m\u00e1xima: 200\u00a0kg<\/p>\n<p>Colores: Negro o plateado.<\/p>\n<p>N\u00famero de referencia ATCOS200S (plateado)<br \/>\nN\u00famero de referencia ATCOS200B (negro)<\/p>\n","protected":false},"featured_media":8192,"template":"","meta":{"_acf_changed":false},"product_brand":[],"product_cat":[1218,1217,1216,1093,944],"product_tag":[],"class_list":{"0":"post-17426","1":"product","2":"type-product","3":"status-publish","4":"has-post-thumbnail","6":"product_cat-accesorios-y-consumibles","7":"product_cat-accesorios-de-enganche","8":"product_cat-material-escenico","9":"product_cat-productos-tecnicos","10":"product_cat-todos-los-productos","12":"first","13":"instock","14":"shipping-taxable","15":"purchasable","16":"product-type-simple"},"acf":[],"yoast_head":"<!-- This site is optimized with the Yoast SEO plugin v27.1.1 - https:\/\/yoast.com\/product\/yoast-seo-wordpress\/ -->\n<title>Abrazadera simple TUV 200\u00a0kg - Azur Scenic<\/title>\n<meta name=\"description\" content=\"Abrazadera simple TUV 200\u00a0kg para enganchar de un tubo de 50\u00a0mm de di\u00e1metro. Carga m\u00e1xima: 200\u00a0kg Colores: Negro o plateado. N\u00famero de referencia ATCOS200S (plateado) N\u00famero de referencia ATCOS200B (negro)\" \/>\n<meta name=\"robots\" content=\"index, follow, max-snippet:-1, max-image-preview:large, max-video-preview:-1\" \/>\n<link rel=\"canonical\" href=\"https:\/\/www.azur-scenic.com\/es\/producto\/abrazadera-simple-tuv-200-kg\/\" \/>\n<meta property=\"og:locale\" content=\"es_ES\" \/>\n<meta property=\"og:type\" content=\"article\" \/>\n<meta property=\"og:title\" content=\"Abrazadera simple TUV 200\u00a0kg - Azur Scenic\" \/>\n<meta property=\"og:description\" content=\"Abrazadera simple TUV 200\u00a0kg para enganchar de un tubo de 50\u00a0mm de di\u00e1metro. Carga m\u00e1xima: 200\u00a0kg Colores: Negro o plateado. N\u00famero de referencia ATCOS200S (plateado) N\u00famero de referencia ATCOS200B (negro)\" \/>\n<meta property=\"og:url\" content=\"https:\/\/www.azur-scenic.com\/es\/producto\/abrazadera-simple-tuv-200-kg\/\" \/>\n<meta property=\"og:site_name\" content=\"Azur Scenic\" \/>\n<meta property=\"article:modified_time\" content=\"2023-08-02T13:18:30+00:00\" \/>\n<meta property=\"og:image\" content=\"https:\/\/www.azur-scenic.com\/wp-content\/uploads\/e4c089727c313700103fc5025b506336.jpg\" \/>\n\t<meta property=\"og:image:width\" content=\"1500\" \/>\n\t<meta property=\"og:image:height\" content=\"1500\" \/>\n\t<meta property=\"og:image:type\" content=\"image\/jpeg\" \/>\n<meta name=\"twitter:card\" content=\"summary_large_image\" \/>\n<script type=\"application\/ld+json\" class=\"yoast-schema-graph\">{\"@context\":\"https:\/\/schema.org\",\"@graph\":[{\"@type\":\"WebPage\",\"@id\":\"https:\/\/www.azur-scenic.com\/es\/producto\/abrazadera-simple-tuv-200-kg\/\",\"url\":\"https:\/\/www.azur-scenic.com\/es\/producto\/abrazadera-simple-tuv-200-kg\/\",\"name\":\"Abrazadera simple TUV 200\u00a0kg - Azur Scenic\",\"isPartOf\":{\"@id\":\"https:\/\/www.azur-scenic.com\/es\/#website\"},\"primaryImageOfPage\":{\"@id\":\"https:\/\/www.azur-scenic.com\/es\/producto\/abrazadera-simple-tuv-200-kg\/#primaryimage\"},\"image\":{\"@id\":\"https:\/\/www.azur-scenic.com\/es\/producto\/abrazadera-simple-tuv-200-kg\/#primaryimage\"},\"thumbnailUrl\":\"https:\/\/www.azur-scenic.com\/wp-content\/uploads\/e4c089727c313700103fc5025b506336.jpg\",\"datePublished\":\"2022-10-04T07:28:14+00:00\",\"dateModified\":\"2023-08-02T13:18:30+00:00\",\"description\":\"Abrazadera simple TUV 200\u00a0kg para enganchar de un tubo de 50\u00a0mm de di\u00e1metro. Carga m\u00e1xima: 200\u00a0kg Colores: Negro o plateado. N\u00famero de referencia ATCOS200S (plateado) N\u00famero de referencia ATCOS200B (negro)\",\"breadcrumb\":{\"@id\":\"https:\/\/www.azur-scenic.com\/es\/producto\/abrazadera-simple-tuv-200-kg\/#breadcrumb\"},\"inLanguage\":\"es\",\"potentialAction\":[{\"@type\":\"ReadAction\",\"target\":[\"https:\/\/www.azur-scenic.com\/es\/producto\/abrazadera-simple-tuv-200-kg\/\"]}]},{\"@type\":\"ImageObject\",\"inLanguage\":\"es\",\"@id\":\"https:\/\/www.azur-scenic.com\/es\/producto\/abrazadera-simple-tuv-200-kg\/#primaryimage\",\"url\":\"https:\/\/www.azur-scenic.com\/wp-content\/uploads\/e4c089727c313700103fc5025b506336.jpg\",\"contentUrl\":\"https:\/\/www.azur-scenic.com\/wp-content\/uploads\/e4c089727c313700103fc5025b506336.jpg\",\"width\":1500,\"height\":1500},{\"@type\":\"BreadcrumbList\",\"@id\":\"https:\/\/www.azur-scenic.com\/es\/producto\/abrazadera-simple-tuv-200-kg\/#breadcrumb\",\"itemListElement\":[{\"@type\":\"ListItem\",\"position\":1,\"name\":\"Accueil\",\"item\":\"https:\/\/www.azur-scenic.com\/es\/\"},{\"@type\":\"ListItem\",\"position\":2,\"name\":\"Productos\",\"item\":\"https:\/\/www.azur-scenic.com\/es\/?page_id=21440\"},{\"@type\":\"ListItem\",\"position\":3,\"name\":\"Abrazadera simple TUV 200\u00a0kg\"}]},{\"@type\":\"WebSite\",\"@id\":\"https:\/\/www.azur-scenic.com\/es\/#website\",\"url\":\"https:\/\/www.azur-scenic.com\/es\/\",\"name\":\"Azur Scenic\",\"description\":\"Sp\u00e9cialiste de l\u2019\u00e9quipement sc\u00e9nique et de la d\u00e9coration int\u00e9rieure et \u00e9v\u00e9nementielle !\",\"publisher\":{\"@id\":\"https:\/\/www.azur-scenic.com\/es\/#organization\"},\"potentialAction\":[{\"@type\":\"SearchAction\",\"target\":{\"@type\":\"EntryPoint\",\"urlTemplate\":\"https:\/\/www.azur-scenic.com\/es\/?s={search_term_string}\"},\"query-input\":{\"@type\":\"PropertyValueSpecification\",\"valueRequired\":true,\"valueName\":\"search_term_string\"}}],\"inLanguage\":\"es\"},{\"@type\":\"Organization\",\"@id\":\"https:\/\/www.azur-scenic.com\/es\/#organization\",\"name\":\"AZUR SCENIC\",\"url\":\"https:\/\/www.azur-scenic.com\/es\/\",\"logo\":{\"@type\":\"ImageObject\",\"inLanguage\":\"es\",\"@id\":\"https:\/\/www.azur-scenic.com\/es\/#\/schema\/logo\/image\/\",\"url\":\"https:\/\/www.azur-scenic.com\/wp-content\/uploads\/2022\/09\/LOGO-AZUR-SCENIC-Fusion-web-236x64-1.jpg\",\"contentUrl\":\"https:\/\/www.azur-scenic.com\/wp-content\/uploads\/2022\/09\/LOGO-AZUR-SCENIC-Fusion-web-236x64-1.jpg\",\"width\":236,\"height\":64,\"caption\":\"AZUR SCENIC\"},\"image\":{\"@id\":\"https:\/\/www.azur-scenic.com\/es\/#\/schema\/logo\/image\/\"},\"sameAs\":[\"https:\/\/www.youtube.com\/channel\/UCPWM2mGPVUt4nYhNlm71WOA\",\"https:\/\/www.linkedin.com\/company\/33237605\/admin\/feed\/posts\/\"]}]}<\/script>\n<!-- \/ Yoast SEO plugin. -->","yoast_head_json":{"title":"Abrazadera simple TUV 200\u00a0kg - Azur Scenic","description":"Abrazadera simple TUV 200\u00a0kg para enganchar de un tubo de 50\u00a0mm de di\u00e1metro. Carga m\u00e1xima: 200\u00a0kg Colores: Negro o plateado. N\u00famero de referencia ATCOS200S (plateado) N\u00famero de referencia ATCOS200B (negro)","robots":{"index":"index","follow":"follow","max-snippet":"max-snippet:-1","max-image-preview":"max-image-preview:large","max-video-preview":"max-video-preview:-1"},"canonical":"https:\/\/www.azur-scenic.com\/es\/producto\/abrazadera-simple-tuv-200-kg\/","og_locale":"es_ES","og_type":"article","og_title":"Abrazadera simple TUV 200\u00a0kg - Azur Scenic","og_description":"Abrazadera simple TUV 200\u00a0kg para enganchar de un tubo de 50\u00a0mm de di\u00e1metro. Carga m\u00e1xima: 200\u00a0kg Colores: Negro o plateado. N\u00famero de referencia ATCOS200S (plateado) N\u00famero de referencia ATCOS200B (negro)","og_url":"https:\/\/www.azur-scenic.com\/es\/producto\/abrazadera-simple-tuv-200-kg\/","og_site_name":"Azur Scenic","article_modified_time":"2023-08-02T13:18:30+00:00","og_image":[{"width":1500,"height":1500,"url":"https:\/\/www.azur-scenic.com\/wp-content\/uploads\/e4c089727c313700103fc5025b506336.jpg","type":"image\/jpeg"}],"twitter_card":"summary_large_image","schema":{"@context":"https:\/\/schema.org","@graph":[{"@type":"WebPage","@id":"https:\/\/www.azur-scenic.com\/es\/producto\/abrazadera-simple-tuv-200-kg\/","url":"https:\/\/www.azur-scenic.com\/es\/producto\/abrazadera-simple-tuv-200-kg\/","name":"Abrazadera simple TUV 200\u00a0kg - Azur Scenic","isPartOf":{"@id":"https:\/\/www.azur-scenic.com\/es\/#website"},"primaryImageOfPage":{"@id":"https:\/\/www.azur-scenic.com\/es\/producto\/abrazadera-simple-tuv-200-kg\/#primaryimage"},"image":{"@id":"https:\/\/www.azur-scenic.com\/es\/producto\/abrazadera-simple-tuv-200-kg\/#primaryimage"},"thumbnailUrl":"https:\/\/www.azur-scenic.com\/wp-content\/uploads\/e4c089727c313700103fc5025b506336.jpg","datePublished":"2022-10-04T07:28:14+00:00","dateModified":"2023-08-02T13:18:30+00:00","description":"Abrazadera simple TUV 200\u00a0kg para enganchar de un tubo de 50\u00a0mm de di\u00e1metro. Carga m\u00e1xima: 200\u00a0kg Colores: Negro o plateado. N\u00famero de referencia ATCOS200S (plateado) N\u00famero de referencia ATCOS200B (negro)","breadcrumb":{"@id":"https:\/\/www.azur-scenic.com\/es\/producto\/abrazadera-simple-tuv-200-kg\/#breadcrumb"},"inLanguage":"es","potentialAction":[{"@type":"ReadAction","target":["https:\/\/www.azur-scenic.com\/es\/producto\/abrazadera-simple-tuv-200-kg\/"]}]},{"@type":"ImageObject","inLanguage":"es","@id":"https:\/\/www.azur-scenic.com\/es\/producto\/abrazadera-simple-tuv-200-kg\/#primaryimage","url":"https:\/\/www.azur-scenic.com\/wp-content\/uploads\/e4c089727c313700103fc5025b506336.jpg","contentUrl":"https:\/\/www.azur-scenic.com\/wp-content\/uploads\/e4c089727c313700103fc5025b506336.jpg","width":1500,"height":1500},{"@type":"BreadcrumbList","@id":"https:\/\/www.azur-scenic.com\/es\/producto\/abrazadera-simple-tuv-200-kg\/#breadcrumb","itemListElement":[{"@type":"ListItem","position":1,"name":"Accueil","item":"https:\/\/www.azur-scenic.com\/es\/"},{"@type":"ListItem","position":2,"name":"Productos","item":"https:\/\/www.azur-scenic.com\/es\/?page_id=21440"},{"@type":"ListItem","position":3,"name":"Abrazadera simple TUV 200\u00a0kg"}]},{"@type":"WebSite","@id":"https:\/\/www.azur-scenic.com\/es\/#website","url":"https:\/\/www.azur-scenic.com\/es\/","name":"Azur Scenic","description":"Sp\u00e9cialiste de l\u2019\u00e9quipement sc\u00e9nique et de la d\u00e9coration int\u00e9rieure et \u00e9v\u00e9nementielle !","publisher":{"@id":"https:\/\/www.azur-scenic.com\/es\/#organization"},"potentialAction":[{"@type":"SearchAction","target":{"@type":"EntryPoint","urlTemplate":"https:\/\/www.azur-scenic.com\/es\/?s={search_term_string}"},"query-input":{"@type":"PropertyValueSpecification","valueRequired":true,"valueName":"search_term_string"}}],"inLanguage":"es"},{"@type":"Organization","@id":"https:\/\/www.azur-scenic.com\/es\/#organization","name":"AZUR SCENIC","url":"https:\/\/www.azur-scenic.com\/es\/","logo":{"@type":"ImageObject","inLanguage":"es","@id":"https:\/\/www.azur-scenic.com\/es\/#\/schema\/logo\/image\/","url":"https:\/\/www.azur-scenic.com\/wp-content\/uploads\/2022\/09\/LOGO-AZUR-SCENIC-Fusion-web-236x64-1.jpg","contentUrl":"https:\/\/www.azur-scenic.com\/wp-content\/uploads\/2022\/09\/LOGO-AZUR-SCENIC-Fusion-web-236x64-1.jpg","width":236,"height":64,"caption":"AZUR SCENIC"},"image":{"@id":"https:\/\/www.azur-scenic.com\/es\/#\/schema\/logo\/image\/"},"sameAs":["https:\/\/www.youtube.com\/channel\/UCPWM2mGPVUt4nYhNlm71WOA","https:\/\/www.linkedin.com\/company\/33237605\/admin\/feed\/posts\/"]}]}},"_links":{"self":[{"href":"https:\/\/www.azur-scenic.com\/es\/wp-json\/wp\/v2\/product\/17426","targetHints":{"allow":["GET"]}}],"collection":[{"href":"https:\/\/www.azur-scenic.com\/es\/wp-json\/wp\/v2\/product"}],"about":[{"href":"https:\/\/www.azur-scenic.com\/es\/wp-json\/wp\/v2\/types\/product"}],"wp:featuredmedia":[{"embeddable":true,"href":"https:\/\/www.azur-scenic.com\/es\/wp-json\/wp\/v2\/media\/8192"}],"wp:attachment":[{"href":"https:\/\/www.azur-scenic.com\/es\/wp-json\/wp\/v2\/media?parent=17426"}],"wp:term":[{"taxonomy":"product_brand","embeddable":true,"href":"https:\/\/www.azur-scenic.com\/es\/wp-json\/wp\/v2\/product_brand?post=17426"},{"taxonomy":"product_cat","embeddable":true,"href":"https:\/\/www.azur-scenic.com\/es\/wp-json\/wp\/v2\/product_cat?post=17426"},{"taxonomy":"product_tag","embeddable":true,"href":"https:\/\/www.azur-scenic.com\/es\/wp-json\/wp\/v2\/product_tag?post=17426"}],"curies":[{"name":"wp","href":"https:\/\/api.w.org\/{rel}","templated":true}]}}