{"id":17489,"date":"2022-10-04T07:28:02","date_gmt":"2022-10-04T07:28:02","guid":{"rendered":"https:\/\/www.azur-scenic.com\/produit\/perchette-manchonnable\/"},"modified":"2023-08-02T13:18:22","modified_gmt":"2023-08-02T13:18:22","slug":"percha-manipulable","status":"publish","type":"product","link":"https:\/\/www.azur-scenic.com\/es\/producto\/percha-manipulable\/","title":{"rendered":"Percha manipulable"},"content":{"rendered":"<\/p>\n","protected":false},"excerpt":{"rendered":"<p><strong>Peque\u00f1a varilla ideal para lastrar frisos planos y pantallas de peque\u00f1as dimensiones. <\/strong><\/p>\n<p><strong>Presentaci\u00f3n<\/strong>: por unidad.<\/p>\n<p><strong>Colores<\/strong>: aluminio o bicromato (seg\u00fan disponibilidad).<\/p>\n<p><strong>Di\u00e1metro<\/strong>: 22\u00a0mm.<\/p>\n<p><strong>Longitud<\/strong>: 120\u00a0cm (en total).<\/p>\n<p><strong>Breve descripci\u00f3n<\/strong>:<\/p>\n<ul>\n<li>Sistema de acoplamiento \u00abeasy\u00bb con clip que no requiere ninguna herramienta en particular.<\/li>\n<li>Triple perforaci\u00f3n, lo que permite regular las varillas en tres longitudes diferentes, a intervalos de 1,5\u00a0cm.<\/li>\n<\/ul>\n","protected":false},"featured_media":8042,"template":"","meta":{"_acf_changed":false},"product_brand":[],"product_cat":[1218,1279,944],"product_tag":[],"class_list":{"0":"post-17489","1":"product","2":"type-product","3":"status-publish","4":"has-post-thumbnail","6":"product_cat-accesorios-y-consumibles","7":"product_cat-tubos-y-lastres","8":"product_cat-todos-los-productos","10":"first","11":"instock","12":"shipping-taxable","13":"purchasable","14":"product-type-simple"},"acf":[],"yoast_head":"<!-- This site is optimized with the Yoast SEO plugin v27.1.1 - https:\/\/yoast.com\/product\/yoast-seo-wordpress\/ -->\n<title>Percha manipulable - Azur Scenic<\/title>\n<meta name=\"description\" content=\"Peque\u00f1a varilla ideal para lastrar frisos planos y pantallas de peque\u00f1as dimensiones. Presentaci\u00f3n: por unidad. Colores: aluminio o bicromato (seg\u00fan disponibilidad). Di\u00e1metro: 22\u00a0mm. Longitud: 120\u00a0cm (en total). Breve descripci\u00f3n:  Sistema de acoplamiento \u00abeasy\u00bb con clip que no requiere ninguna herramienta en particular. Triple perforaci\u00f3n, lo que permite regular las varillas en tres longitudes diferentes, a intervalos de 1,5\u00a0cm.\" \/>\n<meta name=\"robots\" content=\"index, follow, max-snippet:-1, max-image-preview:large, max-video-preview:-1\" \/>\n<link rel=\"canonical\" href=\"https:\/\/www.azur-scenic.com\/es\/producto\/percha-manipulable\/\" \/>\n<meta property=\"og:locale\" content=\"es_ES\" \/>\n<meta property=\"og:type\" content=\"article\" \/>\n<meta property=\"og:title\" content=\"Percha manipulable - Azur Scenic\" \/>\n<meta property=\"og:description\" content=\"Peque\u00f1a varilla ideal para lastrar frisos planos y pantallas de peque\u00f1as dimensiones. Presentaci\u00f3n: por unidad. Colores: aluminio o bicromato (seg\u00fan disponibilidad). Di\u00e1metro: 22\u00a0mm. Longitud: 120\u00a0cm (en total). Breve descripci\u00f3n:  Sistema de acoplamiento \u00abeasy\u00bb con clip que no requiere ninguna herramienta en particular. Triple perforaci\u00f3n, lo que permite regular las varillas en tres longitudes diferentes, a intervalos de 1,5\u00a0cm.\" \/>\n<meta property=\"og:url\" content=\"https:\/\/www.azur-scenic.com\/es\/producto\/percha-manipulable\/\" \/>\n<meta property=\"og:site_name\" content=\"Azur Scenic\" \/>\n<meta property=\"article:modified_time\" content=\"2023-08-02T13:18:22+00:00\" \/>\n<meta property=\"og:image\" content=\"https:\/\/www.azur-scenic.com\/wp-content\/uploads\/8b6d899aad87a4c767320a80a1550f76-scaled.jpg\" \/>\n\t<meta property=\"og:image:width\" content=\"2560\" \/>\n\t<meta property=\"og:image:height\" content=\"2560\" \/>\n\t<meta property=\"og:image:type\" content=\"image\/jpeg\" \/>\n<meta name=\"twitter:card\" content=\"summary_large_image\" \/>\n<script type=\"application\/ld+json\" class=\"yoast-schema-graph\">{\"@context\":\"https:\/\/schema.org\",\"@graph\":[{\"@type\":\"WebPage\",\"@id\":\"https:\/\/www.azur-scenic.com\/es\/producto\/percha-manipulable\/\",\"url\":\"https:\/\/www.azur-scenic.com\/es\/producto\/percha-manipulable\/\",\"name\":\"Percha manipulable - Azur Scenic\",\"isPartOf\":{\"@id\":\"https:\/\/www.azur-scenic.com\/es\/#website\"},\"primaryImageOfPage\":{\"@id\":\"https:\/\/www.azur-scenic.com\/es\/producto\/percha-manipulable\/#primaryimage\"},\"image\":{\"@id\":\"https:\/\/www.azur-scenic.com\/es\/producto\/percha-manipulable\/#primaryimage\"},\"thumbnailUrl\":\"https:\/\/www.azur-scenic.com\/wp-content\/uploads\/8b6d899aad87a4c767320a80a1550f76-scaled.jpg\",\"datePublished\":\"2022-10-04T07:28:02+00:00\",\"dateModified\":\"2023-08-02T13:18:22+00:00\",\"description\":\"Peque\u00f1a varilla ideal para lastrar frisos planos y pantallas de peque\u00f1as dimensiones. Presentaci\u00f3n: por unidad. Colores: aluminio o bicromato (seg\u00fan disponibilidad). Di\u00e1metro: 22\u00a0mm. Longitud: 120\u00a0cm (en total). Breve descripci\u00f3n: Sistema de acoplamiento \u00abeasy\u00bb con clip que no requiere ninguna herramienta en particular. Triple perforaci\u00f3n, lo que permite regular las varillas en tres longitudes diferentes, a intervalos de 1,5\u00a0cm.\",\"breadcrumb\":{\"@id\":\"https:\/\/www.azur-scenic.com\/es\/producto\/percha-manipulable\/#breadcrumb\"},\"inLanguage\":\"es\",\"potentialAction\":[{\"@type\":\"ReadAction\",\"target\":[\"https:\/\/www.azur-scenic.com\/es\/producto\/percha-manipulable\/\"]}]},{\"@type\":\"ImageObject\",\"inLanguage\":\"es\",\"@id\":\"https:\/\/www.azur-scenic.com\/es\/producto\/percha-manipulable\/#primaryimage\",\"url\":\"https:\/\/www.azur-scenic.com\/wp-content\/uploads\/8b6d899aad87a4c767320a80a1550f76-scaled.jpg\",\"contentUrl\":\"https:\/\/www.azur-scenic.com\/wp-content\/uploads\/8b6d899aad87a4c767320a80a1550f76-scaled.jpg\",\"width\":2560,\"height\":2560},{\"@type\":\"BreadcrumbList\",\"@id\":\"https:\/\/www.azur-scenic.com\/es\/producto\/percha-manipulable\/#breadcrumb\",\"itemListElement\":[{\"@type\":\"ListItem\",\"position\":1,\"name\":\"Accueil\",\"item\":\"https:\/\/www.azur-scenic.com\/es\/\"},{\"@type\":\"ListItem\",\"position\":2,\"name\":\"Productos\",\"item\":\"https:\/\/www.azur-scenic.com\/es\/?page_id=21440\"},{\"@type\":\"ListItem\",\"position\":3,\"name\":\"Percha manipulable\"}]},{\"@type\":\"WebSite\",\"@id\":\"https:\/\/www.azur-scenic.com\/es\/#website\",\"url\":\"https:\/\/www.azur-scenic.com\/es\/\",\"name\":\"Azur Scenic\",\"description\":\"Sp\u00e9cialiste de l\u2019\u00e9quipement sc\u00e9nique et de la d\u00e9coration int\u00e9rieure et \u00e9v\u00e9nementielle !\",\"publisher\":{\"@id\":\"https:\/\/www.azur-scenic.com\/es\/#organization\"},\"potentialAction\":[{\"@type\":\"SearchAction\",\"target\":{\"@type\":\"EntryPoint\",\"urlTemplate\":\"https:\/\/www.azur-scenic.com\/es\/?s={search_term_string}\"},\"query-input\":{\"@type\":\"PropertyValueSpecification\",\"valueRequired\":true,\"valueName\":\"search_term_string\"}}],\"inLanguage\":\"es\"},{\"@type\":\"Organization\",\"@id\":\"https:\/\/www.azur-scenic.com\/es\/#organization\",\"name\":\"AZUR SCENIC\",\"url\":\"https:\/\/www.azur-scenic.com\/es\/\",\"logo\":{\"@type\":\"ImageObject\",\"inLanguage\":\"es\",\"@id\":\"https:\/\/www.azur-scenic.com\/es\/#\/schema\/logo\/image\/\",\"url\":\"https:\/\/www.azur-scenic.com\/wp-content\/uploads\/2022\/09\/LOGO-AZUR-SCENIC-Fusion-web-236x64-1.jpg\",\"contentUrl\":\"https:\/\/www.azur-scenic.com\/wp-content\/uploads\/2022\/09\/LOGO-AZUR-SCENIC-Fusion-web-236x64-1.jpg\",\"width\":236,\"height\":64,\"caption\":\"AZUR SCENIC\"},\"image\":{\"@id\":\"https:\/\/www.azur-scenic.com\/es\/#\/schema\/logo\/image\/\"},\"sameAs\":[\"https:\/\/www.youtube.com\/channel\/UCPWM2mGPVUt4nYhNlm71WOA\",\"https:\/\/www.linkedin.com\/company\/33237605\/admin\/feed\/posts\/\"]}]}<\/script>\n<!-- \/ Yoast SEO plugin. -->","yoast_head_json":{"title":"Percha manipulable - Azur Scenic","description":"Peque\u00f1a varilla ideal para lastrar frisos planos y pantallas de peque\u00f1as dimensiones. Presentaci\u00f3n: por unidad. Colores: aluminio o bicromato (seg\u00fan disponibilidad). Di\u00e1metro: 22\u00a0mm. Longitud: 120\u00a0cm (en total). Breve descripci\u00f3n:  Sistema de acoplamiento \u00abeasy\u00bb con clip que no requiere ninguna herramienta en particular. Triple perforaci\u00f3n, lo que permite regular las varillas en tres longitudes diferentes, a intervalos de 1,5\u00a0cm.","robots":{"index":"index","follow":"follow","max-snippet":"max-snippet:-1","max-image-preview":"max-image-preview:large","max-video-preview":"max-video-preview:-1"},"canonical":"https:\/\/www.azur-scenic.com\/es\/producto\/percha-manipulable\/","og_locale":"es_ES","og_type":"article","og_title":"Percha manipulable - Azur Scenic","og_description":"Peque\u00f1a varilla ideal para lastrar frisos planos y pantallas de peque\u00f1as dimensiones. Presentaci\u00f3n: por unidad. Colores: aluminio o bicromato (seg\u00fan disponibilidad). Di\u00e1metro: 22\u00a0mm. Longitud: 120\u00a0cm (en total). Breve descripci\u00f3n:  Sistema de acoplamiento \u00abeasy\u00bb con clip que no requiere ninguna herramienta en particular. Triple perforaci\u00f3n, lo que permite regular las varillas en tres longitudes diferentes, a intervalos de 1,5\u00a0cm.","og_url":"https:\/\/www.azur-scenic.com\/es\/producto\/percha-manipulable\/","og_site_name":"Azur Scenic","article_modified_time":"2023-08-02T13:18:22+00:00","og_image":[{"width":2560,"height":2560,"url":"https:\/\/www.azur-scenic.com\/wp-content\/uploads\/8b6d899aad87a4c767320a80a1550f76-scaled.jpg","type":"image\/jpeg"}],"twitter_card":"summary_large_image","schema":{"@context":"https:\/\/schema.org","@graph":[{"@type":"WebPage","@id":"https:\/\/www.azur-scenic.com\/es\/producto\/percha-manipulable\/","url":"https:\/\/www.azur-scenic.com\/es\/producto\/percha-manipulable\/","name":"Percha manipulable - Azur Scenic","isPartOf":{"@id":"https:\/\/www.azur-scenic.com\/es\/#website"},"primaryImageOfPage":{"@id":"https:\/\/www.azur-scenic.com\/es\/producto\/percha-manipulable\/#primaryimage"},"image":{"@id":"https:\/\/www.azur-scenic.com\/es\/producto\/percha-manipulable\/#primaryimage"},"thumbnailUrl":"https:\/\/www.azur-scenic.com\/wp-content\/uploads\/8b6d899aad87a4c767320a80a1550f76-scaled.jpg","datePublished":"2022-10-04T07:28:02+00:00","dateModified":"2023-08-02T13:18:22+00:00","description":"Peque\u00f1a varilla ideal para lastrar frisos planos y pantallas de peque\u00f1as dimensiones. Presentaci\u00f3n: por unidad. Colores: aluminio o bicromato (seg\u00fan disponibilidad). Di\u00e1metro: 22\u00a0mm. Longitud: 120\u00a0cm (en total). Breve descripci\u00f3n: Sistema de acoplamiento \u00abeasy\u00bb con clip que no requiere ninguna herramienta en particular. Triple perforaci\u00f3n, lo que permite regular las varillas en tres longitudes diferentes, a intervalos de 1,5\u00a0cm.","breadcrumb":{"@id":"https:\/\/www.azur-scenic.com\/es\/producto\/percha-manipulable\/#breadcrumb"},"inLanguage":"es","potentialAction":[{"@type":"ReadAction","target":["https:\/\/www.azur-scenic.com\/es\/producto\/percha-manipulable\/"]}]},{"@type":"ImageObject","inLanguage":"es","@id":"https:\/\/www.azur-scenic.com\/es\/producto\/percha-manipulable\/#primaryimage","url":"https:\/\/www.azur-scenic.com\/wp-content\/uploads\/8b6d899aad87a4c767320a80a1550f76-scaled.jpg","contentUrl":"https:\/\/www.azur-scenic.com\/wp-content\/uploads\/8b6d899aad87a4c767320a80a1550f76-scaled.jpg","width":2560,"height":2560},{"@type":"BreadcrumbList","@id":"https:\/\/www.azur-scenic.com\/es\/producto\/percha-manipulable\/#breadcrumb","itemListElement":[{"@type":"ListItem","position":1,"name":"Accueil","item":"https:\/\/www.azur-scenic.com\/es\/"},{"@type":"ListItem","position":2,"name":"Productos","item":"https:\/\/www.azur-scenic.com\/es\/?page_id=21440"},{"@type":"ListItem","position":3,"name":"Percha manipulable"}]},{"@type":"WebSite","@id":"https:\/\/www.azur-scenic.com\/es\/#website","url":"https:\/\/www.azur-scenic.com\/es\/","name":"Azur Scenic","description":"Sp\u00e9cialiste de l\u2019\u00e9quipement sc\u00e9nique et de la d\u00e9coration int\u00e9rieure et \u00e9v\u00e9nementielle !","publisher":{"@id":"https:\/\/www.azur-scenic.com\/es\/#organization"},"potentialAction":[{"@type":"SearchAction","target":{"@type":"EntryPoint","urlTemplate":"https:\/\/www.azur-scenic.com\/es\/?s={search_term_string}"},"query-input":{"@type":"PropertyValueSpecification","valueRequired":true,"valueName":"search_term_string"}}],"inLanguage":"es"},{"@type":"Organization","@id":"https:\/\/www.azur-scenic.com\/es\/#organization","name":"AZUR SCENIC","url":"https:\/\/www.azur-scenic.com\/es\/","logo":{"@type":"ImageObject","inLanguage":"es","@id":"https:\/\/www.azur-scenic.com\/es\/#\/schema\/logo\/image\/","url":"https:\/\/www.azur-scenic.com\/wp-content\/uploads\/2022\/09\/LOGO-AZUR-SCENIC-Fusion-web-236x64-1.jpg","contentUrl":"https:\/\/www.azur-scenic.com\/wp-content\/uploads\/2022\/09\/LOGO-AZUR-SCENIC-Fusion-web-236x64-1.jpg","width":236,"height":64,"caption":"AZUR SCENIC"},"image":{"@id":"https:\/\/www.azur-scenic.com\/es\/#\/schema\/logo\/image\/"},"sameAs":["https:\/\/www.youtube.com\/channel\/UCPWM2mGPVUt4nYhNlm71WOA","https:\/\/www.linkedin.com\/company\/33237605\/admin\/feed\/posts\/"]}]}},"_links":{"self":[{"href":"https:\/\/www.azur-scenic.com\/es\/wp-json\/wp\/v2\/product\/17489","targetHints":{"allow":["GET"]}}],"collection":[{"href":"https:\/\/www.azur-scenic.com\/es\/wp-json\/wp\/v2\/product"}],"about":[{"href":"https:\/\/www.azur-scenic.com\/es\/wp-json\/wp\/v2\/types\/product"}],"wp:featuredmedia":[{"embeddable":true,"href":"https:\/\/www.azur-scenic.com\/es\/wp-json\/wp\/v2\/media\/8042"}],"wp:attachment":[{"href":"https:\/\/www.azur-scenic.com\/es\/wp-json\/wp\/v2\/media?parent=17489"}],"wp:term":[{"taxonomy":"product_brand","embeddable":true,"href":"https:\/\/www.azur-scenic.com\/es\/wp-json\/wp\/v2\/product_brand?post=17489"},{"taxonomy":"product_cat","embeddable":true,"href":"https:\/\/www.azur-scenic.com\/es\/wp-json\/wp\/v2\/product_cat?post=17489"},{"taxonomy":"product_tag","embeddable":true,"href":"https:\/\/www.azur-scenic.com\/es\/wp-json\/wp\/v2\/product_tag?post=17489"}],"curies":[{"name":"wp","href":"https:\/\/api.w.org\/{rel}","templated":true}]}}