{"id":17501,"date":"2022-10-04T07:28:01","date_gmt":"2022-10-04T07:28:01","guid":{"rendered":"https:\/\/www.azur-scenic.com\/produit\/mousquetons\/"},"modified":"2023-08-02T13:18:18","modified_gmt":"2023-08-02T13:18:18","slug":"mosquetones","status":"publish","type":"product","link":"https:\/\/www.azur-scenic.com\/es\/producto\/mosquetones\/","title":{"rendered":"Mosquetones"},"content":{"rendered":"<table>\n<thead>\n<tr>\n<th style=\"width: 200px;\">N\u00famero de referencia\u00a0<\/th>\n<th style=\"width: 200px;\">Altura<\/th>\n<th style=\"width: 145px;\">Color<\/th>\n<\/tr>\n<\/thead>\n<tbody>\n<tr>\n<td style=\"vertical-align: top; width: 200px;\">AIMM40N<\/td>\n<td style=\"vertical-align: top; width: 200px;\">40\u00a0mm<\/td>\n<td style=\"vertical-align: top; width: 145px;\">Negro<\/td>\n<\/tr>\n<tr>\n<td style=\"vertical-align: top; width: 200px;\">AIMM50A<\/td>\n<td style=\"vertical-align: top; width: 200px;\">50\u00a0mm<\/td>\n<td style=\"vertical-align: top; width: 145px;\">Aluminio<\/td>\n<\/tr>\n<tr>\n<td style=\"vertical-align: top; width: 200px;\">AIMM50N<\/td>\n<td style=\"vertical-align: top; width: 200px;\">50\u00a0mm<\/td>\n<td style=\"vertical-align: top; width: 145px;\">Negro<\/td>\n<\/tr>\n<tr>\n<td style=\"vertical-align: top; width: 200px;\">AIMM60A<\/td>\n<td style=\"vertical-align: top; width: 200px;\">60\u00a0mm<\/td>\n<td style=\"vertical-align: top; width: 145px;\">Aluminio<\/td>\n<\/tr>\n<tr>\n<td style=\"vertical-align: top; width: 200px;\">AIMM60N<\/td>\n<td style=\"vertical-align: top; width: 200px;\">60\u00a0mm<\/td>\n<td style=\"vertical-align: top; width: 145px;\">Negro<\/td>\n<\/tr>\n<\/tbody>\n<\/table>\n","protected":false},"excerpt":{"rendered":"<p><strong>Amplia gama de mosquetones de tama\u00f1os y formas variados, especialmente adaptados para colgar cortinas de los rieles. <\/strong><\/p>\n<p>A continuaci\u00f3n se muestran las referencias de los mosquetones mec\u00e1nicos, nuestro best-seller.<\/p>\n<p><strong>Presentaci\u00f3n<\/strong>: bolsa de 200 unidades<br \/>\nPuede venderse por unidad<\/p>\n<p><strong>Colores<\/strong>: Aluminio o Negro<\/p>\n<p><strong>Altura<\/strong>: 40 a 60\u00a0mm<\/p>\n<p><strong>Breve descripci\u00f3n<\/strong>:<\/p>\n<ul>\n<li>Apertura espont\u00e1nea casi imposible<\/li>\n<li>Leng\u00fceta con resorte de f\u00e1cil apertura<\/li>\n<li>Muy robusto<\/li>\n<\/ul>\n<p>Hay otros modelos de mosquetones por encargo. No dudes en consultarnos.<\/p>\n","protected":false},"featured_media":7997,"template":"","meta":{"_acf_changed":false},"product_brand":[],"product_cat":[1218,1217,944],"product_tag":[],"class_list":{"0":"post-17501","1":"product","2":"type-product","3":"status-publish","4":"has-post-thumbnail","6":"product_cat-accesorios-y-consumibles","7":"product_cat-accesorios-de-enganche","8":"product_cat-todos-los-productos","10":"first","11":"instock","12":"shipping-taxable","13":"purchasable","14":"product-type-simple"},"acf":[],"yoast_head":"<!-- This site is optimized with the Yoast SEO plugin v27.1.1 - https:\/\/yoast.com\/product\/yoast-seo-wordpress\/ -->\n<title>Mosquetones - Azur Scenic<\/title>\n<meta name=\"description\" content=\"Amplia gama de mosquetones de tama\u00f1os y formas variados, especialmente adaptados para colgar cortinas de los rieles. A continuaci\u00f3n se muestran las referencias de los mosquetones mec\u00e1nicos, nuestro best-seller. Presentaci\u00f3n: bolsa de 200 unidades Puede venderse por unidad Colores: Aluminio o Negro Altura: 40 a 60\u00a0mm Breve descripci\u00f3n:  Apertura espont\u00e1nea casi imposible Leng\u00fceta con resorte de f\u00e1cil apertura Muy robusto Hay otros modelos de mosquetones por encargo. No dudes en consultarnos.\" \/>\n<meta name=\"robots\" content=\"index, follow, max-snippet:-1, max-image-preview:large, max-video-preview:-1\" \/>\n<link rel=\"canonical\" href=\"https:\/\/www.azur-scenic.com\/es\/producto\/mosquetones\/\" \/>\n<meta property=\"og:locale\" content=\"es_ES\" \/>\n<meta property=\"og:type\" content=\"article\" \/>\n<meta property=\"og:title\" content=\"Mosquetones - Azur Scenic\" \/>\n<meta property=\"og:description\" content=\"Amplia gama de mosquetones de tama\u00f1os y formas variados, especialmente adaptados para colgar cortinas de los rieles. A continuaci\u00f3n se muestran las referencias de los mosquetones mec\u00e1nicos, nuestro best-seller. Presentaci\u00f3n: bolsa de 200 unidades Puede venderse por unidad Colores: Aluminio o Negro Altura: 40 a 60\u00a0mm Breve descripci\u00f3n:  Apertura espont\u00e1nea casi imposible Leng\u00fceta con resorte de f\u00e1cil apertura Muy robusto Hay otros modelos de mosquetones por encargo. No dudes en consultarnos.\" \/>\n<meta property=\"og:url\" content=\"https:\/\/www.azur-scenic.com\/es\/producto\/mosquetones\/\" \/>\n<meta property=\"og:site_name\" content=\"Azur Scenic\" \/>\n<meta property=\"article:modified_time\" content=\"2023-08-02T13:18:18+00:00\" \/>\n<meta property=\"og:image\" content=\"https:\/\/www.azur-scenic.com\/wp-content\/uploads\/b52d9257722730b04bad8f3510f72599.jpg\" \/>\n\t<meta property=\"og:image:width\" content=\"2126\" \/>\n\t<meta property=\"og:image:height\" content=\"2126\" \/>\n\t<meta property=\"og:image:type\" content=\"image\/jpeg\" \/>\n<meta name=\"twitter:card\" content=\"summary_large_image\" \/>\n<script type=\"application\/ld+json\" class=\"yoast-schema-graph\">{\"@context\":\"https:\/\/schema.org\",\"@graph\":[{\"@type\":\"WebPage\",\"@id\":\"https:\/\/www.azur-scenic.com\/es\/producto\/mosquetones\/\",\"url\":\"https:\/\/www.azur-scenic.com\/es\/producto\/mosquetones\/\",\"name\":\"Mosquetones - Azur Scenic\",\"isPartOf\":{\"@id\":\"https:\/\/www.azur-scenic.com\/es\/#website\"},\"primaryImageOfPage\":{\"@id\":\"https:\/\/www.azur-scenic.com\/es\/producto\/mosquetones\/#primaryimage\"},\"image\":{\"@id\":\"https:\/\/www.azur-scenic.com\/es\/producto\/mosquetones\/#primaryimage\"},\"thumbnailUrl\":\"https:\/\/www.azur-scenic.com\/wp-content\/uploads\/b52d9257722730b04bad8f3510f72599.jpg\",\"datePublished\":\"2022-10-04T07:28:01+00:00\",\"dateModified\":\"2023-08-02T13:18:18+00:00\",\"description\":\"Amplia gama de mosquetones de tama\u00f1os y formas variados, especialmente adaptados para colgar cortinas de los rieles. A continuaci\u00f3n se muestran las referencias de los mosquetones mec\u00e1nicos, nuestro best-seller. Presentaci\u00f3n: bolsa de 200 unidades Puede venderse por unidad Colores: Aluminio o Negro Altura: 40 a 60\u00a0mm Breve descripci\u00f3n: Apertura espont\u00e1nea casi imposible Leng\u00fceta con resorte de f\u00e1cil apertura Muy robusto Hay otros modelos de mosquetones por encargo. No dudes en consultarnos.\",\"breadcrumb\":{\"@id\":\"https:\/\/www.azur-scenic.com\/es\/producto\/mosquetones\/#breadcrumb\"},\"inLanguage\":\"es\",\"potentialAction\":[{\"@type\":\"ReadAction\",\"target\":[\"https:\/\/www.azur-scenic.com\/es\/producto\/mosquetones\/\"]}]},{\"@type\":\"ImageObject\",\"inLanguage\":\"es\",\"@id\":\"https:\/\/www.azur-scenic.com\/es\/producto\/mosquetones\/#primaryimage\",\"url\":\"https:\/\/www.azur-scenic.com\/wp-content\/uploads\/b52d9257722730b04bad8f3510f72599.jpg\",\"contentUrl\":\"https:\/\/www.azur-scenic.com\/wp-content\/uploads\/b52d9257722730b04bad8f3510f72599.jpg\",\"width\":2126,\"height\":2126},{\"@type\":\"BreadcrumbList\",\"@id\":\"https:\/\/www.azur-scenic.com\/es\/producto\/mosquetones\/#breadcrumb\",\"itemListElement\":[{\"@type\":\"ListItem\",\"position\":1,\"name\":\"Accueil\",\"item\":\"https:\/\/www.azur-scenic.com\/es\/\"},{\"@type\":\"ListItem\",\"position\":2,\"name\":\"Productos\",\"item\":\"https:\/\/www.azur-scenic.com\/es\/?page_id=21440\"},{\"@type\":\"ListItem\",\"position\":3,\"name\":\"Mosquetones\"}]},{\"@type\":\"WebSite\",\"@id\":\"https:\/\/www.azur-scenic.com\/es\/#website\",\"url\":\"https:\/\/www.azur-scenic.com\/es\/\",\"name\":\"Azur Scenic\",\"description\":\"Sp\u00e9cialiste de l\u2019\u00e9quipement sc\u00e9nique et de la d\u00e9coration int\u00e9rieure et \u00e9v\u00e9nementielle !\",\"publisher\":{\"@id\":\"https:\/\/www.azur-scenic.com\/es\/#organization\"},\"potentialAction\":[{\"@type\":\"SearchAction\",\"target\":{\"@type\":\"EntryPoint\",\"urlTemplate\":\"https:\/\/www.azur-scenic.com\/es\/?s={search_term_string}\"},\"query-input\":{\"@type\":\"PropertyValueSpecification\",\"valueRequired\":true,\"valueName\":\"search_term_string\"}}],\"inLanguage\":\"es\"},{\"@type\":\"Organization\",\"@id\":\"https:\/\/www.azur-scenic.com\/es\/#organization\",\"name\":\"AZUR SCENIC\",\"url\":\"https:\/\/www.azur-scenic.com\/es\/\",\"logo\":{\"@type\":\"ImageObject\",\"inLanguage\":\"es\",\"@id\":\"https:\/\/www.azur-scenic.com\/es\/#\/schema\/logo\/image\/\",\"url\":\"https:\/\/www.azur-scenic.com\/wp-content\/uploads\/2022\/09\/LOGO-AZUR-SCENIC-Fusion-web-236x64-1.jpg\",\"contentUrl\":\"https:\/\/www.azur-scenic.com\/wp-content\/uploads\/2022\/09\/LOGO-AZUR-SCENIC-Fusion-web-236x64-1.jpg\",\"width\":236,\"height\":64,\"caption\":\"AZUR SCENIC\"},\"image\":{\"@id\":\"https:\/\/www.azur-scenic.com\/es\/#\/schema\/logo\/image\/\"},\"sameAs\":[\"https:\/\/www.youtube.com\/channel\/UCPWM2mGPVUt4nYhNlm71WOA\",\"https:\/\/www.linkedin.com\/company\/33237605\/admin\/feed\/posts\/\"]}]}<\/script>\n<!-- \/ Yoast SEO plugin. -->","yoast_head_json":{"title":"Mosquetones - Azur Scenic","description":"Amplia gama de mosquetones de tama\u00f1os y formas variados, especialmente adaptados para colgar cortinas de los rieles. A continuaci\u00f3n se muestran las referencias de los mosquetones mec\u00e1nicos, nuestro best-seller. Presentaci\u00f3n: bolsa de 200 unidades Puede venderse por unidad Colores: Aluminio o Negro Altura: 40 a 60\u00a0mm Breve descripci\u00f3n:  Apertura espont\u00e1nea casi imposible Leng\u00fceta con resorte de f\u00e1cil apertura Muy robusto Hay otros modelos de mosquetones por encargo. No dudes en consultarnos.","robots":{"index":"index","follow":"follow","max-snippet":"max-snippet:-1","max-image-preview":"max-image-preview:large","max-video-preview":"max-video-preview:-1"},"canonical":"https:\/\/www.azur-scenic.com\/es\/producto\/mosquetones\/","og_locale":"es_ES","og_type":"article","og_title":"Mosquetones - Azur Scenic","og_description":"Amplia gama de mosquetones de tama\u00f1os y formas variados, especialmente adaptados para colgar cortinas de los rieles. A continuaci\u00f3n se muestran las referencias de los mosquetones mec\u00e1nicos, nuestro best-seller. Presentaci\u00f3n: bolsa de 200 unidades Puede venderse por unidad Colores: Aluminio o Negro Altura: 40 a 60\u00a0mm Breve descripci\u00f3n:  Apertura espont\u00e1nea casi imposible Leng\u00fceta con resorte de f\u00e1cil apertura Muy robusto Hay otros modelos de mosquetones por encargo. No dudes en consultarnos.","og_url":"https:\/\/www.azur-scenic.com\/es\/producto\/mosquetones\/","og_site_name":"Azur Scenic","article_modified_time":"2023-08-02T13:18:18+00:00","og_image":[{"width":2126,"height":2126,"url":"https:\/\/www.azur-scenic.com\/wp-content\/uploads\/b52d9257722730b04bad8f3510f72599.jpg","type":"image\/jpeg"}],"twitter_card":"summary_large_image","schema":{"@context":"https:\/\/schema.org","@graph":[{"@type":"WebPage","@id":"https:\/\/www.azur-scenic.com\/es\/producto\/mosquetones\/","url":"https:\/\/www.azur-scenic.com\/es\/producto\/mosquetones\/","name":"Mosquetones - Azur Scenic","isPartOf":{"@id":"https:\/\/www.azur-scenic.com\/es\/#website"},"primaryImageOfPage":{"@id":"https:\/\/www.azur-scenic.com\/es\/producto\/mosquetones\/#primaryimage"},"image":{"@id":"https:\/\/www.azur-scenic.com\/es\/producto\/mosquetones\/#primaryimage"},"thumbnailUrl":"https:\/\/www.azur-scenic.com\/wp-content\/uploads\/b52d9257722730b04bad8f3510f72599.jpg","datePublished":"2022-10-04T07:28:01+00:00","dateModified":"2023-08-02T13:18:18+00:00","description":"Amplia gama de mosquetones de tama\u00f1os y formas variados, especialmente adaptados para colgar cortinas de los rieles. A continuaci\u00f3n se muestran las referencias de los mosquetones mec\u00e1nicos, nuestro best-seller. Presentaci\u00f3n: bolsa de 200 unidades Puede venderse por unidad Colores: Aluminio o Negro Altura: 40 a 60\u00a0mm Breve descripci\u00f3n: Apertura espont\u00e1nea casi imposible Leng\u00fceta con resorte de f\u00e1cil apertura Muy robusto Hay otros modelos de mosquetones por encargo. No dudes en consultarnos.","breadcrumb":{"@id":"https:\/\/www.azur-scenic.com\/es\/producto\/mosquetones\/#breadcrumb"},"inLanguage":"es","potentialAction":[{"@type":"ReadAction","target":["https:\/\/www.azur-scenic.com\/es\/producto\/mosquetones\/"]}]},{"@type":"ImageObject","inLanguage":"es","@id":"https:\/\/www.azur-scenic.com\/es\/producto\/mosquetones\/#primaryimage","url":"https:\/\/www.azur-scenic.com\/wp-content\/uploads\/b52d9257722730b04bad8f3510f72599.jpg","contentUrl":"https:\/\/www.azur-scenic.com\/wp-content\/uploads\/b52d9257722730b04bad8f3510f72599.jpg","width":2126,"height":2126},{"@type":"BreadcrumbList","@id":"https:\/\/www.azur-scenic.com\/es\/producto\/mosquetones\/#breadcrumb","itemListElement":[{"@type":"ListItem","position":1,"name":"Accueil","item":"https:\/\/www.azur-scenic.com\/es\/"},{"@type":"ListItem","position":2,"name":"Productos","item":"https:\/\/www.azur-scenic.com\/es\/?page_id=21440"},{"@type":"ListItem","position":3,"name":"Mosquetones"}]},{"@type":"WebSite","@id":"https:\/\/www.azur-scenic.com\/es\/#website","url":"https:\/\/www.azur-scenic.com\/es\/","name":"Azur Scenic","description":"Sp\u00e9cialiste de l\u2019\u00e9quipement sc\u00e9nique et de la d\u00e9coration int\u00e9rieure et \u00e9v\u00e9nementielle !","publisher":{"@id":"https:\/\/www.azur-scenic.com\/es\/#organization"},"potentialAction":[{"@type":"SearchAction","target":{"@type":"EntryPoint","urlTemplate":"https:\/\/www.azur-scenic.com\/es\/?s={search_term_string}"},"query-input":{"@type":"PropertyValueSpecification","valueRequired":true,"valueName":"search_term_string"}}],"inLanguage":"es"},{"@type":"Organization","@id":"https:\/\/www.azur-scenic.com\/es\/#organization","name":"AZUR SCENIC","url":"https:\/\/www.azur-scenic.com\/es\/","logo":{"@type":"ImageObject","inLanguage":"es","@id":"https:\/\/www.azur-scenic.com\/es\/#\/schema\/logo\/image\/","url":"https:\/\/www.azur-scenic.com\/wp-content\/uploads\/2022\/09\/LOGO-AZUR-SCENIC-Fusion-web-236x64-1.jpg","contentUrl":"https:\/\/www.azur-scenic.com\/wp-content\/uploads\/2022\/09\/LOGO-AZUR-SCENIC-Fusion-web-236x64-1.jpg","width":236,"height":64,"caption":"AZUR SCENIC"},"image":{"@id":"https:\/\/www.azur-scenic.com\/es\/#\/schema\/logo\/image\/"},"sameAs":["https:\/\/www.youtube.com\/channel\/UCPWM2mGPVUt4nYhNlm71WOA","https:\/\/www.linkedin.com\/company\/33237605\/admin\/feed\/posts\/"]}]}},"_links":{"self":[{"href":"https:\/\/www.azur-scenic.com\/es\/wp-json\/wp\/v2\/product\/17501","targetHints":{"allow":["GET"]}}],"collection":[{"href":"https:\/\/www.azur-scenic.com\/es\/wp-json\/wp\/v2\/product"}],"about":[{"href":"https:\/\/www.azur-scenic.com\/es\/wp-json\/wp\/v2\/types\/product"}],"wp:featuredmedia":[{"embeddable":true,"href":"https:\/\/www.azur-scenic.com\/es\/wp-json\/wp\/v2\/media\/7997"}],"wp:attachment":[{"href":"https:\/\/www.azur-scenic.com\/es\/wp-json\/wp\/v2\/media?parent=17501"}],"wp:term":[{"taxonomy":"product_brand","embeddable":true,"href":"https:\/\/www.azur-scenic.com\/es\/wp-json\/wp\/v2\/product_brand?post=17501"},{"taxonomy":"product_cat","embeddable":true,"href":"https:\/\/www.azur-scenic.com\/es\/wp-json\/wp\/v2\/product_cat?post=17501"},{"taxonomy":"product_tag","embeddable":true,"href":"https:\/\/www.azur-scenic.com\/es\/wp-json\/wp\/v2\/product_tag?post=17501"}],"curies":[{"name":"wp","href":"https:\/\/api.w.org\/{rel}","templated":true}]}}